{"id":6739,"date":"2025-01-09T19:38:21","date_gmt":"2025-01-09T19:38:21","guid":{"rendered":"https:\/\/nuevo-renacer.com\/?page_id=6739"},"modified":"2025-01-09T20:06:13","modified_gmt":"2025-01-09T20:06:13","slug":"los-peligros-del-esoterismo-moderno","status":"publish","type":"page","link":"https:\/\/nuevo-renacer.com\/en\/los-peligros-del-esoterismo-moderno\/","title":{"rendered":"Los peligros del esoterismo moderno"},"content":{"rendered":"<div class=\"wp-block-uagb-container uagb-block-e2717492 alignfull uagb-is-root-container\"><div class=\"uagb-container-inner-blocks-wrap\">\n<p class=\"has-black-color has-text-color has-link-color has-medium-font-size wp-elements-c690243a72a5b5af796e48080904676c\"><strong>The Dangers of Modern Esotericism \u2013 Part I<\/strong><\/p>\n<\/div><\/div>\n\n\n\n<div class=\"wp-block-uagb-container uagb-block-ccd3a797 alignfull uagb-is-root-container\"><div class=\"uagb-container-inner-blocks-wrap\">\n<figure class=\"wp-block-image size-full is-resized\"><img fetchpriority=\"high\" decoding=\"async\" width=\"626\" height=\"417\" src=\"https:\/\/nuevo-renacer.com\/wp-content\/uploads\/2025\/01\/flache-illustration-des-esoterik-emblems_250484-3172.avif\" alt=\"\" class=\"wp-image-6740\" style=\"width:416px;height:auto\"\/><\/figure>\n<\/div><\/div>\n\n\n\n<div class=\"wp-block-uagb-container uagb-block-ec79e5e5 alignfull uagb-is-root-container\"><div class=\"uagb-container-inner-blocks-wrap\">\n<p class=\"has-black-color has-text-color has-link-color has-small-font-size wp-elements-8feb280c80b08fa4143869abd891fd04\">Dear brothers and sisters,<\/p>\n\n\n\n<p class=\"has-black-color has-text-color has-link-color has-small-font-size wp-elements-86cd4e43939ab34d4d875fb09c1c3abf\">we would like to talk to you about modern esotericism, whose roots are spreading more and more and whose development and rapid spread we view with concern. It may seem harmless to you, but the truth is that modern esotericism is a lying wolf in sheep's clothing, a proliferating cancer in the human psyche. It is the insidious tool of evil, which under the pretense of innocence and love and with sweet lies and false promises, strives to envelop the souls of the ignorant innocents in the dazzling veil of deception. For this blocks these poor souls from seeing the real divine truths and thus makes the road to redemption considerably more difficult. But not only these poor souls are affected by these harmful excesses.<\/p>\n\n\n\n<p class=\"has-black-color has-text-color has-link-color has-small-font-size wp-elements-fda6bae3bfb302d55dd97fcfdd6dcf9d\">The messages of the various currents of modern esotericism are so perfidious in their constant emphasis on light and love and strict denial of the existence of the negative, that the poor souls, in their exacerbated longing for a perfect world in the realm of chaos, believe that they are the chosen \"warriors of light\". In reality, however, they unwittingly become the earthly outstretched arms of the deceitful lower spirits who know how to guide them skilfully. Intoxicated and addicted to the sweet and poisonous potion of the cup of illusions, they cling to their drug from the realm of twilight. But woe to them if the realisation turns bitter and the withdrawal full of pain. And no one can escape this in the long run.<\/p>\n\n\n\n<p class=\"has-black-color has-text-color has-link-color has-small-font-size wp-elements-48d8b59491166cc1c9cd919fa7fdbb6e\">So listen, brothers and sisters, you who are on the true pilgrimage, act wisely. Do not believe without filter every beautiful word that speaks to your mouth and to your longing. Such a message can never come from a virtuous higher spiritual being. Only inferior spirits flatter their victims. Know that the nature of truth is sober, but clear and imbued with logic. To the ignorant and to those who resist it, it is like a bitter medicine which at first grumbles in the stomach, but which after a time settles into the most beautiful balm, which alone heals.<\/p>\n\n\n\n<p class=\"has-black-color has-text-color has-link-color has-small-font-size wp-elements-7b598d8e4144a3210db49ec9661ac335\">Hence our urgent appeal. God gave His children a powerful weapon for battle and protection against deception and fraud: the mind. Do not let it degenerate because of (apparent) holiness. Use it as a sharp sword. Do not think that heaven demands blind faith from you. On the contrary, you must test, experience and understand for yourselves. Only in this way will you recognise and attain salvation.<\/p>\n\n\n\n<p class=\"has-black-color has-text-color has-link-color has-small-font-size wp-elements-2b497fd1bd501c9728e6689ffd7a783d\">In this, dear brothers and sisters, you will recognise the truthfulness of Spiritism, which is distinguished in its uniqueness from all religions and belief systems. Spiritism emphasises the fusion of faith and science. And indeed, Spiritism wants to create knowledge. Therefore, if you strive to be true spiritists and Grail seekers, who love divine truth more than flattering appearances, we advise you to take your cue from the great envoy of Spiritism, Allan Kardec himself. With deep love and trust in our heavenly Father, he humbly accepted the gigantic sacred task entrusted to him of separating the tares from the wheat and the messages of the purer spirits from the swamp of the lying and deceiving spirits.<\/p>\n\n\n\n<p class=\"has-black-color has-text-color has-link-color has-small-font-size wp-elements-2e5f93eb91e87a217909a0c440b09caf\">Follow this example and nothing will stand in the way of your journey home, our spiritual home with God, our Father.<\/p>\n<\/div><\/div>\n\n\n\n<div class=\"wp-block-uagb-container uagb-block-dfce93cb alignfull uagb-is-root-container\"><div class=\"uagb-container-inner-blocks-wrap\"><\/div><\/div>\n\n\n\n<div class=\"wp-block-uagb-container uagb-block-a4dc0e7a alignfull uagb-is-root-container\"><div class=\"uagb-container-inner-blocks-wrap\">\n<p class=\"has-black-color has-text-color has-link-color wp-elements-5fde71f742af771f8f7fe0d7d6b1aef6\"><em>Psychographed by the medium Daniela M.<\/em><\/p>\n<\/div><\/div>\n\n\n\n<div class=\"wp-block-uagb-container uagb-block-8d710895 alignfull uagb-is-root-container\"><div class=\"uagb-container-inner-blocks-wrap\"><\/div><\/div>\n\n\n\n<div class=\"wp-block-uagb-container uagb-block-1dafb94d alignfull uagb-is-root-container\"><div class=\"uagb-container-inner-blocks-wrap\"><\/div><\/div>","protected":false},"excerpt":{"rendered":"<p>Los peligros del esoterismo moderno &#8211; Parte I Queridos hermanos y hermanas, nos gustar\u00eda hablaros del esoterismo moderno, cuyas ra\u00edces se est\u00e1n extendiendo cada vez m\u00e1s y cuyo desarrollo y r\u00e1pida propagaci\u00f3n vemos con preocupaci\u00f3n. Puede parecerles inofensivo, pero la verdad es que el esoterismo moderno es un lobo mentiroso con piel de cordero, un [&hellip;]<\/p>","protected":false},"author":1,"featured_media":0,"parent":0,"menu_order":0,"comment_status":"closed","ping_status":"closed","template":"","meta":{"_uag_custom_page_level_css":"","site-sidebar-layout":"default","site-content-layout":"","ast-site-content-layout":"default","site-content-style":"default","site-sidebar-style":"default","ast-global-header-display":"","ast-banner-title-visibility":"","ast-main-header-display":"","ast-hfb-above-header-display":"","ast-hfb-below-header-display":"","ast-hfb-mobile-header-display":"","site-post-title":"disabled","ast-breadcrumbs-content":"","ast-featured-img":"","footer-sml-layout":"","theme-transparent-header-meta":"","adv-header-id-meta":"","stick-header-meta":"","header-above-stick-meta":"","header-main-stick-meta":"","header-below-stick-meta":"","astra-migrate-meta-layouts":"set","ast-page-background-enabled":"default","ast-page-background-meta":{"desktop":{"background-color":"var(--ast-global-color-4)","background-image":"","background-repeat":"repeat","background-position":"center center","background-size":"auto","background-attachment":"scroll","background-type":"","background-media":"","overlay-type":"","overlay-color":"","overlay-opacity":"","overlay-gradient":""},"tablet":{"background-color":"","background-image":"","background-repeat":"repeat","background-position":"center center","background-size":"auto","background-attachment":"scroll","background-type":"","background-media":"","overlay-type":"","overlay-color":"","overlay-opacity":"","overlay-gradient":""},"mobile":{"background-color":"","background-image":"","background-repeat":"repeat","background-position":"center center","background-size":"auto","background-attachment":"scroll","background-type":"","background-media":"","overlay-type":"","overlay-color":"","overlay-opacity":"","overlay-gradient":""}},"ast-content-background-meta":{"desktop":{"background-color":"var(--ast-global-color-5)","background-image":"","background-repeat":"repeat","background-position":"center center","background-size":"auto","background-attachment":"scroll","background-type":"","background-media":"","overlay-type":"","overlay-color":"","overlay-opacity":"","overlay-gradient":""},"tablet":{"background-color":"var(--ast-global-color-5)","background-image":"","background-repeat":"repeat","background-position":"center center","background-size":"auto","background-attachment":"scroll","background-type":"","background-media":"","overlay-type":"","overlay-color":"","overlay-opacity":"","overlay-gradient":""},"mobile":{"background-color":"var(--ast-global-color-5)","background-image":"","background-repeat":"repeat","background-position":"center center","background-size":"auto","background-attachment":"scroll","background-type":"","background-media":"","overlay-type":"","overlay-color":"","overlay-opacity":"","overlay-gradient":""}},"footnotes":""},"class_list":["post-6739","page","type-page","status-publish","hentry"],"yoast_head":"<!-- This site is optimized with the Yoast SEO Premium plugin v24.2 (Yoast SEO v24.6) - https:\/\/yoast.com\/wordpress\/plugins\/seo\/ -->\n<title>Los peligros del esoterismo moderno - Uni\u00f3n Esp\u00edrita<\/title>\n<meta name=\"robots\" content=\"index, follow, max-snippet:-1, max-image-preview:large, max-video-preview:-1\" \/>\n<link rel=\"canonical\" href=\"https:\/\/nuevo-renacer.com\/en\/los-peligros-del-esoterismo-moderno\/\" \/>\n<meta property=\"og:locale\" content=\"en_GB\" \/>\n<meta property=\"og:type\" content=\"article\" \/>\n<meta property=\"og:title\" content=\"Los peligros del esoterismo moderno\" \/>\n<meta property=\"og:description\" content=\"Los peligros del esoterismo moderno &#8211; Parte I Queridos hermanos y hermanas, nos gustar\u00eda hablaros del esoterismo moderno, cuyas ra\u00edces se est\u00e1n extendiendo cada vez m\u00e1s y cuyo desarrollo y r\u00e1pida propagaci\u00f3n vemos con preocupaci\u00f3n. Puede parecerles inofensivo, pero la verdad es que el esoterismo moderno es un lobo mentiroso con piel de cordero, un [&hellip;]\" \/>\n<meta property=\"og:url\" content=\"https:\/\/nuevo-renacer.com\/en\/los-peligros-del-esoterismo-moderno\/\" \/>\n<meta property=\"og:site_name\" content=\"Uni\u00f3n Esp\u00edrita\" \/>\n<meta property=\"article:publisher\" content=\"https:\/\/www.facebook.com\/groups\/3431398063740829\" \/>\n<meta property=\"article:modified_time\" content=\"2025-01-09T20:06:13+00:00\" \/>\n<meta name=\"twitter:card\" content=\"summary_large_image\" \/>\n<meta name=\"twitter:label1\" content=\"Estimated reading time\" \/>\n\t<meta name=\"twitter:data1\" content=\"3 minutes\" \/>\n<script type=\"application\/ld+json\" class=\"yoast-schema-graph\">{\"@context\":\"https:\/\/schema.org\",\"@graph\":[{\"@type\":\"WebPage\",\"@id\":\"https:\/\/nuevo-renacer.com\/los-peligros-del-esoterismo-moderno\/\",\"url\":\"https:\/\/nuevo-renacer.com\/los-peligros-del-esoterismo-moderno\/\",\"name\":\"Los peligros del esoterismo moderno - Uni\u00f3n Esp\u00edrita\",\"isPartOf\":{\"@id\":\"https:\/\/nuevo-renacer.com\/#website\"},\"primaryImageOfPage\":{\"@id\":\"https:\/\/nuevo-renacer.com\/los-peligros-del-esoterismo-moderno\/#primaryimage\"},\"image\":{\"@id\":\"https:\/\/nuevo-renacer.com\/los-peligros-del-esoterismo-moderno\/#primaryimage\"},\"thumbnailUrl\":\"https:\/\/nuevo-renacer.com\/wp-content\/uploads\/2025\/01\/flache-illustration-des-esoterik-emblems_250484-3172.avif\",\"datePublished\":\"2025-01-09T19:38:21+00:00\",\"dateModified\":\"2025-01-09T20:06:13+00:00\",\"breadcrumb\":{\"@id\":\"https:\/\/nuevo-renacer.com\/los-peligros-del-esoterismo-moderno\/#breadcrumb\"},\"inLanguage\":\"en-GB\",\"potentialAction\":[{\"@type\":\"ReadAction\",\"target\":[\"https:\/\/nuevo-renacer.com\/los-peligros-del-esoterismo-moderno\/\"]}]},{\"@type\":\"ImageObject\",\"inLanguage\":\"en-GB\",\"@id\":\"https:\/\/nuevo-renacer.com\/los-peligros-del-esoterismo-moderno\/#primaryimage\",\"url\":\"https:\/\/nuevo-renacer.com\/wp-content\/uploads\/2025\/01\/flache-illustration-des-esoterik-emblems_250484-3172.avif\",\"contentUrl\":\"https:\/\/nuevo-renacer.com\/wp-content\/uploads\/2025\/01\/flache-illustration-des-esoterik-emblems_250484-3172.avif\"},{\"@type\":\"BreadcrumbList\",\"@id\":\"https:\/\/nuevo-renacer.com\/los-peligros-del-esoterismo-moderno\/#breadcrumb\",\"itemListElement\":[{\"@type\":\"ListItem\",\"position\":1,\"name\":\"Startseite\",\"item\":\"https:\/\/nuevo-renacer.com\/\"},{\"@type\":\"ListItem\",\"position\":2,\"name\":\"Los peligros del esoterismo moderno\"}]},{\"@type\":\"WebSite\",\"@id\":\"https:\/\/nuevo-renacer.com\/#website\",\"url\":\"https:\/\/nuevo-renacer.com\/\",\"name\":\"Uni\u00f3n Esp\u00edrita\",\"description\":\"Nuevo Renacer\",\"publisher\":{\"@id\":\"https:\/\/nuevo-renacer.com\/#organization\"},\"potentialAction\":[{\"@type\":\"SearchAction\",\"target\":{\"@type\":\"EntryPoint\",\"urlTemplate\":\"https:\/\/nuevo-renacer.com\/?s={search_term_string}\"},\"query-input\":{\"@type\":\"PropertyValueSpecification\",\"valueRequired\":true,\"valueName\":\"search_term_string\"}}],\"inLanguage\":\"en-GB\"},{\"@type\":\"Organization\",\"@id\":\"https:\/\/nuevo-renacer.com\/#organization\",\"name\":\"UFEC\",\"url\":\"https:\/\/nuevo-renacer.com\/\",\"logo\":{\"@type\":\"ImageObject\",\"inLanguage\":\"en-GB\",\"@id\":\"https:\/\/nuevo-renacer.com\/#\/schema\/logo\/image\/\",\"url\":\"https:\/\/nuevo-renacer.com\/wp-content\/uploads\/2024\/05\/cropped-LOGO-TERMINADO1-3-3.png\",\"contentUrl\":\"https:\/\/nuevo-renacer.com\/wp-content\/uploads\/2024\/05\/cropped-LOGO-TERMINADO1-3-3.png\",\"width\":512,\"height\":512,\"caption\":\"UFEC\"},\"image\":{\"@id\":\"https:\/\/nuevo-renacer.com\/#\/schema\/logo\/image\/\"},\"sameAs\":[\"https:\/\/www.facebook.com\/groups\/3431398063740829\"]}]}<\/script>\n<!-- \/ Yoast SEO Premium plugin. -->","yoast_head_json":{"title":"Los peligros del esoterismo moderno - Uni\u00f3n Esp\u00edrita","robots":{"index":"index","follow":"follow","max-snippet":"max-snippet:-1","max-image-preview":"max-image-preview:large","max-video-preview":"max-video-preview:-1"},"canonical":"https:\/\/nuevo-renacer.com\/en\/los-peligros-del-esoterismo-moderno\/","og_locale":"en_GB","og_type":"article","og_title":"Los peligros del esoterismo moderno","og_description":"Los peligros del esoterismo moderno &#8211; Parte I Queridos hermanos y hermanas, nos gustar\u00eda hablaros del esoterismo moderno, cuyas ra\u00edces se est\u00e1n extendiendo cada vez m\u00e1s y cuyo desarrollo y r\u00e1pida propagaci\u00f3n vemos con preocupaci\u00f3n. Puede parecerles inofensivo, pero la verdad es que el esoterismo moderno es un lobo mentiroso con piel de cordero, un [&hellip;]","og_url":"https:\/\/nuevo-renacer.com\/en\/los-peligros-del-esoterismo-moderno\/","og_site_name":"Uni\u00f3n Esp\u00edrita","article_publisher":"https:\/\/www.facebook.com\/groups\/3431398063740829","article_modified_time":"2025-01-09T20:06:13+00:00","twitter_card":"summary_large_image","twitter_misc":{"Estimated reading time":"3 minutes"},"schema":{"@context":"https:\/\/schema.org","@graph":[{"@type":"WebPage","@id":"https:\/\/nuevo-renacer.com\/los-peligros-del-esoterismo-moderno\/","url":"https:\/\/nuevo-renacer.com\/los-peligros-del-esoterismo-moderno\/","name":"Los peligros del esoterismo moderno - Uni\u00f3n Esp\u00edrita","isPartOf":{"@id":"https:\/\/nuevo-renacer.com\/#website"},"primaryImageOfPage":{"@id":"https:\/\/nuevo-renacer.com\/los-peligros-del-esoterismo-moderno\/#primaryimage"},"image":{"@id":"https:\/\/nuevo-renacer.com\/los-peligros-del-esoterismo-moderno\/#primaryimage"},"thumbnailUrl":"https:\/\/nuevo-renacer.com\/wp-content\/uploads\/2025\/01\/flache-illustration-des-esoterik-emblems_250484-3172.avif","datePublished":"2025-01-09T19:38:21+00:00","dateModified":"2025-01-09T20:06:13+00:00","breadcrumb":{"@id":"https:\/\/nuevo-renacer.com\/los-peligros-del-esoterismo-moderno\/#breadcrumb"},"inLanguage":"en-GB","potentialAction":[{"@type":"ReadAction","target":["https:\/\/nuevo-renacer.com\/los-peligros-del-esoterismo-moderno\/"]}]},{"@type":"ImageObject","inLanguage":"en-GB","@id":"https:\/\/nuevo-renacer.com\/los-peligros-del-esoterismo-moderno\/#primaryimage","url":"https:\/\/nuevo-renacer.com\/wp-content\/uploads\/2025\/01\/flache-illustration-des-esoterik-emblems_250484-3172.avif","contentUrl":"https:\/\/nuevo-renacer.com\/wp-content\/uploads\/2025\/01\/flache-illustration-des-esoterik-emblems_250484-3172.avif"},{"@type":"BreadcrumbList","@id":"https:\/\/nuevo-renacer.com\/los-peligros-del-esoterismo-moderno\/#breadcrumb","itemListElement":[{"@type":"ListItem","position":1,"name":"Startseite","item":"https:\/\/nuevo-renacer.com\/"},{"@type":"ListItem","position":2,"name":"Los peligros del esoterismo moderno"}]},{"@type":"WebSite","@id":"https:\/\/nuevo-renacer.com\/#website","url":"https:\/\/nuevo-renacer.com\/","name":"Uni\u00f3n Esp\u00edrita","description":"Nuevo Renacer","publisher":{"@id":"https:\/\/nuevo-renacer.com\/#organization"},"potentialAction":[{"@type":"SearchAction","target":{"@type":"EntryPoint","urlTemplate":"https:\/\/nuevo-renacer.com\/?s={search_term_string}"},"query-input":{"@type":"PropertyValueSpecification","valueRequired":true,"valueName":"search_term_string"}}],"inLanguage":"en-GB"},{"@type":"Organization","@id":"https:\/\/nuevo-renacer.com\/#organization","name":"UFEC","url":"https:\/\/nuevo-renacer.com\/","logo":{"@type":"ImageObject","inLanguage":"en-GB","@id":"https:\/\/nuevo-renacer.com\/#\/schema\/logo\/image\/","url":"https:\/\/nuevo-renacer.com\/wp-content\/uploads\/2024\/05\/cropped-LOGO-TERMINADO1-3-3.png","contentUrl":"https:\/\/nuevo-renacer.com\/wp-content\/uploads\/2024\/05\/cropped-LOGO-TERMINADO1-3-3.png","width":512,"height":512,"caption":"UFEC"},"image":{"@id":"https:\/\/nuevo-renacer.com\/#\/schema\/logo\/image\/"},"sameAs":["https:\/\/www.facebook.com\/groups\/3431398063740829"]}]}},"uagb_featured_image_src":{"full":false,"thumbnail":false,"medium":false,"medium_large":false,"large":false,"1536x1536":false,"2048x2048":false,"trp-custom-language-flag":false},"uagb_author_info":{"display_name":"adbv0","author_link":"https:\/\/nuevo-renacer.com\/en\/author\/adbv0\/"},"uagb_comment_info":0,"uagb_excerpt":"Los peligros del esoterismo moderno &#8211; Parte I Queridos hermanos y hermanas, nos gustar\u00eda hablaros del esoterismo moderno, cuyas ra\u00edces se est\u00e1n extendiendo cada vez m\u00e1s y cuyo desarrollo y r\u00e1pida propagaci\u00f3n vemos con preocupaci\u00f3n. Puede parecerles inofensivo, pero la verdad es que el esoterismo moderno es un lobo mentiroso con piel de cordero, un&hellip;","jetpack_sharing_enabled":true,"_links":{"self":[{"href":"https:\/\/nuevo-renacer.com\/en\/wp-json\/wp\/v2\/pages\/6739","targetHints":{"allow":["GET"]}}],"collection":[{"href":"https:\/\/nuevo-renacer.com\/en\/wp-json\/wp\/v2\/pages"}],"about":[{"href":"https:\/\/nuevo-renacer.com\/en\/wp-json\/wp\/v2\/types\/page"}],"author":[{"embeddable":true,"href":"https:\/\/nuevo-renacer.com\/en\/wp-json\/wp\/v2\/users\/1"}],"replies":[{"embeddable":true,"href":"https:\/\/nuevo-renacer.com\/en\/wp-json\/wp\/v2\/comments?post=6739"}],"version-history":[{"count":4,"href":"https:\/\/nuevo-renacer.com\/en\/wp-json\/wp\/v2\/pages\/6739\/revisions"}],"predecessor-version":[{"id":6746,"href":"https:\/\/nuevo-renacer.com\/en\/wp-json\/wp\/v2\/pages\/6739\/revisions\/6746"}],"wp:attachment":[{"href":"https:\/\/nuevo-renacer.com\/en\/wp-json\/wp\/v2\/media?parent=6739"}],"curies":[{"name":"wp","href":"https:\/\/api.w.org\/{rel}","templated":true}]}}