{"id":6725,"date":"2025-01-09T10:18:48","date_gmt":"2025-01-09T10:18:48","guid":{"rendered":"https:\/\/nuevo-renacer.com\/?page_id=6725"},"modified":"2025-01-09T10:51:28","modified_gmt":"2025-01-09T10:51:28","slug":"catalina-de-genova","status":"publish","type":"page","link":"https:\/\/nuevo-renacer.com\/en\/catalina-de-genova\/","title":{"rendered":"Saint Catherine of Genoa"},"content":{"rendered":"<div class=\"wp-block-uagb-container uagb-block-32f33607 alignfull uagb-is-root-container\"><div class=\"uagb-container-inner-blocks-wrap\">\n<p class=\"has-black-color has-text-color has-link-color has-medium-font-size wp-elements-0b737c8145413f3287d97c3f742b9264\"><strong>Saint Catherine of Genoa<\/strong><\/p>\n<\/div><\/div>\n\n\n\n<div class=\"wp-block-uagb-container uagb-block-8c2489c6 alignfull uagb-is-root-container\"><div class=\"uagb-container-inner-blocks-wrap\">\n<figure class=\"wp-block-image size-large is-resized\"><img fetchpriority=\"high\" decoding=\"async\" width=\"506\" height=\"1024\" src=\"https:\/\/nuevo-renacer.com\/wp-content\/uploads\/2025\/01\/katharina-von-genua1218852-506x1024.jpg\" alt=\"\" class=\"wp-image-6726\" style=\"width:224px;height:auto\" srcset=\"https:\/\/nuevo-renacer.com\/wp-content\/uploads\/2025\/01\/katharina-von-genua1218852-506x1024.jpg 506w, https:\/\/nuevo-renacer.com\/wp-content\/uploads\/2025\/01\/katharina-von-genua1218852-148x300.jpg 148w, https:\/\/nuevo-renacer.com\/wp-content\/uploads\/2025\/01\/katharina-von-genua1218852-6x12.jpg 6w, https:\/\/nuevo-renacer.com\/wp-content\/uploads\/2025\/01\/katharina-von-genua1218852.jpg 564w\" sizes=\"(max-width: 506px) 100vw, 506px\" \/><\/figure>\n<\/div><\/div>\n\n\n\n<div class=\"wp-block-uagb-container uagb-block-32a47420 alignfull uagb-is-root-container\"><div class=\"uagb-container-inner-blocks-wrap\">\n<p class=\"has-black-color has-text-color has-link-color has-small-font-size wp-elements-b7ec01ef1eff2f9e7e4aeb2fce0c3189\">Catherine was the daughter of the noble family Fieschi, from which also the two popes Innocent IV. and Hadrian V, whose palace is in the church of the family Santa Maria in Via Lata; his father was viceroy of Naples. At 16 she was forcibly married to the Genoese nobleman Giuliano Adorno. After ten years of bad marriage, during which he often closed in prayer and lived also sometimes outside in pleasures, he visited his sister in a Franciscan convent. There in 1474 he met the first illumination and appearance of the crucified Christ; he now lived in chastity and asceticism, moved to a house near the old hospital of Pammatone - which was on the site of the current palace of justice - in Genoa, was flogged, took care of the poor and sick, and in 1479 joined the Franciscan order as a tertiary. from his house became in 1488 a Franciscan monastery with the church Santissima Annunziata di Portoria - today also named after her as the church of Santa Caterina.<\/p>\n\n\n\n<p class=\"has-black-color has-text-color has-link-color has-small-font-size wp-elements-79aed947bbb77d42e3f75664ffc6220a\">Catherine took care of the sick in the old Pammatone hospital, where she was head of the women\u2019s department in 1489. During two epidemics of the plague, he worked tirelessly for the sick and dying. Under his influence, the Communion of Divine Love became a nursing community. She punishes herself, during Lent she feeds only on communion, and receives mystical gifts.<\/p>\n\n\n\n<div class=\"wp-block-uagb-container uagb-block-d78f296c\">\n<figure class=\"wp-block-image size-large is-resized\"><img decoding=\"async\" width=\"536\" height=\"1024\" src=\"https:\/\/nuevo-renacer.com\/wp-content\/uploads\/2025\/01\/Katharina_von_Genua3-536x1024.jpg\" alt=\"\" class=\"wp-image-6727\" style=\"width:216px;height:auto\" srcset=\"https:\/\/nuevo-renacer.com\/wp-content\/uploads\/2025\/01\/Katharina_von_Genua3-536x1024.jpg 536w, https:\/\/nuevo-renacer.com\/wp-content\/uploads\/2025\/01\/Katharina_von_Genua3-157x300.jpg 157w, https:\/\/nuevo-renacer.com\/wp-content\/uploads\/2025\/01\/Katharina_von_Genua3-768x1466.jpg 768w, https:\/\/nuevo-renacer.com\/wp-content\/uploads\/2025\/01\/Katharina_von_Genua3-804x1536.jpg 804w, https:\/\/nuevo-renacer.com\/wp-content\/uploads\/2025\/01\/Katharina_von_Genua3-6x12.jpg 6w, https:\/\/nuevo-renacer.com\/wp-content\/uploads\/2025\/01\/Katharina_von_Genua3.jpg 838w\" sizes=\"(max-width: 536px) 100vw, 536px\" \/><figcaption class=\"wp-element-caption\">Entrance to the church of Santissima Annunziata di Portoria in Genoa, now run by the Capuchins<\/figcaption><\/figure>\n<\/div>\n\n\n\n<p class=\"has-black-color has-text-color has-link-color has-small-font-size wp-elements-d4dcbf1f4721cbed69544f9405d047da\">After losing all her possessions, her husband followed Catherine\u2019s example in the last years of his life and joined the Franciscan order until his death in 1497. Now the spiritual guide of Catherine began to record her life history and her spiritual experiences and teachings: in 1551 appeared this Book of the Vita mirabile e dottrina santa di S.Caterina Fieschi, the book of the wonderful life and sacred teachings of Saint Catherine Fieschi. His revelations are contained in the two books Dialogue of Divine Love, Dialogue of Divine Love, and Treatise on Purgatory. Purgatory is for them a place of suffering, but the souls are there full of joy because they know that they are guided by God, therefore, the pain intensifies, but also the joy, the closer the moment of their redemption.<\/p>\n\n\n\n<div class=\"wp-block-uagb-container uagb-block-d519fd66\">\n<figure class=\"wp-block-image size-large is-resized\"><img decoding=\"async\" width=\"572\" height=\"1024\" src=\"https:\/\/nuevo-renacer.com\/wp-content\/uploads\/2025\/01\/Katharina_von_Genua2-572x1024.jpg\" alt=\"\" class=\"wp-image-6728\" style=\"width:216px\" srcset=\"https:\/\/nuevo-renacer.com\/wp-content\/uploads\/2025\/01\/Katharina_von_Genua2-572x1024.jpg 572w, https:\/\/nuevo-renacer.com\/wp-content\/uploads\/2025\/01\/Katharina_von_Genua2-167x300.jpg 167w, https:\/\/nuevo-renacer.com\/wp-content\/uploads\/2025\/01\/Katharina_von_Genua2-768x1376.jpg 768w, https:\/\/nuevo-renacer.com\/wp-content\/uploads\/2025\/01\/Katharina_von_Genua2-857x1536.jpg 857w, https:\/\/nuevo-renacer.com\/wp-content\/uploads\/2025\/01\/Katharina_von_Genua2-7x12.jpg 7w, https:\/\/nuevo-renacer.com\/wp-content\/uploads\/2025\/01\/Katharina_von_Genua2.jpg 893w\" sizes=\"(max-width: 572px) 100vw, 572px\" \/><figcaption class=\"wp-element-caption\">Catherine relieves the pain of poor souls in purgatory, image in the Basilica of the Addorata in Acqui Terme<\/figcaption><\/figure>\n<\/div>\n\n\n\n<p class=\"has-black-color has-text-color has-link-color has-small-font-size wp-elements-5e89415a2998d57cbbf5cac32c818fb3\">Catherine was buried in the church of the Santissima Anunciaci\u00f3n in Portoria, Genoa.<\/p>\n\n\n\n<div class=\"wp-block-uagb-container uagb-block-19f4d764\">\n<figure class=\"wp-block-image size-large is-resized\"><img loading=\"lazy\" decoding=\"async\" width=\"1024\" height=\"489\" src=\"https:\/\/nuevo-renacer.com\/wp-content\/uploads\/2025\/01\/Katharina_von_Genua4-1024x489.jpg\" alt=\"\" class=\"wp-image-6729\" style=\"width:520px;height:auto\" srcset=\"https:\/\/nuevo-renacer.com\/wp-content\/uploads\/2025\/01\/Katharina_von_Genua4-1024x489.jpg 1024w, https:\/\/nuevo-renacer.com\/wp-content\/uploads\/2025\/01\/Katharina_von_Genua4-300x143.jpg 300w, https:\/\/nuevo-renacer.com\/wp-content\/uploads\/2025\/01\/Katharina_von_Genua4-768x367.jpg 768w, https:\/\/nuevo-renacer.com\/wp-content\/uploads\/2025\/01\/Katharina_von_Genua4-1536x733.jpg 1536w, https:\/\/nuevo-renacer.com\/wp-content\/uploads\/2025\/01\/Katharina_von_Genua4-2048x978.jpg 2048w, https:\/\/nuevo-renacer.com\/wp-content\/uploads\/2025\/01\/Katharina_von_Genua4-18x9.jpg 18w\" sizes=\"(max-width: 1024px) 100vw, 1024px\" \/><figcaption class=\"wp-element-caption\"> Sarcophagus of Catherine in the church of the Blessed Annunciation of Portoria<\/figcaption><\/figure>\n<\/div>\n\n\n\n<p class=\"has-black-color has-text-color has-link-color has-small-font-size wp-elements-51af9111cdf6de49494797b35b4b187b\"><strong>Canonization:<\/strong> Catherine was beatified on 6 April 1675 by Pope Clement X and on 16 June 1737 by Pope Clement XII. In 1944, Pope Pius XII named her second patron of Italian hospitals. In 2004 it was reported that Catalina might be named as the fourth woman in history and the first married woman to become a church teacher.<\/p>\n\n\n\n<p class=\"has-black-color has-text-color has-link-color has-medium-font-size wp-elements-7b230a436403c9ccaa2ec51df0091aa8\"><strong>Words of the saint<\/strong><\/p>\n\n\n\n<p class=\"has-black-color has-text-color has-link-color has-small-font-size wp-elements-9fd11401b2479982eba728daf9a4b08a\"><em>The three ways of human love for God:<\/em><\/p>\n\n\n\n<p class=\"has-black-color has-text-color has-link-color has-small-font-size wp-elements-71042c8c5488b65f8ba611009a6887f9\">\"It is said that works are done for love, when man does everything he does for the sake of God, for that love that is given to him by God with the desire to make salvation for himself and his neighbor. In this first stage of love, God makes man perform many and different useful and necessary works, with a feeling of pious affection and merciful benevolence.<\/p>\n\n\n\n<p class=\"has-black-color has-text-color has-link-color has-small-font-size wp-elements-f10b9c25b2d573a4e8b60d80ed9b562d\">The works of the second state of love are done in God. They are those works that are done without taking into account the benefit of oneself or neighbor, but which remain in God without any other purpose of who has performed them. [And because of the habit that man has acquired of doing good, he remains in work, though God has deprived him of his own part, which before helped him and pleased him. For this reason, such a work is more perfect than the first works, because man in the first stage had many purposes that satisfied body and soul. The satisfaction of one\u2019s own good works is taken away. ]<\/p>\n\n\n\n<p class=\"has-black-color has-text-color has-link-color has-small-font-size wp-elements-2c9f1165cfa16e3c20f79ee926d0bff0\">Works done by love are, in the end, more perfect than those of the other two types, because they are done without the participation of man. Love has overcome and conquered man in such a way that, so to speak, he has sunk into the sea of love without knowing where it is. He is completely destroyed in himself and is not able to do anything; in this case, it is love that does its work in man. Its effects are works of perfection, because they are carried out without the action of man. They are works of grace that God accepts all. This sweet and pure love has taken man and has completely attracted him within himself, totally freeing him from his being. She has possessed him completely. [He acts continually in and through this person, only for his benefit and benefit, without himself interfering. ]\"<\/p>\n<\/div><\/div>\n\n\n\n<div class=\"wp-block-uagb-container uagb-block-2d1f7e79 alignfull uagb-is-root-container\"><div class=\"uagb-container-inner-blocks-wrap\"><\/div><\/div>\n\n\n\n<div class=\"wp-block-uagb-container uagb-block-449a5fcf alignfull uagb-is-root-container\"><div class=\"uagb-container-inner-blocks-wrap\"><\/div><\/div>","protected":false},"excerpt":{"rendered":"<p>Catalina de G\u00e9nova Catalina era hija de la noble familia Fieschi, de la que tambi\u00e9n los dos papas Inocencio IV. y Adriano V, cuyo palacio se encuentra en la iglesia de la familia Santa Mar\u00eda en Via Lata; su padre era virrey de N\u00e1poles. A los 16 a\u00f1os se cas\u00f3 por la fuerza con el [&hellip;]<\/p>","protected":false},"author":1,"featured_media":0,"parent":0,"menu_order":0,"comment_status":"closed","ping_status":"closed","template":"","meta":{"_uag_custom_page_level_css":"","site-sidebar-layout":"default","site-content-layout":"","ast-site-content-layout":"default","site-content-style":"default","site-sidebar-style":"default","ast-global-header-display":"","ast-banner-title-visibility":"","ast-main-header-display":"","ast-hfb-above-header-display":"","ast-hfb-below-header-display":"","ast-hfb-mobile-header-display":"","site-post-title":"disabled","ast-breadcrumbs-content":"","ast-featured-img":"","footer-sml-layout":"","theme-transparent-header-meta":"","adv-header-id-meta":"","stick-header-meta":"","header-above-stick-meta":"","header-main-stick-meta":"","header-below-stick-meta":"","astra-migrate-meta-layouts":"set","ast-page-background-enabled":"default","ast-page-background-meta":{"desktop":{"background-color":"var(--ast-global-color-4)","background-image":"","background-repeat":"repeat","background-position":"center center","background-size":"auto","background-attachment":"scroll","background-type":"","background-media":"","overlay-type":"","overlay-color":"","overlay-opacity":"","overlay-gradient":""},"tablet":{"background-color":"","background-image":"","background-repeat":"repeat","background-position":"center center","background-size":"auto","background-attachment":"scroll","background-type":"","background-media":"","overlay-type":"","overlay-color":"","overlay-opacity":"","overlay-gradient":""},"mobile":{"background-color":"","background-image":"","background-repeat":"repeat","background-position":"center center","background-size":"auto","background-attachment":"scroll","background-type":"","background-media":"","overlay-type":"","overlay-color":"","overlay-opacity":"","overlay-gradient":""}},"ast-content-background-meta":{"desktop":{"background-color":"var(--ast-global-color-5)","background-image":"","background-repeat":"repeat","background-position":"center center","background-size":"auto","background-attachment":"scroll","background-type":"","background-media":"","overlay-type":"","overlay-color":"","overlay-opacity":"","overlay-gradient":""},"tablet":{"background-color":"var(--ast-global-color-5)","background-image":"","background-repeat":"repeat","background-position":"center center","background-size":"auto","background-attachment":"scroll","background-type":"","background-media":"","overlay-type":"","overlay-color":"","overlay-opacity":"","overlay-gradient":""},"mobile":{"background-color":"var(--ast-global-color-5)","background-image":"","background-repeat":"repeat","background-position":"center center","background-size":"auto","background-attachment":"scroll","background-type":"","background-media":"","overlay-type":"","overlay-color":"","overlay-opacity":"","overlay-gradient":""}},"footnotes":""},"class_list":["post-6725","page","type-page","status-publish","hentry"],"yoast_head":"<!-- This site is optimized with the Yoast SEO Premium plugin v24.2 (Yoast SEO v24.6) - https:\/\/yoast.com\/wordpress\/plugins\/seo\/ -->\n<title>Catalina de G\u00e9nova - Uni\u00f3n Esp\u00edrita<\/title>\n<meta name=\"robots\" content=\"index, follow, max-snippet:-1, max-image-preview:large, max-video-preview:-1\" \/>\n<link rel=\"canonical\" href=\"https:\/\/nuevo-renacer.com\/en\/catalina-de-genova\/\" \/>\n<meta property=\"og:locale\" content=\"en_GB\" \/>\n<meta property=\"og:type\" content=\"article\" \/>\n<meta property=\"og:title\" content=\"Catalina de G\u00e9nova\" \/>\n<meta property=\"og:description\" content=\"Catalina de G\u00e9nova Catalina era hija de la noble familia Fieschi, de la que tambi\u00e9n los dos papas Inocencio IV. y Adriano V, cuyo palacio se encuentra en la iglesia de la familia Santa Mar\u00eda en Via Lata; su padre era virrey de N\u00e1poles. A los 16 a\u00f1os se cas\u00f3 por la fuerza con el [&hellip;]\" \/>\n<meta property=\"og:url\" content=\"https:\/\/nuevo-renacer.com\/en\/catalina-de-genova\/\" \/>\n<meta property=\"og:site_name\" content=\"Uni\u00f3n Esp\u00edrita\" \/>\n<meta property=\"article:publisher\" content=\"https:\/\/www.facebook.com\/groups\/3431398063740829\" \/>\n<meta property=\"article:modified_time\" content=\"2025-01-09T10:51:28+00:00\" \/>\n<meta property=\"og:image\" content=\"https:\/\/nuevo-renacer.com\/wp-content\/uploads\/2025\/01\/katharina-von-genua1218852.jpg\" \/>\n\t<meta property=\"og:image:width\" content=\"564\" \/>\n\t<meta property=\"og:image:height\" content=\"1141\" \/>\n\t<meta property=\"og:image:type\" content=\"image\/jpeg\" \/>\n<meta name=\"twitter:card\" content=\"summary_large_image\" \/>\n<meta name=\"twitter:label1\" content=\"Estimated reading time\" \/>\n\t<meta name=\"twitter:data1\" content=\"5 minutes\" \/>\n<script type=\"application\/ld+json\" class=\"yoast-schema-graph\">{\"@context\":\"https:\/\/schema.org\",\"@graph\":[{\"@type\":\"WebPage\",\"@id\":\"https:\/\/nuevo-renacer.com\/catalina-de-genova\/\",\"url\":\"https:\/\/nuevo-renacer.com\/catalina-de-genova\/\",\"name\":\"Catalina de G\u00e9nova - Uni\u00f3n Esp\u00edrita\",\"isPartOf\":{\"@id\":\"https:\/\/nuevo-renacer.com\/#website\"},\"primaryImageOfPage\":{\"@id\":\"https:\/\/nuevo-renacer.com\/catalina-de-genova\/#primaryimage\"},\"image\":{\"@id\":\"https:\/\/nuevo-renacer.com\/catalina-de-genova\/#primaryimage\"},\"thumbnailUrl\":\"https:\/\/nuevo-renacer.com\/wp-content\/uploads\/2025\/01\/katharina-von-genua1218852-506x1024.jpg\",\"datePublished\":\"2025-01-09T10:18:48+00:00\",\"dateModified\":\"2025-01-09T10:51:28+00:00\",\"breadcrumb\":{\"@id\":\"https:\/\/nuevo-renacer.com\/catalina-de-genova\/#breadcrumb\"},\"inLanguage\":\"en-GB\",\"potentialAction\":[{\"@type\":\"ReadAction\",\"target\":[\"https:\/\/nuevo-renacer.com\/catalina-de-genova\/\"]}]},{\"@type\":\"ImageObject\",\"inLanguage\":\"en-GB\",\"@id\":\"https:\/\/nuevo-renacer.com\/catalina-de-genova\/#primaryimage\",\"url\":\"https:\/\/nuevo-renacer.com\/wp-content\/uploads\/2025\/01\/katharina-von-genua1218852-506x1024.jpg\",\"contentUrl\":\"https:\/\/nuevo-renacer.com\/wp-content\/uploads\/2025\/01\/katharina-von-genua1218852-506x1024.jpg\"},{\"@type\":\"BreadcrumbList\",\"@id\":\"https:\/\/nuevo-renacer.com\/catalina-de-genova\/#breadcrumb\",\"itemListElement\":[{\"@type\":\"ListItem\",\"position\":1,\"name\":\"Startseite\",\"item\":\"https:\/\/nuevo-renacer.com\/\"},{\"@type\":\"ListItem\",\"position\":2,\"name\":\"Catalina de G\u00e9nova\"}]},{\"@type\":\"WebSite\",\"@id\":\"https:\/\/nuevo-renacer.com\/#website\",\"url\":\"https:\/\/nuevo-renacer.com\/\",\"name\":\"Uni\u00f3n Esp\u00edrita\",\"description\":\"Nuevo Renacer\",\"publisher\":{\"@id\":\"https:\/\/nuevo-renacer.com\/#organization\"},\"potentialAction\":[{\"@type\":\"SearchAction\",\"target\":{\"@type\":\"EntryPoint\",\"urlTemplate\":\"https:\/\/nuevo-renacer.com\/?s={search_term_string}\"},\"query-input\":{\"@type\":\"PropertyValueSpecification\",\"valueRequired\":true,\"valueName\":\"search_term_string\"}}],\"inLanguage\":\"en-GB\"},{\"@type\":\"Organization\",\"@id\":\"https:\/\/nuevo-renacer.com\/#organization\",\"name\":\"UFEC\",\"url\":\"https:\/\/nuevo-renacer.com\/\",\"logo\":{\"@type\":\"ImageObject\",\"inLanguage\":\"en-GB\",\"@id\":\"https:\/\/nuevo-renacer.com\/#\/schema\/logo\/image\/\",\"url\":\"https:\/\/nuevo-renacer.com\/wp-content\/uploads\/2024\/05\/cropped-LOGO-TERMINADO1-3-3.png\",\"contentUrl\":\"https:\/\/nuevo-renacer.com\/wp-content\/uploads\/2024\/05\/cropped-LOGO-TERMINADO1-3-3.png\",\"width\":512,\"height\":512,\"caption\":\"UFEC\"},\"image\":{\"@id\":\"https:\/\/nuevo-renacer.com\/#\/schema\/logo\/image\/\"},\"sameAs\":[\"https:\/\/www.facebook.com\/groups\/3431398063740829\"]}]}<\/script>\n<!-- \/ Yoast SEO Premium plugin. -->","yoast_head_json":{"title":"Catalina de G\u00e9nova - Uni\u00f3n Esp\u00edrita","robots":{"index":"index","follow":"follow","max-snippet":"max-snippet:-1","max-image-preview":"max-image-preview:large","max-video-preview":"max-video-preview:-1"},"canonical":"https:\/\/nuevo-renacer.com\/en\/catalina-de-genova\/","og_locale":"en_GB","og_type":"article","og_title":"Catalina de G\u00e9nova","og_description":"Catalina de G\u00e9nova Catalina era hija de la noble familia Fieschi, de la que tambi\u00e9n los dos papas Inocencio IV. y Adriano V, cuyo palacio se encuentra en la iglesia de la familia Santa Mar\u00eda en Via Lata; su padre era virrey de N\u00e1poles. A los 16 a\u00f1os se cas\u00f3 por la fuerza con el [&hellip;]","og_url":"https:\/\/nuevo-renacer.com\/en\/catalina-de-genova\/","og_site_name":"Uni\u00f3n Esp\u00edrita","article_publisher":"https:\/\/www.facebook.com\/groups\/3431398063740829","article_modified_time":"2025-01-09T10:51:28+00:00","og_image":[{"width":564,"height":1141,"url":"https:\/\/nuevo-renacer.com\/wp-content\/uploads\/2025\/01\/katharina-von-genua1218852.jpg","type":"image\/jpeg"}],"twitter_card":"summary_large_image","twitter_misc":{"Estimated reading time":"5 minutes"},"schema":{"@context":"https:\/\/schema.org","@graph":[{"@type":"WebPage","@id":"https:\/\/nuevo-renacer.com\/catalina-de-genova\/","url":"https:\/\/nuevo-renacer.com\/catalina-de-genova\/","name":"Catalina de G\u00e9nova - Uni\u00f3n Esp\u00edrita","isPartOf":{"@id":"https:\/\/nuevo-renacer.com\/#website"},"primaryImageOfPage":{"@id":"https:\/\/nuevo-renacer.com\/catalina-de-genova\/#primaryimage"},"image":{"@id":"https:\/\/nuevo-renacer.com\/catalina-de-genova\/#primaryimage"},"thumbnailUrl":"https:\/\/nuevo-renacer.com\/wp-content\/uploads\/2025\/01\/katharina-von-genua1218852-506x1024.jpg","datePublished":"2025-01-09T10:18:48+00:00","dateModified":"2025-01-09T10:51:28+00:00","breadcrumb":{"@id":"https:\/\/nuevo-renacer.com\/catalina-de-genova\/#breadcrumb"},"inLanguage":"en-GB","potentialAction":[{"@type":"ReadAction","target":["https:\/\/nuevo-renacer.com\/catalina-de-genova\/"]}]},{"@type":"ImageObject","inLanguage":"en-GB","@id":"https:\/\/nuevo-renacer.com\/catalina-de-genova\/#primaryimage","url":"https:\/\/nuevo-renacer.com\/wp-content\/uploads\/2025\/01\/katharina-von-genua1218852-506x1024.jpg","contentUrl":"https:\/\/nuevo-renacer.com\/wp-content\/uploads\/2025\/01\/katharina-von-genua1218852-506x1024.jpg"},{"@type":"BreadcrumbList","@id":"https:\/\/nuevo-renacer.com\/catalina-de-genova\/#breadcrumb","itemListElement":[{"@type":"ListItem","position":1,"name":"Startseite","item":"https:\/\/nuevo-renacer.com\/"},{"@type":"ListItem","position":2,"name":"Catalina de G\u00e9nova"}]},{"@type":"WebSite","@id":"https:\/\/nuevo-renacer.com\/#website","url":"https:\/\/nuevo-renacer.com\/","name":"Uni\u00f3n Esp\u00edrita","description":"Nuevo Renacer","publisher":{"@id":"https:\/\/nuevo-renacer.com\/#organization"},"potentialAction":[{"@type":"SearchAction","target":{"@type":"EntryPoint","urlTemplate":"https:\/\/nuevo-renacer.com\/?s={search_term_string}"},"query-input":{"@type":"PropertyValueSpecification","valueRequired":true,"valueName":"search_term_string"}}],"inLanguage":"en-GB"},{"@type":"Organization","@id":"https:\/\/nuevo-renacer.com\/#organization","name":"UFEC","url":"https:\/\/nuevo-renacer.com\/","logo":{"@type":"ImageObject","inLanguage":"en-GB","@id":"https:\/\/nuevo-renacer.com\/#\/schema\/logo\/image\/","url":"https:\/\/nuevo-renacer.com\/wp-content\/uploads\/2024\/05\/cropped-LOGO-TERMINADO1-3-3.png","contentUrl":"https:\/\/nuevo-renacer.com\/wp-content\/uploads\/2024\/05\/cropped-LOGO-TERMINADO1-3-3.png","width":512,"height":512,"caption":"UFEC"},"image":{"@id":"https:\/\/nuevo-renacer.com\/#\/schema\/logo\/image\/"},"sameAs":["https:\/\/www.facebook.com\/groups\/3431398063740829"]}]}},"uagb_featured_image_src":{"full":false,"thumbnail":false,"medium":false,"medium_large":false,"large":false,"1536x1536":false,"2048x2048":false,"trp-custom-language-flag":false},"uagb_author_info":{"display_name":"adbv0","author_link":"https:\/\/nuevo-renacer.com\/en\/author\/adbv0\/"},"uagb_comment_info":0,"uagb_excerpt":"Catalina de G\u00e9nova Catalina era hija de la noble familia Fieschi, de la que tambi\u00e9n los dos papas Inocencio IV. y Adriano V, cuyo palacio se encuentra en la iglesia de la familia Santa Mar\u00eda en Via Lata; su padre era virrey de N\u00e1poles. A los 16 a\u00f1os se cas\u00f3 por la fuerza con el&hellip;","jetpack_sharing_enabled":true,"_links":{"self":[{"href":"https:\/\/nuevo-renacer.com\/en\/wp-json\/wp\/v2\/pages\/6725","targetHints":{"allow":["GET"]}}],"collection":[{"href":"https:\/\/nuevo-renacer.com\/en\/wp-json\/wp\/v2\/pages"}],"about":[{"href":"https:\/\/nuevo-renacer.com\/en\/wp-json\/wp\/v2\/types\/page"}],"author":[{"embeddable":true,"href":"https:\/\/nuevo-renacer.com\/en\/wp-json\/wp\/v2\/users\/1"}],"replies":[{"embeddable":true,"href":"https:\/\/nuevo-renacer.com\/en\/wp-json\/wp\/v2\/comments?post=6725"}],"version-history":[{"count":1,"href":"https:\/\/nuevo-renacer.com\/en\/wp-json\/wp\/v2\/pages\/6725\/revisions"}],"predecessor-version":[{"id":6730,"href":"https:\/\/nuevo-renacer.com\/en\/wp-json\/wp\/v2\/pages\/6725\/revisions\/6730"}],"wp:attachment":[{"href":"https:\/\/nuevo-renacer.com\/en\/wp-json\/wp\/v2\/media?parent=6725"}],"curies":[{"name":"wp","href":"https:\/\/api.w.org\/{rel}","templated":true}]}}