{"id":6711,"date":"2025-01-08T11:58:23","date_gmt":"2025-01-08T11:58:23","guid":{"rendered":"https:\/\/nuevo-renacer.com\/?page_id=6711"},"modified":"2025-01-08T12:13:50","modified_gmt":"2025-01-08T12:13:50","slug":"rene-descartes","status":"publish","type":"page","link":"https:\/\/nuevo-renacer.com\/en\/rene-descartes\/","title":{"rendered":"Ren\u00e9 Descartes"},"content":{"rendered":"<div class=\"wp-block-uagb-container uagb-block-d7877df0 alignfull uagb-is-root-container\"><div class=\"uagb-container-inner-blocks-wrap\">\n<p class=\"has-black-color has-text-color has-link-color has-medium-font-size wp-elements-265e4791bb8613e405824eaf32bcfbcc\"><strong>Ren\u00e9 Descartes<\/strong><\/p>\n<\/div><\/div>\n\n\n\n<div class=\"wp-block-uagb-container uagb-block-e00c9128 alignfull uagb-is-root-container\"><div class=\"uagb-container-inner-blocks-wrap\">\n<figure class=\"wp-block-image size-full is-resized\"><img fetchpriority=\"high\" decoding=\"async\" width=\"800\" height=\"676\" src=\"https:\/\/nuevo-renacer.com\/wp-content\/uploads\/2025\/01\/800px-Frans_Hals_-_Portret_van_Rene_Descartes-1.jpg\" alt=\"\" class=\"wp-image-6716\" style=\"width:266px;height:auto\" srcset=\"https:\/\/nuevo-renacer.com\/wp-content\/uploads\/2025\/01\/800px-Frans_Hals_-_Portret_van_Rene_Descartes-1.jpg 800w, https:\/\/nuevo-renacer.com\/wp-content\/uploads\/2025\/01\/800px-Frans_Hals_-_Portret_van_Rene_Descartes-1-300x254.jpg 300w, https:\/\/nuevo-renacer.com\/wp-content\/uploads\/2025\/01\/800px-Frans_Hals_-_Portret_van_Rene_Descartes-1-768x649.jpg 768w, https:\/\/nuevo-renacer.com\/wp-content\/uploads\/2025\/01\/800px-Frans_Hals_-_Portret_van_Rene_Descartes-1-14x12.jpg 14w\" sizes=\"(max-width: 800px) 100vw, 800px\" \/><\/figure>\n<\/div><\/div>\n\n\n\n<div class=\"wp-block-uagb-container uagb-block-3133412b alignfull uagb-is-root-container\"><div class=\"uagb-container-inner-blocks-wrap\">\n<p class=\"has-black-color has-text-color has-link-color has-small-font-size wp-elements-d4121c611cac6fb6779a48305c6ef92a\">Ren\u00e9 Descartes (1596 - 1650) is rightly called the \u00abFather of Modern Philosophy\u00bb. He was the first European philosopher after the Middle Ages to place the epistemological problem (of knowledge) in its true perspective, anticipating the whole of modern philosophy.<\/p>\n\n\n\n<p class=\"has-black-color has-text-color has-link-color has-small-font-size wp-elements-2c1fb333eee0381f56c88802c4251d59\">The same daimon that tormented Socrates presented itself to Descartes as a light so intense that it was impossible to bear it. This light was followed by the project of an admirable science. These events were so remarkable that Descartes came to accept that he had been inspired by the Spirit of Truth.<\/p>\n\n\n\n<p class=\"has-black-color has-text-color has-link-color has-small-font-size wp-elements-8edb614c10f05408567be58c47f2457a\">When one speaks of Descartes, one immediately thinks of the expression \u00abcogito ergo sum\u00bb (I think therefore I am). This postulate, not susceptible to demonstration, on which he developed his entire philosophy of Cartesian thought, which he himself created, can be summed up as: prove, analyse, synthesise and enumerate.<\/p>\n\n\n\n<p class=\"has-black-color has-text-color has-link-color has-small-font-size wp-elements-5a8abbe94b093ef8675691e0e63018cb\">The first proof is the idea of perfection, existing in the cogito, the God in us; the second comes from the very evidence of the existence of the soul; the third is the principle of causality which, applied to the first two, logically proves the existence of God.<\/p>\n\n\n\n<p class=\"has-black-color has-text-color has-link-color has-small-font-size wp-elements-6c5797b6afa10ca3ba1b91bd3768adc4\">In this way Descartes assures the passage from the self to the world, because he assures us that the potentiality of knowing exists in man. If God wanted to deceive us, he could deceive us, but then he would not be God but an imperfect evil genius.<\/p>\n\n\n\n<p class=\"has-black-color has-text-color has-link-color has-small-font-size wp-elements-07afd5c3b0d5742c75749f6aad1e5f6f\">For Ren\u00e9 Descartes, the objective world consisted of two substances, a \u00abres extensa\u2019 (body) and a \u2018res cogitans\u00bb (soul). For Descartes, as for Aristotle, matter is quantity and force is quality.<\/p>\n\n\n\n<p class=\"has-black-color has-text-color has-link-color has-small-font-size wp-elements-de499adad977338ec27e68d7195fcac9\">The Cartesian division between spirit and matter, coupled with the trauma of the medieval persecutions, led to the perception of the universe as a mechanical system, made up of separate objects, whose mechanistic theory is at the basis of all modern science.<\/p>\n\n\n\n<p class=\"has-black-color has-text-color has-link-color has-small-font-size wp-elements-249ca24096b4ffba34624d8ab78f45fd\">Descartes, the brilliant mathematician, said: \u00abAll science is certain and evident knowledge. We reject all knowledge that is merely probable and consider that we should believe only in those things which are perfectly known and about which there can be no doubt\u00bb.<\/p>\n\n\n\n<p class=\"has-black-color has-text-color has-link-color has-small-font-size wp-elements-776ee43c0bfe409dc8ce647ca1936370\">In fact, the doubt about the world pre-existing the world of the time was demonstrated by another French philosopher at a different time. Allan Kardec (1803 - 1869), knowledgeable in arithmetic, chemistry, physics and astronomy, using the same Cartesian method created by Descartes, starting from the abstract (spiritual) world towards the concrete (physical), codified the most beautiful works of the existing trilogy: Philosophy, Science and Religion.<\/p>\n\n\n\n<p class=\"has-black-color has-text-color has-link-color has-small-font-size wp-elements-35d9eaed09f807bceba287eb2e13e661\">Allan Kardec, by codifying the Spiritism Doctrine, completely transformed the perspective of the future. The future life is no longer a hypothesis, but a reality. The state of souls after death is no longer a system, but the result of observation. The veil has been lifted; the spirit-world is presented to us in the fullness of its practical reality; it was not men who discovered it by the effort of ingenious conception, it is the inhabitants of that world themselves who come to us to describe their situation.<\/p>\n\n\n\n<p class=\"has-black-color has-text-color has-link-color has-small-font-size wp-elements-a65f59b04803527dd0bdb878e7d00ab4\">In his last work on Spiritism, he described it as follows: \u00abAs a means of elaboration, Spiritism proceeds in exactly the same way as the positive sciences, applying the experimental method. New facts are presented which cannot be explained by known laws; it observes them, compares them, analyses them, and, tracing back from effects to causes, arrives at the law which governs them; it then deduces their consequences and seeks useful applications\u00bb. He established no preconceived theory; thus he did not hypothesise the existence and intervention of spirits, nor the perispirit, nor reincarnation, nor any of the principles of the doctrine; he concluded the existence of spirits when that existence was evident from the observation of facts, and he proceeded in the same way with the other principles. It was not the facts that subsequently confirmed the theory: it was the theory that subsequently explained and summarised the facts. It is therefore strictly accurate to say that Spiritism is a science of observation and not a figment of the imagination. The sciences have only made significant progress since their studies have been based on the experimental method; until then it was believed that this method was only applicable to matter, whereas it is also applicable to metaphysical things.<\/p>\n<\/div><\/div>\n\n\n\n<div class=\"wp-block-uagb-container uagb-block-2f3b09a5 alignfull uagb-is-root-container\"><div class=\"uagb-container-inner-blocks-wrap\"><\/div><\/div>\n\n\n\n<div class=\"wp-block-uagb-container uagb-block-f32dbaa5 alignfull uagb-is-root-container\"><div class=\"uagb-container-inner-blocks-wrap\"><\/div><\/div>","protected":false},"excerpt":{"rendered":"<p>Ren\u00e9 Descartes Ren\u00e9 Descartes (1596 &#8211; 1650) es llamado con raz\u00f3n el \u00abPadre de la Filosof\u00eda Moderna\u00bb. Fue el primer fil\u00f3sofo europeo despu\u00e9s de la Edad Media que situ\u00f3 el problema epistemol\u00f3gico (del conocimiento) en su verdadera perspectiva, anticipando toda la filosof\u00eda moderna. El mismo daimon que atormentaba a S\u00f3crates se present\u00f3 a Descartes como [&hellip;]<\/p>","protected":false},"author":1,"featured_media":0,"parent":0,"menu_order":0,"comment_status":"closed","ping_status":"closed","template":"","meta":{"_uag_custom_page_level_css":"","site-sidebar-layout":"default","site-content-layout":"","ast-site-content-layout":"default","site-content-style":"default","site-sidebar-style":"default","ast-global-header-display":"","ast-banner-title-visibility":"","ast-main-header-display":"","ast-hfb-above-header-display":"","ast-hfb-below-header-display":"","ast-hfb-mobile-header-display":"","site-post-title":"disabled","ast-breadcrumbs-content":"","ast-featured-img":"","footer-sml-layout":"","theme-transparent-header-meta":"","adv-header-id-meta":"","stick-header-meta":"","header-above-stick-meta":"","header-main-stick-meta":"","header-below-stick-meta":"","astra-migrate-meta-layouts":"set","ast-page-background-enabled":"default","ast-page-background-meta":{"desktop":{"background-color":"var(--ast-global-color-4)","background-image":"","background-repeat":"repeat","background-position":"center center","background-size":"auto","background-attachment":"scroll","background-type":"","background-media":"","overlay-type":"","overlay-color":"","overlay-opacity":"","overlay-gradient":""},"tablet":{"background-color":"","background-image":"","background-repeat":"repeat","background-position":"center center","background-size":"auto","background-attachment":"scroll","background-type":"","background-media":"","overlay-type":"","overlay-color":"","overlay-opacity":"","overlay-gradient":""},"mobile":{"background-color":"","background-image":"","background-repeat":"repeat","background-position":"center center","background-size":"auto","background-attachment":"scroll","background-type":"","background-media":"","overlay-type":"","overlay-color":"","overlay-opacity":"","overlay-gradient":""}},"ast-content-background-meta":{"desktop":{"background-color":"var(--ast-global-color-5)","background-image":"","background-repeat":"repeat","background-position":"center center","background-size":"auto","background-attachment":"scroll","background-type":"","background-media":"","overlay-type":"","overlay-color":"","overlay-opacity":"","overlay-gradient":""},"tablet":{"background-color":"var(--ast-global-color-5)","background-image":"","background-repeat":"repeat","background-position":"center center","background-size":"auto","background-attachment":"scroll","background-type":"","background-media":"","overlay-type":"","overlay-color":"","overlay-opacity":"","overlay-gradient":""},"mobile":{"background-color":"var(--ast-global-color-5)","background-image":"","background-repeat":"repeat","background-position":"center center","background-size":"auto","background-attachment":"scroll","background-type":"","background-media":"","overlay-type":"","overlay-color":"","overlay-opacity":"","overlay-gradient":""}},"footnotes":""},"class_list":["post-6711","page","type-page","status-publish","hentry"],"yoast_head":"<!-- This site is optimized with the Yoast SEO Premium plugin v24.2 (Yoast SEO v24.6) - https:\/\/yoast.com\/wordpress\/plugins\/seo\/ -->\n<title>Ren\u00e9 Descartes - Uni\u00f3n Esp\u00edrita<\/title>\n<meta name=\"robots\" content=\"index, follow, max-snippet:-1, max-image-preview:large, max-video-preview:-1\" \/>\n<link rel=\"canonical\" href=\"https:\/\/nuevo-renacer.com\/en\/rene-descartes\/\" \/>\n<meta property=\"og:locale\" content=\"en_GB\" \/>\n<meta property=\"og:type\" content=\"article\" \/>\n<meta property=\"og:title\" content=\"Ren\u00e9 Descartes\" \/>\n<meta property=\"og:description\" content=\"Ren\u00e9 Descartes Ren\u00e9 Descartes (1596 &#8211; 1650) es llamado con raz\u00f3n el \u00abPadre de la Filosof\u00eda Moderna\u00bb. Fue el primer fil\u00f3sofo europeo despu\u00e9s de la Edad Media que situ\u00f3 el problema epistemol\u00f3gico (del conocimiento) en su verdadera perspectiva, anticipando toda la filosof\u00eda moderna. El mismo daimon que atormentaba a S\u00f3crates se present\u00f3 a Descartes como [&hellip;]\" \/>\n<meta property=\"og:url\" content=\"https:\/\/nuevo-renacer.com\/en\/rene-descartes\/\" \/>\n<meta property=\"og:site_name\" content=\"Uni\u00f3n Esp\u00edrita\" \/>\n<meta property=\"article:publisher\" content=\"https:\/\/www.facebook.com\/groups\/3431398063740829\" \/>\n<meta property=\"article:modified_time\" content=\"2025-01-08T12:13:50+00:00\" \/>\n<meta property=\"og:image\" content=\"https:\/\/nuevo-renacer.com\/wp-content\/uploads\/2025\/01\/800px-Frans_Hals_-_Portret_van_Rene_Descartes-1.jpg\" \/>\n\t<meta property=\"og:image:width\" content=\"800\" \/>\n\t<meta property=\"og:image:height\" content=\"676\" \/>\n\t<meta property=\"og:image:type\" content=\"image\/jpeg\" \/>\n<meta name=\"twitter:card\" content=\"summary_large_image\" \/>\n<meta name=\"twitter:label1\" content=\"Estimated reading time\" \/>\n\t<meta name=\"twitter:data1\" content=\"4 minutes\" \/>\n<script type=\"application\/ld+json\" class=\"yoast-schema-graph\">{\"@context\":\"https:\/\/schema.org\",\"@graph\":[{\"@type\":\"WebPage\",\"@id\":\"https:\/\/nuevo-renacer.com\/rene-descartes\/\",\"url\":\"https:\/\/nuevo-renacer.com\/rene-descartes\/\",\"name\":\"Ren\u00e9 Descartes - Uni\u00f3n Esp\u00edrita\",\"isPartOf\":{\"@id\":\"https:\/\/nuevo-renacer.com\/#website\"},\"primaryImageOfPage\":{\"@id\":\"https:\/\/nuevo-renacer.com\/rene-descartes\/#primaryimage\"},\"image\":{\"@id\":\"https:\/\/nuevo-renacer.com\/rene-descartes\/#primaryimage\"},\"thumbnailUrl\":\"https:\/\/nuevo-renacer.com\/wp-content\/uploads\/2025\/01\/800px-Frans_Hals_-_Portret_van_Rene_Descartes-1.jpg\",\"datePublished\":\"2025-01-08T11:58:23+00:00\",\"dateModified\":\"2025-01-08T12:13:50+00:00\",\"breadcrumb\":{\"@id\":\"https:\/\/nuevo-renacer.com\/rene-descartes\/#breadcrumb\"},\"inLanguage\":\"en-GB\",\"potentialAction\":[{\"@type\":\"ReadAction\",\"target\":[\"https:\/\/nuevo-renacer.com\/rene-descartes\/\"]}]},{\"@type\":\"ImageObject\",\"inLanguage\":\"en-GB\",\"@id\":\"https:\/\/nuevo-renacer.com\/rene-descartes\/#primaryimage\",\"url\":\"https:\/\/nuevo-renacer.com\/wp-content\/uploads\/2025\/01\/800px-Frans_Hals_-_Portret_van_Rene_Descartes-1.jpg\",\"contentUrl\":\"https:\/\/nuevo-renacer.com\/wp-content\/uploads\/2025\/01\/800px-Frans_Hals_-_Portret_van_Rene_Descartes-1.jpg\"},{\"@type\":\"BreadcrumbList\",\"@id\":\"https:\/\/nuevo-renacer.com\/rene-descartes\/#breadcrumb\",\"itemListElement\":[{\"@type\":\"ListItem\",\"position\":1,\"name\":\"Startseite\",\"item\":\"https:\/\/nuevo-renacer.com\/\"},{\"@type\":\"ListItem\",\"position\":2,\"name\":\"Ren\u00e9 Descartes\"}]},{\"@type\":\"WebSite\",\"@id\":\"https:\/\/nuevo-renacer.com\/#website\",\"url\":\"https:\/\/nuevo-renacer.com\/\",\"name\":\"Uni\u00f3n Esp\u00edrita\",\"description\":\"Nuevo Renacer\",\"publisher\":{\"@id\":\"https:\/\/nuevo-renacer.com\/#organization\"},\"potentialAction\":[{\"@type\":\"SearchAction\",\"target\":{\"@type\":\"EntryPoint\",\"urlTemplate\":\"https:\/\/nuevo-renacer.com\/?s={search_term_string}\"},\"query-input\":{\"@type\":\"PropertyValueSpecification\",\"valueRequired\":true,\"valueName\":\"search_term_string\"}}],\"inLanguage\":\"en-GB\"},{\"@type\":\"Organization\",\"@id\":\"https:\/\/nuevo-renacer.com\/#organization\",\"name\":\"UFEC\",\"url\":\"https:\/\/nuevo-renacer.com\/\",\"logo\":{\"@type\":\"ImageObject\",\"inLanguage\":\"en-GB\",\"@id\":\"https:\/\/nuevo-renacer.com\/#\/schema\/logo\/image\/\",\"url\":\"https:\/\/nuevo-renacer.com\/wp-content\/uploads\/2024\/05\/cropped-LOGO-TERMINADO1-3-3.png\",\"contentUrl\":\"https:\/\/nuevo-renacer.com\/wp-content\/uploads\/2024\/05\/cropped-LOGO-TERMINADO1-3-3.png\",\"width\":512,\"height\":512,\"caption\":\"UFEC\"},\"image\":{\"@id\":\"https:\/\/nuevo-renacer.com\/#\/schema\/logo\/image\/\"},\"sameAs\":[\"https:\/\/www.facebook.com\/groups\/3431398063740829\"]}]}<\/script>\n<!-- \/ Yoast SEO Premium plugin. -->","yoast_head_json":{"title":"Ren\u00e9 Descartes - Uni\u00f3n Esp\u00edrita","robots":{"index":"index","follow":"follow","max-snippet":"max-snippet:-1","max-image-preview":"max-image-preview:large","max-video-preview":"max-video-preview:-1"},"canonical":"https:\/\/nuevo-renacer.com\/en\/rene-descartes\/","og_locale":"en_GB","og_type":"article","og_title":"Ren\u00e9 Descartes","og_description":"Ren\u00e9 Descartes Ren\u00e9 Descartes (1596 &#8211; 1650) es llamado con raz\u00f3n el \u00abPadre de la Filosof\u00eda Moderna\u00bb. Fue el primer fil\u00f3sofo europeo despu\u00e9s de la Edad Media que situ\u00f3 el problema epistemol\u00f3gico (del conocimiento) en su verdadera perspectiva, anticipando toda la filosof\u00eda moderna. El mismo daimon que atormentaba a S\u00f3crates se present\u00f3 a Descartes como [&hellip;]","og_url":"https:\/\/nuevo-renacer.com\/en\/rene-descartes\/","og_site_name":"Uni\u00f3n Esp\u00edrita","article_publisher":"https:\/\/www.facebook.com\/groups\/3431398063740829","article_modified_time":"2025-01-08T12:13:50+00:00","og_image":[{"width":800,"height":676,"url":"https:\/\/nuevo-renacer.com\/wp-content\/uploads\/2025\/01\/800px-Frans_Hals_-_Portret_van_Rene_Descartes-1.jpg","type":"image\/jpeg"}],"twitter_card":"summary_large_image","twitter_misc":{"Estimated reading time":"4 minutes"},"schema":{"@context":"https:\/\/schema.org","@graph":[{"@type":"WebPage","@id":"https:\/\/nuevo-renacer.com\/rene-descartes\/","url":"https:\/\/nuevo-renacer.com\/rene-descartes\/","name":"Ren\u00e9 Descartes - Uni\u00f3n Esp\u00edrita","isPartOf":{"@id":"https:\/\/nuevo-renacer.com\/#website"},"primaryImageOfPage":{"@id":"https:\/\/nuevo-renacer.com\/rene-descartes\/#primaryimage"},"image":{"@id":"https:\/\/nuevo-renacer.com\/rene-descartes\/#primaryimage"},"thumbnailUrl":"https:\/\/nuevo-renacer.com\/wp-content\/uploads\/2025\/01\/800px-Frans_Hals_-_Portret_van_Rene_Descartes-1.jpg","datePublished":"2025-01-08T11:58:23+00:00","dateModified":"2025-01-08T12:13:50+00:00","breadcrumb":{"@id":"https:\/\/nuevo-renacer.com\/rene-descartes\/#breadcrumb"},"inLanguage":"en-GB","potentialAction":[{"@type":"ReadAction","target":["https:\/\/nuevo-renacer.com\/rene-descartes\/"]}]},{"@type":"ImageObject","inLanguage":"en-GB","@id":"https:\/\/nuevo-renacer.com\/rene-descartes\/#primaryimage","url":"https:\/\/nuevo-renacer.com\/wp-content\/uploads\/2025\/01\/800px-Frans_Hals_-_Portret_van_Rene_Descartes-1.jpg","contentUrl":"https:\/\/nuevo-renacer.com\/wp-content\/uploads\/2025\/01\/800px-Frans_Hals_-_Portret_van_Rene_Descartes-1.jpg"},{"@type":"BreadcrumbList","@id":"https:\/\/nuevo-renacer.com\/rene-descartes\/#breadcrumb","itemListElement":[{"@type":"ListItem","position":1,"name":"Startseite","item":"https:\/\/nuevo-renacer.com\/"},{"@type":"ListItem","position":2,"name":"Ren\u00e9 Descartes"}]},{"@type":"WebSite","@id":"https:\/\/nuevo-renacer.com\/#website","url":"https:\/\/nuevo-renacer.com\/","name":"Uni\u00f3n Esp\u00edrita","description":"Nuevo Renacer","publisher":{"@id":"https:\/\/nuevo-renacer.com\/#organization"},"potentialAction":[{"@type":"SearchAction","target":{"@type":"EntryPoint","urlTemplate":"https:\/\/nuevo-renacer.com\/?s={search_term_string}"},"query-input":{"@type":"PropertyValueSpecification","valueRequired":true,"valueName":"search_term_string"}}],"inLanguage":"en-GB"},{"@type":"Organization","@id":"https:\/\/nuevo-renacer.com\/#organization","name":"UFEC","url":"https:\/\/nuevo-renacer.com\/","logo":{"@type":"ImageObject","inLanguage":"en-GB","@id":"https:\/\/nuevo-renacer.com\/#\/schema\/logo\/image\/","url":"https:\/\/nuevo-renacer.com\/wp-content\/uploads\/2024\/05\/cropped-LOGO-TERMINADO1-3-3.png","contentUrl":"https:\/\/nuevo-renacer.com\/wp-content\/uploads\/2024\/05\/cropped-LOGO-TERMINADO1-3-3.png","width":512,"height":512,"caption":"UFEC"},"image":{"@id":"https:\/\/nuevo-renacer.com\/#\/schema\/logo\/image\/"},"sameAs":["https:\/\/www.facebook.com\/groups\/3431398063740829"]}]}},"uagb_featured_image_src":{"full":false,"thumbnail":false,"medium":false,"medium_large":false,"large":false,"1536x1536":false,"2048x2048":false,"trp-custom-language-flag":false},"uagb_author_info":{"display_name":"adbv0","author_link":"https:\/\/nuevo-renacer.com\/en\/author\/adbv0\/"},"uagb_comment_info":0,"uagb_excerpt":"Ren\u00e9 Descartes Ren\u00e9 Descartes (1596 &#8211; 1650) es llamado con raz\u00f3n el \u00abPadre de la Filosof\u00eda Moderna\u00bb. Fue el primer fil\u00f3sofo europeo despu\u00e9s de la Edad Media que situ\u00f3 el problema epistemol\u00f3gico (del conocimiento) en su verdadera perspectiva, anticipando toda la filosof\u00eda moderna. El mismo daimon que atormentaba a S\u00f3crates se present\u00f3 a Descartes como&hellip;","jetpack_sharing_enabled":true,"_links":{"self":[{"href":"https:\/\/nuevo-renacer.com\/en\/wp-json\/wp\/v2\/pages\/6711","targetHints":{"allow":["GET"]}}],"collection":[{"href":"https:\/\/nuevo-renacer.com\/en\/wp-json\/wp\/v2\/pages"}],"about":[{"href":"https:\/\/nuevo-renacer.com\/en\/wp-json\/wp\/v2\/types\/page"}],"author":[{"embeddable":true,"href":"https:\/\/nuevo-renacer.com\/en\/wp-json\/wp\/v2\/users\/1"}],"replies":[{"embeddable":true,"href":"https:\/\/nuevo-renacer.com\/en\/wp-json\/wp\/v2\/comments?post=6711"}],"version-history":[{"count":2,"href":"https:\/\/nuevo-renacer.com\/en\/wp-json\/wp\/v2\/pages\/6711\/revisions"}],"predecessor-version":[{"id":6717,"href":"https:\/\/nuevo-renacer.com\/en\/wp-json\/wp\/v2\/pages\/6711\/revisions\/6717"}],"wp:attachment":[{"href":"https:\/\/nuevo-renacer.com\/en\/wp-json\/wp\/v2\/media?parent=6711"}],"curies":[{"name":"wp","href":"https:\/\/api.w.org\/{rel}","templated":true}]}}