{"id":6673,"date":"2025-01-07T12:58:10","date_gmt":"2025-01-07T12:58:10","guid":{"rendered":"https:\/\/nuevo-renacer.com\/?page_id=6673"},"modified":"2025-05-23T09:45:49","modified_gmt":"2025-05-23T09:45:49","slug":"las-pruebas-y-la-muerte","status":"publish","type":"page","link":"https:\/\/nuevo-renacer.com\/en\/las-pruebas-y-la-muerte\/","title":{"rendered":"LAS PRUEBAS Y LA MUERTE"},"content":{"rendered":"<div class=\"wp-block-uagb-container uagb-block-0fcb5199 alignfull uagb-is-root-container\"><div class=\"uagb-container-inner-blocks-wrap\">\n<p class=\"has-black-color has-text-color has-link-color has-medium-font-size wp-elements-922fe130b9248953b9280e17692f0506\"><strong>The Trials and the death<\/strong><\/p>\n<\/div><\/div>\n\n\n\n<div class=\"wp-block-uagb-container uagb-block-638a73f7 alignfull uagb-is-root-container\"><div class=\"uagb-container-inner-blocks-wrap\">\n<figure class=\"wp-block-image size-large is-resized\"><img fetchpriority=\"high\" decoding=\"async\" width=\"1024\" height=\"678\" src=\"https:\/\/nuevo-renacer.com\/wp-content\/uploads\/2025\/01\/camera-219958_1280-1024x678.jpg\" alt=\"\" class=\"wp-image-6677\" style=\"width:275px;height:auto\" srcset=\"https:\/\/nuevo-renacer.com\/wp-content\/uploads\/2025\/01\/camera-219958_1280-1024x678.jpg 1024w, https:\/\/nuevo-renacer.com\/wp-content\/uploads\/2025\/01\/camera-219958_1280-300x199.jpg 300w, https:\/\/nuevo-renacer.com\/wp-content\/uploads\/2025\/01\/camera-219958_1280-768x508.jpg 768w, https:\/\/nuevo-renacer.com\/wp-content\/uploads\/2025\/01\/camera-219958_1280-18x12.jpg 18w, https:\/\/nuevo-renacer.com\/wp-content\/uploads\/2025\/01\/camera-219958_1280.jpg 1280w\" sizes=\"(max-width: 1024px) 100vw, 1024px\" \/><\/figure>\n<\/div><\/div>\n\n\n\n<div class=\"wp-block-uagb-container uagb-block-7bd3ae3d alignfull uagb-is-root-container\"><div class=\"uagb-container-inner-blocks-wrap\">\n<p class=\"has-black-color has-text-color has-link-color has-small-font-size wp-elements-01e336833af3cd604f64aeed3ad53c73\">The object of existence being determined and being higher than fortune, higher than happiness, a real revolution takes place in our aspirations. The Universe is a palace in which the soul struggles for its aggrandisement. It obtains it through its labours, its sacrifices, its sufferings. Pain, whether physical or moral, is a powerful means of development and progress. The trials we undergo help us to know ourselves and to master our passions.<\/p>\n\n\n\n<p class=\"has-black-color has-text-color has-link-color has-small-font-size wp-elements-9127422ce59e3605e19a9a2800950499\">Pain is the supreme purification, the school where patience, resignation and all austere duties are learnt. It is the furnace where selfishness melts and pride dissolves. Sometimes, in the dark hours, the tormented soul rebels, denies God and His justice. Then, when the storm has passed, and it examines itself, it sees that the apparent evil was a good, it sees that the sorrows have made it better, more accessible to pity, more charitable towards those who suffer.<\/p>\n\n\n\n<p class=\"has-black-color has-text-color has-link-color has-small-font-size wp-elements-32433687a48582f1a103779ac91053fe\">All the evils of life contribute to our elevation. Through pain, trials, humiliations, ailments and misfortunes, the best is born out of the worst. That is why in this world there are more sorrows than joys. Trials temper the characters, refine the feelings and tame the fiery or haughty souls.<\/p>\n\n\n\n<p class=\"has-black-color has-text-color has-link-color has-small-font-size wp-elements-4ed99e6217f03aca54347c3a20d2c4e1\">Physical pain also has its uses. It chemically loosens the ties that bind the Spirit to the flesh, detaches it from the gross fluids that surround it, even after death, and hold it in the nether regions.<\/p>\n\n\n\n<p class=\"has-black-color has-text-color has-link-color has-small-font-size wp-elements-acab1a63ad2734e6c779282e01f77cae\">Let us not curse pain. It alone tears us away from indifference and delight. He sculpts our soul, giving it its purest form and its most perfect beauty.<\/p>\n\n\n\n<p class=\"has-black-color has-text-color has-link-color has-small-font-size wp-elements-e7320ea41b9532f8aeadefdc508d7ae6\">Proof is an infallible remedy for our inexperience. Providence proceeds with us like a provident mother with her unwilling child. When we resist her appeals, when we refuse to follow her advice, she lets us suffer disappointments and setbacks, knowing that adversity is the best school of goodness and wisdom.<\/p>\n\n\n\n<p class=\"has-black-color has-text-color has-link-color has-small-font-size wp-elements-0e6ec6d5370312d7773192990bf57f9e\">Such is the fate of the greatest number on earth. Under a sky often furrowed with lightning, we have to follow the arduous path, our feet torn by stones and thorns. A Spirit clad in black garb guides our steps: it is pain, a holy pain which we must bless, for it alone, by stimulating our being, detaches it from the vain fripperies with which it likes to adorn itself and makes it fit to feel what is truly noble and beautiful.<\/p>\n\n\n\n<p class=\"has-black-color has-text-color has-link-color has-small-font-size wp-elements-0433e3c62057a06b5cc95757b89c164f\">Considering these teachings, what becomes of the idea of death? It loses all frightening character. Death is no more than a necessary transformation and renewal. In reality, nothing dies. Death is only apparent. Only the outer form changes: the life principle, the soul, remains in its permanent and indestructible unity. Beyond the grave it is in the fullness of its faculties, with all the acquisitions, enlightenments, virtues, aspirations and powers with which it has been enriched during its earthly existences. These are the imperishable goods of which the Gospel speaks, when it tells us: \u2018Neither worms nor moths can destroy them, nor thieves steal them\u2019. They are the only riches we can take with us and use in the life to come.<\/p>\n\n\n\n<p class=\"has-black-color has-text-color has-link-color has-small-font-size wp-elements-201cfdcbe1c3e4a0b308fc517fa176ed\">The death, and the reincarnation which follows it at a given time, are two essential forms of progress. By breaking away from the petty habits we have contracted, they place us in different centres and force us to adapt our spirit to the thousand phases of the social and universal order.<\/p>\n\n\n\n<p class=\"has-black-color has-text-color has-link-color has-small-font-size wp-elements-d972a095f8b919e3efd4944dfdfafd68\">When the evening of life comes, when our existence, like the page of a book, is about to turn to make room on a white page for a new page, the wise man consults his past and reviews his deeds. Happy is he who, when that hour comes, can say to himself: My days have been well spent. Happy is he who has accepted with resignation and borne trials with courage. These trials, by crushing his soul, have cast out all the bitterness and bitterness that was enclosed in it. In reviewing this difficult life in his thoughts, the wise man will bless the hardships he has endured. His conscience being at peace, he will see the moment of departure approaching without fear.<\/p>\n\n\n\n<p class=\"has-black-color has-text-color has-link-color has-small-font-size wp-elements-a7365671c6b050ff5966000694059c1e\">Let us bid farewell to the theories that make death the conduit of nothingness, or the prelude to endless punishments. Farewell, gloomy ghosts of theology, dreadful dogmas, inexorable sentences, hellish tortures! Farewell to hope! Farewell to eternal life! It is not dark darkness, it is dazzling light that comes out of the tombs!<\/p>\n\n\n\n<p class=\"has-black-color has-text-color has-link-color has-small-font-size wp-elements-5d9fb0c8234392d980f038e900995f40\">Have you seen the polychrome-winged butterfly shed its shapeless chrysalis, that loathsome shell of the caterpillar in which the insect crawled along the ground? Have you seen it, free and light, fluttering through the luminous air amidst the perfume of the flowers? There is no truer image of the phenomenon of death. Man too is a chrysalis which death decomposes. The human body, clothed in flesh, returns to the great dunghill; our wretched offal returns to the laboratory of nature; but the Spirit, having accomplished its work, launches itself into a higher life, into the spiritual life which succeeds the bodily life as the day succeeds the night, and separates each of our incarnations.<\/p>\n\n\n\n<p class=\"has-black-color has-text-color has-link-color has-small-font-size wp-elements-b2ab70adc51a3ce413a5996426f1cb4b\">With these ideas in mind, we will no longer fear death. Like our fathers, the Gauls, we will dare to look it in the face without terror. No more fear, no more tears, no more sinister apparatus, no more gloomy chants. Our funerals will become a festival in which we will celebrate the freedom of the soul and its return to the true homeland.<\/p>\n\n\n\n<p class=\"has-black-color has-text-color has-link-color has-small-font-size wp-elements-13a8511dfe796b51cee09d4e1222bd48\">The death is the great revealer. In the hours of trial, when everything is darkened around us, we have sometimes asked ourselves: Why was I born? Why did I not remain in the deep night, where one does not feel, where one does not suffer, where one sleeps in eternal slumber? And in those hours of doubt and anguish, a voice would rise up and reach us, saying: Suffer in order to become great and purify yourself. Know that your destiny is great. This cold earth will not be your grave. The worlds that shine in the heavens are your future abodes, the inheritance that God has in store for you. You are forever a citizen of the Universe, you belong to the centuries past as well as to the centuries to come, and at the present hour you are preparing for your elevation.<\/p>\n\n\n\n<p class=\"has-black-color has-text-color has-link-color has-small-font-size wp-elements-f4341ec050ec2bfc0166194d8ba2686a\">Bear calmly the evils of your own choosing. Sow in pain and tears the grain that will sprout in your next lives. Sow also for others as others have sown for you. Immortal being, advance steadily along the steep path to the heights from where the future will appear to you without a veil. The ascent is rough, the sweat will often pour down your face, but from the summit you will see the great clarity dawn and see the sun of truth and righteousness rise on the horizon.<\/p>\n\n\n\n<p class=\"has-black-color has-text-color has-link-color has-small-font-size wp-elements-7387860b2d569f237cbc838141e17c85\">The voice that speaks to us in this way is that of the dead, of the dear souls who have gone before us in the land of true life. Far from sleeping under the slab, they watch over us. From the depths of the invisible, they look at us and smile at us. Lovely and divine mystery, they communicate with us. They say to us: No more sterile doubts, work and love. One day, when you have finished your task, death will reunite us.<\/p>\n<\/div><\/div>\n\n\n\n<div class=\"wp-block-uagb-container uagb-block-52dbb3d7 alignfull uagb-is-root-container\"><div class=\"uagb-container-inner-blocks-wrap\">\n<p class=\"has-black-color has-text-color has-link-color wp-elements-82c220877d0e800799ff2cd78ee11721\"><em>L\u00e9on Denis<\/em> &#8211; <em>After Death<\/em><\/p>\n<\/div><\/div>\n\n\n\n<div class=\"wp-block-uagb-container uagb-block-c682dd74 alignfull uagb-is-root-container\"><div class=\"uagb-container-inner-blocks-wrap\"><\/div><\/div>\n\n\n\n<div class=\"wp-block-uagb-container uagb-block-40adbbde alignfull uagb-is-root-container\"><div class=\"uagb-container-inner-blocks-wrap\"><\/div><\/div>","protected":false},"excerpt":{"rendered":"<p>Las Pruebas y la muerte Determinado ya el objeto de la existencia y siendo m\u00e1s elevado que la fortuna, m\u00e1s elevado que la felicidad, se produce una verdadera revoluci\u00f3n en nuestras aspiraciones. El Universo es un palenque en donde el alma lucha para su engrandecimiento. Lo obtiene por medio de sus trabajos, de sus sacrificios, [&hellip;]<\/p>","protected":false},"author":1,"featured_media":0,"parent":0,"menu_order":0,"comment_status":"closed","ping_status":"closed","template":"","meta":{"_uag_custom_page_level_css":"","site-sidebar-layout":"default","site-content-layout":"","ast-site-content-layout":"default","site-content-style":"default","site-sidebar-style":"default","ast-global-header-display":"","ast-banner-title-visibility":"","ast-main-header-display":"","ast-hfb-above-header-display":"","ast-hfb-below-header-display":"","ast-hfb-mobile-header-display":"","site-post-title":"disabled","ast-breadcrumbs-content":"","ast-featured-img":"","footer-sml-layout":"","theme-transparent-header-meta":"","adv-header-id-meta":"","stick-header-meta":"","header-above-stick-meta":"","header-main-stick-meta":"","header-below-stick-meta":"","astra-migrate-meta-layouts":"set","ast-page-background-enabled":"default","ast-page-background-meta":{"desktop":{"background-color":"var(--ast-global-color-4)","background-image":"","background-repeat":"repeat","background-position":"center center","background-size":"auto","background-attachment":"scroll","background-type":"","background-media":"","overlay-type":"","overlay-color":"","overlay-opacity":"","overlay-gradient":""},"tablet":{"background-color":"","background-image":"","background-repeat":"repeat","background-position":"center center","background-size":"auto","background-attachment":"scroll","background-type":"","background-media":"","overlay-type":"","overlay-color":"","overlay-opacity":"","overlay-gradient":""},"mobile":{"background-color":"","background-image":"","background-repeat":"repeat","background-position":"center center","background-size":"auto","background-attachment":"scroll","background-type":"","background-media":"","overlay-type":"","overlay-color":"","overlay-opacity":"","overlay-gradient":""}},"ast-content-background-meta":{"desktop":{"background-color":"var(--ast-global-color-5)","background-image":"","background-repeat":"repeat","background-position":"center center","background-size":"auto","background-attachment":"scroll","background-type":"","background-media":"","overlay-type":"","overlay-color":"","overlay-opacity":"","overlay-gradient":""},"tablet":{"background-color":"var(--ast-global-color-5)","background-image":"","background-repeat":"repeat","background-position":"center center","background-size":"auto","background-attachment":"scroll","background-type":"","background-media":"","overlay-type":"","overlay-color":"","overlay-opacity":"","overlay-gradient":""},"mobile":{"background-color":"var(--ast-global-color-5)","background-image":"","background-repeat":"repeat","background-position":"center center","background-size":"auto","background-attachment":"scroll","background-type":"","background-media":"","overlay-type":"","overlay-color":"","overlay-opacity":"","overlay-gradient":""}},"footnotes":""},"class_list":["post-6673","page","type-page","status-publish","hentry"],"yoast_head":"<!-- This site is optimized with the Yoast SEO Premium plugin v24.2 (Yoast SEO v24.6) - https:\/\/yoast.com\/wordpress\/plugins\/seo\/ -->\n<title>LAS PRUEBAS Y LA MUERTE - Uni\u00f3n Esp\u00edrita<\/title>\n<meta name=\"robots\" content=\"index, follow, max-snippet:-1, max-image-preview:large, max-video-preview:-1\" \/>\n<link rel=\"canonical\" href=\"https:\/\/nuevo-renacer.com\/en\/las-pruebas-y-la-muerte\/\" \/>\n<meta property=\"og:locale\" content=\"en_GB\" \/>\n<meta property=\"og:type\" content=\"article\" \/>\n<meta property=\"og:title\" content=\"LAS PRUEBAS Y LA MUERTE\" \/>\n<meta property=\"og:description\" content=\"Las Pruebas y la muerte Determinado ya el objeto de la existencia y siendo m\u00e1s elevado que la fortuna, m\u00e1s elevado que la felicidad, se produce una verdadera revoluci\u00f3n en nuestras aspiraciones. El Universo es un palenque en donde el alma lucha para su engrandecimiento. Lo obtiene por medio de sus trabajos, de sus sacrificios, [&hellip;]\" \/>\n<meta property=\"og:url\" content=\"https:\/\/nuevo-renacer.com\/en\/las-pruebas-y-la-muerte\/\" \/>\n<meta property=\"og:site_name\" content=\"Uni\u00f3n Esp\u00edrita\" \/>\n<meta property=\"article:publisher\" content=\"https:\/\/www.facebook.com\/groups\/3431398063740829\" \/>\n<meta property=\"article:modified_time\" content=\"2025-05-23T09:45:49+00:00\" \/>\n<meta property=\"og:image\" content=\"https:\/\/nuevo-renacer.com\/wp-content\/uploads\/2025\/01\/camera-219958_1280.jpg\" \/>\n\t<meta property=\"og:image:width\" content=\"1280\" \/>\n\t<meta property=\"og:image:height\" content=\"847\" \/>\n\t<meta property=\"og:image:type\" content=\"image\/jpeg\" \/>\n<meta name=\"twitter:card\" content=\"summary_large_image\" \/>\n<meta name=\"twitter:label1\" content=\"Estimated reading time\" \/>\n\t<meta name=\"twitter:data1\" content=\"8 minutes\" \/>\n<script type=\"application\/ld+json\" class=\"yoast-schema-graph\">{\"@context\":\"https:\/\/schema.org\",\"@graph\":[{\"@type\":\"WebPage\",\"@id\":\"https:\/\/nuevo-renacer.com\/las-pruebas-y-la-muerte\/\",\"url\":\"https:\/\/nuevo-renacer.com\/las-pruebas-y-la-muerte\/\",\"name\":\"LAS PRUEBAS Y LA MUERTE - Uni\u00f3n Esp\u00edrita\",\"isPartOf\":{\"@id\":\"https:\/\/nuevo-renacer.com\/#website\"},\"primaryImageOfPage\":{\"@id\":\"https:\/\/nuevo-renacer.com\/las-pruebas-y-la-muerte\/#primaryimage\"},\"image\":{\"@id\":\"https:\/\/nuevo-renacer.com\/las-pruebas-y-la-muerte\/#primaryimage\"},\"thumbnailUrl\":\"https:\/\/nuevo-renacer.com\/wp-content\/uploads\/2025\/01\/camera-219958_1280-1024x678.jpg\",\"datePublished\":\"2025-01-07T12:58:10+00:00\",\"dateModified\":\"2025-05-23T09:45:49+00:00\",\"breadcrumb\":{\"@id\":\"https:\/\/nuevo-renacer.com\/las-pruebas-y-la-muerte\/#breadcrumb\"},\"inLanguage\":\"en-GB\",\"potentialAction\":[{\"@type\":\"ReadAction\",\"target\":[\"https:\/\/nuevo-renacer.com\/las-pruebas-y-la-muerte\/\"]}]},{\"@type\":\"ImageObject\",\"inLanguage\":\"en-GB\",\"@id\":\"https:\/\/nuevo-renacer.com\/las-pruebas-y-la-muerte\/#primaryimage\",\"url\":\"https:\/\/nuevo-renacer.com\/wp-content\/uploads\/2025\/01\/camera-219958_1280-1024x678.jpg\",\"contentUrl\":\"https:\/\/nuevo-renacer.com\/wp-content\/uploads\/2025\/01\/camera-219958_1280-1024x678.jpg\"},{\"@type\":\"BreadcrumbList\",\"@id\":\"https:\/\/nuevo-renacer.com\/las-pruebas-y-la-muerte\/#breadcrumb\",\"itemListElement\":[{\"@type\":\"ListItem\",\"position\":1,\"name\":\"Startseite\",\"item\":\"https:\/\/nuevo-renacer.com\/\"},{\"@type\":\"ListItem\",\"position\":2,\"name\":\"LAS PRUEBAS Y LA MUERTE\"}]},{\"@type\":\"WebSite\",\"@id\":\"https:\/\/nuevo-renacer.com\/#website\",\"url\":\"https:\/\/nuevo-renacer.com\/\",\"name\":\"Uni\u00f3n Esp\u00edrita\",\"description\":\"Nuevo Renacer\",\"publisher\":{\"@id\":\"https:\/\/nuevo-renacer.com\/#organization\"},\"potentialAction\":[{\"@type\":\"SearchAction\",\"target\":{\"@type\":\"EntryPoint\",\"urlTemplate\":\"https:\/\/nuevo-renacer.com\/?s={search_term_string}\"},\"query-input\":{\"@type\":\"PropertyValueSpecification\",\"valueRequired\":true,\"valueName\":\"search_term_string\"}}],\"inLanguage\":\"en-GB\"},{\"@type\":\"Organization\",\"@id\":\"https:\/\/nuevo-renacer.com\/#organization\",\"name\":\"UFEC\",\"url\":\"https:\/\/nuevo-renacer.com\/\",\"logo\":{\"@type\":\"ImageObject\",\"inLanguage\":\"en-GB\",\"@id\":\"https:\/\/nuevo-renacer.com\/#\/schema\/logo\/image\/\",\"url\":\"https:\/\/nuevo-renacer.com\/wp-content\/uploads\/2024\/05\/cropped-LOGO-TERMINADO1-3-3.png\",\"contentUrl\":\"https:\/\/nuevo-renacer.com\/wp-content\/uploads\/2024\/05\/cropped-LOGO-TERMINADO1-3-3.png\",\"width\":512,\"height\":512,\"caption\":\"UFEC\"},\"image\":{\"@id\":\"https:\/\/nuevo-renacer.com\/#\/schema\/logo\/image\/\"},\"sameAs\":[\"https:\/\/www.facebook.com\/groups\/3431398063740829\"]}]}<\/script>\n<!-- \/ Yoast SEO Premium plugin. -->","yoast_head_json":{"title":"LAS PRUEBAS Y LA MUERTE - Uni\u00f3n Esp\u00edrita","robots":{"index":"index","follow":"follow","max-snippet":"max-snippet:-1","max-image-preview":"max-image-preview:large","max-video-preview":"max-video-preview:-1"},"canonical":"https:\/\/nuevo-renacer.com\/en\/las-pruebas-y-la-muerte\/","og_locale":"en_GB","og_type":"article","og_title":"LAS PRUEBAS Y LA MUERTE","og_description":"Las Pruebas y la muerte Determinado ya el objeto de la existencia y siendo m\u00e1s elevado que la fortuna, m\u00e1s elevado que la felicidad, se produce una verdadera revoluci\u00f3n en nuestras aspiraciones. El Universo es un palenque en donde el alma lucha para su engrandecimiento. Lo obtiene por medio de sus trabajos, de sus sacrificios, [&hellip;]","og_url":"https:\/\/nuevo-renacer.com\/en\/las-pruebas-y-la-muerte\/","og_site_name":"Uni\u00f3n Esp\u00edrita","article_publisher":"https:\/\/www.facebook.com\/groups\/3431398063740829","article_modified_time":"2025-05-23T09:45:49+00:00","og_image":[{"width":1280,"height":847,"url":"https:\/\/nuevo-renacer.com\/wp-content\/uploads\/2025\/01\/camera-219958_1280.jpg","type":"image\/jpeg"}],"twitter_card":"summary_large_image","twitter_misc":{"Estimated reading time":"8 minutes"},"schema":{"@context":"https:\/\/schema.org","@graph":[{"@type":"WebPage","@id":"https:\/\/nuevo-renacer.com\/las-pruebas-y-la-muerte\/","url":"https:\/\/nuevo-renacer.com\/las-pruebas-y-la-muerte\/","name":"LAS PRUEBAS Y LA MUERTE - Uni\u00f3n Esp\u00edrita","isPartOf":{"@id":"https:\/\/nuevo-renacer.com\/#website"},"primaryImageOfPage":{"@id":"https:\/\/nuevo-renacer.com\/las-pruebas-y-la-muerte\/#primaryimage"},"image":{"@id":"https:\/\/nuevo-renacer.com\/las-pruebas-y-la-muerte\/#primaryimage"},"thumbnailUrl":"https:\/\/nuevo-renacer.com\/wp-content\/uploads\/2025\/01\/camera-219958_1280-1024x678.jpg","datePublished":"2025-01-07T12:58:10+00:00","dateModified":"2025-05-23T09:45:49+00:00","breadcrumb":{"@id":"https:\/\/nuevo-renacer.com\/las-pruebas-y-la-muerte\/#breadcrumb"},"inLanguage":"en-GB","potentialAction":[{"@type":"ReadAction","target":["https:\/\/nuevo-renacer.com\/las-pruebas-y-la-muerte\/"]}]},{"@type":"ImageObject","inLanguage":"en-GB","@id":"https:\/\/nuevo-renacer.com\/las-pruebas-y-la-muerte\/#primaryimage","url":"https:\/\/nuevo-renacer.com\/wp-content\/uploads\/2025\/01\/camera-219958_1280-1024x678.jpg","contentUrl":"https:\/\/nuevo-renacer.com\/wp-content\/uploads\/2025\/01\/camera-219958_1280-1024x678.jpg"},{"@type":"BreadcrumbList","@id":"https:\/\/nuevo-renacer.com\/las-pruebas-y-la-muerte\/#breadcrumb","itemListElement":[{"@type":"ListItem","position":1,"name":"Startseite","item":"https:\/\/nuevo-renacer.com\/"},{"@type":"ListItem","position":2,"name":"LAS PRUEBAS Y LA MUERTE"}]},{"@type":"WebSite","@id":"https:\/\/nuevo-renacer.com\/#website","url":"https:\/\/nuevo-renacer.com\/","name":"Uni\u00f3n Esp\u00edrita","description":"Nuevo Renacer","publisher":{"@id":"https:\/\/nuevo-renacer.com\/#organization"},"potentialAction":[{"@type":"SearchAction","target":{"@type":"EntryPoint","urlTemplate":"https:\/\/nuevo-renacer.com\/?s={search_term_string}"},"query-input":{"@type":"PropertyValueSpecification","valueRequired":true,"valueName":"search_term_string"}}],"inLanguage":"en-GB"},{"@type":"Organization","@id":"https:\/\/nuevo-renacer.com\/#organization","name":"UFEC","url":"https:\/\/nuevo-renacer.com\/","logo":{"@type":"ImageObject","inLanguage":"en-GB","@id":"https:\/\/nuevo-renacer.com\/#\/schema\/logo\/image\/","url":"https:\/\/nuevo-renacer.com\/wp-content\/uploads\/2024\/05\/cropped-LOGO-TERMINADO1-3-3.png","contentUrl":"https:\/\/nuevo-renacer.com\/wp-content\/uploads\/2024\/05\/cropped-LOGO-TERMINADO1-3-3.png","width":512,"height":512,"caption":"UFEC"},"image":{"@id":"https:\/\/nuevo-renacer.com\/#\/schema\/logo\/image\/"},"sameAs":["https:\/\/www.facebook.com\/groups\/3431398063740829"]}]}},"uagb_featured_image_src":{"full":false,"thumbnail":false,"medium":false,"medium_large":false,"large":false,"1536x1536":false,"2048x2048":false,"trp-custom-language-flag":false},"uagb_author_info":{"display_name":"adbv0","author_link":"https:\/\/nuevo-renacer.com\/en\/author\/adbv0\/"},"uagb_comment_info":0,"uagb_excerpt":"Las Pruebas y la muerte Determinado ya el objeto de la existencia y siendo m\u00e1s elevado que la fortuna, m\u00e1s elevado que la felicidad, se produce una verdadera revoluci\u00f3n en nuestras aspiraciones. El Universo es un palenque en donde el alma lucha para su engrandecimiento. Lo obtiene por medio de sus trabajos, de sus sacrificios,&hellip;","jetpack_sharing_enabled":true,"_links":{"self":[{"href":"https:\/\/nuevo-renacer.com\/en\/wp-json\/wp\/v2\/pages\/6673","targetHints":{"allow":["GET"]}}],"collection":[{"href":"https:\/\/nuevo-renacer.com\/en\/wp-json\/wp\/v2\/pages"}],"about":[{"href":"https:\/\/nuevo-renacer.com\/en\/wp-json\/wp\/v2\/types\/page"}],"author":[{"embeddable":true,"href":"https:\/\/nuevo-renacer.com\/en\/wp-json\/wp\/v2\/users\/1"}],"replies":[{"embeddable":true,"href":"https:\/\/nuevo-renacer.com\/en\/wp-json\/wp\/v2\/comments?post=6673"}],"version-history":[{"count":8,"href":"https:\/\/nuevo-renacer.com\/en\/wp-json\/wp\/v2\/pages\/6673\/revisions"}],"predecessor-version":[{"id":8183,"href":"https:\/\/nuevo-renacer.com\/en\/wp-json\/wp\/v2\/pages\/6673\/revisions\/8183"}],"wp:attachment":[{"href":"https:\/\/nuevo-renacer.com\/en\/wp-json\/wp\/v2\/media?parent=6673"}],"curies":[{"name":"wp","href":"https:\/\/api.w.org\/{rel}","templated":true}]}}