{"id":6619,"date":"2024-12-23T12:22:36","date_gmt":"2024-12-23T12:22:36","guid":{"rendered":"https:\/\/nuevo-renacer.com\/?page_id=6619"},"modified":"2024-12-23T12:22:36","modified_gmt":"2024-12-23T12:22:36","slug":"cornelio-pires","status":"publish","type":"page","link":"https:\/\/nuevo-renacer.com\/en\/cornelio-pires\/","title":{"rendered":"Corn\u00e9lio Pires"},"content":{"rendered":"<div class=\"wp-block-uagb-container uagb-block-d28c2d9f alignfull uagb-is-root-container\"><div class=\"uagb-container-inner-blocks-wrap\">\n<p class=\"has-black-color has-text-color has-link-color has-medium-font-size wp-elements-86c6e391dc068ab5390719aa4fb4d8a4\"><strong>Corn\u00e9lio Pires<\/strong><\/p>\n<\/div><\/div>\n\n\n\n<div class=\"wp-block-uagb-container uagb-block-2fb2157b alignfull uagb-is-root-container\"><div class=\"uagb-container-inner-blocks-wrap\">\n<figure class=\"wp-block-image size-full is-resized\"><img decoding=\"async\" width=\"115\" height=\"136\" src=\"https:\/\/nuevo-renacer.com\/wp-content\/uploads\/2024\/12\/cornelio_pires.jpg\" alt=\"\" class=\"wp-image-6620\" style=\"width:227px;height:auto\" srcset=\"https:\/\/nuevo-renacer.com\/wp-content\/uploads\/2024\/12\/cornelio_pires.jpg 115w, https:\/\/nuevo-renacer.com\/wp-content\/uploads\/2024\/12\/cornelio_pires-10x12.jpg 10w\" sizes=\"(max-width: 115px) 100vw, 115px\" \/><\/figure>\n<\/div><\/div>\n\n\n\n<div class=\"wp-block-uagb-container uagb-block-3d9a423d alignfull uagb-is-root-container\"><div class=\"uagb-container-inner-blocks-wrap\">\n<p class=\"has-black-color has-text-color has-link-color has-small-font-size wp-elements-9d2fdf686c4f5a81e4609afb1f85b371\">Corn\u00e9lio Pires was born on 13 July 1884 in the city of Tiet\u00ea in the state of S\u00e3o Paulo and died on 17 February 1958 in the city of S\u00e3o Paulo. He was a man with a distinctive personality and became a popular and prominent figure throughout Brazil, thanks to his work travelling through the inland cities of the state of S\u00e3o Paulo and other states, making his debut as a country comedian. In his youth, he aspired to take an entrance exam for a pharmacy school. With this goal in mind, he travelled from Tiet\u00ea to S\u00e3o Paulo to register as a candidate for one of these competitions, but despite his achievements, he was unsuccessful in this attempt.<\/p>\n\n\n\n<p class=\"has-black-color has-text-color has-link-color has-small-font-size wp-elements-bcd3409592010259bca203485127a579\">He then decided to dedicate himself to journalism and began working in the editorial department of the newspaper O Com\u00e9rcio de S\u00e3o Paulo, where he underwent a rather gruelling training. He then worked for the newspapers O S\u00e3o Paulo and O Estado de S\u00e3o Paulo, traditional press organs in S\u00e3o Paulo, where he worked as a proofreader, and finally, in 1914, he began writing for the newspaper O Pirralho. Many writers have commented on the personality of Corn\u00e9lio Pires, and to illustrate this, let us quote Joffre Martins Veiga, who wrote in his work A Vida Pitoresca de Corn\u00e9lio Pires: \u2018No one loved his people as much as Corn\u00e9lio Pires; no one cared for his fellow human beings as much as this man, who was above all a good person\u2019. The famous poet Martins Fontes wrote about him: \u2018He is a pure bandeirante, a tireless artist, an ennobler of the land and an enricher of the language\u2019.<\/p>\n\n\n\n<p class=\"has-black-color has-text-color has-link-color has-small-font-size wp-elements-41f13722b6de1dd6ba91523f46cf305c\">The great journalist Amadeu Amaral also admired him and suggested that he become one of the greatest disseminators of Brazilian folklore.<\/p>\n\n\n\n<p class=\"has-black-color has-text-color has-link-color has-small-font-size wp-elements-07eb16c71ff12cdbae74ad595de35241\">Around 1910, Corn\u00e9lio Pires published the book Musa Caipira, a work that was highly praised by critics thanks to its typically Brazilian content. S\u00edlvio Romero became one of its most prominent critics and commented on the publication of this work as follows: \"I greatly appreciated the chiste, the local colour, the grace and spontaneity of his productions, which, in addition to their intrinsic value, are an excellent document for the study of the Brazilianisms of our language\".<\/p>\n\n\n\n<p class=\"has-black-color has-text-color has-link-color has-small-font-size wp-elements-25b144861258e7ba0bfe2cc2468a39b9\">At the beginning of this century, Corn\u00e9lio Pires joined the Presbyterian Church, but could not reconcile the teachings of this religion with his way of thinking. He accepted neither the existence of eternal punishment nor a God who favoured the followers of certain religions. His excessive adherence to literalism in the interpretation of the Gospel texts almost led him to slide into materialism.<\/p>\n\n\n\n<p class=\"has-black-color has-text-color has-link-color has-small-font-size wp-elements-c2d49026096b04bacd017f5e9a275563\">At that time he did not yet know what the Spiritism was, but while travelling in the countryside he experienced various mediumistic phenomena, including some messages from the spirit Emilio de Menezes, which made a great impression on him. He then began to study spiritualist works, in particular those of Allan Kardec, Leon Denis, Albert de Rochas and some books by the medium Francisco C\u00e2ndido Xavier.<\/p>\n\n\n\n<p class=\"has-black-color has-text-color has-link-color has-small-font-size wp-elements-4a32c57edfa717e92c33a8c23c58dee0\">From then on, he became intensively involved in the Spiritism and was very interested in the phenomena of physical effects. From 1944 to 1947, he wrote the books Coisas do Outro Mundo and Onde est\u00e1s, \u00f3 morte? (Where are you, Death?), and he died while working on Colet\u00e2nea Esp\u00edrita (Spiritist Collection).<\/p>\n\n\n\n<p class=\"has-black-color has-text-color has-link-color has-small-font-size wp-elements-ab53f80dc7ec6cbc2f3b7b4ec1ec2fb5\">His extensive bibliography includes: Musa Caipira, Versos Velhos, Cenas e Paisagens de minha Terra, Monturo, Quem conta um conto, Conversas ao P\u00e9 do Fogo, Estramb\u00f3ticas Aventuras de Joaquim Bentinho - O Queima Campo, Trag\u00e9dia Cabocla, Patacoadas, Seleta Caipira, Almanaque do Saci, Mix\u00f3rdias, Meu Sambur\u00e1, Sambas e Cateret\u00eas, Tarrafas, Chorando e Rindo, De Roupa Nova, S\u00f3 Rindo, Ta no Boc\u00f3, Quem conta um Conto e outros Contos. ..., Enciclop\u00e9dia de anedotas e Curiosidades, as well as the two spiritist books mentioned above.<\/p>\n\n\n\n<p class=\"has-black-color has-text-color has-link-color has-small-font-size wp-elements-8a53d6bdd1fd203ad1e53987f7221fa4\">In one of his writings on Spiritism he said: \"The Spiritism will sooner or later do Roman Catholics, Protestants and followers of other religions the favour of strengthening their faith with the facts that prove the immortality of the soul, which transforms into a spirit when it leaves the material shell\", and further: \"The Spiritism gives us a RATIONAL FAITH, frees us from the yoke of dogma and teaches us to understand GOD as he is\".<\/p>\n\n\n\n<p class=\"has-black-color has-text-color has-link-color has-small-font-size wp-elements-a429368d291771da2adfeda753a5d368\">Shortly before his disincarnation, Corn\u00e9lio Pires, who had proved that he had internalised the commandment of Jesus Christ \u2018Love your neighbour as yourself\u2019, returned to the town of Tiet\u00ea and bought a farm there, where he founded the \u2018Granja de Jesus\u2019, a home for destitute children. Unfortunately, he did not live to see the end of this institution.<\/p>\n\n\n\n<p class=\"has-black-color has-text-color has-link-color has-small-font-size wp-elements-c83ba380274bd1a9e01ed2d6add65233\">Corn\u00e9lio Pires even organised the \u2018Teatro Ambulante Corn\u00e9lio Pires\u2019, with which he travelled from city to city and was applauded by the entire Brazilian population wherever he went. This project was realised after he had given up his career as a journalist. This book is a short biography of this tireless fighter who fulfilled a most meritorious task on earth.<\/p>\n<\/div><\/div>\n\n\n\n<div class=\"wp-block-uagb-container uagb-block-8143c838 alignfull uagb-is-root-container\"><div class=\"uagb-container-inner-blocks-wrap\"><\/div><\/div>\n\n\n\n<div class=\"wp-block-uagb-container uagb-block-5431779a alignfull uagb-is-root-container\"><div class=\"uagb-container-inner-blocks-wrap\"><\/div><\/div>","protected":false},"excerpt":{"rendered":"<p>Corn\u00e9lio Pires Corn\u00e9lio Pires naci\u00f3 en la ciudad de Tiet\u00ea, en el estado de S\u00e3o Paulo, el 13 de julio de 1884, y muri\u00f3 en la ciudad de S\u00e3o Paulo el 17 de febrero de 1958. Hombre de personalidad inconfundible, se convirti\u00f3 en una figura popular y destacada en todo Brasil gracias al trabajo que [&hellip;]<\/p>","protected":false},"author":1,"featured_media":0,"parent":0,"menu_order":0,"comment_status":"closed","ping_status":"closed","template":"","meta":{"_uag_custom_page_level_css":"","site-sidebar-layout":"default","site-content-layout":"","ast-site-content-layout":"default","site-content-style":"default","site-sidebar-style":"default","ast-global-header-display":"","ast-banner-title-visibility":"","ast-main-header-display":"","ast-hfb-above-header-display":"","ast-hfb-below-header-display":"","ast-hfb-mobile-header-display":"","site-post-title":"disabled","ast-breadcrumbs-content":"","ast-featured-img":"","footer-sml-layout":"","theme-transparent-header-meta":"","adv-header-id-meta":"","stick-header-meta":"","header-above-stick-meta":"","header-main-stick-meta":"","header-below-stick-meta":"","astra-migrate-meta-layouts":"set","ast-page-background-enabled":"default","ast-page-background-meta":{"desktop":{"background-color":"var(--ast-global-color-4)","background-image":"","background-repeat":"repeat","background-position":"center center","background-size":"auto","background-attachment":"scroll","background-type":"","background-media":"","overlay-type":"","overlay-color":"","overlay-opacity":"","overlay-gradient":""},"tablet":{"background-color":"","background-image":"","background-repeat":"repeat","background-position":"center center","background-size":"auto","background-attachment":"scroll","background-type":"","background-media":"","overlay-type":"","overlay-color":"","overlay-opacity":"","overlay-gradient":""},"mobile":{"background-color":"","background-image":"","background-repeat":"repeat","background-position":"center center","background-size":"auto","background-attachment":"scroll","background-type":"","background-media":"","overlay-type":"","overlay-color":"","overlay-opacity":"","overlay-gradient":""}},"ast-content-background-meta":{"desktop":{"background-color":"var(--ast-global-color-5)","background-image":"","background-repeat":"repeat","background-position":"center center","background-size":"auto","background-attachment":"scroll","background-type":"","background-media":"","overlay-type":"","overlay-color":"","overlay-opacity":"","overlay-gradient":""},"tablet":{"background-color":"var(--ast-global-color-5)","background-image":"","background-repeat":"repeat","background-position":"center center","background-size":"auto","background-attachment":"scroll","background-type":"","background-media":"","overlay-type":"","overlay-color":"","overlay-opacity":"","overlay-gradient":""},"mobile":{"background-color":"var(--ast-global-color-5)","background-image":"","background-repeat":"repeat","background-position":"center center","background-size":"auto","background-attachment":"scroll","background-type":"","background-media":"","overlay-type":"","overlay-color":"","overlay-opacity":"","overlay-gradient":""}},"footnotes":""},"class_list":["post-6619","page","type-page","status-publish","hentry"],"yoast_head":"<!-- This site is optimized with the Yoast SEO Premium plugin v24.2 (Yoast SEO v24.6) - https:\/\/yoast.com\/wordpress\/plugins\/seo\/ -->\n<title>Corn\u00e9lio Pires - Uni\u00f3n Esp\u00edrita<\/title>\n<meta name=\"robots\" content=\"index, follow, max-snippet:-1, max-image-preview:large, max-video-preview:-1\" \/>\n<link rel=\"canonical\" href=\"https:\/\/nuevo-renacer.com\/en\/cornelio-pires\/\" \/>\n<meta property=\"og:locale\" content=\"en_GB\" \/>\n<meta property=\"og:type\" content=\"article\" \/>\n<meta property=\"og:title\" content=\"Corn\u00e9lio Pires\" \/>\n<meta property=\"og:description\" content=\"Corn\u00e9lio Pires Corn\u00e9lio Pires naci\u00f3 en la ciudad de Tiet\u00ea, en el estado de S\u00e3o Paulo, el 13 de julio de 1884, y muri\u00f3 en la ciudad de S\u00e3o Paulo el 17 de febrero de 1958. Hombre de personalidad inconfundible, se convirti\u00f3 en una figura popular y destacada en todo Brasil gracias al trabajo que [&hellip;]\" \/>\n<meta property=\"og:url\" content=\"https:\/\/nuevo-renacer.com\/en\/cornelio-pires\/\" \/>\n<meta property=\"og:site_name\" content=\"Uni\u00f3n Esp\u00edrita\" \/>\n<meta property=\"article:publisher\" content=\"https:\/\/www.facebook.com\/groups\/3431398063740829\" \/>\n<meta property=\"og:image\" content=\"https:\/\/nuevo-renacer.com\/wp-content\/uploads\/2024\/12\/cornelio_pires.jpg\" \/>\n\t<meta property=\"og:image:width\" content=\"115\" \/>\n\t<meta property=\"og:image:height\" content=\"136\" \/>\n\t<meta property=\"og:image:type\" content=\"image\/jpeg\" \/>\n<meta name=\"twitter:card\" content=\"summary_large_image\" \/>\n<meta name=\"twitter:label1\" content=\"Estimated reading time\" \/>\n\t<meta name=\"twitter:data1\" content=\"4 minutes\" \/>\n<script type=\"application\/ld+json\" class=\"yoast-schema-graph\">{\"@context\":\"https:\/\/schema.org\",\"@graph\":[{\"@type\":\"WebPage\",\"@id\":\"https:\/\/nuevo-renacer.com\/cornelio-pires\/\",\"url\":\"https:\/\/nuevo-renacer.com\/cornelio-pires\/\",\"name\":\"Corn\u00e9lio Pires - Uni\u00f3n Esp\u00edrita\",\"isPartOf\":{\"@id\":\"https:\/\/nuevo-renacer.com\/#website\"},\"primaryImageOfPage\":{\"@id\":\"https:\/\/nuevo-renacer.com\/cornelio-pires\/#primaryimage\"},\"image\":{\"@id\":\"https:\/\/nuevo-renacer.com\/cornelio-pires\/#primaryimage\"},\"thumbnailUrl\":\"https:\/\/nuevo-renacer.com\/wp-content\/uploads\/2024\/12\/cornelio_pires.jpg\",\"datePublished\":\"2024-12-23T12:22:36+00:00\",\"breadcrumb\":{\"@id\":\"https:\/\/nuevo-renacer.com\/cornelio-pires\/#breadcrumb\"},\"inLanguage\":\"en-GB\",\"potentialAction\":[{\"@type\":\"ReadAction\",\"target\":[\"https:\/\/nuevo-renacer.com\/cornelio-pires\/\"]}]},{\"@type\":\"ImageObject\",\"inLanguage\":\"en-GB\",\"@id\":\"https:\/\/nuevo-renacer.com\/cornelio-pires\/#primaryimage\",\"url\":\"https:\/\/nuevo-renacer.com\/wp-content\/uploads\/2024\/12\/cornelio_pires.jpg\",\"contentUrl\":\"https:\/\/nuevo-renacer.com\/wp-content\/uploads\/2024\/12\/cornelio_pires.jpg\"},{\"@type\":\"BreadcrumbList\",\"@id\":\"https:\/\/nuevo-renacer.com\/cornelio-pires\/#breadcrumb\",\"itemListElement\":[{\"@type\":\"ListItem\",\"position\":1,\"name\":\"Startseite\",\"item\":\"https:\/\/nuevo-renacer.com\/\"},{\"@type\":\"ListItem\",\"position\":2,\"name\":\"Corn\u00e9lio Pires\"}]},{\"@type\":\"WebSite\",\"@id\":\"https:\/\/nuevo-renacer.com\/#website\",\"url\":\"https:\/\/nuevo-renacer.com\/\",\"name\":\"Uni\u00f3n Esp\u00edrita\",\"description\":\"Nuevo Renacer\",\"publisher\":{\"@id\":\"https:\/\/nuevo-renacer.com\/#organization\"},\"potentialAction\":[{\"@type\":\"SearchAction\",\"target\":{\"@type\":\"EntryPoint\",\"urlTemplate\":\"https:\/\/nuevo-renacer.com\/?s={search_term_string}\"},\"query-input\":{\"@type\":\"PropertyValueSpecification\",\"valueRequired\":true,\"valueName\":\"search_term_string\"}}],\"inLanguage\":\"en-GB\"},{\"@type\":\"Organization\",\"@id\":\"https:\/\/nuevo-renacer.com\/#organization\",\"name\":\"UFEC\",\"url\":\"https:\/\/nuevo-renacer.com\/\",\"logo\":{\"@type\":\"ImageObject\",\"inLanguage\":\"en-GB\",\"@id\":\"https:\/\/nuevo-renacer.com\/#\/schema\/logo\/image\/\",\"url\":\"https:\/\/nuevo-renacer.com\/wp-content\/uploads\/2024\/05\/cropped-LOGO-TERMINADO1-3-3.png\",\"contentUrl\":\"https:\/\/nuevo-renacer.com\/wp-content\/uploads\/2024\/05\/cropped-LOGO-TERMINADO1-3-3.png\",\"width\":512,\"height\":512,\"caption\":\"UFEC\"},\"image\":{\"@id\":\"https:\/\/nuevo-renacer.com\/#\/schema\/logo\/image\/\"},\"sameAs\":[\"https:\/\/www.facebook.com\/groups\/3431398063740829\"]}]}<\/script>\n<!-- \/ Yoast SEO Premium plugin. -->","yoast_head_json":{"title":"Corn\u00e9lio Pires - Uni\u00f3n Esp\u00edrita","robots":{"index":"index","follow":"follow","max-snippet":"max-snippet:-1","max-image-preview":"max-image-preview:large","max-video-preview":"max-video-preview:-1"},"canonical":"https:\/\/nuevo-renacer.com\/en\/cornelio-pires\/","og_locale":"en_GB","og_type":"article","og_title":"Corn\u00e9lio Pires","og_description":"Corn\u00e9lio Pires Corn\u00e9lio Pires naci\u00f3 en la ciudad de Tiet\u00ea, en el estado de S\u00e3o Paulo, el 13 de julio de 1884, y muri\u00f3 en la ciudad de S\u00e3o Paulo el 17 de febrero de 1958. Hombre de personalidad inconfundible, se convirti\u00f3 en una figura popular y destacada en todo Brasil gracias al trabajo que [&hellip;]","og_url":"https:\/\/nuevo-renacer.com\/en\/cornelio-pires\/","og_site_name":"Uni\u00f3n Esp\u00edrita","article_publisher":"https:\/\/www.facebook.com\/groups\/3431398063740829","og_image":[{"width":115,"height":136,"url":"https:\/\/nuevo-renacer.com\/wp-content\/uploads\/2024\/12\/cornelio_pires.jpg","type":"image\/jpeg"}],"twitter_card":"summary_large_image","twitter_misc":{"Estimated reading time":"4 minutes"},"schema":{"@context":"https:\/\/schema.org","@graph":[{"@type":"WebPage","@id":"https:\/\/nuevo-renacer.com\/cornelio-pires\/","url":"https:\/\/nuevo-renacer.com\/cornelio-pires\/","name":"Corn\u00e9lio Pires - Uni\u00f3n Esp\u00edrita","isPartOf":{"@id":"https:\/\/nuevo-renacer.com\/#website"},"primaryImageOfPage":{"@id":"https:\/\/nuevo-renacer.com\/cornelio-pires\/#primaryimage"},"image":{"@id":"https:\/\/nuevo-renacer.com\/cornelio-pires\/#primaryimage"},"thumbnailUrl":"https:\/\/nuevo-renacer.com\/wp-content\/uploads\/2024\/12\/cornelio_pires.jpg","datePublished":"2024-12-23T12:22:36+00:00","breadcrumb":{"@id":"https:\/\/nuevo-renacer.com\/cornelio-pires\/#breadcrumb"},"inLanguage":"en-GB","potentialAction":[{"@type":"ReadAction","target":["https:\/\/nuevo-renacer.com\/cornelio-pires\/"]}]},{"@type":"ImageObject","inLanguage":"en-GB","@id":"https:\/\/nuevo-renacer.com\/cornelio-pires\/#primaryimage","url":"https:\/\/nuevo-renacer.com\/wp-content\/uploads\/2024\/12\/cornelio_pires.jpg","contentUrl":"https:\/\/nuevo-renacer.com\/wp-content\/uploads\/2024\/12\/cornelio_pires.jpg"},{"@type":"BreadcrumbList","@id":"https:\/\/nuevo-renacer.com\/cornelio-pires\/#breadcrumb","itemListElement":[{"@type":"ListItem","position":1,"name":"Startseite","item":"https:\/\/nuevo-renacer.com\/"},{"@type":"ListItem","position":2,"name":"Corn\u00e9lio Pires"}]},{"@type":"WebSite","@id":"https:\/\/nuevo-renacer.com\/#website","url":"https:\/\/nuevo-renacer.com\/","name":"Uni\u00f3n Esp\u00edrita","description":"Nuevo Renacer","publisher":{"@id":"https:\/\/nuevo-renacer.com\/#organization"},"potentialAction":[{"@type":"SearchAction","target":{"@type":"EntryPoint","urlTemplate":"https:\/\/nuevo-renacer.com\/?s={search_term_string}"},"query-input":{"@type":"PropertyValueSpecification","valueRequired":true,"valueName":"search_term_string"}}],"inLanguage":"en-GB"},{"@type":"Organization","@id":"https:\/\/nuevo-renacer.com\/#organization","name":"UFEC","url":"https:\/\/nuevo-renacer.com\/","logo":{"@type":"ImageObject","inLanguage":"en-GB","@id":"https:\/\/nuevo-renacer.com\/#\/schema\/logo\/image\/","url":"https:\/\/nuevo-renacer.com\/wp-content\/uploads\/2024\/05\/cropped-LOGO-TERMINADO1-3-3.png","contentUrl":"https:\/\/nuevo-renacer.com\/wp-content\/uploads\/2024\/05\/cropped-LOGO-TERMINADO1-3-3.png","width":512,"height":512,"caption":"UFEC"},"image":{"@id":"https:\/\/nuevo-renacer.com\/#\/schema\/logo\/image\/"},"sameAs":["https:\/\/www.facebook.com\/groups\/3431398063740829"]}]}},"uagb_featured_image_src":{"full":false,"thumbnail":false,"medium":false,"medium_large":false,"large":false,"1536x1536":false,"2048x2048":false,"trp-custom-language-flag":false},"uagb_author_info":{"display_name":"adbv0","author_link":"https:\/\/nuevo-renacer.com\/en\/author\/adbv0\/"},"uagb_comment_info":0,"uagb_excerpt":"Corn\u00e9lio Pires Corn\u00e9lio Pires naci\u00f3 en la ciudad de Tiet\u00ea, en el estado de S\u00e3o Paulo, el 13 de julio de 1884, y muri\u00f3 en la ciudad de S\u00e3o Paulo el 17 de febrero de 1958. Hombre de personalidad inconfundible, se convirti\u00f3 en una figura popular y destacada en todo Brasil gracias al trabajo que&hellip;","jetpack_sharing_enabled":true,"_links":{"self":[{"href":"https:\/\/nuevo-renacer.com\/en\/wp-json\/wp\/v2\/pages\/6619","targetHints":{"allow":["GET"]}}],"collection":[{"href":"https:\/\/nuevo-renacer.com\/en\/wp-json\/wp\/v2\/pages"}],"about":[{"href":"https:\/\/nuevo-renacer.com\/en\/wp-json\/wp\/v2\/types\/page"}],"author":[{"embeddable":true,"href":"https:\/\/nuevo-renacer.com\/en\/wp-json\/wp\/v2\/users\/1"}],"replies":[{"embeddable":true,"href":"https:\/\/nuevo-renacer.com\/en\/wp-json\/wp\/v2\/comments?post=6619"}],"version-history":[{"count":1,"href":"https:\/\/nuevo-renacer.com\/en\/wp-json\/wp\/v2\/pages\/6619\/revisions"}],"predecessor-version":[{"id":6621,"href":"https:\/\/nuevo-renacer.com\/en\/wp-json\/wp\/v2\/pages\/6619\/revisions\/6621"}],"wp:attachment":[{"href":"https:\/\/nuevo-renacer.com\/en\/wp-json\/wp\/v2\/media?parent=6619"}],"curies":[{"name":"wp","href":"https:\/\/api.w.org\/{rel}","templated":true}]}}