{"id":6513,"date":"2024-12-11T16:39:06","date_gmt":"2024-12-11T16:39:06","guid":{"rendered":"https:\/\/nuevo-renacer.com\/?page_id=6513"},"modified":"2025-01-17T11:24:10","modified_gmt":"2025-01-17T11:24:10","slug":"regina","status":"publish","type":"page","link":"https:\/\/nuevo-renacer.com\/en\/regina\/","title":{"rendered":"Regina"},"content":{"rendered":"<div class=\"wp-block-uagb-container uagb-block-09423ce9 alignfull uagb-is-root-container\"><div class=\"uagb-container-inner-blocks-wrap\">\n<p class=\"has-black-color has-text-color has-link-color has-medium-font-size wp-elements-f39243c632b414d6b53c2f2de828548b\"><strong>Regina<\/strong><\/p>\n<\/div><\/div>\n\n\n\n<div class=\"wp-block-uagb-container uagb-block-5a101c0b alignfull uagb-is-root-container\"><div class=\"uagb-container-inner-blocks-wrap\">\n<figure class=\"wp-block-image size-large is-resized\"><img fetchpriority=\"high\" decoding=\"async\" width=\"1024\" height=\"831\" src=\"https:\/\/nuevo-renacer.com\/wp-content\/uploads\/2024\/12\/e75f40aa-59ad-4875-9cd9-2e0fdcbd2dbe-1024x831.jpg\" alt=\"\" class=\"wp-image-6516\" style=\"width:362px;height:auto\" srcset=\"https:\/\/nuevo-renacer.com\/wp-content\/uploads\/2024\/12\/e75f40aa-59ad-4875-9cd9-2e0fdcbd2dbe-1024x831.jpg 1024w, https:\/\/nuevo-renacer.com\/wp-content\/uploads\/2024\/12\/e75f40aa-59ad-4875-9cd9-2e0fdcbd2dbe-300x243.jpg 300w, https:\/\/nuevo-renacer.com\/wp-content\/uploads\/2024\/12\/e75f40aa-59ad-4875-9cd9-2e0fdcbd2dbe-768x623.jpg 768w, https:\/\/nuevo-renacer.com\/wp-content\/uploads\/2024\/12\/e75f40aa-59ad-4875-9cd9-2e0fdcbd2dbe-15x12.jpg 15w, https:\/\/nuevo-renacer.com\/wp-content\/uploads\/2024\/12\/e75f40aa-59ad-4875-9cd9-2e0fdcbd2dbe.jpg 1241w\" sizes=\"(max-width: 1024px) 100vw, 1024px\" \/><\/figure>\n<\/div><\/div>\n\n\n\n<div class=\"wp-block-uagb-container uagb-block-73aceeb3 alignfull uagb-is-root-container\"><div class=\"uagb-container-inner-blocks-wrap\">\n<div class=\"wp-block-group is-layout-constrained wp-block-group-is-layout-constrained\">\n<p class=\"has-black-color has-text-color has-link-color has-small-font-size wp-elements-162262366def24a3e9db505691de2cd3\">Native country: Germany<br>Date of birth: 17.01.1967<br>Mediumship: Painters and draughtsmen<\/p>\n<\/div>\n<\/div><\/div>\n\n\n\n<div class=\"wp-block-uagb-container uagb-block-c6a1c2d5 alignfull uagb-is-root-container\"><div class=\"uagb-container-inner-blocks-wrap\"><\/div><\/div>\n\n\n\n<div class=\"wp-block-uagb-container uagb-block-2cbe5dca alignfull uagb-is-root-container\"><div class=\"uagb-container-inner-blocks-wrap\">\n<p class=\"has-black-color has-text-color has-link-color has-small-font-size wp-elements-af3a3200cb537290d2c8c3d54e8f7315\">My spiritual name is Sharon Soma, my earthly name is Regina.<\/p>\n\n\n\n<p class=\"has-black-color has-text-color has-link-color has-small-font-size wp-elements-ea469fd3e8825e7f9986f9dcaad3f497\">The spirits have been coming to me since I was a child, I was never afraid of them, it was normal for me. My parents always said I was different, well, I didn't feel that way. I grew up in Hagen and now live in the beautiful Lower Rhine region. I worked as a reincarnation guide for a long time and still do, but as I also have a secular job, my spiritual work has unfortunately been somewhat neglected. Now the time has come for me to focus more on spiritual work. I have started to draw, I have to say that I never learned to draw. They are portraits of deceased people, I don't know them and I don't know who I am drawing, I just draw and receive messages, that's all. I let my spirit guide me. I am still at the beginning with this, as it is a very delicate subject, it requires a lot of empathy and I don't know these drawn personalities. The spirits come to convey to their loved ones that death is not the end.<\/p>\n\n\n\n<p class=\"has-black-color has-text-color has-link-color has-small-font-size wp-elements-5e545f6eeeb20ea73cb6fc9ad847be18\">I am firmly convinced that every person has a soul and that it continues to exist even after death. I have already helped many people to cope with their grief and have shown them that the loss of their loved ones does not mean the end. Through my portrait drawings of the spirit world, they can see how happy their loved ones are in heaven, so they can see for themselves: Death is not goodbye forever; it continues! It fills me with joy to see how people are comforted by my work and regain hope. My task here on earth is to support the bereaved and to bring them a little closer to the spiritual world. With my drawings of their deceased loved ones in heaven, I want to show them that death does not really exist: Death does not really exist; you simply shed your earthly shell. I am convinced that everyone has a soul and that it continues to exist after death. I have already helped many people to cope with their grief and have shown them that the loss of their loved ones does not mean the end. Through my portrait drawings of the spirit world, they can see how happy their loved ones are in heaven and thus know for themselves: Death is not goodbye forever: it continues! It fills me with joy to see how people are comforted by my work and regain hope.<\/p>\n\n\n\n<p class=\"has-black-color has-text-color has-link-color has-small-font-size wp-elements-ee4f651a099c114c3dbfb9aab347a102\">I firmly believe that the deceased are still close to us and that we can feel their presence. With my portraits I want to give the bereaved the opportunity to experience this closeness and connect with their loved ones in the afterlife. It is often difficult to accept and cope with the death of a loved one. But receiving signs from the afterlife can ease some of the pain. My portraits are signs that our loved ones are not completely gone. I am grateful for the gift of painting and I am happy every time I can help someone to cope better with their grief. It fills me with joy to see how my works help to bring hope back into the lives of my clients. In my opinion, it is important to reach a place of love after death. I hope that my work helps each person to find the place where they belong.<\/p>\n<\/div><\/div>\n\n\n\n<div class=\"wp-block-uagb-container uagb-block-5603e4ff alignfull uagb-is-root-container\"><div class=\"uagb-container-inner-blocks-wrap\"><\/div><\/div>\n\n\n\n<div class=\"wp-block-uagb-container uagb-block-a9868c7a alignfull uagb-is-root-container\"><div class=\"uagb-container-inner-blocks-wrap\"><\/div><\/div>\n\n\n\n<div class=\"wp-block-uagb-container uagb-block-e18ac5aa alignfull uagb-is-root-container\"><div class=\"uagb-container-inner-blocks-wrap\">\n<figure class=\"wp-block-gallery has-nested-images columns-default is-cropped wp-block-gallery-1 is-layout-flex wp-block-gallery-is-layout-flex\">\n<figure class=\"wp-block-image size-large\"><img decoding=\"async\" width=\"723\" height=\"1024\" data-id=\"6524\" src=\"https:\/\/nuevo-renacer.com\/wp-content\/uploads\/2024\/12\/462572911_1239053297364979_3299540902117508766_n-723x1024.jpg\" alt=\"\" class=\"wp-image-6524\" srcset=\"https:\/\/nuevo-renacer.com\/wp-content\/uploads\/2024\/12\/462572911_1239053297364979_3299540902117508766_n-723x1024.jpg 723w, https:\/\/nuevo-renacer.com\/wp-content\/uploads\/2024\/12\/462572911_1239053297364979_3299540902117508766_n-212x300.jpg 212w, https:\/\/nuevo-renacer.com\/wp-content\/uploads\/2024\/12\/462572911_1239053297364979_3299540902117508766_n-768x1087.jpg 768w, https:\/\/nuevo-renacer.com\/wp-content\/uploads\/2024\/12\/462572911_1239053297364979_3299540902117508766_n-1085x1536.jpg 1085w, https:\/\/nuevo-renacer.com\/wp-content\/uploads\/2024\/12\/462572911_1239053297364979_3299540902117508766_n-8x12.jpg 8w, https:\/\/nuevo-renacer.com\/wp-content\/uploads\/2024\/12\/462572911_1239053297364979_3299540902117508766_n.jpg 1130w\" sizes=\"(max-width: 723px) 100vw, 723px\" \/><\/figure>\n\n\n\n<figure class=\"wp-block-image size-large\"><img decoding=\"async\" width=\"749\" height=\"1024\" data-id=\"6527\" src=\"https:\/\/nuevo-renacer.com\/wp-content\/uploads\/2024\/12\/462638775_1102266531550913_2013481790965567135_n-749x1024.jpg\" alt=\"\" class=\"wp-image-6527\" srcset=\"https:\/\/nuevo-renacer.com\/wp-content\/uploads\/2024\/12\/462638775_1102266531550913_2013481790965567135_n-749x1024.jpg 749w, https:\/\/nuevo-renacer.com\/wp-content\/uploads\/2024\/12\/462638775_1102266531550913_2013481790965567135_n-219x300.jpg 219w, https:\/\/nuevo-renacer.com\/wp-content\/uploads\/2024\/12\/462638775_1102266531550913_2013481790965567135_n-768x1051.jpg 768w, https:\/\/nuevo-renacer.com\/wp-content\/uploads\/2024\/12\/462638775_1102266531550913_2013481790965567135_n-1123x1536.jpg 1123w, https:\/\/nuevo-renacer.com\/wp-content\/uploads\/2024\/12\/462638775_1102266531550913_2013481790965567135_n-9x12.jpg 9w, https:\/\/nuevo-renacer.com\/wp-content\/uploads\/2024\/12\/462638775_1102266531550913_2013481790965567135_n.jpg 1220w\" sizes=\"(max-width: 749px) 100vw, 749px\" \/><\/figure>\n\n\n\n<figure class=\"wp-block-image size-large\"><img loading=\"lazy\" decoding=\"async\" width=\"760\" height=\"1024\" data-id=\"6526\" src=\"https:\/\/nuevo-renacer.com\/wp-content\/uploads\/2024\/12\/467324649_1126586245523870_3339854446287958657_n-760x1024.jpg\" alt=\"\" class=\"wp-image-6526\" srcset=\"https:\/\/nuevo-renacer.com\/wp-content\/uploads\/2024\/12\/467324649_1126586245523870_3339854446287958657_n-760x1024.jpg 760w, https:\/\/nuevo-renacer.com\/wp-content\/uploads\/2024\/12\/467324649_1126586245523870_3339854446287958657_n-223x300.jpg 223w, https:\/\/nuevo-renacer.com\/wp-content\/uploads\/2024\/12\/467324649_1126586245523870_3339854446287958657_n-768x1034.jpg 768w, https:\/\/nuevo-renacer.com\/wp-content\/uploads\/2024\/12\/467324649_1126586245523870_3339854446287958657_n-1141x1536.jpg 1141w, https:\/\/nuevo-renacer.com\/wp-content\/uploads\/2024\/12\/467324649_1126586245523870_3339854446287958657_n-9x12.jpg 9w, https:\/\/nuevo-renacer.com\/wp-content\/uploads\/2024\/12\/467324649_1126586245523870_3339854446287958657_n.jpg 1194w\" sizes=\"(max-width: 760px) 100vw, 760px\" \/><\/figure>\n\n\n\n<figure class=\"wp-block-image size-large\"><img loading=\"lazy\" decoding=\"async\" width=\"808\" height=\"1024\" data-id=\"6528\" src=\"https:\/\/nuevo-renacer.com\/wp-content\/uploads\/2024\/12\/462581844_887018966564980_2016142337885539496_n-808x1024.jpg\" alt=\"\" class=\"wp-image-6528\" srcset=\"https:\/\/nuevo-renacer.com\/wp-content\/uploads\/2024\/12\/462581844_887018966564980_2016142337885539496_n-808x1024.jpg 808w, https:\/\/nuevo-renacer.com\/wp-content\/uploads\/2024\/12\/462581844_887018966564980_2016142337885539496_n-237x300.jpg 237w, https:\/\/nuevo-renacer.com\/wp-content\/uploads\/2024\/12\/462581844_887018966564980_2016142337885539496_n-768x973.jpg 768w, https:\/\/nuevo-renacer.com\/wp-content\/uploads\/2024\/12\/462581844_887018966564980_2016142337885539496_n-1212x1536.jpg 1212w, https:\/\/nuevo-renacer.com\/wp-content\/uploads\/2024\/12\/462581844_887018966564980_2016142337885539496_n-9x12.jpg 9w, https:\/\/nuevo-renacer.com\/wp-content\/uploads\/2024\/12\/462581844_887018966564980_2016142337885539496_n.jpg 1515w\" sizes=\"(max-width: 808px) 100vw, 808px\" \/><\/figure>\n<\/figure>\n<\/div><\/div>\n\n\n\n<div class=\"wp-block-uagb-container uagb-block-5ac279a8 alignfull uagb-is-root-container\"><div class=\"uagb-container-inner-blocks-wrap\"><\/div><\/div>\n\n\n\n<div class=\"wp-block-uagb-container uagb-block-69bbf23e alignfull uagb-is-root-container\"><div class=\"uagb-container-inner-blocks-wrap\"><\/div><\/div>","protected":false},"excerpt":{"rendered":"<p>Regina Pa\u00eds natal: AlemaniaFecha de nacimiento: 17.01.1967Mediumnidad: Pintores y dibujantes Mi nombre espiritual es Sharon Soma, mi nombre terrenal es Regina. Los esp\u00edritus han venido a m\u00ed desde que era ni\u00f1a, nunca les tuve miedo, era normal para m\u00ed. Mis padres siempre dec\u00edan que yo era diferente, pues bien, yo no me sent\u00eda as\u00ed. Crec\u00ed [&hellip;]<\/p>","protected":false},"author":1,"featured_media":0,"parent":0,"menu_order":0,"comment_status":"closed","ping_status":"closed","template":"","meta":{"_uag_custom_page_level_css":"","site-sidebar-layout":"default","site-content-layout":"","ast-site-content-layout":"default","site-content-style":"default","site-sidebar-style":"default","ast-global-header-display":"","ast-banner-title-visibility":"","ast-main-header-display":"","ast-hfb-above-header-display":"","ast-hfb-below-header-display":"","ast-hfb-mobile-header-display":"","site-post-title":"disabled","ast-breadcrumbs-content":"","ast-featured-img":"","footer-sml-layout":"","theme-transparent-header-meta":"","adv-header-id-meta":"","stick-header-meta":"","header-above-stick-meta":"","header-main-stick-meta":"","header-below-stick-meta":"","astra-migrate-meta-layouts":"set","ast-page-background-enabled":"default","ast-page-background-meta":{"desktop":{"background-color":"var(--ast-global-color-4)","background-image":"","background-repeat":"repeat","background-position":"center center","background-size":"auto","background-attachment":"scroll","background-type":"","background-media":"","overlay-type":"","overlay-color":"","overlay-opacity":"","overlay-gradient":""},"tablet":{"background-color":"","background-image":"","background-repeat":"repeat","background-position":"center center","background-size":"auto","background-attachment":"scroll","background-type":"","background-media":"","overlay-type":"","overlay-color":"","overlay-opacity":"","overlay-gradient":""},"mobile":{"background-color":"","background-image":"","background-repeat":"repeat","background-position":"center center","background-size":"auto","background-attachment":"scroll","background-type":"","background-media":"","overlay-type":"","overlay-color":"","overlay-opacity":"","overlay-gradient":""}},"ast-content-background-meta":{"desktop":{"background-color":"var(--ast-global-color-5)","background-image":"","background-repeat":"repeat","background-position":"center center","background-size":"auto","background-attachment":"scroll","background-type":"","background-media":"","overlay-type":"","overlay-color":"","overlay-opacity":"","overlay-gradient":""},"tablet":{"background-color":"var(--ast-global-color-5)","background-image":"","background-repeat":"repeat","background-position":"center center","background-size":"auto","background-attachment":"scroll","background-type":"","background-media":"","overlay-type":"","overlay-color":"","overlay-opacity":"","overlay-gradient":""},"mobile":{"background-color":"var(--ast-global-color-5)","background-image":"","background-repeat":"repeat","background-position":"center center","background-size":"auto","background-attachment":"scroll","background-type":"","background-media":"","overlay-type":"","overlay-color":"","overlay-opacity":"","overlay-gradient":""}},"footnotes":""},"class_list":["post-6513","page","type-page","status-publish","hentry"],"yoast_head":"<!-- This site is optimized with the Yoast SEO Premium plugin v24.2 (Yoast SEO v24.6) - https:\/\/yoast.com\/wordpress\/plugins\/seo\/ -->\n<title>Regina - Uni\u00f3n Esp\u00edrita<\/title>\n<meta name=\"robots\" content=\"index, follow, max-snippet:-1, max-image-preview:large, max-video-preview:-1\" \/>\n<link rel=\"canonical\" href=\"https:\/\/nuevo-renacer.com\/en\/regina\/\" \/>\n<meta property=\"og:locale\" content=\"en_GB\" \/>\n<meta property=\"og:type\" content=\"article\" \/>\n<meta property=\"og:title\" content=\"Regina\" \/>\n<meta property=\"og:description\" content=\"Regina Pa\u00eds natal: AlemaniaFecha de nacimiento: 17.01.1967Mediumnidad: Pintores y dibujantes Mi nombre espiritual es Sharon Soma, mi nombre terrenal es Regina. Los esp\u00edritus han venido a m\u00ed desde que era ni\u00f1a, nunca les tuve miedo, era normal para m\u00ed. Mis padres siempre dec\u00edan que yo era diferente, pues bien, yo no me sent\u00eda as\u00ed. Crec\u00ed [&hellip;]\" \/>\n<meta property=\"og:url\" content=\"https:\/\/nuevo-renacer.com\/en\/regina\/\" \/>\n<meta property=\"og:site_name\" content=\"Uni\u00f3n Esp\u00edrita\" \/>\n<meta property=\"article:publisher\" content=\"https:\/\/www.facebook.com\/groups\/3431398063740829\" \/>\n<meta property=\"article:modified_time\" content=\"2025-01-17T11:24:10+00:00\" \/>\n<meta property=\"og:image\" content=\"https:\/\/nuevo-renacer.com\/wp-content\/uploads\/2024\/12\/e75f40aa-59ad-4875-9cd9-2e0fdcbd2dbe.jpg\" \/>\n\t<meta property=\"og:image:width\" content=\"1241\" \/>\n\t<meta property=\"og:image:height\" content=\"1007\" \/>\n\t<meta property=\"og:image:type\" content=\"image\/jpeg\" \/>\n<meta name=\"twitter:card\" content=\"summary_large_image\" \/>\n<meta name=\"twitter:label1\" content=\"Estimated reading time\" \/>\n\t<meta name=\"twitter:data1\" content=\"5 minutes\" \/>\n<script type=\"application\/ld+json\" class=\"yoast-schema-graph\">{\"@context\":\"https:\/\/schema.org\",\"@graph\":[{\"@type\":\"WebPage\",\"@id\":\"https:\/\/nuevo-renacer.com\/regina\/\",\"url\":\"https:\/\/nuevo-renacer.com\/regina\/\",\"name\":\"Regina - Uni\u00f3n Esp\u00edrita\",\"isPartOf\":{\"@id\":\"https:\/\/nuevo-renacer.com\/#website\"},\"primaryImageOfPage\":{\"@id\":\"https:\/\/nuevo-renacer.com\/regina\/#primaryimage\"},\"image\":{\"@id\":\"https:\/\/nuevo-renacer.com\/regina\/#primaryimage\"},\"thumbnailUrl\":\"https:\/\/nuevo-renacer.com\/wp-content\/uploads\/2024\/12\/e75f40aa-59ad-4875-9cd9-2e0fdcbd2dbe-1024x831.jpg\",\"datePublished\":\"2024-12-11T16:39:06+00:00\",\"dateModified\":\"2025-01-17T11:24:10+00:00\",\"breadcrumb\":{\"@id\":\"https:\/\/nuevo-renacer.com\/regina\/#breadcrumb\"},\"inLanguage\":\"en-GB\",\"potentialAction\":[{\"@type\":\"ReadAction\",\"target\":[\"https:\/\/nuevo-renacer.com\/regina\/\"]}]},{\"@type\":\"ImageObject\",\"inLanguage\":\"en-GB\",\"@id\":\"https:\/\/nuevo-renacer.com\/regina\/#primaryimage\",\"url\":\"https:\/\/nuevo-renacer.com\/wp-content\/uploads\/2024\/12\/e75f40aa-59ad-4875-9cd9-2e0fdcbd2dbe-1024x831.jpg\",\"contentUrl\":\"https:\/\/nuevo-renacer.com\/wp-content\/uploads\/2024\/12\/e75f40aa-59ad-4875-9cd9-2e0fdcbd2dbe-1024x831.jpg\"},{\"@type\":\"BreadcrumbList\",\"@id\":\"https:\/\/nuevo-renacer.com\/regina\/#breadcrumb\",\"itemListElement\":[{\"@type\":\"ListItem\",\"position\":1,\"name\":\"Startseite\",\"item\":\"https:\/\/nuevo-renacer.com\/\"},{\"@type\":\"ListItem\",\"position\":2,\"name\":\"Regina\"}]},{\"@type\":\"WebSite\",\"@id\":\"https:\/\/nuevo-renacer.com\/#website\",\"url\":\"https:\/\/nuevo-renacer.com\/\",\"name\":\"Uni\u00f3n Esp\u00edrita\",\"description\":\"Nuevo Renacer\",\"publisher\":{\"@id\":\"https:\/\/nuevo-renacer.com\/#organization\"},\"potentialAction\":[{\"@type\":\"SearchAction\",\"target\":{\"@type\":\"EntryPoint\",\"urlTemplate\":\"https:\/\/nuevo-renacer.com\/?s={search_term_string}\"},\"query-input\":{\"@type\":\"PropertyValueSpecification\",\"valueRequired\":true,\"valueName\":\"search_term_string\"}}],\"inLanguage\":\"en-GB\"},{\"@type\":\"Organization\",\"@id\":\"https:\/\/nuevo-renacer.com\/#organization\",\"name\":\"UFEC\",\"url\":\"https:\/\/nuevo-renacer.com\/\",\"logo\":{\"@type\":\"ImageObject\",\"inLanguage\":\"en-GB\",\"@id\":\"https:\/\/nuevo-renacer.com\/#\/schema\/logo\/image\/\",\"url\":\"https:\/\/nuevo-renacer.com\/wp-content\/uploads\/2024\/05\/cropped-LOGO-TERMINADO1-3-3.png\",\"contentUrl\":\"https:\/\/nuevo-renacer.com\/wp-content\/uploads\/2024\/05\/cropped-LOGO-TERMINADO1-3-3.png\",\"width\":512,\"height\":512,\"caption\":\"UFEC\"},\"image\":{\"@id\":\"https:\/\/nuevo-renacer.com\/#\/schema\/logo\/image\/\"},\"sameAs\":[\"https:\/\/www.facebook.com\/groups\/3431398063740829\"]}]}<\/script>\n<!-- \/ Yoast SEO Premium plugin. -->","yoast_head_json":{"title":"Regina - Uni\u00f3n Esp\u00edrita","robots":{"index":"index","follow":"follow","max-snippet":"max-snippet:-1","max-image-preview":"max-image-preview:large","max-video-preview":"max-video-preview:-1"},"canonical":"https:\/\/nuevo-renacer.com\/en\/regina\/","og_locale":"en_GB","og_type":"article","og_title":"Regina","og_description":"Regina Pa\u00eds natal: AlemaniaFecha de nacimiento: 17.01.1967Mediumnidad: Pintores y dibujantes Mi nombre espiritual es Sharon Soma, mi nombre terrenal es Regina. Los esp\u00edritus han venido a m\u00ed desde que era ni\u00f1a, nunca les tuve miedo, era normal para m\u00ed. Mis padres siempre dec\u00edan que yo era diferente, pues bien, yo no me sent\u00eda as\u00ed. Crec\u00ed [&hellip;]","og_url":"https:\/\/nuevo-renacer.com\/en\/regina\/","og_site_name":"Uni\u00f3n Esp\u00edrita","article_publisher":"https:\/\/www.facebook.com\/groups\/3431398063740829","article_modified_time":"2025-01-17T11:24:10+00:00","og_image":[{"width":1241,"height":1007,"url":"https:\/\/nuevo-renacer.com\/wp-content\/uploads\/2024\/12\/e75f40aa-59ad-4875-9cd9-2e0fdcbd2dbe.jpg","type":"image\/jpeg"}],"twitter_card":"summary_large_image","twitter_misc":{"Estimated reading time":"5 minutes"},"schema":{"@context":"https:\/\/schema.org","@graph":[{"@type":"WebPage","@id":"https:\/\/nuevo-renacer.com\/regina\/","url":"https:\/\/nuevo-renacer.com\/regina\/","name":"Regina - Uni\u00f3n Esp\u00edrita","isPartOf":{"@id":"https:\/\/nuevo-renacer.com\/#website"},"primaryImageOfPage":{"@id":"https:\/\/nuevo-renacer.com\/regina\/#primaryimage"},"image":{"@id":"https:\/\/nuevo-renacer.com\/regina\/#primaryimage"},"thumbnailUrl":"https:\/\/nuevo-renacer.com\/wp-content\/uploads\/2024\/12\/e75f40aa-59ad-4875-9cd9-2e0fdcbd2dbe-1024x831.jpg","datePublished":"2024-12-11T16:39:06+00:00","dateModified":"2025-01-17T11:24:10+00:00","breadcrumb":{"@id":"https:\/\/nuevo-renacer.com\/regina\/#breadcrumb"},"inLanguage":"en-GB","potentialAction":[{"@type":"ReadAction","target":["https:\/\/nuevo-renacer.com\/regina\/"]}]},{"@type":"ImageObject","inLanguage":"en-GB","@id":"https:\/\/nuevo-renacer.com\/regina\/#primaryimage","url":"https:\/\/nuevo-renacer.com\/wp-content\/uploads\/2024\/12\/e75f40aa-59ad-4875-9cd9-2e0fdcbd2dbe-1024x831.jpg","contentUrl":"https:\/\/nuevo-renacer.com\/wp-content\/uploads\/2024\/12\/e75f40aa-59ad-4875-9cd9-2e0fdcbd2dbe-1024x831.jpg"},{"@type":"BreadcrumbList","@id":"https:\/\/nuevo-renacer.com\/regina\/#breadcrumb","itemListElement":[{"@type":"ListItem","position":1,"name":"Startseite","item":"https:\/\/nuevo-renacer.com\/"},{"@type":"ListItem","position":2,"name":"Regina"}]},{"@type":"WebSite","@id":"https:\/\/nuevo-renacer.com\/#website","url":"https:\/\/nuevo-renacer.com\/","name":"Uni\u00f3n Esp\u00edrita","description":"Nuevo Renacer","publisher":{"@id":"https:\/\/nuevo-renacer.com\/#organization"},"potentialAction":[{"@type":"SearchAction","target":{"@type":"EntryPoint","urlTemplate":"https:\/\/nuevo-renacer.com\/?s={search_term_string}"},"query-input":{"@type":"PropertyValueSpecification","valueRequired":true,"valueName":"search_term_string"}}],"inLanguage":"en-GB"},{"@type":"Organization","@id":"https:\/\/nuevo-renacer.com\/#organization","name":"UFEC","url":"https:\/\/nuevo-renacer.com\/","logo":{"@type":"ImageObject","inLanguage":"en-GB","@id":"https:\/\/nuevo-renacer.com\/#\/schema\/logo\/image\/","url":"https:\/\/nuevo-renacer.com\/wp-content\/uploads\/2024\/05\/cropped-LOGO-TERMINADO1-3-3.png","contentUrl":"https:\/\/nuevo-renacer.com\/wp-content\/uploads\/2024\/05\/cropped-LOGO-TERMINADO1-3-3.png","width":512,"height":512,"caption":"UFEC"},"image":{"@id":"https:\/\/nuevo-renacer.com\/#\/schema\/logo\/image\/"},"sameAs":["https:\/\/www.facebook.com\/groups\/3431398063740829"]}]}},"uagb_featured_image_src":{"full":false,"thumbnail":false,"medium":false,"medium_large":false,"large":false,"1536x1536":false,"2048x2048":false,"trp-custom-language-flag":false},"uagb_author_info":{"display_name":"adbv0","author_link":"https:\/\/nuevo-renacer.com\/en\/author\/adbv0\/"},"uagb_comment_info":0,"uagb_excerpt":"Regina Pa\u00eds natal: AlemaniaFecha de nacimiento: 17.01.1967Mediumnidad: Pintores y dibujantes Mi nombre espiritual es Sharon Soma, mi nombre terrenal es Regina. Los esp\u00edritus han venido a m\u00ed desde que era ni\u00f1a, nunca les tuve miedo, era normal para m\u00ed. Mis padres siempre dec\u00edan que yo era diferente, pues bien, yo no me sent\u00eda as\u00ed. Crec\u00ed&hellip;","jetpack_sharing_enabled":true,"_links":{"self":[{"href":"https:\/\/nuevo-renacer.com\/en\/wp-json\/wp\/v2\/pages\/6513","targetHints":{"allow":["GET"]}}],"collection":[{"href":"https:\/\/nuevo-renacer.com\/en\/wp-json\/wp\/v2\/pages"}],"about":[{"href":"https:\/\/nuevo-renacer.com\/en\/wp-json\/wp\/v2\/types\/page"}],"author":[{"embeddable":true,"href":"https:\/\/nuevo-renacer.com\/en\/wp-json\/wp\/v2\/users\/1"}],"replies":[{"embeddable":true,"href":"https:\/\/nuevo-renacer.com\/en\/wp-json\/wp\/v2\/comments?post=6513"}],"version-history":[{"count":6,"href":"https:\/\/nuevo-renacer.com\/en\/wp-json\/wp\/v2\/pages\/6513\/revisions"}],"predecessor-version":[{"id":6831,"href":"https:\/\/nuevo-renacer.com\/en\/wp-json\/wp\/v2\/pages\/6513\/revisions\/6831"}],"wp:attachment":[{"href":"https:\/\/nuevo-renacer.com\/en\/wp-json\/wp\/v2\/media?parent=6513"}],"curies":[{"name":"wp","href":"https:\/\/api.w.org\/{rel}","templated":true}]}}