{"id":6465,"date":"2024-12-06T13:29:08","date_gmt":"2024-12-06T13:29:08","guid":{"rendered":"https:\/\/nuevo-renacer.com\/?page_id=6465"},"modified":"2024-12-06T13:29:32","modified_gmt":"2024-12-06T13:29:32","slug":"leopoldo-machado","status":"publish","type":"page","link":"https:\/\/nuevo-renacer.com\/en\/leopoldo-machado\/","title":{"rendered":"Leopoldo Machado"},"content":{"rendered":"<div class=\"wp-block-uagb-container uagb-block-fe7e2df6 alignfull uagb-is-root-container\"><div class=\"uagb-container-inner-blocks-wrap\">\n<p class=\"has-black-color has-text-color has-link-color has-medium-font-size wp-elements-59c7640d4ff49fb3a439b312cb851fc8\"><strong>Leopoldo Machado<\/strong><\/p>\n<\/div><\/div>\n\n\n\n<div class=\"wp-block-uagb-container uagb-block-e05a636e alignfull uagb-is-root-container\"><div class=\"uagb-container-inner-blocks-wrap\">\n<figure class=\"wp-block-image size-full is-resized\"><img fetchpriority=\"high\" decoding=\"async\" width=\"480\" height=\"634\" src=\"https:\/\/nuevo-renacer.com\/wp-content\/uploads\/2024\/12\/leopoldo_machado.jpg\" alt=\"\" class=\"wp-image-6466\" style=\"width:229px;height:auto\" srcset=\"https:\/\/nuevo-renacer.com\/wp-content\/uploads\/2024\/12\/leopoldo_machado.jpg 480w, https:\/\/nuevo-renacer.com\/wp-content\/uploads\/2024\/12\/leopoldo_machado-227x300.jpg 227w, https:\/\/nuevo-renacer.com\/wp-content\/uploads\/2024\/12\/leopoldo_machado-9x12.jpg 9w\" sizes=\"(max-width: 480px) 100vw, 480px\" \/><\/figure>\n<\/div><\/div>\n\n\n\n<div class=\"wp-block-uagb-container uagb-block-a07041a6 alignfull uagb-is-root-container\"><div class=\"uagb-container-inner-blocks-wrap\">\n<p class=\"has-black-color has-text-color has-link-color has-small-font-size wp-elements-2606f6e04a87e0f05dd23db6714a6af1\">Leopoldo Machado de Souza Barbosa was born on September 30, 1891 in Arraial de Cepa Forte (today Janda\u00edra), in the state of Bahia, Brazil. Son of Eul\u00e9lio de Souza Barbosa and Ana Isabel Machado Barbosa, he was a journalist, teacher, writer, poet, composer and lecturer, spreading Spiritism and even gaining the respect of the Doctrine's adversaries.<\/p>\n\n\n\n<p class=\"has-black-color has-text-color has-link-color has-small-font-size wp-elements-c8418a36931797fb9d8ce1132b6a9f16\">Leopoldo became acquainted with the Doctrine of the Spirits around 1915, through Jos\u00e9 Petitinga. In 1927, he married Mar\u00edlia Ferraz de Almeida and, two years later, they moved to Nova Igua\u00e7u. There, they joined the team of workers of the Spiritist Centre Faith, Hope and Charity, actively participating in the construction of the Allan Kardec Night Shelter and the Home of Jesus.<\/p>\n\n\n\n<p class=\"has-black-color has-text-color has-link-color has-small-font-size wp-elements-87103db9a0e26308fb64d544b531dd45\">Together with his wife, in 1930 he established himself as an educator in the city, inaugurating the Leopoldo School - today a traditional educational establishment - with the collaboration of his younger sister, Leopoldina Barros (wife of Professor Newton Gon\u00e7alves de Barros), and Admiral Paim Pamplona, former President of the Brazilian Spiritist Federation.<\/p>\n\n\n\n<p class=\"has-black-color has-text-color has-link-color has-small-font-size wp-elements-9f915f6babbf202c128866fc4ae94057\">Leopoldo participated in the organisation of several events, such as: the First Brazilian Congress of Spiritist Journalists and Writers, in 1939, under the coordination of Deolindo Amorim; the First Congress of the Brazilian Spiritist Youth, from 17th to 23rd July 1948; he conceived the Brazilian Congress of Unification, held in the capital of S\u00e3o Paulo, from 31st October to 5th November 1948. The following year, he was summoned to the II Pan-American Congress, held in Rio de Janeiro, and also to the Golden Pact.<\/p>\n\n\n\n<p class=\"has-black-color has-text-color has-link-color has-small-font-size wp-elements-14999f7d56c140bcb83f93bcbd28a717\">The writers Ant\u00f4nio de Souza Lucena and Paulo Alves Godoy write about this important moment in their book \"Personagens do Espiritismo\": \"Understanding the importance of these meetings for the greatness of the Spiritist Doctrine in the future, within his possibilities, he was always there helping in some way. The same spiritists who inspired the Golden Pact inspired the 'Caravan of Fraternity', in which Leopoldo Machado, Lins de Vasconcelos, Carlos Jord\u00e3o da Silva, Francisco Spinelli, Ary Casadio and Luiz Burgos Filho participated, whose Caravan was the crowning of the Golden Pact, the unifying incentive in the formation of the National Federative Council, under the auspices of the Brazilian Spiritist Federation. The return of the \"Caravan of the Fraternity\" was an absolute success, with the states of the north and northeast of the country joining the unification of Spiritism throughout the country. Leopoldo also organised the First National Festival of the Spiritist Book, in homage to the \"18th of April\", the great date of the launching of the Book of the Spirits, whose celebration became usual all over Brazil within the framework of the commemorations of the \"Day of the Book\". He created the Advisory Council of the Spiritist Youth, in the headquarters of the former Spiritist League of the Federal District.<\/p>\n\n\n\n<p class=\"has-black-color has-text-color has-link-color has-small-font-size wp-elements-4c89a146f1912e966506b5f100a96475\">Leopoldo Machado died in Nova Igua\u00e7u on 22 August 1957, leaving a legacy for the spiritist movement and also for culture.<\/p>\n\n\n\n<p class=\"has-black-color has-text-color has-link-color has-small-font-size wp-elements-f8a950fff78fdebb26d42c55576a001a\">The new generations received his generous contributions, which he encouraged in the creation of the Spiritist Youth and the Spiritist Schools of Child Evangelization, besides promoting the organization of Spiritist events all over the country. Travelling all over Brazil, he exalted the Gospel of Jesus and the Doctrine of the Spirits as the return of the revival of Christianity, in its purest sense, as it was preached in the House of the Way.<\/p>\n<\/div><\/div>\n\n\n\n<div class=\"wp-block-uagb-container uagb-block-d2b1a581 alignfull uagb-is-root-container\"><div class=\"uagb-container-inner-blocks-wrap\"><\/div><\/div>\n\n\n\n<div class=\"wp-block-uagb-container uagb-block-a165728f alignfull uagb-is-root-container\"><div class=\"uagb-container-inner-blocks-wrap\"><\/div><\/div>\n\n\n\n<p><\/p>","protected":false},"excerpt":{"rendered":"<p>Leopoldo Machado Leopoldo Machado de Souza Barbosa naci\u00f3 el 30 de septiembre de 1891 en Arraial de Cepa Forte (hoy Janda\u00edra), en el estado de Bah\u00eda, Brasil. Hijo de Eul\u00e9lio de Souza Barbosa y de Ana Isabel Machado Barbosa, fue periodista, profesor, escritor, poeta, compositor y conferenciante, divulgando el Espiritismo y gan\u00e1ndose incluso el respeto [&hellip;]<\/p>","protected":false},"author":1,"featured_media":0,"parent":0,"menu_order":0,"comment_status":"closed","ping_status":"closed","template":"","meta":{"_uag_custom_page_level_css":"","site-sidebar-layout":"default","site-content-layout":"","ast-site-content-layout":"default","site-content-style":"default","site-sidebar-style":"default","ast-global-header-display":"","ast-banner-title-visibility":"","ast-main-header-display":"","ast-hfb-above-header-display":"","ast-hfb-below-header-display":"","ast-hfb-mobile-header-display":"","site-post-title":"disabled","ast-breadcrumbs-content":"","ast-featured-img":"","footer-sml-layout":"","theme-transparent-header-meta":"","adv-header-id-meta":"","stick-header-meta":"","header-above-stick-meta":"","header-main-stick-meta":"","header-below-stick-meta":"","astra-migrate-meta-layouts":"set","ast-page-background-enabled":"default","ast-page-background-meta":{"desktop":{"background-color":"var(--ast-global-color-4)","background-image":"","background-repeat":"repeat","background-position":"center center","background-size":"auto","background-attachment":"scroll","background-type":"","background-media":"","overlay-type":"","overlay-color":"","overlay-opacity":"","overlay-gradient":""},"tablet":{"background-color":"","background-image":"","background-repeat":"repeat","background-position":"center center","background-size":"auto","background-attachment":"scroll","background-type":"","background-media":"","overlay-type":"","overlay-color":"","overlay-opacity":"","overlay-gradient":""},"mobile":{"background-color":"","background-image":"","background-repeat":"repeat","background-position":"center center","background-size":"auto","background-attachment":"scroll","background-type":"","background-media":"","overlay-type":"","overlay-color":"","overlay-opacity":"","overlay-gradient":""}},"ast-content-background-meta":{"desktop":{"background-color":"var(--ast-global-color-5)","background-image":"","background-repeat":"repeat","background-position":"center center","background-size":"auto","background-attachment":"scroll","background-type":"","background-media":"","overlay-type":"","overlay-color":"","overlay-opacity":"","overlay-gradient":""},"tablet":{"background-color":"var(--ast-global-color-5)","background-image":"","background-repeat":"repeat","background-position":"center center","background-size":"auto","background-attachment":"scroll","background-type":"","background-media":"","overlay-type":"","overlay-color":"","overlay-opacity":"","overlay-gradient":""},"mobile":{"background-color":"var(--ast-global-color-5)","background-image":"","background-repeat":"repeat","background-position":"center center","background-size":"auto","background-attachment":"scroll","background-type":"","background-media":"","overlay-type":"","overlay-color":"","overlay-opacity":"","overlay-gradient":""}},"footnotes":""},"class_list":["post-6465","page","type-page","status-publish","hentry"],"yoast_head":"<!-- This site is optimized with the Yoast SEO Premium plugin v24.2 (Yoast SEO v24.6) - https:\/\/yoast.com\/wordpress\/plugins\/seo\/ -->\n<title>Leopoldo Machado - Uni\u00f3n Esp\u00edrita<\/title>\n<meta name=\"robots\" content=\"index, follow, max-snippet:-1, max-image-preview:large, max-video-preview:-1\" \/>\n<link rel=\"canonical\" href=\"https:\/\/nuevo-renacer.com\/en\/leopoldo-machado\/\" \/>\n<meta property=\"og:locale\" content=\"en_GB\" \/>\n<meta property=\"og:type\" content=\"article\" \/>\n<meta property=\"og:title\" content=\"Leopoldo Machado\" \/>\n<meta property=\"og:description\" content=\"Leopoldo Machado Leopoldo Machado de Souza Barbosa naci\u00f3 el 30 de septiembre de 1891 en Arraial de Cepa Forte (hoy Janda\u00edra), en el estado de Bah\u00eda, Brasil. Hijo de Eul\u00e9lio de Souza Barbosa y de Ana Isabel Machado Barbosa, fue periodista, profesor, escritor, poeta, compositor y conferenciante, divulgando el Espiritismo y gan\u00e1ndose incluso el respeto [&hellip;]\" \/>\n<meta property=\"og:url\" content=\"https:\/\/nuevo-renacer.com\/en\/leopoldo-machado\/\" \/>\n<meta property=\"og:site_name\" content=\"Uni\u00f3n Esp\u00edrita\" \/>\n<meta property=\"article:publisher\" content=\"https:\/\/www.facebook.com\/groups\/3431398063740829\" \/>\n<meta property=\"article:modified_time\" content=\"2024-12-06T13:29:32+00:00\" \/>\n<meta property=\"og:image\" content=\"https:\/\/nuevo-renacer.com\/wp-content\/uploads\/2024\/12\/leopoldo_machado.jpg\" \/>\n\t<meta property=\"og:image:width\" content=\"480\" \/>\n\t<meta property=\"og:image:height\" content=\"634\" \/>\n\t<meta property=\"og:image:type\" content=\"image\/jpeg\" \/>\n<meta name=\"twitter:card\" content=\"summary_large_image\" \/>\n<meta name=\"twitter:label1\" content=\"Estimated reading time\" \/>\n\t<meta name=\"twitter:data1\" content=\"3 minutes\" \/>\n<script type=\"application\/ld+json\" class=\"yoast-schema-graph\">{\"@context\":\"https:\/\/schema.org\",\"@graph\":[{\"@type\":\"WebPage\",\"@id\":\"https:\/\/nuevo-renacer.com\/leopoldo-machado\/\",\"url\":\"https:\/\/nuevo-renacer.com\/leopoldo-machado\/\",\"name\":\"Leopoldo Machado - Uni\u00f3n Esp\u00edrita\",\"isPartOf\":{\"@id\":\"https:\/\/nuevo-renacer.com\/#website\"},\"primaryImageOfPage\":{\"@id\":\"https:\/\/nuevo-renacer.com\/leopoldo-machado\/#primaryimage\"},\"image\":{\"@id\":\"https:\/\/nuevo-renacer.com\/leopoldo-machado\/#primaryimage\"},\"thumbnailUrl\":\"https:\/\/nuevo-renacer.com\/wp-content\/uploads\/2024\/12\/leopoldo_machado.jpg\",\"datePublished\":\"2024-12-06T13:29:08+00:00\",\"dateModified\":\"2024-12-06T13:29:32+00:00\",\"breadcrumb\":{\"@id\":\"https:\/\/nuevo-renacer.com\/leopoldo-machado\/#breadcrumb\"},\"inLanguage\":\"en-GB\",\"potentialAction\":[{\"@type\":\"ReadAction\",\"target\":[\"https:\/\/nuevo-renacer.com\/leopoldo-machado\/\"]}]},{\"@type\":\"ImageObject\",\"inLanguage\":\"en-GB\",\"@id\":\"https:\/\/nuevo-renacer.com\/leopoldo-machado\/#primaryimage\",\"url\":\"https:\/\/nuevo-renacer.com\/wp-content\/uploads\/2024\/12\/leopoldo_machado.jpg\",\"contentUrl\":\"https:\/\/nuevo-renacer.com\/wp-content\/uploads\/2024\/12\/leopoldo_machado.jpg\"},{\"@type\":\"BreadcrumbList\",\"@id\":\"https:\/\/nuevo-renacer.com\/leopoldo-machado\/#breadcrumb\",\"itemListElement\":[{\"@type\":\"ListItem\",\"position\":1,\"name\":\"Startseite\",\"item\":\"https:\/\/nuevo-renacer.com\/\"},{\"@type\":\"ListItem\",\"position\":2,\"name\":\"Leopoldo Machado\"}]},{\"@type\":\"WebSite\",\"@id\":\"https:\/\/nuevo-renacer.com\/#website\",\"url\":\"https:\/\/nuevo-renacer.com\/\",\"name\":\"Uni\u00f3n Esp\u00edrita\",\"description\":\"Nuevo Renacer\",\"publisher\":{\"@id\":\"https:\/\/nuevo-renacer.com\/#organization\"},\"potentialAction\":[{\"@type\":\"SearchAction\",\"target\":{\"@type\":\"EntryPoint\",\"urlTemplate\":\"https:\/\/nuevo-renacer.com\/?s={search_term_string}\"},\"query-input\":{\"@type\":\"PropertyValueSpecification\",\"valueRequired\":true,\"valueName\":\"search_term_string\"}}],\"inLanguage\":\"en-GB\"},{\"@type\":\"Organization\",\"@id\":\"https:\/\/nuevo-renacer.com\/#organization\",\"name\":\"UFEC\",\"url\":\"https:\/\/nuevo-renacer.com\/\",\"logo\":{\"@type\":\"ImageObject\",\"inLanguage\":\"en-GB\",\"@id\":\"https:\/\/nuevo-renacer.com\/#\/schema\/logo\/image\/\",\"url\":\"https:\/\/nuevo-renacer.com\/wp-content\/uploads\/2024\/05\/cropped-LOGO-TERMINADO1-3-3.png\",\"contentUrl\":\"https:\/\/nuevo-renacer.com\/wp-content\/uploads\/2024\/05\/cropped-LOGO-TERMINADO1-3-3.png\",\"width\":512,\"height\":512,\"caption\":\"UFEC\"},\"image\":{\"@id\":\"https:\/\/nuevo-renacer.com\/#\/schema\/logo\/image\/\"},\"sameAs\":[\"https:\/\/www.facebook.com\/groups\/3431398063740829\"]}]}<\/script>\n<!-- \/ Yoast SEO Premium plugin. -->","yoast_head_json":{"title":"Leopoldo Machado - Uni\u00f3n Esp\u00edrita","robots":{"index":"index","follow":"follow","max-snippet":"max-snippet:-1","max-image-preview":"max-image-preview:large","max-video-preview":"max-video-preview:-1"},"canonical":"https:\/\/nuevo-renacer.com\/en\/leopoldo-machado\/","og_locale":"en_GB","og_type":"article","og_title":"Leopoldo Machado","og_description":"Leopoldo Machado Leopoldo Machado de Souza Barbosa naci\u00f3 el 30 de septiembre de 1891 en Arraial de Cepa Forte (hoy Janda\u00edra), en el estado de Bah\u00eda, Brasil. Hijo de Eul\u00e9lio de Souza Barbosa y de Ana Isabel Machado Barbosa, fue periodista, profesor, escritor, poeta, compositor y conferenciante, divulgando el Espiritismo y gan\u00e1ndose incluso el respeto [&hellip;]","og_url":"https:\/\/nuevo-renacer.com\/en\/leopoldo-machado\/","og_site_name":"Uni\u00f3n Esp\u00edrita","article_publisher":"https:\/\/www.facebook.com\/groups\/3431398063740829","article_modified_time":"2024-12-06T13:29:32+00:00","og_image":[{"width":480,"height":634,"url":"https:\/\/nuevo-renacer.com\/wp-content\/uploads\/2024\/12\/leopoldo_machado.jpg","type":"image\/jpeg"}],"twitter_card":"summary_large_image","twitter_misc":{"Estimated reading time":"3 minutes"},"schema":{"@context":"https:\/\/schema.org","@graph":[{"@type":"WebPage","@id":"https:\/\/nuevo-renacer.com\/leopoldo-machado\/","url":"https:\/\/nuevo-renacer.com\/leopoldo-machado\/","name":"Leopoldo Machado - Uni\u00f3n Esp\u00edrita","isPartOf":{"@id":"https:\/\/nuevo-renacer.com\/#website"},"primaryImageOfPage":{"@id":"https:\/\/nuevo-renacer.com\/leopoldo-machado\/#primaryimage"},"image":{"@id":"https:\/\/nuevo-renacer.com\/leopoldo-machado\/#primaryimage"},"thumbnailUrl":"https:\/\/nuevo-renacer.com\/wp-content\/uploads\/2024\/12\/leopoldo_machado.jpg","datePublished":"2024-12-06T13:29:08+00:00","dateModified":"2024-12-06T13:29:32+00:00","breadcrumb":{"@id":"https:\/\/nuevo-renacer.com\/leopoldo-machado\/#breadcrumb"},"inLanguage":"en-GB","potentialAction":[{"@type":"ReadAction","target":["https:\/\/nuevo-renacer.com\/leopoldo-machado\/"]}]},{"@type":"ImageObject","inLanguage":"en-GB","@id":"https:\/\/nuevo-renacer.com\/leopoldo-machado\/#primaryimage","url":"https:\/\/nuevo-renacer.com\/wp-content\/uploads\/2024\/12\/leopoldo_machado.jpg","contentUrl":"https:\/\/nuevo-renacer.com\/wp-content\/uploads\/2024\/12\/leopoldo_machado.jpg"},{"@type":"BreadcrumbList","@id":"https:\/\/nuevo-renacer.com\/leopoldo-machado\/#breadcrumb","itemListElement":[{"@type":"ListItem","position":1,"name":"Startseite","item":"https:\/\/nuevo-renacer.com\/"},{"@type":"ListItem","position":2,"name":"Leopoldo Machado"}]},{"@type":"WebSite","@id":"https:\/\/nuevo-renacer.com\/#website","url":"https:\/\/nuevo-renacer.com\/","name":"Uni\u00f3n Esp\u00edrita","description":"Nuevo Renacer","publisher":{"@id":"https:\/\/nuevo-renacer.com\/#organization"},"potentialAction":[{"@type":"SearchAction","target":{"@type":"EntryPoint","urlTemplate":"https:\/\/nuevo-renacer.com\/?s={search_term_string}"},"query-input":{"@type":"PropertyValueSpecification","valueRequired":true,"valueName":"search_term_string"}}],"inLanguage":"en-GB"},{"@type":"Organization","@id":"https:\/\/nuevo-renacer.com\/#organization","name":"UFEC","url":"https:\/\/nuevo-renacer.com\/","logo":{"@type":"ImageObject","inLanguage":"en-GB","@id":"https:\/\/nuevo-renacer.com\/#\/schema\/logo\/image\/","url":"https:\/\/nuevo-renacer.com\/wp-content\/uploads\/2024\/05\/cropped-LOGO-TERMINADO1-3-3.png","contentUrl":"https:\/\/nuevo-renacer.com\/wp-content\/uploads\/2024\/05\/cropped-LOGO-TERMINADO1-3-3.png","width":512,"height":512,"caption":"UFEC"},"image":{"@id":"https:\/\/nuevo-renacer.com\/#\/schema\/logo\/image\/"},"sameAs":["https:\/\/www.facebook.com\/groups\/3431398063740829"]}]}},"uagb_featured_image_src":{"full":false,"thumbnail":false,"medium":false,"medium_large":false,"large":false,"1536x1536":false,"2048x2048":false,"trp-custom-language-flag":false},"uagb_author_info":{"display_name":"adbv0","author_link":"https:\/\/nuevo-renacer.com\/en\/author\/adbv0\/"},"uagb_comment_info":0,"uagb_excerpt":"Leopoldo Machado Leopoldo Machado de Souza Barbosa naci\u00f3 el 30 de septiembre de 1891 en Arraial de Cepa Forte (hoy Janda\u00edra), en el estado de Bah\u00eda, Brasil. Hijo de Eul\u00e9lio de Souza Barbosa y de Ana Isabel Machado Barbosa, fue periodista, profesor, escritor, poeta, compositor y conferenciante, divulgando el Espiritismo y gan\u00e1ndose incluso el respeto&hellip;","jetpack_sharing_enabled":true,"_links":{"self":[{"href":"https:\/\/nuevo-renacer.com\/en\/wp-json\/wp\/v2\/pages\/6465","targetHints":{"allow":["GET"]}}],"collection":[{"href":"https:\/\/nuevo-renacer.com\/en\/wp-json\/wp\/v2\/pages"}],"about":[{"href":"https:\/\/nuevo-renacer.com\/en\/wp-json\/wp\/v2\/types\/page"}],"author":[{"embeddable":true,"href":"https:\/\/nuevo-renacer.com\/en\/wp-json\/wp\/v2\/users\/1"}],"replies":[{"embeddable":true,"href":"https:\/\/nuevo-renacer.com\/en\/wp-json\/wp\/v2\/comments?post=6465"}],"version-history":[{"count":2,"href":"https:\/\/nuevo-renacer.com\/en\/wp-json\/wp\/v2\/pages\/6465\/revisions"}],"predecessor-version":[{"id":6468,"href":"https:\/\/nuevo-renacer.com\/en\/wp-json\/wp\/v2\/pages\/6465\/revisions\/6468"}],"wp:attachment":[{"href":"https:\/\/nuevo-renacer.com\/en\/wp-json\/wp\/v2\/media?parent=6465"}],"curies":[{"name":"wp","href":"https:\/\/api.w.org\/{rel}","templated":true}]}}