{"id":6384,"date":"2024-11-26T12:43:40","date_gmt":"2024-11-26T12:43:40","guid":{"rendered":"https:\/\/nuevo-renacer.com\/?page_id=6384"},"modified":"2024-11-26T12:58:52","modified_gmt":"2024-11-26T12:58:52","slug":"la-vision-espirita-sobre-el-maltrato-de-animales","status":"publish","type":"page","link":"https:\/\/nuevo-renacer.com\/en\/la-vision-espirita-sobre-el-maltrato-de-animales\/","title":{"rendered":"The Spiritist View on Animal Abuse"},"content":{"rendered":"<div class=\"wp-block-uagb-container uagb-block-6f4392eb alignfull uagb-is-root-container\"><div class=\"uagb-container-inner-blocks-wrap\">\n<p class=\"has-black-color has-text-color has-link-color has-medium-font-size wp-elements-618592760ed0aea80ab1a797ff8003bc\"><strong><strong>The Spiritist View on Animal Abuse<\/strong><\/strong><\/p>\n<\/div><\/div>\n\n\n\n<div class=\"wp-block-uagb-container uagb-block-8fa992ad alignfull uagb-is-root-container\"><div class=\"uagb-container-inner-blocks-wrap\">\n<figure class=\"wp-block-image size-large is-resized\"><img fetchpriority=\"high\" decoding=\"async\" width=\"1024\" height=\"680\" src=\"https:\/\/nuevo-renacer.com\/wp-content\/uploads\/2024\/11\/Animales-1024x680.png\" alt=\"\" class=\"wp-image-6385\" style=\"width:447px;height:auto\" srcset=\"https:\/\/nuevo-renacer.com\/wp-content\/uploads\/2024\/11\/Animales-1024x680.png 1024w, https:\/\/nuevo-renacer.com\/wp-content\/uploads\/2024\/11\/Animales-300x199.png 300w, https:\/\/nuevo-renacer.com\/wp-content\/uploads\/2024\/11\/Animales-768x510.png 768w, https:\/\/nuevo-renacer.com\/wp-content\/uploads\/2024\/11\/Animales-18x12.png 18w, https:\/\/nuevo-renacer.com\/wp-content\/uploads\/2024\/11\/Animales.png 1097w\" sizes=\"(max-width: 1024px) 100vw, 1024px\" \/><\/figure>\n<\/div><\/div>\n\n\n\n<div class=\"wp-block-uagb-container uagb-block-dc23f65b alignfull uagb-is-root-container\"><div class=\"uagb-container-inner-blocks-wrap\">\n<p class=\"has-black-color has-text-color has-link-color has-small-font-size wp-elements-3be7796f3190ff123b5fa51954c69c0a\">Animal abuse is one of the most controversial and painful issues in our modern society. Although laws and social awareness have advanced to protect animals, the suffering caused by abuse, exploitation and neglect continues to be a reality in many parts of the world. In this context, the spiritist view offers a profound and thought-provoking perspective on our treatment of non-human beings and its relationship to our spiritual and moral beliefs.<\/p>\n\n\n\n<p class=\"has-black-color has-text-color has-link-color has-small-font-size wp-elements-a897258a5c1d491bd1f3579e8e52bba7\">Spiritism, a doctrine expressed by Allan Kardec in the 19th century, promotes an ethic based on reincarnation, moral evolution and respect for all forms of life. In his worldview, animals are not inferior beings or simply objects at the disposal of humans, but entities with souls and the right to live in harmony with their environment. This approach invites humans to rethink their relationship with animals and nature, recognising that the mistreatment of animals has spiritual repercussions for both those who mistreat and those who suffer.<\/p>\n\n\n\n<p class=\"has-black-color has-text-color has-link-color has-small-font-size wp-elements-005226de132ba1202eceb4e95b621793\"><strong>Spiritism and the Nature of Animals<\/strong><\/p>\n\n\n\n<p class=\"has-black-color has-text-color has-link-color has-small-font-size wp-elements-618943668807e3b6c54ad33a04ed5c4f\">According to Kardec's teachings, all living beings, including animals, are part of the divine creation. Although animals do not possess the same rational capacity as human beings, spiritism holds that they also have a \u2018soul\u2019, a spiritual principle that is in the process of evolution. This animal soul, though different in degree of development, is in a process of learning and perfecting itself. In his book <em>The Spirits' Book<\/em>, Kardec states that animals have a \"sensibility\" and an \"intelligence\" that allows them to react to stimuli, but not a reason like humans.<\/p>\n\n\n\n<p class=\"has-black-color has-text-color has-link-color has-small-font-size wp-elements-806ab13a01e65e6e55699f68292c7d67\">The spiritist concept that all living beings are in a common evolutionary process implies that, at some point, the souls of animals will also be ready to experience human life, or will evolve into more complex forms of existence. This view implies a deep respect for life in all its forms and condemns any kind of abuse inflicted on animals, since the suffering of any living being affects universal balance and harmony.<\/p>\n\n\n\n<p class=\"has-black-color has-text-color has-link-color has-small-font-size wp-elements-38131c4eed1c775e1dd9619da4dfc625\"><strong>Animal Abuse as a Spiritual and Moral Violation<\/strong><\/p>\n\n\n\n<p class=\"has-black-color has-text-color has-link-color has-small-font-size wp-elements-f662973eaeea9a95fe283e19092cbc60\">From the spiritist perspective, the mistreatment of animals is not only an act of physical cruelty, but also a spiritual violation. The higher spirits who guide humanity's moral evolution teach that true spirituality is based on love, respect and compassion for all beings, without distinction. Respectful treatment of animals is a reflection of the moral evolution of an individual and a society.<\/p>\n\n\n\n<p class=\"has-black-color has-text-color has-link-color has-small-font-size wp-elements-2ee96e09e346a1cd91b44cfbbb6bb25d\">Animal abuse, then, is seen as a manifestation of selfishness, indifference and lack of empathy, characteristics that must be overcome on the road to moral perfection. For spiritists, the relationship with animals should be one of responsibility, love and respect, since the unjustified suffering caused to them generates an imbalance in the spiritual harmony of the aggressor, and can have karmic consequences. The mistreatment of animals would therefore be an action that affects both the physical well-being of the abused being and the spiritual progress of the aggressor.<\/p>\n\n\n\n<p class=\"has-black-color has-text-color has-link-color has-small-font-size wp-elements-4ae78e6ab4fdeb262eec838a23326ce8\"><strong>Spiritual Evolution and the Fair Treatment of Animals<\/strong><\/p>\n\n\n\n<p class=\"has-black-color has-text-color has-link-color has-small-font-size wp-elements-061a46bf1be4e3305878fb666cf06e34\">For spiritists, the treatment of animals is intrinsically linked to the moral and spiritual evolution of human beings. The more advanced individuals become spiritually, the more they develop their capacity for empathy, compassion and respect for all creatures. In the <em>Evangelio seg\u00fan el Espiritismo<\/em>, Kardec ense\u00f1a que la verdadera virtud se manifiesta en el respeto por la vida en todas sus formas, lo cual incluye a los animales.<\/p>\n\n\n\n<p class=\"has-black-color has-text-color has-link-color has-small-font-size wp-elements-cc5b72d1c5420f9777b1b7916cb241ea\">Furthermore, spiritism stresses that cruelty to animals is a form of moral ignorance that must be overcome, for by mistreating animals, humans are impeding their own spiritual progress. People who abuse animals are in a state of spiritual immaturity, and it is necessary to cultivate kindness and love towards all creatures in order to advance on the path of perfection.<\/p>\n\n\n\n<p class=\"has-black-color has-text-color has-link-color has-small-font-size wp-elements-75d43700530e62f7cecd2e9af6cd4673\"><strong>The Call to Responsibility and Compassion<\/strong><\/p>\n\n\n\n<p class=\"has-black-color has-text-color has-link-color has-small-font-size wp-elements-a0294e2cfe9b684372e2a78e68b3f752\">In the spiritist view, the fight against animal abuse is a call to global awareness of the importance of being responsible in the treatment of living beings. Spiritism invites human beings to see animals not only as creatures that serve human interests, but as partners in the evolutionary process, deserving to be treated with dignity and respect.<\/p>\n\n\n\n<p class=\"has-black-color has-text-color has-link-color has-small-font-size wp-elements-7637c038aeeef2551771e05d2af67480\">The spiritist commitment to the defence of animals involves not only refraining from physically mistreating them, but also promoting their welfare in all aspects: avoiding exploitation, supporting responsible adoption and protecting their natural habitats. It also involves deep reflection on everyday habits, such as food, fashion and experimentation, to ensure that our actions do not contribute to the suffering of animals.<\/p>\n\n\n\n<p class=\"has-black-color has-text-color has-link-color has-small-font-size wp-elements-fad7a448c0a79819de2739677f10202d\"><strong>Conclusion<\/strong><\/p>\n\n\n\n<p class=\"has-black-color has-text-color has-link-color has-small-font-size wp-elements-d73002e20b367705ff09bb3a7749b070\">The spiritist view of animal abuse is deeply rooted in principles of love, compassion and respect for all forms of life. Spiritists believe that the treatment of animals reflects the degree of moral evolution of an individual and of society as a whole. In this context, the mistreatment of animals is not only an ethical and moral violation, but also a spiritual transgression that affects the development and progress of those who commit it. Spiritism therefore calls for a profound reflection on our daily actions and decisions, inviting us to live more compassionately and responsibly towards all creatures on Earth.<\/p>\n<\/div><\/div>\n\n\n\n<div class=\"wp-block-uagb-container uagb-block-4bd770f9 alignfull uagb-is-root-container\"><div class=\"uagb-container-inner-blocks-wrap\"><\/div><\/div>\n\n\n\n<div class=\"wp-block-uagb-container uagb-block-53bea7e8 alignfull uagb-is-root-container\"><div class=\"uagb-container-inner-blocks-wrap\"><\/div><\/div>","protected":false},"excerpt":{"rendered":"<p>La Visi\u00f3n Esp\u00edrita sobre el Maltrato de Animales El maltrato animal es uno de los temas m\u00e1s controvertidos y dolorosos de nuestra sociedad moderna. Aunque las leyes y la conciencia social han avanzado para proteger a los animales, el sufrimiento causado por el abuso, la explotaci\u00f3n y la negligencia contin\u00faa siendo una realidad en muchas [&hellip;]<\/p>","protected":false},"author":1,"featured_media":0,"parent":0,"menu_order":0,"comment_status":"closed","ping_status":"closed","template":"","meta":{"_uag_custom_page_level_css":"","site-sidebar-layout":"default","site-content-layout":"","ast-site-content-layout":"default","site-content-style":"default","site-sidebar-style":"default","ast-global-header-display":"","ast-banner-title-visibility":"","ast-main-header-display":"","ast-hfb-above-header-display":"","ast-hfb-below-header-display":"","ast-hfb-mobile-header-display":"","site-post-title":"disabled","ast-breadcrumbs-content":"","ast-featured-img":"","footer-sml-layout":"","theme-transparent-header-meta":"","adv-header-id-meta":"","stick-header-meta":"","header-above-stick-meta":"","header-main-stick-meta":"","header-below-stick-meta":"","astra-migrate-meta-layouts":"set","ast-page-background-enabled":"default","ast-page-background-meta":{"desktop":{"background-color":"var(--ast-global-color-4)","background-image":"","background-repeat":"repeat","background-position":"center center","background-size":"auto","background-attachment":"scroll","background-type":"","background-media":"","overlay-type":"","overlay-color":"","overlay-opacity":"","overlay-gradient":""},"tablet":{"background-color":"","background-image":"","background-repeat":"repeat","background-position":"center center","background-size":"auto","background-attachment":"scroll","background-type":"","background-media":"","overlay-type":"","overlay-color":"","overlay-opacity":"","overlay-gradient":""},"mobile":{"background-color":"","background-image":"","background-repeat":"repeat","background-position":"center center","background-size":"auto","background-attachment":"scroll","background-type":"","background-media":"","overlay-type":"","overlay-color":"","overlay-opacity":"","overlay-gradient":""}},"ast-content-background-meta":{"desktop":{"background-color":"var(--ast-global-color-5)","background-image":"","background-repeat":"repeat","background-position":"center center","background-size":"auto","background-attachment":"scroll","background-type":"","background-media":"","overlay-type":"","overlay-color":"","overlay-opacity":"","overlay-gradient":""},"tablet":{"background-color":"var(--ast-global-color-5)","background-image":"","background-repeat":"repeat","background-position":"center center","background-size":"auto","background-attachment":"scroll","background-type":"","background-media":"","overlay-type":"","overlay-color":"","overlay-opacity":"","overlay-gradient":""},"mobile":{"background-color":"var(--ast-global-color-5)","background-image":"","background-repeat":"repeat","background-position":"center center","background-size":"auto","background-attachment":"scroll","background-type":"","background-media":"","overlay-type":"","overlay-color":"","overlay-opacity":"","overlay-gradient":""}},"footnotes":""},"class_list":["post-6384","page","type-page","status-publish","hentry"],"yoast_head":"<!-- This site is optimized with the Yoast SEO Premium plugin v24.2 (Yoast SEO v24.6) - https:\/\/yoast.com\/wordpress\/plugins\/seo\/ -->\n<title>La Visi\u00f3n Esp\u00edrita sobre el Maltrato de Animales - Uni\u00f3n Esp\u00edrita<\/title>\n<meta name=\"robots\" content=\"index, follow, max-snippet:-1, max-image-preview:large, max-video-preview:-1\" \/>\n<link rel=\"canonical\" href=\"https:\/\/nuevo-renacer.com\/en\/la-vision-espirita-sobre-el-maltrato-de-animales\/\" \/>\n<meta property=\"og:locale\" content=\"en_GB\" \/>\n<meta property=\"og:type\" content=\"article\" \/>\n<meta property=\"og:title\" content=\"La Visi\u00f3n Esp\u00edrita sobre el Maltrato de Animales\" \/>\n<meta property=\"og:description\" content=\"La Visi\u00f3n Esp\u00edrita sobre el Maltrato de Animales El maltrato animal es uno de los temas m\u00e1s controvertidos y dolorosos de nuestra sociedad moderna. Aunque las leyes y la conciencia social han avanzado para proteger a los animales, el sufrimiento causado por el abuso, la explotaci\u00f3n y la negligencia contin\u00faa siendo una realidad en muchas [&hellip;]\" \/>\n<meta property=\"og:url\" content=\"https:\/\/nuevo-renacer.com\/en\/la-vision-espirita-sobre-el-maltrato-de-animales\/\" \/>\n<meta property=\"og:site_name\" content=\"Uni\u00f3n Esp\u00edrita\" \/>\n<meta property=\"article:publisher\" content=\"https:\/\/www.facebook.com\/groups\/3431398063740829\" \/>\n<meta property=\"article:modified_time\" content=\"2024-11-26T12:58:52+00:00\" \/>\n<meta property=\"og:image\" content=\"https:\/\/nuevo-renacer.com\/wp-content\/uploads\/2024\/11\/Animales.png\" \/>\n\t<meta property=\"og:image:width\" content=\"1097\" \/>\n\t<meta property=\"og:image:height\" content=\"729\" \/>\n\t<meta property=\"og:image:type\" content=\"image\/png\" \/>\n<meta name=\"twitter:card\" content=\"summary_large_image\" \/>\n<meta name=\"twitter:label1\" content=\"Estimated reading time\" \/>\n\t<meta name=\"twitter:data1\" content=\"5 minutes\" \/>\n<script type=\"application\/ld+json\" class=\"yoast-schema-graph\">{\"@context\":\"https:\/\/schema.org\",\"@graph\":[{\"@type\":\"WebPage\",\"@id\":\"https:\/\/nuevo-renacer.com\/la-vision-espirita-sobre-el-maltrato-de-animales\/\",\"url\":\"https:\/\/nuevo-renacer.com\/la-vision-espirita-sobre-el-maltrato-de-animales\/\",\"name\":\"La Visi\u00f3n Esp\u00edrita sobre el Maltrato de Animales - Uni\u00f3n Esp\u00edrita\",\"isPartOf\":{\"@id\":\"https:\/\/nuevo-renacer.com\/#website\"},\"primaryImageOfPage\":{\"@id\":\"https:\/\/nuevo-renacer.com\/la-vision-espirita-sobre-el-maltrato-de-animales\/#primaryimage\"},\"image\":{\"@id\":\"https:\/\/nuevo-renacer.com\/la-vision-espirita-sobre-el-maltrato-de-animales\/#primaryimage\"},\"thumbnailUrl\":\"https:\/\/nuevo-renacer.com\/wp-content\/uploads\/2024\/11\/Animales-1024x680.png\",\"datePublished\":\"2024-11-26T12:43:40+00:00\",\"dateModified\":\"2024-11-26T12:58:52+00:00\",\"breadcrumb\":{\"@id\":\"https:\/\/nuevo-renacer.com\/la-vision-espirita-sobre-el-maltrato-de-animales\/#breadcrumb\"},\"inLanguage\":\"en-GB\",\"potentialAction\":[{\"@type\":\"ReadAction\",\"target\":[\"https:\/\/nuevo-renacer.com\/la-vision-espirita-sobre-el-maltrato-de-animales\/\"]}]},{\"@type\":\"ImageObject\",\"inLanguage\":\"en-GB\",\"@id\":\"https:\/\/nuevo-renacer.com\/la-vision-espirita-sobre-el-maltrato-de-animales\/#primaryimage\",\"url\":\"https:\/\/nuevo-renacer.com\/wp-content\/uploads\/2024\/11\/Animales-1024x680.png\",\"contentUrl\":\"https:\/\/nuevo-renacer.com\/wp-content\/uploads\/2024\/11\/Animales-1024x680.png\"},{\"@type\":\"BreadcrumbList\",\"@id\":\"https:\/\/nuevo-renacer.com\/la-vision-espirita-sobre-el-maltrato-de-animales\/#breadcrumb\",\"itemListElement\":[{\"@type\":\"ListItem\",\"position\":1,\"name\":\"Startseite\",\"item\":\"https:\/\/nuevo-renacer.com\/\"},{\"@type\":\"ListItem\",\"position\":2,\"name\":\"La Visi\u00f3n Esp\u00edrita sobre el Maltrato de Animales\"}]},{\"@type\":\"WebSite\",\"@id\":\"https:\/\/nuevo-renacer.com\/#website\",\"url\":\"https:\/\/nuevo-renacer.com\/\",\"name\":\"Uni\u00f3n Esp\u00edrita\",\"description\":\"Nuevo Renacer\",\"publisher\":{\"@id\":\"https:\/\/nuevo-renacer.com\/#organization\"},\"potentialAction\":[{\"@type\":\"SearchAction\",\"target\":{\"@type\":\"EntryPoint\",\"urlTemplate\":\"https:\/\/nuevo-renacer.com\/?s={search_term_string}\"},\"query-input\":{\"@type\":\"PropertyValueSpecification\",\"valueRequired\":true,\"valueName\":\"search_term_string\"}}],\"inLanguage\":\"en-GB\"},{\"@type\":\"Organization\",\"@id\":\"https:\/\/nuevo-renacer.com\/#organization\",\"name\":\"UFEC\",\"url\":\"https:\/\/nuevo-renacer.com\/\",\"logo\":{\"@type\":\"ImageObject\",\"inLanguage\":\"en-GB\",\"@id\":\"https:\/\/nuevo-renacer.com\/#\/schema\/logo\/image\/\",\"url\":\"https:\/\/nuevo-renacer.com\/wp-content\/uploads\/2024\/05\/cropped-LOGO-TERMINADO1-3-3.png\",\"contentUrl\":\"https:\/\/nuevo-renacer.com\/wp-content\/uploads\/2024\/05\/cropped-LOGO-TERMINADO1-3-3.png\",\"width\":512,\"height\":512,\"caption\":\"UFEC\"},\"image\":{\"@id\":\"https:\/\/nuevo-renacer.com\/#\/schema\/logo\/image\/\"},\"sameAs\":[\"https:\/\/www.facebook.com\/groups\/3431398063740829\"]}]}<\/script>\n<!-- \/ Yoast SEO Premium plugin. -->","yoast_head_json":{"title":"La Visi\u00f3n Esp\u00edrita sobre el Maltrato de Animales - Uni\u00f3n Esp\u00edrita","robots":{"index":"index","follow":"follow","max-snippet":"max-snippet:-1","max-image-preview":"max-image-preview:large","max-video-preview":"max-video-preview:-1"},"canonical":"https:\/\/nuevo-renacer.com\/en\/la-vision-espirita-sobre-el-maltrato-de-animales\/","og_locale":"en_GB","og_type":"article","og_title":"La Visi\u00f3n Esp\u00edrita sobre el Maltrato de Animales","og_description":"La Visi\u00f3n Esp\u00edrita sobre el Maltrato de Animales El maltrato animal es uno de los temas m\u00e1s controvertidos y dolorosos de nuestra sociedad moderna. Aunque las leyes y la conciencia social han avanzado para proteger a los animales, el sufrimiento causado por el abuso, la explotaci\u00f3n y la negligencia contin\u00faa siendo una realidad en muchas [&hellip;]","og_url":"https:\/\/nuevo-renacer.com\/en\/la-vision-espirita-sobre-el-maltrato-de-animales\/","og_site_name":"Uni\u00f3n Esp\u00edrita","article_publisher":"https:\/\/www.facebook.com\/groups\/3431398063740829","article_modified_time":"2024-11-26T12:58:52+00:00","og_image":[{"width":1097,"height":729,"url":"https:\/\/nuevo-renacer.com\/wp-content\/uploads\/2024\/11\/Animales.png","type":"image\/png"}],"twitter_card":"summary_large_image","twitter_misc":{"Estimated reading time":"5 minutes"},"schema":{"@context":"https:\/\/schema.org","@graph":[{"@type":"WebPage","@id":"https:\/\/nuevo-renacer.com\/la-vision-espirita-sobre-el-maltrato-de-animales\/","url":"https:\/\/nuevo-renacer.com\/la-vision-espirita-sobre-el-maltrato-de-animales\/","name":"La Visi\u00f3n Esp\u00edrita sobre el Maltrato de Animales - Uni\u00f3n Esp\u00edrita","isPartOf":{"@id":"https:\/\/nuevo-renacer.com\/#website"},"primaryImageOfPage":{"@id":"https:\/\/nuevo-renacer.com\/la-vision-espirita-sobre-el-maltrato-de-animales\/#primaryimage"},"image":{"@id":"https:\/\/nuevo-renacer.com\/la-vision-espirita-sobre-el-maltrato-de-animales\/#primaryimage"},"thumbnailUrl":"https:\/\/nuevo-renacer.com\/wp-content\/uploads\/2024\/11\/Animales-1024x680.png","datePublished":"2024-11-26T12:43:40+00:00","dateModified":"2024-11-26T12:58:52+00:00","breadcrumb":{"@id":"https:\/\/nuevo-renacer.com\/la-vision-espirita-sobre-el-maltrato-de-animales\/#breadcrumb"},"inLanguage":"en-GB","potentialAction":[{"@type":"ReadAction","target":["https:\/\/nuevo-renacer.com\/la-vision-espirita-sobre-el-maltrato-de-animales\/"]}]},{"@type":"ImageObject","inLanguage":"en-GB","@id":"https:\/\/nuevo-renacer.com\/la-vision-espirita-sobre-el-maltrato-de-animales\/#primaryimage","url":"https:\/\/nuevo-renacer.com\/wp-content\/uploads\/2024\/11\/Animales-1024x680.png","contentUrl":"https:\/\/nuevo-renacer.com\/wp-content\/uploads\/2024\/11\/Animales-1024x680.png"},{"@type":"BreadcrumbList","@id":"https:\/\/nuevo-renacer.com\/la-vision-espirita-sobre-el-maltrato-de-animales\/#breadcrumb","itemListElement":[{"@type":"ListItem","position":1,"name":"Startseite","item":"https:\/\/nuevo-renacer.com\/"},{"@type":"ListItem","position":2,"name":"La Visi\u00f3n Esp\u00edrita sobre el Maltrato de Animales"}]},{"@type":"WebSite","@id":"https:\/\/nuevo-renacer.com\/#website","url":"https:\/\/nuevo-renacer.com\/","name":"Uni\u00f3n Esp\u00edrita","description":"Nuevo Renacer","publisher":{"@id":"https:\/\/nuevo-renacer.com\/#organization"},"potentialAction":[{"@type":"SearchAction","target":{"@type":"EntryPoint","urlTemplate":"https:\/\/nuevo-renacer.com\/?s={search_term_string}"},"query-input":{"@type":"PropertyValueSpecification","valueRequired":true,"valueName":"search_term_string"}}],"inLanguage":"en-GB"},{"@type":"Organization","@id":"https:\/\/nuevo-renacer.com\/#organization","name":"UFEC","url":"https:\/\/nuevo-renacer.com\/","logo":{"@type":"ImageObject","inLanguage":"en-GB","@id":"https:\/\/nuevo-renacer.com\/#\/schema\/logo\/image\/","url":"https:\/\/nuevo-renacer.com\/wp-content\/uploads\/2024\/05\/cropped-LOGO-TERMINADO1-3-3.png","contentUrl":"https:\/\/nuevo-renacer.com\/wp-content\/uploads\/2024\/05\/cropped-LOGO-TERMINADO1-3-3.png","width":512,"height":512,"caption":"UFEC"},"image":{"@id":"https:\/\/nuevo-renacer.com\/#\/schema\/logo\/image\/"},"sameAs":["https:\/\/www.facebook.com\/groups\/3431398063740829"]}]}},"uagb_featured_image_src":{"full":false,"thumbnail":false,"medium":false,"medium_large":false,"large":false,"1536x1536":false,"2048x2048":false,"trp-custom-language-flag":false},"uagb_author_info":{"display_name":"adbv0","author_link":"https:\/\/nuevo-renacer.com\/en\/author\/adbv0\/"},"uagb_comment_info":0,"uagb_excerpt":"La Visi\u00f3n Esp\u00edrita sobre el Maltrato de Animales El maltrato animal es uno de los temas m\u00e1s controvertidos y dolorosos de nuestra sociedad moderna. Aunque las leyes y la conciencia social han avanzado para proteger a los animales, el sufrimiento causado por el abuso, la explotaci\u00f3n y la negligencia contin\u00faa siendo una realidad en muchas&hellip;","jetpack_sharing_enabled":true,"_links":{"self":[{"href":"https:\/\/nuevo-renacer.com\/en\/wp-json\/wp\/v2\/pages\/6384","targetHints":{"allow":["GET"]}}],"collection":[{"href":"https:\/\/nuevo-renacer.com\/en\/wp-json\/wp\/v2\/pages"}],"about":[{"href":"https:\/\/nuevo-renacer.com\/en\/wp-json\/wp\/v2\/types\/page"}],"author":[{"embeddable":true,"href":"https:\/\/nuevo-renacer.com\/en\/wp-json\/wp\/v2\/users\/1"}],"replies":[{"embeddable":true,"href":"https:\/\/nuevo-renacer.com\/en\/wp-json\/wp\/v2\/comments?post=6384"}],"version-history":[{"count":2,"href":"https:\/\/nuevo-renacer.com\/en\/wp-json\/wp\/v2\/pages\/6384\/revisions"}],"predecessor-version":[{"id":6387,"href":"https:\/\/nuevo-renacer.com\/en\/wp-json\/wp\/v2\/pages\/6384\/revisions\/6387"}],"wp:attachment":[{"href":"https:\/\/nuevo-renacer.com\/en\/wp-json\/wp\/v2\/media?parent=6384"}],"curies":[{"name":"wp","href":"https:\/\/api.w.org\/{rel}","templated":true}]}}