{"id":6177,"date":"2024-11-19T13:55:59","date_gmt":"2024-11-19T13:55:59","guid":{"rendered":"https:\/\/nuevo-renacer.com\/?page_id=6177"},"modified":"2024-11-19T13:55:59","modified_gmt":"2024-11-19T13:55:59","slug":"antonio-goncalves-da-silva","status":"publish","type":"page","link":"https:\/\/nuevo-renacer.com\/en\/antonio-goncalves-da-silva\/","title":{"rendered":"Ant\u00f4nio Gon\u00e7alves da Silva"},"content":{"rendered":"<div class=\"wp-block-uagb-container uagb-block-ab237eb2 alignfull uagb-is-root-container\"><div class=\"uagb-container-inner-blocks-wrap\">\n<p class=\"has-black-color has-text-color has-link-color has-medium-font-size wp-elements-fda032df3a5d90a304b034f6701bdea0\"><strong>Ant\u00f4nio Gon\u00e7alves da Silva<\/strong><\/p>\n<\/div><\/div>\n\n\n\n<div class=\"wp-block-uagb-container uagb-block-80395d1d alignfull uagb-is-root-container\"><div class=\"uagb-container-inner-blocks-wrap\">\n<figure class=\"wp-block-image size-full is-resized\"><img decoding=\"async\" width=\"192\" height=\"257\" src=\"https:\/\/nuevo-renacer.com\/wp-content\/uploads\/2024\/11\/unnamed.jpg\" alt=\"\" class=\"wp-image-6178\" style=\"width:227px;height:auto\" srcset=\"https:\/\/nuevo-renacer.com\/wp-content\/uploads\/2024\/11\/unnamed.jpg 192w, https:\/\/nuevo-renacer.com\/wp-content\/uploads\/2024\/11\/unnamed-9x12.jpg 9w\" sizes=\"(max-width: 192px) 100vw, 192px\" \/><\/figure>\n<\/div><\/div>\n\n\n\n<div class=\"wp-block-uagb-container uagb-block-441ca5af alignfull uagb-is-root-container\"><div class=\"uagb-container-inner-blocks-wrap\">\n<p class=\"has-black-color has-text-color has-link-color has-small-font-size wp-elements-262e5463d143b401c71cf87a1e565c65\">Ant\u00f4nio Gon\u00e7alves da Silva was born on 19 March 1839 in Portugal, in the parish of \u00c1guas Santas, today part of the municipality of Maia. The son of humble peasants and with only primary schooling, he came to Brazil at the age of 11, arriving in Guanabara on 3 January 1850. For three years he worked in commerce in the Court. From there he moved to the city of Campinas, in S\u00e3o Paulo, where he remained for some time until he moved permanently to the capital.<\/p>\n\n\n\n<p class=\"has-black-color has-text-color has-link-color has-small-font-size wp-elements-25a1340f6d1f05e2b4c283082951f5dc\">At that time, the capital had less than 30.000 inhabitants and, during his first years here, Batu\u00edra worked as a distributor of the newspaper \"Correio Paulistano\", since at that time there were no newsstands and delivery was made in the afternoon, from house to house, only to subscribers. Diligent, honest and docile in spirit, Batu\u00edra made friends and admirers everywhere as a paperboy. It seems that it was at this time that he learned the art of typography, most probably in the workshops of the \"Correio Paulistano\".<\/p>\n\n\n\n<p class=\"has-black-color has-text-color has-link-color has-small-font-size wp-elements-b2f1064ad80af66ccdb8342472f711e3\">Very active and running from one place to another, he was nicknamed \u00abthe batu\u00edra\u00bb, the name given by the people to a very light and fast-flying bird that frequented the ponds formed by the overflow of the Tamanduate\u00ed River, where the D. Pedro II Park is located today. The young man's name was Antonio Gon\u00e7alves da Silva, but from then on he adopted the nickname BATU\u00cdRA. Soon after, with the savings he had gathered and, of course, with the help of friends, he set up a small theatre in the back room of a tavern on Rua Cruz Preta.<\/p>\n\n\n\n<p class=\"has-black-color has-text-color has-link-color has-small-font-size wp-elements-84d10729916a732996e6844f6c5024be\">Many aficionados made their debut in that modest theatre, including Batu\u00edra. Persevering in his determination, he then dedicated himself to the manufacture of cigars. Thus, with hard work and economy, Batu\u00edra increased his modest finances, which allowed him to marry Miss Brandina Maria de Jesus, with whom he had a son, Joaquim Gon\u00e7alves Batu\u00edra, who died as an adult and married. Bold like the great entrepreneurs, he invested his money in the purchase of undervalued areas, starting to build small houses to rent, thus becoming a wealthy landowner, whose wealth was the fruit of many years of hard and honest work, combined with unwavering perseverance.<\/p>\n\n\n\n<p class=\"has-black-color has-text-color has-link-color has-small-font-size wp-elements-0685f5817bf493a08515ab7ecf09f376\">When everything seemed to be going well, the only son of his second wife, Mrs. Maria das Dores Coutinho e Silva, died almost suddenly. He was a twelve-year-old boy for whom the couple felt great devotion and affection. This blow deeply wounded that home, which could only find consolation in the comforting Doctrine of the Spirits. So great was the peace that Spiritism instilled in them that Batu\u00edra immediately set to work, fervently desiring that other companions in their earthly labours should know this blessed source of hope, and that within this short, stoutly built body, a heart of gold should expand their noble sentiments of love for their fellow-men.<\/p>\n\n\n\n<p class=\"has-black-color has-text-color has-link-color has-small-font-size wp-elements-e0979197e46316c65a7d0d96829ea2eb\">In 1889, Batu\u00edra became the exclusive agent of the magazine \"Reformador\" in the city of S\u00e3o Paulo, a position he held until 1899 or 1900. On April 6, 1890, he re-established the Spiritist Group Truth and Light, a spiritism establishment that had been \u2018inactive\u2019 for a long time. He then acquired a small printing press for the dissemination and propagation of Spiritism, publishing the fortnightly \"Verdade e Luz\" (Truth and Light), which reached 15,000 copies in 1897, a considerable number for the time. Batu\u00edra was also a healing medium. He performed hundreds of physical and spiritual healings through the administration of effluvium or the application of \"magnetic passes\". For this reason, the people who benefited from Batu\u00edra came to call him the \"Doctor of the Poor\", a cognomen that also haloed the name of Adolfo Bezerra de Menezes.<\/p>\n\n\n\n<p class=\"has-black-color has-text-color has-link-color has-small-font-size wp-elements-e95efbd9f48c0c4ee397bb4aa31bc444\">Batu\u00edra's charitable work was not limited to these manifestations of Christian charity. He went much further. He created Spiritist Groups and Centres in S\u00e3o Paulo, Minas Gerais and Rio de Janeiro, which he encouraged and assisted; he held conferences on various doctrinal subjects in innumerable cities of several states, where he also visited and cured suffering brothers and sisters; he distributed free pamphlets and leaflets of propaganda of Spiritism, which he himself printed, and distributed thousands of books all over the countryside. Batu\u00edra, together with other illustrious confreres, created in S\u00e3o Paulo, on May 24, 1908, the \u00abUni\u00f3n Esp\u00edrita del Estado de S\u00e3o Paulo\u00bb (Spiritist Union of the State of S\u00e3o Paulo), which would federate all the centres and groups existing in the State.<\/p>\n\n\n\n<p class=\"has-black-color has-text-color has-link-color has-small-font-size wp-elements-191c5cafd63d446cbf060613b7d7edc4\">This was the brave worker of the Third Revelation, the tireless fighter who never allowed himself to be overwhelmed by the hardships of the journey, and who was undeniably one of the greatest propagandists of Spiritism in Brazil. Carrying many responsibilities on his shoulders, he did not feel, so attached to the fulfilment of his duties, that his vital forces were quickly exhausted. A sudden illness assailed his body and, outwitting all medical resources, in a few days forced him to cross the frontiers of the beyond. On Friday, 22 January 1909, at about one o'clock in the morning, Ant\u00f4nio Gon\u00e7alves da Silva, Batu\u00edra, died.<\/p>\n<\/div><\/div>\n\n\n\n<div class=\"wp-block-uagb-container uagb-block-4845bd5d alignfull uagb-is-root-container\"><div class=\"uagb-container-inner-blocks-wrap\"><\/div><\/div>\n\n\n\n<div class=\"wp-block-uagb-container uagb-block-894cc7c5 alignfull uagb-is-root-container\"><div class=\"uagb-container-inner-blocks-wrap\"><\/div><\/div>","protected":false},"excerpt":{"rendered":"<p>Ant\u00f4nio Gon\u00e7alves da Silva Ant\u00f4nio Gon\u00e7alves da Silva naci\u00f3 el 19 de marzo de 1839 en Portugal, en la parroquia de \u00c1guas Santas, hoy perteneciente al concejo de Maia. Hijo de humildes campesinos y con s\u00f3lo estudios primarios, vino a Brasil a los 11 a\u00f1os, llegando a Guanabara el 3 de enero de 1850. Durante [&hellip;]<\/p>","protected":false},"author":1,"featured_media":0,"parent":0,"menu_order":0,"comment_status":"closed","ping_status":"closed","template":"","meta":{"_uag_custom_page_level_css":"","site-sidebar-layout":"default","site-content-layout":"","ast-site-content-layout":"default","site-content-style":"default","site-sidebar-style":"default","ast-global-header-display":"","ast-banner-title-visibility":"","ast-main-header-display":"","ast-hfb-above-header-display":"","ast-hfb-below-header-display":"","ast-hfb-mobile-header-display":"","site-post-title":"disabled","ast-breadcrumbs-content":"","ast-featured-img":"","footer-sml-layout":"","theme-transparent-header-meta":"","adv-header-id-meta":"","stick-header-meta":"","header-above-stick-meta":"","header-main-stick-meta":"","header-below-stick-meta":"","astra-migrate-meta-layouts":"set","ast-page-background-enabled":"default","ast-page-background-meta":{"desktop":{"background-color":"var(--ast-global-color-4)","background-image":"","background-repeat":"repeat","background-position":"center center","background-size":"auto","background-attachment":"scroll","background-type":"","background-media":"","overlay-type":"","overlay-color":"","overlay-opacity":"","overlay-gradient":""},"tablet":{"background-color":"","background-image":"","background-repeat":"repeat","background-position":"center center","background-size":"auto","background-attachment":"scroll","background-type":"","background-media":"","overlay-type":"","overlay-color":"","overlay-opacity":"","overlay-gradient":""},"mobile":{"background-color":"","background-image":"","background-repeat":"repeat","background-position":"center center","background-size":"auto","background-attachment":"scroll","background-type":"","background-media":"","overlay-type":"","overlay-color":"","overlay-opacity":"","overlay-gradient":""}},"ast-content-background-meta":{"desktop":{"background-color":"var(--ast-global-color-5)","background-image":"","background-repeat":"repeat","background-position":"center center","background-size":"auto","background-attachment":"scroll","background-type":"","background-media":"","overlay-type":"","overlay-color":"","overlay-opacity":"","overlay-gradient":""},"tablet":{"background-color":"var(--ast-global-color-5)","background-image":"","background-repeat":"repeat","background-position":"center center","background-size":"auto","background-attachment":"scroll","background-type":"","background-media":"","overlay-type":"","overlay-color":"","overlay-opacity":"","overlay-gradient":""},"mobile":{"background-color":"var(--ast-global-color-5)","background-image":"","background-repeat":"repeat","background-position":"center center","background-size":"auto","background-attachment":"scroll","background-type":"","background-media":"","overlay-type":"","overlay-color":"","overlay-opacity":"","overlay-gradient":""}},"footnotes":""},"class_list":["post-6177","page","type-page","status-publish","hentry"],"yoast_head":"<!-- This site is optimized with the Yoast SEO Premium plugin v24.2 (Yoast SEO v24.6) - https:\/\/yoast.com\/wordpress\/plugins\/seo\/ -->\n<title>Ant\u00f4nio Gon\u00e7alves da Silva - Uni\u00f3n Esp\u00edrita<\/title>\n<meta name=\"robots\" content=\"index, follow, max-snippet:-1, max-image-preview:large, max-video-preview:-1\" \/>\n<link rel=\"canonical\" href=\"https:\/\/nuevo-renacer.com\/en\/antonio-goncalves-da-silva\/\" \/>\n<meta property=\"og:locale\" content=\"en_GB\" \/>\n<meta property=\"og:type\" content=\"article\" \/>\n<meta property=\"og:title\" content=\"Ant\u00f4nio Gon\u00e7alves da Silva\" \/>\n<meta property=\"og:description\" content=\"Ant\u00f4nio Gon\u00e7alves da Silva Ant\u00f4nio Gon\u00e7alves da Silva naci\u00f3 el 19 de marzo de 1839 en Portugal, en la parroquia de \u00c1guas Santas, hoy perteneciente al concejo de Maia. Hijo de humildes campesinos y con s\u00f3lo estudios primarios, vino a Brasil a los 11 a\u00f1os, llegando a Guanabara el 3 de enero de 1850. Durante [&hellip;]\" \/>\n<meta property=\"og:url\" content=\"https:\/\/nuevo-renacer.com\/en\/antonio-goncalves-da-silva\/\" \/>\n<meta property=\"og:site_name\" content=\"Uni\u00f3n Esp\u00edrita\" \/>\n<meta property=\"article:publisher\" content=\"https:\/\/www.facebook.com\/groups\/3431398063740829\" \/>\n<meta property=\"og:image\" content=\"https:\/\/nuevo-renacer.com\/wp-content\/uploads\/2024\/11\/unnamed.jpg\" \/>\n\t<meta property=\"og:image:width\" content=\"192\" \/>\n\t<meta property=\"og:image:height\" content=\"257\" \/>\n\t<meta property=\"og:image:type\" content=\"image\/jpeg\" \/>\n<meta name=\"twitter:card\" content=\"summary_large_image\" \/>\n<meta name=\"twitter:label1\" content=\"Estimated reading time\" \/>\n\t<meta name=\"twitter:data1\" content=\"5 minutes\" \/>\n<script type=\"application\/ld+json\" class=\"yoast-schema-graph\">{\"@context\":\"https:\/\/schema.org\",\"@graph\":[{\"@type\":\"WebPage\",\"@id\":\"https:\/\/nuevo-renacer.com\/de\/antonio-goncalves-da-silva\/\",\"url\":\"https:\/\/nuevo-renacer.com\/de\/antonio-goncalves-da-silva\/\",\"name\":\"Ant\u00f4nio Gon\u00e7alves da Silva - Uni\u00f3n Esp\u00edrita\",\"isPartOf\":{\"@id\":\"https:\/\/nuevo-renacer.com\/#website\"},\"primaryImageOfPage\":{\"@id\":\"https:\/\/nuevo-renacer.com\/de\/antonio-goncalves-da-silva\/#primaryimage\"},\"image\":{\"@id\":\"https:\/\/nuevo-renacer.com\/de\/antonio-goncalves-da-silva\/#primaryimage\"},\"thumbnailUrl\":\"https:\/\/nuevo-renacer.com\/wp-content\/uploads\/2024\/11\/unnamed.jpg\",\"datePublished\":\"2024-11-19T13:55:59+00:00\",\"breadcrumb\":{\"@id\":\"https:\/\/nuevo-renacer.com\/de\/antonio-goncalves-da-silva\/#breadcrumb\"},\"inLanguage\":\"en-GB\",\"potentialAction\":[{\"@type\":\"ReadAction\",\"target\":[\"https:\/\/nuevo-renacer.com\/de\/antonio-goncalves-da-silva\/\"]}]},{\"@type\":\"ImageObject\",\"inLanguage\":\"en-GB\",\"@id\":\"https:\/\/nuevo-renacer.com\/de\/antonio-goncalves-da-silva\/#primaryimage\",\"url\":\"https:\/\/nuevo-renacer.com\/wp-content\/uploads\/2024\/11\/unnamed.jpg\",\"contentUrl\":\"https:\/\/nuevo-renacer.com\/wp-content\/uploads\/2024\/11\/unnamed.jpg\"},{\"@type\":\"BreadcrumbList\",\"@id\":\"https:\/\/nuevo-renacer.com\/de\/antonio-goncalves-da-silva\/#breadcrumb\",\"itemListElement\":[{\"@type\":\"ListItem\",\"position\":1,\"name\":\"Startseite\",\"item\":\"https:\/\/nuevo-renacer.com\/\"},{\"@type\":\"ListItem\",\"position\":2,\"name\":\"Ant\u00f4nio Gon\u00e7alves da Silva\"}]},{\"@type\":\"WebSite\",\"@id\":\"https:\/\/nuevo-renacer.com\/#website\",\"url\":\"https:\/\/nuevo-renacer.com\/\",\"name\":\"Uni\u00f3n Esp\u00edrita\",\"description\":\"Nuevo Renacer\",\"publisher\":{\"@id\":\"https:\/\/nuevo-renacer.com\/#organization\"},\"potentialAction\":[{\"@type\":\"SearchAction\",\"target\":{\"@type\":\"EntryPoint\",\"urlTemplate\":\"https:\/\/nuevo-renacer.com\/?s={search_term_string}\"},\"query-input\":{\"@type\":\"PropertyValueSpecification\",\"valueRequired\":true,\"valueName\":\"search_term_string\"}}],\"inLanguage\":\"en-GB\"},{\"@type\":\"Organization\",\"@id\":\"https:\/\/nuevo-renacer.com\/#organization\",\"name\":\"UFEC\",\"url\":\"https:\/\/nuevo-renacer.com\/\",\"logo\":{\"@type\":\"ImageObject\",\"inLanguage\":\"en-GB\",\"@id\":\"https:\/\/nuevo-renacer.com\/#\/schema\/logo\/image\/\",\"url\":\"https:\/\/nuevo-renacer.com\/wp-content\/uploads\/2024\/05\/cropped-LOGO-TERMINADO1-3-3.png\",\"contentUrl\":\"https:\/\/nuevo-renacer.com\/wp-content\/uploads\/2024\/05\/cropped-LOGO-TERMINADO1-3-3.png\",\"width\":512,\"height\":512,\"caption\":\"UFEC\"},\"image\":{\"@id\":\"https:\/\/nuevo-renacer.com\/#\/schema\/logo\/image\/\"},\"sameAs\":[\"https:\/\/www.facebook.com\/groups\/3431398063740829\"]}]}<\/script>\n<!-- \/ Yoast SEO Premium plugin. -->","yoast_head_json":{"title":"Ant\u00f4nio Gon\u00e7alves da Silva - Uni\u00f3n Esp\u00edrita","robots":{"index":"index","follow":"follow","max-snippet":"max-snippet:-1","max-image-preview":"max-image-preview:large","max-video-preview":"max-video-preview:-1"},"canonical":"https:\/\/nuevo-renacer.com\/en\/antonio-goncalves-da-silva\/","og_locale":"en_GB","og_type":"article","og_title":"Ant\u00f4nio Gon\u00e7alves da Silva","og_description":"Ant\u00f4nio Gon\u00e7alves da Silva Ant\u00f4nio Gon\u00e7alves da Silva naci\u00f3 el 19 de marzo de 1839 en Portugal, en la parroquia de \u00c1guas Santas, hoy perteneciente al concejo de Maia. Hijo de humildes campesinos y con s\u00f3lo estudios primarios, vino a Brasil a los 11 a\u00f1os, llegando a Guanabara el 3 de enero de 1850. Durante [&hellip;]","og_url":"https:\/\/nuevo-renacer.com\/en\/antonio-goncalves-da-silva\/","og_site_name":"Uni\u00f3n Esp\u00edrita","article_publisher":"https:\/\/www.facebook.com\/groups\/3431398063740829","og_image":[{"width":192,"height":257,"url":"https:\/\/nuevo-renacer.com\/wp-content\/uploads\/2024\/11\/unnamed.jpg","type":"image\/jpeg"}],"twitter_card":"summary_large_image","twitter_misc":{"Estimated reading time":"5 minutes"},"schema":{"@context":"https:\/\/schema.org","@graph":[{"@type":"WebPage","@id":"https:\/\/nuevo-renacer.com\/de\/antonio-goncalves-da-silva\/","url":"https:\/\/nuevo-renacer.com\/de\/antonio-goncalves-da-silva\/","name":"Ant\u00f4nio Gon\u00e7alves da Silva - Uni\u00f3n Esp\u00edrita","isPartOf":{"@id":"https:\/\/nuevo-renacer.com\/#website"},"primaryImageOfPage":{"@id":"https:\/\/nuevo-renacer.com\/de\/antonio-goncalves-da-silva\/#primaryimage"},"image":{"@id":"https:\/\/nuevo-renacer.com\/de\/antonio-goncalves-da-silva\/#primaryimage"},"thumbnailUrl":"https:\/\/nuevo-renacer.com\/wp-content\/uploads\/2024\/11\/unnamed.jpg","datePublished":"2024-11-19T13:55:59+00:00","breadcrumb":{"@id":"https:\/\/nuevo-renacer.com\/de\/antonio-goncalves-da-silva\/#breadcrumb"},"inLanguage":"en-GB","potentialAction":[{"@type":"ReadAction","target":["https:\/\/nuevo-renacer.com\/de\/antonio-goncalves-da-silva\/"]}]},{"@type":"ImageObject","inLanguage":"en-GB","@id":"https:\/\/nuevo-renacer.com\/de\/antonio-goncalves-da-silva\/#primaryimage","url":"https:\/\/nuevo-renacer.com\/wp-content\/uploads\/2024\/11\/unnamed.jpg","contentUrl":"https:\/\/nuevo-renacer.com\/wp-content\/uploads\/2024\/11\/unnamed.jpg"},{"@type":"BreadcrumbList","@id":"https:\/\/nuevo-renacer.com\/de\/antonio-goncalves-da-silva\/#breadcrumb","itemListElement":[{"@type":"ListItem","position":1,"name":"Startseite","item":"https:\/\/nuevo-renacer.com\/"},{"@type":"ListItem","position":2,"name":"Ant\u00f4nio Gon\u00e7alves da Silva"}]},{"@type":"WebSite","@id":"https:\/\/nuevo-renacer.com\/#website","url":"https:\/\/nuevo-renacer.com\/","name":"Uni\u00f3n Esp\u00edrita","description":"Nuevo Renacer","publisher":{"@id":"https:\/\/nuevo-renacer.com\/#organization"},"potentialAction":[{"@type":"SearchAction","target":{"@type":"EntryPoint","urlTemplate":"https:\/\/nuevo-renacer.com\/?s={search_term_string}"},"query-input":{"@type":"PropertyValueSpecification","valueRequired":true,"valueName":"search_term_string"}}],"inLanguage":"en-GB"},{"@type":"Organization","@id":"https:\/\/nuevo-renacer.com\/#organization","name":"UFEC","url":"https:\/\/nuevo-renacer.com\/","logo":{"@type":"ImageObject","inLanguage":"en-GB","@id":"https:\/\/nuevo-renacer.com\/#\/schema\/logo\/image\/","url":"https:\/\/nuevo-renacer.com\/wp-content\/uploads\/2024\/05\/cropped-LOGO-TERMINADO1-3-3.png","contentUrl":"https:\/\/nuevo-renacer.com\/wp-content\/uploads\/2024\/05\/cropped-LOGO-TERMINADO1-3-3.png","width":512,"height":512,"caption":"UFEC"},"image":{"@id":"https:\/\/nuevo-renacer.com\/#\/schema\/logo\/image\/"},"sameAs":["https:\/\/www.facebook.com\/groups\/3431398063740829"]}]}},"uagb_featured_image_src":{"full":false,"thumbnail":false,"medium":false,"medium_large":false,"large":false,"1536x1536":false,"2048x2048":false,"trp-custom-language-flag":false},"uagb_author_info":{"display_name":"adbv0","author_link":"https:\/\/nuevo-renacer.com\/en\/author\/adbv0\/"},"uagb_comment_info":0,"uagb_excerpt":"Ant\u00f4nio Gon\u00e7alves da Silva Ant\u00f4nio Gon\u00e7alves da Silva naci\u00f3 el 19 de marzo de 1839 en Portugal, en la parroquia de \u00c1guas Santas, hoy perteneciente al concejo de Maia. Hijo de humildes campesinos y con s\u00f3lo estudios primarios, vino a Brasil a los 11 a\u00f1os, llegando a Guanabara el 3 de enero de 1850. Durante&hellip;","jetpack_sharing_enabled":true,"_links":{"self":[{"href":"https:\/\/nuevo-renacer.com\/en\/wp-json\/wp\/v2\/pages\/6177","targetHints":{"allow":["GET"]}}],"collection":[{"href":"https:\/\/nuevo-renacer.com\/en\/wp-json\/wp\/v2\/pages"}],"about":[{"href":"https:\/\/nuevo-renacer.com\/en\/wp-json\/wp\/v2\/types\/page"}],"author":[{"embeddable":true,"href":"https:\/\/nuevo-renacer.com\/en\/wp-json\/wp\/v2\/users\/1"}],"replies":[{"embeddable":true,"href":"https:\/\/nuevo-renacer.com\/en\/wp-json\/wp\/v2\/comments?post=6177"}],"version-history":[{"count":1,"href":"https:\/\/nuevo-renacer.com\/en\/wp-json\/wp\/v2\/pages\/6177\/revisions"}],"predecessor-version":[{"id":6179,"href":"https:\/\/nuevo-renacer.com\/en\/wp-json\/wp\/v2\/pages\/6177\/revisions\/6179"}],"wp:attachment":[{"href":"https:\/\/nuevo-renacer.com\/en\/wp-json\/wp\/v2\/media?parent=6177"}],"curies":[{"name":"wp","href":"https:\/\/api.w.org\/{rel}","templated":true}]}}