{"id":6159,"date":"2024-11-18T08:03:14","date_gmt":"2024-11-18T08:03:14","guid":{"rendered":"https:\/\/nuevo-renacer.com\/?page_id=6159"},"modified":"2024-11-18T08:43:31","modified_gmt":"2024-11-18T08:43:31","slug":"edgard-pereira-armond","status":"publish","type":"page","link":"https:\/\/nuevo-renacer.com\/en\/edgard-pereira-armond\/","title":{"rendered":"Edgard Pereira Armond"},"content":{"rendered":"<div class=\"wp-block-uagb-container uagb-block-2a4189c1 alignfull uagb-is-root-container\"><div class=\"uagb-container-inner-blocks-wrap\">\n<p class=\"has-black-color has-text-color has-link-color has-medium-font-size wp-elements-0a664fcfe20ca0a479aaad355c1672ff\"><strong>Edgard Pereira Armond<\/strong><\/p>\n<\/div><\/div>\n\n\n\n<div class=\"wp-block-uagb-container uagb-block-0bd63844 alignfull uagb-is-root-container\"><div class=\"uagb-container-inner-blocks-wrap\">\n<figure class=\"wp-block-image size-full is-resized\"><img decoding=\"async\" width=\"184\" height=\"238\" src=\"https:\/\/nuevo-renacer.com\/wp-content\/uploads\/2024\/11\/edgarpereiraarmond.jpg\" alt=\"\" class=\"wp-image-6160\" style=\"width:264px;height:auto\" srcset=\"https:\/\/nuevo-renacer.com\/wp-content\/uploads\/2024\/11\/edgarpereiraarmond.jpg 184w, https:\/\/nuevo-renacer.com\/wp-content\/uploads\/2024\/11\/edgarpereiraarmond-9x12.jpg 9w\" sizes=\"(max-width: 184px) 100vw, 184px\" \/><\/figure>\n<\/div><\/div>\n\n\n\n<div class=\"wp-block-uagb-container uagb-block-934d659c alignfull uagb-is-root-container\"><div class=\"uagb-container-inner-blocks-wrap\">\n<p class=\"has-black-color has-text-color has-link-color has-small-font-size wp-elements-7bf129da2a7148c3f373333cc552d468\">Edgard Pereira Armond was born on 14 June 1894 in Guaratinguet\u00e1 (Brazil), in the Para\u00edba valley. From a humble family, at the age of 21 Armond joined the S\u00e3o Paulo Public Force, where he began the career that would give him the title by which he is still known today: \u00abComandante\u00bb.<\/p>\n\n\n\n<p class=\"has-black-color has-text-color has-link-color has-small-font-size wp-elements-8a8aea701cbc78e57e22f87cfae71bbe\">He participated in various military movements, taking part in the revolutions of 1922 and 1924, where he was part of the occupation troops on the Brazilian borders with Paraguay and Argentina. In 1926, he graduated as a dentist from the School of Pharmacy and Dentistry of the State of S\u00e3o Paulo.<\/p>\n\n\n\n<div class=\"wp-block-uagb-container uagb-block-b1c912f6\">\n<figure class=\"wp-block-image size-full is-resized\"><img fetchpriority=\"high\" decoding=\"async\" width=\"288\" height=\"410\" src=\"https:\/\/nuevo-renacer.com\/wp-content\/uploads\/2024\/11\/Edgard_Pereira_Armond.jpg\" alt=\"\" class=\"wp-image-6161\" style=\"width:264px\" srcset=\"https:\/\/nuevo-renacer.com\/wp-content\/uploads\/2024\/11\/Edgard_Pereira_Armond.jpg 288w, https:\/\/nuevo-renacer.com\/wp-content\/uploads\/2024\/11\/Edgard_Pereira_Armond-211x300.jpg 211w, https:\/\/nuevo-renacer.com\/wp-content\/uploads\/2024\/11\/Edgard_Pereira_Armond-8x12.jpg 8w\" sizes=\"(max-width: 288px) 100vw, 288px\" \/><\/figure>\n<\/div>\n\n\n\n<p class=\"has-black-color has-text-color has-link-color has-small-font-size wp-elements-f6ba6fb35fbf02d2ec4b696c4076bd02\">With a busy professional life, he worked on the construction of a road linking the cities of Paraibuna and S\u00e3o Sebasti\u00e3o.<\/p>\n\n\n\n<p class=\"has-black-color has-text-color has-link-color has-small-font-size wp-elements-e44520f216cdb08e938569b67a389a8c\">At the same time, he began to study and work with Spiritism. He took part in a group of spiritism studies and practices at the invitation of Canuto de Abreu, visiting various spiritism centres on the outskirts of the capital dedicated exclusively to the practice of physical effects.<\/p>\n\n\n\n<p class=\"has-black-color has-text-color has-link-color has-small-font-size wp-elements-c4db654ad72631ccb4208a18fd727035\">In 1938, the Commendatore was involved in a car accident in Dom Pedro Park, S\u00e3o Paulo, in which he broke both knees and suffered other injuries. After several operations and much treatment, he was almost unable to walk for six months.<\/p>\n\n\n\n<p class=\"has-black-color has-text-color has-link-color has-small-font-size wp-elements-4183df1ef904aef21f8b84e0db0749cf\">In 1939, being considered unfit for military service, he was invited to take up the post of secretary general of the Spiritist Federation of the State of S\u00e3o Paulo, after restructuring his spiritual work.<\/p>\n\n\n\n<p class=\"has-black-color has-text-color has-link-color has-small-font-size wp-elements-e3f82c651985012cb13e30f98a10f367\">Endowed with an upright and firm character and high morals, he abhorred malice, shunning chatter and vulgar questions.<\/p>\n\n\n\n<p class=\"has-black-color has-text-color has-link-color has-small-font-size wp-elements-c52112f78f1a88acaa5aad7d8dc2baef\">As a speaker, he had a persuasive discourse, accompanied by easy, clear and objective language, which left no doubt about the subject.<\/p>\n\n\n\n<p class=\"has-black-color has-text-color has-link-color has-small-font-size wp-elements-f61e0ff0ea18a17c96f2583ded26422d\">As a writer, he was a profound student of psychic phenomena and possessed extensive knowledge on the subject of mediumnity. He wrote a series of 21 textbooks, most of them for the schools he created, the others for the Fraternity of the Disciples of Jesus.<\/p>\n\n\n\n<p class=\"has-black-color has-text-color has-link-color has-small-font-size wp-elements-60df829b4ba92acd2f074950f21ae497\">To make up for the lack of reliable and trained mediums in the FEESP, the Razin Group was created, consisting of seven members who started working in the Federation.<\/p>\n\n\n\n<p class=\"has-black-color has-text-color has-link-color has-small-font-size wp-elements-d41f0c0a9342b591358ecf038b844b5c\">The Razin Group meetings saw the first manifestations of the Spirit Ismael, Jesus' proxy for the Spiritual leadership of Brazil. Valuable Spirits from the Fraternity of the Holy Sepulchre and the Fraternity of the Crusaders were also presented. The Commander was then introduced to Spirit Razin, with the objective of helping him to set up the \u00abEscuela de Aprendices del Evangelio\u00bb (School of Apprentices of the Gospel), which would take place in 1950, so that the new \u00abDisc\u00edpulos de Jes\u00fas\u00bb (Disciples of Jesus) would be prepared through study, work and discipline.<\/p>\n\n\n\n<div class=\"wp-block-uagb-container uagb-block-cc60b5b7\">\n<figure class=\"wp-block-image size-full\"><img decoding=\"async\" width=\"466\" height=\"500\" src=\"https:\/\/nuevo-renacer.com\/wp-content\/uploads\/2024\/11\/10292131_544117922383374_1127169631295725294_n-1.jpg\" alt=\"\" class=\"wp-image-6167\" srcset=\"https:\/\/nuevo-renacer.com\/wp-content\/uploads\/2024\/11\/10292131_544117922383374_1127169631295725294_n-1.jpg 466w, https:\/\/nuevo-renacer.com\/wp-content\/uploads\/2024\/11\/10292131_544117922383374_1127169631295725294_n-1-280x300.jpg 280w, https:\/\/nuevo-renacer.com\/wp-content\/uploads\/2024\/11\/10292131_544117922383374_1127169631295725294_n-1-11x12.jpg 11w\" sizes=\"(max-width: 466px) 100vw, 466px\" \/><\/figure>\n<\/div>\n\n\n\n<p class=\"has-black-color has-text-color has-link-color has-small-font-size wp-elements-70bd466c719230d1779a656c370f4f76\">In 1944, he founded the newspaper \"O Semeador\" and directed the radio programme \"Hora Esp\u00edrita\", which was broadcast by R\u00e1dio Tupi.<\/p>\n\n\n\n<p class=\"has-black-color has-text-color has-link-color has-small-font-size wp-elements-70e9bd3e6520f8ec9242c1d1d55260de\">In 1947, Edgard Armond founded the USE - Uni\u00f3n Social Esp\u00edrita (Social Spiritist Union).<\/p>\n\n\n\n<p class=\"has-black-color has-text-color has-link-color has-small-font-size wp-elements-1216af166929e6a8fb3c847aa3c29283\">In 1950, after creating the School for Gospel Apprentices, Edgard also created the Mediums' Course, aimed at improving exchanges with the spirit world, and the Fraternity of the Disciples of Jesus, as a grouping body for workers in the religious field.<\/p>\n\n\n\n<div class=\"wp-block-uagb-container uagb-block-2df4c0d8\">\n<figure class=\"wp-block-image size-full is-resized\"><img loading=\"lazy\" decoding=\"async\" width=\"788\" height=\"720\" src=\"https:\/\/nuevo-renacer.com\/wp-content\/uploads\/2024\/11\/maxresdefault.jpg\" alt=\"\" class=\"wp-image-6163\" style=\"width:264px\" srcset=\"https:\/\/nuevo-renacer.com\/wp-content\/uploads\/2024\/11\/maxresdefault.jpg 788w, https:\/\/nuevo-renacer.com\/wp-content\/uploads\/2024\/11\/maxresdefault-300x274.jpg 300w, https:\/\/nuevo-renacer.com\/wp-content\/uploads\/2024\/11\/maxresdefault-768x702.jpg 768w, https:\/\/nuevo-renacer.com\/wp-content\/uploads\/2024\/11\/maxresdefault-13x12.jpg 13w\" sizes=\"(max-width: 788px) 100vw, 788px\" \/><\/figure>\n<\/div>\n\n\n\n<p class=\"has-black-color has-text-color has-link-color has-small-font-size wp-elements-c363d34780f708a05d141dde7a262078\">Due to illness, the Commander asked to leave the Federation in 1967, but continued to work remotely in the field of publicity and organisation of spiritism centres and organisations, even in foreign countries.<\/p>\n\n\n\n<p class=\"has-black-color has-text-color has-link-color has-small-font-size wp-elements-3748e8f5b3f6c347cdae482eaee83f3e\">In 1973, he founded the Evangelical Spiritist Alliance, where, from 1980, he collaborated in the foundation of Sector III of the Fraternity of the Disciples of Jesus, continuing the Expansion of Religious Spiritism.<\/p>\n\n\n\n<p class=\"has-black-color has-text-color has-link-color has-small-font-size wp-elements-d313cf726f25fc31fc32451c87c34bb0\">He died on 29 November 1982, at 4.30 am, at the Osvaldo Cruz Hospital, in the city of S\u00e3o Paulo, after 88 years of active life in favour of the Consoling Doctrine of the Spirits.<\/p>\n<\/div><\/div>\n\n\n\n<div class=\"wp-block-uagb-container uagb-block-49556843 alignfull uagb-is-root-container\"><div class=\"uagb-container-inner-blocks-wrap\"><\/div><\/div>\n\n\n\n<div class=\"wp-block-uagb-container uagb-block-f0615251 alignfull uagb-is-root-container\"><div class=\"uagb-container-inner-blocks-wrap\"><\/div><\/div>","protected":false},"excerpt":{"rendered":"<p>Edgard Pereira Armond Edgard Pereira Armond naci\u00f3 el 14 de junio de 1894 en Guaratinguet\u00e1 (Brasil), en el valle del Para\u00edba. De familia humilde, a los 21 a\u00f1os Armond ingres\u00f3 en la Fuerza P\u00fablica de S\u00e3o Paulo, donde inici\u00f3 la carrera que le dar\u00eda el t\u00edtulo por el que a\u00fan hoy se le conoce: \u00abComandante\u00bb. [&hellip;]<\/p>","protected":false},"author":1,"featured_media":0,"parent":0,"menu_order":0,"comment_status":"closed","ping_status":"closed","template":"","meta":{"_uag_custom_page_level_css":"","site-sidebar-layout":"default","site-content-layout":"","ast-site-content-layout":"default","site-content-style":"default","site-sidebar-style":"default","ast-global-header-display":"","ast-banner-title-visibility":"","ast-main-header-display":"","ast-hfb-above-header-display":"","ast-hfb-below-header-display":"","ast-hfb-mobile-header-display":"","site-post-title":"disabled","ast-breadcrumbs-content":"","ast-featured-img":"","footer-sml-layout":"","theme-transparent-header-meta":"","adv-header-id-meta":"","stick-header-meta":"","header-above-stick-meta":"","header-main-stick-meta":"","header-below-stick-meta":"","astra-migrate-meta-layouts":"set","ast-page-background-enabled":"default","ast-page-background-meta":{"desktop":{"background-color":"var(--ast-global-color-4)","background-image":"","background-repeat":"repeat","background-position":"center center","background-size":"auto","background-attachment":"scroll","background-type":"","background-media":"","overlay-type":"","overlay-color":"","overlay-opacity":"","overlay-gradient":""},"tablet":{"background-color":"","background-image":"","background-repeat":"repeat","background-position":"center center","background-size":"auto","background-attachment":"scroll","background-type":"","background-media":"","overlay-type":"","overlay-color":"","overlay-opacity":"","overlay-gradient":""},"mobile":{"background-color":"","background-image":"","background-repeat":"repeat","background-position":"center center","background-size":"auto","background-attachment":"scroll","background-type":"","background-media":"","overlay-type":"","overlay-color":"","overlay-opacity":"","overlay-gradient":""}},"ast-content-background-meta":{"desktop":{"background-color":"var(--ast-global-color-5)","background-image":"","background-repeat":"repeat","background-position":"center center","background-size":"auto","background-attachment":"scroll","background-type":"","background-media":"","overlay-type":"","overlay-color":"","overlay-opacity":"","overlay-gradient":""},"tablet":{"background-color":"var(--ast-global-color-5)","background-image":"","background-repeat":"repeat","background-position":"center center","background-size":"auto","background-attachment":"scroll","background-type":"","background-media":"","overlay-type":"","overlay-color":"","overlay-opacity":"","overlay-gradient":""},"mobile":{"background-color":"var(--ast-global-color-5)","background-image":"","background-repeat":"repeat","background-position":"center center","background-size":"auto","background-attachment":"scroll","background-type":"","background-media":"","overlay-type":"","overlay-color":"","overlay-opacity":"","overlay-gradient":""}},"footnotes":""},"class_list":["post-6159","page","type-page","status-publish","hentry"],"yoast_head":"<!-- This site is optimized with the Yoast SEO Premium plugin v24.2 (Yoast SEO v24.6) - https:\/\/yoast.com\/wordpress\/plugins\/seo\/ -->\n<title>Edgard Pereira Armond - Uni\u00f3n Esp\u00edrita<\/title>\n<meta name=\"robots\" content=\"index, follow, max-snippet:-1, max-image-preview:large, max-video-preview:-1\" \/>\n<link rel=\"canonical\" href=\"https:\/\/nuevo-renacer.com\/en\/edgard-pereira-armond\/\" \/>\n<meta property=\"og:locale\" content=\"en_GB\" \/>\n<meta property=\"og:type\" content=\"article\" \/>\n<meta property=\"og:title\" content=\"Edgard Pereira Armond\" \/>\n<meta property=\"og:description\" content=\"Edgard Pereira Armond Edgard Pereira Armond naci\u00f3 el 14 de junio de 1894 en Guaratinguet\u00e1 (Brasil), en el valle del Para\u00edba. De familia humilde, a los 21 a\u00f1os Armond ingres\u00f3 en la Fuerza P\u00fablica de S\u00e3o Paulo, donde inici\u00f3 la carrera que le dar\u00eda el t\u00edtulo por el que a\u00fan hoy se le conoce: \u00abComandante\u00bb. [&hellip;]\" \/>\n<meta property=\"og:url\" content=\"https:\/\/nuevo-renacer.com\/en\/edgard-pereira-armond\/\" \/>\n<meta property=\"og:site_name\" content=\"Uni\u00f3n Esp\u00edrita\" \/>\n<meta property=\"article:publisher\" content=\"https:\/\/www.facebook.com\/groups\/3431398063740829\" \/>\n<meta property=\"article:modified_time\" content=\"2024-11-18T08:43:31+00:00\" \/>\n<meta property=\"og:image\" content=\"https:\/\/nuevo-renacer.com\/wp-content\/uploads\/2024\/11\/edgarpereiraarmond.jpg\" \/>\n\t<meta property=\"og:image:width\" content=\"184\" \/>\n\t<meta property=\"og:image:height\" content=\"238\" \/>\n\t<meta property=\"og:image:type\" content=\"image\/jpeg\" \/>\n<meta name=\"twitter:card\" content=\"summary_large_image\" \/>\n<meta name=\"twitter:label1\" content=\"Estimated reading time\" \/>\n\t<meta name=\"twitter:data1\" content=\"3 minutes\" \/>\n<script type=\"application\/ld+json\" class=\"yoast-schema-graph\">{\"@context\":\"https:\/\/schema.org\",\"@graph\":[{\"@type\":\"WebPage\",\"@id\":\"https:\/\/nuevo-renacer.com\/edgard-pereira-armond\/\",\"url\":\"https:\/\/nuevo-renacer.com\/edgard-pereira-armond\/\",\"name\":\"Edgard Pereira Armond - Uni\u00f3n Esp\u00edrita\",\"isPartOf\":{\"@id\":\"https:\/\/nuevo-renacer.com\/#website\"},\"primaryImageOfPage\":{\"@id\":\"https:\/\/nuevo-renacer.com\/edgard-pereira-armond\/#primaryimage\"},\"image\":{\"@id\":\"https:\/\/nuevo-renacer.com\/edgard-pereira-armond\/#primaryimage\"},\"thumbnailUrl\":\"https:\/\/nuevo-renacer.com\/wp-content\/uploads\/2024\/11\/edgarpereiraarmond.jpg\",\"datePublished\":\"2024-11-18T08:03:14+00:00\",\"dateModified\":\"2024-11-18T08:43:31+00:00\",\"breadcrumb\":{\"@id\":\"https:\/\/nuevo-renacer.com\/edgard-pereira-armond\/#breadcrumb\"},\"inLanguage\":\"en-GB\",\"potentialAction\":[{\"@type\":\"ReadAction\",\"target\":[\"https:\/\/nuevo-renacer.com\/edgard-pereira-armond\/\"]}]},{\"@type\":\"ImageObject\",\"inLanguage\":\"en-GB\",\"@id\":\"https:\/\/nuevo-renacer.com\/edgard-pereira-armond\/#primaryimage\",\"url\":\"https:\/\/nuevo-renacer.com\/wp-content\/uploads\/2024\/11\/edgarpereiraarmond.jpg\",\"contentUrl\":\"https:\/\/nuevo-renacer.com\/wp-content\/uploads\/2024\/11\/edgarpereiraarmond.jpg\"},{\"@type\":\"BreadcrumbList\",\"@id\":\"https:\/\/nuevo-renacer.com\/edgard-pereira-armond\/#breadcrumb\",\"itemListElement\":[{\"@type\":\"ListItem\",\"position\":1,\"name\":\"Startseite\",\"item\":\"https:\/\/nuevo-renacer.com\/\"},{\"@type\":\"ListItem\",\"position\":2,\"name\":\"Edgard Pereira Armond\"}]},{\"@type\":\"WebSite\",\"@id\":\"https:\/\/nuevo-renacer.com\/#website\",\"url\":\"https:\/\/nuevo-renacer.com\/\",\"name\":\"Uni\u00f3n Esp\u00edrita\",\"description\":\"Nuevo Renacer\",\"publisher\":{\"@id\":\"https:\/\/nuevo-renacer.com\/#organization\"},\"potentialAction\":[{\"@type\":\"SearchAction\",\"target\":{\"@type\":\"EntryPoint\",\"urlTemplate\":\"https:\/\/nuevo-renacer.com\/?s={search_term_string}\"},\"query-input\":{\"@type\":\"PropertyValueSpecification\",\"valueRequired\":true,\"valueName\":\"search_term_string\"}}],\"inLanguage\":\"en-GB\"},{\"@type\":\"Organization\",\"@id\":\"https:\/\/nuevo-renacer.com\/#organization\",\"name\":\"UFEC\",\"url\":\"https:\/\/nuevo-renacer.com\/\",\"logo\":{\"@type\":\"ImageObject\",\"inLanguage\":\"en-GB\",\"@id\":\"https:\/\/nuevo-renacer.com\/#\/schema\/logo\/image\/\",\"url\":\"https:\/\/nuevo-renacer.com\/wp-content\/uploads\/2024\/05\/cropped-LOGO-TERMINADO1-3-3.png\",\"contentUrl\":\"https:\/\/nuevo-renacer.com\/wp-content\/uploads\/2024\/05\/cropped-LOGO-TERMINADO1-3-3.png\",\"width\":512,\"height\":512,\"caption\":\"UFEC\"},\"image\":{\"@id\":\"https:\/\/nuevo-renacer.com\/#\/schema\/logo\/image\/\"},\"sameAs\":[\"https:\/\/www.facebook.com\/groups\/3431398063740829\"]}]}<\/script>\n<!-- \/ Yoast SEO Premium plugin. -->","yoast_head_json":{"title":"Edgard Pereira Armond - Uni\u00f3n Esp\u00edrita","robots":{"index":"index","follow":"follow","max-snippet":"max-snippet:-1","max-image-preview":"max-image-preview:large","max-video-preview":"max-video-preview:-1"},"canonical":"https:\/\/nuevo-renacer.com\/en\/edgard-pereira-armond\/","og_locale":"en_GB","og_type":"article","og_title":"Edgard Pereira Armond","og_description":"Edgard Pereira Armond Edgard Pereira Armond naci\u00f3 el 14 de junio de 1894 en Guaratinguet\u00e1 (Brasil), en el valle del Para\u00edba. De familia humilde, a los 21 a\u00f1os Armond ingres\u00f3 en la Fuerza P\u00fablica de S\u00e3o Paulo, donde inici\u00f3 la carrera que le dar\u00eda el t\u00edtulo por el que a\u00fan hoy se le conoce: \u00abComandante\u00bb. [&hellip;]","og_url":"https:\/\/nuevo-renacer.com\/en\/edgard-pereira-armond\/","og_site_name":"Uni\u00f3n Esp\u00edrita","article_publisher":"https:\/\/www.facebook.com\/groups\/3431398063740829","article_modified_time":"2024-11-18T08:43:31+00:00","og_image":[{"width":184,"height":238,"url":"https:\/\/nuevo-renacer.com\/wp-content\/uploads\/2024\/11\/edgarpereiraarmond.jpg","type":"image\/jpeg"}],"twitter_card":"summary_large_image","twitter_misc":{"Estimated reading time":"3 minutes"},"schema":{"@context":"https:\/\/schema.org","@graph":[{"@type":"WebPage","@id":"https:\/\/nuevo-renacer.com\/edgard-pereira-armond\/","url":"https:\/\/nuevo-renacer.com\/edgard-pereira-armond\/","name":"Edgard Pereira Armond - Uni\u00f3n Esp\u00edrita","isPartOf":{"@id":"https:\/\/nuevo-renacer.com\/#website"},"primaryImageOfPage":{"@id":"https:\/\/nuevo-renacer.com\/edgard-pereira-armond\/#primaryimage"},"image":{"@id":"https:\/\/nuevo-renacer.com\/edgard-pereira-armond\/#primaryimage"},"thumbnailUrl":"https:\/\/nuevo-renacer.com\/wp-content\/uploads\/2024\/11\/edgarpereiraarmond.jpg","datePublished":"2024-11-18T08:03:14+00:00","dateModified":"2024-11-18T08:43:31+00:00","breadcrumb":{"@id":"https:\/\/nuevo-renacer.com\/edgard-pereira-armond\/#breadcrumb"},"inLanguage":"en-GB","potentialAction":[{"@type":"ReadAction","target":["https:\/\/nuevo-renacer.com\/edgard-pereira-armond\/"]}]},{"@type":"ImageObject","inLanguage":"en-GB","@id":"https:\/\/nuevo-renacer.com\/edgard-pereira-armond\/#primaryimage","url":"https:\/\/nuevo-renacer.com\/wp-content\/uploads\/2024\/11\/edgarpereiraarmond.jpg","contentUrl":"https:\/\/nuevo-renacer.com\/wp-content\/uploads\/2024\/11\/edgarpereiraarmond.jpg"},{"@type":"BreadcrumbList","@id":"https:\/\/nuevo-renacer.com\/edgard-pereira-armond\/#breadcrumb","itemListElement":[{"@type":"ListItem","position":1,"name":"Startseite","item":"https:\/\/nuevo-renacer.com\/"},{"@type":"ListItem","position":2,"name":"Edgard Pereira Armond"}]},{"@type":"WebSite","@id":"https:\/\/nuevo-renacer.com\/#website","url":"https:\/\/nuevo-renacer.com\/","name":"Uni\u00f3n Esp\u00edrita","description":"Nuevo Renacer","publisher":{"@id":"https:\/\/nuevo-renacer.com\/#organization"},"potentialAction":[{"@type":"SearchAction","target":{"@type":"EntryPoint","urlTemplate":"https:\/\/nuevo-renacer.com\/?s={search_term_string}"},"query-input":{"@type":"PropertyValueSpecification","valueRequired":true,"valueName":"search_term_string"}}],"inLanguage":"en-GB"},{"@type":"Organization","@id":"https:\/\/nuevo-renacer.com\/#organization","name":"UFEC","url":"https:\/\/nuevo-renacer.com\/","logo":{"@type":"ImageObject","inLanguage":"en-GB","@id":"https:\/\/nuevo-renacer.com\/#\/schema\/logo\/image\/","url":"https:\/\/nuevo-renacer.com\/wp-content\/uploads\/2024\/05\/cropped-LOGO-TERMINADO1-3-3.png","contentUrl":"https:\/\/nuevo-renacer.com\/wp-content\/uploads\/2024\/05\/cropped-LOGO-TERMINADO1-3-3.png","width":512,"height":512,"caption":"UFEC"},"image":{"@id":"https:\/\/nuevo-renacer.com\/#\/schema\/logo\/image\/"},"sameAs":["https:\/\/www.facebook.com\/groups\/3431398063740829"]}]}},"uagb_featured_image_src":{"full":false,"thumbnail":false,"medium":false,"medium_large":false,"large":false,"1536x1536":false,"2048x2048":false,"trp-custom-language-flag":false},"uagb_author_info":{"display_name":"adbv0","author_link":"https:\/\/nuevo-renacer.com\/en\/author\/adbv0\/"},"uagb_comment_info":0,"uagb_excerpt":"Edgard Pereira Armond Edgard Pereira Armond naci\u00f3 el 14 de junio de 1894 en Guaratinguet\u00e1 (Brasil), en el valle del Para\u00edba. De familia humilde, a los 21 a\u00f1os Armond ingres\u00f3 en la Fuerza P\u00fablica de S\u00e3o Paulo, donde inici\u00f3 la carrera que le dar\u00eda el t\u00edtulo por el que a\u00fan hoy se le conoce: \u00abComandante\u00bb.&hellip;","jetpack_sharing_enabled":true,"_links":{"self":[{"href":"https:\/\/nuevo-renacer.com\/en\/wp-json\/wp\/v2\/pages\/6159","targetHints":{"allow":["GET"]}}],"collection":[{"href":"https:\/\/nuevo-renacer.com\/en\/wp-json\/wp\/v2\/pages"}],"about":[{"href":"https:\/\/nuevo-renacer.com\/en\/wp-json\/wp\/v2\/types\/page"}],"author":[{"embeddable":true,"href":"https:\/\/nuevo-renacer.com\/en\/wp-json\/wp\/v2\/users\/1"}],"replies":[{"embeddable":true,"href":"https:\/\/nuevo-renacer.com\/en\/wp-json\/wp\/v2\/comments?post=6159"}],"version-history":[{"count":7,"href":"https:\/\/nuevo-renacer.com\/en\/wp-json\/wp\/v2\/pages\/6159\/revisions"}],"predecessor-version":[{"id":6175,"href":"https:\/\/nuevo-renacer.com\/en\/wp-json\/wp\/v2\/pages\/6159\/revisions\/6175"}],"wp:attachment":[{"href":"https:\/\/nuevo-renacer.com\/en\/wp-json\/wp\/v2\/media?parent=6159"}],"curies":[{"name":"wp","href":"https:\/\/api.w.org\/{rel}","templated":true}]}}