{"id":6115,"date":"2024-11-13T07:45:48","date_gmt":"2024-11-13T07:45:48","guid":{"rendered":"https:\/\/nuevo-renacer.com\/?page_id=6115"},"modified":"2024-11-13T07:49:18","modified_gmt":"2024-11-13T07:49:18","slug":"maria-de-carvalho-leite","status":"publish","type":"page","link":"https:\/\/nuevo-renacer.com\/en\/maria-de-carvalho-leite\/","title":{"rendered":"Maria de Carvalho Leite"},"content":{"rendered":"<div class=\"wp-block-uagb-container uagb-block-09356321 alignfull uagb-is-root-container\"><div class=\"uagb-container-inner-blocks-wrap\">\n<p class=\"has-black-color has-text-color has-link-color has-medium-font-size wp-elements-6197ff186968291c2e529c16f9e5b440\"><strong>Maria de Carvalho Leite<\/strong><\/p>\n<\/div><\/div>\n\n\n\n<div class=\"wp-block-uagb-container uagb-block-5c1377a2 alignfull uagb-is-root-container\"><div class=\"uagb-container-inner-blocks-wrap\">\n<figure class=\"wp-block-image size-full is-resized\"><img fetchpriority=\"high\" decoding=\"async\" width=\"466\" height=\"677\" src=\"https:\/\/nuevo-renacer.com\/wp-content\/uploads\/2024\/11\/d61ae6_af9958f54a5348348399d581ed0a87a9mv2.png\" alt=\"\" class=\"wp-image-6117\" style=\"width:228px;height:auto\" srcset=\"https:\/\/nuevo-renacer.com\/wp-content\/uploads\/2024\/11\/d61ae6_af9958f54a5348348399d581ed0a87a9mv2.png 466w, https:\/\/nuevo-renacer.com\/wp-content\/uploads\/2024\/11\/d61ae6_af9958f54a5348348399d581ed0a87a9mv2-206x300.png 206w, https:\/\/nuevo-renacer.com\/wp-content\/uploads\/2024\/11\/d61ae6_af9958f54a5348348399d581ed0a87a9mv2-8x12.png 8w\" sizes=\"(max-width: 466px) 100vw, 466px\" \/><\/figure>\n<\/div><\/div>\n\n\n\n<div class=\"wp-block-uagb-container uagb-block-0fd44622 alignfull uagb-is-root-container\"><div class=\"uagb-container-inner-blocks-wrap\">\n<p class=\"has-black-color has-text-color has-link-color has-small-font-size wp-elements-ea6c06137b61a2748181148266d72ad4\">Maria de Carvalho Leite was born in Bonfim de Feira (Brazil) on 10 September 1900, the daughter of Hermenegildo Leite, a municipal employee, and Balmina de Carvalho Leite, a domestic worker. She spent her childhood in Bonfim with three brothers and two sisters.<\/p>\n\n\n\n<p class=\"has-black-color has-text-color has-link-color has-small-font-size wp-elements-e92979ede4142dfcab8c8670ee76f51a\">In 1916 she graduated as a teacher at the Educand\u00e1rio dos Perd\u00f5es, considered by her classmates and teachers as a teenage prodigy, thanks to her rare intelligence.<\/p>\n\n\n\n<p class=\"has-black-color has-text-color has-link-color has-small-font-size wp-elements-f8dff781086613958b53339e90706ee9\">She began to feel poetry in her hometown, when she was almost a child, and later became the poet of good verses.<\/p>\n\n\n\n<p class=\"has-black-color has-text-color has-link-color has-small-font-size wp-elements-4e2a0c5f3ac3125d4f14f65db02c8fec\">Some of her poems were collected in the book \"Ciranda da Vida\". Recognised in the capital for her art, she went on to write for the newspapers \"Di\u00e1rio de Not\u00edcias\" and \"O Imparcial\", where she was editor-in-chief of the \"Women's Page\". For 13 years she wrote for these newspapers, showing a world of tenderness that she carried within her, using the pseudonym \"Maria Dolores\".<\/p>\n\n\n\n<p class=\"has-black-color has-text-color has-link-color has-small-font-size wp-elements-b9658fd3afe9d9ca9b73f27f01171200\">Maria taught at the Educand\u00e1rio dos Perd\u00f5es and at the Gin\u00e1sio Carneiro Ribeiro in Salvador. That is why we understand her special way of teaching afflicted souls through her verses.<\/p>\n\n\n\n<p class=\"has-black-color has-text-color has-link-color has-small-font-size wp-elements-63a8fb73dbe5c5c0996be0f8d37aa0ab\">But her life could not be all flowers: an ordeal of moral suffering awaited her.<\/p>\n\n\n\n<p class=\"has-black-color has-text-color has-link-color has-small-font-size wp-elements-23d13ab64369d2e5542c04ed3a91b733\">She had married the doctor Odilon Machado. She endured an unhappy partnership for some years and finally separated. There were no children from this union, and Maria would never have any.<\/p>\n\n\n\n<p class=\"has-black-color has-text-color has-link-color has-small-font-size wp-elements-f296de093cc24b5ac7cd6036c54cd447\">On her pilgrimage, she lived in several cities in Bahia, and it was in Itabuna that she met Carlos Carmine Larocca, an Italian living in Brazil; she became his companion, helping him shoulder to shoulder in his activities.<\/p>\n\n\n\n<p class=\"has-black-color has-text-color has-link-color has-small-font-size wp-elements-9ea24e665b38a3318c683b02b5b48054\">We can see in her verses how much she had suffered, searching for something she could not find: her affective fulfilment, as providence had planned, in order to seek the Greater Love she knew she would one day find \u2013 Jesus! So much suffering could not make her indifferent to human suffering. In the press, she spoke of human rights and the suffering of the most disadvantaged. She was not understood: she was branded a \"communist\" and had to respond to the accusations made against her because she had been quoted.<\/p>\n\n\n\n<p class=\"has-black-color has-text-color has-link-color has-small-font-size wp-elements-332e22484df9222df21fce24c16f9222\">As a child she had been a Catholic; as an adult, suffering introduced her to the doctrine of Allan Kardec, and consolation came, the acceptance of suffering.<\/p>\n\n\n\n<p class=\"has-black-color has-text-color has-link-color has-small-font-size wp-elements-d4708493ea1c86ee1f6fd7c161cb6e7e\">She became an integral member of the Legion of Good Will, with her open and idealistic spirit.<\/p>\n\n\n\n<p class=\"has-black-color has-text-color has-link-color has-small-font-size wp-elements-46be772bb27e9ede531ede139d9f5165\">She organised campaigns and made gifts for the bazaars held in her own home. She founded a group that met in her house every week, when they went out to distribute food, clothes and medicine in the chosen needy neighbourhoods. They were called \"The Messengers of Good\". At Christmas, they organised campaigns and distributed donations, as well as on Mother's Day. Dolores sewed trousseaus, sold what she had or lent it out; sometimes she went into debt to help someone else.<\/p>\n\n\n\n<p class=\"has-black-color has-text-color has-link-color has-small-font-size wp-elements-f6eb9d1ed8e2064d7bf64fd95f58fc82\">She had a strong sense of motherhood and, as she was not given the right to be a mother, she adopted six girls. Charles (her husband) was in Italy when Maria fell ill with pneumonia. On 27 August 1959 she left for her spiritual homeland.<\/p>\n<\/div><\/div>\n\n\n\n<div class=\"wp-block-uagb-container uagb-block-e1d3b6a2 alignfull uagb-is-root-container\"><div class=\"uagb-container-inner-blocks-wrap\"><\/div><\/div>\n\n\n\n<div class=\"wp-block-uagb-container uagb-block-f965669a alignfull uagb-is-root-container\"><div class=\"uagb-container-inner-blocks-wrap\"><\/div><\/div>","protected":false},"excerpt":{"rendered":"<p>Maria de Carvalho Leite Maria de Carvalho Leite naci\u00f3 en Bonfim de Feira (Brasil) el 10 de septiembre de 1900, hija de Hermenegildo Leite, empleado municipal, y de Balmina de Carvalho Leite, empleada dom\u00e9stica. Pas\u00f3 su infancia en Bonfim con tres hermanos y dos hermanas. En 1916 se gradu\u00f3 como maestra en el Educand\u00e1rio dos [&hellip;]<\/p>","protected":false},"author":1,"featured_media":0,"parent":0,"menu_order":0,"comment_status":"closed","ping_status":"closed","template":"","meta":{"_uag_custom_page_level_css":"","site-sidebar-layout":"default","site-content-layout":"","ast-site-content-layout":"default","site-content-style":"default","site-sidebar-style":"default","ast-global-header-display":"","ast-banner-title-visibility":"","ast-main-header-display":"","ast-hfb-above-header-display":"","ast-hfb-below-header-display":"","ast-hfb-mobile-header-display":"","site-post-title":"disabled","ast-breadcrumbs-content":"","ast-featured-img":"","footer-sml-layout":"","theme-transparent-header-meta":"","adv-header-id-meta":"","stick-header-meta":"","header-above-stick-meta":"","header-main-stick-meta":"","header-below-stick-meta":"","astra-migrate-meta-layouts":"set","ast-page-background-enabled":"default","ast-page-background-meta":{"desktop":{"background-color":"var(--ast-global-color-4)","background-image":"","background-repeat":"repeat","background-position":"center center","background-size":"auto","background-attachment":"scroll","background-type":"","background-media":"","overlay-type":"","overlay-color":"","overlay-opacity":"","overlay-gradient":""},"tablet":{"background-color":"","background-image":"","background-repeat":"repeat","background-position":"center center","background-size":"auto","background-attachment":"scroll","background-type":"","background-media":"","overlay-type":"","overlay-color":"","overlay-opacity":"","overlay-gradient":""},"mobile":{"background-color":"","background-image":"","background-repeat":"repeat","background-position":"center center","background-size":"auto","background-attachment":"scroll","background-type":"","background-media":"","overlay-type":"","overlay-color":"","overlay-opacity":"","overlay-gradient":""}},"ast-content-background-meta":{"desktop":{"background-color":"var(--ast-global-color-5)","background-image":"","background-repeat":"repeat","background-position":"center center","background-size":"auto","background-attachment":"scroll","background-type":"","background-media":"","overlay-type":"","overlay-color":"","overlay-opacity":"","overlay-gradient":""},"tablet":{"background-color":"var(--ast-global-color-5)","background-image":"","background-repeat":"repeat","background-position":"center center","background-size":"auto","background-attachment":"scroll","background-type":"","background-media":"","overlay-type":"","overlay-color":"","overlay-opacity":"","overlay-gradient":""},"mobile":{"background-color":"var(--ast-global-color-5)","background-image":"","background-repeat":"repeat","background-position":"center center","background-size":"auto","background-attachment":"scroll","background-type":"","background-media":"","overlay-type":"","overlay-color":"","overlay-opacity":"","overlay-gradient":""}},"footnotes":""},"class_list":["post-6115","page","type-page","status-publish","hentry"],"yoast_head":"<!-- This site is optimized with the Yoast SEO Premium plugin v24.2 (Yoast SEO v24.6) - https:\/\/yoast.com\/wordpress\/plugins\/seo\/ -->\n<title>Maria de Carvalho Leite - Uni\u00f3n Esp\u00edrita<\/title>\n<meta name=\"robots\" content=\"index, follow, max-snippet:-1, max-image-preview:large, max-video-preview:-1\" \/>\n<link rel=\"canonical\" href=\"https:\/\/nuevo-renacer.com\/en\/maria-de-carvalho-leite\/\" \/>\n<meta property=\"og:locale\" content=\"en_GB\" \/>\n<meta property=\"og:type\" content=\"article\" \/>\n<meta property=\"og:title\" content=\"Maria de Carvalho Leite\" \/>\n<meta property=\"og:description\" content=\"Maria de Carvalho Leite Maria de Carvalho Leite naci\u00f3 en Bonfim de Feira (Brasil) el 10 de septiembre de 1900, hija de Hermenegildo Leite, empleado municipal, y de Balmina de Carvalho Leite, empleada dom\u00e9stica. Pas\u00f3 su infancia en Bonfim con tres hermanos y dos hermanas. En 1916 se gradu\u00f3 como maestra en el Educand\u00e1rio dos [&hellip;]\" \/>\n<meta property=\"og:url\" content=\"https:\/\/nuevo-renacer.com\/en\/maria-de-carvalho-leite\/\" \/>\n<meta property=\"og:site_name\" content=\"Uni\u00f3n Esp\u00edrita\" \/>\n<meta property=\"article:publisher\" content=\"https:\/\/www.facebook.com\/groups\/3431398063740829\" \/>\n<meta property=\"article:modified_time\" content=\"2024-11-13T07:49:18+00:00\" \/>\n<meta property=\"og:image\" content=\"https:\/\/nuevo-renacer.com\/wp-content\/uploads\/2024\/11\/d61ae6_af9958f54a5348348399d581ed0a87a9mv2.png\" \/>\n\t<meta property=\"og:image:width\" content=\"466\" \/>\n\t<meta property=\"og:image:height\" content=\"677\" \/>\n\t<meta property=\"og:image:type\" content=\"image\/png\" \/>\n<meta name=\"twitter:card\" content=\"summary_large_image\" \/>\n<meta name=\"twitter:label1\" content=\"Estimated reading time\" \/>\n\t<meta name=\"twitter:data1\" content=\"3 minutes\" \/>\n<script type=\"application\/ld+json\" class=\"yoast-schema-graph\">{\"@context\":\"https:\/\/schema.org\",\"@graph\":[{\"@type\":\"WebPage\",\"@id\":\"https:\/\/nuevo-renacer.com\/maria-de-carvalho-leite\/\",\"url\":\"https:\/\/nuevo-renacer.com\/maria-de-carvalho-leite\/\",\"name\":\"Maria de Carvalho Leite - Uni\u00f3n Esp\u00edrita\",\"isPartOf\":{\"@id\":\"https:\/\/nuevo-renacer.com\/#website\"},\"primaryImageOfPage\":{\"@id\":\"https:\/\/nuevo-renacer.com\/maria-de-carvalho-leite\/#primaryimage\"},\"image\":{\"@id\":\"https:\/\/nuevo-renacer.com\/maria-de-carvalho-leite\/#primaryimage\"},\"thumbnailUrl\":\"https:\/\/nuevo-renacer.com\/wp-content\/uploads\/2024\/11\/d61ae6_af9958f54a5348348399d581ed0a87a9mv2.png\",\"datePublished\":\"2024-11-13T07:45:48+00:00\",\"dateModified\":\"2024-11-13T07:49:18+00:00\",\"breadcrumb\":{\"@id\":\"https:\/\/nuevo-renacer.com\/maria-de-carvalho-leite\/#breadcrumb\"},\"inLanguage\":\"en-GB\",\"potentialAction\":[{\"@type\":\"ReadAction\",\"target\":[\"https:\/\/nuevo-renacer.com\/maria-de-carvalho-leite\/\"]}]},{\"@type\":\"ImageObject\",\"inLanguage\":\"en-GB\",\"@id\":\"https:\/\/nuevo-renacer.com\/maria-de-carvalho-leite\/#primaryimage\",\"url\":\"https:\/\/nuevo-renacer.com\/wp-content\/uploads\/2024\/11\/d61ae6_af9958f54a5348348399d581ed0a87a9mv2.png\",\"contentUrl\":\"https:\/\/nuevo-renacer.com\/wp-content\/uploads\/2024\/11\/d61ae6_af9958f54a5348348399d581ed0a87a9mv2.png\"},{\"@type\":\"BreadcrumbList\",\"@id\":\"https:\/\/nuevo-renacer.com\/maria-de-carvalho-leite\/#breadcrumb\",\"itemListElement\":[{\"@type\":\"ListItem\",\"position\":1,\"name\":\"Startseite\",\"item\":\"https:\/\/nuevo-renacer.com\/\"},{\"@type\":\"ListItem\",\"position\":2,\"name\":\"Maria de Carvalho Leite\"}]},{\"@type\":\"WebSite\",\"@id\":\"https:\/\/nuevo-renacer.com\/#website\",\"url\":\"https:\/\/nuevo-renacer.com\/\",\"name\":\"Uni\u00f3n Esp\u00edrita\",\"description\":\"Nuevo Renacer\",\"publisher\":{\"@id\":\"https:\/\/nuevo-renacer.com\/#organization\"},\"potentialAction\":[{\"@type\":\"SearchAction\",\"target\":{\"@type\":\"EntryPoint\",\"urlTemplate\":\"https:\/\/nuevo-renacer.com\/?s={search_term_string}\"},\"query-input\":{\"@type\":\"PropertyValueSpecification\",\"valueRequired\":true,\"valueName\":\"search_term_string\"}}],\"inLanguage\":\"en-GB\"},{\"@type\":\"Organization\",\"@id\":\"https:\/\/nuevo-renacer.com\/#organization\",\"name\":\"UFEC\",\"url\":\"https:\/\/nuevo-renacer.com\/\",\"logo\":{\"@type\":\"ImageObject\",\"inLanguage\":\"en-GB\",\"@id\":\"https:\/\/nuevo-renacer.com\/#\/schema\/logo\/image\/\",\"url\":\"https:\/\/nuevo-renacer.com\/wp-content\/uploads\/2024\/05\/cropped-LOGO-TERMINADO1-3-3.png\",\"contentUrl\":\"https:\/\/nuevo-renacer.com\/wp-content\/uploads\/2024\/05\/cropped-LOGO-TERMINADO1-3-3.png\",\"width\":512,\"height\":512,\"caption\":\"UFEC\"},\"image\":{\"@id\":\"https:\/\/nuevo-renacer.com\/#\/schema\/logo\/image\/\"},\"sameAs\":[\"https:\/\/www.facebook.com\/groups\/3431398063740829\"]}]}<\/script>\n<!-- \/ Yoast SEO Premium plugin. -->","yoast_head_json":{"title":"Maria de Carvalho Leite - Uni\u00f3n Esp\u00edrita","robots":{"index":"index","follow":"follow","max-snippet":"max-snippet:-1","max-image-preview":"max-image-preview:large","max-video-preview":"max-video-preview:-1"},"canonical":"https:\/\/nuevo-renacer.com\/en\/maria-de-carvalho-leite\/","og_locale":"en_GB","og_type":"article","og_title":"Maria de Carvalho Leite","og_description":"Maria de Carvalho Leite Maria de Carvalho Leite naci\u00f3 en Bonfim de Feira (Brasil) el 10 de septiembre de 1900, hija de Hermenegildo Leite, empleado municipal, y de Balmina de Carvalho Leite, empleada dom\u00e9stica. Pas\u00f3 su infancia en Bonfim con tres hermanos y dos hermanas. En 1916 se gradu\u00f3 como maestra en el Educand\u00e1rio dos [&hellip;]","og_url":"https:\/\/nuevo-renacer.com\/en\/maria-de-carvalho-leite\/","og_site_name":"Uni\u00f3n Esp\u00edrita","article_publisher":"https:\/\/www.facebook.com\/groups\/3431398063740829","article_modified_time":"2024-11-13T07:49:18+00:00","og_image":[{"width":466,"height":677,"url":"https:\/\/nuevo-renacer.com\/wp-content\/uploads\/2024\/11\/d61ae6_af9958f54a5348348399d581ed0a87a9mv2.png","type":"image\/png"}],"twitter_card":"summary_large_image","twitter_misc":{"Estimated reading time":"3 minutes"},"schema":{"@context":"https:\/\/schema.org","@graph":[{"@type":"WebPage","@id":"https:\/\/nuevo-renacer.com\/maria-de-carvalho-leite\/","url":"https:\/\/nuevo-renacer.com\/maria-de-carvalho-leite\/","name":"Maria de Carvalho Leite - Uni\u00f3n Esp\u00edrita","isPartOf":{"@id":"https:\/\/nuevo-renacer.com\/#website"},"primaryImageOfPage":{"@id":"https:\/\/nuevo-renacer.com\/maria-de-carvalho-leite\/#primaryimage"},"image":{"@id":"https:\/\/nuevo-renacer.com\/maria-de-carvalho-leite\/#primaryimage"},"thumbnailUrl":"https:\/\/nuevo-renacer.com\/wp-content\/uploads\/2024\/11\/d61ae6_af9958f54a5348348399d581ed0a87a9mv2.png","datePublished":"2024-11-13T07:45:48+00:00","dateModified":"2024-11-13T07:49:18+00:00","breadcrumb":{"@id":"https:\/\/nuevo-renacer.com\/maria-de-carvalho-leite\/#breadcrumb"},"inLanguage":"en-GB","potentialAction":[{"@type":"ReadAction","target":["https:\/\/nuevo-renacer.com\/maria-de-carvalho-leite\/"]}]},{"@type":"ImageObject","inLanguage":"en-GB","@id":"https:\/\/nuevo-renacer.com\/maria-de-carvalho-leite\/#primaryimage","url":"https:\/\/nuevo-renacer.com\/wp-content\/uploads\/2024\/11\/d61ae6_af9958f54a5348348399d581ed0a87a9mv2.png","contentUrl":"https:\/\/nuevo-renacer.com\/wp-content\/uploads\/2024\/11\/d61ae6_af9958f54a5348348399d581ed0a87a9mv2.png"},{"@type":"BreadcrumbList","@id":"https:\/\/nuevo-renacer.com\/maria-de-carvalho-leite\/#breadcrumb","itemListElement":[{"@type":"ListItem","position":1,"name":"Startseite","item":"https:\/\/nuevo-renacer.com\/"},{"@type":"ListItem","position":2,"name":"Maria de Carvalho Leite"}]},{"@type":"WebSite","@id":"https:\/\/nuevo-renacer.com\/#website","url":"https:\/\/nuevo-renacer.com\/","name":"Uni\u00f3n Esp\u00edrita","description":"Nuevo Renacer","publisher":{"@id":"https:\/\/nuevo-renacer.com\/#organization"},"potentialAction":[{"@type":"SearchAction","target":{"@type":"EntryPoint","urlTemplate":"https:\/\/nuevo-renacer.com\/?s={search_term_string}"},"query-input":{"@type":"PropertyValueSpecification","valueRequired":true,"valueName":"search_term_string"}}],"inLanguage":"en-GB"},{"@type":"Organization","@id":"https:\/\/nuevo-renacer.com\/#organization","name":"UFEC","url":"https:\/\/nuevo-renacer.com\/","logo":{"@type":"ImageObject","inLanguage":"en-GB","@id":"https:\/\/nuevo-renacer.com\/#\/schema\/logo\/image\/","url":"https:\/\/nuevo-renacer.com\/wp-content\/uploads\/2024\/05\/cropped-LOGO-TERMINADO1-3-3.png","contentUrl":"https:\/\/nuevo-renacer.com\/wp-content\/uploads\/2024\/05\/cropped-LOGO-TERMINADO1-3-3.png","width":512,"height":512,"caption":"UFEC"},"image":{"@id":"https:\/\/nuevo-renacer.com\/#\/schema\/logo\/image\/"},"sameAs":["https:\/\/www.facebook.com\/groups\/3431398063740829"]}]}},"uagb_featured_image_src":{"full":false,"thumbnail":false,"medium":false,"medium_large":false,"large":false,"1536x1536":false,"2048x2048":false,"trp-custom-language-flag":false},"uagb_author_info":{"display_name":"adbv0","author_link":"https:\/\/nuevo-renacer.com\/en\/author\/adbv0\/"},"uagb_comment_info":0,"uagb_excerpt":"Maria de Carvalho Leite Maria de Carvalho Leite naci\u00f3 en Bonfim de Feira (Brasil) el 10 de septiembre de 1900, hija de Hermenegildo Leite, empleado municipal, y de Balmina de Carvalho Leite, empleada dom\u00e9stica. Pas\u00f3 su infancia en Bonfim con tres hermanos y dos hermanas. En 1916 se gradu\u00f3 como maestra en el Educand\u00e1rio dos&hellip;","jetpack_sharing_enabled":true,"_links":{"self":[{"href":"https:\/\/nuevo-renacer.com\/en\/wp-json\/wp\/v2\/pages\/6115","targetHints":{"allow":["GET"]}}],"collection":[{"href":"https:\/\/nuevo-renacer.com\/en\/wp-json\/wp\/v2\/pages"}],"about":[{"href":"https:\/\/nuevo-renacer.com\/en\/wp-json\/wp\/v2\/types\/page"}],"author":[{"embeddable":true,"href":"https:\/\/nuevo-renacer.com\/en\/wp-json\/wp\/v2\/users\/1"}],"replies":[{"embeddable":true,"href":"https:\/\/nuevo-renacer.com\/en\/wp-json\/wp\/v2\/comments?post=6115"}],"version-history":[{"count":3,"href":"https:\/\/nuevo-renacer.com\/en\/wp-json\/wp\/v2\/pages\/6115\/revisions"}],"predecessor-version":[{"id":6120,"href":"https:\/\/nuevo-renacer.com\/en\/wp-json\/wp\/v2\/pages\/6115\/revisions\/6120"}],"wp:attachment":[{"href":"https:\/\/nuevo-renacer.com\/en\/wp-json\/wp\/v2\/media?parent=6115"}],"curies":[{"name":"wp","href":"https:\/\/api.w.org\/{rel}","templated":true}]}}