{"id":6013,"date":"2024-11-11T10:48:55","date_gmt":"2024-11-11T10:48:55","guid":{"rendered":"https:\/\/nuevo-renacer.com\/?page_id=6013"},"modified":"2024-11-11T10:52:13","modified_gmt":"2024-11-11T10:52:13","slug":"pedro-de-camargo-vinicius","status":"publish","type":"page","link":"https:\/\/nuevo-renacer.com\/en\/pedro-de-camargo-vinicius\/","title":{"rendered":"Pedro de Camargo Vin\u00edcius"},"content":{"rendered":"<div class=\"wp-block-uagb-container uagb-block-1782734c alignfull uagb-is-root-container\"><div class=\"uagb-container-inner-blocks-wrap\">\n<p class=\"has-black-color has-text-color has-link-color has-medium-font-size wp-elements-b7c888b21afc5815eb05a51f55ac7f40\"><strong>Pedro de Camargo Vin\u00edcius<\/strong><\/p>\n<\/div><\/div>\n\n\n\n<div class=\"wp-block-uagb-container uagb-block-9ee14697 alignfull uagb-is-root-container\"><div class=\"uagb-container-inner-blocks-wrap\">\n<figure class=\"wp-block-image size-full is-resized\"><img fetchpriority=\"high\" decoding=\"async\" width=\"286\" height=\"399\" src=\"https:\/\/nuevo-renacer.com\/wp-content\/uploads\/2024\/11\/1201467876-300-5b703b22-1.jpg\" alt=\"\" class=\"wp-image-6015\" style=\"width:248px;height:auto\" srcset=\"https:\/\/nuevo-renacer.com\/wp-content\/uploads\/2024\/11\/1201467876-300-5b703b22-1.jpg 286w, https:\/\/nuevo-renacer.com\/wp-content\/uploads\/2024\/11\/1201467876-300-5b703b22-1-215x300.jpg 215w, https:\/\/nuevo-renacer.com\/wp-content\/uploads\/2024\/11\/1201467876-300-5b703b22-1-9x12.jpg 9w\" sizes=\"(max-width: 286px) 100vw, 286px\" \/><\/figure>\n<\/div><\/div>\n\n\n\n<div class=\"wp-block-uagb-container uagb-block-ee82ed41 alignfull uagb-is-root-container\"><div class=\"uagb-container-inner-blocks-wrap\">\n<p class=\"has-black-color has-text-color has-link-color has-small-font-size wp-elements-7efc97408e494cce64d6f46ab5e10897\">Pedro de Camargo Vin\u00edcius \"The Great Vin\u00edcius\" The Greatest Expositor of the Gospel in the Light of Spiritism in was born on May 7, 1878, in the city of Piracicaba, State of S\u00e3o Paulo, Brazil. He died on October 11, 1966, in the city of S\u00e3o Paulo.<\/p>\n\n\n\n<p class=\"has-black-color has-text-color has-link-color has-small-font-size wp-elements-f18b032ed16e140d13ea4dab61c56c0b\">His first years of schooling were spent at the Methodist-oriented Piracicabano School, founded in the United States. The headmistress at the time was the missionary Martha H. Watts, of whom Pedro de Camargo always had fond memories and great admiration. The following words come from an article he wrote on the occasion of the missionary's disincarnation in the United States: \"Whenever there was an opportunity to inculcate principles of virtue and rules of morality, it was when she showed herself admirable, demonstrating the rare and exceptional competence with which she had been endowed to carry out such a sublime mission.<\/p>\n\n\n\n<p class=\"has-black-color has-text-color has-link-color has-small-font-size wp-elements-f462c04ac490127ec2c27c27026e8d57\">I well remember that no one around Miss Watts was capable of lying or dissimulation; the antics and antics, carefully concealed, were faithfully recounted to her when she questioned us, such was the empire she knew how to exercise over us, never using any other means than the force of good and the devotion with which she exercised her sacred priesthood. The society of Piracicaba owes him a great deal; his former students owe him a great deal; I owe him a great deal\" (...)<\/p>\n\n\n\n<p class=\"has-black-color has-text-color has-link-color has-small-font-size wp-elements-27ac627e6f0296e5cff153fe6def1dee\">Bible studies were methodical at Piracicabano College, so Pedro de Camargo became one of the greatest enthusiasts of this subject, later becoming one of the greatest authorities on evangelical exegesis.<\/p>\n\n\n\n<p class=\"has-black-color has-text-color has-link-color has-small-font-size wp-elements-b2802d0dc3629751a545694ab9bdd796\">In 1904, the first spiritist institution in the city was founded in Piracicaba, under the name of \"Igreja Esp\u00edrita Fora da Caridade n\u00e3o h\u00e1 Salva\u00e7\u00e3o\". Among its founders was the venerable figure of Jo\u00e3o Le\u00e3o Pitta. The operation of this traditional institution brought this pioneer a series of persecutions inspired by other religious organisations, to the point that he could not even get a job, so necessary for the support of his family that he was left on the verge of complete destitution for more than a year.<\/p>\n\n\n\n<div class=\"wp-block-uagb-container uagb-block-6cca2fca\">\n<figure class=\"wp-block-image size-full is-resized\"><img decoding=\"async\" width=\"415\" height=\"311\" src=\"https:\/\/nuevo-renacer.com\/wp-content\/uploads\/2024\/11\/capa.jpg\" alt=\"\" class=\"wp-image-6019\" style=\"width:268px;height:auto\" srcset=\"https:\/\/nuevo-renacer.com\/wp-content\/uploads\/2024\/11\/capa.jpg 415w, https:\/\/nuevo-renacer.com\/wp-content\/uploads\/2024\/11\/capa-300x225.jpg 300w, https:\/\/nuevo-renacer.com\/wp-content\/uploads\/2024\/11\/capa-16x12.jpg 16w\" sizes=\"(max-width: 415px) 100vw, 415px\" \/><figcaption class=\"wp-element-caption\">Spiritist organisation \"Igreja Esp\u00edrita Fora da Caridade n\u00e3o h\u00e1 Salva\u00e7\u00e3o\u201d.<\/figcaption><\/figure>\n<\/div>\n\n\n\n<p class=\"has-black-color has-text-color has-link-color has-small-font-size wp-elements-cfe296a2f1a9a9068b80600ed325dcd7\">A year later, in 1905, Pedro de Camargo became interested in Spiritism, as he found in it the solution to everything his spirit did not know. (...) For about thirty years, Pedro de Camargo carried out a fruitful and intense work in his hometown, spreading the evangelical truths in the light of the Spiritist Doctrine. At that time, he adopted the pseudonym of Vin\u00edcius; his lectures were shorthanded and then widely disseminated, making his fame spread throughout the neighbourhood.<\/p>\n\n\n\n<p class=\"has-black-color has-text-color has-link-color has-small-font-size wp-elements-2ba464d0d1a0b091019ddc2ac6319da2\">In 1938, he moved to the city of S\u00e3o Paulo. There he replaced Moreira Machado as president of the Federative Spiritist Union of S\u00e3o Paulo and, together with Thietre Diniz Cintra, founded a school for the evangelisation of children and young people, having developed standards and guidelines for this type of education.<\/p>\n\n\n\n<p class=\"has-black-color has-text-color has-link-color has-small-font-size wp-elements-9be1d8c06b2497b048426d63c2c1ab27\">In 1939, he became one of the directors of the Evangelical Spiritist Radio Programme of Brazil, broadcast daily by R\u00e1dio Educadora, in S\u00e3o Paulo. On March 31, 1940, when the Uni\u00e3o Federativa Esp\u00edrita Paulista founded R\u00e1dio Piratininga, a clearly spiritist radio station, Vin\u00edcius was elected its 4th director-superintendent and, together with other figures of the S\u00e3o Paulo spiritist movement, he directed the station and its daily spiritist programme until 1942.<\/p>\n\n\n\n<p class=\"has-black-color has-text-color has-link-color has-small-font-size wp-elements-d66cd14a4724e27695cb29c6d8761b84\">At that time, Vin\u00edcius had already joined the Spiritist Federation of the State of S\u00e3o Paulo, becoming one of its advisors and introducing its \"Evangelical Gatherings\", held every Sunday morning, with an appreciable attendance that invariably crowded its hall. For many years, he was a delegate of the Brazilian Spiritist Federation in S\u00e3o Paulo, representing it in all events where his presence was necessary.<\/p>\n\n\n\n<p class=\"has-black-color has-text-color has-link-color has-small-font-size wp-elements-d2e0a19b6a35960a3186b94eb9af367e\">When, in March 1944, the Spiritist Federation of the State of S\u00e3o Paulo launched the newspaper \"O Semeador\", Vin\u00edcius was appointed its managing director, a position he held for more than a decade, giving the newspaper his usual collaboration.<\/p>\n\n\n\n<p class=\"has-black-color has-text-color has-link-color has-small-font-size wp-elements-bf28932526ab08b67d92a875d3a94653\">In October 1949, together with Carlos Jord\u00e3o da Silva, he was part of the representation of the State of S\u00e3o Paulo in the II Pan-American Spiritist Congress, a conclave of great repercussion that took place in Rio de Janeiro. On the occasion of this event, several representatives of state-level spiritist organisations met in the former Federal Capital, which, in a fortunate move, managed to materialise the dream of many spiritist pioneers, creating the National Federative Council and signing the famous Golden Pact of Unification. Pedro de Camargo was one of the signatories of this important instrument of national spiritist pacification, on 5 October 1949.<\/p>\n\n\n\n<p class=\"has-black-color has-text-color has-link-color has-small-font-size wp-elements-8b2995a6082a0c58bf84503abbcbb9e3\">Vin\u00edcius was a regular contributor to numerous spiritist organisations. His bibliography includes the books: \"Em torno do Mestre\" (Around the Teacher), \"Na Seara do Mestre\" (In the Teacher's Field), \"Nas Pegadas do Mestre\" (In the Teacher's Footsteps), \"Na Escola do Mestre\" (In the Teacher's School), \"O Mestre na Educa\u00e7\u00e3o\" (The Teacher in Education) and \"Em Busca do Mestre\" (In Search of the Teacher), works of notable relevance in the field of evangelical-doctrinal dissemination.<\/p>\n\n\n\n<p class=\"has-black-color has-text-color has-link-color has-small-font-size wp-elements-84ef5c53dedddca1de926e4677330c24\">His action was strongly felt when the founding of a spiritist educational institution was considered. He fought for this ideal for many years. He rejoiced with the foundation of the Pestalozzi Educational Centre, in the city of France, but his dream came true when he founded the \"Spiritist Institute of Education\", of which he was president. As part of this institute, the \"Externato Hil\u00e1rio Ribeiro\" was founded, of which he was the director until 1962.<\/p>\n\n\n\n<p class=\"has-black-color has-text-color has-link-color has-small-font-size wp-elements-a29418bfbd8c48dcb4f7311e2f1c23c5\">Parallel to all these activities, Pedro de Camargo was a regular lecturer in the spiritist institutions, especially in those of the capital of the State, becoming one of the most sought-after speakers who always managed to attract the largest audiences. A man of impeccable character, measured in his attitudes and of impeccable morals, he became, de facto and de jure, a true standard-bearer of the spiritist movement. When his name appeared at the head of any organisation, he commanded confidence and respect, given the indisputable projection of his name and his quality as a champion of good and noble causes.<\/p>\n\n\n\n<p class=\"has-black-color has-text-color has-link-color has-small-font-size wp-elements-a8ec7b88f8f60aec028d5baa86db9ba2\">Vinicius also played a notable role in the field of spiritist social work, but his work in favour of evangelical-doctrinal enlightenment, essential for the inner enlightenment of men, occupied a prominent place.<\/p>\n\n\n\n<p class=\"has-black-color has-text-color has-link-color has-small-font-size wp-elements-49d4603a52b37873250fcde9a5c76ebe\">Pedro de Camargo Vin\u00edcius died on 11 October 1966, in the city of S\u00e3o Paulo.<\/p>\n<\/div><\/div>\n\n\n\n<div class=\"wp-block-uagb-container uagb-block-028e65cd alignfull uagb-is-root-container\"><div class=\"uagb-container-inner-blocks-wrap\"><\/div><\/div>\n\n\n\n<div class=\"wp-block-uagb-container uagb-block-f8a07a72 alignfull uagb-is-root-container\"><div class=\"uagb-container-inner-blocks-wrap\"><\/div><\/div>","protected":false},"excerpt":{"rendered":"<p>Pedro de Camargo Vin\u00edcius Pedro de Camargo Vin\u00edcius \u00abEl Gran Vin\u00edcius\u00bb El Mayor Expositor del Evangelio a la Luz del Espiritismo en nacio el 7 de mayo de 1878, en la ciudad de Piracicaba, Estado de S\u00e3o Paulo, Brasil. &nbsp;fallecido el 11 de octubre de 1966, en la ciudad de S\u00e3o Paulo. Sus primeros a\u00f1os [&hellip;]<\/p>","protected":false},"author":1,"featured_media":0,"parent":0,"menu_order":0,"comment_status":"closed","ping_status":"closed","template":"","meta":{"_uag_custom_page_level_css":"","site-sidebar-layout":"default","site-content-layout":"","ast-site-content-layout":"default","site-content-style":"default","site-sidebar-style":"default","ast-global-header-display":"","ast-banner-title-visibility":"","ast-main-header-display":"","ast-hfb-above-header-display":"","ast-hfb-below-header-display":"","ast-hfb-mobile-header-display":"","site-post-title":"disabled","ast-breadcrumbs-content":"","ast-featured-img":"","footer-sml-layout":"","theme-transparent-header-meta":"","adv-header-id-meta":"","stick-header-meta":"","header-above-stick-meta":"","header-main-stick-meta":"","header-below-stick-meta":"","astra-migrate-meta-layouts":"set","ast-page-background-enabled":"default","ast-page-background-meta":{"desktop":{"background-color":"var(--ast-global-color-4)","background-image":"","background-repeat":"repeat","background-position":"center center","background-size":"auto","background-attachment":"scroll","background-type":"","background-media":"","overlay-type":"","overlay-color":"","overlay-opacity":"","overlay-gradient":""},"tablet":{"background-color":"","background-image":"","background-repeat":"repeat","background-position":"center center","background-size":"auto","background-attachment":"scroll","background-type":"","background-media":"","overlay-type":"","overlay-color":"","overlay-opacity":"","overlay-gradient":""},"mobile":{"background-color":"","background-image":"","background-repeat":"repeat","background-position":"center center","background-size":"auto","background-attachment":"scroll","background-type":"","background-media":"","overlay-type":"","overlay-color":"","overlay-opacity":"","overlay-gradient":""}},"ast-content-background-meta":{"desktop":{"background-color":"var(--ast-global-color-5)","background-image":"","background-repeat":"repeat","background-position":"center center","background-size":"auto","background-attachment":"scroll","background-type":"","background-media":"","overlay-type":"","overlay-color":"","overlay-opacity":"","overlay-gradient":""},"tablet":{"background-color":"var(--ast-global-color-5)","background-image":"","background-repeat":"repeat","background-position":"center center","background-size":"auto","background-attachment":"scroll","background-type":"","background-media":"","overlay-type":"","overlay-color":"","overlay-opacity":"","overlay-gradient":""},"mobile":{"background-color":"var(--ast-global-color-5)","background-image":"","background-repeat":"repeat","background-position":"center center","background-size":"auto","background-attachment":"scroll","background-type":"","background-media":"","overlay-type":"","overlay-color":"","overlay-opacity":"","overlay-gradient":""}},"footnotes":""},"class_list":["post-6013","page","type-page","status-publish","hentry"],"yoast_head":"<!-- This site is optimized with the Yoast SEO Premium plugin v24.2 (Yoast SEO v24.6) - https:\/\/yoast.com\/wordpress\/plugins\/seo\/ -->\n<title>Pedro de Camargo Vin\u00edcius - Uni\u00f3n Esp\u00edrita<\/title>\n<meta name=\"robots\" content=\"index, follow, max-snippet:-1, max-image-preview:large, max-video-preview:-1\" \/>\n<link rel=\"canonical\" href=\"https:\/\/nuevo-renacer.com\/en\/pedro-de-camargo-vinicius\/\" \/>\n<meta property=\"og:locale\" content=\"en_GB\" \/>\n<meta property=\"og:type\" content=\"article\" \/>\n<meta property=\"og:title\" content=\"Pedro de Camargo Vin\u00edcius\" \/>\n<meta property=\"og:description\" content=\"Pedro de Camargo Vin\u00edcius Pedro de Camargo Vin\u00edcius \u00abEl Gran Vin\u00edcius\u00bb El Mayor Expositor del Evangelio a la Luz del Espiritismo en nacio el 7 de mayo de 1878, en la ciudad de Piracicaba, Estado de S\u00e3o Paulo, Brasil. &nbsp;fallecido el 11 de octubre de 1966, en la ciudad de S\u00e3o Paulo. Sus primeros a\u00f1os [&hellip;]\" \/>\n<meta property=\"og:url\" content=\"https:\/\/nuevo-renacer.com\/en\/pedro-de-camargo-vinicius\/\" \/>\n<meta property=\"og:site_name\" content=\"Uni\u00f3n Esp\u00edrita\" \/>\n<meta property=\"article:publisher\" content=\"https:\/\/www.facebook.com\/groups\/3431398063740829\" \/>\n<meta property=\"article:modified_time\" content=\"2024-11-11T10:52:13+00:00\" \/>\n<meta property=\"og:image\" content=\"https:\/\/nuevo-renacer.com\/wp-content\/uploads\/2024\/11\/1201467876-300-5b703b22-1.jpg\" \/>\n\t<meta property=\"og:image:width\" content=\"286\" \/>\n\t<meta property=\"og:image:height\" content=\"399\" \/>\n\t<meta property=\"og:image:type\" content=\"image\/jpeg\" \/>\n<meta name=\"twitter:card\" content=\"summary_large_image\" \/>\n<meta name=\"twitter:label1\" content=\"Estimated reading time\" \/>\n\t<meta name=\"twitter:data1\" content=\"6 minutes\" \/>\n<script type=\"application\/ld+json\" class=\"yoast-schema-graph\">{\"@context\":\"https:\/\/schema.org\",\"@graph\":[{\"@type\":\"WebPage\",\"@id\":\"https:\/\/nuevo-renacer.com\/fr\/pedro-de-camargo-vinicius\/\",\"url\":\"https:\/\/nuevo-renacer.com\/fr\/pedro-de-camargo-vinicius\/\",\"name\":\"Pedro de Camargo Vin\u00edcius - Uni\u00f3n Esp\u00edrita\",\"isPartOf\":{\"@id\":\"https:\/\/nuevo-renacer.com\/#website\"},\"primaryImageOfPage\":{\"@id\":\"https:\/\/nuevo-renacer.com\/fr\/pedro-de-camargo-vinicius\/#primaryimage\"},\"image\":{\"@id\":\"https:\/\/nuevo-renacer.com\/fr\/pedro-de-camargo-vinicius\/#primaryimage\"},\"thumbnailUrl\":\"https:\/\/nuevo-renacer.com\/wp-content\/uploads\/2024\/11\/1201467876-300-5b703b22-1.jpg\",\"datePublished\":\"2024-11-11T10:48:55+00:00\",\"dateModified\":\"2024-11-11T10:52:13+00:00\",\"breadcrumb\":{\"@id\":\"https:\/\/nuevo-renacer.com\/fr\/pedro-de-camargo-vinicius\/#breadcrumb\"},\"inLanguage\":\"en-GB\",\"potentialAction\":[{\"@type\":\"ReadAction\",\"target\":[\"https:\/\/nuevo-renacer.com\/fr\/pedro-de-camargo-vinicius\/\"]}]},{\"@type\":\"ImageObject\",\"inLanguage\":\"en-GB\",\"@id\":\"https:\/\/nuevo-renacer.com\/fr\/pedro-de-camargo-vinicius\/#primaryimage\",\"url\":\"https:\/\/nuevo-renacer.com\/wp-content\/uploads\/2024\/11\/1201467876-300-5b703b22-1.jpg\",\"contentUrl\":\"https:\/\/nuevo-renacer.com\/wp-content\/uploads\/2024\/11\/1201467876-300-5b703b22-1.jpg\"},{\"@type\":\"BreadcrumbList\",\"@id\":\"https:\/\/nuevo-renacer.com\/fr\/pedro-de-camargo-vinicius\/#breadcrumb\",\"itemListElement\":[{\"@type\":\"ListItem\",\"position\":1,\"name\":\"Startseite\",\"item\":\"https:\/\/nuevo-renacer.com\/\"},{\"@type\":\"ListItem\",\"position\":2,\"name\":\"Pedro de Camargo Vin\u00edcius\"}]},{\"@type\":\"WebSite\",\"@id\":\"https:\/\/nuevo-renacer.com\/#website\",\"url\":\"https:\/\/nuevo-renacer.com\/\",\"name\":\"Uni\u00f3n Esp\u00edrita\",\"description\":\"Nuevo Renacer\",\"publisher\":{\"@id\":\"https:\/\/nuevo-renacer.com\/#organization\"},\"potentialAction\":[{\"@type\":\"SearchAction\",\"target\":{\"@type\":\"EntryPoint\",\"urlTemplate\":\"https:\/\/nuevo-renacer.com\/?s={search_term_string}\"},\"query-input\":{\"@type\":\"PropertyValueSpecification\",\"valueRequired\":true,\"valueName\":\"search_term_string\"}}],\"inLanguage\":\"en-GB\"},{\"@type\":\"Organization\",\"@id\":\"https:\/\/nuevo-renacer.com\/#organization\",\"name\":\"UFEC\",\"url\":\"https:\/\/nuevo-renacer.com\/\",\"logo\":{\"@type\":\"ImageObject\",\"inLanguage\":\"en-GB\",\"@id\":\"https:\/\/nuevo-renacer.com\/#\/schema\/logo\/image\/\",\"url\":\"https:\/\/nuevo-renacer.com\/wp-content\/uploads\/2024\/05\/cropped-LOGO-TERMINADO1-3-3.png\",\"contentUrl\":\"https:\/\/nuevo-renacer.com\/wp-content\/uploads\/2024\/05\/cropped-LOGO-TERMINADO1-3-3.png\",\"width\":512,\"height\":512,\"caption\":\"UFEC\"},\"image\":{\"@id\":\"https:\/\/nuevo-renacer.com\/#\/schema\/logo\/image\/\"},\"sameAs\":[\"https:\/\/www.facebook.com\/groups\/3431398063740829\"]}]}<\/script>\n<!-- \/ Yoast SEO Premium plugin. -->","yoast_head_json":{"title":"Pedro de Camargo Vin\u00edcius - Uni\u00f3n Esp\u00edrita","robots":{"index":"index","follow":"follow","max-snippet":"max-snippet:-1","max-image-preview":"max-image-preview:large","max-video-preview":"max-video-preview:-1"},"canonical":"https:\/\/nuevo-renacer.com\/en\/pedro-de-camargo-vinicius\/","og_locale":"en_GB","og_type":"article","og_title":"Pedro de Camargo Vin\u00edcius","og_description":"Pedro de Camargo Vin\u00edcius Pedro de Camargo Vin\u00edcius \u00abEl Gran Vin\u00edcius\u00bb El Mayor Expositor del Evangelio a la Luz del Espiritismo en nacio el 7 de mayo de 1878, en la ciudad de Piracicaba, Estado de S\u00e3o Paulo, Brasil. &nbsp;fallecido el 11 de octubre de 1966, en la ciudad de S\u00e3o Paulo. Sus primeros a\u00f1os [&hellip;]","og_url":"https:\/\/nuevo-renacer.com\/en\/pedro-de-camargo-vinicius\/","og_site_name":"Uni\u00f3n Esp\u00edrita","article_publisher":"https:\/\/www.facebook.com\/groups\/3431398063740829","article_modified_time":"2024-11-11T10:52:13+00:00","og_image":[{"width":286,"height":399,"url":"https:\/\/nuevo-renacer.com\/wp-content\/uploads\/2024\/11\/1201467876-300-5b703b22-1.jpg","type":"image\/jpeg"}],"twitter_card":"summary_large_image","twitter_misc":{"Estimated reading time":"6 minutes"},"schema":{"@context":"https:\/\/schema.org","@graph":[{"@type":"WebPage","@id":"https:\/\/nuevo-renacer.com\/fr\/pedro-de-camargo-vinicius\/","url":"https:\/\/nuevo-renacer.com\/fr\/pedro-de-camargo-vinicius\/","name":"Pedro de Camargo Vin\u00edcius - Uni\u00f3n Esp\u00edrita","isPartOf":{"@id":"https:\/\/nuevo-renacer.com\/#website"},"primaryImageOfPage":{"@id":"https:\/\/nuevo-renacer.com\/fr\/pedro-de-camargo-vinicius\/#primaryimage"},"image":{"@id":"https:\/\/nuevo-renacer.com\/fr\/pedro-de-camargo-vinicius\/#primaryimage"},"thumbnailUrl":"https:\/\/nuevo-renacer.com\/wp-content\/uploads\/2024\/11\/1201467876-300-5b703b22-1.jpg","datePublished":"2024-11-11T10:48:55+00:00","dateModified":"2024-11-11T10:52:13+00:00","breadcrumb":{"@id":"https:\/\/nuevo-renacer.com\/fr\/pedro-de-camargo-vinicius\/#breadcrumb"},"inLanguage":"en-GB","potentialAction":[{"@type":"ReadAction","target":["https:\/\/nuevo-renacer.com\/fr\/pedro-de-camargo-vinicius\/"]}]},{"@type":"ImageObject","inLanguage":"en-GB","@id":"https:\/\/nuevo-renacer.com\/fr\/pedro-de-camargo-vinicius\/#primaryimage","url":"https:\/\/nuevo-renacer.com\/wp-content\/uploads\/2024\/11\/1201467876-300-5b703b22-1.jpg","contentUrl":"https:\/\/nuevo-renacer.com\/wp-content\/uploads\/2024\/11\/1201467876-300-5b703b22-1.jpg"},{"@type":"BreadcrumbList","@id":"https:\/\/nuevo-renacer.com\/fr\/pedro-de-camargo-vinicius\/#breadcrumb","itemListElement":[{"@type":"ListItem","position":1,"name":"Startseite","item":"https:\/\/nuevo-renacer.com\/"},{"@type":"ListItem","position":2,"name":"Pedro de Camargo Vin\u00edcius"}]},{"@type":"WebSite","@id":"https:\/\/nuevo-renacer.com\/#website","url":"https:\/\/nuevo-renacer.com\/","name":"Uni\u00f3n Esp\u00edrita","description":"Nuevo Renacer","publisher":{"@id":"https:\/\/nuevo-renacer.com\/#organization"},"potentialAction":[{"@type":"SearchAction","target":{"@type":"EntryPoint","urlTemplate":"https:\/\/nuevo-renacer.com\/?s={search_term_string}"},"query-input":{"@type":"PropertyValueSpecification","valueRequired":true,"valueName":"search_term_string"}}],"inLanguage":"en-GB"},{"@type":"Organization","@id":"https:\/\/nuevo-renacer.com\/#organization","name":"UFEC","url":"https:\/\/nuevo-renacer.com\/","logo":{"@type":"ImageObject","inLanguage":"en-GB","@id":"https:\/\/nuevo-renacer.com\/#\/schema\/logo\/image\/","url":"https:\/\/nuevo-renacer.com\/wp-content\/uploads\/2024\/05\/cropped-LOGO-TERMINADO1-3-3.png","contentUrl":"https:\/\/nuevo-renacer.com\/wp-content\/uploads\/2024\/05\/cropped-LOGO-TERMINADO1-3-3.png","width":512,"height":512,"caption":"UFEC"},"image":{"@id":"https:\/\/nuevo-renacer.com\/#\/schema\/logo\/image\/"},"sameAs":["https:\/\/www.facebook.com\/groups\/3431398063740829"]}]}},"uagb_featured_image_src":{"full":false,"thumbnail":false,"medium":false,"medium_large":false,"large":false,"1536x1536":false,"2048x2048":false,"trp-custom-language-flag":false},"uagb_author_info":{"display_name":"adbv0","author_link":"https:\/\/nuevo-renacer.com\/en\/author\/adbv0\/"},"uagb_comment_info":0,"uagb_excerpt":"Pedro de Camargo Vin\u00edcius Pedro de Camargo Vin\u00edcius \u00abEl Gran Vin\u00edcius\u00bb El Mayor Expositor del Evangelio a la Luz del Espiritismo en nacio el 7 de mayo de 1878, en la ciudad de Piracicaba, Estado de S\u00e3o Paulo, Brasil. &nbsp;fallecido el 11 de octubre de 1966, en la ciudad de S\u00e3o Paulo. Sus primeros a\u00f1os&hellip;","jetpack_sharing_enabled":true,"_links":{"self":[{"href":"https:\/\/nuevo-renacer.com\/en\/wp-json\/wp\/v2\/pages\/6013","targetHints":{"allow":["GET"]}}],"collection":[{"href":"https:\/\/nuevo-renacer.com\/en\/wp-json\/wp\/v2\/pages"}],"about":[{"href":"https:\/\/nuevo-renacer.com\/en\/wp-json\/wp\/v2\/types\/page"}],"author":[{"embeddable":true,"href":"https:\/\/nuevo-renacer.com\/en\/wp-json\/wp\/v2\/users\/1"}],"replies":[{"embeddable":true,"href":"https:\/\/nuevo-renacer.com\/en\/wp-json\/wp\/v2\/comments?post=6013"}],"version-history":[{"count":4,"href":"https:\/\/nuevo-renacer.com\/en\/wp-json\/wp\/v2\/pages\/6013\/revisions"}],"predecessor-version":[{"id":6020,"href":"https:\/\/nuevo-renacer.com\/en\/wp-json\/wp\/v2\/pages\/6013\/revisions\/6020"}],"wp:attachment":[{"href":"https:\/\/nuevo-renacer.com\/en\/wp-json\/wp\/v2\/media?parent=6013"}],"curies":[{"name":"wp","href":"https:\/\/api.w.org\/{rel}","templated":true}]}}