{"id":6004,"date":"2024-11-11T08:44:57","date_gmt":"2024-11-11T08:44:57","guid":{"rendered":"https:\/\/nuevo-renacer.com\/?page_id=6004"},"modified":"2024-11-11T08:53:45","modified_gmt":"2024-11-11T08:53:45","slug":"francisco-leite-de-bittencourt-sampaio","status":"publish","type":"page","link":"https:\/\/nuevo-renacer.com\/en\/francisco-leite-de-bittencourt-sampaio\/","title":{"rendered":"Francisco Leite de Bittencourt Sampaio\u00a0"},"content":{"rendered":"<div class=\"wp-block-uagb-container uagb-block-f28f8f62 alignfull uagb-is-root-container\"><div class=\"uagb-container-inner-blocks-wrap\">\n<p class=\"has-black-color has-text-color has-link-color has-medium-font-size wp-elements-b5b06cf7513a39b88e7a6fb0c0066a87\"><strong>Francisco Leite de Bittencourt<\/strong> <strong>Sampaio\u00a0<\/strong><\/p>\n<\/div><\/div>\n\n\n\n<div class=\"wp-block-uagb-container uagb-block-bf518c0c alignfull uagb-is-root-container\"><div class=\"uagb-container-inner-blocks-wrap\">\n<figure class=\"wp-block-image size-full is-resized\"><img fetchpriority=\"high\" decoding=\"async\" width=\"300\" height=\"399\" src=\"https:\/\/nuevo-renacer.com\/wp-content\/uploads\/2024\/11\/1966969560-300-9f1bec88.jpg\" alt=\"\" class=\"wp-image-6005\" style=\"width:262px;height:auto\" srcset=\"https:\/\/nuevo-renacer.com\/wp-content\/uploads\/2024\/11\/1966969560-300-9f1bec88.jpg 300w, https:\/\/nuevo-renacer.com\/wp-content\/uploads\/2024\/11\/1966969560-300-9f1bec88-226x300.jpg 226w, https:\/\/nuevo-renacer.com\/wp-content\/uploads\/2024\/11\/1966969560-300-9f1bec88-9x12.jpg 9w\" sizes=\"(max-width: 300px) 100vw, 300px\" \/><\/figure>\n<\/div><\/div>\n\n\n\n<div class=\"wp-block-uagb-container uagb-block-2c02be8e alignfull uagb-is-root-container\"><div class=\"uagb-container-inner-blocks-wrap\">\n<p class=\"has-black-color has-text-color has-link-color has-small-font-size wp-elements-f7a3a0b872f369adc33ed1e8e1fce20d\">Francisco Leite de Bittencourt Sampaio was born in Laranjeiras, Sergipe, on 1 February 1834. He was the son of a Portuguese merchant of the same name and Dona Maria de Sant'Ana Leite Sampaio. He was a jurisconsult (a person with great legal knowledge who gives consultations and opinions on questions of law); magistrate; politician; civil servant; journalist; literary man; lyric poet and an excellent spiritist medium.<\/p>\n\n\n\n<p class=\"has-black-color has-text-color has-link-color has-small-font-size wp-elements-b90f7e66ca327fdb82ab6e87d1caf780\">He began his law studies at the Faculty of Law in Recife. In 1856 he interrupted his studies to attend to the patients of the cholera epidemic that devastated the province of Pernambuco in 1855. As a result, he was decorated by the Imperial Government with the Order of the Rose, a decoration he did not accept as it was incompatible with his political ideals. In 1859 he graduated in law at the Academy of S. Paulo (now the Faculty of Law). From 1860 to 1861 he worked as a prosecutor in Itabaiana and Laranjeiras, and as an inspector of the literary district of Itabaiana. In March 1861, he left the province of Sergipe and settled in the old court of Rio de Janeiro, where he practised as a lawyer.<\/p>\n\n\n\n<p class=\"has-black-color has-text-color has-link-color has-small-font-size wp-elements-352163846738bb8e319e7852f4325e56\">In politics, he joined the Liberal Party and was elected deputy from 1864 to 1866 and from 1867 to 1870. During the latter period, he was appointed President of Esp\u00edrito Santo, serving as such from 29 September 1867 to 26 April 1868, when he returned to the legislative mandate to which he had been elected.<\/p>\n\n\n\n<p class=\"has-black-color has-text-color has-link-color has-small-font-size wp-elements-317827f07ebd1168a4cc81828d1e3962\">In 1870, embracing republican ideas, he left the liberal party and became an ardent propagandist for the Republic, signing the \u00abManifesto of 3 December 1870\u00bb, an important historical document. As a journalist, he was respected for the brilliance, elevation, sincerity and firmness with which he supported and defended his political ideals.<\/p>\n\n\n\n<p class=\"has-black-color has-text-color has-link-color has-small-font-size wp-elements-174c7080dede05d034bfd6027e5f46e7\">When the Republic was proclaimed, he was entrusted with the inventory of all the newspapers of the Chamber of Deputies and, shortly afterwards, the drafting of the debates of the Constituent Assembly. He was the first administrator of the National Library of Rio de Janeiro to hold the title of Director.<\/p>\n\n\n\n<p class=\"has-black-color has-text-color has-link-color has-small-font-size wp-elements-f389c9685675f34de2369254803fe049\">It is not known exactly when Bittencourt Sampaio joined Spiritism, but on 2 August 1873 he was already a member of the Board of the \u00abConfucius Group\u00bb, the first spiritist society in Rio de Janeiro. There he developed his mediumship, curing many patients with homeopathic remedies. He seems to have been attracted to Spiritism by mediumistic phenomena, a subject he studied in depth, but it was the moral side of this new philosophy that impressed him most.<\/p>\n\n\n\n<p class=\"has-black-color has-text-color has-link-color has-small-font-size wp-elements-9aaaafa613a1b9976d34e445c6adcccc\">In 1876 he founded the \u00abSociety for Spiritist Studies God, Christ and Charity\u00bb, presiding over its work and incorporating the study of the Gospels in the light of Spiritism as an essential part of its activities.<\/p>\n\n\n\n<p class=\"has-black-color has-text-color has-link-color has-small-font-size wp-elements-0820412cb0d4160bac76a660bcc27249\">In 1880, the \u00abGrupo Esp\u00edrita Fraternidade\u00bb (Spiritist Fraternidade Group) was founded, to which Bittencourt Sampaio also lent valuable collaboration. The respected figure of Spiritism in Brazil, Dr. Ant\u00f4nio Lu\u00eds Sai\u00e3o, who had converted to Spiritism thanks to Bittencourt Sampaio's healing mediumship, then gathered the mediums of the aforementioned Society in the \u00abIsmael Group\u00bb, which he himself created (and which is still active today), and there Bittencourt Sampaio became one of the intermediaries of beautiful and instructive messages from the Higher Spirits.<\/p>\n\n\n\n<p class=\"has-black-color has-text-color has-link-color has-small-font-size wp-elements-fc128e354983c485dab777bacedc020e\">Bittencourt Sampaio escribi\u00f3 \u00abLa Divina Epopeya de Juan Evangelista\u00bb, publicada en 1882 y \u00fanica en el mundo. Se trata del cuarto Evangelio, el de Juan, en verso decas\u00edlabo. Esta composici\u00f3n po\u00e9tica inclu\u00eda tambi\u00e9n una segunda parte, en prosa, en la que se explica cada uno de los cantos a la luz de la Revelaci\u00f3n Esp\u00edrita. Estas explicaciones van precedidas de un largo prefacio en el que se analiza detalladamente la cuesti\u00f3n de la divinidad de Jes\u00fas.<\/p>\n\n\n\n<p class=\"has-black-color has-text-color has-link-color has-small-font-size wp-elements-0179c6acda57f22d6788cd904f2798d6\">Bittencourt Sampaio died on 10 October 1895 in Rio de Janeiro. The magazine \u00abReformador\u00bb of 15 October of that year reported that \u2018Bittencourt was preparing to write the Divine Tragedy of Golgotha, when, ripe fruit, he was picked by the hand of the heavenly gardener\u2019.<\/p>\n\n\n\n<p class=\"has-black-color has-text-color has-link-color has-small-font-size wp-elements-f6b13e087bf0008b8189e3523fe93ac6\">After his disincarnation, the Spirit of Bittencourt Sampaio wrote, through the medium Frederico J\u00fanior, the following works: \u2018Jesus before Christianity\u2019; \u00abFrom Jesus to the Children\u00bb and \u00abFrom Calvary to the Apocalypse\u00bb.<\/p>\n\n\n\n<p class=\"has-black-color has-text-color has-link-color has-small-font-size wp-elements-ceb9e500009ea2489c96f5c46293eff7\">In the mediumistic book \u00abVoltei\u00bb, Brother Jacobo, through the medium Francisco C\u00e2ndido Xavier, reveals that Bittencourt Sampaio collaborates on the higher planes of Spirituality in the supervision of evangelical Spiritism in Brazil.<\/p>\n<\/div><\/div>\n\n\n\n<div class=\"wp-block-uagb-container uagb-block-c0edfad7 alignfull uagb-is-root-container\"><div class=\"uagb-container-inner-blocks-wrap\"><\/div><\/div>\n\n\n\n<div class=\"wp-block-uagb-container uagb-block-7b7dc6de alignfull uagb-is-root-container\"><div class=\"uagb-container-inner-blocks-wrap\"><\/div><\/div>","protected":false},"excerpt":{"rendered":"<p>Francisco Leite de Bittencourt Sampaio\u00a0 Francisco Leite de Bittencourt Sampaio naci\u00f3 en Laranjeiras, Sergipe, el 1 de febrero de 1834. Era hijo de un comerciante portugu\u00e9s del mismo nombre y de do\u00f1a Maria de Sant&#8217;Ana Leite Sampaio. Fue jurisconsulto (persona con grandes conocimientos jur\u00eddicos que da consultas y dict\u00e1menes sobre cuestiones de derecho); magistrado; pol\u00edtico; [&hellip;]<\/p>","protected":false},"author":1,"featured_media":0,"parent":0,"menu_order":0,"comment_status":"closed","ping_status":"closed","template":"","meta":{"_uag_custom_page_level_css":"","site-sidebar-layout":"default","site-content-layout":"","ast-site-content-layout":"default","site-content-style":"default","site-sidebar-style":"default","ast-global-header-display":"","ast-banner-title-visibility":"","ast-main-header-display":"","ast-hfb-above-header-display":"","ast-hfb-below-header-display":"","ast-hfb-mobile-header-display":"","site-post-title":"disabled","ast-breadcrumbs-content":"","ast-featured-img":"","footer-sml-layout":"","theme-transparent-header-meta":"","adv-header-id-meta":"","stick-header-meta":"","header-above-stick-meta":"","header-main-stick-meta":"","header-below-stick-meta":"","astra-migrate-meta-layouts":"set","ast-page-background-enabled":"default","ast-page-background-meta":{"desktop":{"background-color":"var(--ast-global-color-4)","background-image":"","background-repeat":"repeat","background-position":"center center","background-size":"auto","background-attachment":"scroll","background-type":"","background-media":"","overlay-type":"","overlay-color":"","overlay-opacity":"","overlay-gradient":""},"tablet":{"background-color":"","background-image":"","background-repeat":"repeat","background-position":"center center","background-size":"auto","background-attachment":"scroll","background-type":"","background-media":"","overlay-type":"","overlay-color":"","overlay-opacity":"","overlay-gradient":""},"mobile":{"background-color":"","background-image":"","background-repeat":"repeat","background-position":"center center","background-size":"auto","background-attachment":"scroll","background-type":"","background-media":"","overlay-type":"","overlay-color":"","overlay-opacity":"","overlay-gradient":""}},"ast-content-background-meta":{"desktop":{"background-color":"var(--ast-global-color-5)","background-image":"","background-repeat":"repeat","background-position":"center center","background-size":"auto","background-attachment":"scroll","background-type":"","background-media":"","overlay-type":"","overlay-color":"","overlay-opacity":"","overlay-gradient":""},"tablet":{"background-color":"var(--ast-global-color-5)","background-image":"","background-repeat":"repeat","background-position":"center center","background-size":"auto","background-attachment":"scroll","background-type":"","background-media":"","overlay-type":"","overlay-color":"","overlay-opacity":"","overlay-gradient":""},"mobile":{"background-color":"var(--ast-global-color-5)","background-image":"","background-repeat":"repeat","background-position":"center center","background-size":"auto","background-attachment":"scroll","background-type":"","background-media":"","overlay-type":"","overlay-color":"","overlay-opacity":"","overlay-gradient":""}},"footnotes":""},"class_list":["post-6004","page","type-page","status-publish","hentry"],"yoast_head":"<!-- This site is optimized with the Yoast SEO Premium plugin v24.2 (Yoast SEO v24.6) - https:\/\/yoast.com\/wordpress\/plugins\/seo\/ -->\n<title>Francisco Leite de Bittencourt Sampaio\u00a0 - Uni\u00f3n Esp\u00edrita<\/title>\n<meta name=\"robots\" content=\"index, follow, max-snippet:-1, max-image-preview:large, max-video-preview:-1\" \/>\n<link rel=\"canonical\" href=\"https:\/\/nuevo-renacer.com\/en\/francisco-leite-de-bittencourt-sampaio\/\" \/>\n<meta property=\"og:locale\" content=\"en_GB\" \/>\n<meta property=\"og:type\" content=\"article\" \/>\n<meta property=\"og:title\" content=\"Francisco Leite de Bittencourt Sampaio\u00a0\" \/>\n<meta property=\"og:description\" content=\"Francisco Leite de Bittencourt Sampaio\u00a0 Francisco Leite de Bittencourt Sampaio naci\u00f3 en Laranjeiras, Sergipe, el 1 de febrero de 1834. Era hijo de un comerciante portugu\u00e9s del mismo nombre y de do\u00f1a Maria de Sant&#8217;Ana Leite Sampaio. Fue jurisconsulto (persona con grandes conocimientos jur\u00eddicos que da consultas y dict\u00e1menes sobre cuestiones de derecho); magistrado; pol\u00edtico; [&hellip;]\" \/>\n<meta property=\"og:url\" content=\"https:\/\/nuevo-renacer.com\/en\/francisco-leite-de-bittencourt-sampaio\/\" \/>\n<meta property=\"og:site_name\" content=\"Uni\u00f3n Esp\u00edrita\" \/>\n<meta property=\"article:publisher\" content=\"https:\/\/www.facebook.com\/groups\/3431398063740829\" \/>\n<meta property=\"article:modified_time\" content=\"2024-11-11T08:53:45+00:00\" \/>\n<meta property=\"og:image\" content=\"https:\/\/nuevo-renacer.com\/wp-content\/uploads\/2024\/11\/1966969560-300-9f1bec88.jpg\" \/>\n\t<meta property=\"og:image:width\" content=\"300\" \/>\n\t<meta property=\"og:image:height\" content=\"399\" \/>\n\t<meta property=\"og:image:type\" content=\"image\/jpeg\" \/>\n<meta name=\"twitter:card\" content=\"summary_large_image\" \/>\n<meta name=\"twitter:label1\" content=\"Estimated reading time\" \/>\n\t<meta name=\"twitter:data1\" content=\"4 minutes\" \/>\n<script type=\"application\/ld+json\" class=\"yoast-schema-graph\">{\"@context\":\"https:\/\/schema.org\",\"@graph\":[{\"@type\":\"WebPage\",\"@id\":\"https:\/\/nuevo-renacer.com\/francisco-leite-de-bittencourt-sampaio\/\",\"url\":\"https:\/\/nuevo-renacer.com\/francisco-leite-de-bittencourt-sampaio\/\",\"name\":\"Francisco Leite de Bittencourt Sampaio\u00a0 - Uni\u00f3n Esp\u00edrita\",\"isPartOf\":{\"@id\":\"https:\/\/nuevo-renacer.com\/#website\"},\"primaryImageOfPage\":{\"@id\":\"https:\/\/nuevo-renacer.com\/francisco-leite-de-bittencourt-sampaio\/#primaryimage\"},\"image\":{\"@id\":\"https:\/\/nuevo-renacer.com\/francisco-leite-de-bittencourt-sampaio\/#primaryimage\"},\"thumbnailUrl\":\"https:\/\/nuevo-renacer.com\/wp-content\/uploads\/2024\/11\/1966969560-300-9f1bec88.jpg\",\"datePublished\":\"2024-11-11T08:44:57+00:00\",\"dateModified\":\"2024-11-11T08:53:45+00:00\",\"breadcrumb\":{\"@id\":\"https:\/\/nuevo-renacer.com\/francisco-leite-de-bittencourt-sampaio\/#breadcrumb\"},\"inLanguage\":\"en-GB\",\"potentialAction\":[{\"@type\":\"ReadAction\",\"target\":[\"https:\/\/nuevo-renacer.com\/francisco-leite-de-bittencourt-sampaio\/\"]}]},{\"@type\":\"ImageObject\",\"inLanguage\":\"en-GB\",\"@id\":\"https:\/\/nuevo-renacer.com\/francisco-leite-de-bittencourt-sampaio\/#primaryimage\",\"url\":\"https:\/\/nuevo-renacer.com\/wp-content\/uploads\/2024\/11\/1966969560-300-9f1bec88.jpg\",\"contentUrl\":\"https:\/\/nuevo-renacer.com\/wp-content\/uploads\/2024\/11\/1966969560-300-9f1bec88.jpg\"},{\"@type\":\"BreadcrumbList\",\"@id\":\"https:\/\/nuevo-renacer.com\/francisco-leite-de-bittencourt-sampaio\/#breadcrumb\",\"itemListElement\":[{\"@type\":\"ListItem\",\"position\":1,\"name\":\"Startseite\",\"item\":\"https:\/\/nuevo-renacer.com\/\"},{\"@type\":\"ListItem\",\"position\":2,\"name\":\"Francisco Leite de Bittencourt Sampaio\u00a0\"}]},{\"@type\":\"WebSite\",\"@id\":\"https:\/\/nuevo-renacer.com\/#website\",\"url\":\"https:\/\/nuevo-renacer.com\/\",\"name\":\"Uni\u00f3n Esp\u00edrita\",\"description\":\"Nuevo Renacer\",\"publisher\":{\"@id\":\"https:\/\/nuevo-renacer.com\/#organization\"},\"potentialAction\":[{\"@type\":\"SearchAction\",\"target\":{\"@type\":\"EntryPoint\",\"urlTemplate\":\"https:\/\/nuevo-renacer.com\/?s={search_term_string}\"},\"query-input\":{\"@type\":\"PropertyValueSpecification\",\"valueRequired\":true,\"valueName\":\"search_term_string\"}}],\"inLanguage\":\"en-GB\"},{\"@type\":\"Organization\",\"@id\":\"https:\/\/nuevo-renacer.com\/#organization\",\"name\":\"UFEC\",\"url\":\"https:\/\/nuevo-renacer.com\/\",\"logo\":{\"@type\":\"ImageObject\",\"inLanguage\":\"en-GB\",\"@id\":\"https:\/\/nuevo-renacer.com\/#\/schema\/logo\/image\/\",\"url\":\"https:\/\/nuevo-renacer.com\/wp-content\/uploads\/2024\/05\/cropped-LOGO-TERMINADO1-3-3.png\",\"contentUrl\":\"https:\/\/nuevo-renacer.com\/wp-content\/uploads\/2024\/05\/cropped-LOGO-TERMINADO1-3-3.png\",\"width\":512,\"height\":512,\"caption\":\"UFEC\"},\"image\":{\"@id\":\"https:\/\/nuevo-renacer.com\/#\/schema\/logo\/image\/\"},\"sameAs\":[\"https:\/\/www.facebook.com\/groups\/3431398063740829\"]}]}<\/script>\n<!-- \/ Yoast SEO Premium plugin. -->","yoast_head_json":{"title":"Francisco Leite de Bittencourt Sampaio\u00a0 - Uni\u00f3n Esp\u00edrita","robots":{"index":"index","follow":"follow","max-snippet":"max-snippet:-1","max-image-preview":"max-image-preview:large","max-video-preview":"max-video-preview:-1"},"canonical":"https:\/\/nuevo-renacer.com\/en\/francisco-leite-de-bittencourt-sampaio\/","og_locale":"en_GB","og_type":"article","og_title":"Francisco Leite de Bittencourt Sampaio\u00a0","og_description":"Francisco Leite de Bittencourt Sampaio\u00a0 Francisco Leite de Bittencourt Sampaio naci\u00f3 en Laranjeiras, Sergipe, el 1 de febrero de 1834. Era hijo de un comerciante portugu\u00e9s del mismo nombre y de do\u00f1a Maria de Sant&#8217;Ana Leite Sampaio. Fue jurisconsulto (persona con grandes conocimientos jur\u00eddicos que da consultas y dict\u00e1menes sobre cuestiones de derecho); magistrado; pol\u00edtico; [&hellip;]","og_url":"https:\/\/nuevo-renacer.com\/en\/francisco-leite-de-bittencourt-sampaio\/","og_site_name":"Uni\u00f3n Esp\u00edrita","article_publisher":"https:\/\/www.facebook.com\/groups\/3431398063740829","article_modified_time":"2024-11-11T08:53:45+00:00","og_image":[{"width":300,"height":399,"url":"https:\/\/nuevo-renacer.com\/wp-content\/uploads\/2024\/11\/1966969560-300-9f1bec88.jpg","type":"image\/jpeg"}],"twitter_card":"summary_large_image","twitter_misc":{"Estimated reading time":"4 minutes"},"schema":{"@context":"https:\/\/schema.org","@graph":[{"@type":"WebPage","@id":"https:\/\/nuevo-renacer.com\/francisco-leite-de-bittencourt-sampaio\/","url":"https:\/\/nuevo-renacer.com\/francisco-leite-de-bittencourt-sampaio\/","name":"Francisco Leite de Bittencourt Sampaio\u00a0 - Uni\u00f3n Esp\u00edrita","isPartOf":{"@id":"https:\/\/nuevo-renacer.com\/#website"},"primaryImageOfPage":{"@id":"https:\/\/nuevo-renacer.com\/francisco-leite-de-bittencourt-sampaio\/#primaryimage"},"image":{"@id":"https:\/\/nuevo-renacer.com\/francisco-leite-de-bittencourt-sampaio\/#primaryimage"},"thumbnailUrl":"https:\/\/nuevo-renacer.com\/wp-content\/uploads\/2024\/11\/1966969560-300-9f1bec88.jpg","datePublished":"2024-11-11T08:44:57+00:00","dateModified":"2024-11-11T08:53:45+00:00","breadcrumb":{"@id":"https:\/\/nuevo-renacer.com\/francisco-leite-de-bittencourt-sampaio\/#breadcrumb"},"inLanguage":"en-GB","potentialAction":[{"@type":"ReadAction","target":["https:\/\/nuevo-renacer.com\/francisco-leite-de-bittencourt-sampaio\/"]}]},{"@type":"ImageObject","inLanguage":"en-GB","@id":"https:\/\/nuevo-renacer.com\/francisco-leite-de-bittencourt-sampaio\/#primaryimage","url":"https:\/\/nuevo-renacer.com\/wp-content\/uploads\/2024\/11\/1966969560-300-9f1bec88.jpg","contentUrl":"https:\/\/nuevo-renacer.com\/wp-content\/uploads\/2024\/11\/1966969560-300-9f1bec88.jpg"},{"@type":"BreadcrumbList","@id":"https:\/\/nuevo-renacer.com\/francisco-leite-de-bittencourt-sampaio\/#breadcrumb","itemListElement":[{"@type":"ListItem","position":1,"name":"Startseite","item":"https:\/\/nuevo-renacer.com\/"},{"@type":"ListItem","position":2,"name":"Francisco Leite de Bittencourt Sampaio\u00a0"}]},{"@type":"WebSite","@id":"https:\/\/nuevo-renacer.com\/#website","url":"https:\/\/nuevo-renacer.com\/","name":"Uni\u00f3n Esp\u00edrita","description":"Nuevo Renacer","publisher":{"@id":"https:\/\/nuevo-renacer.com\/#organization"},"potentialAction":[{"@type":"SearchAction","target":{"@type":"EntryPoint","urlTemplate":"https:\/\/nuevo-renacer.com\/?s={search_term_string}"},"query-input":{"@type":"PropertyValueSpecification","valueRequired":true,"valueName":"search_term_string"}}],"inLanguage":"en-GB"},{"@type":"Organization","@id":"https:\/\/nuevo-renacer.com\/#organization","name":"UFEC","url":"https:\/\/nuevo-renacer.com\/","logo":{"@type":"ImageObject","inLanguage":"en-GB","@id":"https:\/\/nuevo-renacer.com\/#\/schema\/logo\/image\/","url":"https:\/\/nuevo-renacer.com\/wp-content\/uploads\/2024\/05\/cropped-LOGO-TERMINADO1-3-3.png","contentUrl":"https:\/\/nuevo-renacer.com\/wp-content\/uploads\/2024\/05\/cropped-LOGO-TERMINADO1-3-3.png","width":512,"height":512,"caption":"UFEC"},"image":{"@id":"https:\/\/nuevo-renacer.com\/#\/schema\/logo\/image\/"},"sameAs":["https:\/\/www.facebook.com\/groups\/3431398063740829"]}]}},"uagb_featured_image_src":{"full":false,"thumbnail":false,"medium":false,"medium_large":false,"large":false,"1536x1536":false,"2048x2048":false,"trp-custom-language-flag":false},"uagb_author_info":{"display_name":"adbv0","author_link":"https:\/\/nuevo-renacer.com\/en\/author\/adbv0\/"},"uagb_comment_info":0,"uagb_excerpt":"Francisco Leite de Bittencourt Sampaio\u00a0 Francisco Leite de Bittencourt Sampaio naci\u00f3 en Laranjeiras, Sergipe, el 1 de febrero de 1834. Era hijo de un comerciante portugu\u00e9s del mismo nombre y de do\u00f1a Maria de Sant&#8217;Ana Leite Sampaio. Fue jurisconsulto (persona con grandes conocimientos jur\u00eddicos que da consultas y dict\u00e1menes sobre cuestiones de derecho); magistrado; pol\u00edtico;&hellip;","jetpack_sharing_enabled":true,"_links":{"self":[{"href":"https:\/\/nuevo-renacer.com\/en\/wp-json\/wp\/v2\/pages\/6004","targetHints":{"allow":["GET"]}}],"collection":[{"href":"https:\/\/nuevo-renacer.com\/en\/wp-json\/wp\/v2\/pages"}],"about":[{"href":"https:\/\/nuevo-renacer.com\/en\/wp-json\/wp\/v2\/types\/page"}],"author":[{"embeddable":true,"href":"https:\/\/nuevo-renacer.com\/en\/wp-json\/wp\/v2\/users\/1"}],"replies":[{"embeddable":true,"href":"https:\/\/nuevo-renacer.com\/en\/wp-json\/wp\/v2\/comments?post=6004"}],"version-history":[{"count":3,"href":"https:\/\/nuevo-renacer.com\/en\/wp-json\/wp\/v2\/pages\/6004\/revisions"}],"predecessor-version":[{"id":6010,"href":"https:\/\/nuevo-renacer.com\/en\/wp-json\/wp\/v2\/pages\/6004\/revisions\/6010"}],"wp:attachment":[{"href":"https:\/\/nuevo-renacer.com\/en\/wp-json\/wp\/v2\/media?parent=6004"}],"curies":[{"name":"wp","href":"https:\/\/api.w.org\/{rel}","templated":true}]}}