{"id":5905,"date":"2024-11-08T08:16:59","date_gmt":"2024-11-08T08:16:59","guid":{"rendered":"https:\/\/nuevo-renacer.com\/?page_id=5905"},"modified":"2024-11-08T08:16:59","modified_gmt":"2024-11-08T08:16:59","slug":"joaquin-trincado","status":"publish","type":"page","link":"https:\/\/nuevo-renacer.com\/en\/joaquin-trincado\/","title":{"rendered":"Joaqu\u00edn Trincado"},"content":{"rendered":"<div class=\"wp-block-uagb-container uagb-block-7218de0b alignfull uagb-is-root-container\"><div class=\"uagb-container-inner-blocks-wrap\">\n<p class=\"has-black-color has-text-color has-link-color has-medium-font-size wp-elements-3e4d9456327a6949bf0e12fd6fc28000\"><strong>Joaqu\u00edn Trincado<\/strong><\/p>\n<\/div><\/div>\n\n\n\n<div class=\"wp-block-uagb-container uagb-block-5bcd8154 alignfull uagb-is-root-container\"><div class=\"uagb-container-inner-blocks-wrap\">\n<figure class=\"wp-block-image size-full is-resized\"><img fetchpriority=\"high\" decoding=\"async\" width=\"487\" height=\"572\" src=\"https:\/\/nuevo-renacer.com\/wp-content\/uploads\/2024\/11\/JOAQUIN-TRINCADO-MATEO.png\" alt=\"\" class=\"wp-image-5906\" style=\"width:228px;height:auto\" srcset=\"https:\/\/nuevo-renacer.com\/wp-content\/uploads\/2024\/11\/JOAQUIN-TRINCADO-MATEO.png 487w, https:\/\/nuevo-renacer.com\/wp-content\/uploads\/2024\/11\/JOAQUIN-TRINCADO-MATEO-255x300.png 255w, https:\/\/nuevo-renacer.com\/wp-content\/uploads\/2024\/11\/JOAQUIN-TRINCADO-MATEO-10x12.png 10w\" sizes=\"(max-width: 487px) 100vw, 487px\" \/><\/figure>\n<\/div><\/div>\n\n\n\n<div class=\"wp-block-uagb-container uagb-block-fa6d3e80 alignfull uagb-is-root-container\"><div class=\"uagb-container-inner-blocks-wrap\">\n<p class=\"has-black-color has-text-color has-link-color has-small-font-size wp-elements-ea9aa46b986731fb8c54c74849db83c4\">In the Spanish-American Spiritist movement, the name of Joaqu\u00edn Trincado is widely known and respected, both for his written work and for the remarkable effort he made to spread the fundamentals of Spiritism and to bring them into harmony with the moral and social progress of humanity.<\/p>\n\n\n\n<p class=\"has-black-color has-text-color has-link-color has-small-font-size wp-elements-e01881a561abfec17713ca90a8d86af5\">He was born in Cintru\u00e9nigo, a small town in Navarre, on 19 August 1866. From an early age he showed an ideological inclination towards liberal, republican and socialist ideas. He emigrated to Argentina in 1903, where he worked as an electrical technician and lived through alternating periods of prosperity and hardship. In Buenos Aires he married Mrs. Mercedes Riglos, with whom he had three children.<\/p>\n\n\n\n<p class=\"has-black-color has-text-color has-link-color has-small-font-size wp-elements-c8f814b86778381af5d714d0bf3234e9\">In 1909, he became acquainted with Spiritism in the \"Constancia\" Society, the oldest of the Argentinean Spiritist institutions, founded in 1877. Soon after, he disagreed with the criteria and orientations that prevailed there and set out to put his own ideas in order, write books and found a new spiritism organisation. Thus, in 1911, the \"Spiritual Magnetic School of the Universal Commune\" was born, to whose growth and consolidation he devoted himself body and soul. Guided by the strong and charismatic personality of its founder, the EMEC\u00dc achieved notable repercussions in several Spanish-speaking countries, and its classrooms of studies or Chairs were organised with a high sense of mysticism and discipline. Demonstrating an extraordinary capacity for work, he wrote numerous works, the best known titles of which are: \"Buscando a Dios\" (Looking for God), \"El Magnetismo en su origen o M\u00e9todo Supremo\" (Magnetism in its Origin or Supreme Method), \"El Espiritismo en su Asiento\" (Spiritism in its Seat), \"Filosof\u00eda Austera Racional\" (Rational Austere Philosophy), \"Con\u00f3cete a ti Mismo\" (Know thyself), etc....<\/p>\n\n\n\n<figure class=\"wp-block-image size-full is-resized\"><img decoding=\"async\" width=\"300\" height=\"248\" src=\"https:\/\/nuevo-renacer.com\/wp-content\/uploads\/2024\/11\/Logo-universal-300x248-1.jpg\" alt=\"\" class=\"wp-image-5908\" style=\"width:240px;height:auto\" srcset=\"https:\/\/nuevo-renacer.com\/wp-content\/uploads\/2024\/11\/Logo-universal-300x248-1.jpg 300w, https:\/\/nuevo-renacer.com\/wp-content\/uploads\/2024\/11\/Logo-universal-300x248-1-15x12.jpg 15w\" sizes=\"(max-width: 300px) 100vw, 300px\" \/><\/figure>\n\n\n\n<p class=\"has-black-color has-text-color has-link-color has-small-font-size wp-elements-e7e2cb49a58bfdd75d1e47379bceb77a\">The doctrine expounded by Trincado agrees with the spiritism philosophy codified by Allan Kardec in the 19th century, in its basic postulates: existence of God, pre-existence and survival of the spirit, reincarnation, communication of spirits and the plurality of inhabited worlds; even though there are some semantic and conceptual differences between the two.<\/p>\n\n\n\n<p class=\"has-black-color has-text-color has-link-color has-small-font-size wp-elements-652a90ad415c134ad8520484ed3d5538\">Trincado placed special emphasis on separating Spiritism from any religious tendency; on combating the quackery, superstitious and mercantilist practices that are too often presented in its name; and on giving Spiritist doctrine a progressive sense in favour of justice and social equality. He was always and forcefully in favour of a rationalist and free-thinking Spiritism, against dogmatism and clericalism.<\/p>\n\n\n\n<p class=\"has-black-color has-text-color has-link-color has-small-font-size wp-elements-c9d7d233bea7e56189baac001bda1e9c\">In the pages of the magazine \"La Balanza\", which he founded in 1933 and which circulated fortnightly, he made pronouncements on the most disturbing issues of his time, declaring himself a supporter of the independence of Puerto Rico, supporting the patriotic deeds of Augusto C\u00e9sar Sandino in Nicaragua, advocating the union of Hispanic countries, opposing local and international wars, denouncing capitalist voracity and demanding satisfaction of the basic demands of the humble and neglected sectors of society. Following his teachings, which advocated economic egalitarianism, without private property or social classes, several communal farms were founded in Argentina, dedicated to agricultural production, which enjoyed great prosperity in their initial hands.<\/p>\n\n\n\n<div class=\"wp-block-uagb-container uagb-block-3a29bb7d\">\n<figure class=\"wp-block-image size-full is-resized\"><img decoding=\"async\" width=\"500\" height=\"389\" src=\"https:\/\/nuevo-renacer.com\/wp-content\/uploads\/2024\/11\/D_NQ_NP_728169-MLM51048119163_082022-O.webp\" alt=\"\" class=\"wp-image-5907\" style=\"width:249px;height:auto\" srcset=\"https:\/\/nuevo-renacer.com\/wp-content\/uploads\/2024\/11\/D_NQ_NP_728169-MLM51048119163_082022-O.webp 500w, https:\/\/nuevo-renacer.com\/wp-content\/uploads\/2024\/11\/D_NQ_NP_728169-MLM51048119163_082022-O-300x233.webp 300w, https:\/\/nuevo-renacer.com\/wp-content\/uploads\/2024\/11\/D_NQ_NP_728169-MLM51048119163_082022-O-15x12.webp 15w\" sizes=\"(max-width: 500px) 100vw, 500px\" \/><\/figure>\n<\/div>\n\n\n\n<p class=\"has-black-color has-text-color has-link-color has-small-font-size wp-elements-d8d15fa5a46503f613fc87cefed08830\">Affected in the lungs and heart, the illustrious thinker and consistent spiritism fighter disincarnated at his home in the Argentine capital on 6 December 1935.<\/p>\n<\/div><\/div>\n\n\n\n<div class=\"wp-block-uagb-container uagb-block-629318a7 alignfull uagb-is-root-container\"><div class=\"uagb-container-inner-blocks-wrap\"><\/div><\/div>\n\n\n\n<div class=\"wp-block-uagb-container uagb-block-c10c121b alignfull uagb-is-root-container\"><div class=\"uagb-container-inner-blocks-wrap\"><\/div><\/div>","protected":false},"excerpt":{"rendered":"<p>Joaqu\u00edn Trincado En el movimiento espiritista hispanoamericano, el nombre de Joaqu\u00edn Trincado es ampliamente conocido y respetado, tanto por su obra escrita como por el notable esfuerzo que realiz\u00f3 para divulgar los fundamentos del Espiritismo y colocarlos en sinton\u00eda con el progreso moral y social de la humanidad. Naci\u00f3 en Cintru\u00e9nigo, peque\u00f1a poblaci\u00f3n navarra, el [&hellip;]<\/p>","protected":false},"author":1,"featured_media":0,"parent":0,"menu_order":0,"comment_status":"closed","ping_status":"closed","template":"","meta":{"_uag_custom_page_level_css":"","site-sidebar-layout":"default","site-content-layout":"","ast-site-content-layout":"default","site-content-style":"default","site-sidebar-style":"default","ast-global-header-display":"","ast-banner-title-visibility":"","ast-main-header-display":"","ast-hfb-above-header-display":"","ast-hfb-below-header-display":"","ast-hfb-mobile-header-display":"","site-post-title":"disabled","ast-breadcrumbs-content":"","ast-featured-img":"","footer-sml-layout":"","theme-transparent-header-meta":"","adv-header-id-meta":"","stick-header-meta":"","header-above-stick-meta":"","header-main-stick-meta":"","header-below-stick-meta":"","astra-migrate-meta-layouts":"set","ast-page-background-enabled":"default","ast-page-background-meta":{"desktop":{"background-color":"var(--ast-global-color-4)","background-image":"","background-repeat":"repeat","background-position":"center center","background-size":"auto","background-attachment":"scroll","background-type":"","background-media":"","overlay-type":"","overlay-color":"","overlay-opacity":"","overlay-gradient":""},"tablet":{"background-color":"","background-image":"","background-repeat":"repeat","background-position":"center center","background-size":"auto","background-attachment":"scroll","background-type":"","background-media":"","overlay-type":"","overlay-color":"","overlay-opacity":"","overlay-gradient":""},"mobile":{"background-color":"","background-image":"","background-repeat":"repeat","background-position":"center center","background-size":"auto","background-attachment":"scroll","background-type":"","background-media":"","overlay-type":"","overlay-color":"","overlay-opacity":"","overlay-gradient":""}},"ast-content-background-meta":{"desktop":{"background-color":"var(--ast-global-color-5)","background-image":"","background-repeat":"repeat","background-position":"center center","background-size":"auto","background-attachment":"scroll","background-type":"","background-media":"","overlay-type":"","overlay-color":"","overlay-opacity":"","overlay-gradient":""},"tablet":{"background-color":"var(--ast-global-color-5)","background-image":"","background-repeat":"repeat","background-position":"center center","background-size":"auto","background-attachment":"scroll","background-type":"","background-media":"","overlay-type":"","overlay-color":"","overlay-opacity":"","overlay-gradient":""},"mobile":{"background-color":"var(--ast-global-color-5)","background-image":"","background-repeat":"repeat","background-position":"center center","background-size":"auto","background-attachment":"scroll","background-type":"","background-media":"","overlay-type":"","overlay-color":"","overlay-opacity":"","overlay-gradient":""}},"footnotes":""},"class_list":["post-5905","page","type-page","status-publish","hentry"],"yoast_head":"<!-- This site is optimized with the Yoast SEO Premium plugin v24.2 (Yoast SEO v24.6) - https:\/\/yoast.com\/wordpress\/plugins\/seo\/ -->\n<title>Joaqu\u00edn Trincado - Uni\u00f3n Esp\u00edrita<\/title>\n<meta name=\"robots\" content=\"index, follow, max-snippet:-1, max-image-preview:large, max-video-preview:-1\" \/>\n<link rel=\"canonical\" href=\"https:\/\/nuevo-renacer.com\/en\/joaquin-trincado\/\" \/>\n<meta property=\"og:locale\" content=\"en_GB\" \/>\n<meta property=\"og:type\" content=\"article\" \/>\n<meta property=\"og:title\" content=\"Joaqu\u00edn Trincado\" \/>\n<meta property=\"og:description\" content=\"Joaqu\u00edn Trincado En el movimiento espiritista hispanoamericano, el nombre de Joaqu\u00edn Trincado es ampliamente conocido y respetado, tanto por su obra escrita como por el notable esfuerzo que realiz\u00f3 para divulgar los fundamentos del Espiritismo y colocarlos en sinton\u00eda con el progreso moral y social de la humanidad. Naci\u00f3 en Cintru\u00e9nigo, peque\u00f1a poblaci\u00f3n navarra, el [&hellip;]\" \/>\n<meta property=\"og:url\" content=\"https:\/\/nuevo-renacer.com\/en\/joaquin-trincado\/\" \/>\n<meta property=\"og:site_name\" content=\"Uni\u00f3n Esp\u00edrita\" \/>\n<meta property=\"article:publisher\" content=\"https:\/\/www.facebook.com\/groups\/3431398063740829\" \/>\n<meta property=\"og:image\" content=\"https:\/\/nuevo-renacer.com\/wp-content\/uploads\/2024\/11\/JOAQUIN-TRINCADO-MATEO.png\" \/>\n\t<meta property=\"og:image:width\" content=\"487\" \/>\n\t<meta property=\"og:image:height\" content=\"572\" \/>\n\t<meta property=\"og:image:type\" content=\"image\/png\" \/>\n<meta name=\"twitter:card\" content=\"summary_large_image\" \/>\n<meta name=\"twitter:label1\" content=\"Estimated reading time\" \/>\n\t<meta name=\"twitter:data1\" content=\"3 minutes\" \/>\n<script type=\"application\/ld+json\" class=\"yoast-schema-graph\">{\"@context\":\"https:\/\/schema.org\",\"@graph\":[{\"@type\":\"WebPage\",\"@id\":\"https:\/\/nuevo-renacer.com\/de\/joaquin-trincado\/\",\"url\":\"https:\/\/nuevo-renacer.com\/de\/joaquin-trincado\/\",\"name\":\"Joaqu\u00edn Trincado - Uni\u00f3n Esp\u00edrita\",\"isPartOf\":{\"@id\":\"https:\/\/nuevo-renacer.com\/#website\"},\"primaryImageOfPage\":{\"@id\":\"https:\/\/nuevo-renacer.com\/de\/joaquin-trincado\/#primaryimage\"},\"image\":{\"@id\":\"https:\/\/nuevo-renacer.com\/de\/joaquin-trincado\/#primaryimage\"},\"thumbnailUrl\":\"https:\/\/nuevo-renacer.com\/wp-content\/uploads\/2024\/11\/JOAQUIN-TRINCADO-MATEO.png\",\"datePublished\":\"2024-11-08T08:16:59+00:00\",\"breadcrumb\":{\"@id\":\"https:\/\/nuevo-renacer.com\/de\/joaquin-trincado\/#breadcrumb\"},\"inLanguage\":\"en-GB\",\"potentialAction\":[{\"@type\":\"ReadAction\",\"target\":[\"https:\/\/nuevo-renacer.com\/de\/joaquin-trincado\/\"]}]},{\"@type\":\"ImageObject\",\"inLanguage\":\"en-GB\",\"@id\":\"https:\/\/nuevo-renacer.com\/de\/joaquin-trincado\/#primaryimage\",\"url\":\"https:\/\/nuevo-renacer.com\/wp-content\/uploads\/2024\/11\/JOAQUIN-TRINCADO-MATEO.png\",\"contentUrl\":\"https:\/\/nuevo-renacer.com\/wp-content\/uploads\/2024\/11\/JOAQUIN-TRINCADO-MATEO.png\"},{\"@type\":\"BreadcrumbList\",\"@id\":\"https:\/\/nuevo-renacer.com\/de\/joaquin-trincado\/#breadcrumb\",\"itemListElement\":[{\"@type\":\"ListItem\",\"position\":1,\"name\":\"Startseite\",\"item\":\"https:\/\/nuevo-renacer.com\/\"},{\"@type\":\"ListItem\",\"position\":2,\"name\":\"Joaqu\u00edn Trincado\"}]},{\"@type\":\"WebSite\",\"@id\":\"https:\/\/nuevo-renacer.com\/#website\",\"url\":\"https:\/\/nuevo-renacer.com\/\",\"name\":\"Uni\u00f3n Esp\u00edrita\",\"description\":\"Nuevo Renacer\",\"publisher\":{\"@id\":\"https:\/\/nuevo-renacer.com\/#organization\"},\"potentialAction\":[{\"@type\":\"SearchAction\",\"target\":{\"@type\":\"EntryPoint\",\"urlTemplate\":\"https:\/\/nuevo-renacer.com\/?s={search_term_string}\"},\"query-input\":{\"@type\":\"PropertyValueSpecification\",\"valueRequired\":true,\"valueName\":\"search_term_string\"}}],\"inLanguage\":\"en-GB\"},{\"@type\":\"Organization\",\"@id\":\"https:\/\/nuevo-renacer.com\/#organization\",\"name\":\"UFEC\",\"url\":\"https:\/\/nuevo-renacer.com\/\",\"logo\":{\"@type\":\"ImageObject\",\"inLanguage\":\"en-GB\",\"@id\":\"https:\/\/nuevo-renacer.com\/#\/schema\/logo\/image\/\",\"url\":\"https:\/\/nuevo-renacer.com\/wp-content\/uploads\/2024\/05\/cropped-LOGO-TERMINADO1-3-3.png\",\"contentUrl\":\"https:\/\/nuevo-renacer.com\/wp-content\/uploads\/2024\/05\/cropped-LOGO-TERMINADO1-3-3.png\",\"width\":512,\"height\":512,\"caption\":\"UFEC\"},\"image\":{\"@id\":\"https:\/\/nuevo-renacer.com\/#\/schema\/logo\/image\/\"},\"sameAs\":[\"https:\/\/www.facebook.com\/groups\/3431398063740829\"]}]}<\/script>\n<!-- \/ Yoast SEO Premium plugin. -->","yoast_head_json":{"title":"Joaqu\u00edn Trincado - Uni\u00f3n Esp\u00edrita","robots":{"index":"index","follow":"follow","max-snippet":"max-snippet:-1","max-image-preview":"max-image-preview:large","max-video-preview":"max-video-preview:-1"},"canonical":"https:\/\/nuevo-renacer.com\/en\/joaquin-trincado\/","og_locale":"en_GB","og_type":"article","og_title":"Joaqu\u00edn Trincado","og_description":"Joaqu\u00edn Trincado En el movimiento espiritista hispanoamericano, el nombre de Joaqu\u00edn Trincado es ampliamente conocido y respetado, tanto por su obra escrita como por el notable esfuerzo que realiz\u00f3 para divulgar los fundamentos del Espiritismo y colocarlos en sinton\u00eda con el progreso moral y social de la humanidad. Naci\u00f3 en Cintru\u00e9nigo, peque\u00f1a poblaci\u00f3n navarra, el [&hellip;]","og_url":"https:\/\/nuevo-renacer.com\/en\/joaquin-trincado\/","og_site_name":"Uni\u00f3n Esp\u00edrita","article_publisher":"https:\/\/www.facebook.com\/groups\/3431398063740829","og_image":[{"width":487,"height":572,"url":"https:\/\/nuevo-renacer.com\/wp-content\/uploads\/2024\/11\/JOAQUIN-TRINCADO-MATEO.png","type":"image\/png"}],"twitter_card":"summary_large_image","twitter_misc":{"Estimated reading time":"3 minutes"},"schema":{"@context":"https:\/\/schema.org","@graph":[{"@type":"WebPage","@id":"https:\/\/nuevo-renacer.com\/de\/joaquin-trincado\/","url":"https:\/\/nuevo-renacer.com\/de\/joaquin-trincado\/","name":"Joaqu\u00edn Trincado - Uni\u00f3n Esp\u00edrita","isPartOf":{"@id":"https:\/\/nuevo-renacer.com\/#website"},"primaryImageOfPage":{"@id":"https:\/\/nuevo-renacer.com\/de\/joaquin-trincado\/#primaryimage"},"image":{"@id":"https:\/\/nuevo-renacer.com\/de\/joaquin-trincado\/#primaryimage"},"thumbnailUrl":"https:\/\/nuevo-renacer.com\/wp-content\/uploads\/2024\/11\/JOAQUIN-TRINCADO-MATEO.png","datePublished":"2024-11-08T08:16:59+00:00","breadcrumb":{"@id":"https:\/\/nuevo-renacer.com\/de\/joaquin-trincado\/#breadcrumb"},"inLanguage":"en-GB","potentialAction":[{"@type":"ReadAction","target":["https:\/\/nuevo-renacer.com\/de\/joaquin-trincado\/"]}]},{"@type":"ImageObject","inLanguage":"en-GB","@id":"https:\/\/nuevo-renacer.com\/de\/joaquin-trincado\/#primaryimage","url":"https:\/\/nuevo-renacer.com\/wp-content\/uploads\/2024\/11\/JOAQUIN-TRINCADO-MATEO.png","contentUrl":"https:\/\/nuevo-renacer.com\/wp-content\/uploads\/2024\/11\/JOAQUIN-TRINCADO-MATEO.png"},{"@type":"BreadcrumbList","@id":"https:\/\/nuevo-renacer.com\/de\/joaquin-trincado\/#breadcrumb","itemListElement":[{"@type":"ListItem","position":1,"name":"Startseite","item":"https:\/\/nuevo-renacer.com\/"},{"@type":"ListItem","position":2,"name":"Joaqu\u00edn Trincado"}]},{"@type":"WebSite","@id":"https:\/\/nuevo-renacer.com\/#website","url":"https:\/\/nuevo-renacer.com\/","name":"Uni\u00f3n Esp\u00edrita","description":"Nuevo Renacer","publisher":{"@id":"https:\/\/nuevo-renacer.com\/#organization"},"potentialAction":[{"@type":"SearchAction","target":{"@type":"EntryPoint","urlTemplate":"https:\/\/nuevo-renacer.com\/?s={search_term_string}"},"query-input":{"@type":"PropertyValueSpecification","valueRequired":true,"valueName":"search_term_string"}}],"inLanguage":"en-GB"},{"@type":"Organization","@id":"https:\/\/nuevo-renacer.com\/#organization","name":"UFEC","url":"https:\/\/nuevo-renacer.com\/","logo":{"@type":"ImageObject","inLanguage":"en-GB","@id":"https:\/\/nuevo-renacer.com\/#\/schema\/logo\/image\/","url":"https:\/\/nuevo-renacer.com\/wp-content\/uploads\/2024\/05\/cropped-LOGO-TERMINADO1-3-3.png","contentUrl":"https:\/\/nuevo-renacer.com\/wp-content\/uploads\/2024\/05\/cropped-LOGO-TERMINADO1-3-3.png","width":512,"height":512,"caption":"UFEC"},"image":{"@id":"https:\/\/nuevo-renacer.com\/#\/schema\/logo\/image\/"},"sameAs":["https:\/\/www.facebook.com\/groups\/3431398063740829"]}]}},"uagb_featured_image_src":{"full":false,"thumbnail":false,"medium":false,"medium_large":false,"large":false,"1536x1536":false,"2048x2048":false,"trp-custom-language-flag":false},"uagb_author_info":{"display_name":"adbv0","author_link":"https:\/\/nuevo-renacer.com\/en\/author\/adbv0\/"},"uagb_comment_info":0,"uagb_excerpt":"Joaqu\u00edn Trincado En el movimiento espiritista hispanoamericano, el nombre de Joaqu\u00edn Trincado es ampliamente conocido y respetado, tanto por su obra escrita como por el notable esfuerzo que realiz\u00f3 para divulgar los fundamentos del Espiritismo y colocarlos en sinton\u00eda con el progreso moral y social de la humanidad. Naci\u00f3 en Cintru\u00e9nigo, peque\u00f1a poblaci\u00f3n navarra, el&hellip;","jetpack_sharing_enabled":true,"_links":{"self":[{"href":"https:\/\/nuevo-renacer.com\/en\/wp-json\/wp\/v2\/pages\/5905","targetHints":{"allow":["GET"]}}],"collection":[{"href":"https:\/\/nuevo-renacer.com\/en\/wp-json\/wp\/v2\/pages"}],"about":[{"href":"https:\/\/nuevo-renacer.com\/en\/wp-json\/wp\/v2\/types\/page"}],"author":[{"embeddable":true,"href":"https:\/\/nuevo-renacer.com\/en\/wp-json\/wp\/v2\/users\/1"}],"replies":[{"embeddable":true,"href":"https:\/\/nuevo-renacer.com\/en\/wp-json\/wp\/v2\/comments?post=5905"}],"version-history":[{"count":1,"href":"https:\/\/nuevo-renacer.com\/en\/wp-json\/wp\/v2\/pages\/5905\/revisions"}],"predecessor-version":[{"id":5909,"href":"https:\/\/nuevo-renacer.com\/en\/wp-json\/wp\/v2\/pages\/5905\/revisions\/5909"}],"wp:attachment":[{"href":"https:\/\/nuevo-renacer.com\/en\/wp-json\/wp\/v2\/media?parent=5905"}],"curies":[{"name":"wp","href":"https:\/\/api.w.org\/{rel}","templated":true}]}}