{"id":5888,"date":"2024-11-07T07:32:18","date_gmt":"2024-11-07T07:32:18","guid":{"rendered":"https:\/\/nuevo-renacer.com\/?page_id=5888"},"modified":"2024-11-07T07:37:39","modified_gmt":"2024-11-07T07:37:39","slug":"juana-de-angelis","status":"publish","type":"page","link":"https:\/\/nuevo-renacer.com\/en\/juana-de-angelis\/","title":{"rendered":"Joanna de \u00c2ngelis"},"content":{"rendered":"<div class=\"wp-block-uagb-container uagb-block-f6ad6f8c alignfull uagb-is-root-container\"><div class=\"uagb-container-inner-blocks-wrap\">\n<p class=\"has-black-color has-text-color has-link-color has-medium-font-size wp-elements-68dc33aad1c33f2ee26c2dcba3fb5895\"><strong>Joanna de \u00c2ngelis<\/strong><\/p>\n<\/div><\/div>\n\n\n\n<div class=\"wp-block-uagb-container uagb-block-12754da9 alignfull uagb-is-root-container\"><div class=\"uagb-container-inner-blocks-wrap\">\n<figure class=\"wp-block-image size-full is-resized\"><img fetchpriority=\"high\" decoding=\"async\" width=\"560\" height=\"604\" src=\"https:\/\/nuevo-renacer.com\/wp-content\/uploads\/2024\/11\/Fundo-Joanna-branco-copy_edited.webp\" alt=\"\" class=\"wp-image-5889\" style=\"width:302px;height:auto\" srcset=\"https:\/\/nuevo-renacer.com\/wp-content\/uploads\/2024\/11\/Fundo-Joanna-branco-copy_edited.webp 560w, https:\/\/nuevo-renacer.com\/wp-content\/uploads\/2024\/11\/Fundo-Joanna-branco-copy_edited-278x300.webp 278w, https:\/\/nuevo-renacer.com\/wp-content\/uploads\/2024\/11\/Fundo-Joanna-branco-copy_edited-11x12.webp 11w\" sizes=\"(max-width: 560px) 100vw, 560px\" \/><\/figure>\n<\/div><\/div>\n\n\n\n<div class=\"wp-block-uagb-container uagb-block-5992ad07 alignfull uagb-is-root-container\"><div class=\"uagb-container-inner-blocks-wrap\">\n<p class=\"has-black-color has-text-color has-link-color has-small-font-size wp-elements-2e85d6cb93104a36ff045e91ea936efb\">Spiritual mentor of the medium Divaldo Franco, the Spirit Joanna de \u00c2ngelis is the author of important works dealing with existential, philosophical, religious and psychological themes, whose aim is the enlightenment of the human being. In addition to becoming best-sellers, her books have achieved great recognition among religious people, spiritual philosophers, psychologists, parapsychologists and other scholars of the human soul. His writing is beautiful and profound, a pure expression of evangelical love and practical teaching for joy, peace and inner growth.<\/p>\n\n\n\n<p class=\"has-black-color has-text-color has-link-color has-small-font-size wp-elements-ef490a569b9ba7493d162548f29631e2\">On a spiritual level, she planned the construction of the Mansion of the Way, an allusion to the \"House of the Way\" of the early Christians, founded by Divaldo Franco in the city of Salvador, Brazil (see on this website: Divaldo Franco).<\/p>\n\n\n\n<p class=\"has-black-color has-text-color has-link-color has-small-font-size wp-elements-96028a6ddf603c7879d362aedcdc34ef\">Among her previous reincarnations are Joanna of Cusa, one of the women who accompanied Jesus at the crucifixion; Sister Juana In\u00e9s de la Cruz (1651-1695) pseudonym of the illustrious writer Juana In\u00e9s de Asbaje y Ram\u00edrez de Santillana, and Joanna Ang\u00e9lica de Jes\u00fas (1761 - 1822), a Bahian, religious sister and later abbess who played a painful role in the Brazilian Independence.<\/p>\n\n\n\n<p class=\"has-black-color has-text-color has-link-color has-small-font-size wp-elements-424b8dfe2b9e0e1732da09e2ebbbec43\">A servant of Christ, Joanna de \u00c2ngelis has for centuries devoted herself to enlightening her brothers and sisters on earth. In the middle of the last century, when \"the powers of Heaven\" were moved and a movement of renewal spread throughout America and Europe, making the song of hope ring out to the \"four winds\" with the revelation of immortal life, Joanna joined the team of the Spirit of Truth to carry out the work of implanting the revival of Christianity, of the Comforter promised by Jesus.<\/p>\n\n\n\n<p class=\"has-black-color has-text-color has-link-color has-small-font-size wp-elements-21835e98c7f4a3ff09e8f05005508eee\">In the last chapter of her book Despu\u00e9s de la Tempestad, referring to the members of her team, she informs us:<\/p>\n\n\n\n<p class=\"has-black-color has-text-color has-link-color has-small-font-size wp-elements-9391f4c5820b631eb16e029ac2867335\">\"When the days of the Spiritist Codification were being prepared, when ready workers were being summoned for the struggle, when the foretold hours were being announced, when sowers were being organised for the Earth, we listened to the heavenly invitation and hastened to offer our humble strength, in order to serve in the intimate condition of tillers of the soil where the seeds of light of the Gospel of the Kingdom should fall.\"<\/p>\n\n\n\n<p class=\"has-black-color has-text-color has-link-color has-small-font-size wp-elements-c4df7d5f9a067660c28332f393db008d\">In \"The Gospel according to Spiritism\" we find two messages signed \"A Friendly Spirit\". The first (Ch. IX \u00a7 7), entitled \"Patience\", was dictated at Le Havre, in 1862. The second (Ch. XVIII, \u00a7\u00a7 13 to 15), entitled \"It will be given to him who already has\", was received the same year as the first, in the city of Bordeaux. If we look closely, we can see Joanna's style in these texts. In \"Patience\", the author ends in the same way as she usually does in her current messages: by presenting Jesus as the model to be followed in our attitudes, whatever the circumstances.<\/p>\n\n\n\n<p class=\"has-black-color has-text-color has-link-color has-small-font-size wp-elements-b752777129eb4f36f5e6f53dfacb528f\">In the spiritual world, when several spirits linked to Joanna, former misguided Christians, were preparing to reincarnate, she gathered them all together and planned to build on Earth, under the sky of Bahia (Brazil), a copy, albeit imperfect, of the community where she was on the spiritual plane, with the aim of redeeming the former Christians and creating an educational experience that would demonstrate the feasibility of living in a truly Christian community, in the present day. Seriously ill spirits would come in the condition of orphans, finding an opportunity for self-improvement, to free themselves from the most painful karmic obligations, always moving towards Jesus.<\/p>\n\n\n\n<p class=\"has-black-color has-text-color has-link-color has-small-font-size wp-elements-fd9531389310ced18c73628b25e5352c\">Trained specialists were invited to draw up the general outlines of these tasks and to instruct the pioneers of the future work. When all was sketched out, Joanna sought contact with Francis of Assisi, and asked him to examine her plans and to assist her in carrying them out on the material plane. The Poor Man of God agreed with the instructor and offered to collaborate in the work, provided that \"in this Community love for the unfortunate of the world would never be forgotten or charity for the children of Calvary denied, nor would it be intended to destroy the best edifications of moral sentiment\". In the meantime, the collaborators were reincarnated in different places, at different times, with different instructions and experiences so that, in a short time and when necessary, they would be summoned to fulfil the commitments assumed in the Spirituality. Not all of them would reside in the Community, but wherever they were, they would send their help, they would spread the Gospel message of solidarity and vigilance, linked to the common work.<\/p>\n\n\n\n<p class=\"has-black-color has-text-color has-link-color has-small-font-size wp-elements-c77111c8c49d554aef0b302551e50d15\">The Institution has been growing, always committed to assisting the suffering of the Earth, the fallen in trials, those who are on the verge of insanity and suicide. Thanks to the activities developed, both on the material and spiritual planes, with emergency therapy for the recently disincarnated and special care, the \"Mansion of the Way\" has acquired a vibration of spirituality that replaces the human vibrations of those who reside and collaborate there.<\/p>\n\n\n\n<p class=\"has-black-color has-text-color has-link-color has-small-font-size wp-elements-c483746b3be8f6f60d215c9c0a19f9fe\">In 1964, Joanna de \u00c2ngelis, through Divaldo, wrote her first spiritist book: Mies de Amor. It is she who inspires him in the lectures, together with other Spirits, such as Vianna de Carvalho and Am\u00e9lia Rodrigues, awakening sleepy souls towards the fulfilment of their responsibilities. Faced with the impossibility of attending to all those thirsty for light through the spoken word, Joanna began to write more books, more pages of consolation, which are distributed in various parts of the world, translated into different languages, better impressing the message of love of Master Galileo on the suffering hearts lacking in light.<\/p>\n\n\n\n<p class=\"has-black-color has-text-color has-link-color has-small-font-size wp-elements-c41f997798bfda49074a4955e2a8253d\">As a leader, Juana invited high entities to participate in her team. In literature, Rabindranath Tagore, Victor Hugo, Manoel Philomeno de Miranda, Am\u00e9lia Rodrigues, Marco Prisco, Vianna de Carvalho and others. In the area of disobsession, he invites the Spirit Simba, the pseudonym of a Nubian Tuareg who lived as a Christian \"Good Samaritan\" in the hot desert sands. To attend to mediumnity, she summoned Jo\u00e3o Cleof\u00e1s. For spiritual guidance, he gathered a group of spiritual doctors and nurses, among them Dr. Bezerra de Menezes, Scheila and other devoted servants. In the field of social assistance, she invited Anal\u00eda Franco, Fabiano de Cristo and countless other spirits with experience in the service of fellow men.<\/p>\n\n\n\n<p class=\"has-black-color has-text-color has-link-color has-small-font-size wp-elements-c863e65df65a3259933b43a298632657\">In one of her messages she tells us: \"It is evident that our pretensions are not to transform anything, but to reform ourselves. First, to enkindle enthusiasm and hope in the Earth and in the people of our day, by deepening studies in the organism of spiritist codification, in order to bring it to the understanding of the masses, repeating the sanctifying experiences of the \"men of the way\", who opened the doors of perception to the Spiritual Entities in their cenacles of communication with the Kingdom of God.<\/p>\n<\/div><\/div>\n\n\n\n<div class=\"wp-block-uagb-container uagb-block-e227c938 alignfull uagb-is-root-container\"><div class=\"uagb-container-inner-blocks-wrap\"><\/div><\/div>\n\n\n\n<div class=\"wp-block-uagb-container uagb-block-ca651344 alignfull uagb-is-root-container\"><div class=\"uagb-container-inner-blocks-wrap\"><\/div><\/div>","protected":false},"excerpt":{"rendered":"<p>Juana de \u00c1ngelis Mentora espiritual del m\u00e9dium Divaldo Franco, el Esp\u00edritu Juana de \u00c1ngelis es la autora de importantes obras que abordan temas existenciales, filos\u00f3ficos, religiosos, psicol\u00f3gicos, cuyo objetivo es la iluminaci\u00f3n del ser humano. Adem\u00e1s de convertirse en best-sellers, sus libros alcanzaron gran reconocimiento entre religiosos, fil\u00f3sofos espiritualistas, psic\u00f3logos, parapsic\u00f3logos y dem\u00e1s estudiosos del [&hellip;]<\/p>","protected":false},"author":1,"featured_media":0,"parent":0,"menu_order":0,"comment_status":"closed","ping_status":"closed","template":"","meta":{"_uag_custom_page_level_css":"","site-sidebar-layout":"default","site-content-layout":"","ast-site-content-layout":"default","site-content-style":"default","site-sidebar-style":"default","ast-global-header-display":"","ast-banner-title-visibility":"","ast-main-header-display":"","ast-hfb-above-header-display":"","ast-hfb-below-header-display":"","ast-hfb-mobile-header-display":"","site-post-title":"disabled","ast-breadcrumbs-content":"","ast-featured-img":"","footer-sml-layout":"","theme-transparent-header-meta":"","adv-header-id-meta":"","stick-header-meta":"","header-above-stick-meta":"","header-main-stick-meta":"","header-below-stick-meta":"","astra-migrate-meta-layouts":"set","ast-page-background-enabled":"default","ast-page-background-meta":{"desktop":{"background-color":"var(--ast-global-color-4)","background-image":"","background-repeat":"repeat","background-position":"center center","background-size":"auto","background-attachment":"scroll","background-type":"","background-media":"","overlay-type":"","overlay-color":"","overlay-opacity":"","overlay-gradient":""},"tablet":{"background-color":"","background-image":"","background-repeat":"repeat","background-position":"center center","background-size":"auto","background-attachment":"scroll","background-type":"","background-media":"","overlay-type":"","overlay-color":"","overlay-opacity":"","overlay-gradient":""},"mobile":{"background-color":"","background-image":"","background-repeat":"repeat","background-position":"center center","background-size":"auto","background-attachment":"scroll","background-type":"","background-media":"","overlay-type":"","overlay-color":"","overlay-opacity":"","overlay-gradient":""}},"ast-content-background-meta":{"desktop":{"background-color":"var(--ast-global-color-5)","background-image":"","background-repeat":"repeat","background-position":"center center","background-size":"auto","background-attachment":"scroll","background-type":"","background-media":"","overlay-type":"","overlay-color":"","overlay-opacity":"","overlay-gradient":""},"tablet":{"background-color":"var(--ast-global-color-5)","background-image":"","background-repeat":"repeat","background-position":"center center","background-size":"auto","background-attachment":"scroll","background-type":"","background-media":"","overlay-type":"","overlay-color":"","overlay-opacity":"","overlay-gradient":""},"mobile":{"background-color":"var(--ast-global-color-5)","background-image":"","background-repeat":"repeat","background-position":"center center","background-size":"auto","background-attachment":"scroll","background-type":"","background-media":"","overlay-type":"","overlay-color":"","overlay-opacity":"","overlay-gradient":""}},"footnotes":""},"class_list":["post-5888","page","type-page","status-publish","hentry"],"yoast_head":"<!-- This site is optimized with the Yoast SEO Premium plugin v24.2 (Yoast SEO v24.6) - https:\/\/yoast.com\/wordpress\/plugins\/seo\/ -->\n<title>Juana de \u00c1ngelis - Uni\u00f3n Esp\u00edrita<\/title>\n<meta name=\"robots\" content=\"index, follow, max-snippet:-1, max-image-preview:large, max-video-preview:-1\" \/>\n<link rel=\"canonical\" href=\"https:\/\/nuevo-renacer.com\/en\/juana-de-angelis\/\" \/>\n<meta property=\"og:locale\" content=\"en_GB\" \/>\n<meta property=\"og:type\" content=\"article\" \/>\n<meta property=\"og:title\" content=\"Juana de \u00c1ngelis\" \/>\n<meta property=\"og:description\" content=\"Juana de \u00c1ngelis Mentora espiritual del m\u00e9dium Divaldo Franco, el Esp\u00edritu Juana de \u00c1ngelis es la autora de importantes obras que abordan temas existenciales, filos\u00f3ficos, religiosos, psicol\u00f3gicos, cuyo objetivo es la iluminaci\u00f3n del ser humano. Adem\u00e1s de convertirse en best-sellers, sus libros alcanzaron gran reconocimiento entre religiosos, fil\u00f3sofos espiritualistas, psic\u00f3logos, parapsic\u00f3logos y dem\u00e1s estudiosos del [&hellip;]\" \/>\n<meta property=\"og:url\" content=\"https:\/\/nuevo-renacer.com\/en\/juana-de-angelis\/\" \/>\n<meta property=\"og:site_name\" content=\"Uni\u00f3n Esp\u00edrita\" \/>\n<meta property=\"article:publisher\" content=\"https:\/\/www.facebook.com\/groups\/3431398063740829\" \/>\n<meta property=\"article:modified_time\" content=\"2024-11-07T07:37:39+00:00\" \/>\n<meta property=\"og:image\" content=\"https:\/\/nuevo-renacer.com\/wp-content\/uploads\/2024\/11\/Fundo-Joanna-branco-copy_edited.webp\" \/>\n\t<meta property=\"og:image:width\" content=\"560\" \/>\n\t<meta property=\"og:image:height\" content=\"604\" \/>\n\t<meta property=\"og:image:type\" content=\"image\/webp\" \/>\n<meta name=\"twitter:card\" content=\"summary_large_image\" \/>\n<meta name=\"twitter:label1\" content=\"Estimated reading time\" \/>\n\t<meta name=\"twitter:data1\" content=\"6 minutes\" \/>\n<script type=\"application\/ld+json\" class=\"yoast-schema-graph\">{\"@context\":\"https:\/\/schema.org\",\"@graph\":[{\"@type\":\"WebPage\",\"@id\":\"https:\/\/nuevo-renacer.com\/juana-de-angelis\/\",\"url\":\"https:\/\/nuevo-renacer.com\/juana-de-angelis\/\",\"name\":\"Juana de \u00c1ngelis - Uni\u00f3n Esp\u00edrita\",\"isPartOf\":{\"@id\":\"https:\/\/nuevo-renacer.com\/#website\"},\"primaryImageOfPage\":{\"@id\":\"https:\/\/nuevo-renacer.com\/juana-de-angelis\/#primaryimage\"},\"image\":{\"@id\":\"https:\/\/nuevo-renacer.com\/juana-de-angelis\/#primaryimage\"},\"thumbnailUrl\":\"https:\/\/nuevo-renacer.com\/wp-content\/uploads\/2024\/11\/Fundo-Joanna-branco-copy_edited.webp\",\"datePublished\":\"2024-11-07T07:32:18+00:00\",\"dateModified\":\"2024-11-07T07:37:39+00:00\",\"breadcrumb\":{\"@id\":\"https:\/\/nuevo-renacer.com\/juana-de-angelis\/#breadcrumb\"},\"inLanguage\":\"en-GB\",\"potentialAction\":[{\"@type\":\"ReadAction\",\"target\":[\"https:\/\/nuevo-renacer.com\/juana-de-angelis\/\"]}]},{\"@type\":\"ImageObject\",\"inLanguage\":\"en-GB\",\"@id\":\"https:\/\/nuevo-renacer.com\/juana-de-angelis\/#primaryimage\",\"url\":\"https:\/\/nuevo-renacer.com\/wp-content\/uploads\/2024\/11\/Fundo-Joanna-branco-copy_edited.webp\",\"contentUrl\":\"https:\/\/nuevo-renacer.com\/wp-content\/uploads\/2024\/11\/Fundo-Joanna-branco-copy_edited.webp\"},{\"@type\":\"BreadcrumbList\",\"@id\":\"https:\/\/nuevo-renacer.com\/juana-de-angelis\/#breadcrumb\",\"itemListElement\":[{\"@type\":\"ListItem\",\"position\":1,\"name\":\"Startseite\",\"item\":\"https:\/\/nuevo-renacer.com\/\"},{\"@type\":\"ListItem\",\"position\":2,\"name\":\"Juana de \u00c1ngelis\"}]},{\"@type\":\"WebSite\",\"@id\":\"https:\/\/nuevo-renacer.com\/#website\",\"url\":\"https:\/\/nuevo-renacer.com\/\",\"name\":\"Uni\u00f3n Esp\u00edrita\",\"description\":\"Nuevo Renacer\",\"publisher\":{\"@id\":\"https:\/\/nuevo-renacer.com\/#organization\"},\"potentialAction\":[{\"@type\":\"SearchAction\",\"target\":{\"@type\":\"EntryPoint\",\"urlTemplate\":\"https:\/\/nuevo-renacer.com\/?s={search_term_string}\"},\"query-input\":{\"@type\":\"PropertyValueSpecification\",\"valueRequired\":true,\"valueName\":\"search_term_string\"}}],\"inLanguage\":\"en-GB\"},{\"@type\":\"Organization\",\"@id\":\"https:\/\/nuevo-renacer.com\/#organization\",\"name\":\"UFEC\",\"url\":\"https:\/\/nuevo-renacer.com\/\",\"logo\":{\"@type\":\"ImageObject\",\"inLanguage\":\"en-GB\",\"@id\":\"https:\/\/nuevo-renacer.com\/#\/schema\/logo\/image\/\",\"url\":\"https:\/\/nuevo-renacer.com\/wp-content\/uploads\/2024\/05\/cropped-LOGO-TERMINADO1-3-3.png\",\"contentUrl\":\"https:\/\/nuevo-renacer.com\/wp-content\/uploads\/2024\/05\/cropped-LOGO-TERMINADO1-3-3.png\",\"width\":512,\"height\":512,\"caption\":\"UFEC\"},\"image\":{\"@id\":\"https:\/\/nuevo-renacer.com\/#\/schema\/logo\/image\/\"},\"sameAs\":[\"https:\/\/www.facebook.com\/groups\/3431398063740829\"]}]}<\/script>\n<!-- \/ Yoast SEO Premium plugin. -->","yoast_head_json":{"title":"Juana de \u00c1ngelis - Uni\u00f3n Esp\u00edrita","robots":{"index":"index","follow":"follow","max-snippet":"max-snippet:-1","max-image-preview":"max-image-preview:large","max-video-preview":"max-video-preview:-1"},"canonical":"https:\/\/nuevo-renacer.com\/en\/juana-de-angelis\/","og_locale":"en_GB","og_type":"article","og_title":"Juana de \u00c1ngelis","og_description":"Juana de \u00c1ngelis Mentora espiritual del m\u00e9dium Divaldo Franco, el Esp\u00edritu Juana de \u00c1ngelis es la autora de importantes obras que abordan temas existenciales, filos\u00f3ficos, religiosos, psicol\u00f3gicos, cuyo objetivo es la iluminaci\u00f3n del ser humano. Adem\u00e1s de convertirse en best-sellers, sus libros alcanzaron gran reconocimiento entre religiosos, fil\u00f3sofos espiritualistas, psic\u00f3logos, parapsic\u00f3logos y dem\u00e1s estudiosos del [&hellip;]","og_url":"https:\/\/nuevo-renacer.com\/en\/juana-de-angelis\/","og_site_name":"Uni\u00f3n Esp\u00edrita","article_publisher":"https:\/\/www.facebook.com\/groups\/3431398063740829","article_modified_time":"2024-11-07T07:37:39+00:00","og_image":[{"width":560,"height":604,"url":"https:\/\/nuevo-renacer.com\/wp-content\/uploads\/2024\/11\/Fundo-Joanna-branco-copy_edited.webp","type":"image\/webp"}],"twitter_card":"summary_large_image","twitter_misc":{"Estimated reading time":"6 minutes"},"schema":{"@context":"https:\/\/schema.org","@graph":[{"@type":"WebPage","@id":"https:\/\/nuevo-renacer.com\/juana-de-angelis\/","url":"https:\/\/nuevo-renacer.com\/juana-de-angelis\/","name":"Juana de \u00c1ngelis - Uni\u00f3n Esp\u00edrita","isPartOf":{"@id":"https:\/\/nuevo-renacer.com\/#website"},"primaryImageOfPage":{"@id":"https:\/\/nuevo-renacer.com\/juana-de-angelis\/#primaryimage"},"image":{"@id":"https:\/\/nuevo-renacer.com\/juana-de-angelis\/#primaryimage"},"thumbnailUrl":"https:\/\/nuevo-renacer.com\/wp-content\/uploads\/2024\/11\/Fundo-Joanna-branco-copy_edited.webp","datePublished":"2024-11-07T07:32:18+00:00","dateModified":"2024-11-07T07:37:39+00:00","breadcrumb":{"@id":"https:\/\/nuevo-renacer.com\/juana-de-angelis\/#breadcrumb"},"inLanguage":"en-GB","potentialAction":[{"@type":"ReadAction","target":["https:\/\/nuevo-renacer.com\/juana-de-angelis\/"]}]},{"@type":"ImageObject","inLanguage":"en-GB","@id":"https:\/\/nuevo-renacer.com\/juana-de-angelis\/#primaryimage","url":"https:\/\/nuevo-renacer.com\/wp-content\/uploads\/2024\/11\/Fundo-Joanna-branco-copy_edited.webp","contentUrl":"https:\/\/nuevo-renacer.com\/wp-content\/uploads\/2024\/11\/Fundo-Joanna-branco-copy_edited.webp"},{"@type":"BreadcrumbList","@id":"https:\/\/nuevo-renacer.com\/juana-de-angelis\/#breadcrumb","itemListElement":[{"@type":"ListItem","position":1,"name":"Startseite","item":"https:\/\/nuevo-renacer.com\/"},{"@type":"ListItem","position":2,"name":"Juana de \u00c1ngelis"}]},{"@type":"WebSite","@id":"https:\/\/nuevo-renacer.com\/#website","url":"https:\/\/nuevo-renacer.com\/","name":"Uni\u00f3n Esp\u00edrita","description":"Nuevo Renacer","publisher":{"@id":"https:\/\/nuevo-renacer.com\/#organization"},"potentialAction":[{"@type":"SearchAction","target":{"@type":"EntryPoint","urlTemplate":"https:\/\/nuevo-renacer.com\/?s={search_term_string}"},"query-input":{"@type":"PropertyValueSpecification","valueRequired":true,"valueName":"search_term_string"}}],"inLanguage":"en-GB"},{"@type":"Organization","@id":"https:\/\/nuevo-renacer.com\/#organization","name":"UFEC","url":"https:\/\/nuevo-renacer.com\/","logo":{"@type":"ImageObject","inLanguage":"en-GB","@id":"https:\/\/nuevo-renacer.com\/#\/schema\/logo\/image\/","url":"https:\/\/nuevo-renacer.com\/wp-content\/uploads\/2024\/05\/cropped-LOGO-TERMINADO1-3-3.png","contentUrl":"https:\/\/nuevo-renacer.com\/wp-content\/uploads\/2024\/05\/cropped-LOGO-TERMINADO1-3-3.png","width":512,"height":512,"caption":"UFEC"},"image":{"@id":"https:\/\/nuevo-renacer.com\/#\/schema\/logo\/image\/"},"sameAs":["https:\/\/www.facebook.com\/groups\/3431398063740829"]}]}},"uagb_featured_image_src":{"full":false,"thumbnail":false,"medium":false,"medium_large":false,"large":false,"1536x1536":false,"2048x2048":false,"trp-custom-language-flag":false},"uagb_author_info":{"display_name":"adbv0","author_link":"https:\/\/nuevo-renacer.com\/en\/author\/adbv0\/"},"uagb_comment_info":0,"uagb_excerpt":"Juana de \u00c1ngelis Mentora espiritual del m\u00e9dium Divaldo Franco, el Esp\u00edritu Juana de \u00c1ngelis es la autora de importantes obras que abordan temas existenciales, filos\u00f3ficos, religiosos, psicol\u00f3gicos, cuyo objetivo es la iluminaci\u00f3n del ser humano. Adem\u00e1s de convertirse en best-sellers, sus libros alcanzaron gran reconocimiento entre religiosos, fil\u00f3sofos espiritualistas, psic\u00f3logos, parapsic\u00f3logos y dem\u00e1s estudiosos del&hellip;","jetpack_sharing_enabled":true,"_links":{"self":[{"href":"https:\/\/nuevo-renacer.com\/en\/wp-json\/wp\/v2\/pages\/5888","targetHints":{"allow":["GET"]}}],"collection":[{"href":"https:\/\/nuevo-renacer.com\/en\/wp-json\/wp\/v2\/pages"}],"about":[{"href":"https:\/\/nuevo-renacer.com\/en\/wp-json\/wp\/v2\/types\/page"}],"author":[{"embeddable":true,"href":"https:\/\/nuevo-renacer.com\/en\/wp-json\/wp\/v2\/users\/1"}],"replies":[{"embeddable":true,"href":"https:\/\/nuevo-renacer.com\/en\/wp-json\/wp\/v2\/comments?post=5888"}],"version-history":[{"count":2,"href":"https:\/\/nuevo-renacer.com\/en\/wp-json\/wp\/v2\/pages\/5888\/revisions"}],"predecessor-version":[{"id":5891,"href":"https:\/\/nuevo-renacer.com\/en\/wp-json\/wp\/v2\/pages\/5888\/revisions\/5891"}],"wp:attachment":[{"href":"https:\/\/nuevo-renacer.com\/en\/wp-json\/wp\/v2\/media?parent=5888"}],"curies":[{"name":"wp","href":"https:\/\/api.w.org\/{rel}","templated":true}]}}