{"id":5882,"date":"2024-11-06T13:55:59","date_gmt":"2024-11-06T13:55:59","guid":{"rendered":"https:\/\/nuevo-renacer.com\/?page_id=5882"},"modified":"2024-11-06T13:56:28","modified_gmt":"2024-11-06T13:56:28","slug":"carlos-norberto-fontinovo","status":"publish","type":"page","link":"https:\/\/nuevo-renacer.com\/en\/carlos-norberto-fontinovo\/","title":{"rendered":"Carlos Norberto Fontinovo"},"content":{"rendered":"<div class=\"wp-block-uagb-container uagb-block-1165b5e6 alignfull uagb-is-root-container\"><div class=\"uagb-container-inner-blocks-wrap\">\n<p class=\"has-black-color has-text-color has-link-color has-medium-font-size wp-elements-42e4d76ae6ae692b4b7f75102b184da3\"><strong>Carlos Norberto Fontinovo<\/strong><\/p>\n<\/div><\/div>\n\n\n\n<div class=\"wp-block-uagb-container uagb-block-7cd93827 alignfull uagb-is-root-container\"><div class=\"uagb-container-inner-blocks-wrap\">\n<figure class=\"wp-block-image size-full is-resized\"><img fetchpriority=\"high\" decoding=\"async\" width=\"274\" height=\"295\" src=\"https:\/\/nuevo-renacer.com\/wp-content\/uploads\/2024\/11\/Screenshot-212.png\" alt=\"\" class=\"wp-image-5883\" style=\"width:257px;height:auto\" srcset=\"https:\/\/nuevo-renacer.com\/wp-content\/uploads\/2024\/11\/Screenshot-212.png 274w, https:\/\/nuevo-renacer.com\/wp-content\/uploads\/2024\/11\/Screenshot-212-11x12.png 11w\" sizes=\"(max-width: 274px) 100vw, 274px\" \/><\/figure>\n<\/div><\/div>\n\n\n\n<div class=\"wp-block-uagb-container uagb-block-78e87231 alignfull uagb-is-root-container\"><div class=\"uagb-container-inner-blocks-wrap\">\n<p class=\"has-black-color has-text-color has-link-color has-small-font-size wp-elements-7f450053393b8bcf2450dc7d73162156\">Carlos Norberto Fontinovo was born in Buenos Aires on 29 April 1936. His family settled in Villa del Parque and later in Floresta. He was the only son and with his family, since he was a child, he attended the \"Luz Justicia y Caridad\u2019 Society\".<\/p>\n\n\n\n<p class=\"has-black-color has-text-color has-link-color has-small-font-size wp-elements-b2481f1e64f93a3c2840df5ba2edabda\">From a very young age he worked for the Spiritist Ideal and in 1959, together with other young people, he formed the \"L\u00e9on Denis\" Children's Youth Group, of which he was the first President.<\/p>\n\n\n\n<p class=\"has-black-color has-text-color has-link-color has-small-font-size wp-elements-e99560f92ea6848a3bea0701dae70c19\">In 1960, together with other contemporaries, in the CEA, they gave life to the Federaci\u00f3n Espiritista Juvenil Argentina -FEJA- in which he worked permanently from different areas, being its President during 1971 and 1972. He made valuable contributions to the FEJA Bulletin, collaborating in its production and editing.<\/p>\n\n\n\n<p class=\"has-black-color has-text-color has-link-color has-small-font-size wp-elements-4b49a36e90e403d551f065575ae888c6\">With his lifelong partner, Blanca Moreno, he had four children, who have given them six grandchildren.<\/p>\n\n\n\n<p class=\"has-black-color has-text-color has-link-color has-small-font-size wp-elements-43d37db71aae334ed96e67d8f6cdcc8f\">He also worked for ten years as director of the magazine \"La Idea\" and was its advisor until his disembodiment.<\/p>\n\n\n\n<div class=\"wp-block-uagb-container uagb-block-3b6995c5\">\n<figure class=\"wp-block-image size-full is-resized\"><img decoding=\"async\" width=\"320\" height=\"212\" src=\"https:\/\/nuevo-renacer.com\/wp-content\/uploads\/2024\/11\/Revista-de-espiritismo-La-Idea-640-pdf-14-320.webp\" alt=\"\" class=\"wp-image-5884\" style=\"width:270px;height:auto\" srcset=\"https:\/\/nuevo-renacer.com\/wp-content\/uploads\/2024\/11\/Revista-de-espiritismo-La-Idea-640-pdf-14-320.webp 320w, https:\/\/nuevo-renacer.com\/wp-content\/uploads\/2024\/11\/Revista-de-espiritismo-La-Idea-640-pdf-14-320-300x199.webp 300w, https:\/\/nuevo-renacer.com\/wp-content\/uploads\/2024\/11\/Revista-de-espiritismo-La-Idea-640-pdf-14-320-18x12.webp 18w\" sizes=\"(max-width: 320px) 100vw, 320px\" \/><figcaption class=\"wp-element-caption\">Spiritist Magazine \u201eLa Idea\"<\/figcaption><\/figure>\n<\/div>\n\n\n\n<p class=\"has-black-color has-text-color has-link-color has-small-font-size wp-elements-9c3d38aca2942835a22702afeb7ad2f3\">In the dark times for the Confederate Spiritism (1975-1981), of true material and spiritual dismantling of the Mother House, together with other brothers of the Ideal, he gave life and formed part of the Movement in the Service of Spiritism -MASDE-, where he served as General Secretary.<\/p>\n\n\n\n<p class=\"has-black-color has-text-color has-link-color has-small-font-size wp-elements-e4b16ed9b3bb576e6ab155b55ed7063d\">When the CAA recovered, he served as Secretary for Dissemination and later as Vice-President.<\/p>\n\n\n\n<p class=\"has-black-color has-text-color has-link-color has-small-font-size wp-elements-8bfa7c99adccd381aadb47f91b2b17c8\">In addition to the tasks described above, he never neglected the doctrinal and mediumistic work of his society, of which he was President during the years 1979-1984 and 1989-1995, and also held other positions such as Treasurer, Recording Secretary and Vice-President. He also collaborated with the members in the publication of the \"LUZ\u2019\" Bulletin.<\/p>\n\n\n\n<p class=\"has-black-color has-text-color has-link-color has-small-font-size wp-elements-7a438d50e5104d72850962b87d678cac\">He always stood out for his doctrinal knowledge, being a permanent reference point for young people, a tireless reader, always willing to work and his facility for oratory led him to lecture in other spiritism houses in the country and abroad.<\/p>\n\n\n\n<p class=\"has-black-color has-text-color has-link-color has-small-font-size wp-elements-fca49e9740593ee7c82fe8a50fd255aa\">He was afflicted by his illness, and with the addition of his wife's own illness, his presence in his institution began to diminish, while, day by day, he showed signs of physical decay. Nevertheless, his lucidity allowed him to continue to be the guide and example for his brothers, in terms of understanding and interpreting the Ideal, because of his knowledge and conceptual coherence.<\/p>\n\n\n\n<p class=\"has-black-color has-text-color has-link-color has-small-font-size wp-elements-0faac0205be8d1eb2f6f6225eb0af906\">In the last time, he required permanent attention and care, confining himself at home under the attention and care of his children, who eventually brought him to our society, because such was his desire when the physical was with him. On Saturday, November 21, 2009, Carlos Norberto Fontinovo departed to his spiritual homeland, leaving us as a legacy a life dedicated to the Spiritist Ideal, his knowledge of the Ideal codified by Kardec, his vehemence to defend the Spiritist Doctrine, to stimulate the youth to continue the path of his elders and essentially, his humanism, which he put into practice at all times, at any moment and under any circumstance.<\/p>\n<\/div><\/div>\n\n\n\n<div class=\"wp-block-uagb-container uagb-block-26e51aab alignfull uagb-is-root-container\"><div class=\"uagb-container-inner-blocks-wrap\"><\/div><\/div>\n\n\n\n<div class=\"wp-block-uagb-container uagb-block-23e1afdb alignfull uagb-is-root-container\"><div class=\"uagb-container-inner-blocks-wrap\"><\/div><\/div>","protected":false},"excerpt":{"rendered":"<p>Carlos Norberto Fontinovo Carlos Norberto Fontinovo naci\u00f3 en la Ciudad de Buenos Aires el 29 de abril de 1936. Su familia se instal\u00f3 en Villa del Parque y luego en Floresta. Fue \u00fanico hijo y con su familia, desde peque\u00f1o, concurre a la Sociedad \u00abLuz Justicia y Caridad\u00bb. Desde muy joven trabaj\u00f3 para el Ideal [&hellip;]<\/p>","protected":false},"author":1,"featured_media":0,"parent":0,"menu_order":0,"comment_status":"closed","ping_status":"closed","template":"","meta":{"_uag_custom_page_level_css":"","site-sidebar-layout":"default","site-content-layout":"","ast-site-content-layout":"default","site-content-style":"default","site-sidebar-style":"default","ast-global-header-display":"","ast-banner-title-visibility":"","ast-main-header-display":"","ast-hfb-above-header-display":"","ast-hfb-below-header-display":"","ast-hfb-mobile-header-display":"","site-post-title":"disabled","ast-breadcrumbs-content":"","ast-featured-img":"","footer-sml-layout":"","theme-transparent-header-meta":"","adv-header-id-meta":"","stick-header-meta":"","header-above-stick-meta":"","header-main-stick-meta":"","header-below-stick-meta":"","astra-migrate-meta-layouts":"set","ast-page-background-enabled":"default","ast-page-background-meta":{"desktop":{"background-color":"var(--ast-global-color-4)","background-image":"","background-repeat":"repeat","background-position":"center center","background-size":"auto","background-attachment":"scroll","background-type":"","background-media":"","overlay-type":"","overlay-color":"","overlay-opacity":"","overlay-gradient":""},"tablet":{"background-color":"","background-image":"","background-repeat":"repeat","background-position":"center center","background-size":"auto","background-attachment":"scroll","background-type":"","background-media":"","overlay-type":"","overlay-color":"","overlay-opacity":"","overlay-gradient":""},"mobile":{"background-color":"","background-image":"","background-repeat":"repeat","background-position":"center center","background-size":"auto","background-attachment":"scroll","background-type":"","background-media":"","overlay-type":"","overlay-color":"","overlay-opacity":"","overlay-gradient":""}},"ast-content-background-meta":{"desktop":{"background-color":"var(--ast-global-color-5)","background-image":"","background-repeat":"repeat","background-position":"center center","background-size":"auto","background-attachment":"scroll","background-type":"","background-media":"","overlay-type":"","overlay-color":"","overlay-opacity":"","overlay-gradient":""},"tablet":{"background-color":"var(--ast-global-color-5)","background-image":"","background-repeat":"repeat","background-position":"center center","background-size":"auto","background-attachment":"scroll","background-type":"","background-media":"","overlay-type":"","overlay-color":"","overlay-opacity":"","overlay-gradient":""},"mobile":{"background-color":"var(--ast-global-color-5)","background-image":"","background-repeat":"repeat","background-position":"center center","background-size":"auto","background-attachment":"scroll","background-type":"","background-media":"","overlay-type":"","overlay-color":"","overlay-opacity":"","overlay-gradient":""}},"footnotes":""},"class_list":["post-5882","page","type-page","status-publish","hentry"],"yoast_head":"<!-- This site is optimized with the Yoast SEO Premium plugin v24.2 (Yoast SEO v24.6) - https:\/\/yoast.com\/wordpress\/plugins\/seo\/ -->\n<title>Carlos Norberto Fontinovo - Uni\u00f3n Esp\u00edrita<\/title>\n<meta name=\"robots\" content=\"index, follow, max-snippet:-1, max-image-preview:large, max-video-preview:-1\" \/>\n<link rel=\"canonical\" href=\"https:\/\/nuevo-renacer.com\/en\/carlos-norberto-fontinovo\/\" \/>\n<meta property=\"og:locale\" content=\"en_GB\" \/>\n<meta property=\"og:type\" content=\"article\" \/>\n<meta property=\"og:title\" content=\"Carlos Norberto Fontinovo\" \/>\n<meta property=\"og:description\" content=\"Carlos Norberto Fontinovo Carlos Norberto Fontinovo naci\u00f3 en la Ciudad de Buenos Aires el 29 de abril de 1936. Su familia se instal\u00f3 en Villa del Parque y luego en Floresta. Fue \u00fanico hijo y con su familia, desde peque\u00f1o, concurre a la Sociedad \u00abLuz Justicia y Caridad\u00bb. Desde muy joven trabaj\u00f3 para el Ideal [&hellip;]\" \/>\n<meta property=\"og:url\" content=\"https:\/\/nuevo-renacer.com\/en\/carlos-norberto-fontinovo\/\" \/>\n<meta property=\"og:site_name\" content=\"Uni\u00f3n Esp\u00edrita\" \/>\n<meta property=\"article:publisher\" content=\"https:\/\/www.facebook.com\/groups\/3431398063740829\" \/>\n<meta property=\"article:modified_time\" content=\"2024-11-06T13:56:28+00:00\" \/>\n<meta property=\"og:image\" content=\"https:\/\/nuevo-renacer.com\/wp-content\/uploads\/2024\/11\/Screenshot-212.png\" \/>\n\t<meta property=\"og:image:width\" content=\"274\" \/>\n\t<meta property=\"og:image:height\" content=\"295\" \/>\n\t<meta property=\"og:image:type\" content=\"image\/png\" \/>\n<meta name=\"twitter:card\" content=\"summary_large_image\" \/>\n<meta name=\"twitter:label1\" content=\"Estimated reading time\" \/>\n\t<meta name=\"twitter:data1\" content=\"3 minutes\" \/>\n<script type=\"application\/ld+json\" class=\"yoast-schema-graph\">{\"@context\":\"https:\/\/schema.org\",\"@graph\":[{\"@type\":\"WebPage\",\"@id\":\"https:\/\/nuevo-renacer.com\/carlos-norberto-fontinovo\/\",\"url\":\"https:\/\/nuevo-renacer.com\/carlos-norberto-fontinovo\/\",\"name\":\"Carlos Norberto Fontinovo - Uni\u00f3n Esp\u00edrita\",\"isPartOf\":{\"@id\":\"https:\/\/nuevo-renacer.com\/#website\"},\"primaryImageOfPage\":{\"@id\":\"https:\/\/nuevo-renacer.com\/carlos-norberto-fontinovo\/#primaryimage\"},\"image\":{\"@id\":\"https:\/\/nuevo-renacer.com\/carlos-norberto-fontinovo\/#primaryimage\"},\"thumbnailUrl\":\"https:\/\/nuevo-renacer.com\/wp-content\/uploads\/2024\/11\/Screenshot-212.png\",\"datePublished\":\"2024-11-06T13:55:59+00:00\",\"dateModified\":\"2024-11-06T13:56:28+00:00\",\"breadcrumb\":{\"@id\":\"https:\/\/nuevo-renacer.com\/carlos-norberto-fontinovo\/#breadcrumb\"},\"inLanguage\":\"en-GB\",\"potentialAction\":[{\"@type\":\"ReadAction\",\"target\":[\"https:\/\/nuevo-renacer.com\/carlos-norberto-fontinovo\/\"]}]},{\"@type\":\"ImageObject\",\"inLanguage\":\"en-GB\",\"@id\":\"https:\/\/nuevo-renacer.com\/carlos-norberto-fontinovo\/#primaryimage\",\"url\":\"https:\/\/nuevo-renacer.com\/wp-content\/uploads\/2024\/11\/Screenshot-212.png\",\"contentUrl\":\"https:\/\/nuevo-renacer.com\/wp-content\/uploads\/2024\/11\/Screenshot-212.png\"},{\"@type\":\"BreadcrumbList\",\"@id\":\"https:\/\/nuevo-renacer.com\/carlos-norberto-fontinovo\/#breadcrumb\",\"itemListElement\":[{\"@type\":\"ListItem\",\"position\":1,\"name\":\"Startseite\",\"item\":\"https:\/\/nuevo-renacer.com\/\"},{\"@type\":\"ListItem\",\"position\":2,\"name\":\"Carlos Norberto Fontinovo\"}]},{\"@type\":\"WebSite\",\"@id\":\"https:\/\/nuevo-renacer.com\/#website\",\"url\":\"https:\/\/nuevo-renacer.com\/\",\"name\":\"Uni\u00f3n Esp\u00edrita\",\"description\":\"Nuevo Renacer\",\"publisher\":{\"@id\":\"https:\/\/nuevo-renacer.com\/#organization\"},\"potentialAction\":[{\"@type\":\"SearchAction\",\"target\":{\"@type\":\"EntryPoint\",\"urlTemplate\":\"https:\/\/nuevo-renacer.com\/?s={search_term_string}\"},\"query-input\":{\"@type\":\"PropertyValueSpecification\",\"valueRequired\":true,\"valueName\":\"search_term_string\"}}],\"inLanguage\":\"en-GB\"},{\"@type\":\"Organization\",\"@id\":\"https:\/\/nuevo-renacer.com\/#organization\",\"name\":\"UFEC\",\"url\":\"https:\/\/nuevo-renacer.com\/\",\"logo\":{\"@type\":\"ImageObject\",\"inLanguage\":\"en-GB\",\"@id\":\"https:\/\/nuevo-renacer.com\/#\/schema\/logo\/image\/\",\"url\":\"https:\/\/nuevo-renacer.com\/wp-content\/uploads\/2024\/05\/cropped-LOGO-TERMINADO1-3-3.png\",\"contentUrl\":\"https:\/\/nuevo-renacer.com\/wp-content\/uploads\/2024\/05\/cropped-LOGO-TERMINADO1-3-3.png\",\"width\":512,\"height\":512,\"caption\":\"UFEC\"},\"image\":{\"@id\":\"https:\/\/nuevo-renacer.com\/#\/schema\/logo\/image\/\"},\"sameAs\":[\"https:\/\/www.facebook.com\/groups\/3431398063740829\"]}]}<\/script>\n<!-- \/ Yoast SEO Premium plugin. -->","yoast_head_json":{"title":"Carlos Norberto Fontinovo - Uni\u00f3n Esp\u00edrita","robots":{"index":"index","follow":"follow","max-snippet":"max-snippet:-1","max-image-preview":"max-image-preview:large","max-video-preview":"max-video-preview:-1"},"canonical":"https:\/\/nuevo-renacer.com\/en\/carlos-norberto-fontinovo\/","og_locale":"en_GB","og_type":"article","og_title":"Carlos Norberto Fontinovo","og_description":"Carlos Norberto Fontinovo Carlos Norberto Fontinovo naci\u00f3 en la Ciudad de Buenos Aires el 29 de abril de 1936. Su familia se instal\u00f3 en Villa del Parque y luego en Floresta. Fue \u00fanico hijo y con su familia, desde peque\u00f1o, concurre a la Sociedad \u00abLuz Justicia y Caridad\u00bb. Desde muy joven trabaj\u00f3 para el Ideal [&hellip;]","og_url":"https:\/\/nuevo-renacer.com\/en\/carlos-norberto-fontinovo\/","og_site_name":"Uni\u00f3n Esp\u00edrita","article_publisher":"https:\/\/www.facebook.com\/groups\/3431398063740829","article_modified_time":"2024-11-06T13:56:28+00:00","og_image":[{"width":274,"height":295,"url":"https:\/\/nuevo-renacer.com\/wp-content\/uploads\/2024\/11\/Screenshot-212.png","type":"image\/png"}],"twitter_card":"summary_large_image","twitter_misc":{"Estimated reading time":"3 minutes"},"schema":{"@context":"https:\/\/schema.org","@graph":[{"@type":"WebPage","@id":"https:\/\/nuevo-renacer.com\/carlos-norberto-fontinovo\/","url":"https:\/\/nuevo-renacer.com\/carlos-norberto-fontinovo\/","name":"Carlos Norberto Fontinovo - Uni\u00f3n Esp\u00edrita","isPartOf":{"@id":"https:\/\/nuevo-renacer.com\/#website"},"primaryImageOfPage":{"@id":"https:\/\/nuevo-renacer.com\/carlos-norberto-fontinovo\/#primaryimage"},"image":{"@id":"https:\/\/nuevo-renacer.com\/carlos-norberto-fontinovo\/#primaryimage"},"thumbnailUrl":"https:\/\/nuevo-renacer.com\/wp-content\/uploads\/2024\/11\/Screenshot-212.png","datePublished":"2024-11-06T13:55:59+00:00","dateModified":"2024-11-06T13:56:28+00:00","breadcrumb":{"@id":"https:\/\/nuevo-renacer.com\/carlos-norberto-fontinovo\/#breadcrumb"},"inLanguage":"en-GB","potentialAction":[{"@type":"ReadAction","target":["https:\/\/nuevo-renacer.com\/carlos-norberto-fontinovo\/"]}]},{"@type":"ImageObject","inLanguage":"en-GB","@id":"https:\/\/nuevo-renacer.com\/carlos-norberto-fontinovo\/#primaryimage","url":"https:\/\/nuevo-renacer.com\/wp-content\/uploads\/2024\/11\/Screenshot-212.png","contentUrl":"https:\/\/nuevo-renacer.com\/wp-content\/uploads\/2024\/11\/Screenshot-212.png"},{"@type":"BreadcrumbList","@id":"https:\/\/nuevo-renacer.com\/carlos-norberto-fontinovo\/#breadcrumb","itemListElement":[{"@type":"ListItem","position":1,"name":"Startseite","item":"https:\/\/nuevo-renacer.com\/"},{"@type":"ListItem","position":2,"name":"Carlos Norberto Fontinovo"}]},{"@type":"WebSite","@id":"https:\/\/nuevo-renacer.com\/#website","url":"https:\/\/nuevo-renacer.com\/","name":"Uni\u00f3n Esp\u00edrita","description":"Nuevo Renacer","publisher":{"@id":"https:\/\/nuevo-renacer.com\/#organization"},"potentialAction":[{"@type":"SearchAction","target":{"@type":"EntryPoint","urlTemplate":"https:\/\/nuevo-renacer.com\/?s={search_term_string}"},"query-input":{"@type":"PropertyValueSpecification","valueRequired":true,"valueName":"search_term_string"}}],"inLanguage":"en-GB"},{"@type":"Organization","@id":"https:\/\/nuevo-renacer.com\/#organization","name":"UFEC","url":"https:\/\/nuevo-renacer.com\/","logo":{"@type":"ImageObject","inLanguage":"en-GB","@id":"https:\/\/nuevo-renacer.com\/#\/schema\/logo\/image\/","url":"https:\/\/nuevo-renacer.com\/wp-content\/uploads\/2024\/05\/cropped-LOGO-TERMINADO1-3-3.png","contentUrl":"https:\/\/nuevo-renacer.com\/wp-content\/uploads\/2024\/05\/cropped-LOGO-TERMINADO1-3-3.png","width":512,"height":512,"caption":"UFEC"},"image":{"@id":"https:\/\/nuevo-renacer.com\/#\/schema\/logo\/image\/"},"sameAs":["https:\/\/www.facebook.com\/groups\/3431398063740829"]}]}},"uagb_featured_image_src":{"full":false,"thumbnail":false,"medium":false,"medium_large":false,"large":false,"1536x1536":false,"2048x2048":false,"trp-custom-language-flag":false},"uagb_author_info":{"display_name":"adbv0","author_link":"https:\/\/nuevo-renacer.com\/en\/author\/adbv0\/"},"uagb_comment_info":0,"uagb_excerpt":"Carlos Norberto Fontinovo Carlos Norberto Fontinovo naci\u00f3 en la Ciudad de Buenos Aires el 29 de abril de 1936. Su familia se instal\u00f3 en Villa del Parque y luego en Floresta. Fue \u00fanico hijo y con su familia, desde peque\u00f1o, concurre a la Sociedad \u00abLuz Justicia y Caridad\u00bb. Desde muy joven trabaj\u00f3 para el Ideal&hellip;","jetpack_sharing_enabled":true,"_links":{"self":[{"href":"https:\/\/nuevo-renacer.com\/en\/wp-json\/wp\/v2\/pages\/5882","targetHints":{"allow":["GET"]}}],"collection":[{"href":"https:\/\/nuevo-renacer.com\/en\/wp-json\/wp\/v2\/pages"}],"about":[{"href":"https:\/\/nuevo-renacer.com\/en\/wp-json\/wp\/v2\/types\/page"}],"author":[{"embeddable":true,"href":"https:\/\/nuevo-renacer.com\/en\/wp-json\/wp\/v2\/users\/1"}],"replies":[{"embeddable":true,"href":"https:\/\/nuevo-renacer.com\/en\/wp-json\/wp\/v2\/comments?post=5882"}],"version-history":[{"count":1,"href":"https:\/\/nuevo-renacer.com\/en\/wp-json\/wp\/v2\/pages\/5882\/revisions"}],"predecessor-version":[{"id":5885,"href":"https:\/\/nuevo-renacer.com\/en\/wp-json\/wp\/v2\/pages\/5882\/revisions\/5885"}],"wp:attachment":[{"href":"https:\/\/nuevo-renacer.com\/en\/wp-json\/wp\/v2\/media?parent=5882"}],"curies":[{"name":"wp","href":"https:\/\/api.w.org\/{rel}","templated":true}]}}