{"id":5871,"date":"2024-11-06T11:07:09","date_gmt":"2024-11-06T11:07:09","guid":{"rendered":"https:\/\/nuevo-renacer.com\/?page_id=5871"},"modified":"2025-01-03T13:16:04","modified_gmt":"2025-01-03T13:16:04","slug":"rudolf-steiner","status":"publish","type":"page","link":"https:\/\/nuevo-renacer.com\/en\/rudolf-steiner\/","title":{"rendered":"Rudolf Steiner"},"content":{"rendered":"<div class=\"wp-block-uagb-container uagb-block-c553f31a alignfull uagb-is-root-container\"><div class=\"uagb-container-inner-blocks-wrap\">\n<p class=\"has-black-color has-text-color has-link-color has-medium-font-size wp-elements-b8a32ab7c3927d7d54d10fa4efff93ce\"><strong>Rudolf Steiner<\/strong><\/p>\n<\/div><\/div>\n\n\n\n<div class=\"wp-block-uagb-container uagb-block-05b52770 alignfull uagb-is-root-container\"><div class=\"uagb-container-inner-blocks-wrap\">\n<figure class=\"wp-block-image size-large is-resized\"><img fetchpriority=\"high\" decoding=\"async\" width=\"698\" height=\"1024\" src=\"https:\/\/nuevo-renacer.com\/wp-content\/uploads\/2024\/11\/Rudolf-Steiner-lebenstationen-Berlin-698x1024.jpg\" alt=\"\" class=\"wp-image-5872\" style=\"width:239px;height:auto\" srcset=\"https:\/\/nuevo-renacer.com\/wp-content\/uploads\/2024\/11\/Rudolf-Steiner-lebenstationen-Berlin-698x1024.jpg 698w, https:\/\/nuevo-renacer.com\/wp-content\/uploads\/2024\/11\/Rudolf-Steiner-lebenstationen-Berlin-204x300.jpg 204w, https:\/\/nuevo-renacer.com\/wp-content\/uploads\/2024\/11\/Rudolf-Steiner-lebenstationen-Berlin-768x1127.jpg 768w, https:\/\/nuevo-renacer.com\/wp-content\/uploads\/2024\/11\/Rudolf-Steiner-lebenstationen-Berlin-8x12.jpg 8w, https:\/\/nuevo-renacer.com\/wp-content\/uploads\/2024\/11\/Rudolf-Steiner-lebenstationen-Berlin.jpg 800w\" sizes=\"(max-width: 698px) 100vw, 698px\" \/><\/figure>\n<\/div><\/div>\n\n\n\n<div class=\"wp-block-uagb-container uagb-block-89f25fed alignfull uagb-is-root-container\"><div class=\"uagb-container-inner-blocks-wrap\">\n<p class=\"has-black-color has-text-color has-link-color has-small-font-size wp-elements-6dcf05e3b65ddd5b5320e01c004e76fa\">Rudolf Steiner was born on 27 February 1861 in Kraljevec, former Hungary, today Croatia (in the picture, standing with his younger sister). He spent his childhood in Pottschach. His father worked there as a telegrapher for the Austrian Southern Railways. The family, joined over the years by a sister and a brother, lived in the station building right next to the railway tracks. This environment allowed him to experience the polarity of nature and technology.<\/p>\n\n\n\n<div class=\"wp-block-uagb-container uagb-block-6bf70f28\">\n<figure class=\"wp-block-image size-large is-resized\"><img decoding=\"async\" width=\"698\" height=\"1024\" src=\"https:\/\/nuevo-renacer.com\/wp-content\/uploads\/2024\/11\/Rudolf-Steiner-lebenstationen-Kraljevec-698x1024.jpg\" alt=\"\" class=\"wp-image-5873\" style=\"width:221px;height:auto\" srcset=\"https:\/\/nuevo-renacer.com\/wp-content\/uploads\/2024\/11\/Rudolf-Steiner-lebenstationen-Kraljevec-698x1024.jpg 698w, https:\/\/nuevo-renacer.com\/wp-content\/uploads\/2024\/11\/Rudolf-Steiner-lebenstationen-Kraljevec-204x300.jpg 204w, https:\/\/nuevo-renacer.com\/wp-content\/uploads\/2024\/11\/Rudolf-Steiner-lebenstationen-Kraljevec-768x1127.jpg 768w, https:\/\/nuevo-renacer.com\/wp-content\/uploads\/2024\/11\/Rudolf-Steiner-lebenstationen-Kraljevec-8x12.jpg 8w, https:\/\/nuevo-renacer.com\/wp-content\/uploads\/2024\/11\/Rudolf-Steiner-lebenstationen-Kraljevec.jpg 800w\" sizes=\"(max-width: 698px) 100vw, 698px\" \/><\/figure>\n<\/div>\n\n\n\n<p class=\"has-black-color has-text-color has-link-color has-small-font-size wp-elements-97e555e0b12a739789af6492a816a316\">At the age of 18, Rudolf Steiner began studying at the Technical University of Vienna. There he initially studied biology, chemistry, physics and mathematics. However, his inner questions focused on the nature of man and he increasingly turned to philosophy. The phenomenon of \"I-consciousness\" became one of his central studies.<\/p>\n\n\n\n<p class=\"has-black-color has-text-color has-link-color has-small-font-size wp-elements-57df074a77b3f4634b9e96ecbe58c046\">At the age of 29, Rudolf Steiner joined the Goethe-Schiller-Archive in Weimar. In addition to Goethe's scientific writings, he publishes the complete edition of Schopenhauer and Jean Paul (published by Cotta), writes four books, including \"The Philosophy of Freedom\", and begins his activity as a lecturer. He meets personalities such as Ernst Haeckel, Hermann Grimm and Friedrich Nietzsche.<\/p>\n\n\n\n<div class=\"wp-block-uagb-container uagb-block-2eed5559\">\n<figure class=\"wp-block-image size-large is-resized\"><img decoding=\"async\" width=\"698\" height=\"1024\" src=\"https:\/\/nuevo-renacer.com\/wp-content\/uploads\/2024\/11\/Rudolf-Steiner-lebenstationen-Wien-698x1024.jpg\" alt=\"\" class=\"wp-image-5874\" style=\"width:221px\" srcset=\"https:\/\/nuevo-renacer.com\/wp-content\/uploads\/2024\/11\/Rudolf-Steiner-lebenstationen-Wien-698x1024.jpg 698w, https:\/\/nuevo-renacer.com\/wp-content\/uploads\/2024\/11\/Rudolf-Steiner-lebenstationen-Wien-204x300.jpg 204w, https:\/\/nuevo-renacer.com\/wp-content\/uploads\/2024\/11\/Rudolf-Steiner-lebenstationen-Wien-768x1127.jpg 768w, https:\/\/nuevo-renacer.com\/wp-content\/uploads\/2024\/11\/Rudolf-Steiner-lebenstationen-Wien-8x12.jpg 8w, https:\/\/nuevo-renacer.com\/wp-content\/uploads\/2024\/11\/Rudolf-Steiner-lebenstationen-Wien.jpg 800w\" sizes=\"(max-width: 698px) 100vw, 698px\" \/><\/figure>\n<\/div>\n\n\n\n<p class=\"has-black-color has-text-color has-link-color has-small-font-size wp-elements-31323c6ca6d6db8f12e3d12005fd71e6\">During his stay in Berlin, he worked as editor of the magazine Magazin f\u00fcr Literatur (Magazine for Literature) and as a teacher at the Arbeiter-Bildungsschule (School for Vocational Training). He became chairman of the circle \"Die Kommenden\" (The Coming Ones), where he met weekly with the contemporary artistic and cultural scene. His lectures in theosophical circles formed the basis of his Anthroposophical Society, founded in 1913.<\/p>\n\n\n\n<div class=\"wp-block-uagb-container uagb-block-84883d37\">\n<figure class=\"wp-block-image size-large is-resized\"><img loading=\"lazy\" decoding=\"async\" width=\"698\" height=\"1024\" src=\"https:\/\/nuevo-renacer.com\/wp-content\/uploads\/2024\/11\/Rudolf-Steiner-lebenstationen-Dornach-698x1024.jpg\" alt=\"\" class=\"wp-image-5875\" style=\"width:221px\" srcset=\"https:\/\/nuevo-renacer.com\/wp-content\/uploads\/2024\/11\/Rudolf-Steiner-lebenstationen-Dornach-698x1024.jpg 698w, https:\/\/nuevo-renacer.com\/wp-content\/uploads\/2024\/11\/Rudolf-Steiner-lebenstationen-Dornach-204x300.jpg 204w, https:\/\/nuevo-renacer.com\/wp-content\/uploads\/2024\/11\/Rudolf-Steiner-lebenstationen-Dornach-768x1127.jpg 768w, https:\/\/nuevo-renacer.com\/wp-content\/uploads\/2024\/11\/Rudolf-Steiner-lebenstationen-Dornach-8x12.jpg 8w, https:\/\/nuevo-renacer.com\/wp-content\/uploads\/2024\/11\/Rudolf-Steiner-lebenstationen-Dornach.jpg 800w\" sizes=\"(max-width: 698px) 100vw, 698px\" \/><\/figure>\n<\/div>\n\n\n\n<p class=\"has-black-color has-text-color has-link-color has-small-font-size wp-elements-4d992bd30d8945aac0480bb1d26825bf\">With the move to Dornach and the construction of the Goetheanum, anthroposophy began to become visible in the world. Steiner turned many things around in many areas of life and set new things in motion. He gave a new impetus to education, medicine, agriculture, art, religion and politics, which still has an impact today.<\/p>\n\n\n\n<p class=\"has-black-color has-text-color has-link-color has-small-font-size wp-elements-b609f4b57d0e93dbba5c0439f868bd8d\">During this time, he became very interested in the inner concerns of other people and was in contact with many famous contemporaries, such as Else Lasker Sch\u00fcler, Rainer Maria Rilke, Andrej Belyi, Ernst Haeckel and Hermann Grimm. At the age of 33 he wrote his main philosophical work, The Philosophy of Freedom, the foundation of anthroposophical spiritual science, which he deepened and expanded in some thirty subsequent publications. He also published numerous articles, essays and reviews on cultural and contemporary history.<\/p>\n\n\n\n<p class=\"has-black-color has-text-color has-link-color has-small-font-size wp-elements-ef9c6a4deb82aa64a522d9aaa3022eef\">Among his best-known works are:<\/p>\n\n\n\n<ul class=\"wp-block-list\">\n<li class=\"has-black-color has-text-color has-link-color has-small-font-size wp-elements-a81da2fdd348962a61f74cd982aa53b6\">Reincarnation and Karma.<\/li>\n\n\n\n<li class=\"has-black-color has-text-color has-link-color has-small-font-size wp-elements-68d9c234f73cfa11b1e64d075a140ec4\">The nature of man.<\/li>\n\n\n\n<li class=\"has-black-color has-text-color has-link-color has-small-font-size wp-elements-9ecbc3305169d078bc11d77021879cc1\">Reincorporation of the spirit and destiny.<\/li>\n\n\n\n<li class=\"has-black-color has-text-color has-link-color has-small-font-size wp-elements-00aae246565f73ef8f3c627651d0760a\">Realisation of karma.<\/li>\n\n\n\n<li class=\"has-black-color has-text-color has-link-color has-small-font-size wp-elements-45f2c988e17c739d2eb41c17cb786f9e\">Esoteric observations on karmic connections.<\/li>\n<\/ul>\n\n\n\n<p class=\"has-black-color has-text-color has-link-color has-small-font-size wp-elements-bf49bf87c8d87cb77135eeb247c2e2fa\">Steiner disembodied on 30 March 1925 in his studio at the Goetheanum in Dornach.<\/p>\n<\/div><\/div>\n\n\n\n<div class=\"wp-block-uagb-container uagb-block-0033cc9f alignfull uagb-is-root-container\"><div class=\"uagb-container-inner-blocks-wrap\"><\/div><\/div>\n\n\n\n<div class=\"wp-block-uagb-container uagb-block-ecdcec28 alignfull uagb-is-root-container\"><div class=\"uagb-container-inner-blocks-wrap\"><\/div><\/div>","protected":false},"excerpt":{"rendered":"<p>Rudolf Steiner Rudolf Steiner naci\u00f3 el 27 de febrero de 1861 en Kraljevec, antigua Hungr\u00eda, hoy Croacia (en la foto, de pie, con su hermana peque\u00f1a). Pas\u00f3 su infancia en Pottschach. Su padre trabajaba all\u00ed como telegrafista para los Ferrocarriles Austriacos del Sur. La familia, a la que con los a\u00f1os se unieron una hermana [&hellip;]<\/p>","protected":false},"author":1,"featured_media":0,"parent":0,"menu_order":0,"comment_status":"closed","ping_status":"closed","template":"","meta":{"_uag_custom_page_level_css":"","site-sidebar-layout":"default","site-content-layout":"","ast-site-content-layout":"default","site-content-style":"default","site-sidebar-style":"default","ast-global-header-display":"","ast-banner-title-visibility":"","ast-main-header-display":"","ast-hfb-above-header-display":"","ast-hfb-below-header-display":"","ast-hfb-mobile-header-display":"","site-post-title":"disabled","ast-breadcrumbs-content":"","ast-featured-img":"","footer-sml-layout":"","theme-transparent-header-meta":"","adv-header-id-meta":"","stick-header-meta":"","header-above-stick-meta":"","header-main-stick-meta":"","header-below-stick-meta":"","astra-migrate-meta-layouts":"set","ast-page-background-enabled":"default","ast-page-background-meta":{"desktop":{"background-color":"var(--ast-global-color-4)","background-image":"","background-repeat":"repeat","background-position":"center center","background-size":"auto","background-attachment":"scroll","background-type":"","background-media":"","overlay-type":"","overlay-color":"","overlay-opacity":"","overlay-gradient":""},"tablet":{"background-color":"","background-image":"","background-repeat":"repeat","background-position":"center center","background-size":"auto","background-attachment":"scroll","background-type":"","background-media":"","overlay-type":"","overlay-color":"","overlay-opacity":"","overlay-gradient":""},"mobile":{"background-color":"","background-image":"","background-repeat":"repeat","background-position":"center center","background-size":"auto","background-attachment":"scroll","background-type":"","background-media":"","overlay-type":"","overlay-color":"","overlay-opacity":"","overlay-gradient":""}},"ast-content-background-meta":{"desktop":{"background-color":"var(--ast-global-color-5)","background-image":"","background-repeat":"repeat","background-position":"center center","background-size":"auto","background-attachment":"scroll","background-type":"","background-media":"","overlay-type":"","overlay-color":"","overlay-opacity":"","overlay-gradient":""},"tablet":{"background-color":"var(--ast-global-color-5)","background-image":"","background-repeat":"repeat","background-position":"center center","background-size":"auto","background-attachment":"scroll","background-type":"","background-media":"","overlay-type":"","overlay-color":"","overlay-opacity":"","overlay-gradient":""},"mobile":{"background-color":"var(--ast-global-color-5)","background-image":"","background-repeat":"repeat","background-position":"center center","background-size":"auto","background-attachment":"scroll","background-type":"","background-media":"","overlay-type":"","overlay-color":"","overlay-opacity":"","overlay-gradient":""}},"footnotes":""},"class_list":["post-5871","page","type-page","status-publish","hentry"],"yoast_head":"<!-- This site is optimized with the Yoast SEO Premium plugin v24.2 (Yoast SEO v24.6) - https:\/\/yoast.com\/wordpress\/plugins\/seo\/ -->\n<title>Rudolf Steiner - Uni\u00f3n Esp\u00edrita<\/title>\n<meta name=\"robots\" content=\"index, follow, max-snippet:-1, max-image-preview:large, max-video-preview:-1\" \/>\n<link rel=\"canonical\" href=\"https:\/\/nuevo-renacer.com\/en\/rudolf-steiner\/\" \/>\n<meta property=\"og:locale\" content=\"en_GB\" \/>\n<meta property=\"og:type\" content=\"article\" \/>\n<meta property=\"og:title\" content=\"Rudolf Steiner\" \/>\n<meta property=\"og:description\" content=\"Rudolf Steiner Rudolf Steiner naci\u00f3 el 27 de febrero de 1861 en Kraljevec, antigua Hungr\u00eda, hoy Croacia (en la foto, de pie, con su hermana peque\u00f1a). Pas\u00f3 su infancia en Pottschach. Su padre trabajaba all\u00ed como telegrafista para los Ferrocarriles Austriacos del Sur. La familia, a la que con los a\u00f1os se unieron una hermana [&hellip;]\" \/>\n<meta property=\"og:url\" content=\"https:\/\/nuevo-renacer.com\/en\/rudolf-steiner\/\" \/>\n<meta property=\"og:site_name\" content=\"Uni\u00f3n Esp\u00edrita\" \/>\n<meta property=\"article:publisher\" content=\"https:\/\/www.facebook.com\/groups\/3431398063740829\" \/>\n<meta property=\"article:modified_time\" content=\"2025-01-03T13:16:04+00:00\" \/>\n<meta property=\"og:image\" content=\"https:\/\/nuevo-renacer.com\/wp-content\/uploads\/2024\/11\/Rudolf-Steiner-lebenstationen-Berlin.jpg\" \/>\n\t<meta property=\"og:image:width\" content=\"800\" \/>\n\t<meta property=\"og:image:height\" content=\"1174\" \/>\n\t<meta property=\"og:image:type\" content=\"image\/jpeg\" \/>\n<meta name=\"twitter:card\" content=\"summary_large_image\" \/>\n<meta name=\"twitter:label1\" content=\"Estimated reading time\" \/>\n\t<meta name=\"twitter:data1\" content=\"3 minutes\" \/>\n<script type=\"application\/ld+json\" class=\"yoast-schema-graph\">{\"@context\":\"https:\/\/schema.org\",\"@graph\":[{\"@type\":\"WebPage\",\"@id\":\"https:\/\/nuevo-renacer.com\/rudolf-steiner\/\",\"url\":\"https:\/\/nuevo-renacer.com\/rudolf-steiner\/\",\"name\":\"Rudolf Steiner - Uni\u00f3n Esp\u00edrita\",\"isPartOf\":{\"@id\":\"https:\/\/nuevo-renacer.com\/#website\"},\"primaryImageOfPage\":{\"@id\":\"https:\/\/nuevo-renacer.com\/rudolf-steiner\/#primaryimage\"},\"image\":{\"@id\":\"https:\/\/nuevo-renacer.com\/rudolf-steiner\/#primaryimage\"},\"thumbnailUrl\":\"https:\/\/nuevo-renacer.com\/wp-content\/uploads\/2024\/11\/Rudolf-Steiner-lebenstationen-Berlin-698x1024.jpg\",\"datePublished\":\"2024-11-06T11:07:09+00:00\",\"dateModified\":\"2025-01-03T13:16:04+00:00\",\"breadcrumb\":{\"@id\":\"https:\/\/nuevo-renacer.com\/rudolf-steiner\/#breadcrumb\"},\"inLanguage\":\"en-GB\",\"potentialAction\":[{\"@type\":\"ReadAction\",\"target\":[\"https:\/\/nuevo-renacer.com\/rudolf-steiner\/\"]}]},{\"@type\":\"ImageObject\",\"inLanguage\":\"en-GB\",\"@id\":\"https:\/\/nuevo-renacer.com\/rudolf-steiner\/#primaryimage\",\"url\":\"https:\/\/nuevo-renacer.com\/wp-content\/uploads\/2024\/11\/Rudolf-Steiner-lebenstationen-Berlin-698x1024.jpg\",\"contentUrl\":\"https:\/\/nuevo-renacer.com\/wp-content\/uploads\/2024\/11\/Rudolf-Steiner-lebenstationen-Berlin-698x1024.jpg\"},{\"@type\":\"BreadcrumbList\",\"@id\":\"https:\/\/nuevo-renacer.com\/rudolf-steiner\/#breadcrumb\",\"itemListElement\":[{\"@type\":\"ListItem\",\"position\":1,\"name\":\"Startseite\",\"item\":\"https:\/\/nuevo-renacer.com\/\"},{\"@type\":\"ListItem\",\"position\":2,\"name\":\"Rudolf Steiner\"}]},{\"@type\":\"WebSite\",\"@id\":\"https:\/\/nuevo-renacer.com\/#website\",\"url\":\"https:\/\/nuevo-renacer.com\/\",\"name\":\"Uni\u00f3n Esp\u00edrita\",\"description\":\"Nuevo Renacer\",\"publisher\":{\"@id\":\"https:\/\/nuevo-renacer.com\/#organization\"},\"potentialAction\":[{\"@type\":\"SearchAction\",\"target\":{\"@type\":\"EntryPoint\",\"urlTemplate\":\"https:\/\/nuevo-renacer.com\/?s={search_term_string}\"},\"query-input\":{\"@type\":\"PropertyValueSpecification\",\"valueRequired\":true,\"valueName\":\"search_term_string\"}}],\"inLanguage\":\"en-GB\"},{\"@type\":\"Organization\",\"@id\":\"https:\/\/nuevo-renacer.com\/#organization\",\"name\":\"UFEC\",\"url\":\"https:\/\/nuevo-renacer.com\/\",\"logo\":{\"@type\":\"ImageObject\",\"inLanguage\":\"en-GB\",\"@id\":\"https:\/\/nuevo-renacer.com\/#\/schema\/logo\/image\/\",\"url\":\"https:\/\/nuevo-renacer.com\/wp-content\/uploads\/2024\/05\/cropped-LOGO-TERMINADO1-3-3.png\",\"contentUrl\":\"https:\/\/nuevo-renacer.com\/wp-content\/uploads\/2024\/05\/cropped-LOGO-TERMINADO1-3-3.png\",\"width\":512,\"height\":512,\"caption\":\"UFEC\"},\"image\":{\"@id\":\"https:\/\/nuevo-renacer.com\/#\/schema\/logo\/image\/\"},\"sameAs\":[\"https:\/\/www.facebook.com\/groups\/3431398063740829\"]}]}<\/script>\n<!-- \/ Yoast SEO Premium plugin. -->","yoast_head_json":{"title":"Rudolf Steiner - Uni\u00f3n Esp\u00edrita","robots":{"index":"index","follow":"follow","max-snippet":"max-snippet:-1","max-image-preview":"max-image-preview:large","max-video-preview":"max-video-preview:-1"},"canonical":"https:\/\/nuevo-renacer.com\/en\/rudolf-steiner\/","og_locale":"en_GB","og_type":"article","og_title":"Rudolf Steiner","og_description":"Rudolf Steiner Rudolf Steiner naci\u00f3 el 27 de febrero de 1861 en Kraljevec, antigua Hungr\u00eda, hoy Croacia (en la foto, de pie, con su hermana peque\u00f1a). Pas\u00f3 su infancia en Pottschach. Su padre trabajaba all\u00ed como telegrafista para los Ferrocarriles Austriacos del Sur. La familia, a la que con los a\u00f1os se unieron una hermana [&hellip;]","og_url":"https:\/\/nuevo-renacer.com\/en\/rudolf-steiner\/","og_site_name":"Uni\u00f3n Esp\u00edrita","article_publisher":"https:\/\/www.facebook.com\/groups\/3431398063740829","article_modified_time":"2025-01-03T13:16:04+00:00","og_image":[{"width":800,"height":1174,"url":"https:\/\/nuevo-renacer.com\/wp-content\/uploads\/2024\/11\/Rudolf-Steiner-lebenstationen-Berlin.jpg","type":"image\/jpeg"}],"twitter_card":"summary_large_image","twitter_misc":{"Estimated reading time":"3 minutes"},"schema":{"@context":"https:\/\/schema.org","@graph":[{"@type":"WebPage","@id":"https:\/\/nuevo-renacer.com\/rudolf-steiner\/","url":"https:\/\/nuevo-renacer.com\/rudolf-steiner\/","name":"Rudolf Steiner - Uni\u00f3n Esp\u00edrita","isPartOf":{"@id":"https:\/\/nuevo-renacer.com\/#website"},"primaryImageOfPage":{"@id":"https:\/\/nuevo-renacer.com\/rudolf-steiner\/#primaryimage"},"image":{"@id":"https:\/\/nuevo-renacer.com\/rudolf-steiner\/#primaryimage"},"thumbnailUrl":"https:\/\/nuevo-renacer.com\/wp-content\/uploads\/2024\/11\/Rudolf-Steiner-lebenstationen-Berlin-698x1024.jpg","datePublished":"2024-11-06T11:07:09+00:00","dateModified":"2025-01-03T13:16:04+00:00","breadcrumb":{"@id":"https:\/\/nuevo-renacer.com\/rudolf-steiner\/#breadcrumb"},"inLanguage":"en-GB","potentialAction":[{"@type":"ReadAction","target":["https:\/\/nuevo-renacer.com\/rudolf-steiner\/"]}]},{"@type":"ImageObject","inLanguage":"en-GB","@id":"https:\/\/nuevo-renacer.com\/rudolf-steiner\/#primaryimage","url":"https:\/\/nuevo-renacer.com\/wp-content\/uploads\/2024\/11\/Rudolf-Steiner-lebenstationen-Berlin-698x1024.jpg","contentUrl":"https:\/\/nuevo-renacer.com\/wp-content\/uploads\/2024\/11\/Rudolf-Steiner-lebenstationen-Berlin-698x1024.jpg"},{"@type":"BreadcrumbList","@id":"https:\/\/nuevo-renacer.com\/rudolf-steiner\/#breadcrumb","itemListElement":[{"@type":"ListItem","position":1,"name":"Startseite","item":"https:\/\/nuevo-renacer.com\/"},{"@type":"ListItem","position":2,"name":"Rudolf Steiner"}]},{"@type":"WebSite","@id":"https:\/\/nuevo-renacer.com\/#website","url":"https:\/\/nuevo-renacer.com\/","name":"Uni\u00f3n Esp\u00edrita","description":"Nuevo Renacer","publisher":{"@id":"https:\/\/nuevo-renacer.com\/#organization"},"potentialAction":[{"@type":"SearchAction","target":{"@type":"EntryPoint","urlTemplate":"https:\/\/nuevo-renacer.com\/?s={search_term_string}"},"query-input":{"@type":"PropertyValueSpecification","valueRequired":true,"valueName":"search_term_string"}}],"inLanguage":"en-GB"},{"@type":"Organization","@id":"https:\/\/nuevo-renacer.com\/#organization","name":"UFEC","url":"https:\/\/nuevo-renacer.com\/","logo":{"@type":"ImageObject","inLanguage":"en-GB","@id":"https:\/\/nuevo-renacer.com\/#\/schema\/logo\/image\/","url":"https:\/\/nuevo-renacer.com\/wp-content\/uploads\/2024\/05\/cropped-LOGO-TERMINADO1-3-3.png","contentUrl":"https:\/\/nuevo-renacer.com\/wp-content\/uploads\/2024\/05\/cropped-LOGO-TERMINADO1-3-3.png","width":512,"height":512,"caption":"UFEC"},"image":{"@id":"https:\/\/nuevo-renacer.com\/#\/schema\/logo\/image\/"},"sameAs":["https:\/\/www.facebook.com\/groups\/3431398063740829"]}]}},"uagb_featured_image_src":{"full":false,"thumbnail":false,"medium":false,"medium_large":false,"large":false,"1536x1536":false,"2048x2048":false,"trp-custom-language-flag":false},"uagb_author_info":{"display_name":"adbv0","author_link":"https:\/\/nuevo-renacer.com\/en\/author\/adbv0\/"},"uagb_comment_info":0,"uagb_excerpt":"Rudolf Steiner Rudolf Steiner naci\u00f3 el 27 de febrero de 1861 en Kraljevec, antigua Hungr\u00eda, hoy Croacia (en la foto, de pie, con su hermana peque\u00f1a). Pas\u00f3 su infancia en Pottschach. Su padre trabajaba all\u00ed como telegrafista para los Ferrocarriles Austriacos del Sur. La familia, a la que con los a\u00f1os se unieron una hermana&hellip;","jetpack_sharing_enabled":true,"_links":{"self":[{"href":"https:\/\/nuevo-renacer.com\/en\/wp-json\/wp\/v2\/pages\/5871","targetHints":{"allow":["GET"]}}],"collection":[{"href":"https:\/\/nuevo-renacer.com\/en\/wp-json\/wp\/v2\/pages"}],"about":[{"href":"https:\/\/nuevo-renacer.com\/en\/wp-json\/wp\/v2\/types\/page"}],"author":[{"embeddable":true,"href":"https:\/\/nuevo-renacer.com\/en\/wp-json\/wp\/v2\/users\/1"}],"replies":[{"embeddable":true,"href":"https:\/\/nuevo-renacer.com\/en\/wp-json\/wp\/v2\/comments?post=5871"}],"version-history":[{"count":4,"href":"https:\/\/nuevo-renacer.com\/en\/wp-json\/wp\/v2\/pages\/5871\/revisions"}],"predecessor-version":[{"id":6660,"href":"https:\/\/nuevo-renacer.com\/en\/wp-json\/wp\/v2\/pages\/5871\/revisions\/6660"}],"wp:attachment":[{"href":"https:\/\/nuevo-renacer.com\/en\/wp-json\/wp\/v2\/media?parent=5871"}],"curies":[{"name":"wp","href":"https:\/\/api.w.org\/{rel}","templated":true}]}}