{"id":5852,"date":"2024-10-29T09:41:34","date_gmt":"2024-10-29T09:41:34","guid":{"rendered":"https:\/\/nuevo-renacer.com\/?page_id=5852"},"modified":"2024-10-29T09:48:54","modified_gmt":"2024-10-29T09:48:54","slug":"jose-herculano-pires","status":"publish","type":"page","link":"https:\/\/nuevo-renacer.com\/en\/jose-herculano-pires\/","title":{"rendered":"Jos\u00e9 Herculano Pires"},"content":{"rendered":"<div class=\"wp-block-uagb-container uagb-block-1dc7fe0f alignfull uagb-is-root-container\"><div class=\"uagb-container-inner-blocks-wrap\">\n<p class=\"has-black-color has-text-color has-link-color has-medium-font-size wp-elements-d3cc26d6b8da34fe70fd5a19856f6b4e\"><strong>Jos\u00e9 Herculano Pires<\/strong><\/p>\n<\/div><\/div>\n\n\n\n<div class=\"wp-block-uagb-container uagb-block-e1de0302 alignfull uagb-is-root-container\"><div class=\"uagb-container-inner-blocks-wrap\">\n<figure class=\"wp-block-image size-full is-resized\"><img fetchpriority=\"high\" decoding=\"async\" width=\"300\" height=\"225\" src=\"https:\/\/nuevo-renacer.com\/wp-content\/uploads\/2024\/10\/biografiaherculano.jpg\" alt=\"\" class=\"wp-image-5853\" style=\"width:280px;height:auto\" srcset=\"https:\/\/nuevo-renacer.com\/wp-content\/uploads\/2024\/10\/biografiaherculano.jpg 300w, https:\/\/nuevo-renacer.com\/wp-content\/uploads\/2024\/10\/biografiaherculano-16x12.jpg 16w\" sizes=\"(max-width: 300px) 100vw, 300px\" \/><\/figure>\n<\/div><\/div>\n\n\n\n<div class=\"wp-block-uagb-container uagb-block-0321a983 alignfull uagb-is-root-container\"><div class=\"uagb-container-inner-blocks-wrap\">\n<p class=\"has-black-color has-text-color has-link-color has-small-font-size wp-elements-55da948fbd46e312dc43ea1d02c59b78\">Known in Brazil as the \"multiple\" man and \"Kardec's Apostle\", he stood out for his constant struggle to faithfully preserve the work of the codifier, being courageous in the face of the great spiritist institutions in defence of the purity of the Spiritism. His superior intelligence and humanistic culture shone with great magnitude. Philosopher, journalist, educator, writer, literary critic, theosophist and politician. Author of more than 81 works including essays, short stories, philosophy, history, psychology, parapsychology and spiritism. Some of these books in association with the medium Francisco C\u00e1ndido Xavier, whom he considered one of the most important authors within the spiritism movement.<\/p>\n\n\n\n<p class=\"has-black-color has-text-color has-link-color has-small-font-size wp-elements-70e6470d40e8df0e60e084c31362c0b0\">He defended the concept of doctrinal purity, according to which it was necessary to preserve the doctrine from all mystical and esoteric influences. In the philosophical works he wrote, he makes it clear that the contribution of Spiritism, with regard to the meaning of human existence, is opposed to nihilism and materialistic existentialism.<\/p>\n\n\n\n<p class=\"has-black-color has-text-color has-link-color has-small-font-size wp-elements-8fe437a539b2a18fce54544c02fa9fa5\">He was one of the founders of the School of Philosophy of Araraquara, where he taught as Master of Philosophy (USP) and member of the Brazilian Society of Philosophy. President of the Union of S\u00e3o Paulo State Journalists. For 20 years he maintained a daily column in \"The Associated Spiritism\" under the pseudonym of Brother Saulo. He carefully and faithfully translated Kardec's works, enriching them with his comments and explanatory footnotes. A Spiritist from the age of 22, he spared no effort in the oral and written dissemination of the Doctrine to which he dedicated most of his life. To highlight his figure is for us a real honour to have the opportunity to remember his life.<\/p>\n\n\n\n<p class=\"has-black-color has-text-color has-link-color has-small-font-size wp-elements-dc6e6ea3b72875b009fc837cd248c78b\">We must go back to the year 1914 when in the old province of Rio Novo, today the beautiful city of Avar\u00e9, in the interior of Sao Paulo (Brazil), Jos\u00e9 Herculano Pires was born on the 25th of September. His mother, the pianist Bonina Amaral Simonetti Pires, and his father Jos\u00e9 Pires Correa, a pharmacist, welcomed him.<\/p>\n\n\n\n<p class=\"has-black-color has-text-color has-link-color has-small-font-size wp-elements-5aa6b9d0c8ef712fdf9bbce2e20ebea5\">After his studies in Avar\u00e9e, Ita\u00ed and Cerqueira C\u00e9sar, his literary vocation began to reveal itself and at the age of nine he composed his first sonnet. Later, at the age of sixteen, he published his first book of short stories \"Sonhos azuis\", and two years later \"Coracao\" of poems and sonnets. He contributes to newspapers and magazines of the time, in Sao Paulo and Rio de Janeiro.<\/p>\n\n\n\n<p class=\"has-black-color has-text-color has-link-color has-small-font-size wp-elements-b30dbea301b3d84928656c9336add40e\">He moved to Marilia in 1940, where he bought the Daily Paulista newspaper, which he edited for six years, and in 1946, already in Sao Paulo, he published his first novel \"The Halfway\", which was received with excellent reviews.<\/p>\n\n\n\n<p class=\"has-black-color has-text-color has-link-color has-small-font-size wp-elements-887b9ab5892e0476e5c8c86150de377b\">After graduating in Philosophy from the University of Sao Paulo, he published an existential thesis \"Being and Serenity\". He was recognised by critics as one of the renovators of the Brazilian novel.<\/p>\n\n\n\n<p class=\"has-black-color has-text-color has-link-color has-small-font-size wp-elements-a8d05f685903ba73894277a61f04ca5f\">For thirty years, he worked as a reporter, editor, secretary, parliamentary chronicler and literary critic for the Di\u00e1rios Associados in 7 de Abril Street. For four of those years, he wrote a column in collaboration with Francisco C\u00e1ndido Xavier under the title \"Chico Xavier pide licencia\" (Chico Xavier asks for leave).<\/p>\n\n\n\n<p class=\"has-black-color has-text-color has-link-color has-small-font-size wp-elements-214627bccbed3ae3cbdc863c5979085e\">He claimed to suffer from graphomania, i.e. a mania for writing day and night. He had no academic vocation and did not follow any literary school. His only personal aim was to communicate what he thought was necessary and in the best possible way. His debates on television made him famous for his polemics, especially his confrontations with his bitter enemy of Spiritism, the aggressive Jesuit Oscar Gonzales Quevedo, to whom he replied with his astonishing serenity and firmness. He was never irritated and listened patiently to his opponents. He was a loving husband and father of four children. He was the founding director of the spiritism magazine Educaci\u00f3n.<\/p>\n\n\n\n<p class=\"has-black-color has-text-color has-link-color has-small-font-size wp-elements-a079ec492ef293ec9743c5ce975fbd02\">He distinguished himself for being an idealist who fought for the spiritist cause being one of its most active and consistent followers of spiritism in Brazil. The most important characteristic of his works as a whole is the struggle to demonstrate the consistency of spiritualist thought and to defend the value of the critical aspects and systematic research proposed by Allan Kardec.<\/p>\n\n\n\n<p class=\"has-black-color has-text-color has-link-color has-small-font-size wp-elements-62966eec50f197a4f2090d73126a5e6b\">He is considered to be one of the greatest defenders of the integrity and purity of Allan Kardec's codification. He was admired and respected by all intellectuals of the time and his books continue to be widely sold and consulted on important issues of Spiritism.<\/p>\n\n\n\n<p class=\"has-black-color has-text-color has-link-color has-small-font-size wp-elements-febb399249b484949603adb1fbf0883a\">In 1970 he founded the \"Mary Virginia and J. Herculano Pires Foundation\" to publish his books. Several publishers have published translations of her books.<\/p>\n\n\n\n<p class=\"has-black-color has-text-color has-link-color has-small-font-size wp-elements-2491b1cd41d1872fa89215bf10896f34\">In 1979 he disincarnated on 3 September in the State of S\u00e3o Paulo (Brazil).<\/p>\n\n\n\n<p class=\"has-black-color has-text-color has-link-color has-small-font-size wp-elements-0fe8fb31abd50f77ec9373a32438a86b\">His thinking:<\/p>\n\n\n\n<p class=\"has-black-color has-text-color has-link-color has-small-font-size wp-elements-8ba1af43a4e161c9e0e2301dca5c74e5\"><em>To be faithful to Truth, to know how to respect it and to humble oneself before it are the three stumbling blocks of man on earth. We can know the Truth and proclaim it, try to live it and communicate it to others, but to have the courage to hold it in times of crisis is almost a privilege in the world of earthly vanities and lies. That is why the great Masters always tend to taste the gall cup of abandonment, like Jesus in the Garden, facing only the awakening of betrayal, or on Calvary, enduring the abandonment of crucifixion.<\/em><\/p>\n<\/div><\/div>\n\n\n\n<div class=\"wp-block-uagb-container uagb-block-0d3a34f6 alignfull uagb-is-root-container\"><div class=\"uagb-container-inner-blocks-wrap\"><\/div><\/div>\n\n\n\n<div class=\"wp-block-uagb-container uagb-block-8b0e7a6e alignfull uagb-is-root-container\"><div class=\"uagb-container-inner-blocks-wrap\"><\/div><\/div>","protected":false},"excerpt":{"rendered":"<p>Jos\u00e9 Herculano Pires Conocido en Brasil como el hombre&nbsp;\u201cm\u00faltiple\u201d&nbsp;y&nbsp;\u201cEl Ap\u00f3stol de Kardec\u201d,&nbsp;se destac\u00f3 por su constante lucha en conservar fielmente el trabajo del codificador, siendo valiente frente a las grandes instituciones esp\u00edritas en defensa de la pureza del Espiritismo. Su inteligencia superior de cultura human\u00edstica brillo con gran magnitud. Fil\u00f3sofo, periodista, educador, escritor, cr\u00edtico literario, [&hellip;]<\/p>","protected":false},"author":1,"featured_media":0,"parent":0,"menu_order":0,"comment_status":"closed","ping_status":"closed","template":"","meta":{"_uag_custom_page_level_css":"","site-sidebar-layout":"default","site-content-layout":"","ast-site-content-layout":"default","site-content-style":"default","site-sidebar-style":"default","ast-global-header-display":"","ast-banner-title-visibility":"","ast-main-header-display":"","ast-hfb-above-header-display":"","ast-hfb-below-header-display":"","ast-hfb-mobile-header-display":"","site-post-title":"disabled","ast-breadcrumbs-content":"","ast-featured-img":"","footer-sml-layout":"","theme-transparent-header-meta":"","adv-header-id-meta":"","stick-header-meta":"","header-above-stick-meta":"","header-main-stick-meta":"","header-below-stick-meta":"","astra-migrate-meta-layouts":"set","ast-page-background-enabled":"default","ast-page-background-meta":{"desktop":{"background-color":"var(--ast-global-color-4)","background-image":"","background-repeat":"repeat","background-position":"center center","background-size":"auto","background-attachment":"scroll","background-type":"","background-media":"","overlay-type":"","overlay-color":"","overlay-opacity":"","overlay-gradient":""},"tablet":{"background-color":"","background-image":"","background-repeat":"repeat","background-position":"center center","background-size":"auto","background-attachment":"scroll","background-type":"","background-media":"","overlay-type":"","overlay-color":"","overlay-opacity":"","overlay-gradient":""},"mobile":{"background-color":"","background-image":"","background-repeat":"repeat","background-position":"center center","background-size":"auto","background-attachment":"scroll","background-type":"","background-media":"","overlay-type":"","overlay-color":"","overlay-opacity":"","overlay-gradient":""}},"ast-content-background-meta":{"desktop":{"background-color":"var(--ast-global-color-5)","background-image":"","background-repeat":"repeat","background-position":"center center","background-size":"auto","background-attachment":"scroll","background-type":"","background-media":"","overlay-type":"","overlay-color":"","overlay-opacity":"","overlay-gradient":""},"tablet":{"background-color":"var(--ast-global-color-5)","background-image":"","background-repeat":"repeat","background-position":"center center","background-size":"auto","background-attachment":"scroll","background-type":"","background-media":"","overlay-type":"","overlay-color":"","overlay-opacity":"","overlay-gradient":""},"mobile":{"background-color":"var(--ast-global-color-5)","background-image":"","background-repeat":"repeat","background-position":"center center","background-size":"auto","background-attachment":"scroll","background-type":"","background-media":"","overlay-type":"","overlay-color":"","overlay-opacity":"","overlay-gradient":""}},"footnotes":""},"class_list":["post-5852","page","type-page","status-publish","hentry"],"yoast_head":"<!-- This site is optimized with the Yoast SEO Premium plugin v24.2 (Yoast SEO v24.6) - https:\/\/yoast.com\/wordpress\/plugins\/seo\/ -->\n<title>Jos\u00e9 Herculano Pires - Uni\u00f3n Esp\u00edrita<\/title>\n<meta name=\"robots\" content=\"index, follow, max-snippet:-1, max-image-preview:large, max-video-preview:-1\" \/>\n<link rel=\"canonical\" href=\"https:\/\/nuevo-renacer.com\/en\/jose-herculano-pires\/\" \/>\n<meta property=\"og:locale\" content=\"en_GB\" \/>\n<meta property=\"og:type\" content=\"article\" \/>\n<meta property=\"og:title\" content=\"Jos\u00e9 Herculano Pires\" \/>\n<meta property=\"og:description\" content=\"Jos\u00e9 Herculano Pires Conocido en Brasil como el hombre&nbsp;\u201cm\u00faltiple\u201d&nbsp;y&nbsp;\u201cEl Ap\u00f3stol de Kardec\u201d,&nbsp;se destac\u00f3 por su constante lucha en conservar fielmente el trabajo del codificador, siendo valiente frente a las grandes instituciones esp\u00edritas en defensa de la pureza del Espiritismo. Su inteligencia superior de cultura human\u00edstica brillo con gran magnitud. Fil\u00f3sofo, periodista, educador, escritor, cr\u00edtico literario, [&hellip;]\" \/>\n<meta property=\"og:url\" content=\"https:\/\/nuevo-renacer.com\/en\/jose-herculano-pires\/\" \/>\n<meta property=\"og:site_name\" content=\"Uni\u00f3n Esp\u00edrita\" \/>\n<meta property=\"article:publisher\" content=\"https:\/\/www.facebook.com\/groups\/3431398063740829\" \/>\n<meta property=\"article:modified_time\" content=\"2024-10-29T09:48:54+00:00\" \/>\n<meta property=\"og:image\" content=\"https:\/\/nuevo-renacer.com\/wp-content\/uploads\/2024\/10\/biografiaherculano.jpg\" \/>\n\t<meta property=\"og:image:width\" content=\"300\" \/>\n\t<meta property=\"og:image:height\" content=\"225\" \/>\n\t<meta property=\"og:image:type\" content=\"image\/jpeg\" \/>\n<meta name=\"twitter:card\" content=\"summary_large_image\" \/>\n<meta name=\"twitter:label1\" content=\"Estimated reading time\" \/>\n\t<meta name=\"twitter:data1\" content=\"5 minutes\" \/>\n<script type=\"application\/ld+json\" class=\"yoast-schema-graph\">{\"@context\":\"https:\/\/schema.org\",\"@graph\":[{\"@type\":\"WebPage\",\"@id\":\"https:\/\/nuevo-renacer.com\/jose-herculano-pires\/\",\"url\":\"https:\/\/nuevo-renacer.com\/jose-herculano-pires\/\",\"name\":\"Jos\u00e9 Herculano Pires - Uni\u00f3n Esp\u00edrita\",\"isPartOf\":{\"@id\":\"https:\/\/nuevo-renacer.com\/#website\"},\"primaryImageOfPage\":{\"@id\":\"https:\/\/nuevo-renacer.com\/jose-herculano-pires\/#primaryimage\"},\"image\":{\"@id\":\"https:\/\/nuevo-renacer.com\/jose-herculano-pires\/#primaryimage\"},\"thumbnailUrl\":\"https:\/\/nuevo-renacer.com\/wp-content\/uploads\/2024\/10\/biografiaherculano.jpg\",\"datePublished\":\"2024-10-29T09:41:34+00:00\",\"dateModified\":\"2024-10-29T09:48:54+00:00\",\"breadcrumb\":{\"@id\":\"https:\/\/nuevo-renacer.com\/jose-herculano-pires\/#breadcrumb\"},\"inLanguage\":\"en-GB\",\"potentialAction\":[{\"@type\":\"ReadAction\",\"target\":[\"https:\/\/nuevo-renacer.com\/jose-herculano-pires\/\"]}]},{\"@type\":\"ImageObject\",\"inLanguage\":\"en-GB\",\"@id\":\"https:\/\/nuevo-renacer.com\/jose-herculano-pires\/#primaryimage\",\"url\":\"https:\/\/nuevo-renacer.com\/wp-content\/uploads\/2024\/10\/biografiaherculano.jpg\",\"contentUrl\":\"https:\/\/nuevo-renacer.com\/wp-content\/uploads\/2024\/10\/biografiaherculano.jpg\"},{\"@type\":\"BreadcrumbList\",\"@id\":\"https:\/\/nuevo-renacer.com\/jose-herculano-pires\/#breadcrumb\",\"itemListElement\":[{\"@type\":\"ListItem\",\"position\":1,\"name\":\"Startseite\",\"item\":\"https:\/\/nuevo-renacer.com\/\"},{\"@type\":\"ListItem\",\"position\":2,\"name\":\"Jos\u00e9 Herculano Pires\"}]},{\"@type\":\"WebSite\",\"@id\":\"https:\/\/nuevo-renacer.com\/#website\",\"url\":\"https:\/\/nuevo-renacer.com\/\",\"name\":\"Uni\u00f3n Esp\u00edrita\",\"description\":\"Nuevo Renacer\",\"publisher\":{\"@id\":\"https:\/\/nuevo-renacer.com\/#organization\"},\"potentialAction\":[{\"@type\":\"SearchAction\",\"target\":{\"@type\":\"EntryPoint\",\"urlTemplate\":\"https:\/\/nuevo-renacer.com\/?s={search_term_string}\"},\"query-input\":{\"@type\":\"PropertyValueSpecification\",\"valueRequired\":true,\"valueName\":\"search_term_string\"}}],\"inLanguage\":\"en-GB\"},{\"@type\":\"Organization\",\"@id\":\"https:\/\/nuevo-renacer.com\/#organization\",\"name\":\"UFEC\",\"url\":\"https:\/\/nuevo-renacer.com\/\",\"logo\":{\"@type\":\"ImageObject\",\"inLanguage\":\"en-GB\",\"@id\":\"https:\/\/nuevo-renacer.com\/#\/schema\/logo\/image\/\",\"url\":\"https:\/\/nuevo-renacer.com\/wp-content\/uploads\/2024\/05\/cropped-LOGO-TERMINADO1-3-3.png\",\"contentUrl\":\"https:\/\/nuevo-renacer.com\/wp-content\/uploads\/2024\/05\/cropped-LOGO-TERMINADO1-3-3.png\",\"width\":512,\"height\":512,\"caption\":\"UFEC\"},\"image\":{\"@id\":\"https:\/\/nuevo-renacer.com\/#\/schema\/logo\/image\/\"},\"sameAs\":[\"https:\/\/www.facebook.com\/groups\/3431398063740829\"]}]}<\/script>\n<!-- \/ Yoast SEO Premium plugin. -->","yoast_head_json":{"title":"Jos\u00e9 Herculano Pires - Uni\u00f3n Esp\u00edrita","robots":{"index":"index","follow":"follow","max-snippet":"max-snippet:-1","max-image-preview":"max-image-preview:large","max-video-preview":"max-video-preview:-1"},"canonical":"https:\/\/nuevo-renacer.com\/en\/jose-herculano-pires\/","og_locale":"en_GB","og_type":"article","og_title":"Jos\u00e9 Herculano Pires","og_description":"Jos\u00e9 Herculano Pires Conocido en Brasil como el hombre&nbsp;\u201cm\u00faltiple\u201d&nbsp;y&nbsp;\u201cEl Ap\u00f3stol de Kardec\u201d,&nbsp;se destac\u00f3 por su constante lucha en conservar fielmente el trabajo del codificador, siendo valiente frente a las grandes instituciones esp\u00edritas en defensa de la pureza del Espiritismo. Su inteligencia superior de cultura human\u00edstica brillo con gran magnitud. Fil\u00f3sofo, periodista, educador, escritor, cr\u00edtico literario, [&hellip;]","og_url":"https:\/\/nuevo-renacer.com\/en\/jose-herculano-pires\/","og_site_name":"Uni\u00f3n Esp\u00edrita","article_publisher":"https:\/\/www.facebook.com\/groups\/3431398063740829","article_modified_time":"2024-10-29T09:48:54+00:00","og_image":[{"width":300,"height":225,"url":"https:\/\/nuevo-renacer.com\/wp-content\/uploads\/2024\/10\/biografiaherculano.jpg","type":"image\/jpeg"}],"twitter_card":"summary_large_image","twitter_misc":{"Estimated reading time":"5 minutes"},"schema":{"@context":"https:\/\/schema.org","@graph":[{"@type":"WebPage","@id":"https:\/\/nuevo-renacer.com\/jose-herculano-pires\/","url":"https:\/\/nuevo-renacer.com\/jose-herculano-pires\/","name":"Jos\u00e9 Herculano Pires - Uni\u00f3n Esp\u00edrita","isPartOf":{"@id":"https:\/\/nuevo-renacer.com\/#website"},"primaryImageOfPage":{"@id":"https:\/\/nuevo-renacer.com\/jose-herculano-pires\/#primaryimage"},"image":{"@id":"https:\/\/nuevo-renacer.com\/jose-herculano-pires\/#primaryimage"},"thumbnailUrl":"https:\/\/nuevo-renacer.com\/wp-content\/uploads\/2024\/10\/biografiaherculano.jpg","datePublished":"2024-10-29T09:41:34+00:00","dateModified":"2024-10-29T09:48:54+00:00","breadcrumb":{"@id":"https:\/\/nuevo-renacer.com\/jose-herculano-pires\/#breadcrumb"},"inLanguage":"en-GB","potentialAction":[{"@type":"ReadAction","target":["https:\/\/nuevo-renacer.com\/jose-herculano-pires\/"]}]},{"@type":"ImageObject","inLanguage":"en-GB","@id":"https:\/\/nuevo-renacer.com\/jose-herculano-pires\/#primaryimage","url":"https:\/\/nuevo-renacer.com\/wp-content\/uploads\/2024\/10\/biografiaherculano.jpg","contentUrl":"https:\/\/nuevo-renacer.com\/wp-content\/uploads\/2024\/10\/biografiaherculano.jpg"},{"@type":"BreadcrumbList","@id":"https:\/\/nuevo-renacer.com\/jose-herculano-pires\/#breadcrumb","itemListElement":[{"@type":"ListItem","position":1,"name":"Startseite","item":"https:\/\/nuevo-renacer.com\/"},{"@type":"ListItem","position":2,"name":"Jos\u00e9 Herculano Pires"}]},{"@type":"WebSite","@id":"https:\/\/nuevo-renacer.com\/#website","url":"https:\/\/nuevo-renacer.com\/","name":"Uni\u00f3n Esp\u00edrita","description":"Nuevo Renacer","publisher":{"@id":"https:\/\/nuevo-renacer.com\/#organization"},"potentialAction":[{"@type":"SearchAction","target":{"@type":"EntryPoint","urlTemplate":"https:\/\/nuevo-renacer.com\/?s={search_term_string}"},"query-input":{"@type":"PropertyValueSpecification","valueRequired":true,"valueName":"search_term_string"}}],"inLanguage":"en-GB"},{"@type":"Organization","@id":"https:\/\/nuevo-renacer.com\/#organization","name":"UFEC","url":"https:\/\/nuevo-renacer.com\/","logo":{"@type":"ImageObject","inLanguage":"en-GB","@id":"https:\/\/nuevo-renacer.com\/#\/schema\/logo\/image\/","url":"https:\/\/nuevo-renacer.com\/wp-content\/uploads\/2024\/05\/cropped-LOGO-TERMINADO1-3-3.png","contentUrl":"https:\/\/nuevo-renacer.com\/wp-content\/uploads\/2024\/05\/cropped-LOGO-TERMINADO1-3-3.png","width":512,"height":512,"caption":"UFEC"},"image":{"@id":"https:\/\/nuevo-renacer.com\/#\/schema\/logo\/image\/"},"sameAs":["https:\/\/www.facebook.com\/groups\/3431398063740829"]}]}},"uagb_featured_image_src":{"full":false,"thumbnail":false,"medium":false,"medium_large":false,"large":false,"1536x1536":false,"2048x2048":false,"trp-custom-language-flag":false},"uagb_author_info":{"display_name":"adbv0","author_link":"https:\/\/nuevo-renacer.com\/en\/author\/adbv0\/"},"uagb_comment_info":0,"uagb_excerpt":"Jos\u00e9 Herculano Pires Conocido en Brasil como el hombre&nbsp;\u201cm\u00faltiple\u201d&nbsp;y&nbsp;\u201cEl Ap\u00f3stol de Kardec\u201d,&nbsp;se destac\u00f3 por su constante lucha en conservar fielmente el trabajo del codificador, siendo valiente frente a las grandes instituciones esp\u00edritas en defensa de la pureza del Espiritismo. Su inteligencia superior de cultura human\u00edstica brillo con gran magnitud. Fil\u00f3sofo, periodista, educador, escritor, cr\u00edtico literario,&hellip;","jetpack_sharing_enabled":true,"_links":{"self":[{"href":"https:\/\/nuevo-renacer.com\/en\/wp-json\/wp\/v2\/pages\/5852","targetHints":{"allow":["GET"]}}],"collection":[{"href":"https:\/\/nuevo-renacer.com\/en\/wp-json\/wp\/v2\/pages"}],"about":[{"href":"https:\/\/nuevo-renacer.com\/en\/wp-json\/wp\/v2\/types\/page"}],"author":[{"embeddable":true,"href":"https:\/\/nuevo-renacer.com\/en\/wp-json\/wp\/v2\/users\/1"}],"replies":[{"embeddable":true,"href":"https:\/\/nuevo-renacer.com\/en\/wp-json\/wp\/v2\/comments?post=5852"}],"version-history":[{"count":3,"href":"https:\/\/nuevo-renacer.com\/en\/wp-json\/wp\/v2\/pages\/5852\/revisions"}],"predecessor-version":[{"id":5857,"href":"https:\/\/nuevo-renacer.com\/en\/wp-json\/wp\/v2\/pages\/5852\/revisions\/5857"}],"wp:attachment":[{"href":"https:\/\/nuevo-renacer.com\/en\/wp-json\/wp\/v2\/media?parent=5852"}],"curies":[{"name":"wp","href":"https:\/\/api.w.org\/{rel}","templated":true}]}}