{"id":5695,"date":"2024-10-21T07:53:30","date_gmt":"2024-10-21T07:53:30","guid":{"rendered":"https:\/\/nuevo-renacer.com\/?page_id=5695"},"modified":"2024-10-21T09:12:53","modified_gmt":"2024-10-21T09:12:53","slug":"historia-del-espiritismo-en-puerto-rico","status":"publish","type":"page","link":"https:\/\/nuevo-renacer.com\/en\/historia-del-espiritismo-en-puerto-rico\/","title":{"rendered":"History of Spiritism in Puerto Rico"},"content":{"rendered":"<div class=\"wp-block-uagb-container uagb-block-c6c7bbf7 alignfull uagb-is-root-container\"><div class=\"uagb-container-inner-blocks-wrap\">\n<p class=\"has-black-color has-text-color has-link-color has-medium-font-size wp-elements-077a2bc52d1e4c79d4ce5ac479ee47df\"><strong>History of Spiritism in Puerto Rico<\/strong><\/p>\n<\/div><\/div>\n\n\n\n<div class=\"wp-block-uagb-container uagb-block-ab2f7966 alignfull uagb-is-root-container\"><div class=\"uagb-container-inner-blocks-wrap\"><\/div><\/div>\n\n\n\n<div class=\"wp-block-uagb-container uagb-block-51fb9613 alignfull uagb-is-root-container\"><div class=\"uagb-container-inner-blocks-wrap\">\n<figure class=\"wp-block-image size-full is-resized has-custom-border\"><img fetchpriority=\"high\" decoding=\"async\" width=\"800\" height=\"534\" src=\"https:\/\/nuevo-renacer.com\/wp-content\/uploads\/2024\/10\/Flag_of_Puerto_Rico.svg_.png\" alt=\"\" class=\"wp-image-5696\" style=\"border-width:1px;width:84px\" srcset=\"https:\/\/nuevo-renacer.com\/wp-content\/uploads\/2024\/10\/Flag_of_Puerto_Rico.svg_.png 800w, https:\/\/nuevo-renacer.com\/wp-content\/uploads\/2024\/10\/Flag_of_Puerto_Rico.svg_-300x200.png 300w, https:\/\/nuevo-renacer.com\/wp-content\/uploads\/2024\/10\/Flag_of_Puerto_Rico.svg_-768x513.png 768w, https:\/\/nuevo-renacer.com\/wp-content\/uploads\/2024\/10\/Flag_of_Puerto_Rico.svg_-18x12.png 18w\" sizes=\"(max-width: 800px) 100vw, 800px\" \/><\/figure>\n<\/div><\/div>\n\n\n\n<div class=\"wp-block-uagb-container uagb-block-37af93f0 alignfull uagb-is-root-container\"><div class=\"uagb-container-inner-blocks-wrap\"><\/div><\/div>\n\n\n\n<div class=\"wp-block-uagb-container uagb-block-dc67442e alignfull uagb-is-root-container\"><div class=\"uagb-container-inner-blocks-wrap\">\n<p class=\"has-black-color has-text-color has-link-color has-small-font-size wp-elements-dc861ff5b0b12c03bc6df013be7982f7\">The Spiritism was introduced in Puerto Rico during the second half of the 19th century. At that time Puerto Rico was a colony of Spain, and the official religion was Catholicism. The political environment was characterised by repression of civil rights. However, a number of middle-class Puerto Ricans had the opportunity to go to Europe to study and were influenced by the books of a French educator and philosopher who wrote under the pseudonym Allan Kardec (1804-1869). Kardec is considered the father of Spiritism because he was responsible for compiling the spiritism doctrine in a series of books. Upon the return of this group of Puerto Rican intellectuals, the spiritism ideal began to spread on the island.<\/p>\n\n\n\n<p class=\"has-black-color has-text-color has-link-color has-small-font-size wp-elements-7f8fe027e19952bbcdf389777cc00ec9\">The Spiritism works such as the Spirits\u2018 Book and the Mediums\u2019 Book became very popular among the Puerto Rican intellectual community basically because they preached the ideal of equality and social justice. Some Puerto Rican leaders such as Rosendo Matienzo Cintr\u00f3n and Manuel Corchado y Juarbe became interested in spiritist philosophy and made references to spiritism doctrine in their speeches to the Puerto Rican community.<\/p>\n\n\n\n<div class=\"wp-block-uagb-container uagb-block-abaf414a\">\n<figure class=\"wp-block-gallery has-nested-images columns-default is-cropped wp-block-gallery-1 is-layout-flex wp-block-gallery-is-layout-flex\">\n<figure class=\"wp-block-image size-large\"><img decoding=\"async\" width=\"279\" height=\"181\" data-id=\"5702\" src=\"https:\/\/nuevo-renacer.com\/wp-content\/uploads\/2024\/10\/Rosendo-Matienzo-Cintron.webp\" alt=\"\" class=\"wp-image-5702\" srcset=\"https:\/\/nuevo-renacer.com\/wp-content\/uploads\/2024\/10\/Rosendo-Matienzo-Cintron.webp 279w, https:\/\/nuevo-renacer.com\/wp-content\/uploads\/2024\/10\/Rosendo-Matienzo-Cintron-18x12.webp 18w\" sizes=\"(max-width: 279px) 100vw, 279px\" \/><figcaption class=\"wp-element-caption\">Rosendo Matienzo Cintr\u00f3n<\/figcaption><\/figure>\n\n\n\n<figure class=\"wp-block-image size-large\"><img decoding=\"async\" width=\"194\" height=\"260\" data-id=\"5701\" src=\"https:\/\/nuevo-renacer.com\/wp-content\/uploads\/2024\/10\/Manuel-Corchado-y-Juarbe.jpg\" alt=\"\" class=\"wp-image-5701\" srcset=\"https:\/\/nuevo-renacer.com\/wp-content\/uploads\/2024\/10\/Manuel-Corchado-y-Juarbe.jpg 194w, https:\/\/nuevo-renacer.com\/wp-content\/uploads\/2024\/10\/Manuel-Corchado-y-Juarbe-9x12.jpg 9w\" sizes=\"(max-width: 194px) 100vw, 194px\" \/><figcaption class=\"wp-element-caption\">Manuel Corchado y Juarbe<\/figcaption><\/figure>\n<\/figure>\n<\/div>\n\n\n\n<p class=\"has-black-color has-text-color has-link-color has-small-font-size wp-elements-238f59e13f0a1f7f4821b2db9786f6e7\">At first, spiritism groups had to organise themselves secretly because the Spanish government thought they were affiliated with revolutionary groups. Because of this, some spiritism was persecuted and arrested by the Spanish government. The country's newspapers published articles in which spiritism was described as \"an abominable social cancer\" and a cause of mental illness. In 1875 the Bolet\u00edn Mercantil, a government newspaper, reported that spiritism was \u2018invading\u2019 the island. Spiritism was denied sacraments such as baptism and marriage.<\/p>\n\n\n\n<p class=\"has-black-color has-text-color has-link-color has-small-font-size wp-elements-b1c6576d6bbf1eeb46b8fc3054372c5c\">Despite the repression, the spiritism movement grew rapidly and several spiritism centres were organised in different parts of the island. The first spiritism centre was founded in 1881 in the town of Mayag\u00fcez, and was called Renacimiento. During the last two decades of the 19th century, spiritism groups promoted reforms in the areas of education, health and politics. As part of these reforms, they organised libraries and published a significant number of newspapers. Spiritist leaders considered the study of Spiritism essential for the intellectual and moral growth of the Puerto Rican community. In 1873 Manuel Corchado y Juarbe presented a bill in the Spanish Cortes recommending that spiritism be studied in secondary schools.<\/p>\n\n\n\n<p class=\"has-black-color has-text-color has-link-color has-small-font-size wp-elements-7a1ce3a135be78fb1bcc97a095fa13a1\">The Spiritism groups also worked to improve health services by creating several hospitals around the island. They were involved in the struggle for social and political reforms. For example, in 1888 a group of spiritists sent delegates to the First Congress of Spiritists held in Barcelona to condemn the abuse and repression of the Spanish government. Spiritism leaders such as Matienzo Cintr\u00f3n and Emeterio Bacon were also prominent politicians who were committed to achieving greater freedom and justice for Puerto Ricans.<\/p>\n\n\n\n<p class=\"has-black-color has-text-color has-link-color has-small-font-size wp-elements-58782a12500a455bc53924ef2308ee71\">In 1898, the United States invaded Puerto Rico and took possession of the island. This event occurred six months after Spain had granted autonomous government to the island. Under U.S. rule, Puerto Rico once again became an oppressed colony.<\/p>\n\n\n\n<p class=\"has-black-color has-text-color has-link-color has-small-font-size wp-elements-cd3d04b647e65cdd88e0279d79037291\">Spiritism continued to grow on the island, and in 1903 a group of spiritists founded the \"Federaci\u00f3n de Espiritistas de Puerto Rico\" (Federation of Spiritism of Puerto Rico). This organisation was dedicated to promulgating spiritism and promoting the cohesion of spiritist centres. The Federation began to organise annual conventions in which spiritists gave conferences and discussed the development of Spiritism on the island.<\/p>\n\n\n\n<p class=\"has-black-color has-text-color has-link-color has-small-font-size wp-elements-f9be21aba33142259a1ad9d949f47b1d\">In 1913, a dentist named Francisco Ponte became the president of the Federation. Ponte is considered the first Puerto Rican parapsychologist. He conducted several experiments with a medium and reported them to the American Society for Psychical Research.<\/p>\n\n\n\n<p class=\"has-black-color has-text-color has-link-color has-small-font-size wp-elements-343c14970b9961165f98832649d7af12\">By 1923, Ponte wrote that there were about 150 spiritism centres on the island that were incorporated into the Federation. However, a few years later the Federation began to experience an administrative crisis due to a lack of leadership and the indifference of the spiritism centres to the payment of dues. The Federation's crisis was also brought about by disagreements among its leaders regarding the conception of spiritism as a science or as a religion. For example, according to spiritist leaders such as Telesforo Andino, spiritism should be conceived as the religion of science. Andino believed that religion had a positive function in the development of humanity. On the other hand, William Col\u00f3n believed that to consider Spiritism as a religious doctrine was against its scientific character. For Columbus, religion is the greatest enemy of humanity.<\/p>\n\n\n\n<p class=\"has-black-color has-text-color has-link-color has-small-font-size wp-elements-918fa849eb08d1874af33de0a068eaf8\">The Spiritism in Puerto Rico began as a middle-class movement led by intellectual and academically oriented Puerto Ricans. They became interested in Spiritism attracted by a philosophical system that provided a doctrine oriented to the social and moral development of the individual. However, there was another group of Puerto Ricans, generally from the poorer classes, who became interested in spiritism for different reasons. The Puerto Rican poor found Spiritism to address issues pertinent to their lives such as the value of suffering with resignation. Kardec emphasised in his books that in life there are trials that one must pass with resignation in order to achieve moral perfection. This idea was very attractive to a large number of Puerto Ricans who were trying to find meaning in Spain's oppressive regime.<\/p>\n\n\n\n<p class=\"has-black-color has-text-color has-link-color has-small-font-size wp-elements-c816c46ce2acf091950b17393a86e03d\">Another element that promoted the acceptance of Spiritism among the Puerto Rican poor was its Christian orientation. Kardec always stressed that there was no conflict between the Bible and spiritism philosophy. Moreover, he wrote a book on how the Bible agrees with spiritism principles such as reincarnation and communication with spirits (The Gospel According to Spiritism). Related to this we have to consider that Kardec never considered Spiritism as a religion, which resulted in Puerto Ricans experiencing no dissonance in being both spiritism and Catholicism. They did not have to stop being Catholic to become spiritists. The fact that the Catholic Church accepts that it is possible to communicate with guardian angels and saints facilitated the legitimisation of spiritism among Puerto Rican Catholics.<\/p>\n\n\n\n<p class=\"has-black-color has-text-color has-link-color has-small-font-size wp-elements-3dfac28d0b65153a1077399d9e060261\">Finally, one of the major factors contributing to the popularity of Spiritism among the poor was its emphasis on the reality of the spiritual world and the need to sacrifice satisfaction and pleasure in order to keep focused on spiritual goals.<\/p>\n\n\n\n<p class=\"has-black-color has-text-color has-link-color has-small-font-size wp-elements-09a34b1c55ce21512e532ce31b021663\">All the factors mentioned above can help us to explain why Spiritism, instead of remaining a middle class movement, began to be practised by the unprivileged Puerto Rican community to solve their health problems. This group of Puerto Ricans began to practice a Spiritism that was not the one preached by Kardec in his books, but integrated elements of the folkloric medicine known to them into Spiritism. That is to say, they syncretised Spiritism with ideas of popular Catholicism, quackery, plant medicine and other popular healing practices. This spiritism practice is, in a way, a socio-cultural creation that integrates diverse religious and cultural traditions.<\/p>\n<\/div><\/div>\n\n\n\n<div class=\"wp-block-uagb-container uagb-block-43f77fd1 alignfull uagb-is-root-container\"><div class=\"uagb-container-inner-blocks-wrap\"><\/div><\/div>\n\n\n\n<div class=\"wp-block-uagb-container uagb-block-74020f02 alignfull uagb-is-root-container\"><div class=\"uagb-container-inner-blocks-wrap\"><\/div><\/div>","protected":false},"excerpt":{"rendered":"<p>Historia del espiritismo en Puerto Rico El espiritismo fue introducido en Puerto Rico durante la segunda mitad del siglo 19. Para ese tiempo Puerto Rico era una colonia de Espa\u00f1a, y la religi\u00f3n oficial era el Catolicismo. El ambiente pol\u00edtico se caracterizaba por la represi\u00f3n de los derechos civiles. Sin embargo, un buen n\u00famero de [&hellip;]<\/p>","protected":false},"author":1,"featured_media":0,"parent":0,"menu_order":0,"comment_status":"closed","ping_status":"closed","template":"","meta":{"_uag_custom_page_level_css":"","site-sidebar-layout":"default","site-content-layout":"","ast-site-content-layout":"default","site-content-style":"default","site-sidebar-style":"default","ast-global-header-display":"","ast-banner-title-visibility":"","ast-main-header-display":"","ast-hfb-above-header-display":"","ast-hfb-below-header-display":"","ast-hfb-mobile-header-display":"","site-post-title":"disabled","ast-breadcrumbs-content":"","ast-featured-img":"","footer-sml-layout":"","theme-transparent-header-meta":"","adv-header-id-meta":"","stick-header-meta":"","header-above-stick-meta":"","header-main-stick-meta":"","header-below-stick-meta":"","astra-migrate-meta-layouts":"set","ast-page-background-enabled":"default","ast-page-background-meta":{"desktop":{"background-color":"var(--ast-global-color-4)","background-image":"","background-repeat":"repeat","background-position":"center center","background-size":"auto","background-attachment":"scroll","background-type":"","background-media":"","overlay-type":"","overlay-color":"","overlay-opacity":"","overlay-gradient":""},"tablet":{"background-color":"","background-image":"","background-repeat":"repeat","background-position":"center center","background-size":"auto","background-attachment":"scroll","background-type":"","background-media":"","overlay-type":"","overlay-color":"","overlay-opacity":"","overlay-gradient":""},"mobile":{"background-color":"","background-image":"","background-repeat":"repeat","background-position":"center center","background-size":"auto","background-attachment":"scroll","background-type":"","background-media":"","overlay-type":"","overlay-color":"","overlay-opacity":"","overlay-gradient":""}},"ast-content-background-meta":{"desktop":{"background-color":"var(--ast-global-color-5)","background-image":"","background-repeat":"repeat","background-position":"center center","background-size":"auto","background-attachment":"scroll","background-type":"","background-media":"","overlay-type":"","overlay-color":"","overlay-opacity":"","overlay-gradient":""},"tablet":{"background-color":"var(--ast-global-color-5)","background-image":"","background-repeat":"repeat","background-position":"center center","background-size":"auto","background-attachment":"scroll","background-type":"","background-media":"","overlay-type":"","overlay-color":"","overlay-opacity":"","overlay-gradient":""},"mobile":{"background-color":"var(--ast-global-color-5)","background-image":"","background-repeat":"repeat","background-position":"center center","background-size":"auto","background-attachment":"scroll","background-type":"","background-media":"","overlay-type":"","overlay-color":"","overlay-opacity":"","overlay-gradient":""}},"footnotes":""},"class_list":["post-5695","page","type-page","status-publish","hentry"],"yoast_head":"<!-- This site is optimized with the Yoast SEO Premium plugin v24.2 (Yoast SEO v24.6) - https:\/\/yoast.com\/wordpress\/plugins\/seo\/ -->\n<title>Historia del espiritismo en Puerto Rico - Uni\u00f3n Esp\u00edrita<\/title>\n<meta name=\"robots\" content=\"index, follow, max-snippet:-1, max-image-preview:large, max-video-preview:-1\" \/>\n<link rel=\"canonical\" href=\"https:\/\/nuevo-renacer.com\/en\/historia-del-espiritismo-en-puerto-rico\/\" \/>\n<meta property=\"og:locale\" content=\"en_GB\" \/>\n<meta property=\"og:type\" content=\"article\" \/>\n<meta property=\"og:title\" content=\"Historia del espiritismo en Puerto Rico\" \/>\n<meta property=\"og:description\" content=\"Historia del espiritismo en Puerto Rico El espiritismo fue introducido en Puerto Rico durante la segunda mitad del siglo 19. Para ese tiempo Puerto Rico era una colonia de Espa\u00f1a, y la religi\u00f3n oficial era el Catolicismo. El ambiente pol\u00edtico se caracterizaba por la represi\u00f3n de los derechos civiles. Sin embargo, un buen n\u00famero de [&hellip;]\" \/>\n<meta property=\"og:url\" content=\"https:\/\/nuevo-renacer.com\/en\/historia-del-espiritismo-en-puerto-rico\/\" \/>\n<meta property=\"og:site_name\" content=\"Uni\u00f3n Esp\u00edrita\" \/>\n<meta property=\"article:publisher\" content=\"https:\/\/www.facebook.com\/groups\/3431398063740829\" \/>\n<meta property=\"article:modified_time\" content=\"2024-10-21T09:12:53+00:00\" \/>\n<meta property=\"og:image\" content=\"https:\/\/nuevo-renacer.com\/wp-content\/uploads\/2024\/10\/Flag_of_Puerto_Rico.svg_.png\" \/>\n\t<meta property=\"og:image:width\" content=\"800\" \/>\n\t<meta property=\"og:image:height\" content=\"534\" \/>\n\t<meta property=\"og:image:type\" content=\"image\/png\" \/>\n<meta name=\"twitter:card\" content=\"summary_large_image\" \/>\n<meta name=\"twitter:label1\" content=\"Estimated reading time\" \/>\n\t<meta name=\"twitter:data1\" content=\"7 minutes\" \/>\n<script type=\"application\/ld+json\" class=\"yoast-schema-graph\">{\"@context\":\"https:\/\/schema.org\",\"@graph\":[{\"@type\":\"WebPage\",\"@id\":\"https:\/\/nuevo-renacer.com\/historia-del-espiritismo-en-puerto-rico\/\",\"url\":\"https:\/\/nuevo-renacer.com\/historia-del-espiritismo-en-puerto-rico\/\",\"name\":\"Historia del espiritismo en Puerto Rico - Uni\u00f3n Esp\u00edrita\",\"isPartOf\":{\"@id\":\"https:\/\/nuevo-renacer.com\/#website\"},\"primaryImageOfPage\":{\"@id\":\"https:\/\/nuevo-renacer.com\/historia-del-espiritismo-en-puerto-rico\/#primaryimage\"},\"image\":{\"@id\":\"https:\/\/nuevo-renacer.com\/historia-del-espiritismo-en-puerto-rico\/#primaryimage\"},\"thumbnailUrl\":\"https:\/\/nuevo-renacer.com\/wp-content\/uploads\/2024\/10\/Flag_of_Puerto_Rico.svg_.png\",\"datePublished\":\"2024-10-21T07:53:30+00:00\",\"dateModified\":\"2024-10-21T09:12:53+00:00\",\"breadcrumb\":{\"@id\":\"https:\/\/nuevo-renacer.com\/historia-del-espiritismo-en-puerto-rico\/#breadcrumb\"},\"inLanguage\":\"en-GB\",\"potentialAction\":[{\"@type\":\"ReadAction\",\"target\":[\"https:\/\/nuevo-renacer.com\/historia-del-espiritismo-en-puerto-rico\/\"]}]},{\"@type\":\"ImageObject\",\"inLanguage\":\"en-GB\",\"@id\":\"https:\/\/nuevo-renacer.com\/historia-del-espiritismo-en-puerto-rico\/#primaryimage\",\"url\":\"https:\/\/nuevo-renacer.com\/wp-content\/uploads\/2024\/10\/Flag_of_Puerto_Rico.svg_.png\",\"contentUrl\":\"https:\/\/nuevo-renacer.com\/wp-content\/uploads\/2024\/10\/Flag_of_Puerto_Rico.svg_.png\"},{\"@type\":\"BreadcrumbList\",\"@id\":\"https:\/\/nuevo-renacer.com\/historia-del-espiritismo-en-puerto-rico\/#breadcrumb\",\"itemListElement\":[{\"@type\":\"ListItem\",\"position\":1,\"name\":\"Startseite\",\"item\":\"https:\/\/nuevo-renacer.com\/\"},{\"@type\":\"ListItem\",\"position\":2,\"name\":\"Historia del espiritismo en Puerto Rico\"}]},{\"@type\":\"WebSite\",\"@id\":\"https:\/\/nuevo-renacer.com\/#website\",\"url\":\"https:\/\/nuevo-renacer.com\/\",\"name\":\"Uni\u00f3n Esp\u00edrita\",\"description\":\"Nuevo Renacer\",\"publisher\":{\"@id\":\"https:\/\/nuevo-renacer.com\/#organization\"},\"potentialAction\":[{\"@type\":\"SearchAction\",\"target\":{\"@type\":\"EntryPoint\",\"urlTemplate\":\"https:\/\/nuevo-renacer.com\/?s={search_term_string}\"},\"query-input\":{\"@type\":\"PropertyValueSpecification\",\"valueRequired\":true,\"valueName\":\"search_term_string\"}}],\"inLanguage\":\"en-GB\"},{\"@type\":\"Organization\",\"@id\":\"https:\/\/nuevo-renacer.com\/#organization\",\"name\":\"UFEC\",\"url\":\"https:\/\/nuevo-renacer.com\/\",\"logo\":{\"@type\":\"ImageObject\",\"inLanguage\":\"en-GB\",\"@id\":\"https:\/\/nuevo-renacer.com\/#\/schema\/logo\/image\/\",\"url\":\"https:\/\/nuevo-renacer.com\/wp-content\/uploads\/2024\/05\/cropped-LOGO-TERMINADO1-3-3.png\",\"contentUrl\":\"https:\/\/nuevo-renacer.com\/wp-content\/uploads\/2024\/05\/cropped-LOGO-TERMINADO1-3-3.png\",\"width\":512,\"height\":512,\"caption\":\"UFEC\"},\"image\":{\"@id\":\"https:\/\/nuevo-renacer.com\/#\/schema\/logo\/image\/\"},\"sameAs\":[\"https:\/\/www.facebook.com\/groups\/3431398063740829\"]}]}<\/script>\n<!-- \/ Yoast SEO Premium plugin. -->","yoast_head_json":{"title":"Historia del espiritismo en Puerto Rico - Uni\u00f3n Esp\u00edrita","robots":{"index":"index","follow":"follow","max-snippet":"max-snippet:-1","max-image-preview":"max-image-preview:large","max-video-preview":"max-video-preview:-1"},"canonical":"https:\/\/nuevo-renacer.com\/en\/historia-del-espiritismo-en-puerto-rico\/","og_locale":"en_GB","og_type":"article","og_title":"Historia del espiritismo en Puerto Rico","og_description":"Historia del espiritismo en Puerto Rico El espiritismo fue introducido en Puerto Rico durante la segunda mitad del siglo 19. Para ese tiempo Puerto Rico era una colonia de Espa\u00f1a, y la religi\u00f3n oficial era el Catolicismo. El ambiente pol\u00edtico se caracterizaba por la represi\u00f3n de los derechos civiles. Sin embargo, un buen n\u00famero de [&hellip;]","og_url":"https:\/\/nuevo-renacer.com\/en\/historia-del-espiritismo-en-puerto-rico\/","og_site_name":"Uni\u00f3n Esp\u00edrita","article_publisher":"https:\/\/www.facebook.com\/groups\/3431398063740829","article_modified_time":"2024-10-21T09:12:53+00:00","og_image":[{"width":800,"height":534,"url":"https:\/\/nuevo-renacer.com\/wp-content\/uploads\/2024\/10\/Flag_of_Puerto_Rico.svg_.png","type":"image\/png"}],"twitter_card":"summary_large_image","twitter_misc":{"Estimated reading time":"7 minutes"},"schema":{"@context":"https:\/\/schema.org","@graph":[{"@type":"WebPage","@id":"https:\/\/nuevo-renacer.com\/historia-del-espiritismo-en-puerto-rico\/","url":"https:\/\/nuevo-renacer.com\/historia-del-espiritismo-en-puerto-rico\/","name":"Historia del espiritismo en Puerto Rico - Uni\u00f3n Esp\u00edrita","isPartOf":{"@id":"https:\/\/nuevo-renacer.com\/#website"},"primaryImageOfPage":{"@id":"https:\/\/nuevo-renacer.com\/historia-del-espiritismo-en-puerto-rico\/#primaryimage"},"image":{"@id":"https:\/\/nuevo-renacer.com\/historia-del-espiritismo-en-puerto-rico\/#primaryimage"},"thumbnailUrl":"https:\/\/nuevo-renacer.com\/wp-content\/uploads\/2024\/10\/Flag_of_Puerto_Rico.svg_.png","datePublished":"2024-10-21T07:53:30+00:00","dateModified":"2024-10-21T09:12:53+00:00","breadcrumb":{"@id":"https:\/\/nuevo-renacer.com\/historia-del-espiritismo-en-puerto-rico\/#breadcrumb"},"inLanguage":"en-GB","potentialAction":[{"@type":"ReadAction","target":["https:\/\/nuevo-renacer.com\/historia-del-espiritismo-en-puerto-rico\/"]}]},{"@type":"ImageObject","inLanguage":"en-GB","@id":"https:\/\/nuevo-renacer.com\/historia-del-espiritismo-en-puerto-rico\/#primaryimage","url":"https:\/\/nuevo-renacer.com\/wp-content\/uploads\/2024\/10\/Flag_of_Puerto_Rico.svg_.png","contentUrl":"https:\/\/nuevo-renacer.com\/wp-content\/uploads\/2024\/10\/Flag_of_Puerto_Rico.svg_.png"},{"@type":"BreadcrumbList","@id":"https:\/\/nuevo-renacer.com\/historia-del-espiritismo-en-puerto-rico\/#breadcrumb","itemListElement":[{"@type":"ListItem","position":1,"name":"Startseite","item":"https:\/\/nuevo-renacer.com\/"},{"@type":"ListItem","position":2,"name":"Historia del espiritismo en Puerto Rico"}]},{"@type":"WebSite","@id":"https:\/\/nuevo-renacer.com\/#website","url":"https:\/\/nuevo-renacer.com\/","name":"Uni\u00f3n Esp\u00edrita","description":"Nuevo Renacer","publisher":{"@id":"https:\/\/nuevo-renacer.com\/#organization"},"potentialAction":[{"@type":"SearchAction","target":{"@type":"EntryPoint","urlTemplate":"https:\/\/nuevo-renacer.com\/?s={search_term_string}"},"query-input":{"@type":"PropertyValueSpecification","valueRequired":true,"valueName":"search_term_string"}}],"inLanguage":"en-GB"},{"@type":"Organization","@id":"https:\/\/nuevo-renacer.com\/#organization","name":"UFEC","url":"https:\/\/nuevo-renacer.com\/","logo":{"@type":"ImageObject","inLanguage":"en-GB","@id":"https:\/\/nuevo-renacer.com\/#\/schema\/logo\/image\/","url":"https:\/\/nuevo-renacer.com\/wp-content\/uploads\/2024\/05\/cropped-LOGO-TERMINADO1-3-3.png","contentUrl":"https:\/\/nuevo-renacer.com\/wp-content\/uploads\/2024\/05\/cropped-LOGO-TERMINADO1-3-3.png","width":512,"height":512,"caption":"UFEC"},"image":{"@id":"https:\/\/nuevo-renacer.com\/#\/schema\/logo\/image\/"},"sameAs":["https:\/\/www.facebook.com\/groups\/3431398063740829"]}]}},"uagb_featured_image_src":{"full":false,"thumbnail":false,"medium":false,"medium_large":false,"large":false,"1536x1536":false,"2048x2048":false,"trp-custom-language-flag":false},"uagb_author_info":{"display_name":"adbv0","author_link":"https:\/\/nuevo-renacer.com\/en\/author\/adbv0\/"},"uagb_comment_info":0,"uagb_excerpt":"Historia del espiritismo en Puerto Rico El espiritismo fue introducido en Puerto Rico durante la segunda mitad del siglo 19. Para ese tiempo Puerto Rico era una colonia de Espa\u00f1a, y la religi\u00f3n oficial era el Catolicismo. El ambiente pol\u00edtico se caracterizaba por la represi\u00f3n de los derechos civiles. Sin embargo, un buen n\u00famero de&hellip;","jetpack_sharing_enabled":true,"_links":{"self":[{"href":"https:\/\/nuevo-renacer.com\/en\/wp-json\/wp\/v2\/pages\/5695","targetHints":{"allow":["GET"]}}],"collection":[{"href":"https:\/\/nuevo-renacer.com\/en\/wp-json\/wp\/v2\/pages"}],"about":[{"href":"https:\/\/nuevo-renacer.com\/en\/wp-json\/wp\/v2\/types\/page"}],"author":[{"embeddable":true,"href":"https:\/\/nuevo-renacer.com\/en\/wp-json\/wp\/v2\/users\/1"}],"replies":[{"embeddable":true,"href":"https:\/\/nuevo-renacer.com\/en\/wp-json\/wp\/v2\/comments?post=5695"}],"version-history":[{"count":5,"href":"https:\/\/nuevo-renacer.com\/en\/wp-json\/wp\/v2\/pages\/5695\/revisions"}],"predecessor-version":[{"id":5707,"href":"https:\/\/nuevo-renacer.com\/en\/wp-json\/wp\/v2\/pages\/5695\/revisions\/5707"}],"wp:attachment":[{"href":"https:\/\/nuevo-renacer.com\/en\/wp-json\/wp\/v2\/media?parent=5695"}],"curies":[{"name":"wp","href":"https:\/\/api.w.org\/{rel}","templated":true}]}}