{"id":5641,"date":"2024-10-18T08:28:49","date_gmt":"2024-10-18T08:28:49","guid":{"rendered":"https:\/\/nuevo-renacer.com\/?page_id=5641"},"modified":"2024-10-18T08:33:40","modified_gmt":"2024-10-18T08:33:40","slug":"historia-del-espiritismo-en-costa-rica","status":"publish","type":"page","link":"https:\/\/nuevo-renacer.com\/en\/historia-del-espiritismo-en-costa-rica\/","title":{"rendered":"History of Spiritism in Costa Rica"},"content":{"rendered":"<div class=\"wp-block-uagb-container uagb-block-709abbb7 alignfull uagb-is-root-container\"><div class=\"uagb-container-inner-blocks-wrap\">\n<p class=\"has-black-color has-text-color has-link-color has-medium-font-size wp-elements-1e944b1659ccc41cb6f84094fb36b2e5\"><strong>History of Spiritism in Costa Rica<\/strong><\/p>\n<\/div><\/div>\n\n\n\n<div class=\"wp-block-uagb-container uagb-block-2a4b3fdd alignfull uagb-is-root-container\"><div class=\"uagb-container-inner-blocks-wrap\"><\/div><\/div>\n\n\n\n<div class=\"wp-block-uagb-container uagb-block-b2ec16be alignfull uagb-is-root-container\"><div class=\"uagb-container-inner-blocks-wrap\">\n<figure class=\"wp-block-image size-full is-resized\"><img decoding=\"async\" width=\"220\" height=\"132\" src=\"https:\/\/nuevo-renacer.com\/wp-content\/uploads\/2024\/10\/costa-rica.png\" alt=\"\" class=\"wp-image-5642\" style=\"width:84px\" srcset=\"https:\/\/nuevo-renacer.com\/wp-content\/uploads\/2024\/10\/costa-rica.png 220w, https:\/\/nuevo-renacer.com\/wp-content\/uploads\/2024\/10\/costa-rica-18x12.png 18w\" sizes=\"(max-width: 220px) 100vw, 220px\" \/><\/figure>\n<\/div><\/div>\n\n\n\n<div class=\"wp-block-uagb-container uagb-block-86db8132 alignfull uagb-is-root-container\"><div class=\"uagb-container-inner-blocks-wrap\"><\/div><\/div>\n\n\n\n<div class=\"wp-block-uagb-container uagb-block-e65132f3 alignfull uagb-is-root-container\"><div class=\"uagb-container-inner-blocks-wrap\">\n<p class=\"has-black-color has-text-color has-link-color has-small-font-size wp-elements-91ef1fade5d0e780490a5cbd62c0ab20\">As early as 1874, the vicar Domingo Rivas warned from his pulpit against the circulation of Allan Kardec's spiritism literature in the country. Although the exact beginning of spiritism in Costa Rica is unknown, since 1896 there was at least one occult circle that published the magazine Grano de Arena, edited by a barber from Alajuela, a painter and a craftsman named Domingo N\u00fa\u00f1ez, Agust\u00edn Ramos and Pedro P\u00e9rez respectively. The magazine declared itself to be rationalist and was strongly critical of Catholicism. It ceased printing in 1889 due to lack of funds.<\/p>\n\n\n\n<div class=\"wp-block-uagb-container uagb-block-a685474f\">\n<figure class=\"wp-block-image size-full is-resized\"><img fetchpriority=\"high\" decoding=\"async\" width=\"205\" height=\"245\" src=\"https:\/\/nuevo-renacer.com\/wp-content\/uploads\/2024\/10\/Domingo-Rivas.jpg\" alt=\"\" class=\"wp-image-5643\" style=\"width:212px;height:auto\" srcset=\"https:\/\/nuevo-renacer.com\/wp-content\/uploads\/2024\/10\/Domingo-Rivas.jpg 205w, https:\/\/nuevo-renacer.com\/wp-content\/uploads\/2024\/10\/Domingo-Rivas-10x12.jpg 10w\" sizes=\"(max-width: 205px) 100vw, 205px\" \/><figcaption class=\"wp-element-caption\">Domingo Rivas<\/figcaption><\/figure>\n<\/div>\n\n\n\n<p class=\"has-black-color has-text-color has-link-color has-small-font-size wp-elements-541e20f9400a377bf8717e349d539eeb\">Among the people linked to the publication were the Nicaraguan lawyer Salvador Jir\u00f3n, the educator Amadeo Madriz (tutor of the writers Manuel Gonz\u00e1lez Zeled\u00f3n and Carlos Gagini), General Federico Fern\u00e1ndez (brother of the president and Freemason Pr\u00f3spero Fern\u00e1ndez and father of the intellectual and theosophist Rogelio Fern\u00e1ndez G\u00fcell), the politician Francisco Boza, the Colombian Francisco Lamus and the Spanish businessman Antonio Rodr\u00edguez, and women such as Celina Fern\u00e1ndez Giralt and Mar\u00eda Rojas. In 1896 the \"Sociedad Benefactora de Estudios Psicol\u00f3gicos\" was mentioned for the first time in El Grano, which would connect with international spiritism organisations, particularly in Spain, and distribute the \"Revista de Estudios Psicol\u00f3gicos de Barcelona\" in the country, as well as publish articles from El Grano abroad.<\/p>\n\n\n\n<p class=\"has-black-color has-text-color has-link-color has-small-font-size wp-elements-446cd7a9092c3be331bb28ed9b1a96c9\">At the beginning of the 20th century, spiritism attracted the attention of different thinkers, disenchanted with both scientific positivism, of which they were critical because of its materialism, and traditional religiosity, especially Catholicism, which they branded as superstitious. Omar Dengo was one of these, and he wrote an article on the death of the chemist and spiritism William Crookes. Costa Rican spiritists in general sought to apply a scientific and rationalist methodology to spiritism, distrusting what they considered to be superstition. Among the figures who became interested in spiritism were Omar Dengo, the chancellor Ricardo Fern\u00e1ndez Guardia, the magistrate Alberto Brenes C\u00f3rdoba, the painter Enrique Echandi, the future dictator brothers Federico and Jos\u00e9 Joaqu\u00edn Tinoco, and the esoteric scholar Rogelio Fern\u00e1ndez G\u00fcell who, according to Abelardo Bonilla, was initiated into spiritism by the Mexican president Francisco I. Madero.<\/p>\n\n\n\n<div class=\"wp-block-uagb-container uagb-block-8ff239d5\">\n<figure class=\"wp-block-image size-full is-resized\"><img decoding=\"async\" width=\"220\" height=\"332\" src=\"https:\/\/nuevo-renacer.com\/wp-content\/uploads\/2024\/10\/Omar-Dengo-Guerrero.jpg\" alt=\"\" class=\"wp-image-5644\" style=\"width:212px\" srcset=\"https:\/\/nuevo-renacer.com\/wp-content\/uploads\/2024\/10\/Omar-Dengo-Guerrero.jpg 220w, https:\/\/nuevo-renacer.com\/wp-content\/uploads\/2024\/10\/Omar-Dengo-Guerrero-199x300.jpg 199w, https:\/\/nuevo-renacer.com\/wp-content\/uploads\/2024\/10\/Omar-Dengo-Guerrero-8x12.jpg 8w\" sizes=\"(max-width: 220px) 100vw, 220px\" \/><figcaption class=\"wp-element-caption\">Omar Dengo <\/figcaption><\/figure>\n<\/div>\n\n\n\n<p class=\"has-black-color has-text-color has-link-color has-small-font-size wp-elements-ca7b9fe7581e077baa17cba6ca17d230\">The Spiritism was quickly denounced by various Catholic clergymen accusing it of Satanism. In 1906 the Franklin Circle of spiritists was formed to study the mediumistic abilities of Ofelia Corrales. In 1911, the \"Spiritist Centre Claros de Luna\" was formed, directed by the future director of the National Museum (under Tinoco's government) and director of the \"Colegio Superior de Varones\", Ramiro Aguilar, which published a magazine of the same name from 1923 onwards. Its members included the future Minister of Education Napole\u00f3n Quesada, Daniel Gonz\u00e1lez V\u00edquez (brother of President Cleto Gonz\u00e1lez V\u00edquez), R\u00f3mulo Tovar, Moises Vincenzi Pacheco and the future Minister of Education and Director of the Colegio Superior de Se\u00f1oritas Salvador Uma\u00f1a.<\/p>\n\n\n\n<div class=\"wp-block-uagb-container uagb-block-9cfe925c\">\n<figure class=\"wp-block-image size-full is-resized\"><img loading=\"lazy\" decoding=\"async\" width=\"748\" height=\"1024\" src=\"https:\/\/nuevo-renacer.com\/wp-content\/uploads\/2024\/10\/ofelia-corrales.webp\" alt=\"\" class=\"wp-image-5645\" style=\"width:212px\" srcset=\"https:\/\/nuevo-renacer.com\/wp-content\/uploads\/2024\/10\/ofelia-corrales.webp 748w, https:\/\/nuevo-renacer.com\/wp-content\/uploads\/2024\/10\/ofelia-corrales-219x300.webp 219w, https:\/\/nuevo-renacer.com\/wp-content\/uploads\/2024\/10\/ofelia-corrales-9x12.webp 9w\" sizes=\"(max-width: 748px) 100vw, 748px\" \/><figcaption class=\"wp-element-caption\">Ofelia Corrales with the spirit of Mary Brown (Maria Luisa Andrade). Annals of Psychical Sciences, Paris, (February, 1911)<\/figcaption><\/figure>\n<\/div>\n\n\n\n<p class=\"has-black-color has-text-color has-link-color has-small-font-size wp-elements-71d4dd3bb207e10185492a5c2c50215c\">Between 1921 and 1923 spiritism circles were created in Puntarenas, Lim\u00f3n, Goicoechea and Mora. By 1925 the \"Centro de Estudios de Psicolog\u00eda Experimental\" was founded and published the monthly magazine \"El Estudio\" between November 1925 and October 1928.<\/p>\n<\/div><\/div>","protected":false},"excerpt":{"rendered":"<p>Historia del espiritismo en Costa Rica Desde 1874 ya el vicario Domingo Rivas alertaba desde el p\u00falpito contra la circulaci\u00f3n de literatura espiritista de Allan Kardec en el pa\u00eds. Aunque se desconoce el inicio exacto del espiritismo en Costa Rica ya desde 1896 existe al menos un c\u00edrculo ocultista que publica la revista Grano de [&hellip;]<\/p>","protected":false},"author":1,"featured_media":0,"parent":0,"menu_order":0,"comment_status":"closed","ping_status":"closed","template":"","meta":{"_uag_custom_page_level_css":"","site-sidebar-layout":"default","site-content-layout":"","ast-site-content-layout":"default","site-content-style":"default","site-sidebar-style":"default","ast-global-header-display":"","ast-banner-title-visibility":"","ast-main-header-display":"","ast-hfb-above-header-display":"","ast-hfb-below-header-display":"","ast-hfb-mobile-header-display":"","site-post-title":"disabled","ast-breadcrumbs-content":"","ast-featured-img":"","footer-sml-layout":"","theme-transparent-header-meta":"","adv-header-id-meta":"","stick-header-meta":"","header-above-stick-meta":"","header-main-stick-meta":"","header-below-stick-meta":"","astra-migrate-meta-layouts":"set","ast-page-background-enabled":"default","ast-page-background-meta":{"desktop":{"background-color":"var(--ast-global-color-4)","background-image":"","background-repeat":"repeat","background-position":"center center","background-size":"auto","background-attachment":"scroll","background-type":"","background-media":"","overlay-type":"","overlay-color":"","overlay-opacity":"","overlay-gradient":""},"tablet":{"background-color":"","background-image":"","background-repeat":"repeat","background-position":"center center","background-size":"auto","background-attachment":"scroll","background-type":"","background-media":"","overlay-type":"","overlay-color":"","overlay-opacity":"","overlay-gradient":""},"mobile":{"background-color":"","background-image":"","background-repeat":"repeat","background-position":"center center","background-size":"auto","background-attachment":"scroll","background-type":"","background-media":"","overlay-type":"","overlay-color":"","overlay-opacity":"","overlay-gradient":""}},"ast-content-background-meta":{"desktop":{"background-color":"var(--ast-global-color-5)","background-image":"","background-repeat":"repeat","background-position":"center center","background-size":"auto","background-attachment":"scroll","background-type":"","background-media":"","overlay-type":"","overlay-color":"","overlay-opacity":"","overlay-gradient":""},"tablet":{"background-color":"var(--ast-global-color-5)","background-image":"","background-repeat":"repeat","background-position":"center center","background-size":"auto","background-attachment":"scroll","background-type":"","background-media":"","overlay-type":"","overlay-color":"","overlay-opacity":"","overlay-gradient":""},"mobile":{"background-color":"var(--ast-global-color-5)","background-image":"","background-repeat":"repeat","background-position":"center center","background-size":"auto","background-attachment":"scroll","background-type":"","background-media":"","overlay-type":"","overlay-color":"","overlay-opacity":"","overlay-gradient":""}},"footnotes":""},"class_list":["post-5641","page","type-page","status-publish","hentry"],"yoast_head":"<!-- This site is optimized with the Yoast SEO Premium plugin v24.2 (Yoast SEO v24.6) - https:\/\/yoast.com\/wordpress\/plugins\/seo\/ -->\n<title>Historia del espiritismo en Costa Rica - Uni\u00f3n Esp\u00edrita<\/title>\n<meta name=\"robots\" content=\"index, follow, max-snippet:-1, max-image-preview:large, max-video-preview:-1\" \/>\n<link rel=\"canonical\" href=\"https:\/\/nuevo-renacer.com\/en\/historia-del-espiritismo-en-costa-rica\/\" \/>\n<meta property=\"og:locale\" content=\"en_GB\" \/>\n<meta property=\"og:type\" content=\"article\" \/>\n<meta property=\"og:title\" content=\"Historia del espiritismo en Costa Rica\" \/>\n<meta property=\"og:description\" content=\"Historia del espiritismo en Costa Rica Desde 1874 ya el vicario Domingo Rivas alertaba desde el p\u00falpito contra la circulaci\u00f3n de literatura espiritista de Allan Kardec en el pa\u00eds. Aunque se desconoce el inicio exacto del espiritismo en Costa Rica ya desde 1896 existe al menos un c\u00edrculo ocultista que publica la revista Grano de [&hellip;]\" \/>\n<meta property=\"og:url\" content=\"https:\/\/nuevo-renacer.com\/en\/historia-del-espiritismo-en-costa-rica\/\" \/>\n<meta property=\"og:site_name\" content=\"Uni\u00f3n Esp\u00edrita\" \/>\n<meta property=\"article:publisher\" content=\"https:\/\/www.facebook.com\/groups\/3431398063740829\" \/>\n<meta property=\"article:modified_time\" content=\"2024-10-18T08:33:40+00:00\" \/>\n<meta property=\"og:image\" content=\"https:\/\/nuevo-renacer.com\/wp-content\/uploads\/2024\/10\/costa-rica.png\" \/>\n\t<meta property=\"og:image:width\" content=\"220\" \/>\n\t<meta property=\"og:image:height\" content=\"132\" \/>\n\t<meta property=\"og:image:type\" content=\"image\/png\" \/>\n<meta name=\"twitter:card\" content=\"summary_large_image\" \/>\n<meta name=\"twitter:label1\" content=\"Estimated reading time\" \/>\n\t<meta name=\"twitter:data1\" content=\"3 minutes\" \/>\n<script type=\"application\/ld+json\" class=\"yoast-schema-graph\">{\"@context\":\"https:\/\/schema.org\",\"@graph\":[{\"@type\":\"WebPage\",\"@id\":\"https:\/\/nuevo-renacer.com\/historia-del-espiritismo-en-costa-rica\/\",\"url\":\"https:\/\/nuevo-renacer.com\/historia-del-espiritismo-en-costa-rica\/\",\"name\":\"Historia del espiritismo en Costa Rica - Uni\u00f3n Esp\u00edrita\",\"isPartOf\":{\"@id\":\"https:\/\/nuevo-renacer.com\/#website\"},\"primaryImageOfPage\":{\"@id\":\"https:\/\/nuevo-renacer.com\/historia-del-espiritismo-en-costa-rica\/#primaryimage\"},\"image\":{\"@id\":\"https:\/\/nuevo-renacer.com\/historia-del-espiritismo-en-costa-rica\/#primaryimage\"},\"thumbnailUrl\":\"https:\/\/nuevo-renacer.com\/wp-content\/uploads\/2024\/10\/costa-rica.png\",\"datePublished\":\"2024-10-18T08:28:49+00:00\",\"dateModified\":\"2024-10-18T08:33:40+00:00\",\"breadcrumb\":{\"@id\":\"https:\/\/nuevo-renacer.com\/historia-del-espiritismo-en-costa-rica\/#breadcrumb\"},\"inLanguage\":\"en-GB\",\"potentialAction\":[{\"@type\":\"ReadAction\",\"target\":[\"https:\/\/nuevo-renacer.com\/historia-del-espiritismo-en-costa-rica\/\"]}]},{\"@type\":\"ImageObject\",\"inLanguage\":\"en-GB\",\"@id\":\"https:\/\/nuevo-renacer.com\/historia-del-espiritismo-en-costa-rica\/#primaryimage\",\"url\":\"https:\/\/nuevo-renacer.com\/wp-content\/uploads\/2024\/10\/costa-rica.png\",\"contentUrl\":\"https:\/\/nuevo-renacer.com\/wp-content\/uploads\/2024\/10\/costa-rica.png\"},{\"@type\":\"BreadcrumbList\",\"@id\":\"https:\/\/nuevo-renacer.com\/historia-del-espiritismo-en-costa-rica\/#breadcrumb\",\"itemListElement\":[{\"@type\":\"ListItem\",\"position\":1,\"name\":\"Startseite\",\"item\":\"https:\/\/nuevo-renacer.com\/\"},{\"@type\":\"ListItem\",\"position\":2,\"name\":\"Historia del espiritismo en Costa Rica\"}]},{\"@type\":\"WebSite\",\"@id\":\"https:\/\/nuevo-renacer.com\/#website\",\"url\":\"https:\/\/nuevo-renacer.com\/\",\"name\":\"Uni\u00f3n Esp\u00edrita\",\"description\":\"Nuevo Renacer\",\"publisher\":{\"@id\":\"https:\/\/nuevo-renacer.com\/#organization\"},\"potentialAction\":[{\"@type\":\"SearchAction\",\"target\":{\"@type\":\"EntryPoint\",\"urlTemplate\":\"https:\/\/nuevo-renacer.com\/?s={search_term_string}\"},\"query-input\":{\"@type\":\"PropertyValueSpecification\",\"valueRequired\":true,\"valueName\":\"search_term_string\"}}],\"inLanguage\":\"en-GB\"},{\"@type\":\"Organization\",\"@id\":\"https:\/\/nuevo-renacer.com\/#organization\",\"name\":\"UFEC\",\"url\":\"https:\/\/nuevo-renacer.com\/\",\"logo\":{\"@type\":\"ImageObject\",\"inLanguage\":\"en-GB\",\"@id\":\"https:\/\/nuevo-renacer.com\/#\/schema\/logo\/image\/\",\"url\":\"https:\/\/nuevo-renacer.com\/wp-content\/uploads\/2024\/05\/cropped-LOGO-TERMINADO1-3-3.png\",\"contentUrl\":\"https:\/\/nuevo-renacer.com\/wp-content\/uploads\/2024\/05\/cropped-LOGO-TERMINADO1-3-3.png\",\"width\":512,\"height\":512,\"caption\":\"UFEC\"},\"image\":{\"@id\":\"https:\/\/nuevo-renacer.com\/#\/schema\/logo\/image\/\"},\"sameAs\":[\"https:\/\/www.facebook.com\/groups\/3431398063740829\"]}]}<\/script>\n<!-- \/ Yoast SEO Premium plugin. -->","yoast_head_json":{"title":"Historia del espiritismo en Costa Rica - Uni\u00f3n Esp\u00edrita","robots":{"index":"index","follow":"follow","max-snippet":"max-snippet:-1","max-image-preview":"max-image-preview:large","max-video-preview":"max-video-preview:-1"},"canonical":"https:\/\/nuevo-renacer.com\/en\/historia-del-espiritismo-en-costa-rica\/","og_locale":"en_GB","og_type":"article","og_title":"Historia del espiritismo en Costa Rica","og_description":"Historia del espiritismo en Costa Rica Desde 1874 ya el vicario Domingo Rivas alertaba desde el p\u00falpito contra la circulaci\u00f3n de literatura espiritista de Allan Kardec en el pa\u00eds. Aunque se desconoce el inicio exacto del espiritismo en Costa Rica ya desde 1896 existe al menos un c\u00edrculo ocultista que publica la revista Grano de [&hellip;]","og_url":"https:\/\/nuevo-renacer.com\/en\/historia-del-espiritismo-en-costa-rica\/","og_site_name":"Uni\u00f3n Esp\u00edrita","article_publisher":"https:\/\/www.facebook.com\/groups\/3431398063740829","article_modified_time":"2024-10-18T08:33:40+00:00","og_image":[{"width":220,"height":132,"url":"https:\/\/nuevo-renacer.com\/wp-content\/uploads\/2024\/10\/costa-rica.png","type":"image\/png"}],"twitter_card":"summary_large_image","twitter_misc":{"Estimated reading time":"3 minutes"},"schema":{"@context":"https:\/\/schema.org","@graph":[{"@type":"WebPage","@id":"https:\/\/nuevo-renacer.com\/historia-del-espiritismo-en-costa-rica\/","url":"https:\/\/nuevo-renacer.com\/historia-del-espiritismo-en-costa-rica\/","name":"Historia del espiritismo en Costa Rica - Uni\u00f3n Esp\u00edrita","isPartOf":{"@id":"https:\/\/nuevo-renacer.com\/#website"},"primaryImageOfPage":{"@id":"https:\/\/nuevo-renacer.com\/historia-del-espiritismo-en-costa-rica\/#primaryimage"},"image":{"@id":"https:\/\/nuevo-renacer.com\/historia-del-espiritismo-en-costa-rica\/#primaryimage"},"thumbnailUrl":"https:\/\/nuevo-renacer.com\/wp-content\/uploads\/2024\/10\/costa-rica.png","datePublished":"2024-10-18T08:28:49+00:00","dateModified":"2024-10-18T08:33:40+00:00","breadcrumb":{"@id":"https:\/\/nuevo-renacer.com\/historia-del-espiritismo-en-costa-rica\/#breadcrumb"},"inLanguage":"en-GB","potentialAction":[{"@type":"ReadAction","target":["https:\/\/nuevo-renacer.com\/historia-del-espiritismo-en-costa-rica\/"]}]},{"@type":"ImageObject","inLanguage":"en-GB","@id":"https:\/\/nuevo-renacer.com\/historia-del-espiritismo-en-costa-rica\/#primaryimage","url":"https:\/\/nuevo-renacer.com\/wp-content\/uploads\/2024\/10\/costa-rica.png","contentUrl":"https:\/\/nuevo-renacer.com\/wp-content\/uploads\/2024\/10\/costa-rica.png"},{"@type":"BreadcrumbList","@id":"https:\/\/nuevo-renacer.com\/historia-del-espiritismo-en-costa-rica\/#breadcrumb","itemListElement":[{"@type":"ListItem","position":1,"name":"Startseite","item":"https:\/\/nuevo-renacer.com\/"},{"@type":"ListItem","position":2,"name":"Historia del espiritismo en Costa Rica"}]},{"@type":"WebSite","@id":"https:\/\/nuevo-renacer.com\/#website","url":"https:\/\/nuevo-renacer.com\/","name":"Uni\u00f3n Esp\u00edrita","description":"Nuevo Renacer","publisher":{"@id":"https:\/\/nuevo-renacer.com\/#organization"},"potentialAction":[{"@type":"SearchAction","target":{"@type":"EntryPoint","urlTemplate":"https:\/\/nuevo-renacer.com\/?s={search_term_string}"},"query-input":{"@type":"PropertyValueSpecification","valueRequired":true,"valueName":"search_term_string"}}],"inLanguage":"en-GB"},{"@type":"Organization","@id":"https:\/\/nuevo-renacer.com\/#organization","name":"UFEC","url":"https:\/\/nuevo-renacer.com\/","logo":{"@type":"ImageObject","inLanguage":"en-GB","@id":"https:\/\/nuevo-renacer.com\/#\/schema\/logo\/image\/","url":"https:\/\/nuevo-renacer.com\/wp-content\/uploads\/2024\/05\/cropped-LOGO-TERMINADO1-3-3.png","contentUrl":"https:\/\/nuevo-renacer.com\/wp-content\/uploads\/2024\/05\/cropped-LOGO-TERMINADO1-3-3.png","width":512,"height":512,"caption":"UFEC"},"image":{"@id":"https:\/\/nuevo-renacer.com\/#\/schema\/logo\/image\/"},"sameAs":["https:\/\/www.facebook.com\/groups\/3431398063740829"]}]}},"uagb_featured_image_src":{"full":false,"thumbnail":false,"medium":false,"medium_large":false,"large":false,"1536x1536":false,"2048x2048":false,"trp-custom-language-flag":false},"uagb_author_info":{"display_name":"adbv0","author_link":"https:\/\/nuevo-renacer.com\/en\/author\/adbv0\/"},"uagb_comment_info":0,"uagb_excerpt":"Historia del espiritismo en Costa Rica Desde 1874 ya el vicario Domingo Rivas alertaba desde el p\u00falpito contra la circulaci\u00f3n de literatura espiritista de Allan Kardec en el pa\u00eds. Aunque se desconoce el inicio exacto del espiritismo en Costa Rica ya desde 1896 existe al menos un c\u00edrculo ocultista que publica la revista Grano de&hellip;","jetpack_sharing_enabled":true,"_links":{"self":[{"href":"https:\/\/nuevo-renacer.com\/en\/wp-json\/wp\/v2\/pages\/5641","targetHints":{"allow":["GET"]}}],"collection":[{"href":"https:\/\/nuevo-renacer.com\/en\/wp-json\/wp\/v2\/pages"}],"about":[{"href":"https:\/\/nuevo-renacer.com\/en\/wp-json\/wp\/v2\/types\/page"}],"author":[{"embeddable":true,"href":"https:\/\/nuevo-renacer.com\/en\/wp-json\/wp\/v2\/users\/1"}],"replies":[{"embeddable":true,"href":"https:\/\/nuevo-renacer.com\/en\/wp-json\/wp\/v2\/comments?post=5641"}],"version-history":[{"count":2,"href":"https:\/\/nuevo-renacer.com\/en\/wp-json\/wp\/v2\/pages\/5641\/revisions"}],"predecessor-version":[{"id":5647,"href":"https:\/\/nuevo-renacer.com\/en\/wp-json\/wp\/v2\/pages\/5641\/revisions\/5647"}],"wp:attachment":[{"href":"https:\/\/nuevo-renacer.com\/en\/wp-json\/wp\/v2\/media?parent=5641"}],"curies":[{"name":"wp","href":"https:\/\/api.w.org\/{rel}","templated":true}]}}