{"id":5605,"date":"2024-10-17T12:35:36","date_gmt":"2024-10-17T12:35:36","guid":{"rendered":"https:\/\/nuevo-renacer.com\/?page_id=5605"},"modified":"2024-10-17T13:00:15","modified_gmt":"2024-10-17T13:00:15","slug":"historia-del-espiritismo-en-chile","status":"publish","type":"page","link":"https:\/\/nuevo-renacer.com\/en\/historia-del-espiritismo-en-chile\/","title":{"rendered":"History of Spiritism in Chile"},"content":{"rendered":"<div class=\"wp-block-uagb-container uagb-block-32cf11ee alignfull uagb-is-root-container\"><div class=\"uagb-container-inner-blocks-wrap\">\n<p class=\"has-black-color has-text-color has-link-color has-medium-font-size wp-elements-31157abb6c433cbe551248a19a65fe4f\"><strong>History of Spiritism in Chile<\/strong><\/p>\n<\/div><\/div>\n\n\n\n<div class=\"wp-block-uagb-container uagb-block-9a3b7f73 alignfull uagb-is-root-container\"><div class=\"uagb-container-inner-blocks-wrap\"><\/div><\/div>\n\n\n\n<div class=\"wp-block-uagb-container uagb-block-513333a6 alignfull uagb-is-root-container\"><div class=\"uagb-container-inner-blocks-wrap\">\n<figure class=\"wp-block-image size-full is-resized has-custom-border\"><img fetchpriority=\"high\" decoding=\"async\" width=\"1000\" height=\"667\" src=\"https:\/\/nuevo-renacer.com\/wp-content\/uploads\/2024\/10\/chile1.jpg\" alt=\"\" class=\"wp-image-5606\" style=\"border-width:1px;width:84px\" srcset=\"https:\/\/nuevo-renacer.com\/wp-content\/uploads\/2024\/10\/chile1.jpg 1000w, https:\/\/nuevo-renacer.com\/wp-content\/uploads\/2024\/10\/chile1-300x200.jpg 300w, https:\/\/nuevo-renacer.com\/wp-content\/uploads\/2024\/10\/chile1-768x512.jpg 768w, https:\/\/nuevo-renacer.com\/wp-content\/uploads\/2024\/10\/chile1-18x12.jpg 18w\" sizes=\"(max-width: 1000px) 100vw, 1000px\" \/><\/figure>\n<\/div><\/div>\n\n\n\n<div class=\"wp-block-uagb-container uagb-block-bd4e521e alignfull uagb-is-root-container\"><div class=\"uagb-container-inner-blocks-wrap\">\n<p class=\"has-black-color has-text-color has-link-color has-small-font-size wp-elements-56ec8224be1acb1b934d8dbd99eba78f\">Spiritism in Chile began to spread in the mid-19th century through the circulation of books and magazines. In the following years, the disputes between followers and opponents of this doctrine showed the different positions that existed around it and the way it was received in the country.<\/p>\n\n\n\n<p class=\"has-black-color has-text-color has-link-color has-small-font-size wp-elements-29f43200c52e6da16644feec06c8088e\">In 1862 the Imprenta Chill\u00e1n published a translation of The Book of the Spirits by Allan Kardec (1804-1869), a text that compiled the spiritism doctrine. In the following years, Spiritism spread in the country through the translation of texts by other foreign authors dedicated to this doctrine and the circulation of spiritist magazines.<\/p>\n\n\n\n<p class=\"has-black-color has-text-color has-link-color has-small-font-size wp-elements-86c23542bc731433127cbc8de54289a1\">Although in the public sphere spiritism was generally dominated by men, it was in the domestic sphere that women were able to develop a participation in this doctrine. In general, this occurred in s\u00e9ances where women were assistants or mediums in the communications. Accounts of this type, written by Rosario Orrego in the Revista de la Quincena (1873) and Mercedes Echeverr\u00eda de Vargas, in the book Treinta i tres d\u00edas de spiritism \u00f3 sea desenga\u00f1os de una spiritist (1902), are digitised in Memoria Chilena.<\/p>\n\n\n\n<div class=\"wp-block-uagb-container uagb-block-0d4c46a4\">\n<figure class=\"wp-block-gallery has-nested-images columns-default is-cropped wp-block-gallery-1 is-layout-flex wp-block-gallery-is-layout-flex\">\n<figure class=\"wp-block-image size-large\"><img decoding=\"async\" width=\"200\" height=\"223\" data-id=\"5612\" src=\"https:\/\/nuevo-renacer.com\/wp-content\/uploads\/2024\/10\/rosario-1.jpg\" alt=\"\" class=\"wp-image-5612\" srcset=\"https:\/\/nuevo-renacer.com\/wp-content\/uploads\/2024\/10\/rosario-1.jpg 200w, https:\/\/nuevo-renacer.com\/wp-content\/uploads\/2024\/10\/rosario-1-11x12.jpg 11w\" sizes=\"(max-width: 200px) 100vw, 200px\" \/><figcaption class=\"wp-element-caption\">Rosario Orrego<\/figcaption><\/figure>\n\n\n\n<figure class=\"wp-block-image size-large\"><img decoding=\"async\" width=\"228\" height=\"314\" data-id=\"5614\" src=\"https:\/\/nuevo-renacer.com\/wp-content\/uploads\/2024\/10\/mercedes.jpg\" alt=\"\" class=\"wp-image-5614\" srcset=\"https:\/\/nuevo-renacer.com\/wp-content\/uploads\/2024\/10\/mercedes.jpg 228w, https:\/\/nuevo-renacer.com\/wp-content\/uploads\/2024\/10\/mercedes-218x300.jpg 218w, https:\/\/nuevo-renacer.com\/wp-content\/uploads\/2024\/10\/mercedes-9x12.jpg 9w\" sizes=\"(max-width: 228px) 100vw, 228px\" \/><figcaption class=\"wp-element-caption\">Mercedes Echeverr\u00eda de Vargas<\/figcaption><\/figure>\n<\/figure>\n<\/div>\n\n\n\n<p class=\"has-black-color has-text-color has-link-color has-small-font-size wp-elements-d4a81066ca346ce1162c719f081573aa\">Along with the spiritism associations, there were other spaces for the dissemination and practice of this doctrine. Among them was the \"Consultorio Spiritism\" section of the magazine Sucesos, where people could submit their queries to familiar spirits. In addition, literary texts aimed at disseminating Spiritism circulated in the country, such as the novel Revelaciones de ultratumba by Ram\u00f3n Pacheco (1845-1888).<\/p>\n\n\n\n<div class=\"wp-block-uagb-container uagb-block-2d8ceef9\">\n<figure class=\"wp-block-image size-full is-resized\"><img loading=\"lazy\" decoding=\"async\" width=\"427\" height=\"690\" src=\"https:\/\/nuevo-renacer.com\/wp-content\/uploads\/2024\/10\/articles-84980_thumbnail-1.jpg\" alt=\"\" class=\"wp-image-5609\" style=\"width:245px;height:auto\" srcset=\"https:\/\/nuevo-renacer.com\/wp-content\/uploads\/2024\/10\/articles-84980_thumbnail-1.jpg 427w, https:\/\/nuevo-renacer.com\/wp-content\/uploads\/2024\/10\/articles-84980_thumbnail-1-186x300.jpg 186w, https:\/\/nuevo-renacer.com\/wp-content\/uploads\/2024\/10\/articles-84980_thumbnail-1-7x12.jpg 7w\" sizes=\"(max-width: 427px) 100vw, 427px\" \/><\/figure>\n<\/div>\n\n\n\n<p class=\"has-black-color has-text-color has-link-color has-small-font-size wp-elements-e9592a39decb44ac72d26785f64e2cfd\">While Spiritism had many followers in the country, there were also several people who publicly opposed the doctrine. The scientific veracity of its phenomena was a bone of contention between followers and opponents of spiritism.<\/p>\n\n\n\n<p class=\"has-black-color has-text-color has-link-color has-small-font-size wp-elements-a9d8ddaa6e1dc5502cd4f63c8a03ac2e\">Another reason was that the Catholic Church rejected spiritism as a \"work of the devil\". It condemned its doctrinal texts and called on the faithful to abstain from practising it. One of the occasions when Catholics and spiritists clashed was in 1876, when the Jesuit priest Jos\u00e9 Le\u00f3n and the professor of the National Institute Francisco Basterrica publicly debated the principles of spiritism.<\/p>\n\n\n\n<p class=\"has-black-color has-text-color has-link-color has-small-font-size wp-elements-54f9fdcec5aa81056178fb7fa6286b5a\">Although Spiritism shared purposes and principles with Catholicism, it differed from Catholic practice in several respects. Among them, the spiritism ritual was practised in a private space and anyone could be a medium, which for Manuel Vicu\u00f1a Larra\u00edn democratised the religious experience. In relation to spiritism and the process of secularisation in Chile, this historian has affirmed that spiritism was a consequence and origin of this process, as it shared with Catholicism elements such as the belief in God and the immortality of the soul.<\/p>\n<\/div><\/div>\n\n\n\n<div class=\"wp-block-uagb-container uagb-block-c6018777 alignfull uagb-is-root-container\"><div class=\"uagb-container-inner-blocks-wrap\"><\/div><\/div>\n\n\n\n<div class=\"wp-block-uagb-container uagb-block-66dc5eab alignfull uagb-is-root-container\"><div class=\"uagb-container-inner-blocks-wrap\"><\/div><\/div>","protected":false},"excerpt":{"rendered":"<p>Historia del espiritismo en Chile El espiritismo en Chile comenz\u00f3 a difundirse a mediados del siglo XIX a trav\u00e9s de la circulaci\u00f3n de libros y de revistas. En los a\u00f1os siguientes, las disputas entre seguidores y opositores de esta doctrina mostraron las distintas posturas que existieron en torno a ella y la forma en que [&hellip;]<\/p>","protected":false},"author":1,"featured_media":0,"parent":0,"menu_order":0,"comment_status":"closed","ping_status":"closed","template":"","meta":{"_uag_custom_page_level_css":"","site-sidebar-layout":"default","site-content-layout":"","ast-site-content-layout":"default","site-content-style":"default","site-sidebar-style":"default","ast-global-header-display":"","ast-banner-title-visibility":"","ast-main-header-display":"","ast-hfb-above-header-display":"","ast-hfb-below-header-display":"","ast-hfb-mobile-header-display":"","site-post-title":"disabled","ast-breadcrumbs-content":"","ast-featured-img":"","footer-sml-layout":"","theme-transparent-header-meta":"","adv-header-id-meta":"","stick-header-meta":"","header-above-stick-meta":"","header-main-stick-meta":"","header-below-stick-meta":"","astra-migrate-meta-layouts":"set","ast-page-background-enabled":"default","ast-page-background-meta":{"desktop":{"background-color":"var(--ast-global-color-4)","background-image":"","background-repeat":"repeat","background-position":"center center","background-size":"auto","background-attachment":"scroll","background-type":"","background-media":"","overlay-type":"","overlay-color":"","overlay-opacity":"","overlay-gradient":""},"tablet":{"background-color":"","background-image":"","background-repeat":"repeat","background-position":"center center","background-size":"auto","background-attachment":"scroll","background-type":"","background-media":"","overlay-type":"","overlay-color":"","overlay-opacity":"","overlay-gradient":""},"mobile":{"background-color":"","background-image":"","background-repeat":"repeat","background-position":"center center","background-size":"auto","background-attachment":"scroll","background-type":"","background-media":"","overlay-type":"","overlay-color":"","overlay-opacity":"","overlay-gradient":""}},"ast-content-background-meta":{"desktop":{"background-color":"var(--ast-global-color-5)","background-image":"","background-repeat":"repeat","background-position":"center center","background-size":"auto","background-attachment":"scroll","background-type":"","background-media":"","overlay-type":"","overlay-color":"","overlay-opacity":"","overlay-gradient":""},"tablet":{"background-color":"var(--ast-global-color-5)","background-image":"","background-repeat":"repeat","background-position":"center center","background-size":"auto","background-attachment":"scroll","background-type":"","background-media":"","overlay-type":"","overlay-color":"","overlay-opacity":"","overlay-gradient":""},"mobile":{"background-color":"var(--ast-global-color-5)","background-image":"","background-repeat":"repeat","background-position":"center center","background-size":"auto","background-attachment":"scroll","background-type":"","background-media":"","overlay-type":"","overlay-color":"","overlay-opacity":"","overlay-gradient":""}},"footnotes":""},"class_list":["post-5605","page","type-page","status-publish","hentry"],"yoast_head":"<!-- This site is optimized with the Yoast SEO Premium plugin v24.2 (Yoast SEO v24.6) - https:\/\/yoast.com\/wordpress\/plugins\/seo\/ -->\n<title>Historia del espiritismo en Chile - Uni\u00f3n Esp\u00edrita<\/title>\n<meta name=\"robots\" content=\"index, follow, max-snippet:-1, max-image-preview:large, max-video-preview:-1\" \/>\n<link rel=\"canonical\" href=\"https:\/\/nuevo-renacer.com\/en\/historia-del-espiritismo-en-chile\/\" \/>\n<meta property=\"og:locale\" content=\"en_GB\" \/>\n<meta property=\"og:type\" content=\"article\" \/>\n<meta property=\"og:title\" content=\"Historia del espiritismo en Chile\" \/>\n<meta property=\"og:description\" content=\"Historia del espiritismo en Chile El espiritismo en Chile comenz\u00f3 a difundirse a mediados del siglo XIX a trav\u00e9s de la circulaci\u00f3n de libros y de revistas. En los a\u00f1os siguientes, las disputas entre seguidores y opositores de esta doctrina mostraron las distintas posturas que existieron en torno a ella y la forma en que [&hellip;]\" \/>\n<meta property=\"og:url\" content=\"https:\/\/nuevo-renacer.com\/en\/historia-del-espiritismo-en-chile\/\" \/>\n<meta property=\"og:site_name\" content=\"Uni\u00f3n Esp\u00edrita\" \/>\n<meta property=\"article:publisher\" content=\"https:\/\/www.facebook.com\/groups\/3431398063740829\" \/>\n<meta property=\"article:modified_time\" content=\"2024-10-17T13:00:15+00:00\" \/>\n<meta property=\"og:image\" content=\"https:\/\/nuevo-renacer.com\/wp-content\/uploads\/2024\/10\/chile1.jpg\" \/>\n\t<meta property=\"og:image:width\" content=\"1000\" \/>\n\t<meta property=\"og:image:height\" content=\"667\" \/>\n\t<meta property=\"og:image:type\" content=\"image\/jpeg\" \/>\n<meta name=\"twitter:card\" content=\"summary_large_image\" \/>\n<meta name=\"twitter:label1\" content=\"Estimated reading time\" \/>\n\t<meta name=\"twitter:data1\" content=\"3 minutes\" \/>\n<script type=\"application\/ld+json\" class=\"yoast-schema-graph\">{\"@context\":\"https:\/\/schema.org\",\"@graph\":[{\"@type\":\"WebPage\",\"@id\":\"https:\/\/nuevo-renacer.com\/historia-del-espiritismo-en-chile\/\",\"url\":\"https:\/\/nuevo-renacer.com\/historia-del-espiritismo-en-chile\/\",\"name\":\"Historia del espiritismo en Chile - Uni\u00f3n Esp\u00edrita\",\"isPartOf\":{\"@id\":\"https:\/\/nuevo-renacer.com\/#website\"},\"primaryImageOfPage\":{\"@id\":\"https:\/\/nuevo-renacer.com\/historia-del-espiritismo-en-chile\/#primaryimage\"},\"image\":{\"@id\":\"https:\/\/nuevo-renacer.com\/historia-del-espiritismo-en-chile\/#primaryimage\"},\"thumbnailUrl\":\"https:\/\/nuevo-renacer.com\/wp-content\/uploads\/2024\/10\/chile1.jpg\",\"datePublished\":\"2024-10-17T12:35:36+00:00\",\"dateModified\":\"2024-10-17T13:00:15+00:00\",\"breadcrumb\":{\"@id\":\"https:\/\/nuevo-renacer.com\/historia-del-espiritismo-en-chile\/#breadcrumb\"},\"inLanguage\":\"en-GB\",\"potentialAction\":[{\"@type\":\"ReadAction\",\"target\":[\"https:\/\/nuevo-renacer.com\/historia-del-espiritismo-en-chile\/\"]}]},{\"@type\":\"ImageObject\",\"inLanguage\":\"en-GB\",\"@id\":\"https:\/\/nuevo-renacer.com\/historia-del-espiritismo-en-chile\/#primaryimage\",\"url\":\"https:\/\/nuevo-renacer.com\/wp-content\/uploads\/2024\/10\/chile1.jpg\",\"contentUrl\":\"https:\/\/nuevo-renacer.com\/wp-content\/uploads\/2024\/10\/chile1.jpg\"},{\"@type\":\"BreadcrumbList\",\"@id\":\"https:\/\/nuevo-renacer.com\/historia-del-espiritismo-en-chile\/#breadcrumb\",\"itemListElement\":[{\"@type\":\"ListItem\",\"position\":1,\"name\":\"Startseite\",\"item\":\"https:\/\/nuevo-renacer.com\/\"},{\"@type\":\"ListItem\",\"position\":2,\"name\":\"Historia del espiritismo en Chile\"}]},{\"@type\":\"WebSite\",\"@id\":\"https:\/\/nuevo-renacer.com\/#website\",\"url\":\"https:\/\/nuevo-renacer.com\/\",\"name\":\"Uni\u00f3n Esp\u00edrita\",\"description\":\"Nuevo Renacer\",\"publisher\":{\"@id\":\"https:\/\/nuevo-renacer.com\/#organization\"},\"potentialAction\":[{\"@type\":\"SearchAction\",\"target\":{\"@type\":\"EntryPoint\",\"urlTemplate\":\"https:\/\/nuevo-renacer.com\/?s={search_term_string}\"},\"query-input\":{\"@type\":\"PropertyValueSpecification\",\"valueRequired\":true,\"valueName\":\"search_term_string\"}}],\"inLanguage\":\"en-GB\"},{\"@type\":\"Organization\",\"@id\":\"https:\/\/nuevo-renacer.com\/#organization\",\"name\":\"UFEC\",\"url\":\"https:\/\/nuevo-renacer.com\/\",\"logo\":{\"@type\":\"ImageObject\",\"inLanguage\":\"en-GB\",\"@id\":\"https:\/\/nuevo-renacer.com\/#\/schema\/logo\/image\/\",\"url\":\"https:\/\/nuevo-renacer.com\/wp-content\/uploads\/2024\/05\/cropped-LOGO-TERMINADO1-3-3.png\",\"contentUrl\":\"https:\/\/nuevo-renacer.com\/wp-content\/uploads\/2024\/05\/cropped-LOGO-TERMINADO1-3-3.png\",\"width\":512,\"height\":512,\"caption\":\"UFEC\"},\"image\":{\"@id\":\"https:\/\/nuevo-renacer.com\/#\/schema\/logo\/image\/\"},\"sameAs\":[\"https:\/\/www.facebook.com\/groups\/3431398063740829\"]}]}<\/script>\n<!-- \/ Yoast SEO Premium plugin. -->","yoast_head_json":{"title":"Historia del espiritismo en Chile - Uni\u00f3n Esp\u00edrita","robots":{"index":"index","follow":"follow","max-snippet":"max-snippet:-1","max-image-preview":"max-image-preview:large","max-video-preview":"max-video-preview:-1"},"canonical":"https:\/\/nuevo-renacer.com\/en\/historia-del-espiritismo-en-chile\/","og_locale":"en_GB","og_type":"article","og_title":"Historia del espiritismo en Chile","og_description":"Historia del espiritismo en Chile El espiritismo en Chile comenz\u00f3 a difundirse a mediados del siglo XIX a trav\u00e9s de la circulaci\u00f3n de libros y de revistas. En los a\u00f1os siguientes, las disputas entre seguidores y opositores de esta doctrina mostraron las distintas posturas que existieron en torno a ella y la forma en que [&hellip;]","og_url":"https:\/\/nuevo-renacer.com\/en\/historia-del-espiritismo-en-chile\/","og_site_name":"Uni\u00f3n Esp\u00edrita","article_publisher":"https:\/\/www.facebook.com\/groups\/3431398063740829","article_modified_time":"2024-10-17T13:00:15+00:00","og_image":[{"width":1000,"height":667,"url":"https:\/\/nuevo-renacer.com\/wp-content\/uploads\/2024\/10\/chile1.jpg","type":"image\/jpeg"}],"twitter_card":"summary_large_image","twitter_misc":{"Estimated reading time":"3 minutes"},"schema":{"@context":"https:\/\/schema.org","@graph":[{"@type":"WebPage","@id":"https:\/\/nuevo-renacer.com\/historia-del-espiritismo-en-chile\/","url":"https:\/\/nuevo-renacer.com\/historia-del-espiritismo-en-chile\/","name":"Historia del espiritismo en Chile - Uni\u00f3n Esp\u00edrita","isPartOf":{"@id":"https:\/\/nuevo-renacer.com\/#website"},"primaryImageOfPage":{"@id":"https:\/\/nuevo-renacer.com\/historia-del-espiritismo-en-chile\/#primaryimage"},"image":{"@id":"https:\/\/nuevo-renacer.com\/historia-del-espiritismo-en-chile\/#primaryimage"},"thumbnailUrl":"https:\/\/nuevo-renacer.com\/wp-content\/uploads\/2024\/10\/chile1.jpg","datePublished":"2024-10-17T12:35:36+00:00","dateModified":"2024-10-17T13:00:15+00:00","breadcrumb":{"@id":"https:\/\/nuevo-renacer.com\/historia-del-espiritismo-en-chile\/#breadcrumb"},"inLanguage":"en-GB","potentialAction":[{"@type":"ReadAction","target":["https:\/\/nuevo-renacer.com\/historia-del-espiritismo-en-chile\/"]}]},{"@type":"ImageObject","inLanguage":"en-GB","@id":"https:\/\/nuevo-renacer.com\/historia-del-espiritismo-en-chile\/#primaryimage","url":"https:\/\/nuevo-renacer.com\/wp-content\/uploads\/2024\/10\/chile1.jpg","contentUrl":"https:\/\/nuevo-renacer.com\/wp-content\/uploads\/2024\/10\/chile1.jpg"},{"@type":"BreadcrumbList","@id":"https:\/\/nuevo-renacer.com\/historia-del-espiritismo-en-chile\/#breadcrumb","itemListElement":[{"@type":"ListItem","position":1,"name":"Startseite","item":"https:\/\/nuevo-renacer.com\/"},{"@type":"ListItem","position":2,"name":"Historia del espiritismo en Chile"}]},{"@type":"WebSite","@id":"https:\/\/nuevo-renacer.com\/#website","url":"https:\/\/nuevo-renacer.com\/","name":"Uni\u00f3n Esp\u00edrita","description":"Nuevo Renacer","publisher":{"@id":"https:\/\/nuevo-renacer.com\/#organization"},"potentialAction":[{"@type":"SearchAction","target":{"@type":"EntryPoint","urlTemplate":"https:\/\/nuevo-renacer.com\/?s={search_term_string}"},"query-input":{"@type":"PropertyValueSpecification","valueRequired":true,"valueName":"search_term_string"}}],"inLanguage":"en-GB"},{"@type":"Organization","@id":"https:\/\/nuevo-renacer.com\/#organization","name":"UFEC","url":"https:\/\/nuevo-renacer.com\/","logo":{"@type":"ImageObject","inLanguage":"en-GB","@id":"https:\/\/nuevo-renacer.com\/#\/schema\/logo\/image\/","url":"https:\/\/nuevo-renacer.com\/wp-content\/uploads\/2024\/05\/cropped-LOGO-TERMINADO1-3-3.png","contentUrl":"https:\/\/nuevo-renacer.com\/wp-content\/uploads\/2024\/05\/cropped-LOGO-TERMINADO1-3-3.png","width":512,"height":512,"caption":"UFEC"},"image":{"@id":"https:\/\/nuevo-renacer.com\/#\/schema\/logo\/image\/"},"sameAs":["https:\/\/www.facebook.com\/groups\/3431398063740829"]}]}},"uagb_featured_image_src":{"full":false,"thumbnail":false,"medium":false,"medium_large":false,"large":false,"1536x1536":false,"2048x2048":false,"trp-custom-language-flag":false},"uagb_author_info":{"display_name":"adbv0","author_link":"https:\/\/nuevo-renacer.com\/en\/author\/adbv0\/"},"uagb_comment_info":0,"uagb_excerpt":"Historia del espiritismo en Chile El espiritismo en Chile comenz\u00f3 a difundirse a mediados del siglo XIX a trav\u00e9s de la circulaci\u00f3n de libros y de revistas. En los a\u00f1os siguientes, las disputas entre seguidores y opositores de esta doctrina mostraron las distintas posturas que existieron en torno a ella y la forma en que&hellip;","jetpack_sharing_enabled":true,"_links":{"self":[{"href":"https:\/\/nuevo-renacer.com\/en\/wp-json\/wp\/v2\/pages\/5605","targetHints":{"allow":["GET"]}}],"collection":[{"href":"https:\/\/nuevo-renacer.com\/en\/wp-json\/wp\/v2\/pages"}],"about":[{"href":"https:\/\/nuevo-renacer.com\/en\/wp-json\/wp\/v2\/types\/page"}],"author":[{"embeddable":true,"href":"https:\/\/nuevo-renacer.com\/en\/wp-json\/wp\/v2\/users\/1"}],"replies":[{"embeddable":true,"href":"https:\/\/nuevo-renacer.com\/en\/wp-json\/wp\/v2\/comments?post=5605"}],"version-history":[{"count":5,"href":"https:\/\/nuevo-renacer.com\/en\/wp-json\/wp\/v2\/pages\/5605\/revisions"}],"predecessor-version":[{"id":5619,"href":"https:\/\/nuevo-renacer.com\/en\/wp-json\/wp\/v2\/pages\/5605\/revisions\/5619"}],"wp:attachment":[{"href":"https:\/\/nuevo-renacer.com\/en\/wp-json\/wp\/v2\/media?parent=5605"}],"curies":[{"name":"wp","href":"https:\/\/api.w.org\/{rel}","templated":true}]}}