{"id":5584,"date":"2024-10-17T08:26:16","date_gmt":"2024-10-17T08:26:16","guid":{"rendered":"https:\/\/nuevo-renacer.com\/?page_id=5584"},"modified":"2024-10-17T08:34:09","modified_gmt":"2024-10-17T08:34:09","slug":"historia-del-espiritismo-en-argentina","status":"publish","type":"page","link":"https:\/\/nuevo-renacer.com\/en\/historia-del-espiritismo-en-argentina\/","title":{"rendered":"History of Spiritism in Argentina"},"content":{"rendered":"<div class=\"wp-block-uagb-container uagb-block-9ffcbae0 alignfull uagb-is-root-container\"><div class=\"uagb-container-inner-blocks-wrap\">\n<p class=\"has-black-color has-text-color has-link-color has-medium-font-size wp-elements-e55091f3ca7b21b73485053eee4fa2d9\"><strong>History of Spiritism in Argentina<\/strong><\/p>\n<\/div><\/div>\n\n\n\n<div class=\"wp-block-uagb-container uagb-block-23c64ebe alignfull uagb-is-root-container\"><div class=\"uagb-container-inner-blocks-wrap\"><\/div><\/div>\n\n\n\n<div class=\"wp-block-uagb-container uagb-block-54e1bbe6 alignfull uagb-is-root-container\"><div class=\"uagb-container-inner-blocks-wrap\">\n<figure class=\"wp-block-image size-full is-resized\"><img fetchpriority=\"high\" decoding=\"async\" width=\"960\" height=\"640\" src=\"https:\/\/nuevo-renacer.com\/wp-content\/uploads\/2024\/10\/argentinien-flagge.jpg\" alt=\"\" class=\"wp-image-5585\" style=\"width:84px\" srcset=\"https:\/\/nuevo-renacer.com\/wp-content\/uploads\/2024\/10\/argentinien-flagge.jpg 960w, https:\/\/nuevo-renacer.com\/wp-content\/uploads\/2024\/10\/argentinien-flagge-300x200.jpg 300w, https:\/\/nuevo-renacer.com\/wp-content\/uploads\/2024\/10\/argentinien-flagge-768x512.jpg 768w, https:\/\/nuevo-renacer.com\/wp-content\/uploads\/2024\/10\/argentinien-flagge-18x12.jpg 18w\" sizes=\"(max-width: 960px) 100vw, 960px\" \/><\/figure>\n<\/div><\/div>\n\n\n\n<div class=\"wp-block-uagb-container uagb-block-e9de749d alignfull uagb-is-root-container\"><div class=\"uagb-container-inner-blocks-wrap\"><\/div><\/div>\n\n\n\n<div class=\"wp-block-uagb-container uagb-block-f552f511 alignfull uagb-is-root-container\"><div class=\"uagb-container-inner-blocks-wrap\">\n<p class=\"has-black-color has-text-color has-link-color has-small-font-size wp-elements-e05374fd7a5fcd98d424ef6d3d714014\">Following the arrival of Don Justo de Espada, a gentleman from Malaga, Spain, between 1869 and 1870, news of the emergence of spiritism and its spread in Europe came to light.<\/p>\n\n\n\n<p class=\"has-black-color has-text-color has-link-color has-small-font-size wp-elements-294a4ff4319323427b5395d31dac46ef\">Immediately linked to important businessmen and professionals of the city, Justo de Espada organised the first experimental group, which held its sessions in the upper rooms of the pharmacy of one of the members, located on the corner of Corrientes and Carlos Pellegrini, precisely opposite the Church of San Nicol\u00e1s, which was then located on the approximate site where the Obelisk stands today.<\/p>\n\n\n\n<div class=\"wp-block-uagb-container uagb-block-8208b511\">\n<figure class=\"wp-block-image size-large is-resized\"><img decoding=\"async\" width=\"1024\" height=\"576\" src=\"https:\/\/nuevo-renacer.com\/wp-content\/uploads\/2024\/10\/OT7RRTDI4JAFFG7PKSP2YIU7H4-1024x576.jpg\" alt=\"\" class=\"wp-image-5586\" style=\"width:272px;height:auto\" srcset=\"https:\/\/nuevo-renacer.com\/wp-content\/uploads\/2024\/10\/OT7RRTDI4JAFFG7PKSP2YIU7H4-1024x576.jpg 1024w, https:\/\/nuevo-renacer.com\/wp-content\/uploads\/2024\/10\/OT7RRTDI4JAFFG7PKSP2YIU7H4-300x169.jpg 300w, https:\/\/nuevo-renacer.com\/wp-content\/uploads\/2024\/10\/OT7RRTDI4JAFFG7PKSP2YIU7H4-768x432.jpg 768w, https:\/\/nuevo-renacer.com\/wp-content\/uploads\/2024\/10\/OT7RRTDI4JAFFG7PKSP2YIU7H4-18x10.jpg 18w, https:\/\/nuevo-renacer.com\/wp-content\/uploads\/2024\/10\/OT7RRTDI4JAFFG7PKSP2YIU7H4.jpg 1366w\" sizes=\"(max-width: 1024px) 100vw, 1024px\" \/><figcaption class=\"wp-element-caption\">Church of St. Nicholas of Bari<\/figcaption><\/figure>\n<\/div>\n\n\n\n<p class=\"has-black-color has-text-color has-link-color has-small-font-size wp-elements-b157184786214a0bc7d863c72523379e\">The phenomena of physical effects - characteristic of the first stage of the spread of spiritism in the world - were \u201cextremely convincing\u201c, although generally of a frivolous nature, and were reproduced at breakneck speed (knocking, levitation, displacements, communication with the alphabet by means of knocking, etc.).<\/p>\n\n\n\n<p class=\"has-black-color has-text-color has-link-color has-small-font-size wp-elements-bc57f1c1342b0cf9f7727f037963a729\">Attracted by this novelty, research groups multiplied in a short time, but there were also those among the curious who noticed that the phenomena \"were a sure sign that there was an intelligent principle in them, a truth still covered by mysterious veils, for the clarification of which study, together with methodical observation, was necessary\".<\/p>\n\n\n\n<p class=\"has-black-color has-text-color has-link-color has-small-font-size wp-elements-769a145971752f145417ccee60498656\">On the one hand, there were those who were exclusively interested in \"social entertainment\", and on the other hand, there were those who were driven by the scientific, philosophical and religious derivation of the astonishing facts, who came together and gave rise to the appearance of the first serious institutions whose objective was the study of the spiritist doctrine.<\/p>\n\n\n\n<p class=\"has-black-color has-text-color has-link-color has-small-font-size wp-elements-abd4275c9c4cd883775d98748234bf85\">In 1877, the only existing society in Buenos Aires was \"Constancia\", an initiative of a theoretical-practical group whose founder was the language teacher \u00c1ngel Scarnicchia. In April 1880, Antonio Ugarte and his wife Rosa Basset founded \"La Fraternidad\".<\/p>\n\n\n\n<div class=\"wp-block-uagb-container uagb-block-39ebafd1\">\n<figure class=\"wp-block-image size-full is-resized\"><img decoding=\"async\" width=\"487\" height=\"640\" src=\"https:\/\/nuevo-renacer.com\/wp-content\/uploads\/2024\/10\/21.Sociedad-Constancia-1877-487x640-1.jpg\" alt=\"\" class=\"wp-image-5587\" style=\"width:253px;height:auto\" srcset=\"https:\/\/nuevo-renacer.com\/wp-content\/uploads\/2024\/10\/21.Sociedad-Constancia-1877-487x640-1.jpg 487w, https:\/\/nuevo-renacer.com\/wp-content\/uploads\/2024\/10\/21.Sociedad-Constancia-1877-487x640-1-228x300.jpg 228w, https:\/\/nuevo-renacer.com\/wp-content\/uploads\/2024\/10\/21.Sociedad-Constancia-1877-487x640-1-9x12.jpg 9w\" sizes=\"(max-width: 487px) 100vw, 487px\" \/><figcaption class=\"wp-element-caption\">Constancia Society (1877)<\/figcaption><\/figure>\n<\/div>\n\n\n\n<p class=\"has-black-color has-text-color has-link-color has-small-font-size wp-elements-280cabd814145db9bf2fa34a007c0343\">By 1888, in contrast to these serious groups, the misnamed spiritists were already on the rise, and under this title they carried out all kinds of shady dealings and presented themselves as healers, healers of misunderstandings, with a marked discredit to those who were determined to make known the philosophy that emerged with the work of Allan Kardec.<\/p>\n\n\n\n<p class=\"has-black-color has-text-color has-link-color has-small-font-size wp-elements-1b2c27df00c36e09e4d706f6fa426e38\">They were impostors who exploited the credulity and naivety of the people, speculating on the sure returns from predictions and divination. The sensible, well-meaning spiritists, faced with this situation, felt the deep need to create a common front to combat them properly.<\/p>\n\n\n\n<p class=\"has-black-color has-text-color has-link-color has-small-font-size wp-elements-34031198e3970eb5f78755b200cda28a\">On the initiative of Antonio Ugarte, the Argentine Spiritism Federation was created in 1888. Its first Board of Directors was formed in 1890 and had Antonio Ugarte as President. In February 1891, the magazine \"La Fraternidad\" became the journalistic organ of the Federation, directed by Manuel S\u00e1enz Cort\u00e9s.<\/p>\n\n\n\n<div class=\"wp-block-uagb-container uagb-block-d3c2b8fd\">\n<figure class=\"wp-block-image size-full is-resized\"><img loading=\"lazy\" decoding=\"async\" width=\"130\" height=\"193\" src=\"https:\/\/nuevo-renacer.com\/wp-content\/uploads\/2024\/10\/antonio_ugarte.jpg\" alt=\"\" class=\"wp-image-5588\" style=\"width:196px;height:auto\" srcset=\"https:\/\/nuevo-renacer.com\/wp-content\/uploads\/2024\/10\/antonio_ugarte.jpg 130w, https:\/\/nuevo-renacer.com\/wp-content\/uploads\/2024\/10\/antonio_ugarte-8x12.jpg 8w\" sizes=\"(max-width: 130px) 100vw, 130px\" \/><figcaption class=\"wp-element-caption\">Antonio Ugarte<\/figcaption><\/figure>\n<\/div>\n\n\n\n<p class=\"has-black-color has-text-color has-link-color has-small-font-size wp-elements-f4b43798f2dfdecbf3c633a829b1438d\">That same year he began a dialogue with the President of the \"Constancia\" Society, Cosme Mari\u00f1o, although it was not until November 1899 that the first preparatory meeting took place in the premises of \"La Fraternidad\". Ugarte's words at that time clearly conveyed his mature thinking:<\/p>\n\n\n\n<p class=\"has-black-color has-text-color has-link-color has-small-font-size wp-elements-75c3531bf1960b753a258d79305b1ce5\">\"One of the greatest evils of Spiritism consists in the existence of groups which call themselves spiritists, and which only succeed in discrediting the idea, through the mystifications and obsessions to which they are subjected: either because individuals guided by personal and selfish interests are introduced into these Centres, or because those who have founded them lack the necessary experience and knowledge to bring to a successful conclusion an undertaking of such magnitude, bristling with difficulties; these groupings do a grave evil to the cause, which is beyond doubt, because by the scandals they provoke and the ridiculous practices to which they indulge, they make the profane believe that spiritism is reduced to a manifest deception, and to a mystification which concludes in madness or hallucination\".<\/p>\n\n\n\n<div class=\"wp-block-uagb-container uagb-block-fec3dc26\">\n<figure class=\"wp-block-image size-full is-resized\"><img loading=\"lazy\" decoding=\"async\" width=\"170\" height=\"199\" src=\"https:\/\/nuevo-renacer.com\/wp-content\/uploads\/2024\/10\/cosme_marino-1.jpg\" alt=\"\" class=\"wp-image-5590\" style=\"width:247px;height:auto\" srcset=\"https:\/\/nuevo-renacer.com\/wp-content\/uploads\/2024\/10\/cosme_marino-1.jpg 170w, https:\/\/nuevo-renacer.com\/wp-content\/uploads\/2024\/10\/cosme_marino-1-10x12.jpg 10w\" sizes=\"(max-width: 170px) 100vw, 170px\" \/><figcaption class=\"wp-element-caption\">Cosme Mari\u00f1o<\/figcaption><\/figure>\n<\/div>\n\n\n\n<p class=\"has-black-color has-text-color has-link-color has-small-font-size wp-elements-7bdda3b03dae13f9a8d60b02e7fa7856\">In March 1900, the Basis of the Confederation project was discussed, and finally the final meeting was held on 14 June 1900, at which 15 institutions were represented.<\/p>\n\n\n\n<p class=\"has-black-color has-text-color has-link-color has-small-font-size wp-elements-23b17ee429d2db9ae3eee5d40feb3cf0\">The President's proposal that the Argentine Spiritism Confederation be constituted was unanimously accepted.<\/p>\n\n\n\n<p class=\"has-black-color has-text-color has-link-color has-small-font-size wp-elements-bdeb1d587b6ea9675967b841495419dc\">Three of them have survived in the Capital: \"Constancia\", \"La Fraternidad\" and \"Providencia\"; and one in Pehuaj\u00f3: \"S\u00e1enz Cort\u00e9s\".<\/p>\n<\/div><\/div>\n\n\n\n<div class=\"wp-block-uagb-container uagb-block-5ed1a22b alignfull uagb-is-root-container\"><div class=\"uagb-container-inner-blocks-wrap\"><\/div><\/div>\n\n\n\n<div class=\"wp-block-uagb-container uagb-block-c8bc038c alignfull uagb-is-root-container\"><div class=\"uagb-container-inner-blocks-wrap\"><\/div><\/div>","protected":false},"excerpt":{"rendered":"<p>Historia del espiritismo en Argentina A ra\u00edz de la venida de Don Justo de Espada -producida aproximadamente entre 1869 y 1870-, caballero \u00e9ste oriundo de M\u00e1laga, Espa\u00f1a, se tuvo noticias de la aparici\u00f3n del espiritismo y su difusi\u00f3n en Europa. Vinculado de inmediato con importantes comerciantes y profesionales de la ciudad, Justo de Espada organiza [&hellip;]<\/p>","protected":false},"author":1,"featured_media":0,"parent":0,"menu_order":0,"comment_status":"closed","ping_status":"closed","template":"","meta":{"_uag_custom_page_level_css":"","site-sidebar-layout":"default","site-content-layout":"","ast-site-content-layout":"default","site-content-style":"default","site-sidebar-style":"default","ast-global-header-display":"","ast-banner-title-visibility":"","ast-main-header-display":"","ast-hfb-above-header-display":"","ast-hfb-below-header-display":"","ast-hfb-mobile-header-display":"","site-post-title":"disabled","ast-breadcrumbs-content":"","ast-featured-img":"","footer-sml-layout":"","theme-transparent-header-meta":"","adv-header-id-meta":"","stick-header-meta":"","header-above-stick-meta":"","header-main-stick-meta":"","header-below-stick-meta":"","astra-migrate-meta-layouts":"set","ast-page-background-enabled":"default","ast-page-background-meta":{"desktop":{"background-color":"var(--ast-global-color-4)","background-image":"","background-repeat":"repeat","background-position":"center center","background-size":"auto","background-attachment":"scroll","background-type":"","background-media":"","overlay-type":"","overlay-color":"","overlay-opacity":"","overlay-gradient":""},"tablet":{"background-color":"","background-image":"","background-repeat":"repeat","background-position":"center center","background-size":"auto","background-attachment":"scroll","background-type":"","background-media":"","overlay-type":"","overlay-color":"","overlay-opacity":"","overlay-gradient":""},"mobile":{"background-color":"","background-image":"","background-repeat":"repeat","background-position":"center center","background-size":"auto","background-attachment":"scroll","background-type":"","background-media":"","overlay-type":"","overlay-color":"","overlay-opacity":"","overlay-gradient":""}},"ast-content-background-meta":{"desktop":{"background-color":"var(--ast-global-color-5)","background-image":"","background-repeat":"repeat","background-position":"center center","background-size":"auto","background-attachment":"scroll","background-type":"","background-media":"","overlay-type":"","overlay-color":"","overlay-opacity":"","overlay-gradient":""},"tablet":{"background-color":"var(--ast-global-color-5)","background-image":"","background-repeat":"repeat","background-position":"center center","background-size":"auto","background-attachment":"scroll","background-type":"","background-media":"","overlay-type":"","overlay-color":"","overlay-opacity":"","overlay-gradient":""},"mobile":{"background-color":"var(--ast-global-color-5)","background-image":"","background-repeat":"repeat","background-position":"center center","background-size":"auto","background-attachment":"scroll","background-type":"","background-media":"","overlay-type":"","overlay-color":"","overlay-opacity":"","overlay-gradient":""}},"footnotes":""},"class_list":["post-5584","page","type-page","status-publish","hentry"],"yoast_head":"<!-- This site is optimized with the Yoast SEO Premium plugin v24.2 (Yoast SEO v24.6) - https:\/\/yoast.com\/wordpress\/plugins\/seo\/ -->\n<title>Historia del espiritismo en Argentina - Uni\u00f3n Esp\u00edrita<\/title>\n<meta name=\"robots\" content=\"index, follow, max-snippet:-1, max-image-preview:large, max-video-preview:-1\" \/>\n<link rel=\"canonical\" href=\"https:\/\/nuevo-renacer.com\/en\/historia-del-espiritismo-en-argentina\/\" \/>\n<meta property=\"og:locale\" content=\"en_GB\" \/>\n<meta property=\"og:type\" content=\"article\" \/>\n<meta property=\"og:title\" content=\"Historia del espiritismo en Argentina\" \/>\n<meta property=\"og:description\" content=\"Historia del espiritismo en Argentina A ra\u00edz de la venida de Don Justo de Espada -producida aproximadamente entre 1869 y 1870-, caballero \u00e9ste oriundo de M\u00e1laga, Espa\u00f1a, se tuvo noticias de la aparici\u00f3n del espiritismo y su difusi\u00f3n en Europa. Vinculado de inmediato con importantes comerciantes y profesionales de la ciudad, Justo de Espada organiza [&hellip;]\" \/>\n<meta property=\"og:url\" content=\"https:\/\/nuevo-renacer.com\/en\/historia-del-espiritismo-en-argentina\/\" \/>\n<meta property=\"og:site_name\" content=\"Uni\u00f3n Esp\u00edrita\" \/>\n<meta property=\"article:publisher\" content=\"https:\/\/www.facebook.com\/groups\/3431398063740829\" \/>\n<meta property=\"article:modified_time\" content=\"2024-10-17T08:34:09+00:00\" \/>\n<meta property=\"og:image\" content=\"https:\/\/nuevo-renacer.com\/wp-content\/uploads\/2024\/10\/argentinien-flagge.jpg\" \/>\n<meta name=\"twitter:card\" content=\"summary_large_image\" \/>\n<meta name=\"twitter:label1\" content=\"Estimated reading time\" \/>\n\t<meta name=\"twitter:data1\" content=\"6 minutes\" \/>\n<script type=\"application\/ld+json\" class=\"yoast-schema-graph\">{\"@context\":\"https:\/\/schema.org\",\"@graph\":[{\"@type\":\"WebPage\",\"@id\":\"https:\/\/nuevo-renacer.com\/historia-del-espiritismo-en-argentina\/\",\"url\":\"https:\/\/nuevo-renacer.com\/historia-del-espiritismo-en-argentina\/\",\"name\":\"Historia del espiritismo en Argentina - Uni\u00f3n Esp\u00edrita\",\"isPartOf\":{\"@id\":\"https:\/\/nuevo-renacer.com\/#website\"},\"primaryImageOfPage\":{\"@id\":\"https:\/\/nuevo-renacer.com\/historia-del-espiritismo-en-argentina\/#primaryimage\"},\"image\":{\"@id\":\"https:\/\/nuevo-renacer.com\/historia-del-espiritismo-en-argentina\/#primaryimage\"},\"thumbnailUrl\":\"https:\/\/nuevo-renacer.com\/wp-content\/uploads\/2024\/10\/argentinien-flagge.jpg\",\"datePublished\":\"2024-10-17T08:26:16+00:00\",\"dateModified\":\"2024-10-17T08:34:09+00:00\",\"breadcrumb\":{\"@id\":\"https:\/\/nuevo-renacer.com\/historia-del-espiritismo-en-argentina\/#breadcrumb\"},\"inLanguage\":\"en-GB\",\"potentialAction\":[{\"@type\":\"ReadAction\",\"target\":[\"https:\/\/nuevo-renacer.com\/historia-del-espiritismo-en-argentina\/\"]}]},{\"@type\":\"ImageObject\",\"inLanguage\":\"en-GB\",\"@id\":\"https:\/\/nuevo-renacer.com\/historia-del-espiritismo-en-argentina\/#primaryimage\",\"url\":\"https:\/\/nuevo-renacer.com\/wp-content\/uploads\/2024\/10\/argentinien-flagge.jpg\",\"contentUrl\":\"https:\/\/nuevo-renacer.com\/wp-content\/uploads\/2024\/10\/argentinien-flagge.jpg\"},{\"@type\":\"BreadcrumbList\",\"@id\":\"https:\/\/nuevo-renacer.com\/historia-del-espiritismo-en-argentina\/#breadcrumb\",\"itemListElement\":[{\"@type\":\"ListItem\",\"position\":1,\"name\":\"Startseite\",\"item\":\"https:\/\/nuevo-renacer.com\/\"},{\"@type\":\"ListItem\",\"position\":2,\"name\":\"Historia del espiritismo en Argentina\"}]},{\"@type\":\"WebSite\",\"@id\":\"https:\/\/nuevo-renacer.com\/#website\",\"url\":\"https:\/\/nuevo-renacer.com\/\",\"name\":\"Uni\u00f3n Esp\u00edrita\",\"description\":\"Nuevo Renacer\",\"publisher\":{\"@id\":\"https:\/\/nuevo-renacer.com\/#organization\"},\"potentialAction\":[{\"@type\":\"SearchAction\",\"target\":{\"@type\":\"EntryPoint\",\"urlTemplate\":\"https:\/\/nuevo-renacer.com\/?s={search_term_string}\"},\"query-input\":{\"@type\":\"PropertyValueSpecification\",\"valueRequired\":true,\"valueName\":\"search_term_string\"}}],\"inLanguage\":\"en-GB\"},{\"@type\":\"Organization\",\"@id\":\"https:\/\/nuevo-renacer.com\/#organization\",\"name\":\"UFEC\",\"url\":\"https:\/\/nuevo-renacer.com\/\",\"logo\":{\"@type\":\"ImageObject\",\"inLanguage\":\"en-GB\",\"@id\":\"https:\/\/nuevo-renacer.com\/#\/schema\/logo\/image\/\",\"url\":\"https:\/\/nuevo-renacer.com\/wp-content\/uploads\/2024\/05\/cropped-LOGO-TERMINADO1-3-3.png\",\"contentUrl\":\"https:\/\/nuevo-renacer.com\/wp-content\/uploads\/2024\/05\/cropped-LOGO-TERMINADO1-3-3.png\",\"width\":512,\"height\":512,\"caption\":\"UFEC\"},\"image\":{\"@id\":\"https:\/\/nuevo-renacer.com\/#\/schema\/logo\/image\/\"},\"sameAs\":[\"https:\/\/www.facebook.com\/groups\/3431398063740829\"]}]}<\/script>\n<!-- \/ Yoast SEO Premium plugin. -->","yoast_head_json":{"title":"Historia del espiritismo en Argentina - Uni\u00f3n Esp\u00edrita","robots":{"index":"index","follow":"follow","max-snippet":"max-snippet:-1","max-image-preview":"max-image-preview:large","max-video-preview":"max-video-preview:-1"},"canonical":"https:\/\/nuevo-renacer.com\/en\/historia-del-espiritismo-en-argentina\/","og_locale":"en_GB","og_type":"article","og_title":"Historia del espiritismo en Argentina","og_description":"Historia del espiritismo en Argentina A ra\u00edz de la venida de Don Justo de Espada -producida aproximadamente entre 1869 y 1870-, caballero \u00e9ste oriundo de M\u00e1laga, Espa\u00f1a, se tuvo noticias de la aparici\u00f3n del espiritismo y su difusi\u00f3n en Europa. Vinculado de inmediato con importantes comerciantes y profesionales de la ciudad, Justo de Espada organiza [&hellip;]","og_url":"https:\/\/nuevo-renacer.com\/en\/historia-del-espiritismo-en-argentina\/","og_site_name":"Uni\u00f3n Esp\u00edrita","article_publisher":"https:\/\/www.facebook.com\/groups\/3431398063740829","article_modified_time":"2024-10-17T08:34:09+00:00","og_image":[{"url":"https:\/\/nuevo-renacer.com\/wp-content\/uploads\/2024\/10\/argentinien-flagge.jpg","type":"","width":"","height":""}],"twitter_card":"summary_large_image","twitter_misc":{"Estimated reading time":"6 minutes"},"schema":{"@context":"https:\/\/schema.org","@graph":[{"@type":"WebPage","@id":"https:\/\/nuevo-renacer.com\/historia-del-espiritismo-en-argentina\/","url":"https:\/\/nuevo-renacer.com\/historia-del-espiritismo-en-argentina\/","name":"Historia del espiritismo en Argentina - Uni\u00f3n Esp\u00edrita","isPartOf":{"@id":"https:\/\/nuevo-renacer.com\/#website"},"primaryImageOfPage":{"@id":"https:\/\/nuevo-renacer.com\/historia-del-espiritismo-en-argentina\/#primaryimage"},"image":{"@id":"https:\/\/nuevo-renacer.com\/historia-del-espiritismo-en-argentina\/#primaryimage"},"thumbnailUrl":"https:\/\/nuevo-renacer.com\/wp-content\/uploads\/2024\/10\/argentinien-flagge.jpg","datePublished":"2024-10-17T08:26:16+00:00","dateModified":"2024-10-17T08:34:09+00:00","breadcrumb":{"@id":"https:\/\/nuevo-renacer.com\/historia-del-espiritismo-en-argentina\/#breadcrumb"},"inLanguage":"en-GB","potentialAction":[{"@type":"ReadAction","target":["https:\/\/nuevo-renacer.com\/historia-del-espiritismo-en-argentina\/"]}]},{"@type":"ImageObject","inLanguage":"en-GB","@id":"https:\/\/nuevo-renacer.com\/historia-del-espiritismo-en-argentina\/#primaryimage","url":"https:\/\/nuevo-renacer.com\/wp-content\/uploads\/2024\/10\/argentinien-flagge.jpg","contentUrl":"https:\/\/nuevo-renacer.com\/wp-content\/uploads\/2024\/10\/argentinien-flagge.jpg"},{"@type":"BreadcrumbList","@id":"https:\/\/nuevo-renacer.com\/historia-del-espiritismo-en-argentina\/#breadcrumb","itemListElement":[{"@type":"ListItem","position":1,"name":"Startseite","item":"https:\/\/nuevo-renacer.com\/"},{"@type":"ListItem","position":2,"name":"Historia del espiritismo en Argentina"}]},{"@type":"WebSite","@id":"https:\/\/nuevo-renacer.com\/#website","url":"https:\/\/nuevo-renacer.com\/","name":"Uni\u00f3n Esp\u00edrita","description":"Nuevo Renacer","publisher":{"@id":"https:\/\/nuevo-renacer.com\/#organization"},"potentialAction":[{"@type":"SearchAction","target":{"@type":"EntryPoint","urlTemplate":"https:\/\/nuevo-renacer.com\/?s={search_term_string}"},"query-input":{"@type":"PropertyValueSpecification","valueRequired":true,"valueName":"search_term_string"}}],"inLanguage":"en-GB"},{"@type":"Organization","@id":"https:\/\/nuevo-renacer.com\/#organization","name":"UFEC","url":"https:\/\/nuevo-renacer.com\/","logo":{"@type":"ImageObject","inLanguage":"en-GB","@id":"https:\/\/nuevo-renacer.com\/#\/schema\/logo\/image\/","url":"https:\/\/nuevo-renacer.com\/wp-content\/uploads\/2024\/05\/cropped-LOGO-TERMINADO1-3-3.png","contentUrl":"https:\/\/nuevo-renacer.com\/wp-content\/uploads\/2024\/05\/cropped-LOGO-TERMINADO1-3-3.png","width":512,"height":512,"caption":"UFEC"},"image":{"@id":"https:\/\/nuevo-renacer.com\/#\/schema\/logo\/image\/"},"sameAs":["https:\/\/www.facebook.com\/groups\/3431398063740829"]}]}},"uagb_featured_image_src":{"full":false,"thumbnail":false,"medium":false,"medium_large":false,"large":false,"1536x1536":false,"2048x2048":false,"trp-custom-language-flag":false},"uagb_author_info":{"display_name":"adbv0","author_link":"https:\/\/nuevo-renacer.com\/en\/author\/adbv0\/"},"uagb_comment_info":0,"uagb_excerpt":"Historia del espiritismo en Argentina A ra\u00edz de la venida de Don Justo de Espada -producida aproximadamente entre 1869 y 1870-, caballero \u00e9ste oriundo de M\u00e1laga, Espa\u00f1a, se tuvo noticias de la aparici\u00f3n del espiritismo y su difusi\u00f3n en Europa. Vinculado de inmediato con importantes comerciantes y profesionales de la ciudad, Justo de Espada organiza&hellip;","jetpack_sharing_enabled":true,"_links":{"self":[{"href":"https:\/\/nuevo-renacer.com\/en\/wp-json\/wp\/v2\/pages\/5584","targetHints":{"allow":["GET"]}}],"collection":[{"href":"https:\/\/nuevo-renacer.com\/en\/wp-json\/wp\/v2\/pages"}],"about":[{"href":"https:\/\/nuevo-renacer.com\/en\/wp-json\/wp\/v2\/types\/page"}],"author":[{"embeddable":true,"href":"https:\/\/nuevo-renacer.com\/en\/wp-json\/wp\/v2\/users\/1"}],"replies":[{"embeddable":true,"href":"https:\/\/nuevo-renacer.com\/en\/wp-json\/wp\/v2\/comments?post=5584"}],"version-history":[{"count":3,"href":"https:\/\/nuevo-renacer.com\/en\/wp-json\/wp\/v2\/pages\/5584\/revisions"}],"predecessor-version":[{"id":5593,"href":"https:\/\/nuevo-renacer.com\/en\/wp-json\/wp\/v2\/pages\/5584\/revisions\/5593"}],"wp:attachment":[{"href":"https:\/\/nuevo-renacer.com\/en\/wp-json\/wp\/v2\/media?parent=5584"}],"curies":[{"name":"wp","href":"https:\/\/api.w.org\/{rel}","templated":true}]}}