{"id":5534,"date":"2024-10-14T07:06:13","date_gmt":"2024-10-14T07:06:13","guid":{"rendered":"https:\/\/nuevo-renacer.com\/?page_id=5534"},"modified":"2024-10-14T07:10:09","modified_gmt":"2024-10-14T07:10:09","slug":"las-penas-futuras-segun-el-espiritismo-la-carne-es-debil","status":"publish","type":"page","link":"https:\/\/nuevo-renacer.com\/en\/las-penas-futuras-segun-el-espiritismo-la-carne-es-debil\/","title":{"rendered":"The future penalties according to Spiritism - The flesh is weak"},"content":{"rendered":"<div class=\"wp-block-uagb-container uagb-block-182a15f7 alignfull uagb-is-root-container\"><div class=\"uagb-container-inner-blocks-wrap\">\n<p class=\"has-black-color has-text-color has-link-color has-medium-font-size wp-elements-9724c9252f87a656990f768a0c8e98cd\"><strong>The future penalties according to Spiritism - The flesh is weak<\/strong><\/p>\n<\/div><\/div>\n\n\n\n<div class=\"wp-block-uagb-container uagb-block-f941d68e alignfull uagb-is-root-container\"><div class=\"uagb-container-inner-blocks-wrap\">\n<figure class=\"wp-block-image size-full\"><img fetchpriority=\"high\" decoding=\"async\" width=\"626\" height=\"351\" src=\"https:\/\/nuevo-renacer.com\/wp-content\/uploads\/2024\/10\/man-emerging-from-smoky-tendrils-abstract-ink_880100-4729.jpg\" alt=\"\" class=\"wp-image-5535\" srcset=\"https:\/\/nuevo-renacer.com\/wp-content\/uploads\/2024\/10\/man-emerging-from-smoky-tendrils-abstract-ink_880100-4729.jpg 626w, https:\/\/nuevo-renacer.com\/wp-content\/uploads\/2024\/10\/man-emerging-from-smoky-tendrils-abstract-ink_880100-4729-300x168.jpg 300w, https:\/\/nuevo-renacer.com\/wp-content\/uploads\/2024\/10\/man-emerging-from-smoky-tendrils-abstract-ink_880100-4729-18x10.jpg 18w\" sizes=\"(max-width: 626px) 100vw, 626px\" \/><\/figure>\n<\/div><\/div>\n\n\n\n<div class=\"wp-block-uagb-container uagb-block-e76c4bbb alignfull uagb-is-root-container\"><div class=\"uagb-container-inner-blocks-wrap\">\n<p class=\"has-black-color has-text-color has-link-color has-small-font-size wp-elements-72dfd0d2951594b375be092217c702dc\">There are vicious inclinations which are evidently inherent in the spirit, because they have more to do with the great moral than with the physical. Others seem more like a consequence of the organism, and for this reason one feels less responsible, for example: predispositions to anger, indolence, sensuality, etc.<\/p>\n\n\n\n<p class=\"has-black-color has-text-color has-link-color has-small-font-size wp-elements-c939c370bcb1fa59ffc6ff535f3c4a3b\">It is now perfectly recognized by the spiritualist philosophers that the brain organs, corresponding to the various aptitudes, owe their development to the activity of their spirit, and that thus developed is an effect and not a cause. A man is not a musician because he has the protrusion of music, but he has this protrusion because his spirit is a musician. If the activity of the spirit works on the brain, it must also work on the other parts of the organism. Thus, the spirit is the craftsman who arranges his own body, so to speak, in order to conform it to his needs and to the manifestation of his tendencies. With this in mind, the perfection of the body of the advanced races will not be the product of different creations, but the result of the work of the spirit, which perfects its instrument as it increases its faculties.<\/p>\n\n\n\n<p class=\"has-black-color has-text-color has-link-color has-small-font-size wp-elements-5e0e6a022c488030253c58ff6dccf7cb\">As a natural consequence of this principle, the moral dispositions of the spirit must modify the qualities of the blood, give it more or less activity, provoke secretions more or less abundant of bile or other fluids. So, for example, the glutton\u2019s mouth water at the sight of an appetizing bite. In this case, it is not the bite that can over-excite the organ of taste, since there is no contact, but the spirit, which works by virtue of the sensitivity that has been awakened, with the action of thought, on this organ, while on another, the sight of a large bite does not produce any effect. For the same reason a sensitive person shedds tears easily. The abundance of tears does not give sensitivity to the spirit, but the sensitivity of the spirit causes the abundant secretion of tears. The organism, under the impulse of sensuality, has appropriated this normal disposition of spirit, as it has appropriated that of the spirit of the glutton.<\/p>\n\n\n\n<p class=\"has-black-color has-text-color has-link-color has-small-font-size wp-elements-b3f94742610dbcc935d575e1eb29bdba\">A lazy and indolent spirit will leave your organism in an atony state with regard to its character, while if active and energetic it will give your blood and nerves very different qualities. The action of the spirit on the physical part is so evident that serious disturbances are often seen to occur as a result of violent moral shocks. The common expression: Emotion has changed his blood, not as meaningless as one might think. But what could have changed the blood, but the moral dispositions of the spirit?<\/p>\n\n\n\n<p class=\"has-black-color has-text-color has-link-color has-small-font-size wp-elements-f27c0460ab528ff431c97e42a5c6f19a\">It can therefore be admitted that temperament is at least partly determined by the nature of the spirit, which is cause and not effect. We say in part, because there are cases where the physical certainly influences the moral. This happens when a morbid or abnormal state is determined by an accidental external cause, independent of the spirit, such as temperature, climate, hereditary defects of constitution, a transient discomfort, etc. Then, the moral of the spirit in its manifestations can be affected by the pathological state, without its intrinsic nature being modified.<\/p>\n\n\n\n<p class=\"has-black-color has-text-color has-link-color has-small-font-size wp-elements-2219db526a2f2d815bbe5adf4e2a8ecf\">To excuse its defects by the weakness of the meat is nothing but a subterfuge to avoid responsibility. The flesh is weak only because the spirit is weak, which destroys the excuse and leaves the spirit responsible for its actions. The flesh has no thought or will. It never prevails over the spirit, which is the thinking and voluntary being. The spirit is the one who gives to the flesh the qualities corresponding to his instincts, as an artist imprints to his material work the seal of his genius. The spirit, emancipated from the instincts of bestiality, is composed a body that is not a tyrant for his aspirations towards the spirituality of his being. Then is when man eats to live, for living is a necessity, but he does not live to eat.<\/p>\n\n\n\n<p class=\"has-black-color has-text-color has-link-color has-small-font-size wp-elements-d32a2845071bd55da2632dae6ac6c4d5\">Thus, the spirit bears moral responsibility for its own actions. But the reason manifests that the consequences of this responsibility must be related to the intellectual development of the spirit. The more enlightened he is, the less excuse he has, because with intelligence and moral sense are born notions of good and evil, of right and wrong.<\/p>\n\n\n\n<p class=\"has-black-color has-text-color has-link-color has-small-font-size wp-elements-6af9df83de53cd1c1f3850a888658d78\">This law explains the poor outcome of medicine in certain cases. Temperament is of course an effect and not a cause, and the efforts made to change it are necessarily paralyzed by the moral dispositions of the spirit, which opposes an unconscious resistance and neutralizes the therapeutic action. Give if possible, encourage the fearful, and you will see the physiological effects of fear cease.<\/p>\n\n\n\n<p class=\"has-black-color has-text-color has-link-color has-small-font-size wp-elements-ba0ed96d26af10a4622d862b9149fb09\">It is proof, I repeat, the need of conventional medicine to take into account the action of the spiritual element on the organism.<\/p>\n<\/div><\/div>\n\n\n\n<div class=\"wp-block-uagb-container uagb-block-a8e6b34e alignfull uagb-is-root-container\"><div class=\"uagb-container-inner-blocks-wrap\"><\/div><\/div>\n\n\n\n<div class=\"wp-block-uagb-container uagb-block-d721c9f1 alignfull uagb-is-root-container\"><div class=\"uagb-container-inner-blocks-wrap\">\n<p class=\"has-black-color has-text-color has-link-color wp-elements-8f922bc261fe34b76bcdb7dc8f0e8a33\"><em>Allan Kardec \u2013 The Heaven and the Hell<\/em><\/p>\n<\/div><\/div>\n\n\n\n<div class=\"wp-block-uagb-container uagb-block-b0ae4731 alignfull uagb-is-root-container\"><div class=\"uagb-container-inner-blocks-wrap\"><\/div><\/div>\n\n\n\n<div class=\"wp-block-uagb-container uagb-block-d79f3331 alignfull uagb-is-root-container\"><div class=\"uagb-container-inner-blocks-wrap\"><\/div><\/div>","protected":false},"excerpt":{"rendered":"<p>Las penas futuras seg\u00fan el Espiritismo &#8211; La carne es d\u00e9bil Hay inclinaciones viciosas que son evidentemente inherentes al esp\u00edritu, porque tienen m\u00e1srelaci\u00f3n con la gran parte moral que con la f\u00edsica. Otras m\u00e1s bien parecen consecuencia del organismo, y por este motivo, uno se cree menos responsable, por ejemplo: las predisposiciones a la c\u00f3lera, [&hellip;]<\/p>","protected":false},"author":1,"featured_media":0,"parent":0,"menu_order":0,"comment_status":"closed","ping_status":"closed","template":"","meta":{"_uag_custom_page_level_css":"","site-sidebar-layout":"default","site-content-layout":"","ast-site-content-layout":"default","site-content-style":"default","site-sidebar-style":"default","ast-global-header-display":"","ast-banner-title-visibility":"","ast-main-header-display":"","ast-hfb-above-header-display":"","ast-hfb-below-header-display":"","ast-hfb-mobile-header-display":"","site-post-title":"disabled","ast-breadcrumbs-content":"","ast-featured-img":"","footer-sml-layout":"","theme-transparent-header-meta":"","adv-header-id-meta":"","stick-header-meta":"","header-above-stick-meta":"","header-main-stick-meta":"","header-below-stick-meta":"","astra-migrate-meta-layouts":"set","ast-page-background-enabled":"default","ast-page-background-meta":{"desktop":{"background-color":"var(--ast-global-color-4)","background-image":"","background-repeat":"repeat","background-position":"center center","background-size":"auto","background-attachment":"scroll","background-type":"","background-media":"","overlay-type":"","overlay-color":"","overlay-opacity":"","overlay-gradient":""},"tablet":{"background-color":"","background-image":"","background-repeat":"repeat","background-position":"center center","background-size":"auto","background-attachment":"scroll","background-type":"","background-media":"","overlay-type":"","overlay-color":"","overlay-opacity":"","overlay-gradient":""},"mobile":{"background-color":"","background-image":"","background-repeat":"repeat","background-position":"center center","background-size":"auto","background-attachment":"scroll","background-type":"","background-media":"","overlay-type":"","overlay-color":"","overlay-opacity":"","overlay-gradient":""}},"ast-content-background-meta":{"desktop":{"background-color":"var(--ast-global-color-5)","background-image":"","background-repeat":"repeat","background-position":"center center","background-size":"auto","background-attachment":"scroll","background-type":"","background-media":"","overlay-type":"","overlay-color":"","overlay-opacity":"","overlay-gradient":""},"tablet":{"background-color":"var(--ast-global-color-5)","background-image":"","background-repeat":"repeat","background-position":"center center","background-size":"auto","background-attachment":"scroll","background-type":"","background-media":"","overlay-type":"","overlay-color":"","overlay-opacity":"","overlay-gradient":""},"mobile":{"background-color":"var(--ast-global-color-5)","background-image":"","background-repeat":"repeat","background-position":"center center","background-size":"auto","background-attachment":"scroll","background-type":"","background-media":"","overlay-type":"","overlay-color":"","overlay-opacity":"","overlay-gradient":""}},"footnotes":""},"class_list":["post-5534","page","type-page","status-publish","hentry"],"yoast_head":"<!-- This site is optimized with the Yoast SEO Premium plugin v24.2 (Yoast SEO v24.6) - https:\/\/yoast.com\/wordpress\/plugins\/seo\/ -->\n<title>Las penas futuras seg\u00fan el Espiritismo - La carne es d\u00e9bil - Uni\u00f3n Esp\u00edrita<\/title>\n<meta name=\"robots\" content=\"index, follow, max-snippet:-1, max-image-preview:large, max-video-preview:-1\" \/>\n<link rel=\"canonical\" href=\"https:\/\/nuevo-renacer.com\/en\/las-penas-futuras-segun-el-espiritismo-la-carne-es-debil\/\" \/>\n<meta property=\"og:locale\" content=\"en_GB\" \/>\n<meta property=\"og:type\" content=\"article\" \/>\n<meta property=\"og:title\" content=\"Las penas futuras seg\u00fan el Espiritismo - La carne es d\u00e9bil\" \/>\n<meta property=\"og:description\" content=\"Las penas futuras seg\u00fan el Espiritismo &#8211; La carne es d\u00e9bil Hay inclinaciones viciosas que son evidentemente inherentes al esp\u00edritu, porque tienen m\u00e1srelaci\u00f3n con la gran parte moral que con la f\u00edsica. Otras m\u00e1s bien parecen consecuencia del organismo, y por este motivo, uno se cree menos responsable, por ejemplo: las predisposiciones a la c\u00f3lera, [&hellip;]\" \/>\n<meta property=\"og:url\" content=\"https:\/\/nuevo-renacer.com\/en\/las-penas-futuras-segun-el-espiritismo-la-carne-es-debil\/\" \/>\n<meta property=\"og:site_name\" content=\"Uni\u00f3n Esp\u00edrita\" \/>\n<meta property=\"article:publisher\" content=\"https:\/\/www.facebook.com\/groups\/3431398063740829\" \/>\n<meta property=\"article:modified_time\" content=\"2024-10-14T07:10:09+00:00\" \/>\n<meta property=\"og:image\" content=\"https:\/\/nuevo-renacer.com\/wp-content\/uploads\/2024\/10\/man-emerging-from-smoky-tendrils-abstract-ink_880100-4729.jpg\" \/>\n<meta name=\"twitter:card\" content=\"summary_large_image\" \/>\n<meta name=\"twitter:label1\" content=\"Estimated reading time\" \/>\n\t<meta name=\"twitter:data1\" content=\"5 minutes\" \/>\n<script type=\"application\/ld+json\" class=\"yoast-schema-graph\">{\"@context\":\"https:\/\/schema.org\",\"@graph\":[{\"@type\":\"WebPage\",\"@id\":\"https:\/\/nuevo-renacer.com\/las-penas-futuras-segun-el-espiritismo-la-carne-es-debil\/\",\"url\":\"https:\/\/nuevo-renacer.com\/las-penas-futuras-segun-el-espiritismo-la-carne-es-debil\/\",\"name\":\"Las penas futuras seg\u00fan el Espiritismo - La carne es d\u00e9bil - Uni\u00f3n Esp\u00edrita\",\"isPartOf\":{\"@id\":\"https:\/\/nuevo-renacer.com\/#website\"},\"primaryImageOfPage\":{\"@id\":\"https:\/\/nuevo-renacer.com\/las-penas-futuras-segun-el-espiritismo-la-carne-es-debil\/#primaryimage\"},\"image\":{\"@id\":\"https:\/\/nuevo-renacer.com\/las-penas-futuras-segun-el-espiritismo-la-carne-es-debil\/#primaryimage\"},\"thumbnailUrl\":\"https:\/\/nuevo-renacer.com\/wp-content\/uploads\/2024\/10\/man-emerging-from-smoky-tendrils-abstract-ink_880100-4729.jpg\",\"datePublished\":\"2024-10-14T07:06:13+00:00\",\"dateModified\":\"2024-10-14T07:10:09+00:00\",\"breadcrumb\":{\"@id\":\"https:\/\/nuevo-renacer.com\/las-penas-futuras-segun-el-espiritismo-la-carne-es-debil\/#breadcrumb\"},\"inLanguage\":\"en-GB\",\"potentialAction\":[{\"@type\":\"ReadAction\",\"target\":[\"https:\/\/nuevo-renacer.com\/las-penas-futuras-segun-el-espiritismo-la-carne-es-debil\/\"]}]},{\"@type\":\"ImageObject\",\"inLanguage\":\"en-GB\",\"@id\":\"https:\/\/nuevo-renacer.com\/las-penas-futuras-segun-el-espiritismo-la-carne-es-debil\/#primaryimage\",\"url\":\"https:\/\/nuevo-renacer.com\/wp-content\/uploads\/2024\/10\/man-emerging-from-smoky-tendrils-abstract-ink_880100-4729.jpg\",\"contentUrl\":\"https:\/\/nuevo-renacer.com\/wp-content\/uploads\/2024\/10\/man-emerging-from-smoky-tendrils-abstract-ink_880100-4729.jpg\"},{\"@type\":\"BreadcrumbList\",\"@id\":\"https:\/\/nuevo-renacer.com\/las-penas-futuras-segun-el-espiritismo-la-carne-es-debil\/#breadcrumb\",\"itemListElement\":[{\"@type\":\"ListItem\",\"position\":1,\"name\":\"Startseite\",\"item\":\"https:\/\/nuevo-renacer.com\/\"},{\"@type\":\"ListItem\",\"position\":2,\"name\":\"Las penas futuras seg\u00fan el Espiritismo &#8211; La carne es d\u00e9bil\"}]},{\"@type\":\"WebSite\",\"@id\":\"https:\/\/nuevo-renacer.com\/#website\",\"url\":\"https:\/\/nuevo-renacer.com\/\",\"name\":\"Uni\u00f3n Esp\u00edrita\",\"description\":\"Nuevo Renacer\",\"publisher\":{\"@id\":\"https:\/\/nuevo-renacer.com\/#organization\"},\"potentialAction\":[{\"@type\":\"SearchAction\",\"target\":{\"@type\":\"EntryPoint\",\"urlTemplate\":\"https:\/\/nuevo-renacer.com\/?s={search_term_string}\"},\"query-input\":{\"@type\":\"PropertyValueSpecification\",\"valueRequired\":true,\"valueName\":\"search_term_string\"}}],\"inLanguage\":\"en-GB\"},{\"@type\":\"Organization\",\"@id\":\"https:\/\/nuevo-renacer.com\/#organization\",\"name\":\"UFEC\",\"url\":\"https:\/\/nuevo-renacer.com\/\",\"logo\":{\"@type\":\"ImageObject\",\"inLanguage\":\"en-GB\",\"@id\":\"https:\/\/nuevo-renacer.com\/#\/schema\/logo\/image\/\",\"url\":\"https:\/\/nuevo-renacer.com\/wp-content\/uploads\/2024\/05\/cropped-LOGO-TERMINADO1-3-3.png\",\"contentUrl\":\"https:\/\/nuevo-renacer.com\/wp-content\/uploads\/2024\/05\/cropped-LOGO-TERMINADO1-3-3.png\",\"width\":512,\"height\":512,\"caption\":\"UFEC\"},\"image\":{\"@id\":\"https:\/\/nuevo-renacer.com\/#\/schema\/logo\/image\/\"},\"sameAs\":[\"https:\/\/www.facebook.com\/groups\/3431398063740829\"]}]}<\/script>\n<!-- \/ Yoast SEO Premium plugin. -->","yoast_head_json":{"title":"Las penas futuras seg\u00fan el Espiritismo - La carne es d\u00e9bil - Uni\u00f3n Esp\u00edrita","robots":{"index":"index","follow":"follow","max-snippet":"max-snippet:-1","max-image-preview":"max-image-preview:large","max-video-preview":"max-video-preview:-1"},"canonical":"https:\/\/nuevo-renacer.com\/en\/las-penas-futuras-segun-el-espiritismo-la-carne-es-debil\/","og_locale":"en_GB","og_type":"article","og_title":"Las penas futuras seg\u00fan el Espiritismo - La carne es d\u00e9bil","og_description":"Las penas futuras seg\u00fan el Espiritismo &#8211; La carne es d\u00e9bil Hay inclinaciones viciosas que son evidentemente inherentes al esp\u00edritu, porque tienen m\u00e1srelaci\u00f3n con la gran parte moral que con la f\u00edsica. Otras m\u00e1s bien parecen consecuencia del organismo, y por este motivo, uno se cree menos responsable, por ejemplo: las predisposiciones a la c\u00f3lera, [&hellip;]","og_url":"https:\/\/nuevo-renacer.com\/en\/las-penas-futuras-segun-el-espiritismo-la-carne-es-debil\/","og_site_name":"Uni\u00f3n Esp\u00edrita","article_publisher":"https:\/\/www.facebook.com\/groups\/3431398063740829","article_modified_time":"2024-10-14T07:10:09+00:00","og_image":[{"url":"https:\/\/nuevo-renacer.com\/wp-content\/uploads\/2024\/10\/man-emerging-from-smoky-tendrils-abstract-ink_880100-4729.jpg","type":"","width":"","height":""}],"twitter_card":"summary_large_image","twitter_misc":{"Estimated reading time":"5 minutes"},"schema":{"@context":"https:\/\/schema.org","@graph":[{"@type":"WebPage","@id":"https:\/\/nuevo-renacer.com\/las-penas-futuras-segun-el-espiritismo-la-carne-es-debil\/","url":"https:\/\/nuevo-renacer.com\/las-penas-futuras-segun-el-espiritismo-la-carne-es-debil\/","name":"Las penas futuras seg\u00fan el Espiritismo - La carne es d\u00e9bil - Uni\u00f3n Esp\u00edrita","isPartOf":{"@id":"https:\/\/nuevo-renacer.com\/#website"},"primaryImageOfPage":{"@id":"https:\/\/nuevo-renacer.com\/las-penas-futuras-segun-el-espiritismo-la-carne-es-debil\/#primaryimage"},"image":{"@id":"https:\/\/nuevo-renacer.com\/las-penas-futuras-segun-el-espiritismo-la-carne-es-debil\/#primaryimage"},"thumbnailUrl":"https:\/\/nuevo-renacer.com\/wp-content\/uploads\/2024\/10\/man-emerging-from-smoky-tendrils-abstract-ink_880100-4729.jpg","datePublished":"2024-10-14T07:06:13+00:00","dateModified":"2024-10-14T07:10:09+00:00","breadcrumb":{"@id":"https:\/\/nuevo-renacer.com\/las-penas-futuras-segun-el-espiritismo-la-carne-es-debil\/#breadcrumb"},"inLanguage":"en-GB","potentialAction":[{"@type":"ReadAction","target":["https:\/\/nuevo-renacer.com\/las-penas-futuras-segun-el-espiritismo-la-carne-es-debil\/"]}]},{"@type":"ImageObject","inLanguage":"en-GB","@id":"https:\/\/nuevo-renacer.com\/las-penas-futuras-segun-el-espiritismo-la-carne-es-debil\/#primaryimage","url":"https:\/\/nuevo-renacer.com\/wp-content\/uploads\/2024\/10\/man-emerging-from-smoky-tendrils-abstract-ink_880100-4729.jpg","contentUrl":"https:\/\/nuevo-renacer.com\/wp-content\/uploads\/2024\/10\/man-emerging-from-smoky-tendrils-abstract-ink_880100-4729.jpg"},{"@type":"BreadcrumbList","@id":"https:\/\/nuevo-renacer.com\/las-penas-futuras-segun-el-espiritismo-la-carne-es-debil\/#breadcrumb","itemListElement":[{"@type":"ListItem","position":1,"name":"Startseite","item":"https:\/\/nuevo-renacer.com\/"},{"@type":"ListItem","position":2,"name":"Las penas futuras seg\u00fan el Espiritismo &#8211; La carne es d\u00e9bil"}]},{"@type":"WebSite","@id":"https:\/\/nuevo-renacer.com\/#website","url":"https:\/\/nuevo-renacer.com\/","name":"Uni\u00f3n Esp\u00edrita","description":"Nuevo Renacer","publisher":{"@id":"https:\/\/nuevo-renacer.com\/#organization"},"potentialAction":[{"@type":"SearchAction","target":{"@type":"EntryPoint","urlTemplate":"https:\/\/nuevo-renacer.com\/?s={search_term_string}"},"query-input":{"@type":"PropertyValueSpecification","valueRequired":true,"valueName":"search_term_string"}}],"inLanguage":"en-GB"},{"@type":"Organization","@id":"https:\/\/nuevo-renacer.com\/#organization","name":"UFEC","url":"https:\/\/nuevo-renacer.com\/","logo":{"@type":"ImageObject","inLanguage":"en-GB","@id":"https:\/\/nuevo-renacer.com\/#\/schema\/logo\/image\/","url":"https:\/\/nuevo-renacer.com\/wp-content\/uploads\/2024\/05\/cropped-LOGO-TERMINADO1-3-3.png","contentUrl":"https:\/\/nuevo-renacer.com\/wp-content\/uploads\/2024\/05\/cropped-LOGO-TERMINADO1-3-3.png","width":512,"height":512,"caption":"UFEC"},"image":{"@id":"https:\/\/nuevo-renacer.com\/#\/schema\/logo\/image\/"},"sameAs":["https:\/\/www.facebook.com\/groups\/3431398063740829"]}]}},"uagb_featured_image_src":{"full":false,"thumbnail":false,"medium":false,"medium_large":false,"large":false,"1536x1536":false,"2048x2048":false,"trp-custom-language-flag":false},"uagb_author_info":{"display_name":"adbv0","author_link":"https:\/\/nuevo-renacer.com\/en\/author\/adbv0\/"},"uagb_comment_info":0,"uagb_excerpt":"Las penas futuras seg\u00fan el Espiritismo &#8211; La carne es d\u00e9bil Hay inclinaciones viciosas que son evidentemente inherentes al esp\u00edritu, porque tienen m\u00e1srelaci\u00f3n con la gran parte moral que con la f\u00edsica. Otras m\u00e1s bien parecen consecuencia del organismo, y por este motivo, uno se cree menos responsable, por ejemplo: las predisposiciones a la c\u00f3lera,&hellip;","jetpack_sharing_enabled":true,"_links":{"self":[{"href":"https:\/\/nuevo-renacer.com\/en\/wp-json\/wp\/v2\/pages\/5534","targetHints":{"allow":["GET"]}}],"collection":[{"href":"https:\/\/nuevo-renacer.com\/en\/wp-json\/wp\/v2\/pages"}],"about":[{"href":"https:\/\/nuevo-renacer.com\/en\/wp-json\/wp\/v2\/types\/page"}],"author":[{"embeddable":true,"href":"https:\/\/nuevo-renacer.com\/en\/wp-json\/wp\/v2\/users\/1"}],"replies":[{"embeddable":true,"href":"https:\/\/nuevo-renacer.com\/en\/wp-json\/wp\/v2\/comments?post=5534"}],"version-history":[{"count":2,"href":"https:\/\/nuevo-renacer.com\/en\/wp-json\/wp\/v2\/pages\/5534\/revisions"}],"predecessor-version":[{"id":5537,"href":"https:\/\/nuevo-renacer.com\/en\/wp-json\/wp\/v2\/pages\/5534\/revisions\/5537"}],"wp:attachment":[{"href":"https:\/\/nuevo-renacer.com\/en\/wp-json\/wp\/v2\/media?parent=5534"}],"curies":[{"name":"wp","href":"https:\/\/api.w.org\/{rel}","templated":true}]}}