{"id":5519,"date":"2024-10-11T07:46:38","date_gmt":"2024-10-11T07:46:38","guid":{"rendered":"https:\/\/nuevo-renacer.com\/?page_id=5519"},"modified":"2024-10-11T07:53:44","modified_gmt":"2024-10-11T07:53:44","slug":"historia-del-espiritismo-en-portugal","status":"publish","type":"page","link":"https:\/\/nuevo-renacer.com\/en\/historia-del-espiritismo-en-portugal\/","title":{"rendered":"History of Spiritism in Portugal"},"content":{"rendered":"<div class=\"wp-block-uagb-container uagb-block-7706919a alignfull uagb-is-root-container\"><div class=\"uagb-container-inner-blocks-wrap\">\n<p class=\"has-black-color has-text-color has-link-color has-medium-font-size wp-elements-d88de69da6519450dce94dc58f8d5b4d\"><strong>History of Spiritism in Portugal<\/strong><\/p>\n<\/div><\/div>\n\n\n\n<div class=\"wp-block-uagb-container uagb-block-1973e305 alignfull uagb-is-root-container\"><div class=\"uagb-container-inner-blocks-wrap\"><\/div><\/div>\n\n\n\n<div class=\"wp-block-uagb-container uagb-block-1d2ec7fe alignfull uagb-is-root-container\"><div class=\"uagb-container-inner-blocks-wrap\">\n<figure class=\"wp-block-image size-full is-resized\"><img fetchpriority=\"high\" decoding=\"async\" width=\"688\" height=\"516\" src=\"https:\/\/nuevo-renacer.com\/wp-content\/uploads\/2024\/10\/Flag_of_Portugal.jpg\" alt=\"\" class=\"wp-image-5523\" style=\"width:84px\" srcset=\"https:\/\/nuevo-renacer.com\/wp-content\/uploads\/2024\/10\/Flag_of_Portugal.jpg 688w, https:\/\/nuevo-renacer.com\/wp-content\/uploads\/2024\/10\/Flag_of_Portugal-300x225.jpg 300w, https:\/\/nuevo-renacer.com\/wp-content\/uploads\/2024\/10\/Flag_of_Portugal-16x12.jpg 16w\" sizes=\"(max-width: 688px) 100vw, 688px\" \/><\/figure>\n<\/div><\/div>\n\n\n\n<div class=\"wp-block-uagb-container uagb-block-eff4dae1 alignfull uagb-is-root-container\"><div class=\"uagb-container-inner-blocks-wrap\"><\/div><\/div>\n\n\n\n<div class=\"wp-block-uagb-container uagb-block-e9c13af0 alignfull uagb-is-root-container\"><div class=\"uagb-container-inner-blocks-wrap\">\n<p class=\"has-black-color has-text-color has-link-color has-small-font-size wp-elements-237eed254573e46ecde8b902b01aa565\">To arrive at the Spiritist Congress of 1900 in Paris, something else had to happen in Portugal in relation to Spiritism - and that happened with the return to the north of the country, more specifically to Braga, of the three Cunha brothers (the reference we have says they were brothers, but certainly not flesh and blood, since their surnames were all different) who, after emigrating to Brazil, returned with the idea of implanting in their country the teaching that had been \u2018discovered\u2019 on the Brazilian continent and that had finally reached these plains from France.<\/p>\n\n\n\n<p class=\"has-black-color has-text-color has-link-color has-small-font-size wp-elements-74020b7f776bd1c297e16c0bc5391dd1\">In this city, in the 1920s, they bought the Castelos house, on the slopes of Bom-Jesus, and founded the \u2018Centro Esp\u00edrita Luz e Caridade\u2019 (Light and Charity Spiritist Centre) and the spiritism magazine of the same name. In the spiritism magazine \u2018Al\u00e9m\u2019, Porto, September\/October 1947, Manuel Gra\u00e7a's death is described as follows: \u2018Founder of the Spiritist Centre of Braga and of the magazine \u2018Luz e Caridade\u2019 together with Joaquim Rocha and Matias Cunha, continuator of the work and leader of the first hour\u2019. In the archives of the Library of Leiria there are references to groups of people meeting for spiritual manifestations, even before Allan Kardec's time. (Information given orally in March 2003 by Isabel Saraiva, responsible for the Spiritist Association of Leiria), and we found a reference to the book \u2018RASGANDO AS TREVAS\u2019 in the magazine \u2018O Espirita\u2019, October\/November 1923, psychographed by the group \u2018F\u00e9 e Caridade\u2019 of that city and published by the Spiritist Centre of Leiria that year.<\/p>\n\n\n\n<p class=\"has-black-color has-text-color has-link-color has-small-font-size wp-elements-6475297cfc3aaa930fbc3389a6bc0dc8\">Ant\u00f3nio Castanheira de Moura, in an article entitled \u2018Memory of the Past - 1926-1951\u2019, published in the \u00abRevista de Metapsicologia\u00bb of the F.E.P., writes that \u2018Dr. Sousa Couto began his activities in 1898, representing Portugal at the Spiritist Congress in Paris in 1900, and then, on his return to the country, he devoted himself with zeal to the propaganda of Spiritism, studying and disseminating its phenomena.<\/p>\n\n\n\n<p class=\"has-black-color has-text-color has-link-color has-small-font-size wp-elements-4d7d4ebdd8d99d013988880ec994da60\">Abroad, where he was in contact with the scientists of the time and accompanied them when they investigated psychic phenomena in Paris, he forged links with the leading figures of the world spiritism movement of the time, a veritable school that astonished the materialist world, given the indisputable worth of the names at the head of this movement.\u2019 But it was not only the Cunha brothers in Braga, it was not only the lawyer Sousa Couto in Lisbon: thanks to Portugal's proximity to France, to the people who travelled there, to the news that came from there, to the magazines always interested in talking and commenting on subjects that could arouse the interest of their readers, perhaps even and above all because of the spiritual \u2018hunger\u2019 that existed in some and in others tired or disillusioned with the religion they knew, in Portugal people began to talk about Spiritism very quickly and very early.<\/p>\n\n\n\n<div class=\"wp-block-uagb-container uagb-block-159bcb4f\">\n<figure class=\"wp-block-image size-full is-resized\"><img decoding=\"async\" width=\"382\" height=\"512\" src=\"https:\/\/nuevo-renacer.com\/wp-content\/uploads\/2024\/10\/94979034_2851045024971421_6970018381311246336_n.jpg\" alt=\"\" class=\"wp-image-5521\" style=\"width:222px;height:auto\" srcset=\"https:\/\/nuevo-renacer.com\/wp-content\/uploads\/2024\/10\/94979034_2851045024971421_6970018381311246336_n.jpg 382w, https:\/\/nuevo-renacer.com\/wp-content\/uploads\/2024\/10\/94979034_2851045024971421_6970018381311246336_n-224x300.jpg 224w, https:\/\/nuevo-renacer.com\/wp-content\/uploads\/2024\/10\/94979034_2851045024971421_6970018381311246336_n-9x12.jpg 9w\" sizes=\"(max-width: 382px) 100vw, 382px\" \/><figcaption class=\"wp-element-caption\">Jos\u00e9 Alberto de Sousa Couto.<\/figcaption><\/figure>\n<\/div>\n\n\n\n<p class=\"has-black-color has-text-color has-link-color has-small-font-size wp-elements-b1ab5b658eb7a3c37ac4a1e770c0a452\">Thus, on January 22nd 1903, the newspaper \u00abO Mundo\u00bb, under the direction of the writer \u2018Ameri\u2019, started a mini-course on Spiritism, in which Allan Kardec, Gabriel Delanne and others were mentioned. Another newspaper, the \u00abVoz do Oper\u00e1rio\u00bb, published articles by Delanne and referred to D. Douglas Home and other spiritists of the time... and all this news seemed destined to open the messages that the medium Fernando de Lacerda, police inspector, began to psychograph, the first of which (known to the public) came from the spirit Camilo Castelo Branco and which soon became public.<\/p>\n\n\n\n<div class=\"wp-block-uagb-container uagb-block-0e6d9010\">\n<figure class=\"wp-block-gallery has-nested-images columns-default is-cropped wp-block-gallery-1 is-layout-flex wp-block-gallery-is-layout-flex\">\n<figure class=\"wp-block-image size-full\"><img decoding=\"async\" width=\"683\" height=\"488\" data-id=\"5526\" src=\"https:\/\/nuevo-renacer.com\/wp-content\/uploads\/2024\/10\/Fernando-de-Lacerda-1.jpg\" alt=\"\" class=\"wp-image-5526\" srcset=\"https:\/\/nuevo-renacer.com\/wp-content\/uploads\/2024\/10\/Fernando-de-Lacerda-1.jpg 683w, https:\/\/nuevo-renacer.com\/wp-content\/uploads\/2024\/10\/Fernando-de-Lacerda-1-300x214.jpg 300w, https:\/\/nuevo-renacer.com\/wp-content\/uploads\/2024\/10\/Fernando-de-Lacerda-1-18x12.jpg 18w\" sizes=\"(max-width: 683px) 100vw, 683px\" \/><figcaption class=\"wp-element-caption\">Fernando de Lacerda.<\/figcaption><\/figure>\n\n\n\n<figure class=\"wp-block-image size-large\"><img loading=\"lazy\" decoding=\"async\" width=\"747\" height=\"1024\" data-id=\"5527\" src=\"https:\/\/nuevo-renacer.com\/wp-content\/uploads\/2024\/10\/Camilo_Castelo_Branco_Bohemia_do_Espirito-747x1024.png\" alt=\"\" class=\"wp-image-5527\" srcset=\"https:\/\/nuevo-renacer.com\/wp-content\/uploads\/2024\/10\/Camilo_Castelo_Branco_Bohemia_do_Espirito-747x1024.png 747w, https:\/\/nuevo-renacer.com\/wp-content\/uploads\/2024\/10\/Camilo_Castelo_Branco_Bohemia_do_Espirito-219x300.png 219w, https:\/\/nuevo-renacer.com\/wp-content\/uploads\/2024\/10\/Camilo_Castelo_Branco_Bohemia_do_Espirito-768x1052.png 768w, https:\/\/nuevo-renacer.com\/wp-content\/uploads\/2024\/10\/Camilo_Castelo_Branco_Bohemia_do_Espirito-1121x1536.png 1121w, https:\/\/nuevo-renacer.com\/wp-content\/uploads\/2024\/10\/Camilo_Castelo_Branco_Bohemia_do_Espirito-1494x2048.png 1494w, https:\/\/nuevo-renacer.com\/wp-content\/uploads\/2024\/10\/Camilo_Castelo_Branco_Bohemia_do_Espirito-9x12.png 9w, https:\/\/nuevo-renacer.com\/wp-content\/uploads\/2024\/10\/Camilo_Castelo_Branco_Bohemia_do_Espirito.png 1914w\" sizes=\"(max-width: 747px) 100vw, 747px\" \/><figcaption class=\"wp-element-caption\">Camilo Castelo Branco.<\/figcaption><\/figure>\n<\/figure>\n<\/div>\n\n\n\n<p class=\"has-black-color has-text-color has-link-color has-small-font-size wp-elements-204ac7ceffa703b77e687293f40f0be5\">Sousa Couto, the aforementioned spiritism lawyer, a respected figure in the society of the time, published a study on the mediumship of the Portuguese Fernando de Lacerda in the magazine \u2018Estudos Ps\u00edquicos\u2019, which he edited from 1905 to 1909, when he had to close it due to a serious illness. Several newspapers sought out the lawyer to ask him about the new subject, which many wanted to know more about? And little by little, thanks to the names of other well-known personalities who declared themselves to be spiritists, the spiritism doctrine spread throughout the country, as it spread throughout the world?<\/p>\n<\/div><\/div>\n\n\n\n<div class=\"wp-block-uagb-container uagb-block-e2adc6ec alignfull uagb-is-root-container\"><div class=\"uagb-container-inner-blocks-wrap\"><\/div><\/div>\n\n\n\n<div class=\"wp-block-uagb-container uagb-block-c8b21929 alignfull uagb-is-root-container\"><div class=\"uagb-container-inner-blocks-wrap\"><\/div><\/div>","protected":false},"excerpt":{"rendered":"<p>Historia del Espiritismo en Portugal Para llegar al Congreso Esp\u00edrita de 1900 en Par\u00eds, algo m\u00e1s tuvo que ocurrir en Portugal en relaci\u00f3n con el Espiritismo &#8211; y eso ocurri\u00f3 con el regreso al norte del pa\u00eds, m\u00e1s concretamente a Braga, de los tres hermanos Cunha (la referencia que tenemos dice que eran hermanos, pero [&hellip;]<\/p>","protected":false},"author":1,"featured_media":0,"parent":0,"menu_order":0,"comment_status":"closed","ping_status":"closed","template":"","meta":{"_uag_custom_page_level_css":"","site-sidebar-layout":"default","site-content-layout":"","ast-site-content-layout":"default","site-content-style":"default","site-sidebar-style":"default","ast-global-header-display":"","ast-banner-title-visibility":"","ast-main-header-display":"","ast-hfb-above-header-display":"","ast-hfb-below-header-display":"","ast-hfb-mobile-header-display":"","site-post-title":"disabled","ast-breadcrumbs-content":"","ast-featured-img":"","footer-sml-layout":"","theme-transparent-header-meta":"","adv-header-id-meta":"","stick-header-meta":"","header-above-stick-meta":"","header-main-stick-meta":"","header-below-stick-meta":"","astra-migrate-meta-layouts":"set","ast-page-background-enabled":"default","ast-page-background-meta":{"desktop":{"background-color":"var(--ast-global-color-4)","background-image":"","background-repeat":"repeat","background-position":"center center","background-size":"auto","background-attachment":"scroll","background-type":"","background-media":"","overlay-type":"","overlay-color":"","overlay-opacity":"","overlay-gradient":""},"tablet":{"background-color":"","background-image":"","background-repeat":"repeat","background-position":"center center","background-size":"auto","background-attachment":"scroll","background-type":"","background-media":"","overlay-type":"","overlay-color":"","overlay-opacity":"","overlay-gradient":""},"mobile":{"background-color":"","background-image":"","background-repeat":"repeat","background-position":"center center","background-size":"auto","background-attachment":"scroll","background-type":"","background-media":"","overlay-type":"","overlay-color":"","overlay-opacity":"","overlay-gradient":""}},"ast-content-background-meta":{"desktop":{"background-color":"var(--ast-global-color-5)","background-image":"","background-repeat":"repeat","background-position":"center center","background-size":"auto","background-attachment":"scroll","background-type":"","background-media":"","overlay-type":"","overlay-color":"","overlay-opacity":"","overlay-gradient":""},"tablet":{"background-color":"var(--ast-global-color-5)","background-image":"","background-repeat":"repeat","background-position":"center center","background-size":"auto","background-attachment":"scroll","background-type":"","background-media":"","overlay-type":"","overlay-color":"","overlay-opacity":"","overlay-gradient":""},"mobile":{"background-color":"var(--ast-global-color-5)","background-image":"","background-repeat":"repeat","background-position":"center center","background-size":"auto","background-attachment":"scroll","background-type":"","background-media":"","overlay-type":"","overlay-color":"","overlay-opacity":"","overlay-gradient":""}},"footnotes":""},"class_list":["post-5519","page","type-page","status-publish","hentry"],"yoast_head":"<!-- This site is optimized with the Yoast SEO Premium plugin v24.2 (Yoast SEO v24.6) - https:\/\/yoast.com\/wordpress\/plugins\/seo\/ -->\n<title>Historia del Espiritismo en Portugal - Uni\u00f3n Esp\u00edrita<\/title>\n<meta name=\"robots\" content=\"index, follow, max-snippet:-1, max-image-preview:large, max-video-preview:-1\" \/>\n<link rel=\"canonical\" href=\"https:\/\/nuevo-renacer.com\/en\/historia-del-espiritismo-en-portugal\/\" \/>\n<meta property=\"og:locale\" content=\"en_GB\" \/>\n<meta property=\"og:type\" content=\"article\" \/>\n<meta property=\"og:title\" content=\"Historia del Espiritismo en Portugal\" \/>\n<meta property=\"og:description\" content=\"Historia del Espiritismo en Portugal Para llegar al Congreso Esp\u00edrita de 1900 en Par\u00eds, algo m\u00e1s tuvo que ocurrir en Portugal en relaci\u00f3n con el Espiritismo &#8211; y eso ocurri\u00f3 con el regreso al norte del pa\u00eds, m\u00e1s concretamente a Braga, de los tres hermanos Cunha (la referencia que tenemos dice que eran hermanos, pero [&hellip;]\" \/>\n<meta property=\"og:url\" content=\"https:\/\/nuevo-renacer.com\/en\/historia-del-espiritismo-en-portugal\/\" \/>\n<meta property=\"og:site_name\" content=\"Uni\u00f3n Esp\u00edrita\" \/>\n<meta property=\"article:publisher\" content=\"https:\/\/www.facebook.com\/groups\/3431398063740829\" \/>\n<meta property=\"article:modified_time\" content=\"2024-10-11T07:53:44+00:00\" \/>\n<meta property=\"og:image\" content=\"https:\/\/nuevo-renacer.com\/wp-content\/uploads\/2024\/10\/Flag_of_Portugal.jpg\" \/>\n<meta name=\"twitter:card\" content=\"summary_large_image\" \/>\n<meta name=\"twitter:label1\" content=\"Estimated reading time\" \/>\n\t<meta name=\"twitter:data1\" content=\"5 minutes\" \/>\n<script type=\"application\/ld+json\" class=\"yoast-schema-graph\">{\"@context\":\"https:\/\/schema.org\",\"@graph\":[{\"@type\":\"WebPage\",\"@id\":\"https:\/\/nuevo-renacer.com\/historia-del-espiritismo-en-portugal\/\",\"url\":\"https:\/\/nuevo-renacer.com\/historia-del-espiritismo-en-portugal\/\",\"name\":\"Historia del Espiritismo en Portugal - Uni\u00f3n Esp\u00edrita\",\"isPartOf\":{\"@id\":\"https:\/\/nuevo-renacer.com\/#website\"},\"primaryImageOfPage\":{\"@id\":\"https:\/\/nuevo-renacer.com\/historia-del-espiritismo-en-portugal\/#primaryimage\"},\"image\":{\"@id\":\"https:\/\/nuevo-renacer.com\/historia-del-espiritismo-en-portugal\/#primaryimage\"},\"thumbnailUrl\":\"https:\/\/nuevo-renacer.com\/wp-content\/uploads\/2024\/10\/Flag_of_Portugal.jpg\",\"datePublished\":\"2024-10-11T07:46:38+00:00\",\"dateModified\":\"2024-10-11T07:53:44+00:00\",\"breadcrumb\":{\"@id\":\"https:\/\/nuevo-renacer.com\/historia-del-espiritismo-en-portugal\/#breadcrumb\"},\"inLanguage\":\"en-GB\",\"potentialAction\":[{\"@type\":\"ReadAction\",\"target\":[\"https:\/\/nuevo-renacer.com\/historia-del-espiritismo-en-portugal\/\"]}]},{\"@type\":\"ImageObject\",\"inLanguage\":\"en-GB\",\"@id\":\"https:\/\/nuevo-renacer.com\/historia-del-espiritismo-en-portugal\/#primaryimage\",\"url\":\"https:\/\/nuevo-renacer.com\/wp-content\/uploads\/2024\/10\/Flag_of_Portugal.jpg\",\"contentUrl\":\"https:\/\/nuevo-renacer.com\/wp-content\/uploads\/2024\/10\/Flag_of_Portugal.jpg\"},{\"@type\":\"BreadcrumbList\",\"@id\":\"https:\/\/nuevo-renacer.com\/historia-del-espiritismo-en-portugal\/#breadcrumb\",\"itemListElement\":[{\"@type\":\"ListItem\",\"position\":1,\"name\":\"Startseite\",\"item\":\"https:\/\/nuevo-renacer.com\/\"},{\"@type\":\"ListItem\",\"position\":2,\"name\":\"Historia del Espiritismo en Portugal\"}]},{\"@type\":\"WebSite\",\"@id\":\"https:\/\/nuevo-renacer.com\/#website\",\"url\":\"https:\/\/nuevo-renacer.com\/\",\"name\":\"Uni\u00f3n Esp\u00edrita\",\"description\":\"Nuevo Renacer\",\"publisher\":{\"@id\":\"https:\/\/nuevo-renacer.com\/#organization\"},\"potentialAction\":[{\"@type\":\"SearchAction\",\"target\":{\"@type\":\"EntryPoint\",\"urlTemplate\":\"https:\/\/nuevo-renacer.com\/?s={search_term_string}\"},\"query-input\":{\"@type\":\"PropertyValueSpecification\",\"valueRequired\":true,\"valueName\":\"search_term_string\"}}],\"inLanguage\":\"en-GB\"},{\"@type\":\"Organization\",\"@id\":\"https:\/\/nuevo-renacer.com\/#organization\",\"name\":\"UFEC\",\"url\":\"https:\/\/nuevo-renacer.com\/\",\"logo\":{\"@type\":\"ImageObject\",\"inLanguage\":\"en-GB\",\"@id\":\"https:\/\/nuevo-renacer.com\/#\/schema\/logo\/image\/\",\"url\":\"https:\/\/nuevo-renacer.com\/wp-content\/uploads\/2024\/05\/cropped-LOGO-TERMINADO1-3-3.png\",\"contentUrl\":\"https:\/\/nuevo-renacer.com\/wp-content\/uploads\/2024\/05\/cropped-LOGO-TERMINADO1-3-3.png\",\"width\":512,\"height\":512,\"caption\":\"UFEC\"},\"image\":{\"@id\":\"https:\/\/nuevo-renacer.com\/#\/schema\/logo\/image\/\"},\"sameAs\":[\"https:\/\/www.facebook.com\/groups\/3431398063740829\"]}]}<\/script>\n<!-- \/ Yoast SEO Premium plugin. -->","yoast_head_json":{"title":"Historia del Espiritismo en Portugal - Uni\u00f3n Esp\u00edrita","robots":{"index":"index","follow":"follow","max-snippet":"max-snippet:-1","max-image-preview":"max-image-preview:large","max-video-preview":"max-video-preview:-1"},"canonical":"https:\/\/nuevo-renacer.com\/en\/historia-del-espiritismo-en-portugal\/","og_locale":"en_GB","og_type":"article","og_title":"Historia del Espiritismo en Portugal","og_description":"Historia del Espiritismo en Portugal Para llegar al Congreso Esp\u00edrita de 1900 en Par\u00eds, algo m\u00e1s tuvo que ocurrir en Portugal en relaci\u00f3n con el Espiritismo &#8211; y eso ocurri\u00f3 con el regreso al norte del pa\u00eds, m\u00e1s concretamente a Braga, de los tres hermanos Cunha (la referencia que tenemos dice que eran hermanos, pero [&hellip;]","og_url":"https:\/\/nuevo-renacer.com\/en\/historia-del-espiritismo-en-portugal\/","og_site_name":"Uni\u00f3n Esp\u00edrita","article_publisher":"https:\/\/www.facebook.com\/groups\/3431398063740829","article_modified_time":"2024-10-11T07:53:44+00:00","og_image":[{"url":"https:\/\/nuevo-renacer.com\/wp-content\/uploads\/2024\/10\/Flag_of_Portugal.jpg","type":"","width":"","height":""}],"twitter_card":"summary_large_image","twitter_misc":{"Estimated reading time":"5 minutes"},"schema":{"@context":"https:\/\/schema.org","@graph":[{"@type":"WebPage","@id":"https:\/\/nuevo-renacer.com\/historia-del-espiritismo-en-portugal\/","url":"https:\/\/nuevo-renacer.com\/historia-del-espiritismo-en-portugal\/","name":"Historia del Espiritismo en Portugal - Uni\u00f3n Esp\u00edrita","isPartOf":{"@id":"https:\/\/nuevo-renacer.com\/#website"},"primaryImageOfPage":{"@id":"https:\/\/nuevo-renacer.com\/historia-del-espiritismo-en-portugal\/#primaryimage"},"image":{"@id":"https:\/\/nuevo-renacer.com\/historia-del-espiritismo-en-portugal\/#primaryimage"},"thumbnailUrl":"https:\/\/nuevo-renacer.com\/wp-content\/uploads\/2024\/10\/Flag_of_Portugal.jpg","datePublished":"2024-10-11T07:46:38+00:00","dateModified":"2024-10-11T07:53:44+00:00","breadcrumb":{"@id":"https:\/\/nuevo-renacer.com\/historia-del-espiritismo-en-portugal\/#breadcrumb"},"inLanguage":"en-GB","potentialAction":[{"@type":"ReadAction","target":["https:\/\/nuevo-renacer.com\/historia-del-espiritismo-en-portugal\/"]}]},{"@type":"ImageObject","inLanguage":"en-GB","@id":"https:\/\/nuevo-renacer.com\/historia-del-espiritismo-en-portugal\/#primaryimage","url":"https:\/\/nuevo-renacer.com\/wp-content\/uploads\/2024\/10\/Flag_of_Portugal.jpg","contentUrl":"https:\/\/nuevo-renacer.com\/wp-content\/uploads\/2024\/10\/Flag_of_Portugal.jpg"},{"@type":"BreadcrumbList","@id":"https:\/\/nuevo-renacer.com\/historia-del-espiritismo-en-portugal\/#breadcrumb","itemListElement":[{"@type":"ListItem","position":1,"name":"Startseite","item":"https:\/\/nuevo-renacer.com\/"},{"@type":"ListItem","position":2,"name":"Historia del Espiritismo en Portugal"}]},{"@type":"WebSite","@id":"https:\/\/nuevo-renacer.com\/#website","url":"https:\/\/nuevo-renacer.com\/","name":"Uni\u00f3n Esp\u00edrita","description":"Nuevo Renacer","publisher":{"@id":"https:\/\/nuevo-renacer.com\/#organization"},"potentialAction":[{"@type":"SearchAction","target":{"@type":"EntryPoint","urlTemplate":"https:\/\/nuevo-renacer.com\/?s={search_term_string}"},"query-input":{"@type":"PropertyValueSpecification","valueRequired":true,"valueName":"search_term_string"}}],"inLanguage":"en-GB"},{"@type":"Organization","@id":"https:\/\/nuevo-renacer.com\/#organization","name":"UFEC","url":"https:\/\/nuevo-renacer.com\/","logo":{"@type":"ImageObject","inLanguage":"en-GB","@id":"https:\/\/nuevo-renacer.com\/#\/schema\/logo\/image\/","url":"https:\/\/nuevo-renacer.com\/wp-content\/uploads\/2024\/05\/cropped-LOGO-TERMINADO1-3-3.png","contentUrl":"https:\/\/nuevo-renacer.com\/wp-content\/uploads\/2024\/05\/cropped-LOGO-TERMINADO1-3-3.png","width":512,"height":512,"caption":"UFEC"},"image":{"@id":"https:\/\/nuevo-renacer.com\/#\/schema\/logo\/image\/"},"sameAs":["https:\/\/www.facebook.com\/groups\/3431398063740829"]}]}},"uagb_featured_image_src":{"full":false,"thumbnail":false,"medium":false,"medium_large":false,"large":false,"1536x1536":false,"2048x2048":false,"trp-custom-language-flag":false},"uagb_author_info":{"display_name":"adbv0","author_link":"https:\/\/nuevo-renacer.com\/en\/author\/adbv0\/"},"uagb_comment_info":0,"uagb_excerpt":"Historia del Espiritismo en Portugal Para llegar al Congreso Esp\u00edrita de 1900 en Par\u00eds, algo m\u00e1s tuvo que ocurrir en Portugal en relaci\u00f3n con el Espiritismo &#8211; y eso ocurri\u00f3 con el regreso al norte del pa\u00eds, m\u00e1s concretamente a Braga, de los tres hermanos Cunha (la referencia que tenemos dice que eran hermanos, pero&hellip;","jetpack_sharing_enabled":true,"_links":{"self":[{"href":"https:\/\/nuevo-renacer.com\/en\/wp-json\/wp\/v2\/pages\/5519","targetHints":{"allow":["GET"]}}],"collection":[{"href":"https:\/\/nuevo-renacer.com\/en\/wp-json\/wp\/v2\/pages"}],"about":[{"href":"https:\/\/nuevo-renacer.com\/en\/wp-json\/wp\/v2\/types\/page"}],"author":[{"embeddable":true,"href":"https:\/\/nuevo-renacer.com\/en\/wp-json\/wp\/v2\/users\/1"}],"replies":[{"embeddable":true,"href":"https:\/\/nuevo-renacer.com\/en\/wp-json\/wp\/v2\/comments?post=5519"}],"version-history":[{"count":3,"href":"https:\/\/nuevo-renacer.com\/en\/wp-json\/wp\/v2\/pages\/5519\/revisions"}],"predecessor-version":[{"id":5529,"href":"https:\/\/nuevo-renacer.com\/en\/wp-json\/wp\/v2\/pages\/5519\/revisions\/5529"}],"wp:attachment":[{"href":"https:\/\/nuevo-renacer.com\/en\/wp-json\/wp\/v2\/media?parent=5519"}],"curies":[{"name":"wp","href":"https:\/\/api.w.org\/{rel}","templated":true}]}}