{"id":5510,"date":"2024-10-10T14:56:41","date_gmt":"2024-10-10T14:56:41","guid":{"rendered":"https:\/\/nuevo-renacer.com\/?page_id=5510"},"modified":"2024-10-10T15:03:46","modified_gmt":"2024-10-10T15:03:46","slug":"lo-que-sin-duda-debe-tener-en-cuenta-al-tratar-con-el-espiritismo-y-el-mundo-de-los-espiritus","status":"publish","type":"page","link":"https:\/\/nuevo-renacer.com\/en\/lo-que-sin-duda-debe-tener-en-cuenta-al-tratar-con-el-espiritismo-y-el-mundo-de-los-espiritus\/","title":{"rendered":"What you should definitely bear in mind when dealing with spiritism and the spirit world"},"content":{"rendered":"<div class=\"wp-block-uagb-container uagb-block-16bbbfbd alignfull uagb-is-root-container\"><div class=\"uagb-container-inner-blocks-wrap\">\n<p class=\"has-black-color has-text-color has-link-color has-medium-font-size wp-elements-45984b0aeb6b85ff3b25b9efbb7edad9\"><strong>What you should definitely bear in mind when dealing with spiritism and the spirit world<\/strong><\/p>\n<\/div><\/div>\n\n\n\n<div class=\"wp-block-uagb-container uagb-block-8854f81f alignfull uagb-is-root-container\"><div class=\"uagb-container-inner-blocks-wrap\">\n<figure class=\"wp-block-image size-full is-resized\"><img fetchpriority=\"high\" decoding=\"async\" width=\"360\" height=\"540\" src=\"https:\/\/nuevo-renacer.com\/wp-content\/uploads\/2024\/10\/spiritual-awakening-concept_917213-226319.avif\" alt=\"\" class=\"wp-image-5512\" style=\"width:264px;height:auto\"\/><\/figure>\n<\/div><\/div>\n\n\n\n<div class=\"wp-block-uagb-container uagb-block-61fbc7d1 alignfull uagb-is-root-container\"><div class=\"uagb-container-inner-blocks-wrap\">\n<p class=\"has-black-color has-text-color has-link-color has-small-font-size wp-elements-be5ad612c5ab257492633bbd7f70ad41\">For most people who are not familiar with the subject, spiritism and the spirit world belong to the realm of the supernatural and the paranormal. And this elicits precisely two reactions: rejection and curiosity. The sceptics will either not look any further into the subject or they will put forward succinct (false) arguments against the truth of spiritism or the existence of the spirit world. It is not about these sceptics. Rather, the following advice is aimed at the curious who strive to know more about spiritism\/spirit world. There are some important points to keep in mind.<\/p>\n\n\n\n<p class=\"has-black-color has-text-color has-link-color has-small-font-size wp-elements-8f31854726b7f178b475e1a102a00c4d\"><strong>1. <\/strong>Check your intention: Why do you want to get involved in Spiritism? Why do you want to get in touch with the dead or spirits? Think carefully and be honest. If you just want to do all this out of curiosity or whim, because you fancy terrifying attractions or even out of boredom and have no desire to seriously study things and develop yourself spiritually and morally, leave it alone! Spiritism, the spiritual world and, above all, spiritual beings are not toys that provide us with amusement and entertainment. Quite the contrary. If you do not approach the matter with the necessary seriousness and caution, the lower spiritual beings will take advantage of your ignorance and immaturity and make you their plaything. And that will certainly not be fun.<\/p>\n\n\n\n<p class=\"has-black-color has-text-color has-link-color has-small-font-size wp-elements-06531ba0f0bce99655fe1e78ecedf2bd\"><strong>2.<\/strong> Learn to discern the spirits: In modern esotericism, I will call it \u2018light and love\u2019 esotericism, there is a widespread belief that evil and everything negative does not really exist or is an illusion. Thus, the spiritual world consists only of light and love. Consequently, all spiritual beings are, of course, absolutely pure and good, happy, peaceful, blameless, one with the universe and omniscient. But such a belief is not only na\u00efve, but also dangerous. To stubbornly deny everything negative by believing that it does not exist is like closing one's eyes and believing that one is invisible because one can no longer see anything. But, of course, this is not the case. So be extremely cautious when you come into contact with spirits, especially if you are a beginner and inexperienced. For not all spirits are good and not all their intentions are pure.<\/p>\n\n\n\n<p class=\"has-black-color has-text-color has-link-color has-small-font-size wp-elements-948e570dbdb411b38efc8107cfd5d68d\">When you begin to make contact, I advise you to pray to your guardian angel or guardian spirit. Ask him or her to remove all lower and mocking spirits from your environment and to allow only good and higher spirits to communicate with you. And even if contact does occur, caution is the first commandment. Why? Are the angels doing a bad job? No, it may simply be that, despite prayer, lower spirits are allowed to pass through to test the caller or to teach him a lesson. So remember well, not all spirits who respond are pure. And not all spirits who claim to be a certain person are really that person. Even if, for example, you record a tape and recognise the voice of your grandfather, aunt, father, etc. speaking to you from the ether, remain suspicious despite all the joy. Pay more attention to their way of speaking. Did the deceased person also formulate sentences in the same way, did they use words in the same way, maybe there are also some striking phrases etc. by which you can recognise the person.<\/p>\n\n\n\n<p class=\"has-black-color has-text-color has-link-color has-small-font-size wp-elements-c7be2121fbd2c96ca97972942506defb\"><strong>3. <\/strong>Spirits are not omniscient and are not there to answer all our questions: As mentioned at the beginning, there are many who believe that the spirits, precisely because they are in the afterlife, automatically know everything. There are also quite a few who, either out of desperation or out of curiosity, seek answers and advice from the deceased. This is understandable and human, but only to a certain extent. Avoid at all costs contacting the spirit world for any little thing. If possible, never ask questions like \u2018Does he\/she really love me?\u2019, \u2018Who and where is the man\/woman of my heart?\u2019, \u2018What are next week's lottery numbers?\u2019. \u2018Where did I put the car keys?\u2019, \u201cWhat can I eat today?\u201d, etc. For know that no higher spiritual being would rush to you just to answer such questions.<\/p>\n\n\n\n<p class=\"has-black-color has-text-color has-link-color has-small-font-size wp-elements-7728648511066b9e19843d98f833d55c\">You must not forget that higher spiritual beings, as their name suggests, see everything from a higher perspective. They are so spiritually and morally developed that such questions seem trivial and irrelevant to them. There is simply no reason for them to answer them. It would be like calling a professor of advanced mathematics and asking if one apple plus another apple is really two apples. Instead, it is the lower spirits who will react to such banalities. The gullible questioner can then be easily deceived and duped.<\/p>\n\n\n\n<p class=\"has-black-color has-text-color has-link-color has-small-font-size wp-elements-d822f2009e9a31f2b7df54d92c29990d\"><strong>4. <\/strong>Atheists can never be true spiritists: even if they are very interested in reincarnation, life after death, spirits and mediumistic abilities and strongly believe in them, but deny the existence of God, they will never understand the profound wisdom of spiritism. <\/p>\n\n\n\n<p class=\"has-black-color has-text-color has-link-color has-small-font-size wp-elements-ff8ed00d786c69c513ea0af3d41e53d7\"><strong>5.<\/strong> The Spiritism is neither a religion nor a sect, much less the mere conjuring of spirits: religion, sect and necromancy are the terms always associated with Spiritism, but it is none of these things. Allan Kardec (actually Hippolyte L\u00e9on Denizard Rivail; 1804 - 1869), the founder and codifier of modern Spiritism, considered it a philosophy and a science. And indeed, the spiritism doctrine is the result of a synthesis of the teachings and messages of the spirits based on logic and sobriety.<\/p>\n\n\n\n<p class=\"has-black-color has-text-color has-link-color has-small-font-size wp-elements-8181ff68385ec3eb383f64f2a83bec5f\">Therefore, Spiritism also lacks any tendency towards mysticism. Every spiritist is encouraged to experience, understand and elaborate the teachings of Spiritism through serious study and hard work. Spiritists should not believe blindly, as most religions want them to, but experience for themselves. Spiritism demands independence and non-dependence on any priest, guru, teacher or constitution. Moreover, every spiritist who discovers in himself a gift of mediumship is called upon to use it freely for the benefit of his fellow men. On the other hand, the use of the gift to enrich others is strongly criticised. Spiritism must not be abused to take money out of the pockets of desperate people. It is not a lazy way of avoiding work. Nor does it have anything to do with Spiritism to hold (alleged) necromancies under its name in order to deceive the curious and to increase one's own fame. Spiritism is a spiritual beacon whose radiant light leads us to spiritual and moral perfection, and thus to our salvation.<\/p>\n\n\n\n<p><em>Daniela M.<\/em><\/p>\n<\/div><\/div>\n\n\n\n<div class=\"wp-block-uagb-container uagb-block-f9c4b306 alignfull uagb-is-root-container\"><div class=\"uagb-container-inner-blocks-wrap\"><\/div><\/div>\n\n\n\n<div class=\"wp-block-uagb-container uagb-block-4349abd3 alignfull uagb-is-root-container\"><div class=\"uagb-container-inner-blocks-wrap\"><\/div><\/div>","protected":false},"excerpt":{"rendered":"<p>Lo que sin duda debe tener en cuenta al tratar con el espiritismo y el mundo de los esp\u00edritus Para la mayor\u00eda de las personas que no est\u00e1n familiarizadas con el tema, el espiritismo y el mundo de los esp\u00edritus pertenecen al \u00e1mbito de lo sobrenatural y lo paranormal. Y esto suscita precisamente dos reacciones: [&hellip;]<\/p>","protected":false},"author":1,"featured_media":0,"parent":0,"menu_order":0,"comment_status":"closed","ping_status":"closed","template":"","meta":{"_uag_custom_page_level_css":"","site-sidebar-layout":"default","site-content-layout":"","ast-site-content-layout":"default","site-content-style":"default","site-sidebar-style":"default","ast-global-header-display":"","ast-banner-title-visibility":"","ast-main-header-display":"","ast-hfb-above-header-display":"","ast-hfb-below-header-display":"","ast-hfb-mobile-header-display":"","site-post-title":"disabled","ast-breadcrumbs-content":"","ast-featured-img":"","footer-sml-layout":"","theme-transparent-header-meta":"","adv-header-id-meta":"","stick-header-meta":"","header-above-stick-meta":"","header-main-stick-meta":"","header-below-stick-meta":"","astra-migrate-meta-layouts":"set","ast-page-background-enabled":"default","ast-page-background-meta":{"desktop":{"background-color":"var(--ast-global-color-4)","background-image":"","background-repeat":"repeat","background-position":"center center","background-size":"auto","background-attachment":"scroll","background-type":"","background-media":"","overlay-type":"","overlay-color":"","overlay-opacity":"","overlay-gradient":""},"tablet":{"background-color":"","background-image":"","background-repeat":"repeat","background-position":"center center","background-size":"auto","background-attachment":"scroll","background-type":"","background-media":"","overlay-type":"","overlay-color":"","overlay-opacity":"","overlay-gradient":""},"mobile":{"background-color":"","background-image":"","background-repeat":"repeat","background-position":"center center","background-size":"auto","background-attachment":"scroll","background-type":"","background-media":"","overlay-type":"","overlay-color":"","overlay-opacity":"","overlay-gradient":""}},"ast-content-background-meta":{"desktop":{"background-color":"var(--ast-global-color-5)","background-image":"","background-repeat":"repeat","background-position":"center center","background-size":"auto","background-attachment":"scroll","background-type":"","background-media":"","overlay-type":"","overlay-color":"","overlay-opacity":"","overlay-gradient":""},"tablet":{"background-color":"var(--ast-global-color-5)","background-image":"","background-repeat":"repeat","background-position":"center center","background-size":"auto","background-attachment":"scroll","background-type":"","background-media":"","overlay-type":"","overlay-color":"","overlay-opacity":"","overlay-gradient":""},"mobile":{"background-color":"var(--ast-global-color-5)","background-image":"","background-repeat":"repeat","background-position":"center center","background-size":"auto","background-attachment":"scroll","background-type":"","background-media":"","overlay-type":"","overlay-color":"","overlay-opacity":"","overlay-gradient":""}},"footnotes":""},"class_list":["post-5510","page","type-page","status-publish","hentry"],"yoast_head":"<!-- This site is optimized with the Yoast SEO Premium plugin v24.2 (Yoast SEO v24.6) - https:\/\/yoast.com\/wordpress\/plugins\/seo\/ -->\n<title>Lo que sin duda debe tener en cuenta al tratar con el espiritismo y el mundo de los esp\u00edritus - Uni\u00f3n Esp\u00edrita<\/title>\n<meta name=\"robots\" content=\"index, follow, max-snippet:-1, max-image-preview:large, max-video-preview:-1\" \/>\n<link rel=\"canonical\" href=\"https:\/\/nuevo-renacer.com\/en\/lo-que-sin-duda-debe-tener-en-cuenta-al-tratar-con-el-espiritismo-y-el-mundo-de-los-espiritus\/\" \/>\n<meta property=\"og:locale\" content=\"en_GB\" \/>\n<meta property=\"og:type\" content=\"article\" \/>\n<meta property=\"og:title\" content=\"Lo que sin duda debe tener en cuenta al tratar con el espiritismo y el mundo de los esp\u00edritus\" \/>\n<meta property=\"og:description\" content=\"Lo que sin duda debe tener en cuenta al tratar con el espiritismo y el mundo de los esp\u00edritus Para la mayor\u00eda de las personas que no est\u00e1n familiarizadas con el tema, el espiritismo y el mundo de los esp\u00edritus pertenecen al \u00e1mbito de lo sobrenatural y lo paranormal. Y esto suscita precisamente dos reacciones: [&hellip;]\" \/>\n<meta property=\"og:url\" content=\"https:\/\/nuevo-renacer.com\/en\/lo-que-sin-duda-debe-tener-en-cuenta-al-tratar-con-el-espiritismo-y-el-mundo-de-los-espiritus\/\" \/>\n<meta property=\"og:site_name\" content=\"Uni\u00f3n Esp\u00edrita\" \/>\n<meta property=\"article:publisher\" content=\"https:\/\/www.facebook.com\/groups\/3431398063740829\" \/>\n<meta property=\"article:modified_time\" content=\"2024-10-10T15:03:46+00:00\" \/>\n<meta property=\"og:image\" content=\"https:\/\/nuevo-renacer.com\/wp-content\/uploads\/2024\/10\/spiritual-awakening-concept_917213-226319.avif\" \/>\n<meta name=\"twitter:card\" content=\"summary_large_image\" \/>\n<meta name=\"twitter:label1\" content=\"Estimated reading time\" \/>\n\t<meta name=\"twitter:data1\" content=\"7 minutes\" \/>\n<script type=\"application\/ld+json\" class=\"yoast-schema-graph\">{\"@context\":\"https:\/\/schema.org\",\"@graph\":[{\"@type\":\"WebPage\",\"@id\":\"https:\/\/nuevo-renacer.com\/lo-que-sin-duda-debe-tener-en-cuenta-al-tratar-con-el-espiritismo-y-el-mundo-de-los-espiritus\/\",\"url\":\"https:\/\/nuevo-renacer.com\/lo-que-sin-duda-debe-tener-en-cuenta-al-tratar-con-el-espiritismo-y-el-mundo-de-los-espiritus\/\",\"name\":\"Lo que sin duda debe tener en cuenta al tratar con el espiritismo y el mundo de los esp\u00edritus - Uni\u00f3n Esp\u00edrita\",\"isPartOf\":{\"@id\":\"https:\/\/nuevo-renacer.com\/#website\"},\"primaryImageOfPage\":{\"@id\":\"https:\/\/nuevo-renacer.com\/lo-que-sin-duda-debe-tener-en-cuenta-al-tratar-con-el-espiritismo-y-el-mundo-de-los-espiritus\/#primaryimage\"},\"image\":{\"@id\":\"https:\/\/nuevo-renacer.com\/lo-que-sin-duda-debe-tener-en-cuenta-al-tratar-con-el-espiritismo-y-el-mundo-de-los-espiritus\/#primaryimage\"},\"thumbnailUrl\":\"https:\/\/nuevo-renacer.com\/wp-content\/uploads\/2024\/10\/spiritual-awakening-concept_917213-226319.avif\",\"datePublished\":\"2024-10-10T14:56:41+00:00\",\"dateModified\":\"2024-10-10T15:03:46+00:00\",\"breadcrumb\":{\"@id\":\"https:\/\/nuevo-renacer.com\/lo-que-sin-duda-debe-tener-en-cuenta-al-tratar-con-el-espiritismo-y-el-mundo-de-los-espiritus\/#breadcrumb\"},\"inLanguage\":\"en-GB\",\"potentialAction\":[{\"@type\":\"ReadAction\",\"target\":[\"https:\/\/nuevo-renacer.com\/lo-que-sin-duda-debe-tener-en-cuenta-al-tratar-con-el-espiritismo-y-el-mundo-de-los-espiritus\/\"]}]},{\"@type\":\"ImageObject\",\"inLanguage\":\"en-GB\",\"@id\":\"https:\/\/nuevo-renacer.com\/lo-que-sin-duda-debe-tener-en-cuenta-al-tratar-con-el-espiritismo-y-el-mundo-de-los-espiritus\/#primaryimage\",\"url\":\"https:\/\/nuevo-renacer.com\/wp-content\/uploads\/2024\/10\/spiritual-awakening-concept_917213-226319.avif\",\"contentUrl\":\"https:\/\/nuevo-renacer.com\/wp-content\/uploads\/2024\/10\/spiritual-awakening-concept_917213-226319.avif\"},{\"@type\":\"BreadcrumbList\",\"@id\":\"https:\/\/nuevo-renacer.com\/lo-que-sin-duda-debe-tener-en-cuenta-al-tratar-con-el-espiritismo-y-el-mundo-de-los-espiritus\/#breadcrumb\",\"itemListElement\":[{\"@type\":\"ListItem\",\"position\":1,\"name\":\"Startseite\",\"item\":\"https:\/\/nuevo-renacer.com\/\"},{\"@type\":\"ListItem\",\"position\":2,\"name\":\"Lo que sin duda debe tener en cuenta al tratar con el espiritismo y el mundo de los esp\u00edritus\"}]},{\"@type\":\"WebSite\",\"@id\":\"https:\/\/nuevo-renacer.com\/#website\",\"url\":\"https:\/\/nuevo-renacer.com\/\",\"name\":\"Uni\u00f3n Esp\u00edrita\",\"description\":\"Nuevo Renacer\",\"publisher\":{\"@id\":\"https:\/\/nuevo-renacer.com\/#organization\"},\"potentialAction\":[{\"@type\":\"SearchAction\",\"target\":{\"@type\":\"EntryPoint\",\"urlTemplate\":\"https:\/\/nuevo-renacer.com\/?s={search_term_string}\"},\"query-input\":{\"@type\":\"PropertyValueSpecification\",\"valueRequired\":true,\"valueName\":\"search_term_string\"}}],\"inLanguage\":\"en-GB\"},{\"@type\":\"Organization\",\"@id\":\"https:\/\/nuevo-renacer.com\/#organization\",\"name\":\"UFEC\",\"url\":\"https:\/\/nuevo-renacer.com\/\",\"logo\":{\"@type\":\"ImageObject\",\"inLanguage\":\"en-GB\",\"@id\":\"https:\/\/nuevo-renacer.com\/#\/schema\/logo\/image\/\",\"url\":\"https:\/\/nuevo-renacer.com\/wp-content\/uploads\/2024\/05\/cropped-LOGO-TERMINADO1-3-3.png\",\"contentUrl\":\"https:\/\/nuevo-renacer.com\/wp-content\/uploads\/2024\/05\/cropped-LOGO-TERMINADO1-3-3.png\",\"width\":512,\"height\":512,\"caption\":\"UFEC\"},\"image\":{\"@id\":\"https:\/\/nuevo-renacer.com\/#\/schema\/logo\/image\/\"},\"sameAs\":[\"https:\/\/www.facebook.com\/groups\/3431398063740829\"]}]}<\/script>\n<!-- \/ Yoast SEO Premium plugin. -->","yoast_head_json":{"title":"Lo que sin duda debe tener en cuenta al tratar con el espiritismo y el mundo de los esp\u00edritus - Uni\u00f3n Esp\u00edrita","robots":{"index":"index","follow":"follow","max-snippet":"max-snippet:-1","max-image-preview":"max-image-preview:large","max-video-preview":"max-video-preview:-1"},"canonical":"https:\/\/nuevo-renacer.com\/en\/lo-que-sin-duda-debe-tener-en-cuenta-al-tratar-con-el-espiritismo-y-el-mundo-de-los-espiritus\/","og_locale":"en_GB","og_type":"article","og_title":"Lo que sin duda debe tener en cuenta al tratar con el espiritismo y el mundo de los esp\u00edritus","og_description":"Lo que sin duda debe tener en cuenta al tratar con el espiritismo y el mundo de los esp\u00edritus Para la mayor\u00eda de las personas que no est\u00e1n familiarizadas con el tema, el espiritismo y el mundo de los esp\u00edritus pertenecen al \u00e1mbito de lo sobrenatural y lo paranormal. Y esto suscita precisamente dos reacciones: [&hellip;]","og_url":"https:\/\/nuevo-renacer.com\/en\/lo-que-sin-duda-debe-tener-en-cuenta-al-tratar-con-el-espiritismo-y-el-mundo-de-los-espiritus\/","og_site_name":"Uni\u00f3n Esp\u00edrita","article_publisher":"https:\/\/www.facebook.com\/groups\/3431398063740829","article_modified_time":"2024-10-10T15:03:46+00:00","og_image":[{"url":"https:\/\/nuevo-renacer.com\/wp-content\/uploads\/2024\/10\/spiritual-awakening-concept_917213-226319.avif","type":"","width":"","height":""}],"twitter_card":"summary_large_image","twitter_misc":{"Estimated reading time":"7 minutes"},"schema":{"@context":"https:\/\/schema.org","@graph":[{"@type":"WebPage","@id":"https:\/\/nuevo-renacer.com\/lo-que-sin-duda-debe-tener-en-cuenta-al-tratar-con-el-espiritismo-y-el-mundo-de-los-espiritus\/","url":"https:\/\/nuevo-renacer.com\/lo-que-sin-duda-debe-tener-en-cuenta-al-tratar-con-el-espiritismo-y-el-mundo-de-los-espiritus\/","name":"Lo que sin duda debe tener en cuenta al tratar con el espiritismo y el mundo de los esp\u00edritus - Uni\u00f3n Esp\u00edrita","isPartOf":{"@id":"https:\/\/nuevo-renacer.com\/#website"},"primaryImageOfPage":{"@id":"https:\/\/nuevo-renacer.com\/lo-que-sin-duda-debe-tener-en-cuenta-al-tratar-con-el-espiritismo-y-el-mundo-de-los-espiritus\/#primaryimage"},"image":{"@id":"https:\/\/nuevo-renacer.com\/lo-que-sin-duda-debe-tener-en-cuenta-al-tratar-con-el-espiritismo-y-el-mundo-de-los-espiritus\/#primaryimage"},"thumbnailUrl":"https:\/\/nuevo-renacer.com\/wp-content\/uploads\/2024\/10\/spiritual-awakening-concept_917213-226319.avif","datePublished":"2024-10-10T14:56:41+00:00","dateModified":"2024-10-10T15:03:46+00:00","breadcrumb":{"@id":"https:\/\/nuevo-renacer.com\/lo-que-sin-duda-debe-tener-en-cuenta-al-tratar-con-el-espiritismo-y-el-mundo-de-los-espiritus\/#breadcrumb"},"inLanguage":"en-GB","potentialAction":[{"@type":"ReadAction","target":["https:\/\/nuevo-renacer.com\/lo-que-sin-duda-debe-tener-en-cuenta-al-tratar-con-el-espiritismo-y-el-mundo-de-los-espiritus\/"]}]},{"@type":"ImageObject","inLanguage":"en-GB","@id":"https:\/\/nuevo-renacer.com\/lo-que-sin-duda-debe-tener-en-cuenta-al-tratar-con-el-espiritismo-y-el-mundo-de-los-espiritus\/#primaryimage","url":"https:\/\/nuevo-renacer.com\/wp-content\/uploads\/2024\/10\/spiritual-awakening-concept_917213-226319.avif","contentUrl":"https:\/\/nuevo-renacer.com\/wp-content\/uploads\/2024\/10\/spiritual-awakening-concept_917213-226319.avif"},{"@type":"BreadcrumbList","@id":"https:\/\/nuevo-renacer.com\/lo-que-sin-duda-debe-tener-en-cuenta-al-tratar-con-el-espiritismo-y-el-mundo-de-los-espiritus\/#breadcrumb","itemListElement":[{"@type":"ListItem","position":1,"name":"Startseite","item":"https:\/\/nuevo-renacer.com\/"},{"@type":"ListItem","position":2,"name":"Lo que sin duda debe tener en cuenta al tratar con el espiritismo y el mundo de los esp\u00edritus"}]},{"@type":"WebSite","@id":"https:\/\/nuevo-renacer.com\/#website","url":"https:\/\/nuevo-renacer.com\/","name":"Uni\u00f3n Esp\u00edrita","description":"Nuevo Renacer","publisher":{"@id":"https:\/\/nuevo-renacer.com\/#organization"},"potentialAction":[{"@type":"SearchAction","target":{"@type":"EntryPoint","urlTemplate":"https:\/\/nuevo-renacer.com\/?s={search_term_string}"},"query-input":{"@type":"PropertyValueSpecification","valueRequired":true,"valueName":"search_term_string"}}],"inLanguage":"en-GB"},{"@type":"Organization","@id":"https:\/\/nuevo-renacer.com\/#organization","name":"UFEC","url":"https:\/\/nuevo-renacer.com\/","logo":{"@type":"ImageObject","inLanguage":"en-GB","@id":"https:\/\/nuevo-renacer.com\/#\/schema\/logo\/image\/","url":"https:\/\/nuevo-renacer.com\/wp-content\/uploads\/2024\/05\/cropped-LOGO-TERMINADO1-3-3.png","contentUrl":"https:\/\/nuevo-renacer.com\/wp-content\/uploads\/2024\/05\/cropped-LOGO-TERMINADO1-3-3.png","width":512,"height":512,"caption":"UFEC"},"image":{"@id":"https:\/\/nuevo-renacer.com\/#\/schema\/logo\/image\/"},"sameAs":["https:\/\/www.facebook.com\/groups\/3431398063740829"]}]}},"uagb_featured_image_src":{"full":false,"thumbnail":false,"medium":false,"medium_large":false,"large":false,"1536x1536":false,"2048x2048":false,"trp-custom-language-flag":false},"uagb_author_info":{"display_name":"adbv0","author_link":"https:\/\/nuevo-renacer.com\/en\/author\/adbv0\/"},"uagb_comment_info":0,"uagb_excerpt":"Lo que sin duda debe tener en cuenta al tratar con el espiritismo y el mundo de los esp\u00edritus Para la mayor\u00eda de las personas que no est\u00e1n familiarizadas con el tema, el espiritismo y el mundo de los esp\u00edritus pertenecen al \u00e1mbito de lo sobrenatural y lo paranormal. Y esto suscita precisamente dos reacciones:&hellip;","jetpack_sharing_enabled":true,"_links":{"self":[{"href":"https:\/\/nuevo-renacer.com\/en\/wp-json\/wp\/v2\/pages\/5510","targetHints":{"allow":["GET"]}}],"collection":[{"href":"https:\/\/nuevo-renacer.com\/en\/wp-json\/wp\/v2\/pages"}],"about":[{"href":"https:\/\/nuevo-renacer.com\/en\/wp-json\/wp\/v2\/types\/page"}],"author":[{"embeddable":true,"href":"https:\/\/nuevo-renacer.com\/en\/wp-json\/wp\/v2\/users\/1"}],"replies":[{"embeddable":true,"href":"https:\/\/nuevo-renacer.com\/en\/wp-json\/wp\/v2\/comments?post=5510"}],"version-history":[{"count":4,"href":"https:\/\/nuevo-renacer.com\/en\/wp-json\/wp\/v2\/pages\/5510\/revisions"}],"predecessor-version":[{"id":5516,"href":"https:\/\/nuevo-renacer.com\/en\/wp-json\/wp\/v2\/pages\/5510\/revisions\/5516"}],"wp:attachment":[{"href":"https:\/\/nuevo-renacer.com\/en\/wp-json\/wp\/v2\/media?parent=5510"}],"curies":[{"name":"wp","href":"https:\/\/api.w.org\/{rel}","templated":true}]}}