{"id":5297,"date":"2024-10-07T12:43:26","date_gmt":"2024-10-07T12:43:26","guid":{"rendered":"https:\/\/nuevo-renacer.com\/?page_id=5297"},"modified":"2024-10-07T15:04:39","modified_gmt":"2024-10-07T15:04:39","slug":"historia-del-espiritismo-en-bulgaria","status":"publish","type":"page","link":"https:\/\/nuevo-renacer.com\/en\/historia-del-espiritismo-en-bulgaria\/","title":{"rendered":"History of Spiritism in Bulgaria"},"content":{"rendered":"<div class=\"wp-block-uagb-container uagb-block-aea7970b alignfull uagb-is-root-container\"><div class=\"uagb-container-inner-blocks-wrap\">\n<p class=\"has-black-color has-text-color has-link-color has-medium-font-size wp-elements-889c6513c779e722b327bda9dab7b03a\"><strong>History of Spiritism in Bulgaria<\/strong><\/p>\n<\/div><\/div>\n\n\n\n<div class=\"wp-block-uagb-container uagb-block-5cf5b7c2 alignfull uagb-is-root-container\"><div class=\"uagb-container-inner-blocks-wrap\"><\/div><\/div>\n\n\n\n<div class=\"wp-block-uagb-container uagb-block-b9a05cb9 alignfull uagb-is-root-container\"><div class=\"uagb-container-inner-blocks-wrap\">\n<figure class=\"wp-block-image size-full is-resized has-custom-border\"><img fetchpriority=\"high\" decoding=\"async\" width=\"612\" height=\"408\" src=\"https:\/\/nuevo-renacer.com\/wp-content\/uploads\/2024\/10\/istockphoto-657672310-612x612-1.jpg\" alt=\"\" class=\"wp-image-5298\" style=\"border-width:1px;width:84px\" srcset=\"https:\/\/nuevo-renacer.com\/wp-content\/uploads\/2024\/10\/istockphoto-657672310-612x612-1.jpg 612w, https:\/\/nuevo-renacer.com\/wp-content\/uploads\/2024\/10\/istockphoto-657672310-612x612-1-300x200.jpg 300w, https:\/\/nuevo-renacer.com\/wp-content\/uploads\/2024\/10\/istockphoto-657672310-612x612-1-18x12.jpg 18w\" sizes=\"(max-width: 612px) 100vw, 612px\" \/><\/figure>\n<\/div><\/div>\n\n\n\n<div class=\"wp-block-uagb-container uagb-block-38e463f4 alignfull uagb-is-root-container\"><div class=\"uagb-container-inner-blocks-wrap\">\n<p class=\"has-black-color has-text-color has-link-color has-medium-font-size wp-elements-87ae1b8a164beb207ad51ce8e7241e41\"><strong>Dr. Georgi Mirkovic and Spiritism<\/strong><\/p>\n\n\n\n<div class=\"wp-block-uagb-container uagb-block-9418e7d2\">\n<figure class=\"wp-block-image size-full is-resized\"><img decoding=\"async\" width=\"512\" height=\"715\" src=\"https:\/\/nuevo-renacer.com\/wp-content\/uploads\/2024\/10\/Scan-200123-0008001-1.jpg\" alt=\"\" class=\"wp-image-5302\" style=\"width:270px;height:auto\" srcset=\"https:\/\/nuevo-renacer.com\/wp-content\/uploads\/2024\/10\/Scan-200123-0008001-1.jpg 512w, https:\/\/nuevo-renacer.com\/wp-content\/uploads\/2024\/10\/Scan-200123-0008001-1-215x300.jpg 215w, https:\/\/nuevo-renacer.com\/wp-content\/uploads\/2024\/10\/Scan-200123-0008001-1-9x12.jpg 9w\" sizes=\"(max-width: 512px) 100vw, 512px\" \/><figcaption class=\"wp-element-caption\">Dr. Georgi Mirkovic.<\/figcaption><\/figure>\n<\/div>\n\n\n\n<p class=\"has-black-color has-text-color has-link-color has-small-font-size wp-elements-89739709e55af8a2c2b6dd11f97c691d\">Dr. Mirkovic was born in Sliven in 1825, and his life has a long history.<\/p>\n\n\n\n<p class=\"has-black-color has-text-color has-link-color has-small-font-size wp-elements-4bf3727d48ae12ade00612ad1c9bd627\">To 1848, he entered the catholic school French Babek-Carigrad. There he met a monk named Rene, who introduced him to the occult, to which he remained faithful for the rest of his life. In 1851 he traveled to France and completed his studies of medicine in Montpellier in 1856. There he met practically the clear-sightedness. At this time, his brother, a rich merchant who kept, sent regular monthly contributions to the local bank. Suddenly, the contributions ceased and he was exposed to the misery and had to go hungry. Then he was advised to go see a woman who was clairvoyant to tell why it was not your money. Met with her and said, &#034;Your money is here, at the post office, but the address is badly written and not what you can send. Go get it&#034;. Going to the post office and, in fact, the money takes a lot of time there because the address is badly written. Give him the money. But this inner vision of the clairvoyant I am deeply moved and realizes that there is an invisible world, that there is a hidden side in life that must be studied. Begins to take an interest in it and he falls into the circles spiritualists. Then came the materialism and the theory of evolution of Darwin&#039;s on the origin of life, on the one hand, and spiritualism, on the other, which showed that there was an invisible world.<\/p>\n\n\n\n<p class=\"has-black-color has-text-color has-link-color has-small-font-size wp-elements-b6ae0f484e1d4481030f3b83bba56d0a\">In 1870 he participated in the revolutionary movement of the Sanjak of Vidin and was delivered to Turkish authorities by the metropolitan Bulgarian Doro-Tey, the son of the sister of the Greek and turc\u00f3filo Naid Gerov. Dr. Mirkovic was sent to Diyarbekir in prison for life.<\/p>\n\n\n\n<p class=\"has-black-color has-text-color has-link-color has-small-font-size wp-elements-f414f616ab41052edb115e21b9fe614b\">There he met a French physician traveler, very appreciated by the Turkish government, who interceded for him and released him from his chains to cope with the cholera epidemic was declared. And this is his doctoral thesis. Released on bail, moves freely and is to the local population, amassing a fortune enviable. Some of his companions in exile are offered to arrange your flight from Diyarbakir. However, he refuses. The reason is that he has met a prophet, a local who predicts that he will be released from Diyarbakir after a great war is coming. His prophecy was fulfilled and the end of his exile came after the amnesty of 1878, which followed the liberation of Bulgaria in Russia.<\/p>\n\n\n\n<p class=\"has-black-color has-text-color has-link-color has-small-font-size wp-elements-ddd62b11519c3198ac55cfb6d7989c9a\">In 1893, after a visit to Paris and a meeting with Anna de la Grange, it prophesied the following: &#034;Blessed be Russia, because your plan will serve the divine plan and will pave the way to the young divine leader that will raise the flag of the independence of the oppressed countries in a single body, through faith in the universal unity of the believers in the world. Mirkovic, my son, my dear, whom I protect, your Guide to Divine who want to meet, dictates this message to the medium in Paris under the banner of the true light.&#034;<\/p>\n\n\n\n<div class=\"wp-block-uagb-container uagb-block-30acf874\">\n<figure class=\"wp-block-image size-large is-resized\"><img decoding=\"async\" width=\"584\" height=\"1024\" src=\"https:\/\/nuevo-renacer.com\/wp-content\/uploads\/2024\/10\/Anna-de-la-Grange-584x1024.jpg\" alt=\"\" class=\"wp-image-5309\" style=\"width:228px\" srcset=\"https:\/\/nuevo-renacer.com\/wp-content\/uploads\/2024\/10\/Anna-de-la-Grange-584x1024.jpg 584w, https:\/\/nuevo-renacer.com\/wp-content\/uploads\/2024\/10\/Anna-de-la-Grange-171x300.jpg 171w, https:\/\/nuevo-renacer.com\/wp-content\/uploads\/2024\/10\/Anna-de-la-Grange-768x1348.jpg 768w, https:\/\/nuevo-renacer.com\/wp-content\/uploads\/2024\/10\/Anna-de-la-Grange-875x1536.jpg 875w, https:\/\/nuevo-renacer.com\/wp-content\/uploads\/2024\/10\/Anna-de-la-Grange-7x12.jpg 7w, https:\/\/nuevo-renacer.com\/wp-content\/uploads\/2024\/10\/Anna-de-la-Grange.jpg 1167w\" sizes=\"(max-width: 584px) 100vw, 584px\" \/><figcaption class=\"wp-element-caption\">Anna de La Grange<\/figcaption><\/figure>\n<\/div>\n\n\n\n<p class=\"has-black-color has-text-color has-link-color has-small-font-size wp-elements-816029d1875f9f34c7b4df51d41abcf0\">In 1899, dr. Mirkovic, along with Penyu Kirov and Todor Stoinemov, Burgas, he was personally invited by the master Petar Danow the first congress of the circle spiritual. In August, 1905, at his request, was warned by the invisible world that put an end to his earthly matters, since his departure to the great beyond was imminent. The 29.09.1905 departed from life.<\/p>\n\n\n\n<div class=\"wp-block-uagb-container uagb-block-78d595e6\">\n<figure class=\"wp-block-image size-full is-resized\"><img loading=\"lazy\" decoding=\"async\" width=\"211\" height=\"300\" src=\"https:\/\/nuevo-renacer.com\/wp-content\/uploads\/2024\/10\/\u041f\u0435\u0442\u044a\u0440-\u0414\u044a\u043d\u043e\u0432-211x300-1.jpg\" alt=\"\" class=\"wp-image-5306\" style=\"width:228px;height:auto\" srcset=\"https:\/\/nuevo-renacer.com\/wp-content\/uploads\/2024\/10\/\u041f\u0435\u0442\u044a\u0440-\u0414\u044a\u043d\u043e\u0432-211x300-1.jpg 211w, https:\/\/nuevo-renacer.com\/wp-content\/uploads\/2024\/10\/\u041f\u0435\u0442\u044a\u0440-\u0414\u044a\u043d\u043e\u0432-211x300-1-8x12.jpg 8w\" sizes=\"(max-width: 211px) 100vw, 211px\" \/><figcaption class=\"wp-element-caption\">Petar Danow<\/figcaption><\/figure>\n<\/div>\n\n\n\n<p class=\"has-black-color has-text-color has-link-color has-small-font-size wp-elements-37eac38ff826e586a6d3bb040c984f90\">Dr. Mirkovic was an illuminator of the Renaissance, a fighter for the independence of the Church, a revolutionary, an exile of Diarbekir, an advocate of a democratic society and a pioneer of spiritual movements in Bulgaria, which prepared the ground for the arrival of the &#034;Leader of Light&#034;, so that this prophecy will also be fulfilled.<\/p>\n\n\n\n<p class=\"has-black-color has-text-color has-link-color has-small-font-size wp-elements-1afd80afcfab8a67e953f46e9b97351e\">Dr. Mirkovic was the co-founder of the Bulgarian Red Cross in Bulgaria, the founder of the charity in Bulgaria and in 1990 was prepared as a benefit concert held at the Dr. Georgi Mirkovic as a co-founder of the Red Cross and the works of charity in Bulgaria. As one of the top three disciples of the Master, he was honored with a celebration appropriate in-House Lawyers in Sofia, where the music of the Master Petar Danow was interpreted by musicians of Sofia, members of the Society of the White Brotherhood. This was the first concert after the changes that occurred in Bulgaria on 10 November 1989, after which we have conducted more than ten concerts in Sofia until the date based on the words and the music of the Master Petar Danow. He was the pioneer.<\/p>\n<\/div><\/div>","protected":false},"excerpt":{"rendered":"<p>Historia del Espiritismo en Bulgaria Dr. Georgi Mirkovic y el Espiritismo El Dr. Mirkovic naci\u00f3 en Sliven en 1825 y su vida tiene una larga historia. Hacia 1848, ingres\u00f3 en la escuela cat\u00f3lica francesa de Babek-Carigrad. All\u00ed conoci\u00f3 a un monje llamado Ren\u00e9, que le introdujo en el espiritismo, al que permaneci\u00f3 fiel el resto [&hellip;]<\/p>","protected":false},"author":1,"featured_media":0,"parent":0,"menu_order":0,"comment_status":"closed","ping_status":"closed","template":"","meta":{"_uag_custom_page_level_css":"","site-sidebar-layout":"default","site-content-layout":"","ast-site-content-layout":"default","site-content-style":"default","site-sidebar-style":"default","ast-global-header-display":"","ast-banner-title-visibility":"","ast-main-header-display":"","ast-hfb-above-header-display":"","ast-hfb-below-header-display":"","ast-hfb-mobile-header-display":"","site-post-title":"disabled","ast-breadcrumbs-content":"","ast-featured-img":"","footer-sml-layout":"","theme-transparent-header-meta":"","adv-header-id-meta":"","stick-header-meta":"","header-above-stick-meta":"","header-main-stick-meta":"","header-below-stick-meta":"","astra-migrate-meta-layouts":"set","ast-page-background-enabled":"default","ast-page-background-meta":{"desktop":{"background-color":"var(--ast-global-color-4)","background-image":"","background-repeat":"repeat","background-position":"center center","background-size":"auto","background-attachment":"scroll","background-type":"","background-media":"","overlay-type":"","overlay-color":"","overlay-opacity":"","overlay-gradient":""},"tablet":{"background-color":"","background-image":"","background-repeat":"repeat","background-position":"center center","background-size":"auto","background-attachment":"scroll","background-type":"","background-media":"","overlay-type":"","overlay-color":"","overlay-opacity":"","overlay-gradient":""},"mobile":{"background-color":"","background-image":"","background-repeat":"repeat","background-position":"center center","background-size":"auto","background-attachment":"scroll","background-type":"","background-media":"","overlay-type":"","overlay-color":"","overlay-opacity":"","overlay-gradient":""}},"ast-content-background-meta":{"desktop":{"background-color":"var(--ast-global-color-5)","background-image":"","background-repeat":"repeat","background-position":"center center","background-size":"auto","background-attachment":"scroll","background-type":"","background-media":"","overlay-type":"","overlay-color":"","overlay-opacity":"","overlay-gradient":""},"tablet":{"background-color":"var(--ast-global-color-5)","background-image":"","background-repeat":"repeat","background-position":"center center","background-size":"auto","background-attachment":"scroll","background-type":"","background-media":"","overlay-type":"","overlay-color":"","overlay-opacity":"","overlay-gradient":""},"mobile":{"background-color":"var(--ast-global-color-5)","background-image":"","background-repeat":"repeat","background-position":"center center","background-size":"auto","background-attachment":"scroll","background-type":"","background-media":"","overlay-type":"","overlay-color":"","overlay-opacity":"","overlay-gradient":""}},"footnotes":""},"class_list":["post-5297","page","type-page","status-publish","hentry"],"yoast_head":"<!-- This site is optimized with the Yoast SEO Premium plugin v24.2 (Yoast SEO v24.6) - https:\/\/yoast.com\/wordpress\/plugins\/seo\/ -->\n<title>Historia del Espiritismo en Bulgaria - Uni\u00f3n Esp\u00edrita<\/title>\n<meta name=\"robots\" content=\"index, follow, max-snippet:-1, max-image-preview:large, max-video-preview:-1\" \/>\n<link rel=\"canonical\" href=\"https:\/\/nuevo-renacer.com\/en\/historia-del-espiritismo-en-bulgaria\/\" \/>\n<meta property=\"og:locale\" content=\"en_GB\" \/>\n<meta property=\"og:type\" content=\"article\" \/>\n<meta property=\"og:title\" content=\"Historia del Espiritismo en Bulgaria\" \/>\n<meta property=\"og:description\" content=\"Historia del Espiritismo en Bulgaria Dr. Georgi Mirkovic y el Espiritismo El Dr. Mirkovic naci\u00f3 en Sliven en 1825 y su vida tiene una larga historia. Hacia 1848, ingres\u00f3 en la escuela cat\u00f3lica francesa de Babek-Carigrad. All\u00ed conoci\u00f3 a un monje llamado Ren\u00e9, que le introdujo en el espiritismo, al que permaneci\u00f3 fiel el resto [&hellip;]\" \/>\n<meta property=\"og:url\" content=\"https:\/\/nuevo-renacer.com\/en\/historia-del-espiritismo-en-bulgaria\/\" \/>\n<meta property=\"og:site_name\" content=\"Uni\u00f3n Esp\u00edrita\" \/>\n<meta property=\"article:publisher\" content=\"https:\/\/www.facebook.com\/groups\/3431398063740829\" \/>\n<meta property=\"article:modified_time\" content=\"2024-10-07T15:04:39+00:00\" \/>\n<meta property=\"og:image\" content=\"https:\/\/nuevo-renacer.com\/wp-content\/uploads\/2024\/10\/istockphoto-657672310-612x612-1.jpg\" \/>\n<meta name=\"twitter:card\" content=\"summary_large_image\" \/>\n<meta name=\"twitter:label1\" content=\"Estimated reading time\" \/>\n\t<meta name=\"twitter:data1\" content=\"4 minutes\" \/>\n<script type=\"application\/ld+json\" class=\"yoast-schema-graph\">{\"@context\":\"https:\/\/schema.org\",\"@graph\":[{\"@type\":\"WebPage\",\"@id\":\"https:\/\/nuevo-renacer.com\/historia-del-espiritismo-en-bulgaria\/\",\"url\":\"https:\/\/nuevo-renacer.com\/historia-del-espiritismo-en-bulgaria\/\",\"name\":\"Historia del Espiritismo en Bulgaria - Uni\u00f3n Esp\u00edrita\",\"isPartOf\":{\"@id\":\"https:\/\/nuevo-renacer.com\/#website\"},\"primaryImageOfPage\":{\"@id\":\"https:\/\/nuevo-renacer.com\/historia-del-espiritismo-en-bulgaria\/#primaryimage\"},\"image\":{\"@id\":\"https:\/\/nuevo-renacer.com\/historia-del-espiritismo-en-bulgaria\/#primaryimage\"},\"thumbnailUrl\":\"https:\/\/nuevo-renacer.com\/wp-content\/uploads\/2024\/10\/istockphoto-657672310-612x612-1.jpg\",\"datePublished\":\"2024-10-07T12:43:26+00:00\",\"dateModified\":\"2024-10-07T15:04:39+00:00\",\"breadcrumb\":{\"@id\":\"https:\/\/nuevo-renacer.com\/historia-del-espiritismo-en-bulgaria\/#breadcrumb\"},\"inLanguage\":\"en-GB\",\"potentialAction\":[{\"@type\":\"ReadAction\",\"target\":[\"https:\/\/nuevo-renacer.com\/historia-del-espiritismo-en-bulgaria\/\"]}]},{\"@type\":\"ImageObject\",\"inLanguage\":\"en-GB\",\"@id\":\"https:\/\/nuevo-renacer.com\/historia-del-espiritismo-en-bulgaria\/#primaryimage\",\"url\":\"https:\/\/nuevo-renacer.com\/wp-content\/uploads\/2024\/10\/istockphoto-657672310-612x612-1.jpg\",\"contentUrl\":\"https:\/\/nuevo-renacer.com\/wp-content\/uploads\/2024\/10\/istockphoto-657672310-612x612-1.jpg\"},{\"@type\":\"BreadcrumbList\",\"@id\":\"https:\/\/nuevo-renacer.com\/historia-del-espiritismo-en-bulgaria\/#breadcrumb\",\"itemListElement\":[{\"@type\":\"ListItem\",\"position\":1,\"name\":\"Startseite\",\"item\":\"https:\/\/nuevo-renacer.com\/\"},{\"@type\":\"ListItem\",\"position\":2,\"name\":\"Historia del Espiritismo en Bulgaria\"}]},{\"@type\":\"WebSite\",\"@id\":\"https:\/\/nuevo-renacer.com\/#website\",\"url\":\"https:\/\/nuevo-renacer.com\/\",\"name\":\"Uni\u00f3n Esp\u00edrita\",\"description\":\"Nuevo Renacer\",\"publisher\":{\"@id\":\"https:\/\/nuevo-renacer.com\/#organization\"},\"potentialAction\":[{\"@type\":\"SearchAction\",\"target\":{\"@type\":\"EntryPoint\",\"urlTemplate\":\"https:\/\/nuevo-renacer.com\/?s={search_term_string}\"},\"query-input\":{\"@type\":\"PropertyValueSpecification\",\"valueRequired\":true,\"valueName\":\"search_term_string\"}}],\"inLanguage\":\"en-GB\"},{\"@type\":\"Organization\",\"@id\":\"https:\/\/nuevo-renacer.com\/#organization\",\"name\":\"UFEC\",\"url\":\"https:\/\/nuevo-renacer.com\/\",\"logo\":{\"@type\":\"ImageObject\",\"inLanguage\":\"en-GB\",\"@id\":\"https:\/\/nuevo-renacer.com\/#\/schema\/logo\/image\/\",\"url\":\"https:\/\/nuevo-renacer.com\/wp-content\/uploads\/2024\/05\/cropped-LOGO-TERMINADO1-3-3.png\",\"contentUrl\":\"https:\/\/nuevo-renacer.com\/wp-content\/uploads\/2024\/05\/cropped-LOGO-TERMINADO1-3-3.png\",\"width\":512,\"height\":512,\"caption\":\"UFEC\"},\"image\":{\"@id\":\"https:\/\/nuevo-renacer.com\/#\/schema\/logo\/image\/\"},\"sameAs\":[\"https:\/\/www.facebook.com\/groups\/3431398063740829\"]}]}<\/script>\n<!-- \/ Yoast SEO Premium plugin. -->","yoast_head_json":{"title":"Historia del Espiritismo en Bulgaria - Uni\u00f3n Esp\u00edrita","robots":{"index":"index","follow":"follow","max-snippet":"max-snippet:-1","max-image-preview":"max-image-preview:large","max-video-preview":"max-video-preview:-1"},"canonical":"https:\/\/nuevo-renacer.com\/en\/historia-del-espiritismo-en-bulgaria\/","og_locale":"en_GB","og_type":"article","og_title":"Historia del Espiritismo en Bulgaria","og_description":"Historia del Espiritismo en Bulgaria Dr. Georgi Mirkovic y el Espiritismo El Dr. Mirkovic naci\u00f3 en Sliven en 1825 y su vida tiene una larga historia. Hacia 1848, ingres\u00f3 en la escuela cat\u00f3lica francesa de Babek-Carigrad. All\u00ed conoci\u00f3 a un monje llamado Ren\u00e9, que le introdujo en el espiritismo, al que permaneci\u00f3 fiel el resto [&hellip;]","og_url":"https:\/\/nuevo-renacer.com\/en\/historia-del-espiritismo-en-bulgaria\/","og_site_name":"Uni\u00f3n Esp\u00edrita","article_publisher":"https:\/\/www.facebook.com\/groups\/3431398063740829","article_modified_time":"2024-10-07T15:04:39+00:00","og_image":[{"url":"https:\/\/nuevo-renacer.com\/wp-content\/uploads\/2024\/10\/istockphoto-657672310-612x612-1.jpg","type":"","width":"","height":""}],"twitter_card":"summary_large_image","twitter_misc":{"Estimated reading time":"4 minutes"},"schema":{"@context":"https:\/\/schema.org","@graph":[{"@type":"WebPage","@id":"https:\/\/nuevo-renacer.com\/historia-del-espiritismo-en-bulgaria\/","url":"https:\/\/nuevo-renacer.com\/historia-del-espiritismo-en-bulgaria\/","name":"Historia del Espiritismo en Bulgaria - Uni\u00f3n Esp\u00edrita","isPartOf":{"@id":"https:\/\/nuevo-renacer.com\/#website"},"primaryImageOfPage":{"@id":"https:\/\/nuevo-renacer.com\/historia-del-espiritismo-en-bulgaria\/#primaryimage"},"image":{"@id":"https:\/\/nuevo-renacer.com\/historia-del-espiritismo-en-bulgaria\/#primaryimage"},"thumbnailUrl":"https:\/\/nuevo-renacer.com\/wp-content\/uploads\/2024\/10\/istockphoto-657672310-612x612-1.jpg","datePublished":"2024-10-07T12:43:26+00:00","dateModified":"2024-10-07T15:04:39+00:00","breadcrumb":{"@id":"https:\/\/nuevo-renacer.com\/historia-del-espiritismo-en-bulgaria\/#breadcrumb"},"inLanguage":"en-GB","potentialAction":[{"@type":"ReadAction","target":["https:\/\/nuevo-renacer.com\/historia-del-espiritismo-en-bulgaria\/"]}]},{"@type":"ImageObject","inLanguage":"en-GB","@id":"https:\/\/nuevo-renacer.com\/historia-del-espiritismo-en-bulgaria\/#primaryimage","url":"https:\/\/nuevo-renacer.com\/wp-content\/uploads\/2024\/10\/istockphoto-657672310-612x612-1.jpg","contentUrl":"https:\/\/nuevo-renacer.com\/wp-content\/uploads\/2024\/10\/istockphoto-657672310-612x612-1.jpg"},{"@type":"BreadcrumbList","@id":"https:\/\/nuevo-renacer.com\/historia-del-espiritismo-en-bulgaria\/#breadcrumb","itemListElement":[{"@type":"ListItem","position":1,"name":"Startseite","item":"https:\/\/nuevo-renacer.com\/"},{"@type":"ListItem","position":2,"name":"Historia del Espiritismo en Bulgaria"}]},{"@type":"WebSite","@id":"https:\/\/nuevo-renacer.com\/#website","url":"https:\/\/nuevo-renacer.com\/","name":"Uni\u00f3n Esp\u00edrita","description":"Nuevo Renacer","publisher":{"@id":"https:\/\/nuevo-renacer.com\/#organization"},"potentialAction":[{"@type":"SearchAction","target":{"@type":"EntryPoint","urlTemplate":"https:\/\/nuevo-renacer.com\/?s={search_term_string}"},"query-input":{"@type":"PropertyValueSpecification","valueRequired":true,"valueName":"search_term_string"}}],"inLanguage":"en-GB"},{"@type":"Organization","@id":"https:\/\/nuevo-renacer.com\/#organization","name":"UFEC","url":"https:\/\/nuevo-renacer.com\/","logo":{"@type":"ImageObject","inLanguage":"en-GB","@id":"https:\/\/nuevo-renacer.com\/#\/schema\/logo\/image\/","url":"https:\/\/nuevo-renacer.com\/wp-content\/uploads\/2024\/05\/cropped-LOGO-TERMINADO1-3-3.png","contentUrl":"https:\/\/nuevo-renacer.com\/wp-content\/uploads\/2024\/05\/cropped-LOGO-TERMINADO1-3-3.png","width":512,"height":512,"caption":"UFEC"},"image":{"@id":"https:\/\/nuevo-renacer.com\/#\/schema\/logo\/image\/"},"sameAs":["https:\/\/www.facebook.com\/groups\/3431398063740829"]}]}},"uagb_featured_image_src":{"full":false,"thumbnail":false,"medium":false,"medium_large":false,"large":false,"1536x1536":false,"2048x2048":false,"trp-custom-language-flag":false},"uagb_author_info":{"display_name":"adbv0","author_link":"https:\/\/nuevo-renacer.com\/en\/author\/adbv0\/"},"uagb_comment_info":0,"uagb_excerpt":"Historia del Espiritismo en Bulgaria Dr. Georgi Mirkovic y el Espiritismo El Dr. Mirkovic naci\u00f3 en Sliven en 1825 y su vida tiene una larga historia. Hacia 1848, ingres\u00f3 en la escuela cat\u00f3lica francesa de Babek-Carigrad. All\u00ed conoci\u00f3 a un monje llamado Ren\u00e9, que le introdujo en el espiritismo, al que permaneci\u00f3 fiel el resto&hellip;","jetpack_sharing_enabled":true,"_links":{"self":[{"href":"https:\/\/nuevo-renacer.com\/en\/wp-json\/wp\/v2\/pages\/5297","targetHints":{"allow":["GET"]}}],"collection":[{"href":"https:\/\/nuevo-renacer.com\/en\/wp-json\/wp\/v2\/pages"}],"about":[{"href":"https:\/\/nuevo-renacer.com\/en\/wp-json\/wp\/v2\/types\/page"}],"author":[{"embeddable":true,"href":"https:\/\/nuevo-renacer.com\/en\/wp-json\/wp\/v2\/users\/1"}],"replies":[{"embeddable":true,"href":"https:\/\/nuevo-renacer.com\/en\/wp-json\/wp\/v2\/comments?post=5297"}],"version-history":[{"count":9,"href":"https:\/\/nuevo-renacer.com\/en\/wp-json\/wp\/v2\/pages\/5297\/revisions"}],"predecessor-version":[{"id":5317,"href":"https:\/\/nuevo-renacer.com\/en\/wp-json\/wp\/v2\/pages\/5297\/revisions\/5317"}],"wp:attachment":[{"href":"https:\/\/nuevo-renacer.com\/en\/wp-json\/wp\/v2\/media?parent=5297"}],"curies":[{"name":"wp","href":"https:\/\/api.w.org\/{rel}","templated":true}]}}