{"id":5226,"date":"2024-10-07T06:30:33","date_gmt":"2024-10-07T06:30:33","guid":{"rendered":"https:\/\/nuevo-renacer.com\/?page_id=5226"},"modified":"2024-10-07T06:30:33","modified_gmt":"2024-10-07T06:30:33","slug":"espiritismo-la-tercera-revelacion","status":"publish","type":"page","link":"https:\/\/nuevo-renacer.com\/en\/espiritismo-la-tercera-revelacion\/","title":{"rendered":"Spiritism: The third revelation"},"content":{"rendered":"<div class=\"wp-block-uagb-container uagb-block-4da84fd1 alignfull uagb-is-root-container\"><div class=\"uagb-container-inner-blocks-wrap\">\n<p class=\"has-black-color has-text-color has-link-color has-medium-font-size wp-elements-b38eb7449d118142c0eef0a8451ab3da\"><strong>Spiritism: The third revelation<\/strong><\/p>\n<\/div><\/div>\n\n\n\n<div class=\"wp-block-uagb-container uagb-block-c49424e0 alignfull uagb-is-root-container\"><div class=\"uagb-container-inner-blocks-wrap\">\n<figure class=\"wp-block-image size-full is-resized\"><img fetchpriority=\"high\" decoding=\"async\" width=\"540\" height=\"360\" src=\"https:\/\/nuevo-renacer.com\/wp-content\/uploads\/2024\/10\/360_F_586764135_yxCF9wa6pr180CnoFyc44WjUlutzgAo5.jpg\" alt=\"\" class=\"wp-image-5227\" style=\"width:435px;height:auto\" srcset=\"https:\/\/nuevo-renacer.com\/wp-content\/uploads\/2024\/10\/360_F_586764135_yxCF9wa6pr180CnoFyc44WjUlutzgAo5.jpg 540w, https:\/\/nuevo-renacer.com\/wp-content\/uploads\/2024\/10\/360_F_586764135_yxCF9wa6pr180CnoFyc44WjUlutzgAo5-300x200.jpg 300w, https:\/\/nuevo-renacer.com\/wp-content\/uploads\/2024\/10\/360_F_586764135_yxCF9wa6pr180CnoFyc44WjUlutzgAo5-18x12.jpg 18w\" sizes=\"(max-width: 540px) 100vw, 540px\" \/><\/figure>\n<\/div><\/div>\n\n\n\n<div class=\"wp-block-uagb-container uagb-block-eda9be7c alignfull uagb-is-root-container\"><div class=\"uagb-container-inner-blocks-wrap\">\n<p class=\"has-black-color has-text-color has-link-color has-small-font-size wp-elements-786443ebea2bcab7870b373d22abc972\">Spiritism is the new science which comes to reveal to mankind, with irrefutable proofs, the existence and nature of the spiritual world, as well as its relations with the corporeal world. It shows us this world, no longer as something supernatural, but, on the contrary, as one of the living forces constantly at work in nature, as the origin of a multitude of phenomena hitherto incomprehensible and therefore relegated to the realm of the fantastic and the marvellous. To these relations Christ alludes in different circumstances, and that is why many of the things He said are still unintelligible or have been falsely interpreted. Spiritism is the key with whose help everything is easily explained.<\/p>\n\n\n\n<p class=\"has-black-color has-text-color has-link-color has-small-font-size wp-elements-f208c5df249e1b38322907a0d84af15f\">The law of the Old Testament is embodied in Moses; that of the New Testament is embodied in Christ. Spiritism is the third revelation of the law of God, but it is not personified in any individual, for it is the product of the teaching imparted, not by man, but by the Spirits, who are the voices of Heaven, in all parts of the earth, and through an innumerable multitude of intermediaries. Spiritism is, in a certain sense, a collective being, comprising all the beings of the spiritual world, each one of whom brings to men the tribute of his lights to make them acquainted with that world and the fate that awaits them in it.<\/p>\n\n\n\n<p class=\"has-black-color has-text-color has-link-color has-small-font-size wp-elements-9fb1fd2cb4045fd7114749f7e89c5cd6\">Just as Christ said, \"I come not to abolish the law, but to fulfil it\", so Spiritism says, \"I come not to abolish the Christian law, but to fulfil it\". It teaches nothing contrary to what Christ taught, but develops, completes and explains, in terms clear to the whole world, what was only said in an allegorical form. Spiritism comes to fulfil, in the foretold times, what Christ announced, and to prepare for the fulfilment of future things. It is, therefore, the work of Christ, which He Himself presides over, just as He presides over what He also announced: the regeneration which is operative, and which prepares the kingdom of God on earth.<\/p>\n<\/div><\/div>","protected":false},"excerpt":{"rendered":"<p>Espiritismo: La tercera revelaci\u00f3n El espiritismo es la ciencia nueva que viene a revelar a los hombres, con pruebas irrecusables, la existencia y la naturaleza del mundo espiritual, as\u00ed como sus relaciones con el mundo corporal. Nos muestra ese mundo, no ya como algo sobrenatural, sino, por el contrario, como una de las fuerzas vivas [&hellip;]<\/p>","protected":false},"author":1,"featured_media":0,"parent":0,"menu_order":0,"comment_status":"closed","ping_status":"closed","template":"","meta":{"_uag_custom_page_level_css":"","site-sidebar-layout":"default","site-content-layout":"","ast-site-content-layout":"default","site-content-style":"default","site-sidebar-style":"default","ast-global-header-display":"","ast-banner-title-visibility":"","ast-main-header-display":"","ast-hfb-above-header-display":"","ast-hfb-below-header-display":"","ast-hfb-mobile-header-display":"","site-post-title":"disabled","ast-breadcrumbs-content":"","ast-featured-img":"","footer-sml-layout":"","theme-transparent-header-meta":"","adv-header-id-meta":"","stick-header-meta":"","header-above-stick-meta":"","header-main-stick-meta":"","header-below-stick-meta":"","astra-migrate-meta-layouts":"set","ast-page-background-enabled":"default","ast-page-background-meta":{"desktop":{"background-color":"var(--ast-global-color-4)","background-image":"","background-repeat":"repeat","background-position":"center center","background-size":"auto","background-attachment":"scroll","background-type":"","background-media":"","overlay-type":"","overlay-color":"","overlay-opacity":"","overlay-gradient":""},"tablet":{"background-color":"","background-image":"","background-repeat":"repeat","background-position":"center center","background-size":"auto","background-attachment":"scroll","background-type":"","background-media":"","overlay-type":"","overlay-color":"","overlay-opacity":"","overlay-gradient":""},"mobile":{"background-color":"","background-image":"","background-repeat":"repeat","background-position":"center center","background-size":"auto","background-attachment":"scroll","background-type":"","background-media":"","overlay-type":"","overlay-color":"","overlay-opacity":"","overlay-gradient":""}},"ast-content-background-meta":{"desktop":{"background-color":"var(--ast-global-color-5)","background-image":"","background-repeat":"repeat","background-position":"center center","background-size":"auto","background-attachment":"scroll","background-type":"","background-media":"","overlay-type":"","overlay-color":"","overlay-opacity":"","overlay-gradient":""},"tablet":{"background-color":"var(--ast-global-color-5)","background-image":"","background-repeat":"repeat","background-position":"center center","background-size":"auto","background-attachment":"scroll","background-type":"","background-media":"","overlay-type":"","overlay-color":"","overlay-opacity":"","overlay-gradient":""},"mobile":{"background-color":"var(--ast-global-color-5)","background-image":"","background-repeat":"repeat","background-position":"center center","background-size":"auto","background-attachment":"scroll","background-type":"","background-media":"","overlay-type":"","overlay-color":"","overlay-opacity":"","overlay-gradient":""}},"footnotes":""},"class_list":["post-5226","page","type-page","status-publish","hentry"],"yoast_head":"<!-- This site is optimized with the Yoast SEO Premium plugin v24.2 (Yoast SEO v24.6) - https:\/\/yoast.com\/wordpress\/plugins\/seo\/ -->\n<title>Espiritismo: La tercera revelaci\u00f3n - Uni\u00f3n Esp\u00edrita<\/title>\n<meta name=\"robots\" content=\"index, follow, max-snippet:-1, max-image-preview:large, max-video-preview:-1\" \/>\n<link rel=\"canonical\" href=\"https:\/\/nuevo-renacer.com\/en\/espiritismo-la-tercera-revelacion\/\" \/>\n<meta property=\"og:locale\" content=\"en_GB\" \/>\n<meta property=\"og:type\" content=\"article\" \/>\n<meta property=\"og:title\" content=\"Espiritismo: La tercera revelaci\u00f3n\" \/>\n<meta property=\"og:description\" content=\"Espiritismo: La tercera revelaci\u00f3n El espiritismo es la ciencia nueva que viene a revelar a los hombres, con pruebas irrecusables, la existencia y la naturaleza del mundo espiritual, as\u00ed como sus relaciones con el mundo corporal. Nos muestra ese mundo, no ya como algo sobrenatural, sino, por el contrario, como una de las fuerzas vivas [&hellip;]\" \/>\n<meta property=\"og:url\" content=\"https:\/\/nuevo-renacer.com\/en\/espiritismo-la-tercera-revelacion\/\" \/>\n<meta property=\"og:site_name\" content=\"Uni\u00f3n Esp\u00edrita\" \/>\n<meta property=\"article:publisher\" content=\"https:\/\/www.facebook.com\/groups\/3431398063740829\" \/>\n<meta property=\"og:image\" content=\"https:\/\/nuevo-renacer.com\/wp-content\/uploads\/2024\/10\/360_F_586764135_yxCF9wa6pr180CnoFyc44WjUlutzgAo5.jpg\" \/>\n<meta name=\"twitter:card\" content=\"summary_large_image\" \/>\n<meta name=\"twitter:label1\" content=\"Estimated reading time\" \/>\n\t<meta name=\"twitter:data1\" content=\"2 minutes\" \/>\n<script type=\"application\/ld+json\" class=\"yoast-schema-graph\">{\"@context\":\"https:\/\/schema.org\",\"@graph\":[{\"@type\":\"WebPage\",\"@id\":\"https:\/\/nuevo-renacer.com\/de\/espiritismo-la-tercera-revelacion\/\",\"url\":\"https:\/\/nuevo-renacer.com\/de\/espiritismo-la-tercera-revelacion\/\",\"name\":\"Espiritismo: La tercera revelaci\u00f3n - Uni\u00f3n Esp\u00edrita\",\"isPartOf\":{\"@id\":\"https:\/\/nuevo-renacer.com\/#website\"},\"primaryImageOfPage\":{\"@id\":\"https:\/\/nuevo-renacer.com\/de\/espiritismo-la-tercera-revelacion\/#primaryimage\"},\"image\":{\"@id\":\"https:\/\/nuevo-renacer.com\/de\/espiritismo-la-tercera-revelacion\/#primaryimage\"},\"thumbnailUrl\":\"https:\/\/nuevo-renacer.com\/wp-content\/uploads\/2024\/10\/360_F_586764135_yxCF9wa6pr180CnoFyc44WjUlutzgAo5.jpg\",\"datePublished\":\"2024-10-07T06:30:33+00:00\",\"breadcrumb\":{\"@id\":\"https:\/\/nuevo-renacer.com\/de\/espiritismo-la-tercera-revelacion\/#breadcrumb\"},\"inLanguage\":\"en-GB\",\"potentialAction\":[{\"@type\":\"ReadAction\",\"target\":[\"https:\/\/nuevo-renacer.com\/de\/espiritismo-la-tercera-revelacion\/\"]}]},{\"@type\":\"ImageObject\",\"inLanguage\":\"en-GB\",\"@id\":\"https:\/\/nuevo-renacer.com\/de\/espiritismo-la-tercera-revelacion\/#primaryimage\",\"url\":\"https:\/\/nuevo-renacer.com\/wp-content\/uploads\/2024\/10\/360_F_586764135_yxCF9wa6pr180CnoFyc44WjUlutzgAo5.jpg\",\"contentUrl\":\"https:\/\/nuevo-renacer.com\/wp-content\/uploads\/2024\/10\/360_F_586764135_yxCF9wa6pr180CnoFyc44WjUlutzgAo5.jpg\"},{\"@type\":\"BreadcrumbList\",\"@id\":\"https:\/\/nuevo-renacer.com\/de\/espiritismo-la-tercera-revelacion\/#breadcrumb\",\"itemListElement\":[{\"@type\":\"ListItem\",\"position\":1,\"name\":\"Startseite\",\"item\":\"https:\/\/nuevo-renacer.com\/\"},{\"@type\":\"ListItem\",\"position\":2,\"name\":\"Espiritismo: La tercera revelaci\u00f3n\"}]},{\"@type\":\"WebSite\",\"@id\":\"https:\/\/nuevo-renacer.com\/#website\",\"url\":\"https:\/\/nuevo-renacer.com\/\",\"name\":\"Uni\u00f3n Esp\u00edrita\",\"description\":\"Nuevo Renacer\",\"publisher\":{\"@id\":\"https:\/\/nuevo-renacer.com\/#organization\"},\"potentialAction\":[{\"@type\":\"SearchAction\",\"target\":{\"@type\":\"EntryPoint\",\"urlTemplate\":\"https:\/\/nuevo-renacer.com\/?s={search_term_string}\"},\"query-input\":{\"@type\":\"PropertyValueSpecification\",\"valueRequired\":true,\"valueName\":\"search_term_string\"}}],\"inLanguage\":\"en-GB\"},{\"@type\":\"Organization\",\"@id\":\"https:\/\/nuevo-renacer.com\/#organization\",\"name\":\"UFEC\",\"url\":\"https:\/\/nuevo-renacer.com\/\",\"logo\":{\"@type\":\"ImageObject\",\"inLanguage\":\"en-GB\",\"@id\":\"https:\/\/nuevo-renacer.com\/#\/schema\/logo\/image\/\",\"url\":\"https:\/\/nuevo-renacer.com\/wp-content\/uploads\/2024\/05\/cropped-LOGO-TERMINADO1-3-3.png\",\"contentUrl\":\"https:\/\/nuevo-renacer.com\/wp-content\/uploads\/2024\/05\/cropped-LOGO-TERMINADO1-3-3.png\",\"width\":512,\"height\":512,\"caption\":\"UFEC\"},\"image\":{\"@id\":\"https:\/\/nuevo-renacer.com\/#\/schema\/logo\/image\/\"},\"sameAs\":[\"https:\/\/www.facebook.com\/groups\/3431398063740829\"]}]}<\/script>\n<!-- \/ Yoast SEO Premium plugin. -->","yoast_head_json":{"title":"Espiritismo: La tercera revelaci\u00f3n - Uni\u00f3n Esp\u00edrita","robots":{"index":"index","follow":"follow","max-snippet":"max-snippet:-1","max-image-preview":"max-image-preview:large","max-video-preview":"max-video-preview:-1"},"canonical":"https:\/\/nuevo-renacer.com\/en\/espiritismo-la-tercera-revelacion\/","og_locale":"en_GB","og_type":"article","og_title":"Espiritismo: La tercera revelaci\u00f3n","og_description":"Espiritismo: La tercera revelaci\u00f3n El espiritismo es la ciencia nueva que viene a revelar a los hombres, con pruebas irrecusables, la existencia y la naturaleza del mundo espiritual, as\u00ed como sus relaciones con el mundo corporal. Nos muestra ese mundo, no ya como algo sobrenatural, sino, por el contrario, como una de las fuerzas vivas [&hellip;]","og_url":"https:\/\/nuevo-renacer.com\/en\/espiritismo-la-tercera-revelacion\/","og_site_name":"Uni\u00f3n Esp\u00edrita","article_publisher":"https:\/\/www.facebook.com\/groups\/3431398063740829","og_image":[{"url":"https:\/\/nuevo-renacer.com\/wp-content\/uploads\/2024\/10\/360_F_586764135_yxCF9wa6pr180CnoFyc44WjUlutzgAo5.jpg","type":"","width":"","height":""}],"twitter_card":"summary_large_image","twitter_misc":{"Estimated reading time":"2 minutes"},"schema":{"@context":"https:\/\/schema.org","@graph":[{"@type":"WebPage","@id":"https:\/\/nuevo-renacer.com\/de\/espiritismo-la-tercera-revelacion\/","url":"https:\/\/nuevo-renacer.com\/de\/espiritismo-la-tercera-revelacion\/","name":"Espiritismo: La tercera revelaci\u00f3n - Uni\u00f3n Esp\u00edrita","isPartOf":{"@id":"https:\/\/nuevo-renacer.com\/#website"},"primaryImageOfPage":{"@id":"https:\/\/nuevo-renacer.com\/de\/espiritismo-la-tercera-revelacion\/#primaryimage"},"image":{"@id":"https:\/\/nuevo-renacer.com\/de\/espiritismo-la-tercera-revelacion\/#primaryimage"},"thumbnailUrl":"https:\/\/nuevo-renacer.com\/wp-content\/uploads\/2024\/10\/360_F_586764135_yxCF9wa6pr180CnoFyc44WjUlutzgAo5.jpg","datePublished":"2024-10-07T06:30:33+00:00","breadcrumb":{"@id":"https:\/\/nuevo-renacer.com\/de\/espiritismo-la-tercera-revelacion\/#breadcrumb"},"inLanguage":"en-GB","potentialAction":[{"@type":"ReadAction","target":["https:\/\/nuevo-renacer.com\/de\/espiritismo-la-tercera-revelacion\/"]}]},{"@type":"ImageObject","inLanguage":"en-GB","@id":"https:\/\/nuevo-renacer.com\/de\/espiritismo-la-tercera-revelacion\/#primaryimage","url":"https:\/\/nuevo-renacer.com\/wp-content\/uploads\/2024\/10\/360_F_586764135_yxCF9wa6pr180CnoFyc44WjUlutzgAo5.jpg","contentUrl":"https:\/\/nuevo-renacer.com\/wp-content\/uploads\/2024\/10\/360_F_586764135_yxCF9wa6pr180CnoFyc44WjUlutzgAo5.jpg"},{"@type":"BreadcrumbList","@id":"https:\/\/nuevo-renacer.com\/de\/espiritismo-la-tercera-revelacion\/#breadcrumb","itemListElement":[{"@type":"ListItem","position":1,"name":"Startseite","item":"https:\/\/nuevo-renacer.com\/"},{"@type":"ListItem","position":2,"name":"Espiritismo: La tercera revelaci\u00f3n"}]},{"@type":"WebSite","@id":"https:\/\/nuevo-renacer.com\/#website","url":"https:\/\/nuevo-renacer.com\/","name":"Uni\u00f3n Esp\u00edrita","description":"Nuevo Renacer","publisher":{"@id":"https:\/\/nuevo-renacer.com\/#organization"},"potentialAction":[{"@type":"SearchAction","target":{"@type":"EntryPoint","urlTemplate":"https:\/\/nuevo-renacer.com\/?s={search_term_string}"},"query-input":{"@type":"PropertyValueSpecification","valueRequired":true,"valueName":"search_term_string"}}],"inLanguage":"en-GB"},{"@type":"Organization","@id":"https:\/\/nuevo-renacer.com\/#organization","name":"UFEC","url":"https:\/\/nuevo-renacer.com\/","logo":{"@type":"ImageObject","inLanguage":"en-GB","@id":"https:\/\/nuevo-renacer.com\/#\/schema\/logo\/image\/","url":"https:\/\/nuevo-renacer.com\/wp-content\/uploads\/2024\/05\/cropped-LOGO-TERMINADO1-3-3.png","contentUrl":"https:\/\/nuevo-renacer.com\/wp-content\/uploads\/2024\/05\/cropped-LOGO-TERMINADO1-3-3.png","width":512,"height":512,"caption":"UFEC"},"image":{"@id":"https:\/\/nuevo-renacer.com\/#\/schema\/logo\/image\/"},"sameAs":["https:\/\/www.facebook.com\/groups\/3431398063740829"]}]}},"uagb_featured_image_src":{"full":false,"thumbnail":false,"medium":false,"medium_large":false,"large":false,"1536x1536":false,"2048x2048":false,"trp-custom-language-flag":false},"uagb_author_info":{"display_name":"adbv0","author_link":"https:\/\/nuevo-renacer.com\/en\/author\/adbv0\/"},"uagb_comment_info":0,"uagb_excerpt":"Espiritismo: La tercera revelaci\u00f3n El espiritismo es la ciencia nueva que viene a revelar a los hombres, con pruebas irrecusables, la existencia y la naturaleza del mundo espiritual, as\u00ed como sus relaciones con el mundo corporal. Nos muestra ese mundo, no ya como algo sobrenatural, sino, por el contrario, como una de las fuerzas vivas&hellip;","jetpack_sharing_enabled":true,"_links":{"self":[{"href":"https:\/\/nuevo-renacer.com\/en\/wp-json\/wp\/v2\/pages\/5226","targetHints":{"allow":["GET"]}}],"collection":[{"href":"https:\/\/nuevo-renacer.com\/en\/wp-json\/wp\/v2\/pages"}],"about":[{"href":"https:\/\/nuevo-renacer.com\/en\/wp-json\/wp\/v2\/types\/page"}],"author":[{"embeddable":true,"href":"https:\/\/nuevo-renacer.com\/en\/wp-json\/wp\/v2\/users\/1"}],"replies":[{"embeddable":true,"href":"https:\/\/nuevo-renacer.com\/en\/wp-json\/wp\/v2\/comments?post=5226"}],"version-history":[{"count":1,"href":"https:\/\/nuevo-renacer.com\/en\/wp-json\/wp\/v2\/pages\/5226\/revisions"}],"predecessor-version":[{"id":5228,"href":"https:\/\/nuevo-renacer.com\/en\/wp-json\/wp\/v2\/pages\/5226\/revisions\/5228"}],"wp:attachment":[{"href":"https:\/\/nuevo-renacer.com\/en\/wp-json\/wp\/v2\/media?parent=5226"}],"curies":[{"name":"wp","href":"https:\/\/api.w.org\/{rel}","templated":true}]}}