{"id":5173,"date":"2024-10-01T12:03:26","date_gmt":"2024-10-01T12:03:26","guid":{"rendered":"https:\/\/nuevo-renacer.com\/?page_id=5173"},"modified":"2024-10-01T12:26:22","modified_gmt":"2024-10-01T12:26:22","slug":"la-sintesis-del-proceso-evolutivo","status":"publish","type":"page","link":"https:\/\/nuevo-renacer.com\/en\/la-sintesis-del-proceso-evolutivo\/","title":{"rendered":"The synthesis of the evolutionary process"},"content":{"rendered":"<div class=\"wp-block-uagb-container uagb-block-712080f3 alignfull uagb-is-root-container\"><div class=\"uagb-container-inner-blocks-wrap\">\n<p class=\"has-black-color has-text-color has-link-color has-medium-font-size wp-elements-d4660f81fdc474f236a851aa90d95fbb\"><strong>The synthesis of the evolutionary process<\/strong><\/p>\n<\/div><\/div>\n\n\n\n<div class=\"wp-block-uagb-container uagb-block-98eeeb9c alignfull uagb-is-root-container\"><div class=\"uagb-container-inner-blocks-wrap\">\n<figure class=\"wp-block-image size-full is-resized\"><img fetchpriority=\"high\" decoding=\"async\" width=\"554\" height=\"350\" src=\"https:\/\/nuevo-renacer.com\/wp-content\/uploads\/2024\/10\/step_into_the_light_by_youngphoenix3191_d9vvvr9-350t.jpg\" alt=\"\" class=\"wp-image-5179\" style=\"width:396px;height:auto\" srcset=\"https:\/\/nuevo-renacer.com\/wp-content\/uploads\/2024\/10\/step_into_the_light_by_youngphoenix3191_d9vvvr9-350t.jpg 554w, https:\/\/nuevo-renacer.com\/wp-content\/uploads\/2024\/10\/step_into_the_light_by_youngphoenix3191_d9vvvr9-350t-300x190.jpg 300w, https:\/\/nuevo-renacer.com\/wp-content\/uploads\/2024\/10\/step_into_the_light_by_youngphoenix3191_d9vvvr9-350t-18x12.jpg 18w\" sizes=\"(max-width: 554px) 100vw, 554px\" \/><\/figure>\n<\/div><\/div>\n\n\n\n<div class=\"wp-block-uagb-container uagb-block-75f7fd58 alignfull uagb-is-root-container\"><div class=\"uagb-container-inner-blocks-wrap\">\n<p class=\"has-black-color has-text-color has-link-color has-small-font-size wp-elements-e78ee0116059f25bc1ee3653e9b8d2b6\">The evolving and rescued spirit is placed in the appropriate classroom where it is subjected to an unlimited coexistence from which it will only emerge when it fulfils the respective rescues and assimilates the lessons contained therein. The quicker it learns the lessons that the circumstances propose to it and fulfils the necessary rescues, the quicker it will be able to migrate to one or another classroom in search of new learning. In that context, the spirit is placed in the right place, with the right people and at the right time, where it will participate in individual and collective events, adjusted to its needs of atonement and testing.<\/p>\n\n\n\n<p class=\"has-black-color has-text-color has-link-color has-small-font-size wp-elements-e099ee9c2b75499d0bf56ce536629374\">At each evolutionary cycle, over the centuries and millennia, each of these classrooms has offered the reincarnated spirits a specific type of learning, modelled on the prevailing culture and customs of each region and each epoch. It is in this regional transmigration that the spirits have evolved and continue to evolve on Earth, experiencing valuable opportunities.<br>In the spiritual world, kindred spirits are attracted to the vibrational planes to which they conform. On the physical plane this occurs across boundaries, and so, in the evolutionary phase where we are situated, where there is no homogeneity of feeling, boundaries are still necessary to bind the masses of kindred spirits together. The Earth, although it has been the prodigal and generous mother enduring the aggressions of each generation of its inhabitants, at this end of the century, with the entry of the third millennium, everything indicates that it will have to complete its evolutionary cycle in the condition of a planet of atonement and test, entering a new evolutionary cycle, to which Jesus referred to when prophesying to the apostles in the spiritual world, consequently, the universal reorganisation of humanity will have to be effective through great emigrations. The natural selection of spirits, to which Jesus also referred, has been operating through time and the laws of cause and effect, gathering within territorial boundaries the homogenous masses, placing them in strategic locations where future events will facilitate emigrations.<\/p>\n\n\n\n<p class=\"has-black-color has-text-color has-link-color has-small-font-size wp-elements-971488efd7dac533422c2d566e170e88\">In the Spiritist Magazine, edited by Kardec in October 1866, he published under the title: \"The instructions of the spirits on the regeneration of humanity\", the information that was received in April of the same year, through somnambulism, by the mediums known as M. and T., speaking of the reorganisation of the spirits, referring to the moral transformation of humanity:<\/p>\n\n\n\n<p class=\"has-black-color has-text-color has-link-color has-small-font-size wp-elements-d7d0b31ce3c742359100578e74937f66\">\"When such an improvement is isolated and individual, it will go unnoticed and will have no ostensive influence on the world. The effect will be different when it is operated simultaneously on great masses. But then, according to the proportions, the ideas of a people or of a race may be profoundly modified in one generation. This is what is almost always noticed after the great tremors which decimate populations. The destructive scourges only destroy the body; they do not reach the spirit; they activate the back and forth movement between the bodily world and the spiritual world, and consequently the progressive movement of incarnated and disincarnated spirits. It is in one of these general movements which is at work at this time, and which must determine the reorganisation of humanity. The multiplicity of the causes of destruction is a characteristic sign of the times, for these must hasten the emergence of the new germs....\".<\/p>\n\n\n\n<p class=\"has-black-color has-text-color has-link-color has-small-font-size wp-elements-8d781baa2a8521059138abbdec11ba61\">The spirits, in asserting the multiplicity of the causes of destruction, knew that in the course of a few more decades, man would initiate an arms race that would culminate in immeasurable destructive power. This is not to mention the effects of moral imbalances that over the centuries have shaped an astral virus that has been embodied in each generation, culminating in irreversible diseases that defy contemporary science. It is not necessary to be a prophet or a soothsayer to know how this process will be triggered. With knowledge of the laws of cause and effect, it is enough to make an analysis of the panorama presented to us by the various schools and their respective classrooms and we will discover from where the great reprobate masses will start, and in what form. Before a hasty analysis, we must understand that the evolutionary status of regions and the countries that compose them cannot be measured only by cultural, scientific, technological or economic progress, but mainly by the attitudes, thoughts and feelings cultivated by the majority of their inhabitants. In Asia, we are witnessing the predominance of religious fanaticism and despotism, promoting violence and death; in Europe and North America, under the cover of human selfishness, we have the predominance of savage capitalism which, at the end of this century and millennium, has affected all continents, spreading hunger and fuelling wars in the world. This is a partial picture, but it is the most serious of all, the end of which is already embodied in the ether in powerful miasmas emanating from the thoughts and feelings of these collectivities. According to the law of cause and effect, these regions will have to experience the bitterness of the destruction they have been promoting by becoming victims of themselves.<\/p>\n\n\n\n<p class=\"has-black-color has-text-color has-link-color has-small-font-size wp-elements-0d286a4399251177fc60eb6648718fbb\">The reader must be wondering: what about those who, though part of these collectivities, do not participate in the prevailing sentiments and thoughts? Will they suffer innocently? There is no one on earth who suffers innocently! If some of the inhabitants of these regions were not enrolled in this table of trials, they have surely already emigrated or will emigrate to the classroom which is their due. However, we must understand that some, though they may not have participated in these collective feelings in this life, may be there to redeem debts contracted in other existences; they must perish, but they will not be excluded from the planet. All regions of the Earth will undergo the necessary reorganisation. It is not only wars that will promote the cleansing of the spirits who must leave for the world destined to receive them. Nature possesses resources not yet understood by man that will, in a way, contribute to the divine plan for this emigration, without violence and in a natural way.<\/p>\n\n\n\n<p class=\"has-black-color has-text-color has-link-color has-small-font-size wp-elements-b87681aeaf310a726a28a1e28f4e7bf2\">In Brazil is concentrated a selected mass of spirits who make up the majority of its incarnated population, who have attained a high degree of meekness. In view of this predominant quality, it will emerge as the great benefactor of humanity! He will work hard to succour what remains of the old world. Eventually it will assume the role of the Heart of the World, and later, with religiosity enlightened by the knowledge of the laws of cause and effect and of reincarnation, it will be definitively consecrated as the Homeland of the Gospel.<\/p>\n<\/div><\/div>","protected":false},"excerpt":{"rendered":"<p>La s\u00edntesis del proceso evolutivo El esp\u00edritu en evoluci\u00f3n y rescate, es situado en el aula adecuada donde es sometido a una convivencia ilimitada de donde s\u00f3lo saldr\u00e1 cuando cumpla los respectivos rescates y asimile las lecciones que en el est\u00e1n contenidas. Mientras m\u00e1s r\u00e1pido aprenden las lecciones que las circunstancias le proponen y cumple [&hellip;]<\/p>","protected":false},"author":1,"featured_media":5179,"parent":0,"menu_order":0,"comment_status":"closed","ping_status":"closed","template":"","meta":{"_uag_custom_page_level_css":"","site-sidebar-layout":"default","site-content-layout":"","ast-site-content-layout":"default","site-content-style":"default","site-sidebar-style":"default","ast-global-header-display":"","ast-banner-title-visibility":"","ast-main-header-display":"","ast-hfb-above-header-display":"","ast-hfb-below-header-display":"","ast-hfb-mobile-header-display":"","site-post-title":"disabled","ast-breadcrumbs-content":"","ast-featured-img":"","footer-sml-layout":"","theme-transparent-header-meta":"","adv-header-id-meta":"","stick-header-meta":"","header-above-stick-meta":"","header-main-stick-meta":"","header-below-stick-meta":"","astra-migrate-meta-layouts":"set","ast-page-background-enabled":"default","ast-page-background-meta":{"desktop":{"background-color":"var(--ast-global-color-4)","background-image":"","background-repeat":"repeat","background-position":"center center","background-size":"auto","background-attachment":"scroll","background-type":"","background-media":"","overlay-type":"","overlay-color":"","overlay-opacity":"","overlay-gradient":""},"tablet":{"background-color":"","background-image":"","background-repeat":"repeat","background-position":"center center","background-size":"auto","background-attachment":"scroll","background-type":"","background-media":"","overlay-type":"","overlay-color":"","overlay-opacity":"","overlay-gradient":""},"mobile":{"background-color":"","background-image":"","background-repeat":"repeat","background-position":"center center","background-size":"auto","background-attachment":"scroll","background-type":"","background-media":"","overlay-type":"","overlay-color":"","overlay-opacity":"","overlay-gradient":""}},"ast-content-background-meta":{"desktop":{"background-color":"var(--ast-global-color-5)","background-image":"","background-repeat":"repeat","background-position":"center center","background-size":"auto","background-attachment":"scroll","background-type":"","background-media":"","overlay-type":"","overlay-color":"","overlay-opacity":"","overlay-gradient":""},"tablet":{"background-color":"var(--ast-global-color-5)","background-image":"","background-repeat":"repeat","background-position":"center center","background-size":"auto","background-attachment":"scroll","background-type":"","background-media":"","overlay-type":"","overlay-color":"","overlay-opacity":"","overlay-gradient":""},"mobile":{"background-color":"var(--ast-global-color-5)","background-image":"","background-repeat":"repeat","background-position":"center center","background-size":"auto","background-attachment":"scroll","background-type":"","background-media":"","overlay-type":"","overlay-color":"","overlay-opacity":"","overlay-gradient":""}},"footnotes":""},"class_list":["post-5173","page","type-page","status-publish","has-post-thumbnail","hentry"],"yoast_head":"<!-- This site is optimized with the Yoast SEO Premium plugin v24.2 (Yoast SEO v24.6) - https:\/\/yoast.com\/wordpress\/plugins\/seo\/ -->\n<title>La s\u00edntesis del proceso evolutivo - Uni\u00f3n Esp\u00edrita<\/title>\n<meta name=\"robots\" content=\"index, follow, max-snippet:-1, max-image-preview:large, max-video-preview:-1\" \/>\n<link rel=\"canonical\" href=\"https:\/\/nuevo-renacer.com\/en\/la-sintesis-del-proceso-evolutivo\/\" \/>\n<meta property=\"og:locale\" content=\"en_GB\" \/>\n<meta property=\"og:type\" content=\"article\" \/>\n<meta property=\"og:title\" content=\"La s\u00edntesis del proceso evolutivo\" \/>\n<meta property=\"og:description\" content=\"La s\u00edntesis del proceso evolutivo El esp\u00edritu en evoluci\u00f3n y rescate, es situado en el aula adecuada donde es sometido a una convivencia ilimitada de donde s\u00f3lo saldr\u00e1 cuando cumpla los respectivos rescates y asimile las lecciones que en el est\u00e1n contenidas. Mientras m\u00e1s r\u00e1pido aprenden las lecciones que las circunstancias le proponen y cumple [&hellip;]\" \/>\n<meta property=\"og:url\" content=\"https:\/\/nuevo-renacer.com\/en\/la-sintesis-del-proceso-evolutivo\/\" \/>\n<meta property=\"og:site_name\" content=\"Uni\u00f3n Esp\u00edrita\" \/>\n<meta property=\"article:publisher\" content=\"https:\/\/www.facebook.com\/groups\/3431398063740829\" \/>\n<meta property=\"article:modified_time\" content=\"2024-10-01T12:26:22+00:00\" \/>\n<meta property=\"og:image\" content=\"https:\/\/nuevo-renacer.com\/wp-content\/uploads\/2024\/10\/step_into_the_light_by_youngphoenix3191_d9vvvr9-350t.jpg\" \/>\n\t<meta property=\"og:image:width\" content=\"554\" \/>\n\t<meta property=\"og:image:height\" content=\"350\" \/>\n\t<meta property=\"og:image:type\" content=\"image\/jpeg\" \/>\n<meta name=\"twitter:card\" content=\"summary_large_image\" \/>\n<meta name=\"twitter:label1\" content=\"Estimated reading time\" \/>\n\t<meta name=\"twitter:data1\" content=\"6 minutes\" \/>\n<script type=\"application\/ld+json\" class=\"yoast-schema-graph\">{\"@context\":\"https:\/\/schema.org\",\"@graph\":[{\"@type\":\"WebPage\",\"@id\":\"https:\/\/nuevo-renacer.com\/la-sintesis-del-proceso-evolutivo\/\",\"url\":\"https:\/\/nuevo-renacer.com\/la-sintesis-del-proceso-evolutivo\/\",\"name\":\"La s\u00edntesis del proceso evolutivo - Uni\u00f3n Esp\u00edrita\",\"isPartOf\":{\"@id\":\"https:\/\/nuevo-renacer.com\/#website\"},\"primaryImageOfPage\":{\"@id\":\"https:\/\/nuevo-renacer.com\/la-sintesis-del-proceso-evolutivo\/#primaryimage\"},\"image\":{\"@id\":\"https:\/\/nuevo-renacer.com\/la-sintesis-del-proceso-evolutivo\/#primaryimage\"},\"thumbnailUrl\":\"https:\/\/nuevo-renacer.com\/wp-content\/uploads\/2024\/10\/step_into_the_light_by_youngphoenix3191_d9vvvr9-350t.jpg\",\"datePublished\":\"2024-10-01T12:03:26+00:00\",\"dateModified\":\"2024-10-01T12:26:22+00:00\",\"breadcrumb\":{\"@id\":\"https:\/\/nuevo-renacer.com\/la-sintesis-del-proceso-evolutivo\/#breadcrumb\"},\"inLanguage\":\"en-GB\",\"potentialAction\":[{\"@type\":\"ReadAction\",\"target\":[\"https:\/\/nuevo-renacer.com\/la-sintesis-del-proceso-evolutivo\/\"]}]},{\"@type\":\"ImageObject\",\"inLanguage\":\"en-GB\",\"@id\":\"https:\/\/nuevo-renacer.com\/la-sintesis-del-proceso-evolutivo\/#primaryimage\",\"url\":\"https:\/\/nuevo-renacer.com\/wp-content\/uploads\/2024\/10\/step_into_the_light_by_youngphoenix3191_d9vvvr9-350t.jpg\",\"contentUrl\":\"https:\/\/nuevo-renacer.com\/wp-content\/uploads\/2024\/10\/step_into_the_light_by_youngphoenix3191_d9vvvr9-350t.jpg\",\"width\":554,\"height\":350},{\"@type\":\"BreadcrumbList\",\"@id\":\"https:\/\/nuevo-renacer.com\/la-sintesis-del-proceso-evolutivo\/#breadcrumb\",\"itemListElement\":[{\"@type\":\"ListItem\",\"position\":1,\"name\":\"Startseite\",\"item\":\"https:\/\/nuevo-renacer.com\/\"},{\"@type\":\"ListItem\",\"position\":2,\"name\":\"La s\u00edntesis del proceso evolutivo\"}]},{\"@type\":\"WebSite\",\"@id\":\"https:\/\/nuevo-renacer.com\/#website\",\"url\":\"https:\/\/nuevo-renacer.com\/\",\"name\":\"Uni\u00f3n Esp\u00edrita\",\"description\":\"Nuevo Renacer\",\"publisher\":{\"@id\":\"https:\/\/nuevo-renacer.com\/#organization\"},\"potentialAction\":[{\"@type\":\"SearchAction\",\"target\":{\"@type\":\"EntryPoint\",\"urlTemplate\":\"https:\/\/nuevo-renacer.com\/?s={search_term_string}\"},\"query-input\":{\"@type\":\"PropertyValueSpecification\",\"valueRequired\":true,\"valueName\":\"search_term_string\"}}],\"inLanguage\":\"en-GB\"},{\"@type\":\"Organization\",\"@id\":\"https:\/\/nuevo-renacer.com\/#organization\",\"name\":\"UFEC\",\"url\":\"https:\/\/nuevo-renacer.com\/\",\"logo\":{\"@type\":\"ImageObject\",\"inLanguage\":\"en-GB\",\"@id\":\"https:\/\/nuevo-renacer.com\/#\/schema\/logo\/image\/\",\"url\":\"https:\/\/nuevo-renacer.com\/wp-content\/uploads\/2024\/05\/cropped-LOGO-TERMINADO1-3-3.png\",\"contentUrl\":\"https:\/\/nuevo-renacer.com\/wp-content\/uploads\/2024\/05\/cropped-LOGO-TERMINADO1-3-3.png\",\"width\":512,\"height\":512,\"caption\":\"UFEC\"},\"image\":{\"@id\":\"https:\/\/nuevo-renacer.com\/#\/schema\/logo\/image\/\"},\"sameAs\":[\"https:\/\/www.facebook.com\/groups\/3431398063740829\"]}]}<\/script>\n<!-- \/ Yoast SEO Premium plugin. -->","yoast_head_json":{"title":"La s\u00edntesis del proceso evolutivo - Uni\u00f3n Esp\u00edrita","robots":{"index":"index","follow":"follow","max-snippet":"max-snippet:-1","max-image-preview":"max-image-preview:large","max-video-preview":"max-video-preview:-1"},"canonical":"https:\/\/nuevo-renacer.com\/en\/la-sintesis-del-proceso-evolutivo\/","og_locale":"en_GB","og_type":"article","og_title":"La s\u00edntesis del proceso evolutivo","og_description":"La s\u00edntesis del proceso evolutivo El esp\u00edritu en evoluci\u00f3n y rescate, es situado en el aula adecuada donde es sometido a una convivencia ilimitada de donde s\u00f3lo saldr\u00e1 cuando cumpla los respectivos rescates y asimile las lecciones que en el est\u00e1n contenidas. Mientras m\u00e1s r\u00e1pido aprenden las lecciones que las circunstancias le proponen y cumple [&hellip;]","og_url":"https:\/\/nuevo-renacer.com\/en\/la-sintesis-del-proceso-evolutivo\/","og_site_name":"Uni\u00f3n Esp\u00edrita","article_publisher":"https:\/\/www.facebook.com\/groups\/3431398063740829","article_modified_time":"2024-10-01T12:26:22+00:00","og_image":[{"width":554,"height":350,"url":"https:\/\/nuevo-renacer.com\/wp-content\/uploads\/2024\/10\/step_into_the_light_by_youngphoenix3191_d9vvvr9-350t.jpg","type":"image\/jpeg"}],"twitter_card":"summary_large_image","twitter_misc":{"Estimated reading time":"6 minutes"},"schema":{"@context":"https:\/\/schema.org","@graph":[{"@type":"WebPage","@id":"https:\/\/nuevo-renacer.com\/la-sintesis-del-proceso-evolutivo\/","url":"https:\/\/nuevo-renacer.com\/la-sintesis-del-proceso-evolutivo\/","name":"La s\u00edntesis del proceso evolutivo - Uni\u00f3n Esp\u00edrita","isPartOf":{"@id":"https:\/\/nuevo-renacer.com\/#website"},"primaryImageOfPage":{"@id":"https:\/\/nuevo-renacer.com\/la-sintesis-del-proceso-evolutivo\/#primaryimage"},"image":{"@id":"https:\/\/nuevo-renacer.com\/la-sintesis-del-proceso-evolutivo\/#primaryimage"},"thumbnailUrl":"https:\/\/nuevo-renacer.com\/wp-content\/uploads\/2024\/10\/step_into_the_light_by_youngphoenix3191_d9vvvr9-350t.jpg","datePublished":"2024-10-01T12:03:26+00:00","dateModified":"2024-10-01T12:26:22+00:00","breadcrumb":{"@id":"https:\/\/nuevo-renacer.com\/la-sintesis-del-proceso-evolutivo\/#breadcrumb"},"inLanguage":"en-GB","potentialAction":[{"@type":"ReadAction","target":["https:\/\/nuevo-renacer.com\/la-sintesis-del-proceso-evolutivo\/"]}]},{"@type":"ImageObject","inLanguage":"en-GB","@id":"https:\/\/nuevo-renacer.com\/la-sintesis-del-proceso-evolutivo\/#primaryimage","url":"https:\/\/nuevo-renacer.com\/wp-content\/uploads\/2024\/10\/step_into_the_light_by_youngphoenix3191_d9vvvr9-350t.jpg","contentUrl":"https:\/\/nuevo-renacer.com\/wp-content\/uploads\/2024\/10\/step_into_the_light_by_youngphoenix3191_d9vvvr9-350t.jpg","width":554,"height":350},{"@type":"BreadcrumbList","@id":"https:\/\/nuevo-renacer.com\/la-sintesis-del-proceso-evolutivo\/#breadcrumb","itemListElement":[{"@type":"ListItem","position":1,"name":"Startseite","item":"https:\/\/nuevo-renacer.com\/"},{"@type":"ListItem","position":2,"name":"La s\u00edntesis del proceso evolutivo"}]},{"@type":"WebSite","@id":"https:\/\/nuevo-renacer.com\/#website","url":"https:\/\/nuevo-renacer.com\/","name":"Uni\u00f3n Esp\u00edrita","description":"Nuevo Renacer","publisher":{"@id":"https:\/\/nuevo-renacer.com\/#organization"},"potentialAction":[{"@type":"SearchAction","target":{"@type":"EntryPoint","urlTemplate":"https:\/\/nuevo-renacer.com\/?s={search_term_string}"},"query-input":{"@type":"PropertyValueSpecification","valueRequired":true,"valueName":"search_term_string"}}],"inLanguage":"en-GB"},{"@type":"Organization","@id":"https:\/\/nuevo-renacer.com\/#organization","name":"UFEC","url":"https:\/\/nuevo-renacer.com\/","logo":{"@type":"ImageObject","inLanguage":"en-GB","@id":"https:\/\/nuevo-renacer.com\/#\/schema\/logo\/image\/","url":"https:\/\/nuevo-renacer.com\/wp-content\/uploads\/2024\/05\/cropped-LOGO-TERMINADO1-3-3.png","contentUrl":"https:\/\/nuevo-renacer.com\/wp-content\/uploads\/2024\/05\/cropped-LOGO-TERMINADO1-3-3.png","width":512,"height":512,"caption":"UFEC"},"image":{"@id":"https:\/\/nuevo-renacer.com\/#\/schema\/logo\/image\/"},"sameAs":["https:\/\/www.facebook.com\/groups\/3431398063740829"]}]}},"uagb_featured_image_src":{"full":["https:\/\/nuevo-renacer.com\/wp-content\/uploads\/2024\/10\/step_into_the_light_by_youngphoenix3191_d9vvvr9-350t.jpg",554,350,false],"thumbnail":["https:\/\/nuevo-renacer.com\/wp-content\/uploads\/2024\/10\/step_into_the_light_by_youngphoenix3191_d9vvvr9-350t-150x150.jpg",150,150,true],"medium":["https:\/\/nuevo-renacer.com\/wp-content\/uploads\/2024\/10\/step_into_the_light_by_youngphoenix3191_d9vvvr9-350t-300x190.jpg",300,190,true],"medium_large":["https:\/\/nuevo-renacer.com\/wp-content\/uploads\/2024\/10\/step_into_the_light_by_youngphoenix3191_d9vvvr9-350t.jpg",554,350,false],"large":["https:\/\/nuevo-renacer.com\/wp-content\/uploads\/2024\/10\/step_into_the_light_by_youngphoenix3191_d9vvvr9-350t.jpg",554,350,false],"1536x1536":["https:\/\/nuevo-renacer.com\/wp-content\/uploads\/2024\/10\/step_into_the_light_by_youngphoenix3191_d9vvvr9-350t.jpg",554,350,false],"2048x2048":["https:\/\/nuevo-renacer.com\/wp-content\/uploads\/2024\/10\/step_into_the_light_by_youngphoenix3191_d9vvvr9-350t.jpg",554,350,false],"trp-custom-language-flag":["https:\/\/nuevo-renacer.com\/wp-content\/uploads\/2024\/10\/step_into_the_light_by_youngphoenix3191_d9vvvr9-350t-18x12.jpg",18,12,true]},"uagb_author_info":{"display_name":"adbv0","author_link":"https:\/\/nuevo-renacer.com\/en\/author\/adbv0\/"},"uagb_comment_info":0,"uagb_excerpt":"La s\u00edntesis del proceso evolutivo El esp\u00edritu en evoluci\u00f3n y rescate, es situado en el aula adecuada donde es sometido a una convivencia ilimitada de donde s\u00f3lo saldr\u00e1 cuando cumpla los respectivos rescates y asimile las lecciones que en el est\u00e1n contenidas. Mientras m\u00e1s r\u00e1pido aprenden las lecciones que las circunstancias le proponen y cumple&hellip;","jetpack_sharing_enabled":true,"_links":{"self":[{"href":"https:\/\/nuevo-renacer.com\/en\/wp-json\/wp\/v2\/pages\/5173","targetHints":{"allow":["GET"]}}],"collection":[{"href":"https:\/\/nuevo-renacer.com\/en\/wp-json\/wp\/v2\/pages"}],"about":[{"href":"https:\/\/nuevo-renacer.com\/en\/wp-json\/wp\/v2\/types\/page"}],"author":[{"embeddable":true,"href":"https:\/\/nuevo-renacer.com\/en\/wp-json\/wp\/v2\/users\/1"}],"replies":[{"embeddable":true,"href":"https:\/\/nuevo-renacer.com\/en\/wp-json\/wp\/v2\/comments?post=5173"}],"version-history":[{"count":6,"href":"https:\/\/nuevo-renacer.com\/en\/wp-json\/wp\/v2\/pages\/5173\/revisions"}],"predecessor-version":[{"id":5183,"href":"https:\/\/nuevo-renacer.com\/en\/wp-json\/wp\/v2\/pages\/5173\/revisions\/5183"}],"wp:featuredmedia":[{"embeddable":true,"href":"https:\/\/nuevo-renacer.com\/en\/wp-json\/wp\/v2\/media\/5179"}],"wp:attachment":[{"href":"https:\/\/nuevo-renacer.com\/en\/wp-json\/wp\/v2\/media?parent=5173"}],"curies":[{"name":"wp","href":"https:\/\/api.w.org\/{rel}","templated":true}]}}