{"id":5155,"date":"2024-09-18T12:56:20","date_gmt":"2024-09-18T12:56:20","guid":{"rendered":"https:\/\/nuevo-renacer.com\/?page_id=5155"},"modified":"2024-09-18T13:09:21","modified_gmt":"2024-09-18T13:09:21","slug":"el-espiritismo-tiene-algun-tipo-de-jerarquias-o-lideres","status":"publish","type":"page","link":"https:\/\/nuevo-renacer.com\/en\/el-espiritismo-tiene-algun-tipo-de-jerarquias-o-lideres\/","title":{"rendered":"How Spiritism has some kind of hierarchy or leaders?"},"content":{"rendered":"<div class=\"wp-block-uagb-container uagb-block-e337f0d8 alignfull uagb-is-root-container\"><div class=\"uagb-container-inner-blocks-wrap\">\n<h2 class=\"wp-block-heading has-medium-font-size\"><strong>El Espiritismo tiene alg\u00fan tipo de jerarqu\u00edas o l\u00edderes?<\/strong><\/h2>\n<\/div><\/div>\n\n\n\n<div class=\"wp-block-uagb-container uagb-block-2faea231 alignfull uagb-is-root-container\"><div class=\"uagb-container-inner-blocks-wrap\">\n<figure class=\"wp-block-image size-full is-resized\"><img fetchpriority=\"high\" decoding=\"async\" width=\"640\" height=\"359\" src=\"https:\/\/nuevo-renacer.com\/wp-content\/uploads\/2024\/09\/pngtree-d-illustration-of-corporate-figurines-arranged-in-hierarchy-on-white-blue-image_3857025.jpg\" alt=\"\" class=\"wp-image-5156\" style=\"width:572px;height:auto\" srcset=\"https:\/\/nuevo-renacer.com\/wp-content\/uploads\/2024\/09\/pngtree-d-illustration-of-corporate-figurines-arranged-in-hierarchy-on-white-blue-image_3857025.jpg 640w, https:\/\/nuevo-renacer.com\/wp-content\/uploads\/2024\/09\/pngtree-d-illustration-of-corporate-figurines-arranged-in-hierarchy-on-white-blue-image_3857025-300x168.jpg 300w, https:\/\/nuevo-renacer.com\/wp-content\/uploads\/2024\/09\/pngtree-d-illustration-of-corporate-figurines-arranged-in-hierarchy-on-white-blue-image_3857025-18x10.jpg 18w\" sizes=\"(max-width: 640px) 100vw, 640px\" \/><\/figure>\n<\/div><\/div>\n\n\n\n<div class=\"wp-block-uagb-container uagb-block-d903737a alignfull uagb-is-root-container\"><div class=\"uagb-container-inner-blocks-wrap\">\n<p class=\"has-black-color has-text-color has-link-color has-small-font-size wp-elements-6bb4544ed516ce543e97ec366305ea28\">No, the Spiritism has no leaders, no priests, no hierarchy of any kind.<\/p>\n\n\n\n<p class=\"has-black-color has-text-color has-link-color has-small-font-size wp-elements-0c9b9372f106b460d3898d2a7fc2bfee\">In order to deepen our spiritism knowledge it may be sufficient to study alone and individually. But as in all matters of life and as the \"social animals\" that we are, we need to exchange ideas, to share our knowledge, and even, in some cases, to spread it. That is why, from the origin of the spiritism movement, associations have arisen. From the moment there is a group of people who meet and carry out activities, according to the legislation of each country a certain organisation is necessary, generally established and defined in the laws of associations. In this way, we can find leadership positions in the spiritism associations, just as we can find them administratively in any other type of association. In the particular case of the spiritism movement they will necessarily be free of charge and free of any profit motive.<\/p>\n\n\n\n<p class=\"has-black-color has-text-color has-link-color has-small-font-size wp-elements-b1f38c8b6f691a350096ada17f75496d\">Most of these associations, to a greater or lesser degree, and on their own initiative, carry out tasks of study and dissemination of the spiritist principles, and open their doors in the broadest sense of the expression to help anyone who may need it, whether it be for mediumistic problems, moral, spiritual or even material needs. Making effective the most important spiritist and humanitarian principle that the human being can carry out, charity.<\/p>\n\n\n\n<p><\/p>\n\n\n\n<p><\/p>\n\n\n\n<p><\/p>\n<\/div><\/div>","protected":false},"excerpt":{"rendered":"<p>El Espiritismo tiene alg\u00fan tipo de jerarqu\u00edas o l\u00edderes? No, el Espiritismo no tiene jefes, l\u00edderes, ni sacerdotes, ni ning\u00fan tipo de jerarqu\u00eda. Para profundizar en el conocimiento esp\u00edrita puede bastar el estudio en solitario y de forma individual. Pero como en todas las cuestiones de la vida y como \u00abanimales sociales\u00bb que somos necesitamos [&hellip;]<\/p>","protected":false},"author":1,"featured_media":5156,"parent":0,"menu_order":0,"comment_status":"closed","ping_status":"closed","template":"","meta":{"_uag_custom_page_level_css":"","site-sidebar-layout":"default","site-content-layout":"","ast-site-content-layout":"default","site-content-style":"default","site-sidebar-style":"default","ast-global-header-display":"","ast-banner-title-visibility":"","ast-main-header-display":"","ast-hfb-above-header-display":"","ast-hfb-below-header-display":"","ast-hfb-mobile-header-display":"","site-post-title":"disabled","ast-breadcrumbs-content":"","ast-featured-img":"","footer-sml-layout":"","theme-transparent-header-meta":"","adv-header-id-meta":"","stick-header-meta":"","header-above-stick-meta":"","header-main-stick-meta":"","header-below-stick-meta":"","astra-migrate-meta-layouts":"set","ast-page-background-enabled":"default","ast-page-background-meta":{"desktop":{"background-color":"var(--ast-global-color-4)","background-image":"","background-repeat":"repeat","background-position":"center center","background-size":"auto","background-attachment":"scroll","background-type":"","background-media":"","overlay-type":"","overlay-color":"","overlay-opacity":"","overlay-gradient":""},"tablet":{"background-color":"","background-image":"","background-repeat":"repeat","background-position":"center center","background-size":"auto","background-attachment":"scroll","background-type":"","background-media":"","overlay-type":"","overlay-color":"","overlay-opacity":"","overlay-gradient":""},"mobile":{"background-color":"","background-image":"","background-repeat":"repeat","background-position":"center center","background-size":"auto","background-attachment":"scroll","background-type":"","background-media":"","overlay-type":"","overlay-color":"","overlay-opacity":"","overlay-gradient":""}},"ast-content-background-meta":{"desktop":{"background-color":"var(--ast-global-color-5)","background-image":"","background-repeat":"repeat","background-position":"center center","background-size":"auto","background-attachment":"scroll","background-type":"","background-media":"","overlay-type":"","overlay-color":"","overlay-opacity":"","overlay-gradient":""},"tablet":{"background-color":"var(--ast-global-color-5)","background-image":"","background-repeat":"repeat","background-position":"center center","background-size":"auto","background-attachment":"scroll","background-type":"","background-media":"","overlay-type":"","overlay-color":"","overlay-opacity":"","overlay-gradient":""},"mobile":{"background-color":"var(--ast-global-color-5)","background-image":"","background-repeat":"repeat","background-position":"center center","background-size":"auto","background-attachment":"scroll","background-type":"","background-media":"","overlay-type":"","overlay-color":"","overlay-opacity":"","overlay-gradient":""}},"footnotes":""},"class_list":["post-5155","page","type-page","status-publish","has-post-thumbnail","hentry"],"yoast_head":"<!-- This site is optimized with the Yoast SEO Premium plugin v24.2 (Yoast SEO v24.6) - https:\/\/yoast.com\/wordpress\/plugins\/seo\/ -->\n<title>\u00bfEl Espiritismo tiene alg\u00fan tipo de jerarqu\u00edas o l\u00edderes? - Uni\u00f3n Esp\u00edrita<\/title>\n<meta name=\"robots\" content=\"index, follow, max-snippet:-1, max-image-preview:large, max-video-preview:-1\" \/>\n<link rel=\"canonical\" href=\"https:\/\/nuevo-renacer.com\/en\/el-espiritismo-tiene-algun-tipo-de-jerarquias-o-lideres\/\" \/>\n<meta property=\"og:locale\" content=\"en_GB\" \/>\n<meta property=\"og:type\" content=\"article\" \/>\n<meta property=\"og:title\" content=\"\u00bfEl Espiritismo tiene alg\u00fan tipo de jerarqu\u00edas o l\u00edderes?\" \/>\n<meta property=\"og:description\" content=\"El Espiritismo tiene alg\u00fan tipo de jerarqu\u00edas o l\u00edderes? No, el Espiritismo no tiene jefes, l\u00edderes, ni sacerdotes, ni ning\u00fan tipo de jerarqu\u00eda. Para profundizar en el conocimiento esp\u00edrita puede bastar el estudio en solitario y de forma individual. Pero como en todas las cuestiones de la vida y como \u00abanimales sociales\u00bb que somos necesitamos [&hellip;]\" \/>\n<meta property=\"og:url\" content=\"https:\/\/nuevo-renacer.com\/en\/el-espiritismo-tiene-algun-tipo-de-jerarquias-o-lideres\/\" \/>\n<meta property=\"og:site_name\" content=\"Uni\u00f3n Esp\u00edrita\" \/>\n<meta property=\"article:publisher\" content=\"https:\/\/www.facebook.com\/groups\/3431398063740829\" \/>\n<meta property=\"article:modified_time\" content=\"2024-09-18T13:09:21+00:00\" \/>\n<meta property=\"og:image\" content=\"https:\/\/nuevo-renacer.com\/wp-content\/uploads\/2024\/09\/pngtree-d-illustration-of-corporate-figurines-arranged-in-hierarchy-on-white-blue-image_3857025.jpg\" \/>\n\t<meta property=\"og:image:width\" content=\"640\" \/>\n\t<meta property=\"og:image:height\" content=\"359\" \/>\n\t<meta property=\"og:image:type\" content=\"image\/jpeg\" \/>\n<meta name=\"twitter:card\" content=\"summary_large_image\" \/>\n<meta name=\"twitter:label1\" content=\"Estimated reading time\" \/>\n\t<meta name=\"twitter:data1\" content=\"1 minute\" \/>\n<script type=\"application\/ld+json\" class=\"yoast-schema-graph\">{\"@context\":\"https:\/\/schema.org\",\"@graph\":[{\"@type\":\"WebPage\",\"@id\":\"https:\/\/nuevo-renacer.com\/el-espiritismo-tiene-algun-tipo-de-jerarquias-o-lideres\/\",\"url\":\"https:\/\/nuevo-renacer.com\/el-espiritismo-tiene-algun-tipo-de-jerarquias-o-lideres\/\",\"name\":\"\u00bfEl Espiritismo tiene alg\u00fan tipo de jerarqu\u00edas o l\u00edderes? - Uni\u00f3n Esp\u00edrita\",\"isPartOf\":{\"@id\":\"https:\/\/nuevo-renacer.com\/#website\"},\"primaryImageOfPage\":{\"@id\":\"https:\/\/nuevo-renacer.com\/el-espiritismo-tiene-algun-tipo-de-jerarquias-o-lideres\/#primaryimage\"},\"image\":{\"@id\":\"https:\/\/nuevo-renacer.com\/el-espiritismo-tiene-algun-tipo-de-jerarquias-o-lideres\/#primaryimage\"},\"thumbnailUrl\":\"https:\/\/nuevo-renacer.com\/wp-content\/uploads\/2024\/09\/pngtree-d-illustration-of-corporate-figurines-arranged-in-hierarchy-on-white-blue-image_3857025.jpg\",\"datePublished\":\"2024-09-18T12:56:20+00:00\",\"dateModified\":\"2024-09-18T13:09:21+00:00\",\"breadcrumb\":{\"@id\":\"https:\/\/nuevo-renacer.com\/el-espiritismo-tiene-algun-tipo-de-jerarquias-o-lideres\/#breadcrumb\"},\"inLanguage\":\"en-GB\",\"potentialAction\":[{\"@type\":\"ReadAction\",\"target\":[\"https:\/\/nuevo-renacer.com\/el-espiritismo-tiene-algun-tipo-de-jerarquias-o-lideres\/\"]}]},{\"@type\":\"ImageObject\",\"inLanguage\":\"en-GB\",\"@id\":\"https:\/\/nuevo-renacer.com\/el-espiritismo-tiene-algun-tipo-de-jerarquias-o-lideres\/#primaryimage\",\"url\":\"https:\/\/nuevo-renacer.com\/wp-content\/uploads\/2024\/09\/pngtree-d-illustration-of-corporate-figurines-arranged-in-hierarchy-on-white-blue-image_3857025.jpg\",\"contentUrl\":\"https:\/\/nuevo-renacer.com\/wp-content\/uploads\/2024\/09\/pngtree-d-illustration-of-corporate-figurines-arranged-in-hierarchy-on-white-blue-image_3857025.jpg\",\"width\":640,\"height\":359},{\"@type\":\"BreadcrumbList\",\"@id\":\"https:\/\/nuevo-renacer.com\/el-espiritismo-tiene-algun-tipo-de-jerarquias-o-lideres\/#breadcrumb\",\"itemListElement\":[{\"@type\":\"ListItem\",\"position\":1,\"name\":\"Startseite\",\"item\":\"https:\/\/nuevo-renacer.com\/\"},{\"@type\":\"ListItem\",\"position\":2,\"name\":\"\u00bfEl Espiritismo tiene alg\u00fan tipo de jerarqu\u00edas o l\u00edderes?\"}]},{\"@type\":\"WebSite\",\"@id\":\"https:\/\/nuevo-renacer.com\/#website\",\"url\":\"https:\/\/nuevo-renacer.com\/\",\"name\":\"Uni\u00f3n Esp\u00edrita\",\"description\":\"Nuevo Renacer\",\"publisher\":{\"@id\":\"https:\/\/nuevo-renacer.com\/#organization\"},\"potentialAction\":[{\"@type\":\"SearchAction\",\"target\":{\"@type\":\"EntryPoint\",\"urlTemplate\":\"https:\/\/nuevo-renacer.com\/?s={search_term_string}\"},\"query-input\":{\"@type\":\"PropertyValueSpecification\",\"valueRequired\":true,\"valueName\":\"search_term_string\"}}],\"inLanguage\":\"en-GB\"},{\"@type\":\"Organization\",\"@id\":\"https:\/\/nuevo-renacer.com\/#organization\",\"name\":\"UFEC\",\"url\":\"https:\/\/nuevo-renacer.com\/\",\"logo\":{\"@type\":\"ImageObject\",\"inLanguage\":\"en-GB\",\"@id\":\"https:\/\/nuevo-renacer.com\/#\/schema\/logo\/image\/\",\"url\":\"https:\/\/nuevo-renacer.com\/wp-content\/uploads\/2024\/05\/cropped-LOGO-TERMINADO1-3-3.png\",\"contentUrl\":\"https:\/\/nuevo-renacer.com\/wp-content\/uploads\/2024\/05\/cropped-LOGO-TERMINADO1-3-3.png\",\"width\":512,\"height\":512,\"caption\":\"UFEC\"},\"image\":{\"@id\":\"https:\/\/nuevo-renacer.com\/#\/schema\/logo\/image\/\"},\"sameAs\":[\"https:\/\/www.facebook.com\/groups\/3431398063740829\"]}]}<\/script>\n<!-- \/ Yoast SEO Premium plugin. -->","yoast_head_json":{"title":"\u00bfEl Espiritismo tiene alg\u00fan tipo de jerarqu\u00edas o l\u00edderes? - Uni\u00f3n Esp\u00edrita","robots":{"index":"index","follow":"follow","max-snippet":"max-snippet:-1","max-image-preview":"max-image-preview:large","max-video-preview":"max-video-preview:-1"},"canonical":"https:\/\/nuevo-renacer.com\/en\/el-espiritismo-tiene-algun-tipo-de-jerarquias-o-lideres\/","og_locale":"en_GB","og_type":"article","og_title":"\u00bfEl Espiritismo tiene alg\u00fan tipo de jerarqu\u00edas o l\u00edderes?","og_description":"El Espiritismo tiene alg\u00fan tipo de jerarqu\u00edas o l\u00edderes? No, el Espiritismo no tiene jefes, l\u00edderes, ni sacerdotes, ni ning\u00fan tipo de jerarqu\u00eda. Para profundizar en el conocimiento esp\u00edrita puede bastar el estudio en solitario y de forma individual. Pero como en todas las cuestiones de la vida y como \u00abanimales sociales\u00bb que somos necesitamos [&hellip;]","og_url":"https:\/\/nuevo-renacer.com\/en\/el-espiritismo-tiene-algun-tipo-de-jerarquias-o-lideres\/","og_site_name":"Uni\u00f3n Esp\u00edrita","article_publisher":"https:\/\/www.facebook.com\/groups\/3431398063740829","article_modified_time":"2024-09-18T13:09:21+00:00","og_image":[{"width":640,"height":359,"url":"https:\/\/nuevo-renacer.com\/wp-content\/uploads\/2024\/09\/pngtree-d-illustration-of-corporate-figurines-arranged-in-hierarchy-on-white-blue-image_3857025.jpg","type":"image\/jpeg"}],"twitter_card":"summary_large_image","twitter_misc":{"Estimated reading time":"1 minute"},"schema":{"@context":"https:\/\/schema.org","@graph":[{"@type":"WebPage","@id":"https:\/\/nuevo-renacer.com\/el-espiritismo-tiene-algun-tipo-de-jerarquias-o-lideres\/","url":"https:\/\/nuevo-renacer.com\/el-espiritismo-tiene-algun-tipo-de-jerarquias-o-lideres\/","name":"\u00bfEl Espiritismo tiene alg\u00fan tipo de jerarqu\u00edas o l\u00edderes? - Uni\u00f3n Esp\u00edrita","isPartOf":{"@id":"https:\/\/nuevo-renacer.com\/#website"},"primaryImageOfPage":{"@id":"https:\/\/nuevo-renacer.com\/el-espiritismo-tiene-algun-tipo-de-jerarquias-o-lideres\/#primaryimage"},"image":{"@id":"https:\/\/nuevo-renacer.com\/el-espiritismo-tiene-algun-tipo-de-jerarquias-o-lideres\/#primaryimage"},"thumbnailUrl":"https:\/\/nuevo-renacer.com\/wp-content\/uploads\/2024\/09\/pngtree-d-illustration-of-corporate-figurines-arranged-in-hierarchy-on-white-blue-image_3857025.jpg","datePublished":"2024-09-18T12:56:20+00:00","dateModified":"2024-09-18T13:09:21+00:00","breadcrumb":{"@id":"https:\/\/nuevo-renacer.com\/el-espiritismo-tiene-algun-tipo-de-jerarquias-o-lideres\/#breadcrumb"},"inLanguage":"en-GB","potentialAction":[{"@type":"ReadAction","target":["https:\/\/nuevo-renacer.com\/el-espiritismo-tiene-algun-tipo-de-jerarquias-o-lideres\/"]}]},{"@type":"ImageObject","inLanguage":"en-GB","@id":"https:\/\/nuevo-renacer.com\/el-espiritismo-tiene-algun-tipo-de-jerarquias-o-lideres\/#primaryimage","url":"https:\/\/nuevo-renacer.com\/wp-content\/uploads\/2024\/09\/pngtree-d-illustration-of-corporate-figurines-arranged-in-hierarchy-on-white-blue-image_3857025.jpg","contentUrl":"https:\/\/nuevo-renacer.com\/wp-content\/uploads\/2024\/09\/pngtree-d-illustration-of-corporate-figurines-arranged-in-hierarchy-on-white-blue-image_3857025.jpg","width":640,"height":359},{"@type":"BreadcrumbList","@id":"https:\/\/nuevo-renacer.com\/el-espiritismo-tiene-algun-tipo-de-jerarquias-o-lideres\/#breadcrumb","itemListElement":[{"@type":"ListItem","position":1,"name":"Startseite","item":"https:\/\/nuevo-renacer.com\/"},{"@type":"ListItem","position":2,"name":"\u00bfEl Espiritismo tiene alg\u00fan tipo de jerarqu\u00edas o l\u00edderes?"}]},{"@type":"WebSite","@id":"https:\/\/nuevo-renacer.com\/#website","url":"https:\/\/nuevo-renacer.com\/","name":"Uni\u00f3n Esp\u00edrita","description":"Nuevo Renacer","publisher":{"@id":"https:\/\/nuevo-renacer.com\/#organization"},"potentialAction":[{"@type":"SearchAction","target":{"@type":"EntryPoint","urlTemplate":"https:\/\/nuevo-renacer.com\/?s={search_term_string}"},"query-input":{"@type":"PropertyValueSpecification","valueRequired":true,"valueName":"search_term_string"}}],"inLanguage":"en-GB"},{"@type":"Organization","@id":"https:\/\/nuevo-renacer.com\/#organization","name":"UFEC","url":"https:\/\/nuevo-renacer.com\/","logo":{"@type":"ImageObject","inLanguage":"en-GB","@id":"https:\/\/nuevo-renacer.com\/#\/schema\/logo\/image\/","url":"https:\/\/nuevo-renacer.com\/wp-content\/uploads\/2024\/05\/cropped-LOGO-TERMINADO1-3-3.png","contentUrl":"https:\/\/nuevo-renacer.com\/wp-content\/uploads\/2024\/05\/cropped-LOGO-TERMINADO1-3-3.png","width":512,"height":512,"caption":"UFEC"},"image":{"@id":"https:\/\/nuevo-renacer.com\/#\/schema\/logo\/image\/"},"sameAs":["https:\/\/www.facebook.com\/groups\/3431398063740829"]}]}},"uagb_featured_image_src":{"full":["https:\/\/nuevo-renacer.com\/wp-content\/uploads\/2024\/09\/pngtree-d-illustration-of-corporate-figurines-arranged-in-hierarchy-on-white-blue-image_3857025.jpg",640,359,false],"thumbnail":["https:\/\/nuevo-renacer.com\/wp-content\/uploads\/2024\/09\/pngtree-d-illustration-of-corporate-figurines-arranged-in-hierarchy-on-white-blue-image_3857025-150x150.jpg",150,150,true],"medium":["https:\/\/nuevo-renacer.com\/wp-content\/uploads\/2024\/09\/pngtree-d-illustration-of-corporate-figurines-arranged-in-hierarchy-on-white-blue-image_3857025-300x168.jpg",300,168,true],"medium_large":["https:\/\/nuevo-renacer.com\/wp-content\/uploads\/2024\/09\/pngtree-d-illustration-of-corporate-figurines-arranged-in-hierarchy-on-white-blue-image_3857025.jpg",640,359,false],"large":["https:\/\/nuevo-renacer.com\/wp-content\/uploads\/2024\/09\/pngtree-d-illustration-of-corporate-figurines-arranged-in-hierarchy-on-white-blue-image_3857025.jpg",640,359,false],"1536x1536":["https:\/\/nuevo-renacer.com\/wp-content\/uploads\/2024\/09\/pngtree-d-illustration-of-corporate-figurines-arranged-in-hierarchy-on-white-blue-image_3857025.jpg",640,359,false],"2048x2048":["https:\/\/nuevo-renacer.com\/wp-content\/uploads\/2024\/09\/pngtree-d-illustration-of-corporate-figurines-arranged-in-hierarchy-on-white-blue-image_3857025.jpg",640,359,false],"trp-custom-language-flag":["https:\/\/nuevo-renacer.com\/wp-content\/uploads\/2024\/09\/pngtree-d-illustration-of-corporate-figurines-arranged-in-hierarchy-on-white-blue-image_3857025-18x10.jpg",18,10,true]},"uagb_author_info":{"display_name":"adbv0","author_link":"https:\/\/nuevo-renacer.com\/en\/author\/adbv0\/"},"uagb_comment_info":0,"uagb_excerpt":"El Espiritismo tiene alg\u00fan tipo de jerarqu\u00edas o l\u00edderes? No, el Espiritismo no tiene jefes, l\u00edderes, ni sacerdotes, ni ning\u00fan tipo de jerarqu\u00eda. Para profundizar en el conocimiento esp\u00edrita puede bastar el estudio en solitario y de forma individual. Pero como en todas las cuestiones de la vida y como \u00abanimales sociales\u00bb que somos necesitamos&hellip;","jetpack_sharing_enabled":true,"_links":{"self":[{"href":"https:\/\/nuevo-renacer.com\/en\/wp-json\/wp\/v2\/pages\/5155","targetHints":{"allow":["GET"]}}],"collection":[{"href":"https:\/\/nuevo-renacer.com\/en\/wp-json\/wp\/v2\/pages"}],"about":[{"href":"https:\/\/nuevo-renacer.com\/en\/wp-json\/wp\/v2\/types\/page"}],"author":[{"embeddable":true,"href":"https:\/\/nuevo-renacer.com\/en\/wp-json\/wp\/v2\/users\/1"}],"replies":[{"embeddable":true,"href":"https:\/\/nuevo-renacer.com\/en\/wp-json\/wp\/v2\/comments?post=5155"}],"version-history":[{"count":2,"href":"https:\/\/nuevo-renacer.com\/en\/wp-json\/wp\/v2\/pages\/5155\/revisions"}],"predecessor-version":[{"id":5160,"href":"https:\/\/nuevo-renacer.com\/en\/wp-json\/wp\/v2\/pages\/5155\/revisions\/5160"}],"wp:featuredmedia":[{"embeddable":true,"href":"https:\/\/nuevo-renacer.com\/en\/wp-json\/wp\/v2\/media\/5156"}],"wp:attachment":[{"href":"https:\/\/nuevo-renacer.com\/en\/wp-json\/wp\/v2\/media?parent=5155"}],"curies":[{"name":"wp","href":"https:\/\/api.w.org\/{rel}","templated":true}]}}