{"id":4964,"date":"2024-09-14T12:07:06","date_gmt":"2024-09-14T12:07:06","guid":{"rendered":"https:\/\/nuevo-renacer.com\/?page_id=4964"},"modified":"2024-09-14T12:55:25","modified_gmt":"2024-09-14T12:55:25","slug":"donde-esta-la-muerte","status":"publish","type":"page","link":"https:\/\/nuevo-renacer.com\/en\/donde-esta-la-muerte\/","title":{"rendered":"\u00bfD\u00f3nde est\u00e1 la Muerte?"},"content":{"rendered":"<div class=\"wp-block-uagb-container uagb-block-f84403fc alignfull uagb-is-root-container\"><div class=\"uagb-container-inner-blocks-wrap\">\n<p class=\"has-black-color has-text-color has-link-color has-medium-font-size wp-elements-db6cde2066f024fc696f19220c6f5f8d\"><strong>\u00bfD\u00f3nde est\u00e1 la Muerte?<\/strong><\/p>\n<\/div><\/div>\n\n\n\n<div class=\"wp-block-uagb-container uagb-block-de6fd4df alignfull uagb-is-root-container\"><div class=\"uagb-container-inner-blocks-wrap\">\n<figure class=\"wp-block-image size-full is-resized\"><img fetchpriority=\"high\" decoding=\"async\" width=\"539\" height=\"356\" src=\"https:\/\/nuevo-renacer.com\/wp-content\/uploads\/2024\/09\/donde-esta-la-muerte.webp\" alt=\"\" class=\"wp-image-4966\" style=\"width:480px;height:auto\" srcset=\"https:\/\/nuevo-renacer.com\/wp-content\/uploads\/2024\/09\/donde-esta-la-muerte.webp 539w, https:\/\/nuevo-renacer.com\/wp-content\/uploads\/2024\/09\/donde-esta-la-muerte-300x198.webp 300w, https:\/\/nuevo-renacer.com\/wp-content\/uploads\/2024\/09\/donde-esta-la-muerte-18x12.webp 18w\" sizes=\"(max-width: 539px) 100vw, 539px\" \/><\/figure>\n<\/div><\/div>\n\n\n\n<div class=\"wp-block-uagb-container uagb-block-de263ff1 alignfull uagb-is-root-container\"><div class=\"uagb-container-inner-blocks-wrap\"><\/div><\/div>\n\n\n\n<div class=\"wp-block-uagb-container uagb-block-5832fb18 alignfull uagb-is-root-container\"><div class=\"uagb-container-inner-blocks-wrap\">\n<p class=\"has-black-color has-text-color has-link-color has-small-font-size wp-elements-45c6e35a7c0ad0a4b64724e05dd09cf9\">Hoy vamos a desentra\u00f1ar algo que, de alguna manera, traumatiza a la mayor\u00eda de los seres humanos, cuando se trata de algo tan natural como la propia vida, me estoy refiriendo a la muerte. Y yo, os voy a trasladar una pregunta, que da t\u00edtulo al escrito de hoy: \u00bfd\u00f3nde est\u00e1 la muerte?<\/p>\n\n\n\n<p class=\"has-black-color has-text-color has-link-color has-small-font-size wp-elements-b503188824280ef488d18afb2c09e406\">El hombre de este tiempo, tan materializado y ausente de todo lo que sustentar\u00eda su vida, en la viva realidad de lo trascendente y espiritual, sigue empe\u00f1ado en aferrarse a costumbres, a sentimientos fuertemente arraigados hacia tradiciones ancestrales que, a unos les atan profundamente a pasados remotos, y a otros, por exigencia de las pautas que nos marca la sociedad actual, prefieren, como ellos mismos dicen: seguirles la corriente, a pararse y afrontar el problema que ser\u00eda el tomar las cosas tal cual son en verdad, llam\u00e1ndolas por su nombre.<\/p>\n\n\n\n<p class=\"has-black-color has-text-color has-link-color has-small-font-size wp-elements-90102ff1db62864008ee834ba23295dd\">El ser humano de este siglo XXI, se siente orgulloso de todo cuanto ha conseguido, en los distintos campos que marcan los par\u00e1metros de la evoluci\u00f3n en nuestro planeta, pero esto es algo que, al fin de cuentas, de una forma o de otra, va a quedar sobre la tierra; sin embargo, siendo capaz de aventurarse y de correr grandes riesgos en todos esos campos, incluso en sus salidas al espacio exterior, ha sido incapaz siquiera, de molestarse en explorar y conquistar su propio interior; pues pocos son, a estas alturas, los que de verdad les interesa profun-dizar en s\u00ed mismos, porque prefieren \u2013dicen- no calentarse la cabeza, \u00bfpara qu\u00e9?, si al final todos nos tenemos que morir.<\/p>\n\n\n\n<p class=\"has-black-color has-text-color has-link-color has-small-font-size wp-elements-6270587aa61ba66c7dfa21fd34aa2b25\">Esto lo dicen los ignorantes del conocimiento espiritual, pues si meditaran solo un poquito, se dar\u00edan cuenta de que, si alguna muerte existe, es la que est\u00e1 sufriendo su propio esp\u00edritu, por negarle la oportunidad en \u00e9sta vida al progreso y ascenso espiritual; porque \u00e9ste, al contrario de las cosas del mundo, no queda en la tierra, sino que evoluciona y vive eternamente, dejando tan s\u00f3lo los lastres k\u00e1rmicos arrastrados de vidas pasadas.<\/p>\n\n\n\n<p class=\"has-black-color has-text-color has-link-color has-small-font-size wp-elements-7d99aebfa16a2d4f3f1b5fb89b526a53\">Cada a\u00f1o, el mundo rinde su culto a la muerte. Fijaos bien, a la muerte y no a la vida; resulta un poco absurdo \u00bfno? Si tenemos conciencia de que mientras estemos en el mundo f\u00edsico estamos vivos y tras la p\u00e9rdida del cuerpo material seguimos vivos, \u00bfen qu\u00e9 lugar encajamos a la temida muerte?<\/p>\n\n\n\n<p class=\"has-black-color has-text-color has-link-color has-small-font-size wp-elements-e84779c3c58a74e3d575c78afc96623b\">En nuestros d\u00edas, esta se ha convertido en un negocio m\u00e1s de los necios de nuestro mundo, de los negadores de la vida y de los que se creen con derecho a manipular cuanto les rodea. Es cierto que el alejamiento de un ser querido nos causa tristeza, y a veces, por el desconocimiento de las Leyes que Dios, en su amor de Padre, dej\u00f3 establecidas en nuestro mundo a trav\u00e9s de Jes\u00fas, causan desesperaci\u00f3n y tr\u00e1gica amargura. Es por eso que expres\u00e9 al principio que, si el hombre hiciera hincapi\u00e9 y profundizara en s\u00ed mismo, encontrar\u00eda respuesta a cuantas cuestiones le desorientan, y le hacen sentir que est\u00e1 perdido.<\/p>\n\n\n\n<p class=\"has-black-color has-text-color has-link-color has-small-font-size wp-elements-eeabf6efd9f7d1a235e64e5cdff42d0d\">Es tiempo de despertar a la luz, tomando conciencia del aut\u00e9ntico amor que podemos sentir y transmitir hacia el ser amado que se nos va, \u00bfQue como se hace? Se preguntan muchos, sencillo, pidiendo por su elevaci\u00f3n a trav\u00e9s de nuestra mente, con los mejores pensamientos y sentimientos hacia su esp\u00edritu, nunca, a trav\u00e9s de rezos de rosarios, misas funestas, velas y flores, ni todas esas parafernalias de \u00edndole material que, lejos de aportarle un beneficio, lo \u00fanico que hacen es potenciar cuanto de aferramiento ten\u00eda por las cosas del mundo, acrecen-tando su sufrimiento al no poderlas tener y sentir.<\/p>\n\n\n\n<p class=\"has-black-color has-text-color has-link-color has-small-font-size wp-elements-6a09d5438535da1992b8f2e1add6d594\">Tambi\u00e9n hay que pensar que esa separaci\u00f3n -que no muerte-, est\u00e1 limitada por un tiempo m\u00e1s o menos largo, ya que Dios en su justicia, nos hizo inquilinos de un mundo que absolutamente todos, unos antes y otros despu\u00e9s, hemos de dejar. Todo esto, qued\u00f3 plasmado -por los siglos- en las palabras del Maestro Jes\u00fas: \u201cMi reino no es de este mundo\u201d. Y el nuestro tampoco, no lo olvid\u00e9is, todos estamos de paso.<\/p>\n\n\n\n<p class=\"has-black-color has-text-color has-link-color has-small-font-size wp-elements-dbea92675a28e6ad9962116d03f67cc9\">Dejemos las romer\u00edas de los cementerios, donde quedar\u00e1n por siempre, los restos del veh\u00edculo que nos facilit\u00f3 el progreso, de lo que realmente importa, nuestro esp\u00edritu. Abramos nuestra alma abraz\u00e1ndonos a Dios que es el culmen de la Vida, olvidando las muertes que sufrimos cada d\u00eda, por las vicisitudes y pruebas a superar en este triste y caduco mundo -porque el hombre lo quiso as\u00ed- y hagamos resurgir a nuestro esp\u00edritu, a la aut\u00e9ntica y verdadera luz para la que fue creado, la vida eterna.<\/p>\n\n\n\n<p><\/p>\n\n\n\n<p class=\"has-black-color has-text-color has-link-color has-small-font-size wp-elements-fff1df43faf6e725aa9ec2a91dfe5ce4\"><em>Antonio Hern\u00e1ndez Lozano<\/em><\/p>\n\n\n\n<p><\/p>\n\n\n\n<p><\/p>\n\n\n\n<p><\/p>\n<\/div><\/div>","protected":false},"excerpt":{"rendered":"<p>\u00bfD\u00f3nde est\u00e1 la Muerte? Hoy vamos a desentra\u00f1ar algo que, de alguna manera, traumatiza a la mayor\u00eda de los seres humanos, cuando se trata de algo tan natural como la propia vida, me estoy refiriendo a la muerte. Y yo, os voy a trasladar una pregunta, que da t\u00edtulo al escrito de hoy: \u00bfd\u00f3nde est\u00e1 [&hellip;]<\/p>","protected":false},"author":1,"featured_media":4966,"parent":0,"menu_order":0,"comment_status":"closed","ping_status":"closed","template":"","meta":{"_uag_custom_page_level_css":"","site-sidebar-layout":"default","site-content-layout":"","ast-site-content-layout":"default","site-content-style":"default","site-sidebar-style":"default","ast-global-header-display":"","ast-banner-title-visibility":"","ast-main-header-display":"","ast-hfb-above-header-display":"","ast-hfb-below-header-display":"","ast-hfb-mobile-header-display":"","site-post-title":"","ast-breadcrumbs-content":"","ast-featured-img":"","footer-sml-layout":"","theme-transparent-header-meta":"","adv-header-id-meta":"","stick-header-meta":"","header-above-stick-meta":"","header-main-stick-meta":"","header-below-stick-meta":"","astra-migrate-meta-layouts":"set","ast-page-background-enabled":"default","ast-page-background-meta":{"desktop":{"background-color":"var(--ast-global-color-4)","background-image":"","background-repeat":"repeat","background-position":"center center","background-size":"auto","background-attachment":"scroll","background-type":"","background-media":"","overlay-type":"","overlay-color":"","overlay-opacity":"","overlay-gradient":""},"tablet":{"background-color":"","background-image":"","background-repeat":"repeat","background-position":"center center","background-size":"auto","background-attachment":"scroll","background-type":"","background-media":"","overlay-type":"","overlay-color":"","overlay-opacity":"","overlay-gradient":""},"mobile":{"background-color":"","background-image":"","background-repeat":"repeat","background-position":"center center","background-size":"auto","background-attachment":"scroll","background-type":"","background-media":"","overlay-type":"","overlay-color":"","overlay-opacity":"","overlay-gradient":""}},"ast-content-background-meta":{"desktop":{"background-color":"var(--ast-global-color-5)","background-image":"","background-repeat":"repeat","background-position":"center center","background-size":"auto","background-attachment":"scroll","background-type":"","background-media":"","overlay-type":"","overlay-color":"","overlay-opacity":"","overlay-gradient":""},"tablet":{"background-color":"var(--ast-global-color-5)","background-image":"","background-repeat":"repeat","background-position":"center center","background-size":"auto","background-attachment":"scroll","background-type":"","background-media":"","overlay-type":"","overlay-color":"","overlay-opacity":"","overlay-gradient":""},"mobile":{"background-color":"var(--ast-global-color-5)","background-image":"","background-repeat":"repeat","background-position":"center center","background-size":"auto","background-attachment":"scroll","background-type":"","background-media":"","overlay-type":"","overlay-color":"","overlay-opacity":"","overlay-gradient":""}},"footnotes":""},"class_list":["post-4964","page","type-page","status-publish","has-post-thumbnail","hentry"],"yoast_head":"<!-- This site is optimized with the Yoast SEO Premium plugin v24.2 (Yoast SEO v24.6) - https:\/\/yoast.com\/wordpress\/plugins\/seo\/ -->\n<title>\u00bfD\u00f3nde est\u00e1 la Muerte? - Uni\u00f3n Esp\u00edrita<\/title>\n<meta name=\"robots\" content=\"index, follow, max-snippet:-1, max-image-preview:large, max-video-preview:-1\" \/>\n<link rel=\"canonical\" href=\"https:\/\/nuevo-renacer.com\/en\/donde-esta-la-muerte\/\" \/>\n<meta property=\"og:locale\" content=\"en_GB\" \/>\n<meta property=\"og:type\" content=\"article\" \/>\n<meta property=\"og:title\" content=\"\u00bfD\u00f3nde est\u00e1 la Muerte?\" \/>\n<meta property=\"og:description\" content=\"\u00bfD\u00f3nde est\u00e1 la Muerte? Hoy vamos a desentra\u00f1ar algo que, de alguna manera, traumatiza a la mayor\u00eda de los seres humanos, cuando se trata de algo tan natural como la propia vida, me estoy refiriendo a la muerte. Y yo, os voy a trasladar una pregunta, que da t\u00edtulo al escrito de hoy: \u00bfd\u00f3nde est\u00e1 [&hellip;]\" \/>\n<meta property=\"og:url\" content=\"https:\/\/nuevo-renacer.com\/en\/donde-esta-la-muerte\/\" \/>\n<meta property=\"og:site_name\" content=\"Uni\u00f3n Esp\u00edrita\" \/>\n<meta property=\"article:publisher\" content=\"https:\/\/www.facebook.com\/groups\/3431398063740829\" \/>\n<meta property=\"article:modified_time\" content=\"2024-09-14T12:55:25+00:00\" \/>\n<meta property=\"og:image\" content=\"https:\/\/nuevo-renacer.com\/wp-content\/uploads\/2024\/09\/donde-esta-la-muerte.webp\" \/>\n\t<meta property=\"og:image:width\" content=\"539\" \/>\n\t<meta property=\"og:image:height\" content=\"356\" \/>\n\t<meta property=\"og:image:type\" content=\"image\/webp\" \/>\n<meta name=\"twitter:card\" content=\"summary_large_image\" \/>\n<meta name=\"twitter:label1\" content=\"Estimated reading time\" \/>\n\t<meta name=\"twitter:data1\" content=\"4 minutes\" \/>\n<script type=\"application\/ld+json\" class=\"yoast-schema-graph\">{\"@context\":\"https:\/\/schema.org\",\"@graph\":[{\"@type\":\"WebPage\",\"@id\":\"https:\/\/nuevo-renacer.com\/donde-esta-la-muerte\/\",\"url\":\"https:\/\/nuevo-renacer.com\/donde-esta-la-muerte\/\",\"name\":\"\u00bfD\u00f3nde est\u00e1 la Muerte? - Uni\u00f3n Esp\u00edrita\",\"isPartOf\":{\"@id\":\"https:\/\/nuevo-renacer.com\/#website\"},\"primaryImageOfPage\":{\"@id\":\"https:\/\/nuevo-renacer.com\/donde-esta-la-muerte\/#primaryimage\"},\"image\":{\"@id\":\"https:\/\/nuevo-renacer.com\/donde-esta-la-muerte\/#primaryimage\"},\"thumbnailUrl\":\"https:\/\/nuevo-renacer.com\/wp-content\/uploads\/2024\/09\/donde-esta-la-muerte.webp\",\"datePublished\":\"2024-09-14T12:07:06+00:00\",\"dateModified\":\"2024-09-14T12:55:25+00:00\",\"breadcrumb\":{\"@id\":\"https:\/\/nuevo-renacer.com\/donde-esta-la-muerte\/#breadcrumb\"},\"inLanguage\":\"en-GB\",\"potentialAction\":[{\"@type\":\"ReadAction\",\"target\":[\"https:\/\/nuevo-renacer.com\/donde-esta-la-muerte\/\"]}]},{\"@type\":\"ImageObject\",\"inLanguage\":\"en-GB\",\"@id\":\"https:\/\/nuevo-renacer.com\/donde-esta-la-muerte\/#primaryimage\",\"url\":\"https:\/\/nuevo-renacer.com\/wp-content\/uploads\/2024\/09\/donde-esta-la-muerte.webp\",\"contentUrl\":\"https:\/\/nuevo-renacer.com\/wp-content\/uploads\/2024\/09\/donde-esta-la-muerte.webp\",\"width\":539,\"height\":356},{\"@type\":\"BreadcrumbList\",\"@id\":\"https:\/\/nuevo-renacer.com\/donde-esta-la-muerte\/#breadcrumb\",\"itemListElement\":[{\"@type\":\"ListItem\",\"position\":1,\"name\":\"Startseite\",\"item\":\"https:\/\/nuevo-renacer.com\/\"},{\"@type\":\"ListItem\",\"position\":2,\"name\":\"\u00bfD\u00f3nde est\u00e1 la Muerte?\"}]},{\"@type\":\"WebSite\",\"@id\":\"https:\/\/nuevo-renacer.com\/#website\",\"url\":\"https:\/\/nuevo-renacer.com\/\",\"name\":\"Uni\u00f3n Esp\u00edrita\",\"description\":\"Nuevo Renacer\",\"publisher\":{\"@id\":\"https:\/\/nuevo-renacer.com\/#organization\"},\"potentialAction\":[{\"@type\":\"SearchAction\",\"target\":{\"@type\":\"EntryPoint\",\"urlTemplate\":\"https:\/\/nuevo-renacer.com\/?s={search_term_string}\"},\"query-input\":{\"@type\":\"PropertyValueSpecification\",\"valueRequired\":true,\"valueName\":\"search_term_string\"}}],\"inLanguage\":\"en-GB\"},{\"@type\":\"Organization\",\"@id\":\"https:\/\/nuevo-renacer.com\/#organization\",\"name\":\"UFEC\",\"url\":\"https:\/\/nuevo-renacer.com\/\",\"logo\":{\"@type\":\"ImageObject\",\"inLanguage\":\"en-GB\",\"@id\":\"https:\/\/nuevo-renacer.com\/#\/schema\/logo\/image\/\",\"url\":\"https:\/\/nuevo-renacer.com\/wp-content\/uploads\/2024\/05\/cropped-LOGO-TERMINADO1-3-3.png\",\"contentUrl\":\"https:\/\/nuevo-renacer.com\/wp-content\/uploads\/2024\/05\/cropped-LOGO-TERMINADO1-3-3.png\",\"width\":512,\"height\":512,\"caption\":\"UFEC\"},\"image\":{\"@id\":\"https:\/\/nuevo-renacer.com\/#\/schema\/logo\/image\/\"},\"sameAs\":[\"https:\/\/www.facebook.com\/groups\/3431398063740829\"]}]}<\/script>\n<!-- \/ Yoast SEO Premium plugin. -->","yoast_head_json":{"title":"\u00bfD\u00f3nde est\u00e1 la Muerte? - Uni\u00f3n Esp\u00edrita","robots":{"index":"index","follow":"follow","max-snippet":"max-snippet:-1","max-image-preview":"max-image-preview:large","max-video-preview":"max-video-preview:-1"},"canonical":"https:\/\/nuevo-renacer.com\/en\/donde-esta-la-muerte\/","og_locale":"en_GB","og_type":"article","og_title":"\u00bfD\u00f3nde est\u00e1 la Muerte?","og_description":"\u00bfD\u00f3nde est\u00e1 la Muerte? Hoy vamos a desentra\u00f1ar algo que, de alguna manera, traumatiza a la mayor\u00eda de los seres humanos, cuando se trata de algo tan natural como la propia vida, me estoy refiriendo a la muerte. Y yo, os voy a trasladar una pregunta, que da t\u00edtulo al escrito de hoy: \u00bfd\u00f3nde est\u00e1 [&hellip;]","og_url":"https:\/\/nuevo-renacer.com\/en\/donde-esta-la-muerte\/","og_site_name":"Uni\u00f3n Esp\u00edrita","article_publisher":"https:\/\/www.facebook.com\/groups\/3431398063740829","article_modified_time":"2024-09-14T12:55:25+00:00","og_image":[{"width":539,"height":356,"url":"https:\/\/nuevo-renacer.com\/wp-content\/uploads\/2024\/09\/donde-esta-la-muerte.webp","type":"image\/webp"}],"twitter_card":"summary_large_image","twitter_misc":{"Estimated reading time":"4 minutes"},"schema":{"@context":"https:\/\/schema.org","@graph":[{"@type":"WebPage","@id":"https:\/\/nuevo-renacer.com\/donde-esta-la-muerte\/","url":"https:\/\/nuevo-renacer.com\/donde-esta-la-muerte\/","name":"\u00bfD\u00f3nde est\u00e1 la Muerte? - Uni\u00f3n Esp\u00edrita","isPartOf":{"@id":"https:\/\/nuevo-renacer.com\/#website"},"primaryImageOfPage":{"@id":"https:\/\/nuevo-renacer.com\/donde-esta-la-muerte\/#primaryimage"},"image":{"@id":"https:\/\/nuevo-renacer.com\/donde-esta-la-muerte\/#primaryimage"},"thumbnailUrl":"https:\/\/nuevo-renacer.com\/wp-content\/uploads\/2024\/09\/donde-esta-la-muerte.webp","datePublished":"2024-09-14T12:07:06+00:00","dateModified":"2024-09-14T12:55:25+00:00","breadcrumb":{"@id":"https:\/\/nuevo-renacer.com\/donde-esta-la-muerte\/#breadcrumb"},"inLanguage":"en-GB","potentialAction":[{"@type":"ReadAction","target":["https:\/\/nuevo-renacer.com\/donde-esta-la-muerte\/"]}]},{"@type":"ImageObject","inLanguage":"en-GB","@id":"https:\/\/nuevo-renacer.com\/donde-esta-la-muerte\/#primaryimage","url":"https:\/\/nuevo-renacer.com\/wp-content\/uploads\/2024\/09\/donde-esta-la-muerte.webp","contentUrl":"https:\/\/nuevo-renacer.com\/wp-content\/uploads\/2024\/09\/donde-esta-la-muerte.webp","width":539,"height":356},{"@type":"BreadcrumbList","@id":"https:\/\/nuevo-renacer.com\/donde-esta-la-muerte\/#breadcrumb","itemListElement":[{"@type":"ListItem","position":1,"name":"Startseite","item":"https:\/\/nuevo-renacer.com\/"},{"@type":"ListItem","position":2,"name":"\u00bfD\u00f3nde est\u00e1 la Muerte?"}]},{"@type":"WebSite","@id":"https:\/\/nuevo-renacer.com\/#website","url":"https:\/\/nuevo-renacer.com\/","name":"Uni\u00f3n Esp\u00edrita","description":"Nuevo Renacer","publisher":{"@id":"https:\/\/nuevo-renacer.com\/#organization"},"potentialAction":[{"@type":"SearchAction","target":{"@type":"EntryPoint","urlTemplate":"https:\/\/nuevo-renacer.com\/?s={search_term_string}"},"query-input":{"@type":"PropertyValueSpecification","valueRequired":true,"valueName":"search_term_string"}}],"inLanguage":"en-GB"},{"@type":"Organization","@id":"https:\/\/nuevo-renacer.com\/#organization","name":"UFEC","url":"https:\/\/nuevo-renacer.com\/","logo":{"@type":"ImageObject","inLanguage":"en-GB","@id":"https:\/\/nuevo-renacer.com\/#\/schema\/logo\/image\/","url":"https:\/\/nuevo-renacer.com\/wp-content\/uploads\/2024\/05\/cropped-LOGO-TERMINADO1-3-3.png","contentUrl":"https:\/\/nuevo-renacer.com\/wp-content\/uploads\/2024\/05\/cropped-LOGO-TERMINADO1-3-3.png","width":512,"height":512,"caption":"UFEC"},"image":{"@id":"https:\/\/nuevo-renacer.com\/#\/schema\/logo\/image\/"},"sameAs":["https:\/\/www.facebook.com\/groups\/3431398063740829"]}]}},"uagb_featured_image_src":{"full":["https:\/\/nuevo-renacer.com\/wp-content\/uploads\/2024\/09\/donde-esta-la-muerte.webp",539,356,false],"thumbnail":["https:\/\/nuevo-renacer.com\/wp-content\/uploads\/2024\/09\/donde-esta-la-muerte-150x150.webp",150,150,true],"medium":["https:\/\/nuevo-renacer.com\/wp-content\/uploads\/2024\/09\/donde-esta-la-muerte-300x198.webp",300,198,true],"medium_large":["https:\/\/nuevo-renacer.com\/wp-content\/uploads\/2024\/09\/donde-esta-la-muerte.webp",539,356,false],"large":["https:\/\/nuevo-renacer.com\/wp-content\/uploads\/2024\/09\/donde-esta-la-muerte.webp",539,356,false],"1536x1536":["https:\/\/nuevo-renacer.com\/wp-content\/uploads\/2024\/09\/donde-esta-la-muerte.webp",539,356,false],"2048x2048":["https:\/\/nuevo-renacer.com\/wp-content\/uploads\/2024\/09\/donde-esta-la-muerte.webp",539,356,false],"trp-custom-language-flag":["https:\/\/nuevo-renacer.com\/wp-content\/uploads\/2024\/09\/donde-esta-la-muerte-18x12.webp",18,12,true]},"uagb_author_info":{"display_name":"adbv0","author_link":"https:\/\/nuevo-renacer.com\/en\/author\/adbv0\/"},"uagb_comment_info":0,"uagb_excerpt":"\u00bfD\u00f3nde est\u00e1 la Muerte? Hoy vamos a desentra\u00f1ar algo que, de alguna manera, traumatiza a la mayor\u00eda de los seres humanos, cuando se trata de algo tan natural como la propia vida, me estoy refiriendo a la muerte. Y yo, os voy a trasladar una pregunta, que da t\u00edtulo al escrito de hoy: \u00bfd\u00f3nde est\u00e1&hellip;","jetpack_sharing_enabled":true,"_links":{"self":[{"href":"https:\/\/nuevo-renacer.com\/en\/wp-json\/wp\/v2\/pages\/4964","targetHints":{"allow":["GET"]}}],"collection":[{"href":"https:\/\/nuevo-renacer.com\/en\/wp-json\/wp\/v2\/pages"}],"about":[{"href":"https:\/\/nuevo-renacer.com\/en\/wp-json\/wp\/v2\/types\/page"}],"author":[{"embeddable":true,"href":"https:\/\/nuevo-renacer.com\/en\/wp-json\/wp\/v2\/users\/1"}],"replies":[{"embeddable":true,"href":"https:\/\/nuevo-renacer.com\/en\/wp-json\/wp\/v2\/comments?post=4964"}],"version-history":[{"count":5,"href":"https:\/\/nuevo-renacer.com\/en\/wp-json\/wp\/v2\/pages\/4964\/revisions"}],"predecessor-version":[{"id":4978,"href":"https:\/\/nuevo-renacer.com\/en\/wp-json\/wp\/v2\/pages\/4964\/revisions\/4978"}],"wp:featuredmedia":[{"embeddable":true,"href":"https:\/\/nuevo-renacer.com\/en\/wp-json\/wp\/v2\/media\/4966"}],"wp:attachment":[{"href":"https:\/\/nuevo-renacer.com\/en\/wp-json\/wp\/v2\/media?parent=4964"}],"curies":[{"name":"wp","href":"https:\/\/api.w.org\/{rel}","templated":true}]}}