{"id":4598,"date":"2024-09-10T08:39:33","date_gmt":"2024-09-10T08:39:33","guid":{"rendered":"https:\/\/nuevo-renacer.com\/?page_id=4598"},"modified":"2024-09-10T08:39:35","modified_gmt":"2024-09-10T08:39:35","slug":"josefa-martinez-torres","status":"publish","type":"page","link":"https:\/\/nuevo-renacer.com\/en\/josefa-martinez-torres\/","title":{"rendered":"Josefa Mart\u00ednez Torres"},"content":{"rendered":"<div class=\"wp-block-uagb-container uagb-block-f50aed3e alignfull uagb-is-root-container\"><div class=\"uagb-container-inner-blocks-wrap\">\n<p class=\"has-black-color has-text-color has-link-color has-medium-font-size wp-elements-d66bde22a717934d9c7d2c7918743b4a\"><strong>Josefa Mart\u00ednez Torres<\/strong><\/p>\n<\/div><\/div>\n\n\n\n<div class=\"wp-block-uagb-container uagb-block-e302fc44 alignfull uagb-is-root-container\"><div class=\"uagb-container-inner-blocks-wrap\">\n<figure class=\"wp-block-image size-full is-resized\"><img decoding=\"async\" width=\"183\" height=\"181\" src=\"https:\/\/nuevo-renacer.com\/wp-content\/uploads\/2024\/09\/images.jpg\" alt=\"\" class=\"wp-image-4600\" style=\"width:311px;height:auto\" srcset=\"https:\/\/nuevo-renacer.com\/wp-content\/uploads\/2024\/09\/images.jpg 183w, https:\/\/nuevo-renacer.com\/wp-content\/uploads\/2024\/09\/images-12x12.jpg 12w\" sizes=\"(max-width: 183px) 100vw, 183px\" \/><\/figure>\n<\/div><\/div>\n\n\n\n<div class=\"wp-block-uagb-container uagb-block-7ddbf318 alignfull uagb-is-root-container\"><div class=\"uagb-container-inner-blocks-wrap\">\n<p class=\"has-black-color has-text-color has-link-color has-small-font-size wp-elements-cf4a5f3ec9eb677eed39020f9a5e5dc7\">Josefa Mart\u00ednez Torres was born in Ponce (Puerto Rico) between approximately 1862-1863. Her mother's name was Carmen Torres and her father, Rom\u00e1n Mart\u00ednez. From birth she was visually impaired. At the age of two she lost one of her eyes and was completely blind at the age of eight and orphaned at the age of ten or eleven, as a result of which she remained in the care of a sister. In September 1879, she began to frequent a spiritism centre. According to the spiritism press, she often fell asleep during and outside the s\u00e9ances. <\/p>\n\n\n\n<p class=\"has-black-color has-text-color has-link-color has-small-font-size wp-elements-4ff4692cbfdf8a65fc9e51eac3b5d31e\">Her sleep was in a state of somnambulism, which is what is known today as hypnotic trance. When Mart\u00ednez Torres was in this state, she sang, laughed and danced, which caught the attention of Manuel de Jes\u00fas Morel y Pastor, a Ponce native who, in 1869, began to work as a notary in the town of Coamo. In 1875, she resided in the 1st neighbourhood in Ponce, was single, 38 years old and owned property. In 1883, she was the owner of the Establecimiento Tipogr\u00e1fico de M. J. Morel which, most likely, is what was called the Morel printing press. <\/p>\n\n\n\n<p class=\"has-black-color has-text-color has-link-color has-small-font-size wp-elements-708ef34a2126c384d5e08174a1c2495c\">According to the Spanish spiritist press, Morel y Pastor realised that the young woman was the victim of a haunting spirit. According to the spiritism, obsessions are the product of a spirit's domination over a medium. Morel y Pastor helped Martinez Torres to turn her situation around so that she was able to develop auditory mediumship. In this way, apparently, she dictated what the spirits were telling her...<\/p>\n<\/div><\/div>","protected":false},"excerpt":{"rendered":"<p>Josefa Mart\u00ednez Torres Josefa Mart\u00ednez Torres naci\u00f3 en Ponce (Puerto Rico) entre 1862-1863 aproximadamente. Su madre se llam\u00f3 Carmen Torres y su padre, Rom\u00e1n Mart\u00ednez. Desde su nacimiento estuvo enferma de la vista. A los dos a\u00f1os perdi\u00f3 uno de sus ojos y qued\u00f3 completamente ciega a los ocho y hu\u00e9rfana de madre a los [&hellip;]<\/p>","protected":false},"author":1,"featured_media":4600,"parent":0,"menu_order":0,"comment_status":"closed","ping_status":"closed","template":"","meta":{"_uag_custom_page_level_css":"","site-sidebar-layout":"default","site-content-layout":"","ast-site-content-layout":"default","site-content-style":"default","site-sidebar-style":"default","ast-global-header-display":"","ast-banner-title-visibility":"","ast-main-header-display":"","ast-hfb-above-header-display":"","ast-hfb-below-header-display":"","ast-hfb-mobile-header-display":"","site-post-title":"","ast-breadcrumbs-content":"","ast-featured-img":"","footer-sml-layout":"","theme-transparent-header-meta":"","adv-header-id-meta":"","stick-header-meta":"","header-above-stick-meta":"","header-main-stick-meta":"","header-below-stick-meta":"","astra-migrate-meta-layouts":"set","ast-page-background-enabled":"default","ast-page-background-meta":{"desktop":{"background-color":"var(--ast-global-color-4)","background-image":"","background-repeat":"repeat","background-position":"center center","background-size":"auto","background-attachment":"scroll","background-type":"","background-media":"","overlay-type":"","overlay-color":"","overlay-opacity":"","overlay-gradient":""},"tablet":{"background-color":"","background-image":"","background-repeat":"repeat","background-position":"center center","background-size":"auto","background-attachment":"scroll","background-type":"","background-media":"","overlay-type":"","overlay-color":"","overlay-opacity":"","overlay-gradient":""},"mobile":{"background-color":"","background-image":"","background-repeat":"repeat","background-position":"center center","background-size":"auto","background-attachment":"scroll","background-type":"","background-media":"","overlay-type":"","overlay-color":"","overlay-opacity":"","overlay-gradient":""}},"ast-content-background-meta":{"desktop":{"background-color":"var(--ast-global-color-5)","background-image":"","background-repeat":"repeat","background-position":"center center","background-size":"auto","background-attachment":"scroll","background-type":"","background-media":"","overlay-type":"","overlay-color":"","overlay-opacity":"","overlay-gradient":""},"tablet":{"background-color":"var(--ast-global-color-5)","background-image":"","background-repeat":"repeat","background-position":"center center","background-size":"auto","background-attachment":"scroll","background-type":"","background-media":"","overlay-type":"","overlay-color":"","overlay-opacity":"","overlay-gradient":""},"mobile":{"background-color":"var(--ast-global-color-5)","background-image":"","background-repeat":"repeat","background-position":"center center","background-size":"auto","background-attachment":"scroll","background-type":"","background-media":"","overlay-type":"","overlay-color":"","overlay-opacity":"","overlay-gradient":""}},"footnotes":""},"class_list":["post-4598","page","type-page","status-publish","has-post-thumbnail","hentry"],"yoast_head":"<!-- This site is optimized with the Yoast SEO Premium plugin v24.2 (Yoast SEO v24.6) - https:\/\/yoast.com\/wordpress\/plugins\/seo\/ -->\n<title>Josefa Mart\u00ednez Torres - Uni\u00f3n Esp\u00edrita<\/title>\n<meta name=\"robots\" content=\"index, follow, max-snippet:-1, max-image-preview:large, max-video-preview:-1\" \/>\n<link rel=\"canonical\" href=\"https:\/\/nuevo-renacer.com\/en\/josefa-martinez-torres\/\" \/>\n<meta property=\"og:locale\" content=\"en_GB\" \/>\n<meta property=\"og:type\" content=\"article\" \/>\n<meta property=\"og:title\" content=\"Josefa Mart\u00ednez Torres\" \/>\n<meta property=\"og:description\" content=\"Josefa Mart\u00ednez Torres Josefa Mart\u00ednez Torres naci\u00f3 en Ponce (Puerto Rico) entre 1862-1863 aproximadamente. Su madre se llam\u00f3 Carmen Torres y su padre, Rom\u00e1n Mart\u00ednez. Desde su nacimiento estuvo enferma de la vista. A los dos a\u00f1os perdi\u00f3 uno de sus ojos y qued\u00f3 completamente ciega a los ocho y hu\u00e9rfana de madre a los [&hellip;]\" \/>\n<meta property=\"og:url\" content=\"https:\/\/nuevo-renacer.com\/en\/josefa-martinez-torres\/\" \/>\n<meta property=\"og:site_name\" content=\"Uni\u00f3n Esp\u00edrita\" \/>\n<meta property=\"article:publisher\" content=\"https:\/\/www.facebook.com\/groups\/3431398063740829\" \/>\n<meta property=\"article:modified_time\" content=\"2024-09-10T08:39:35+00:00\" \/>\n<meta property=\"og:image\" content=\"https:\/\/nuevo-renacer.com\/wp-content\/uploads\/2024\/09\/images.jpg\" \/>\n\t<meta property=\"og:image:width\" content=\"183\" \/>\n\t<meta property=\"og:image:height\" content=\"181\" \/>\n\t<meta property=\"og:image:type\" content=\"image\/jpeg\" \/>\n<meta name=\"twitter:card\" content=\"summary_large_image\" \/>\n<meta name=\"twitter:label1\" content=\"Estimated reading time\" \/>\n\t<meta name=\"twitter:data1\" content=\"1 minute\" \/>\n<script type=\"application\/ld+json\" class=\"yoast-schema-graph\">{\"@context\":\"https:\/\/schema.org\",\"@graph\":[{\"@type\":\"WebPage\",\"@id\":\"https:\/\/nuevo-renacer.com\/josefa-martinez-torres\/\",\"url\":\"https:\/\/nuevo-renacer.com\/josefa-martinez-torres\/\",\"name\":\"Josefa Mart\u00ednez Torres - Uni\u00f3n Esp\u00edrita\",\"isPartOf\":{\"@id\":\"https:\/\/nuevo-renacer.com\/#website\"},\"primaryImageOfPage\":{\"@id\":\"https:\/\/nuevo-renacer.com\/josefa-martinez-torres\/#primaryimage\"},\"image\":{\"@id\":\"https:\/\/nuevo-renacer.com\/josefa-martinez-torres\/#primaryimage\"},\"thumbnailUrl\":\"https:\/\/nuevo-renacer.com\/wp-content\/uploads\/2024\/09\/images.jpg\",\"datePublished\":\"2024-09-10T08:39:33+00:00\",\"dateModified\":\"2024-09-10T08:39:35+00:00\",\"breadcrumb\":{\"@id\":\"https:\/\/nuevo-renacer.com\/josefa-martinez-torres\/#breadcrumb\"},\"inLanguage\":\"en-GB\",\"potentialAction\":[{\"@type\":\"ReadAction\",\"target\":[\"https:\/\/nuevo-renacer.com\/josefa-martinez-torres\/\"]}]},{\"@type\":\"ImageObject\",\"inLanguage\":\"en-GB\",\"@id\":\"https:\/\/nuevo-renacer.com\/josefa-martinez-torres\/#primaryimage\",\"url\":\"https:\/\/nuevo-renacer.com\/wp-content\/uploads\/2024\/09\/images.jpg\",\"contentUrl\":\"https:\/\/nuevo-renacer.com\/wp-content\/uploads\/2024\/09\/images.jpg\",\"width\":183,\"height\":181},{\"@type\":\"BreadcrumbList\",\"@id\":\"https:\/\/nuevo-renacer.com\/josefa-martinez-torres\/#breadcrumb\",\"itemListElement\":[{\"@type\":\"ListItem\",\"position\":1,\"name\":\"Startseite\",\"item\":\"https:\/\/nuevo-renacer.com\/\"},{\"@type\":\"ListItem\",\"position\":2,\"name\":\"Josefa Mart\u00ednez Torres\"}]},{\"@type\":\"WebSite\",\"@id\":\"https:\/\/nuevo-renacer.com\/#website\",\"url\":\"https:\/\/nuevo-renacer.com\/\",\"name\":\"Uni\u00f3n Esp\u00edrita\",\"description\":\"Nuevo Renacer\",\"publisher\":{\"@id\":\"https:\/\/nuevo-renacer.com\/#organization\"},\"potentialAction\":[{\"@type\":\"SearchAction\",\"target\":{\"@type\":\"EntryPoint\",\"urlTemplate\":\"https:\/\/nuevo-renacer.com\/?s={search_term_string}\"},\"query-input\":{\"@type\":\"PropertyValueSpecification\",\"valueRequired\":true,\"valueName\":\"search_term_string\"}}],\"inLanguage\":\"en-GB\"},{\"@type\":\"Organization\",\"@id\":\"https:\/\/nuevo-renacer.com\/#organization\",\"name\":\"UFEC\",\"url\":\"https:\/\/nuevo-renacer.com\/\",\"logo\":{\"@type\":\"ImageObject\",\"inLanguage\":\"en-GB\",\"@id\":\"https:\/\/nuevo-renacer.com\/#\/schema\/logo\/image\/\",\"url\":\"https:\/\/nuevo-renacer.com\/wp-content\/uploads\/2024\/05\/cropped-LOGO-TERMINADO1-3-3.png\",\"contentUrl\":\"https:\/\/nuevo-renacer.com\/wp-content\/uploads\/2024\/05\/cropped-LOGO-TERMINADO1-3-3.png\",\"width\":512,\"height\":512,\"caption\":\"UFEC\"},\"image\":{\"@id\":\"https:\/\/nuevo-renacer.com\/#\/schema\/logo\/image\/\"},\"sameAs\":[\"https:\/\/www.facebook.com\/groups\/3431398063740829\"]}]}<\/script>\n<!-- \/ Yoast SEO Premium plugin. -->","yoast_head_json":{"title":"Josefa Mart\u00ednez Torres - Uni\u00f3n Esp\u00edrita","robots":{"index":"index","follow":"follow","max-snippet":"max-snippet:-1","max-image-preview":"max-image-preview:large","max-video-preview":"max-video-preview:-1"},"canonical":"https:\/\/nuevo-renacer.com\/en\/josefa-martinez-torres\/","og_locale":"en_GB","og_type":"article","og_title":"Josefa Mart\u00ednez Torres","og_description":"Josefa Mart\u00ednez Torres Josefa Mart\u00ednez Torres naci\u00f3 en Ponce (Puerto Rico) entre 1862-1863 aproximadamente. Su madre se llam\u00f3 Carmen Torres y su padre, Rom\u00e1n Mart\u00ednez. Desde su nacimiento estuvo enferma de la vista. A los dos a\u00f1os perdi\u00f3 uno de sus ojos y qued\u00f3 completamente ciega a los ocho y hu\u00e9rfana de madre a los [&hellip;]","og_url":"https:\/\/nuevo-renacer.com\/en\/josefa-martinez-torres\/","og_site_name":"Uni\u00f3n Esp\u00edrita","article_publisher":"https:\/\/www.facebook.com\/groups\/3431398063740829","article_modified_time":"2024-09-10T08:39:35+00:00","og_image":[{"width":183,"height":181,"url":"https:\/\/nuevo-renacer.com\/wp-content\/uploads\/2024\/09\/images.jpg","type":"image\/jpeg"}],"twitter_card":"summary_large_image","twitter_misc":{"Estimated reading time":"1 minute"},"schema":{"@context":"https:\/\/schema.org","@graph":[{"@type":"WebPage","@id":"https:\/\/nuevo-renacer.com\/josefa-martinez-torres\/","url":"https:\/\/nuevo-renacer.com\/josefa-martinez-torres\/","name":"Josefa Mart\u00ednez Torres - Uni\u00f3n Esp\u00edrita","isPartOf":{"@id":"https:\/\/nuevo-renacer.com\/#website"},"primaryImageOfPage":{"@id":"https:\/\/nuevo-renacer.com\/josefa-martinez-torres\/#primaryimage"},"image":{"@id":"https:\/\/nuevo-renacer.com\/josefa-martinez-torres\/#primaryimage"},"thumbnailUrl":"https:\/\/nuevo-renacer.com\/wp-content\/uploads\/2024\/09\/images.jpg","datePublished":"2024-09-10T08:39:33+00:00","dateModified":"2024-09-10T08:39:35+00:00","breadcrumb":{"@id":"https:\/\/nuevo-renacer.com\/josefa-martinez-torres\/#breadcrumb"},"inLanguage":"en-GB","potentialAction":[{"@type":"ReadAction","target":["https:\/\/nuevo-renacer.com\/josefa-martinez-torres\/"]}]},{"@type":"ImageObject","inLanguage":"en-GB","@id":"https:\/\/nuevo-renacer.com\/josefa-martinez-torres\/#primaryimage","url":"https:\/\/nuevo-renacer.com\/wp-content\/uploads\/2024\/09\/images.jpg","contentUrl":"https:\/\/nuevo-renacer.com\/wp-content\/uploads\/2024\/09\/images.jpg","width":183,"height":181},{"@type":"BreadcrumbList","@id":"https:\/\/nuevo-renacer.com\/josefa-martinez-torres\/#breadcrumb","itemListElement":[{"@type":"ListItem","position":1,"name":"Startseite","item":"https:\/\/nuevo-renacer.com\/"},{"@type":"ListItem","position":2,"name":"Josefa Mart\u00ednez Torres"}]},{"@type":"WebSite","@id":"https:\/\/nuevo-renacer.com\/#website","url":"https:\/\/nuevo-renacer.com\/","name":"Uni\u00f3n Esp\u00edrita","description":"Nuevo Renacer","publisher":{"@id":"https:\/\/nuevo-renacer.com\/#organization"},"potentialAction":[{"@type":"SearchAction","target":{"@type":"EntryPoint","urlTemplate":"https:\/\/nuevo-renacer.com\/?s={search_term_string}"},"query-input":{"@type":"PropertyValueSpecification","valueRequired":true,"valueName":"search_term_string"}}],"inLanguage":"en-GB"},{"@type":"Organization","@id":"https:\/\/nuevo-renacer.com\/#organization","name":"UFEC","url":"https:\/\/nuevo-renacer.com\/","logo":{"@type":"ImageObject","inLanguage":"en-GB","@id":"https:\/\/nuevo-renacer.com\/#\/schema\/logo\/image\/","url":"https:\/\/nuevo-renacer.com\/wp-content\/uploads\/2024\/05\/cropped-LOGO-TERMINADO1-3-3.png","contentUrl":"https:\/\/nuevo-renacer.com\/wp-content\/uploads\/2024\/05\/cropped-LOGO-TERMINADO1-3-3.png","width":512,"height":512,"caption":"UFEC"},"image":{"@id":"https:\/\/nuevo-renacer.com\/#\/schema\/logo\/image\/"},"sameAs":["https:\/\/www.facebook.com\/groups\/3431398063740829"]}]}},"uagb_featured_image_src":{"full":["https:\/\/nuevo-renacer.com\/wp-content\/uploads\/2024\/09\/images.jpg",183,181,false],"thumbnail":["https:\/\/nuevo-renacer.com\/wp-content\/uploads\/2024\/09\/images-150x150.jpg",150,150,true],"medium":["https:\/\/nuevo-renacer.com\/wp-content\/uploads\/2024\/09\/images.jpg",183,181,false],"medium_large":["https:\/\/nuevo-renacer.com\/wp-content\/uploads\/2024\/09\/images.jpg",183,181,false],"large":["https:\/\/nuevo-renacer.com\/wp-content\/uploads\/2024\/09\/images.jpg",183,181,false],"1536x1536":["https:\/\/nuevo-renacer.com\/wp-content\/uploads\/2024\/09\/images.jpg",183,181,false],"2048x2048":["https:\/\/nuevo-renacer.com\/wp-content\/uploads\/2024\/09\/images.jpg",183,181,false],"trp-custom-language-flag":["https:\/\/nuevo-renacer.com\/wp-content\/uploads\/2024\/09\/images-12x12.jpg",12,12,true]},"uagb_author_info":{"display_name":"adbv0","author_link":"https:\/\/nuevo-renacer.com\/en\/author\/adbv0\/"},"uagb_comment_info":0,"uagb_excerpt":"Josefa Mart\u00ednez Torres Josefa Mart\u00ednez Torres naci\u00f3 en Ponce (Puerto Rico) entre 1862-1863 aproximadamente. Su madre se llam\u00f3 Carmen Torres y su padre, Rom\u00e1n Mart\u00ednez. Desde su nacimiento estuvo enferma de la vista. A los dos a\u00f1os perdi\u00f3 uno de sus ojos y qued\u00f3 completamente ciega a los ocho y hu\u00e9rfana de madre a los&hellip;","jetpack_sharing_enabled":true,"_links":{"self":[{"href":"https:\/\/nuevo-renacer.com\/en\/wp-json\/wp\/v2\/pages\/4598","targetHints":{"allow":["GET"]}}],"collection":[{"href":"https:\/\/nuevo-renacer.com\/en\/wp-json\/wp\/v2\/pages"}],"about":[{"href":"https:\/\/nuevo-renacer.com\/en\/wp-json\/wp\/v2\/types\/page"}],"author":[{"embeddable":true,"href":"https:\/\/nuevo-renacer.com\/en\/wp-json\/wp\/v2\/users\/1"}],"replies":[{"embeddable":true,"href":"https:\/\/nuevo-renacer.com\/en\/wp-json\/wp\/v2\/comments?post=4598"}],"version-history":[{"count":2,"href":"https:\/\/nuevo-renacer.com\/en\/wp-json\/wp\/v2\/pages\/4598\/revisions"}],"predecessor-version":[{"id":4601,"href":"https:\/\/nuevo-renacer.com\/en\/wp-json\/wp\/v2\/pages\/4598\/revisions\/4601"}],"wp:featuredmedia":[{"embeddable":true,"href":"https:\/\/nuevo-renacer.com\/en\/wp-json\/wp\/v2\/media\/4600"}],"wp:attachment":[{"href":"https:\/\/nuevo-renacer.com\/en\/wp-json\/wp\/v2\/media?parent=4598"}],"curies":[{"name":"wp","href":"https:\/\/api.w.org\/{rel}","templated":true}]}}