{"id":4543,"date":"2024-09-09T09:25:48","date_gmt":"2024-09-09T09:25:48","guid":{"rendered":"https:\/\/nuevo-renacer.com\/?page_id=4543"},"modified":"2024-09-09T09:37:20","modified_gmt":"2024-09-09T09:37:20","slug":"la-educacion","status":"publish","type":"page","link":"https:\/\/nuevo-renacer.com\/en\/la-educacion\/","title":{"rendered":"Education"},"content":{"rendered":"<div class=\"wp-block-uagb-container uagb-block-e9649aa2 alignfull uagb-is-root-container\"><div class=\"uagb-container-inner-blocks-wrap\">\n<p class=\"has-black-color has-text-color has-link-color has-medium-font-size wp-elements-a327227f3f7a029d93706300c152bcc0\"><strong>Education<\/strong><\/p>\n<\/div><\/div>\n\n\n\n<div class=\"wp-block-uagb-container uagb-block-81734685 alignfull uagb-is-root-container\"><div class=\"uagb-container-inner-blocks-wrap\">\n<figure class=\"wp-block-image size-full is-resized\"><img fetchpriority=\"high\" decoding=\"async\" width=\"1000\" height=\"667\" src=\"https:\/\/nuevo-renacer.com\/wp-content\/uploads\/2024\/09\/shutterstock_641523472.jpg\" alt=\"\" class=\"wp-image-4548\" style=\"width:382px;height:auto\" srcset=\"https:\/\/nuevo-renacer.com\/wp-content\/uploads\/2024\/09\/shutterstock_641523472.jpg 1000w, https:\/\/nuevo-renacer.com\/wp-content\/uploads\/2024\/09\/shutterstock_641523472-300x200.jpg 300w, https:\/\/nuevo-renacer.com\/wp-content\/uploads\/2024\/09\/shutterstock_641523472-768x512.jpg 768w, https:\/\/nuevo-renacer.com\/wp-content\/uploads\/2024\/09\/shutterstock_641523472-18x12.jpg 18w\" sizes=\"(max-width: 1000px) 100vw, 1000px\" \/><\/figure>\n<\/div><\/div>\n\n\n\n<div class=\"wp-block-uagb-container uagb-block-0a8a25fe alignfull uagb-is-root-container\"><div class=\"uagb-container-inner-blocks-wrap\">\n<p class=\"has-black-color has-text-color has-link-color has-small-font-size wp-elements-86b6bc74f220429584135ed86b45f48c\">Through the education, generations are transformed and improved. A new society requires new men. Thus, the education of children is of paramount importance.<\/p>\n\n\n\n<p class=\"has-black-color has-text-color has-link-color has-small-font-size wp-elements-703c5ffdb91847b5a4b66c0fe4a18804\">It is not enough to teach the child the elements of science. As essential as knowing how to read, write and calculate is learning to govern oneself, to behave as a rational and conscious being, it is entering the armed life not only for the material struggle but, above all, for the moral struggle. But this is the least of our concerns. We are trying to develop the child\u2019s bright faculties and aspects, not his virtues. In school, as in the family, too much neglect is given to the clarification of their duties and destiny. Thus, devoid of high principles, ignorant of the purpose of existence, the day he enters into public life is exposed to all the temptations, to all the attractions of passion, in a sensual and corrupt environment.<\/p>\n\n\n\n<p class=\"has-black-color has-text-color has-link-color has-small-font-size wp-elements-ff08a1d04024fd303f6a5fc863b867c6\">Even in the second cycle, what is done is to fill the brain of the pupil with an undigested accumulation of notions and facts, dates and names, all this to the detriment of moral teaching. The school morality, devoid of effective sanction, without a purpose of universal order, is nothing more than a sterile moral, incapable of reforming society.<\/p>\n\n\n\n<p class=\"has-black-color has-text-color has-link-color has-small-font-size wp-elements-7a35919431865ee5745903908b1f4562\">The education given in religious establishments, where the child becomes prey to fanaticism and superstition, is also childish, and acquires nothing but false ideas about present life and the hereafter.<\/p>\n\n\n\n<p class=\"has-black-color has-text-color has-link-color has-small-font-size wp-elements-b469896770c8e4cd74217f9614763131\">The work of a teacher is rarely good moral education. To awaken in the child the first aspirations for good, to straighten out a difficult character, it is necessary at the same time perseverance, firmness and an affection which only the heart of a father or mother is capable of. If parents fail to correct their children, how can the one who leads a large number of them?<\/p>\n\n\n\n<p class=\"has-black-color has-text-color has-link-color has-small-font-size wp-elements-790ba857903e024896a7ba863aeff3b2\">This task is not, however, as difficult as one might think. It does not require a deep science. Both young and old can achieve it if they are aware of the aims and consequences of education. One thing must always be kept in mind, and that is that the Spirits have come to us in order to help them overcome their defects and make preparations for the duties of life. We accept, through marriage, the mission of leading them; we carry it out with love, but with a love free from weakness, for love taken to the extreme limit is full of dangers. Let us study from the cradle the tendencies acquired by the child in his previous existences, and let us devote ourselves to developing the good ones and to drowning the bad ones. Let us not give them too many joys, so that their young souls, accustomed from the beginning to disenchantment, may understand that life on earth is hard, and that one must count only on oneself and his work, the only thing which provides independence and dignity. Let us not try to divert the action of eternal laws from these children. There are stones in the way of each one of us: only reason teaches us to avoid.<\/p>\n\n\n\n<p class=\"has-black-color has-text-color has-link-color has-small-font-size wp-elements-51bf420c991313bd87fc51eb452797ed\">Do not entrust your children to others as you are not absolutely obliged to do so. Education cannot be mercenary. What does a nurse care if a child talks or walks in this or that way? It has no maternal meaning or love. On the contrary, how much joy does the mother feel at the first steps of her cherub! No fatigue, no work stops her. Love! Do the same with the soul of your children. Have even more concern for it than for the body. It will be soon spent and thrown into the osorio, while the immortal soul, radiant for the care of which it was surrounded, for the acquired merits and for the progress achieved, will live through time to bless you and to love you.<\/p>\n\n\n\n<p class=\"has-black-color has-text-color has-link-color has-small-font-size wp-elements-9c90eb326d66ff9e17dd9e83a5b2c0c8\">The education, based on an accurate conception of life, would change the face of the world. Suppose all families initiated into the spiritualist beliefs sanctioned by the facts, instilling them in their children, at the same time that the neutral school taught them the principles of science and the wonders of the Universe. Social change would soon be rapid under the action of this double current. All moral wounds are due to bad manners. To reform it, to establish it on new bases, would have incalculable consequences for humanity. Let us instruct the youth and enlighten their intelligence; but first of all let us speak to their heart and teach them to shed their imperfections. Let us remember that the science par excellence is about making ourselves better.<\/p>\n\n\n\n<p class=\"has-black-color has-text-color has-link-color has-small-font-size wp-elements-cb7c8a978c2d34d564eb4500e49ce652\"><em><strong>Le\u00f3n Denis <\/strong>\u2013 The Straight Path<\/em> \u2503 <em>Spiritist concept of moral law<\/em><\/p>\n<\/div><\/div>","protected":false},"excerpt":{"rendered":"<p>La Educaci\u00f3n Por medio de la educaci\u00f3n, las generaciones se transforman y se mejoran. Para obtener una sociedad nueva es preciso hacer hombres nuevos. As\u00ed pues, la educaci\u00f3n de la infancia es de una importancia capital. No basta ense\u00f1ar al ni\u00f1o los elementos de la ciencia. Tan esencial como saber leer, escribir y calcular es [&hellip;]<\/p>","protected":false},"author":1,"featured_media":4548,"parent":0,"menu_order":0,"comment_status":"closed","ping_status":"closed","template":"","meta":{"_uag_custom_page_level_css":"","site-sidebar-layout":"default","site-content-layout":"","ast-site-content-layout":"default","site-content-style":"default","site-sidebar-style":"default","ast-global-header-display":"","ast-banner-title-visibility":"","ast-main-header-display":"","ast-hfb-above-header-display":"","ast-hfb-below-header-display":"","ast-hfb-mobile-header-display":"","site-post-title":"","ast-breadcrumbs-content":"","ast-featured-img":"","footer-sml-layout":"","theme-transparent-header-meta":"","adv-header-id-meta":"","stick-header-meta":"","header-above-stick-meta":"","header-main-stick-meta":"","header-below-stick-meta":"","astra-migrate-meta-layouts":"set","ast-page-background-enabled":"default","ast-page-background-meta":{"desktop":{"background-color":"var(--ast-global-color-4)","background-image":"","background-repeat":"repeat","background-position":"center center","background-size":"auto","background-attachment":"scroll","background-type":"","background-media":"","overlay-type":"","overlay-color":"","overlay-opacity":"","overlay-gradient":""},"tablet":{"background-color":"","background-image":"","background-repeat":"repeat","background-position":"center center","background-size":"auto","background-attachment":"scroll","background-type":"","background-media":"","overlay-type":"","overlay-color":"","overlay-opacity":"","overlay-gradient":""},"mobile":{"background-color":"","background-image":"","background-repeat":"repeat","background-position":"center center","background-size":"auto","background-attachment":"scroll","background-type":"","background-media":"","overlay-type":"","overlay-color":"","overlay-opacity":"","overlay-gradient":""}},"ast-content-background-meta":{"desktop":{"background-color":"var(--ast-global-color-5)","background-image":"","background-repeat":"repeat","background-position":"center center","background-size":"auto","background-attachment":"scroll","background-type":"","background-media":"","overlay-type":"","overlay-color":"","overlay-opacity":"","overlay-gradient":""},"tablet":{"background-color":"var(--ast-global-color-5)","background-image":"","background-repeat":"repeat","background-position":"center center","background-size":"auto","background-attachment":"scroll","background-type":"","background-media":"","overlay-type":"","overlay-color":"","overlay-opacity":"","overlay-gradient":""},"mobile":{"background-color":"var(--ast-global-color-5)","background-image":"","background-repeat":"repeat","background-position":"center center","background-size":"auto","background-attachment":"scroll","background-type":"","background-media":"","overlay-type":"","overlay-color":"","overlay-opacity":"","overlay-gradient":""}},"footnotes":""},"class_list":["post-4543","page","type-page","status-publish","has-post-thumbnail","hentry"],"yoast_head":"<!-- This site is optimized with the Yoast SEO Premium plugin v24.2 (Yoast SEO v24.6) - https:\/\/yoast.com\/wordpress\/plugins\/seo\/ -->\n<title>La Educaci\u00f3n - Uni\u00f3n Esp\u00edrita<\/title>\n<meta name=\"robots\" content=\"index, follow, max-snippet:-1, max-image-preview:large, max-video-preview:-1\" \/>\n<link rel=\"canonical\" href=\"https:\/\/nuevo-renacer.com\/en\/la-educacion\/\" \/>\n<meta property=\"og:locale\" content=\"en_GB\" \/>\n<meta property=\"og:type\" content=\"article\" \/>\n<meta property=\"og:title\" content=\"La Educaci\u00f3n\" \/>\n<meta property=\"og:description\" content=\"La Educaci\u00f3n Por medio de la educaci\u00f3n, las generaciones se transforman y se mejoran. Para obtener una sociedad nueva es preciso hacer hombres nuevos. As\u00ed pues, la educaci\u00f3n de la infancia es de una importancia capital. No basta ense\u00f1ar al ni\u00f1o los elementos de la ciencia. Tan esencial como saber leer, escribir y calcular es [&hellip;]\" \/>\n<meta property=\"og:url\" content=\"https:\/\/nuevo-renacer.com\/en\/la-educacion\/\" \/>\n<meta property=\"og:site_name\" content=\"Uni\u00f3n Esp\u00edrita\" \/>\n<meta property=\"article:publisher\" content=\"https:\/\/www.facebook.com\/groups\/3431398063740829\" \/>\n<meta property=\"article:modified_time\" content=\"2024-09-09T09:37:20+00:00\" \/>\n<meta property=\"og:image\" content=\"https:\/\/nuevo-renacer.com\/wp-content\/uploads\/2024\/09\/shutterstock_641523472.jpg\" \/>\n\t<meta property=\"og:image:width\" content=\"1000\" \/>\n\t<meta property=\"og:image:height\" content=\"667\" \/>\n\t<meta property=\"og:image:type\" content=\"image\/jpeg\" \/>\n<meta name=\"twitter:card\" content=\"summary_large_image\" \/>\n<meta name=\"twitter:label1\" content=\"Estimated reading time\" \/>\n\t<meta name=\"twitter:data1\" content=\"4 minutes\" \/>\n<script type=\"application\/ld+json\" class=\"yoast-schema-graph\">{\"@context\":\"https:\/\/schema.org\",\"@graph\":[{\"@type\":\"WebPage\",\"@id\":\"https:\/\/nuevo-renacer.com\/la-educacion\/\",\"url\":\"https:\/\/nuevo-renacer.com\/la-educacion\/\",\"name\":\"La Educaci\u00f3n - Uni\u00f3n Esp\u00edrita\",\"isPartOf\":{\"@id\":\"https:\/\/nuevo-renacer.com\/#website\"},\"primaryImageOfPage\":{\"@id\":\"https:\/\/nuevo-renacer.com\/la-educacion\/#primaryimage\"},\"image\":{\"@id\":\"https:\/\/nuevo-renacer.com\/la-educacion\/#primaryimage\"},\"thumbnailUrl\":\"https:\/\/nuevo-renacer.com\/wp-content\/uploads\/2024\/09\/shutterstock_641523472.jpg\",\"datePublished\":\"2024-09-09T09:25:48+00:00\",\"dateModified\":\"2024-09-09T09:37:20+00:00\",\"breadcrumb\":{\"@id\":\"https:\/\/nuevo-renacer.com\/la-educacion\/#breadcrumb\"},\"inLanguage\":\"en-GB\",\"potentialAction\":[{\"@type\":\"ReadAction\",\"target\":[\"https:\/\/nuevo-renacer.com\/la-educacion\/\"]}]},{\"@type\":\"ImageObject\",\"inLanguage\":\"en-GB\",\"@id\":\"https:\/\/nuevo-renacer.com\/la-educacion\/#primaryimage\",\"url\":\"https:\/\/nuevo-renacer.com\/wp-content\/uploads\/2024\/09\/shutterstock_641523472.jpg\",\"contentUrl\":\"https:\/\/nuevo-renacer.com\/wp-content\/uploads\/2024\/09\/shutterstock_641523472.jpg\",\"width\":1000,\"height\":667},{\"@type\":\"BreadcrumbList\",\"@id\":\"https:\/\/nuevo-renacer.com\/la-educacion\/#breadcrumb\",\"itemListElement\":[{\"@type\":\"ListItem\",\"position\":1,\"name\":\"Startseite\",\"item\":\"https:\/\/nuevo-renacer.com\/\"},{\"@type\":\"ListItem\",\"position\":2,\"name\":\"La Educaci\u00f3n\"}]},{\"@type\":\"WebSite\",\"@id\":\"https:\/\/nuevo-renacer.com\/#website\",\"url\":\"https:\/\/nuevo-renacer.com\/\",\"name\":\"Uni\u00f3n Esp\u00edrita\",\"description\":\"Nuevo Renacer\",\"publisher\":{\"@id\":\"https:\/\/nuevo-renacer.com\/#organization\"},\"potentialAction\":[{\"@type\":\"SearchAction\",\"target\":{\"@type\":\"EntryPoint\",\"urlTemplate\":\"https:\/\/nuevo-renacer.com\/?s={search_term_string}\"},\"query-input\":{\"@type\":\"PropertyValueSpecification\",\"valueRequired\":true,\"valueName\":\"search_term_string\"}}],\"inLanguage\":\"en-GB\"},{\"@type\":\"Organization\",\"@id\":\"https:\/\/nuevo-renacer.com\/#organization\",\"name\":\"UFEC\",\"url\":\"https:\/\/nuevo-renacer.com\/\",\"logo\":{\"@type\":\"ImageObject\",\"inLanguage\":\"en-GB\",\"@id\":\"https:\/\/nuevo-renacer.com\/#\/schema\/logo\/image\/\",\"url\":\"https:\/\/nuevo-renacer.com\/wp-content\/uploads\/2024\/05\/cropped-LOGO-TERMINADO1-3-3.png\",\"contentUrl\":\"https:\/\/nuevo-renacer.com\/wp-content\/uploads\/2024\/05\/cropped-LOGO-TERMINADO1-3-3.png\",\"width\":512,\"height\":512,\"caption\":\"UFEC\"},\"image\":{\"@id\":\"https:\/\/nuevo-renacer.com\/#\/schema\/logo\/image\/\"},\"sameAs\":[\"https:\/\/www.facebook.com\/groups\/3431398063740829\"]}]}<\/script>\n<!-- \/ Yoast SEO Premium plugin. -->","yoast_head_json":{"title":"La Educaci\u00f3n - Uni\u00f3n Esp\u00edrita","robots":{"index":"index","follow":"follow","max-snippet":"max-snippet:-1","max-image-preview":"max-image-preview:large","max-video-preview":"max-video-preview:-1"},"canonical":"https:\/\/nuevo-renacer.com\/en\/la-educacion\/","og_locale":"en_GB","og_type":"article","og_title":"La Educaci\u00f3n","og_description":"La Educaci\u00f3n Por medio de la educaci\u00f3n, las generaciones se transforman y se mejoran. Para obtener una sociedad nueva es preciso hacer hombres nuevos. As\u00ed pues, la educaci\u00f3n de la infancia es de una importancia capital. No basta ense\u00f1ar al ni\u00f1o los elementos de la ciencia. Tan esencial como saber leer, escribir y calcular es [&hellip;]","og_url":"https:\/\/nuevo-renacer.com\/en\/la-educacion\/","og_site_name":"Uni\u00f3n Esp\u00edrita","article_publisher":"https:\/\/www.facebook.com\/groups\/3431398063740829","article_modified_time":"2024-09-09T09:37:20+00:00","og_image":[{"width":1000,"height":667,"url":"https:\/\/nuevo-renacer.com\/wp-content\/uploads\/2024\/09\/shutterstock_641523472.jpg","type":"image\/jpeg"}],"twitter_card":"summary_large_image","twitter_misc":{"Estimated reading time":"4 minutes"},"schema":{"@context":"https:\/\/schema.org","@graph":[{"@type":"WebPage","@id":"https:\/\/nuevo-renacer.com\/la-educacion\/","url":"https:\/\/nuevo-renacer.com\/la-educacion\/","name":"La Educaci\u00f3n - Uni\u00f3n Esp\u00edrita","isPartOf":{"@id":"https:\/\/nuevo-renacer.com\/#website"},"primaryImageOfPage":{"@id":"https:\/\/nuevo-renacer.com\/la-educacion\/#primaryimage"},"image":{"@id":"https:\/\/nuevo-renacer.com\/la-educacion\/#primaryimage"},"thumbnailUrl":"https:\/\/nuevo-renacer.com\/wp-content\/uploads\/2024\/09\/shutterstock_641523472.jpg","datePublished":"2024-09-09T09:25:48+00:00","dateModified":"2024-09-09T09:37:20+00:00","breadcrumb":{"@id":"https:\/\/nuevo-renacer.com\/la-educacion\/#breadcrumb"},"inLanguage":"en-GB","potentialAction":[{"@type":"ReadAction","target":["https:\/\/nuevo-renacer.com\/la-educacion\/"]}]},{"@type":"ImageObject","inLanguage":"en-GB","@id":"https:\/\/nuevo-renacer.com\/la-educacion\/#primaryimage","url":"https:\/\/nuevo-renacer.com\/wp-content\/uploads\/2024\/09\/shutterstock_641523472.jpg","contentUrl":"https:\/\/nuevo-renacer.com\/wp-content\/uploads\/2024\/09\/shutterstock_641523472.jpg","width":1000,"height":667},{"@type":"BreadcrumbList","@id":"https:\/\/nuevo-renacer.com\/la-educacion\/#breadcrumb","itemListElement":[{"@type":"ListItem","position":1,"name":"Startseite","item":"https:\/\/nuevo-renacer.com\/"},{"@type":"ListItem","position":2,"name":"La Educaci\u00f3n"}]},{"@type":"WebSite","@id":"https:\/\/nuevo-renacer.com\/#website","url":"https:\/\/nuevo-renacer.com\/","name":"Uni\u00f3n Esp\u00edrita","description":"Nuevo Renacer","publisher":{"@id":"https:\/\/nuevo-renacer.com\/#organization"},"potentialAction":[{"@type":"SearchAction","target":{"@type":"EntryPoint","urlTemplate":"https:\/\/nuevo-renacer.com\/?s={search_term_string}"},"query-input":{"@type":"PropertyValueSpecification","valueRequired":true,"valueName":"search_term_string"}}],"inLanguage":"en-GB"},{"@type":"Organization","@id":"https:\/\/nuevo-renacer.com\/#organization","name":"UFEC","url":"https:\/\/nuevo-renacer.com\/","logo":{"@type":"ImageObject","inLanguage":"en-GB","@id":"https:\/\/nuevo-renacer.com\/#\/schema\/logo\/image\/","url":"https:\/\/nuevo-renacer.com\/wp-content\/uploads\/2024\/05\/cropped-LOGO-TERMINADO1-3-3.png","contentUrl":"https:\/\/nuevo-renacer.com\/wp-content\/uploads\/2024\/05\/cropped-LOGO-TERMINADO1-3-3.png","width":512,"height":512,"caption":"UFEC"},"image":{"@id":"https:\/\/nuevo-renacer.com\/#\/schema\/logo\/image\/"},"sameAs":["https:\/\/www.facebook.com\/groups\/3431398063740829"]}]}},"uagb_featured_image_src":{"full":["https:\/\/nuevo-renacer.com\/wp-content\/uploads\/2024\/09\/shutterstock_641523472.jpg",1000,667,false],"thumbnail":["https:\/\/nuevo-renacer.com\/wp-content\/uploads\/2024\/09\/shutterstock_641523472-150x150.jpg",150,150,true],"medium":["https:\/\/nuevo-renacer.com\/wp-content\/uploads\/2024\/09\/shutterstock_641523472-300x200.jpg",300,200,true],"medium_large":["https:\/\/nuevo-renacer.com\/wp-content\/uploads\/2024\/09\/shutterstock_641523472-768x512.jpg",768,512,true],"large":["https:\/\/nuevo-renacer.com\/wp-content\/uploads\/2024\/09\/shutterstock_641523472.jpg",1000,667,false],"1536x1536":["https:\/\/nuevo-renacer.com\/wp-content\/uploads\/2024\/09\/shutterstock_641523472.jpg",1000,667,false],"2048x2048":["https:\/\/nuevo-renacer.com\/wp-content\/uploads\/2024\/09\/shutterstock_641523472.jpg",1000,667,false],"trp-custom-language-flag":["https:\/\/nuevo-renacer.com\/wp-content\/uploads\/2024\/09\/shutterstock_641523472-18x12.jpg",18,12,true]},"uagb_author_info":{"display_name":"adbv0","author_link":"https:\/\/nuevo-renacer.com\/en\/author\/adbv0\/"},"uagb_comment_info":0,"uagb_excerpt":"La Educaci\u00f3n Por medio de la educaci\u00f3n, las generaciones se transforman y se mejoran. Para obtener una sociedad nueva es preciso hacer hombres nuevos. As\u00ed pues, la educaci\u00f3n de la infancia es de una importancia capital. No basta ense\u00f1ar al ni\u00f1o los elementos de la ciencia. Tan esencial como saber leer, escribir y calcular es&hellip;","jetpack_sharing_enabled":true,"_links":{"self":[{"href":"https:\/\/nuevo-renacer.com\/en\/wp-json\/wp\/v2\/pages\/4543","targetHints":{"allow":["GET"]}}],"collection":[{"href":"https:\/\/nuevo-renacer.com\/en\/wp-json\/wp\/v2\/pages"}],"about":[{"href":"https:\/\/nuevo-renacer.com\/en\/wp-json\/wp\/v2\/types\/page"}],"author":[{"embeddable":true,"href":"https:\/\/nuevo-renacer.com\/en\/wp-json\/wp\/v2\/users\/1"}],"replies":[{"embeddable":true,"href":"https:\/\/nuevo-renacer.com\/en\/wp-json\/wp\/v2\/comments?post=4543"}],"version-history":[{"count":4,"href":"https:\/\/nuevo-renacer.com\/en\/wp-json\/wp\/v2\/pages\/4543\/revisions"}],"predecessor-version":[{"id":4549,"href":"https:\/\/nuevo-renacer.com\/en\/wp-json\/wp\/v2\/pages\/4543\/revisions\/4549"}],"wp:featuredmedia":[{"embeddable":true,"href":"https:\/\/nuevo-renacer.com\/en\/wp-json\/wp\/v2\/media\/4548"}],"wp:attachment":[{"href":"https:\/\/nuevo-renacer.com\/en\/wp-json\/wp\/v2\/media?parent=4543"}],"curies":[{"name":"wp","href":"https:\/\/api.w.org\/{rel}","templated":true}]}}