{"id":4523,"date":"2024-09-05T12:48:38","date_gmt":"2024-09-05T12:48:38","guid":{"rendered":"https:\/\/nuevo-renacer.com\/?page_id=4523"},"modified":"2024-09-05T12:57:05","modified_gmt":"2024-09-05T12:57:05","slug":"trabajo-sobriedad-y-continencia","status":"publish","type":"page","link":"https:\/\/nuevo-renacer.com\/en\/trabajo-sobriedad-y-continencia\/","title":{"rendered":"Work, Sobriety and Continence"},"content":{"rendered":"<div class=\"wp-block-uagb-container uagb-block-88d36742 alignfull uagb-is-root-container\"><div class=\"uagb-container-inner-blocks-wrap\">\n<p class=\"has-black-color has-text-color has-link-color has-medium-font-size wp-elements-b2156cdbd19688c48124ff74debdfa4c\"><strong>Work, Sobriety and Continence<\/strong><\/p>\n<\/div><\/div>\n\n\n\n<div class=\"wp-block-uagb-container uagb-block-2b105c69 alignfull uagb-is-root-container\"><div class=\"uagb-container-inner-blocks-wrap\">\n<figure class=\"wp-block-image size-full is-resized\"><img fetchpriority=\"high\" decoding=\"async\" width=\"626\" height=\"417\" src=\"https:\/\/nuevo-renacer.com\/wp-content\/uploads\/2024\/09\/hombre-campesino-ropa-trabajo-campo_1009902-21237.avif\" alt=\"\" class=\"wp-image-4525\" style=\"width:483px;height:auto\"\/><\/figure>\n<\/div><\/div>\n\n\n\n<div class=\"wp-block-uagb-container uagb-block-f2273af8 alignfull uagb-is-root-container\"><div class=\"uagb-container-inner-blocks-wrap\">\n<p class=\"has-black-color has-text-color has-link-color has-small-font-size wp-elements-478e3c72d64511dd52c48f547cb39bbb\">The work is a law for the planetary humanities as well as for the societies of Space. From the most rudimentary being to the angelic spirits that watch over the destinies of the worlds, all take part in the great universal concert.<\/p>\n\n\n\n<p class=\"has-black-color has-text-color has-link-color has-small-font-size wp-elements-c9fe8c6b4a4226d0488bbadeca805806\">Painful and rude to lower beings, the work is softened as life is refined. It becomes a source of pleasure for the advanced Spirit, who becomes insensitive to material attractions, exclusively occupied in the higher studies.<\/p>\n\n\n\n<p class=\"has-black-color has-text-color has-link-color has-small-font-size wp-elements-9c77e7d6ee3fe1a65652559a517e6ee7\">By work man overcomes the blind forces of nature and is saved from misery; by work civilizations are founded, and by work well-being and science are brought about. Work is the honor and dignity of the human being. The scoundrel who, without producing anything, takes advantage of the work of others is nothing but a parasite. While man is busy in his task, his passions are silenced. Idleness, on the other hand, triggers them and opens up a vast field of action.<\/p>\n\n\n\n<p class=\"has-black-color has-text-color has-link-color has-small-font-size wp-elements-331045e9d7c291016d3b1e1e3852e9bb\">The work also constitutes a great consolation, a healthy derivation for our worries and sorrows; it calms the anguish of our spirit and makes our intelligence fruitful. There is no moral pain, no disappointments or setbacks that do not find in it a appeasement; there are no vicissitudes that resist its prolonged action. The laborer is assured a refuge for his suffering and a true friend in tribulation; he cannot accept life with disgust. How pitiful, however, is the situation of him whom the afflictions condemn to immobility and inaction! If this man has felt the greatness and sanctity of work, if he sees above his own self-interest the general interest and good of all and wants to contribute to it, he suffers one of the most cruel sufferings that have been reserved for the living being.<\/p>\n\n\n\n<p class=\"has-black-color has-text-color has-link-color has-small-font-size wp-elements-731f6d709f5361fde1aeee113bc0e301\">Such is also in space the situation of the spirit that failed to fulfill its duties and dissipated his life. Understanding too late the nobility of work and the vileness of the mocidity, suffers not being able to realize what his soul conceives and desires.<\/p>\n\n\n\n<p class=\"has-black-color has-text-color has-link-color has-small-font-size wp-elements-94f7b90552e8e2d287562dc4fccccd4c\">The work is the communion of Beings. Through him we draw closer to each other, learn to help each other and unite; from this there is no more than one step to fraternity. Roman antiquities dishonoured the work, making it a slave\u2019s proper condition. This explains their moral sterility, corruption and dry and cold doctrines.<\/p>\n\n\n\n<p class=\"has-black-color has-text-color has-link-color has-small-font-size wp-elements-4f4597a22e580f70483316f0d1813b12\">The present times have a completely different conception of life. They seek fulfillment in a fruitful and regenerating work. The Philosophy of Spirits amplifies this conception, indicating in the law of labor the principle of all progress and elevations, and showing us that the action of this law extends to the universality of Beings and worlds. That is why we are authorized to say: Wake up, oh, you, all of you and the healthy atmosphere of home are sovereign preservatives against passions. Among these loved ones who see in us their only support, the sense of our responsibility increases, our dignity and gravity grow, we understand better our duties, and in the pleasures that this life provides, We obtain forces that facilitate their realization. How could we dare to do things that we would be ashamed of in the eyes of our wife and children? To learn to lead others is to learn to direct oneself, to become prudent and sensible, to set aside from us all that can stain our existence.<\/p>\n\n\n\n<p class=\"has-black-color has-text-color has-link-color has-small-font-size wp-elements-77e9a508b1c0300a0d6de4dda68a0968\">It is guilty to live alone. Instead, to give life to others, to see us revived in children of whom we have known to make useful men and zealous servants of the cause of good, and to die after having instilled in them a deep sense of duty and an extensive knowledge of destiny, is a noble task.<\/p>\n\n\n\n<p class=\"has-black-color has-text-color has-link-color has-small-font-size wp-elements-5a12df196a1c101a2faa4a924f4344d5\">If there is an exception to this rule, it is in favour of those who, above the family, have placed humanity and, in order better to serve it, to carry out for their own benefit a higher mission still, preferred to face the dangers of life alone, Climb lonely on the arduous path and devote all their moments, all their faculties and all their soul to a cause that many ignore but they never lose sight of.<\/p>\n\n\n\n<p class=\"has-black-color has-text-color has-link-color has-small-font-size wp-elements-26ac9b8834a321b519eb6ca906738435\">Sobriety, continence, the struggle against the seductions of the senses are not, as the sensualists claim, a disregard for natural laws, a reduction of life; on the contrary, they reveal in him who observes and follows them a deep knowledge of the higher laws, an enlightened intuition of the future. The voluptuous, separated by death from all that he loved, is consumed in vain desires. He frequents the houses of perversion and searches for the earthly environments that remind him his way of living. Thus he is increasingly clinging to the material chains, moving away from the source of pure pleasures and consecrating himself to bestiality and darkness.<\/p>\n\n\n\n<p class=\"has-black-color has-text-color has-link-color has-small-font-size wp-elements-da301dee216b51f9964856728707976d\">To seek the pleasures in the fleshly voluptuousness is to deprive oneself for a long time of the peace enjoyed by the high spirits. Only purity can provide us with this peace. Do we not see it from this life? Our passions and desires create images and ghosts that chase us even in dreams and cloud our reflections. Instead, far from the false pleasures, the Spirit is collected, reconcentrated and opened to the infinite. Removed in advance from the smallest lusts, he abandons without weighing his used organs.<\/p>\n\n\n\n<p class=\"has-black-color has-text-color has-link-color has-small-font-size wp-elements-7e194aa951e3adc8ab80bec6bbedca3b\">Let us meditate frequently and put into practice the Eastern proverb: \"Be pure to be happy and to be strong!\".<\/p>\n\n\n\n<p class=\"has-black-color has-text-color has-link-color has-small-font-size wp-elements-c39577f77bc85be9e67282b1b72acd7b\"><strong><em>Le\u00f3n Denis <\/em><\/strong>\u2013<em> The Straight Path \u2503 Spiritist concept of the moral law<\/em><\/p>\n<\/div><\/div>","protected":false},"excerpt":{"rendered":"<p>Trabajo, Sobriedad y Continencia El trabajo es una ley para las humanidades planetarias como para las sociedades del Espacio. Desde el ser m\u00e1s rudimentario hasta los Esp\u00edritus ang\u00e9licos que velan por los destinos de los mundos, todos toman parte en el gran concierto universal. Penoso y grosero para los seres inferiores, el trabajo se suaviza [&hellip;]<\/p>","protected":false},"author":1,"featured_media":4525,"parent":0,"menu_order":0,"comment_status":"closed","ping_status":"closed","template":"","meta":{"_uag_custom_page_level_css":"","site-sidebar-layout":"default","site-content-layout":"","ast-site-content-layout":"default","site-content-style":"default","site-sidebar-style":"default","ast-global-header-display":"","ast-banner-title-visibility":"","ast-main-header-display":"","ast-hfb-above-header-display":"","ast-hfb-below-header-display":"","ast-hfb-mobile-header-display":"","site-post-title":"","ast-breadcrumbs-content":"","ast-featured-img":"","footer-sml-layout":"","theme-transparent-header-meta":"","adv-header-id-meta":"","stick-header-meta":"","header-above-stick-meta":"","header-main-stick-meta":"","header-below-stick-meta":"","astra-migrate-meta-layouts":"set","ast-page-background-enabled":"default","ast-page-background-meta":{"desktop":{"background-color":"var(--ast-global-color-4)","background-image":"","background-repeat":"repeat","background-position":"center center","background-size":"auto","background-attachment":"scroll","background-type":"","background-media":"","overlay-type":"","overlay-color":"","overlay-opacity":"","overlay-gradient":""},"tablet":{"background-color":"","background-image":"","background-repeat":"repeat","background-position":"center center","background-size":"auto","background-attachment":"scroll","background-type":"","background-media":"","overlay-type":"","overlay-color":"","overlay-opacity":"","overlay-gradient":""},"mobile":{"background-color":"","background-image":"","background-repeat":"repeat","background-position":"center center","background-size":"auto","background-attachment":"scroll","background-type":"","background-media":"","overlay-type":"","overlay-color":"","overlay-opacity":"","overlay-gradient":""}},"ast-content-background-meta":{"desktop":{"background-color":"var(--ast-global-color-5)","background-image":"","background-repeat":"repeat","background-position":"center center","background-size":"auto","background-attachment":"scroll","background-type":"","background-media":"","overlay-type":"","overlay-color":"","overlay-opacity":"","overlay-gradient":""},"tablet":{"background-color":"var(--ast-global-color-5)","background-image":"","background-repeat":"repeat","background-position":"center center","background-size":"auto","background-attachment":"scroll","background-type":"","background-media":"","overlay-type":"","overlay-color":"","overlay-opacity":"","overlay-gradient":""},"mobile":{"background-color":"var(--ast-global-color-5)","background-image":"","background-repeat":"repeat","background-position":"center center","background-size":"auto","background-attachment":"scroll","background-type":"","background-media":"","overlay-type":"","overlay-color":"","overlay-opacity":"","overlay-gradient":""}},"footnotes":""},"class_list":["post-4523","page","type-page","status-publish","has-post-thumbnail","hentry"],"yoast_head":"<!-- This site is optimized with the Yoast SEO Premium plugin v24.2 (Yoast SEO v24.6) - https:\/\/yoast.com\/wordpress\/plugins\/seo\/ -->\n<title>Trabajo, Sobriedad y Continencia - Uni\u00f3n Esp\u00edrita<\/title>\n<meta name=\"robots\" content=\"index, follow, max-snippet:-1, max-image-preview:large, max-video-preview:-1\" \/>\n<link rel=\"canonical\" href=\"https:\/\/nuevo-renacer.com\/en\/trabajo-sobriedad-y-continencia\/\" \/>\n<meta property=\"og:locale\" content=\"en_GB\" \/>\n<meta property=\"og:type\" content=\"article\" \/>\n<meta property=\"og:title\" content=\"Trabajo, Sobriedad y Continencia\" \/>\n<meta property=\"og:description\" content=\"Trabajo, Sobriedad y Continencia El trabajo es una ley para las humanidades planetarias como para las sociedades del Espacio. Desde el ser m\u00e1s rudimentario hasta los Esp\u00edritus ang\u00e9licos que velan por los destinos de los mundos, todos toman parte en el gran concierto universal. Penoso y grosero para los seres inferiores, el trabajo se suaviza [&hellip;]\" \/>\n<meta property=\"og:url\" content=\"https:\/\/nuevo-renacer.com\/en\/trabajo-sobriedad-y-continencia\/\" \/>\n<meta property=\"og:site_name\" content=\"Uni\u00f3n Esp\u00edrita\" \/>\n<meta property=\"article:publisher\" content=\"https:\/\/www.facebook.com\/groups\/3431398063740829\" \/>\n<meta property=\"article:modified_time\" content=\"2024-09-05T12:57:05+00:00\" \/>\n<meta name=\"twitter:card\" content=\"summary_large_image\" \/>\n<meta name=\"twitter:label1\" content=\"Estimated reading time\" \/>\n\t<meta name=\"twitter:data1\" content=\"5 minutes\" \/>\n<script type=\"application\/ld+json\" class=\"yoast-schema-graph\">{\"@context\":\"https:\/\/schema.org\",\"@graph\":[{\"@type\":\"WebPage\",\"@id\":\"https:\/\/nuevo-renacer.com\/trabajo-sobriedad-y-continencia\/\",\"url\":\"https:\/\/nuevo-renacer.com\/trabajo-sobriedad-y-continencia\/\",\"name\":\"Trabajo, Sobriedad y Continencia - Uni\u00f3n Esp\u00edrita\",\"isPartOf\":{\"@id\":\"https:\/\/nuevo-renacer.com\/#website\"},\"primaryImageOfPage\":{\"@id\":\"https:\/\/nuevo-renacer.com\/trabajo-sobriedad-y-continencia\/#primaryimage\"},\"image\":{\"@id\":\"https:\/\/nuevo-renacer.com\/trabajo-sobriedad-y-continencia\/#primaryimage\"},\"thumbnailUrl\":\"https:\/\/nuevo-renacer.com\/wp-content\/uploads\/2024\/09\/hombre-campesino-ropa-trabajo-campo_1009902-21237.avif\",\"datePublished\":\"2024-09-05T12:48:38+00:00\",\"dateModified\":\"2024-09-05T12:57:05+00:00\",\"breadcrumb\":{\"@id\":\"https:\/\/nuevo-renacer.com\/trabajo-sobriedad-y-continencia\/#breadcrumb\"},\"inLanguage\":\"en-GB\",\"potentialAction\":[{\"@type\":\"ReadAction\",\"target\":[\"https:\/\/nuevo-renacer.com\/trabajo-sobriedad-y-continencia\/\"]}]},{\"@type\":\"ImageObject\",\"inLanguage\":\"en-GB\",\"@id\":\"https:\/\/nuevo-renacer.com\/trabajo-sobriedad-y-continencia\/#primaryimage\",\"url\":\"https:\/\/nuevo-renacer.com\/wp-content\/uploads\/2024\/09\/hombre-campesino-ropa-trabajo-campo_1009902-21237.avif\",\"contentUrl\":\"https:\/\/nuevo-renacer.com\/wp-content\/uploads\/2024\/09\/hombre-campesino-ropa-trabajo-campo_1009902-21237.avif\",\"width\":626,\"height\":417},{\"@type\":\"BreadcrumbList\",\"@id\":\"https:\/\/nuevo-renacer.com\/trabajo-sobriedad-y-continencia\/#breadcrumb\",\"itemListElement\":[{\"@type\":\"ListItem\",\"position\":1,\"name\":\"Startseite\",\"item\":\"https:\/\/nuevo-renacer.com\/\"},{\"@type\":\"ListItem\",\"position\":2,\"name\":\"Trabajo, Sobriedad y Continencia\"}]},{\"@type\":\"WebSite\",\"@id\":\"https:\/\/nuevo-renacer.com\/#website\",\"url\":\"https:\/\/nuevo-renacer.com\/\",\"name\":\"Uni\u00f3n Esp\u00edrita\",\"description\":\"Nuevo Renacer\",\"publisher\":{\"@id\":\"https:\/\/nuevo-renacer.com\/#organization\"},\"potentialAction\":[{\"@type\":\"SearchAction\",\"target\":{\"@type\":\"EntryPoint\",\"urlTemplate\":\"https:\/\/nuevo-renacer.com\/?s={search_term_string}\"},\"query-input\":{\"@type\":\"PropertyValueSpecification\",\"valueRequired\":true,\"valueName\":\"search_term_string\"}}],\"inLanguage\":\"en-GB\"},{\"@type\":\"Organization\",\"@id\":\"https:\/\/nuevo-renacer.com\/#organization\",\"name\":\"UFEC\",\"url\":\"https:\/\/nuevo-renacer.com\/\",\"logo\":{\"@type\":\"ImageObject\",\"inLanguage\":\"en-GB\",\"@id\":\"https:\/\/nuevo-renacer.com\/#\/schema\/logo\/image\/\",\"url\":\"https:\/\/nuevo-renacer.com\/wp-content\/uploads\/2024\/05\/cropped-LOGO-TERMINADO1-3-3.png\",\"contentUrl\":\"https:\/\/nuevo-renacer.com\/wp-content\/uploads\/2024\/05\/cropped-LOGO-TERMINADO1-3-3.png\",\"width\":512,\"height\":512,\"caption\":\"UFEC\"},\"image\":{\"@id\":\"https:\/\/nuevo-renacer.com\/#\/schema\/logo\/image\/\"},\"sameAs\":[\"https:\/\/www.facebook.com\/groups\/3431398063740829\"]}]}<\/script>\n<!-- \/ Yoast SEO Premium plugin. -->","yoast_head_json":{"title":"Trabajo, Sobriedad y Continencia - Uni\u00f3n Esp\u00edrita","robots":{"index":"index","follow":"follow","max-snippet":"max-snippet:-1","max-image-preview":"max-image-preview:large","max-video-preview":"max-video-preview:-1"},"canonical":"https:\/\/nuevo-renacer.com\/en\/trabajo-sobriedad-y-continencia\/","og_locale":"en_GB","og_type":"article","og_title":"Trabajo, Sobriedad y Continencia","og_description":"Trabajo, Sobriedad y Continencia El trabajo es una ley para las humanidades planetarias como para las sociedades del Espacio. Desde el ser m\u00e1s rudimentario hasta los Esp\u00edritus ang\u00e9licos que velan por los destinos de los mundos, todos toman parte en el gran concierto universal. Penoso y grosero para los seres inferiores, el trabajo se suaviza [&hellip;]","og_url":"https:\/\/nuevo-renacer.com\/en\/trabajo-sobriedad-y-continencia\/","og_site_name":"Uni\u00f3n Esp\u00edrita","article_publisher":"https:\/\/www.facebook.com\/groups\/3431398063740829","article_modified_time":"2024-09-05T12:57:05+00:00","twitter_card":"summary_large_image","twitter_misc":{"Estimated reading time":"5 minutes"},"schema":{"@context":"https:\/\/schema.org","@graph":[{"@type":"WebPage","@id":"https:\/\/nuevo-renacer.com\/trabajo-sobriedad-y-continencia\/","url":"https:\/\/nuevo-renacer.com\/trabajo-sobriedad-y-continencia\/","name":"Trabajo, Sobriedad y Continencia - Uni\u00f3n Esp\u00edrita","isPartOf":{"@id":"https:\/\/nuevo-renacer.com\/#website"},"primaryImageOfPage":{"@id":"https:\/\/nuevo-renacer.com\/trabajo-sobriedad-y-continencia\/#primaryimage"},"image":{"@id":"https:\/\/nuevo-renacer.com\/trabajo-sobriedad-y-continencia\/#primaryimage"},"thumbnailUrl":"https:\/\/nuevo-renacer.com\/wp-content\/uploads\/2024\/09\/hombre-campesino-ropa-trabajo-campo_1009902-21237.avif","datePublished":"2024-09-05T12:48:38+00:00","dateModified":"2024-09-05T12:57:05+00:00","breadcrumb":{"@id":"https:\/\/nuevo-renacer.com\/trabajo-sobriedad-y-continencia\/#breadcrumb"},"inLanguage":"en-GB","potentialAction":[{"@type":"ReadAction","target":["https:\/\/nuevo-renacer.com\/trabajo-sobriedad-y-continencia\/"]}]},{"@type":"ImageObject","inLanguage":"en-GB","@id":"https:\/\/nuevo-renacer.com\/trabajo-sobriedad-y-continencia\/#primaryimage","url":"https:\/\/nuevo-renacer.com\/wp-content\/uploads\/2024\/09\/hombre-campesino-ropa-trabajo-campo_1009902-21237.avif","contentUrl":"https:\/\/nuevo-renacer.com\/wp-content\/uploads\/2024\/09\/hombre-campesino-ropa-trabajo-campo_1009902-21237.avif","width":626,"height":417},{"@type":"BreadcrumbList","@id":"https:\/\/nuevo-renacer.com\/trabajo-sobriedad-y-continencia\/#breadcrumb","itemListElement":[{"@type":"ListItem","position":1,"name":"Startseite","item":"https:\/\/nuevo-renacer.com\/"},{"@type":"ListItem","position":2,"name":"Trabajo, Sobriedad y Continencia"}]},{"@type":"WebSite","@id":"https:\/\/nuevo-renacer.com\/#website","url":"https:\/\/nuevo-renacer.com\/","name":"Uni\u00f3n Esp\u00edrita","description":"Nuevo Renacer","publisher":{"@id":"https:\/\/nuevo-renacer.com\/#organization"},"potentialAction":[{"@type":"SearchAction","target":{"@type":"EntryPoint","urlTemplate":"https:\/\/nuevo-renacer.com\/?s={search_term_string}"},"query-input":{"@type":"PropertyValueSpecification","valueRequired":true,"valueName":"search_term_string"}}],"inLanguage":"en-GB"},{"@type":"Organization","@id":"https:\/\/nuevo-renacer.com\/#organization","name":"UFEC","url":"https:\/\/nuevo-renacer.com\/","logo":{"@type":"ImageObject","inLanguage":"en-GB","@id":"https:\/\/nuevo-renacer.com\/#\/schema\/logo\/image\/","url":"https:\/\/nuevo-renacer.com\/wp-content\/uploads\/2024\/05\/cropped-LOGO-TERMINADO1-3-3.png","contentUrl":"https:\/\/nuevo-renacer.com\/wp-content\/uploads\/2024\/05\/cropped-LOGO-TERMINADO1-3-3.png","width":512,"height":512,"caption":"UFEC"},"image":{"@id":"https:\/\/nuevo-renacer.com\/#\/schema\/logo\/image\/"},"sameAs":["https:\/\/www.facebook.com\/groups\/3431398063740829"]}]}},"uagb_featured_image_src":{"full":["https:\/\/nuevo-renacer.com\/wp-content\/uploads\/2024\/09\/hombre-campesino-ropa-trabajo-campo_1009902-21237.avif",626,417,false],"thumbnail":["https:\/\/nuevo-renacer.com\/wp-content\/uploads\/2024\/09\/hombre-campesino-ropa-trabajo-campo_1009902-21237.avif",150,100,false],"medium":["https:\/\/nuevo-renacer.com\/wp-content\/uploads\/2024\/09\/hombre-campesino-ropa-trabajo-campo_1009902-21237.avif",300,200,false],"medium_large":["https:\/\/nuevo-renacer.com\/wp-content\/uploads\/2024\/09\/hombre-campesino-ropa-trabajo-campo_1009902-21237.avif",626,417,false],"large":["https:\/\/nuevo-renacer.com\/wp-content\/uploads\/2024\/09\/hombre-campesino-ropa-trabajo-campo_1009902-21237.avif",626,417,false],"1536x1536":["https:\/\/nuevo-renacer.com\/wp-content\/uploads\/2024\/09\/hombre-campesino-ropa-trabajo-campo_1009902-21237.avif",626,417,false],"2048x2048":["https:\/\/nuevo-renacer.com\/wp-content\/uploads\/2024\/09\/hombre-campesino-ropa-trabajo-campo_1009902-21237.avif",626,417,false],"trp-custom-language-flag":["https:\/\/nuevo-renacer.com\/wp-content\/uploads\/2024\/09\/hombre-campesino-ropa-trabajo-campo_1009902-21237.avif",18,12,false]},"uagb_author_info":{"display_name":"adbv0","author_link":"https:\/\/nuevo-renacer.com\/en\/author\/adbv0\/"},"uagb_comment_info":0,"uagb_excerpt":"Trabajo, Sobriedad y Continencia El trabajo es una ley para las humanidades planetarias como para las sociedades del Espacio. Desde el ser m\u00e1s rudimentario hasta los Esp\u00edritus ang\u00e9licos que velan por los destinos de los mundos, todos toman parte en el gran concierto universal. Penoso y grosero para los seres inferiores, el trabajo se suaviza&hellip;","jetpack_sharing_enabled":true,"_links":{"self":[{"href":"https:\/\/nuevo-renacer.com\/en\/wp-json\/wp\/v2\/pages\/4523","targetHints":{"allow":["GET"]}}],"collection":[{"href":"https:\/\/nuevo-renacer.com\/en\/wp-json\/wp\/v2\/pages"}],"about":[{"href":"https:\/\/nuevo-renacer.com\/en\/wp-json\/wp\/v2\/types\/page"}],"author":[{"embeddable":true,"href":"https:\/\/nuevo-renacer.com\/en\/wp-json\/wp\/v2\/users\/1"}],"replies":[{"embeddable":true,"href":"https:\/\/nuevo-renacer.com\/en\/wp-json\/wp\/v2\/comments?post=4523"}],"version-history":[{"count":4,"href":"https:\/\/nuevo-renacer.com\/en\/wp-json\/wp\/v2\/pages\/4523\/revisions"}],"predecessor-version":[{"id":4529,"href":"https:\/\/nuevo-renacer.com\/en\/wp-json\/wp\/v2\/pages\/4523\/revisions\/4529"}],"wp:featuredmedia":[{"embeddable":true,"href":"https:\/\/nuevo-renacer.com\/en\/wp-json\/wp\/v2\/media\/4525"}],"wp:attachment":[{"href":"https:\/\/nuevo-renacer.com\/en\/wp-json\/wp\/v2\/media?parent=4523"}],"curies":[{"name":"wp","href":"https:\/\/api.w.org\/{rel}","templated":true}]}}