{"id":4321,"date":"2024-09-02T07:05:55","date_gmt":"2024-09-02T07:05:55","guid":{"rendered":"https:\/\/nuevo-renacer.com\/?page_id=4321"},"modified":"2025-11-20T10:25:20","modified_gmt":"2025-11-20T10:25:20","slug":"la-irresponsabilidad-y-sus-frutos","status":"publish","type":"page","link":"https:\/\/nuevo-renacer.com\/en\/la-irresponsabilidad-y-sus-frutos\/","title":{"rendered":"The irresponsibility and its fruits"},"content":{"rendered":"<div class=\"wp-block-uagb-container uagb-block-a6797f41 alignfull uagb-is-root-container\"><div class=\"uagb-container-inner-blocks-wrap\">\n<p class=\"has-black-color has-text-color has-link-color has-medium-font-size wp-elements-1a3c151f4b495a4706274d07e37a3387\"><strong>The irresponsibility and its fruits<\/strong><\/p>\n<\/div><\/div>\n\n\n\n<div class=\"wp-block-uagb-container uagb-block-77d2a1f6 alignfull uagb-is-root-container\"><div class=\"uagb-container-inner-blocks-wrap\">\n<figure class=\"wp-block-image size-large is-resized\"><img fetchpriority=\"high\" decoding=\"async\" width=\"1024\" height=\"640\" src=\"https:\/\/nuevo-renacer.com\/wp-content\/uploads\/2024\/09\/ideogram-2-1024x640.jpg\" alt=\"\" class=\"wp-image-4323\" style=\"width:394px;height:auto\" srcset=\"https:\/\/nuevo-renacer.com\/wp-content\/uploads\/2024\/09\/ideogram-2-1024x640.jpg 1024w, https:\/\/nuevo-renacer.com\/wp-content\/uploads\/2024\/09\/ideogram-2-300x187.jpg 300w, https:\/\/nuevo-renacer.com\/wp-content\/uploads\/2024\/09\/ideogram-2-768x480.jpg 768w, https:\/\/nuevo-renacer.com\/wp-content\/uploads\/2024\/09\/ideogram-2-1536x960.jpg 1536w, https:\/\/nuevo-renacer.com\/wp-content\/uploads\/2024\/09\/ideogram-2-18x12.jpg 18w, https:\/\/nuevo-renacer.com\/wp-content\/uploads\/2024\/09\/ideogram-2.jpg 1546w\" sizes=\"(max-width: 1024px) 100vw, 1024px\" \/><\/figure>\n<\/div><\/div>\n\n\n\n<div class=\"wp-block-uagb-container uagb-block-23ecb1db alignfull uagb-is-root-container\"><div class=\"uagb-container-inner-blocks-wrap\">\n<p class=\"has-black-color has-text-color has-link-color has-small-font-size wp-elements-dc6f3d9937036c279e00352e7b8a6864\">Responsibility for what we speak and do is a direct consequence of free will, that God-given freedom of choice that expands as we evolve. Given that, irresponsibility could not be propagated in our midst. Journalists, editors, mediums - more than anyone else - should always bear that fact in mind, based on the impact their work can have on society.<\/p>\n\n\n\n<p class=\"has-black-color has-text-color has-link-color has-small-font-size wp-elements-bc9784acb9bba75cdf24b506723ef88a\">\u201cVivimos momentos dif\u00edciles en la actualidad del movimiento esp\u00edrita, pero los culpables de eso somos nosotros mismos.\u00bb<\/p>\n\n\n\n<p class=\"has-black-color has-text-color has-link-color has-small-font-size wp-elements-0a4538f7660105b2c49c89e671e8dafe\">We have confused the meaning of the word tolerance. Tolerance, there is no doubt, is our duty towards all people, but never towards the mistakes they make. Pointing out the deception, the mistake, the misunderstanding is a good thing we do to the person who makes a mistake, because, having been warned of his mistakes, he will be able to rise to a new state of understanding. Obviously, in doing so, we should not expose anyone to ridicule or mockery, because that would harm the principle of charity, which is a precious good that we spiritists cannot ignore.<\/p>\n\n\n\n<p class=\"has-black-color has-text-color has-link-color has-small-font-size wp-elements-4561ef181da7403902ec9951f8b4dfc7\">Our second mistake is the irresponsibility that has led many people, not only mediums, to disregard the fundamental bases on which the Spiritist Doctrine was codified. It even seems that we forget the lesson that Emmanuel gave to Chico Xavier at the beginning of his work, so admired by the spiritists of Brazil. It was necessary, he told his dear mentor, to compare the mediumistic writings with the work of Kardec and the teachings of Jesus. In case of disagreement, the fate of the writings would be the dustbin, even if the author of the communication was himself.<\/p>\n\n\n\n<p class=\"has-black-color has-text-color has-link-color has-small-font-size wp-elements-398fcc3033f368f6d4d48ec39a62b6b5\">In the main work addressed to mediums and spiritist leaders, Kardec inserted two essential lessons, one signed by Erastus, the other by St. Louis, which are still up to date. The first one makes up item 230 of&nbsp;<em>The Mediums\u2019 Book<\/em>:<\/p>\n\n\n\n<p class=\"has-black-color has-text-color has-link-color has-small-font-size wp-elements-76f260261cab10a8357a44c3b2c41669\">In doubt, abstain, says one of your old proverbs. Admit, therefore, only what is, in your eyes, manifestly evident. As soon as a new opinion is brought forward, however doubtful it may seem to you, put it through the crucible of reason and logic, and fearlessly reject what reason and good sense reject. It is better to repel ten truths than to admit a single falsehood, a single erroneous theory. Indeed, upon such a theory you could build a whole system, which would crumble at the first breath of truth, like a monument built on shifting sands, whereas, if you reject some truths today because they are not clearly and logically demonstrated to you, later on a brutal fact, or an irrefutable demonstration, will affirm their authenticity to you.<\/p>\n\n\n\n<p class=\"has-black-color has-text-color has-link-color has-small-font-size wp-elements-0cffcb5ec2b10118bf71074b1a34e9b3\">Remember, however, O spiritists, that, for God and for good spirits, there is only one impossible thing: injustice and iniquity. Spiritism is already sufficiently widespread among men, and has already sufficiently moralised the sincere adepts of its holy doctrine, so that spirits are no longer obliged to use bad instruments, or imperfect mediums. If, therefore, a medium, whoever he may be, now becomes the object of legitimate suspicion, because of his conduct, his habits, his pride, his lack of love and charity, repel, repel his communications, for there will be a serpent hidden among the grass.<\/p>\n\n\n\n<p class=\"has-black-color has-text-color has-link-color has-small-font-size wp-elements-d9150a898195891d9ccb638ad6d1ded2\">The second lesson can be seen in section 266 of the above-mentioned work:<\/p>\n\n\n\n<p class=\"has-black-color has-text-color has-link-color has-small-font-size wp-elements-bb8323f9645b0cc129a504bfa3b98269\">By submitting all communications to a scrupulous examination, and by scrutinising and analysing the thought and expressions, as is customary in judging a literary work, and by rejecting, without hesitation, all that is contrary to logic and good sense, and all that belies the character of the spirit who is supposed to be the one who is manifesting himself, we discourage the lying spirits, who will eventually withdraw, once they are well convinced that they will not succeed in deceiving. We repeat: this means is unique, but it is infallible, for no evil communication can withstand rigorous criticism. The good spirits are never offended by it, because they themselves advise it, and because they have nothing to fear from examination. Only the bad ones formalise and seek to avoid it, because they all have to lose. Only in this way do they prove what they are. This is the advice that St. Louis gave us in this respect:&nbsp;<\/p>\n\n\n\n<p class=\"has-black-color has-text-color has-link-color has-small-font-size wp-elements-c2d5c4b8695300ad42617346ff9eb6c8\"><em>Whatever may be the legitimate confidence inspired by the spirits who preside over your work, there is one recommendation which can never be too often repeated, and which you should always bear in mind when you are engaged in your studies: it is that of weighing and meditating; it is that of submitting all communications you receive to the sieve of the severest reason; it is that of never failing to ask for the explanations necessary to form a sure opinion, whenever a point appears to you to be suspicious, doubtful, or obscure.<\/em><\/p>\n\n\n\n<p class=\"has-black-color has-text-color has-link-color has-small-font-size wp-elements-04d4f80964a11651effb739f05abfda8\">Herculano Pires, who, according to Emmanuel and Chico Xavier, was the one who most understood Kardec's work, never failed to point out the errors, whoever they were, because above all we must preserve the Doctrine and not allow ourselves to be used to denigrate it.<\/p>\n<\/div><\/div>\n\n\n\n<div class=\"wp-block-uagb-container uagb-block-ffe1c91c alignfull uagb-is-root-container\"><div class=\"uagb-container-inner-blocks-wrap\"><\/div><\/div>\n\n\n\n<div class=\"wp-block-uagb-container uagb-block-047ca7e8 alignfull uagb-is-root-container\"><div class=\"uagb-container-inner-blocks-wrap\"><\/div><\/div>","protected":false},"excerpt":{"rendered":"<p>La irresponsabilidad y sus frutos La responsabilidad por lo que hablamos y hacemos es consecuencia directa del libre albedr\u00edo, esa libertad de elecci\u00f3n que Dios nos concedi\u00f3 y que se ampl\u00eda a medida que evolucionamos. A la vista de eso, la irresponsabilidad no podr\u00eda propagarse en nuestro medio. Periodistas, editores, m\u00e9diums \u2013 m\u00e1s que cualquier [&hellip;]<\/p>","protected":false},"author":1,"featured_media":4323,"parent":0,"menu_order":0,"comment_status":"closed","ping_status":"closed","template":"","meta":{"_uag_custom_page_level_css":"","site-sidebar-layout":"default","site-content-layout":"","ast-site-content-layout":"default","site-content-style":"default","site-sidebar-style":"default","ast-global-header-display":"","ast-banner-title-visibility":"","ast-main-header-display":"","ast-hfb-above-header-display":"","ast-hfb-below-header-display":"","ast-hfb-mobile-header-display":"","site-post-title":"","ast-breadcrumbs-content":"","ast-featured-img":"","footer-sml-layout":"","theme-transparent-header-meta":"","adv-header-id-meta":"","stick-header-meta":"","header-above-stick-meta":"","header-main-stick-meta":"","header-below-stick-meta":"","astra-migrate-meta-layouts":"set","ast-page-background-enabled":"default","ast-page-background-meta":{"desktop":{"background-color":"var(--ast-global-color-4)","background-image":"","background-repeat":"repeat","background-position":"center center","background-size":"auto","background-attachment":"scroll","background-type":"","background-media":"","overlay-type":"","overlay-color":"","overlay-opacity":"","overlay-gradient":""},"tablet":{"background-color":"","background-image":"","background-repeat":"repeat","background-position":"center center","background-size":"auto","background-attachment":"scroll","background-type":"","background-media":"","overlay-type":"","overlay-color":"","overlay-opacity":"","overlay-gradient":""},"mobile":{"background-color":"","background-image":"","background-repeat":"repeat","background-position":"center center","background-size":"auto","background-attachment":"scroll","background-type":"","background-media":"","overlay-type":"","overlay-color":"","overlay-opacity":"","overlay-gradient":""}},"ast-content-background-meta":{"desktop":{"background-color":"var(--ast-global-color-5)","background-image":"","background-repeat":"repeat","background-position":"center center","background-size":"auto","background-attachment":"scroll","background-type":"","background-media":"","overlay-type":"","overlay-color":"","overlay-opacity":"","overlay-gradient":""},"tablet":{"background-color":"var(--ast-global-color-5)","background-image":"","background-repeat":"repeat","background-position":"center center","background-size":"auto","background-attachment":"scroll","background-type":"","background-media":"","overlay-type":"","overlay-color":"","overlay-opacity":"","overlay-gradient":""},"mobile":{"background-color":"var(--ast-global-color-5)","background-image":"","background-repeat":"repeat","background-position":"center center","background-size":"auto","background-attachment":"scroll","background-type":"","background-media":"","overlay-type":"","overlay-color":"","overlay-opacity":"","overlay-gradient":""}},"footnotes":""},"class_list":["post-4321","page","type-page","status-publish","has-post-thumbnail","hentry"],"yoast_head":"<!-- This site is optimized with the Yoast SEO Premium plugin v24.2 (Yoast SEO v24.6) - https:\/\/yoast.com\/wordpress\/plugins\/seo\/ -->\n<title>La irresponsabilidad y sus frutos - Uni\u00f3n Esp\u00edrita<\/title>\n<meta name=\"robots\" content=\"index, follow, max-snippet:-1, max-image-preview:large, max-video-preview:-1\" \/>\n<link rel=\"canonical\" href=\"https:\/\/nuevo-renacer.com\/en\/la-irresponsabilidad-y-sus-frutos\/\" \/>\n<meta property=\"og:locale\" content=\"en_GB\" \/>\n<meta property=\"og:type\" content=\"article\" \/>\n<meta property=\"og:title\" content=\"La irresponsabilidad y sus frutos\" \/>\n<meta property=\"og:description\" content=\"La irresponsabilidad y sus frutos La responsabilidad por lo que hablamos y hacemos es consecuencia directa del libre albedr\u00edo, esa libertad de elecci\u00f3n que Dios nos concedi\u00f3 y que se ampl\u00eda a medida que evolucionamos. A la vista de eso, la irresponsabilidad no podr\u00eda propagarse en nuestro medio. Periodistas, editores, m\u00e9diums \u2013 m\u00e1s que cualquier [&hellip;]\" \/>\n<meta property=\"og:url\" content=\"https:\/\/nuevo-renacer.com\/en\/la-irresponsabilidad-y-sus-frutos\/\" \/>\n<meta property=\"og:site_name\" content=\"Uni\u00f3n Esp\u00edrita\" \/>\n<meta property=\"article:publisher\" content=\"https:\/\/www.facebook.com\/groups\/3431398063740829\" \/>\n<meta property=\"article:modified_time\" content=\"2025-11-20T10:25:20+00:00\" \/>\n<meta property=\"og:image\" content=\"https:\/\/nuevo-renacer.com\/wp-content\/uploads\/2024\/09\/ideogram-2.jpg\" \/>\n\t<meta property=\"og:image:width\" content=\"1546\" \/>\n\t<meta property=\"og:image:height\" content=\"966\" \/>\n\t<meta property=\"og:image:type\" content=\"image\/jpeg\" \/>\n<meta name=\"twitter:card\" content=\"summary_large_image\" \/>\n<meta name=\"twitter:label1\" content=\"Estimated reading time\" \/>\n\t<meta name=\"twitter:data1\" content=\"6 minutes\" \/>\n<script type=\"application\/ld+json\" class=\"yoast-schema-graph\">{\"@context\":\"https:\/\/schema.org\",\"@graph\":[{\"@type\":\"WebPage\",\"@id\":\"https:\/\/nuevo-renacer.com\/la-irresponsabilidad-y-sus-frutos\/\",\"url\":\"https:\/\/nuevo-renacer.com\/la-irresponsabilidad-y-sus-frutos\/\",\"name\":\"La irresponsabilidad y sus frutos - Uni\u00f3n Esp\u00edrita\",\"isPartOf\":{\"@id\":\"https:\/\/nuevo-renacer.com\/#website\"},\"primaryImageOfPage\":{\"@id\":\"https:\/\/nuevo-renacer.com\/la-irresponsabilidad-y-sus-frutos\/#primaryimage\"},\"image\":{\"@id\":\"https:\/\/nuevo-renacer.com\/la-irresponsabilidad-y-sus-frutos\/#primaryimage\"},\"thumbnailUrl\":\"https:\/\/nuevo-renacer.com\/wp-content\/uploads\/2024\/09\/ideogram-2.jpg\",\"datePublished\":\"2024-09-02T07:05:55+00:00\",\"dateModified\":\"2025-11-20T10:25:20+00:00\",\"breadcrumb\":{\"@id\":\"https:\/\/nuevo-renacer.com\/la-irresponsabilidad-y-sus-frutos\/#breadcrumb\"},\"inLanguage\":\"en-GB\",\"potentialAction\":[{\"@type\":\"ReadAction\",\"target\":[\"https:\/\/nuevo-renacer.com\/la-irresponsabilidad-y-sus-frutos\/\"]}]},{\"@type\":\"ImageObject\",\"inLanguage\":\"en-GB\",\"@id\":\"https:\/\/nuevo-renacer.com\/la-irresponsabilidad-y-sus-frutos\/#primaryimage\",\"url\":\"https:\/\/nuevo-renacer.com\/wp-content\/uploads\/2024\/09\/ideogram-2.jpg\",\"contentUrl\":\"https:\/\/nuevo-renacer.com\/wp-content\/uploads\/2024\/09\/ideogram-2.jpg\",\"width\":1546,\"height\":966},{\"@type\":\"BreadcrumbList\",\"@id\":\"https:\/\/nuevo-renacer.com\/la-irresponsabilidad-y-sus-frutos\/#breadcrumb\",\"itemListElement\":[{\"@type\":\"ListItem\",\"position\":1,\"name\":\"Startseite\",\"item\":\"https:\/\/nuevo-renacer.com\/\"},{\"@type\":\"ListItem\",\"position\":2,\"name\":\"La irresponsabilidad y sus frutos\"}]},{\"@type\":\"WebSite\",\"@id\":\"https:\/\/nuevo-renacer.com\/#website\",\"url\":\"https:\/\/nuevo-renacer.com\/\",\"name\":\"Uni\u00f3n Esp\u00edrita\",\"description\":\"Nuevo Renacer\",\"publisher\":{\"@id\":\"https:\/\/nuevo-renacer.com\/#organization\"},\"potentialAction\":[{\"@type\":\"SearchAction\",\"target\":{\"@type\":\"EntryPoint\",\"urlTemplate\":\"https:\/\/nuevo-renacer.com\/?s={search_term_string}\"},\"query-input\":{\"@type\":\"PropertyValueSpecification\",\"valueRequired\":true,\"valueName\":\"search_term_string\"}}],\"inLanguage\":\"en-GB\"},{\"@type\":\"Organization\",\"@id\":\"https:\/\/nuevo-renacer.com\/#organization\",\"name\":\"UFEC\",\"url\":\"https:\/\/nuevo-renacer.com\/\",\"logo\":{\"@type\":\"ImageObject\",\"inLanguage\":\"en-GB\",\"@id\":\"https:\/\/nuevo-renacer.com\/#\/schema\/logo\/image\/\",\"url\":\"https:\/\/nuevo-renacer.com\/wp-content\/uploads\/2024\/05\/cropped-LOGO-TERMINADO1-3-3.png\",\"contentUrl\":\"https:\/\/nuevo-renacer.com\/wp-content\/uploads\/2024\/05\/cropped-LOGO-TERMINADO1-3-3.png\",\"width\":512,\"height\":512,\"caption\":\"UFEC\"},\"image\":{\"@id\":\"https:\/\/nuevo-renacer.com\/#\/schema\/logo\/image\/\"},\"sameAs\":[\"https:\/\/www.facebook.com\/groups\/3431398063740829\"]}]}<\/script>\n<!-- \/ Yoast SEO Premium plugin. -->","yoast_head_json":{"title":"La irresponsabilidad y sus frutos - Uni\u00f3n Esp\u00edrita","robots":{"index":"index","follow":"follow","max-snippet":"max-snippet:-1","max-image-preview":"max-image-preview:large","max-video-preview":"max-video-preview:-1"},"canonical":"https:\/\/nuevo-renacer.com\/en\/la-irresponsabilidad-y-sus-frutos\/","og_locale":"en_GB","og_type":"article","og_title":"La irresponsabilidad y sus frutos","og_description":"La irresponsabilidad y sus frutos La responsabilidad por lo que hablamos y hacemos es consecuencia directa del libre albedr\u00edo, esa libertad de elecci\u00f3n que Dios nos concedi\u00f3 y que se ampl\u00eda a medida que evolucionamos. A la vista de eso, la irresponsabilidad no podr\u00eda propagarse en nuestro medio. Periodistas, editores, m\u00e9diums \u2013 m\u00e1s que cualquier [&hellip;]","og_url":"https:\/\/nuevo-renacer.com\/en\/la-irresponsabilidad-y-sus-frutos\/","og_site_name":"Uni\u00f3n Esp\u00edrita","article_publisher":"https:\/\/www.facebook.com\/groups\/3431398063740829","article_modified_time":"2025-11-20T10:25:20+00:00","og_image":[{"width":1546,"height":966,"url":"https:\/\/nuevo-renacer.com\/wp-content\/uploads\/2024\/09\/ideogram-2.jpg","type":"image\/jpeg"}],"twitter_card":"summary_large_image","twitter_misc":{"Estimated reading time":"6 minutes"},"schema":{"@context":"https:\/\/schema.org","@graph":[{"@type":"WebPage","@id":"https:\/\/nuevo-renacer.com\/la-irresponsabilidad-y-sus-frutos\/","url":"https:\/\/nuevo-renacer.com\/la-irresponsabilidad-y-sus-frutos\/","name":"La irresponsabilidad y sus frutos - Uni\u00f3n Esp\u00edrita","isPartOf":{"@id":"https:\/\/nuevo-renacer.com\/#website"},"primaryImageOfPage":{"@id":"https:\/\/nuevo-renacer.com\/la-irresponsabilidad-y-sus-frutos\/#primaryimage"},"image":{"@id":"https:\/\/nuevo-renacer.com\/la-irresponsabilidad-y-sus-frutos\/#primaryimage"},"thumbnailUrl":"https:\/\/nuevo-renacer.com\/wp-content\/uploads\/2024\/09\/ideogram-2.jpg","datePublished":"2024-09-02T07:05:55+00:00","dateModified":"2025-11-20T10:25:20+00:00","breadcrumb":{"@id":"https:\/\/nuevo-renacer.com\/la-irresponsabilidad-y-sus-frutos\/#breadcrumb"},"inLanguage":"en-GB","potentialAction":[{"@type":"ReadAction","target":["https:\/\/nuevo-renacer.com\/la-irresponsabilidad-y-sus-frutos\/"]}]},{"@type":"ImageObject","inLanguage":"en-GB","@id":"https:\/\/nuevo-renacer.com\/la-irresponsabilidad-y-sus-frutos\/#primaryimage","url":"https:\/\/nuevo-renacer.com\/wp-content\/uploads\/2024\/09\/ideogram-2.jpg","contentUrl":"https:\/\/nuevo-renacer.com\/wp-content\/uploads\/2024\/09\/ideogram-2.jpg","width":1546,"height":966},{"@type":"BreadcrumbList","@id":"https:\/\/nuevo-renacer.com\/la-irresponsabilidad-y-sus-frutos\/#breadcrumb","itemListElement":[{"@type":"ListItem","position":1,"name":"Startseite","item":"https:\/\/nuevo-renacer.com\/"},{"@type":"ListItem","position":2,"name":"La irresponsabilidad y sus frutos"}]},{"@type":"WebSite","@id":"https:\/\/nuevo-renacer.com\/#website","url":"https:\/\/nuevo-renacer.com\/","name":"Uni\u00f3n Esp\u00edrita","description":"Nuevo Renacer","publisher":{"@id":"https:\/\/nuevo-renacer.com\/#organization"},"potentialAction":[{"@type":"SearchAction","target":{"@type":"EntryPoint","urlTemplate":"https:\/\/nuevo-renacer.com\/?s={search_term_string}"},"query-input":{"@type":"PropertyValueSpecification","valueRequired":true,"valueName":"search_term_string"}}],"inLanguage":"en-GB"},{"@type":"Organization","@id":"https:\/\/nuevo-renacer.com\/#organization","name":"UFEC","url":"https:\/\/nuevo-renacer.com\/","logo":{"@type":"ImageObject","inLanguage":"en-GB","@id":"https:\/\/nuevo-renacer.com\/#\/schema\/logo\/image\/","url":"https:\/\/nuevo-renacer.com\/wp-content\/uploads\/2024\/05\/cropped-LOGO-TERMINADO1-3-3.png","contentUrl":"https:\/\/nuevo-renacer.com\/wp-content\/uploads\/2024\/05\/cropped-LOGO-TERMINADO1-3-3.png","width":512,"height":512,"caption":"UFEC"},"image":{"@id":"https:\/\/nuevo-renacer.com\/#\/schema\/logo\/image\/"},"sameAs":["https:\/\/www.facebook.com\/groups\/3431398063740829"]}]}},"uagb_featured_image_src":{"full":["https:\/\/nuevo-renacer.com\/wp-content\/uploads\/2024\/09\/ideogram-2.jpg",1546,966,false],"thumbnail":["https:\/\/nuevo-renacer.com\/wp-content\/uploads\/2024\/09\/ideogram-2-150x150.jpg",150,150,true],"medium":["https:\/\/nuevo-renacer.com\/wp-content\/uploads\/2024\/09\/ideogram-2-300x187.jpg",300,187,true],"medium_large":["https:\/\/nuevo-renacer.com\/wp-content\/uploads\/2024\/09\/ideogram-2-768x480.jpg",768,480,true],"large":["https:\/\/nuevo-renacer.com\/wp-content\/uploads\/2024\/09\/ideogram-2-1024x640.jpg",1024,640,true],"1536x1536":["https:\/\/nuevo-renacer.com\/wp-content\/uploads\/2024\/09\/ideogram-2-1536x960.jpg",1536,960,true],"2048x2048":["https:\/\/nuevo-renacer.com\/wp-content\/uploads\/2024\/09\/ideogram-2.jpg",1546,966,false],"trp-custom-language-flag":["https:\/\/nuevo-renacer.com\/wp-content\/uploads\/2024\/09\/ideogram-2-18x12.jpg",18,12,true]},"uagb_author_info":{"display_name":"adbv0","author_link":"https:\/\/nuevo-renacer.com\/en\/author\/adbv0\/"},"uagb_comment_info":0,"uagb_excerpt":"La irresponsabilidad y sus frutos La responsabilidad por lo que hablamos y hacemos es consecuencia directa del libre albedr\u00edo, esa libertad de elecci\u00f3n que Dios nos concedi\u00f3 y que se ampl\u00eda a medida que evolucionamos. A la vista de eso, la irresponsabilidad no podr\u00eda propagarse en nuestro medio. Periodistas, editores, m\u00e9diums \u2013 m\u00e1s que cualquier&hellip;","jetpack_sharing_enabled":true,"_links":{"self":[{"href":"https:\/\/nuevo-renacer.com\/en\/wp-json\/wp\/v2\/pages\/4321","targetHints":{"allow":["GET"]}}],"collection":[{"href":"https:\/\/nuevo-renacer.com\/en\/wp-json\/wp\/v2\/pages"}],"about":[{"href":"https:\/\/nuevo-renacer.com\/en\/wp-json\/wp\/v2\/types\/page"}],"author":[{"embeddable":true,"href":"https:\/\/nuevo-renacer.com\/en\/wp-json\/wp\/v2\/users\/1"}],"replies":[{"embeddable":true,"href":"https:\/\/nuevo-renacer.com\/en\/wp-json\/wp\/v2\/comments?post=4321"}],"version-history":[{"count":14,"href":"https:\/\/nuevo-renacer.com\/en\/wp-json\/wp\/v2\/pages\/4321\/revisions"}],"predecessor-version":[{"id":8704,"href":"https:\/\/nuevo-renacer.com\/en\/wp-json\/wp\/v2\/pages\/4321\/revisions\/8704"}],"wp:featuredmedia":[{"embeddable":true,"href":"https:\/\/nuevo-renacer.com\/en\/wp-json\/wp\/v2\/media\/4323"}],"wp:attachment":[{"href":"https:\/\/nuevo-renacer.com\/en\/wp-json\/wp\/v2\/media?parent=4321"}],"curies":[{"name":"wp","href":"https:\/\/api.w.org\/{rel}","templated":true}]}}