{"id":4288,"date":"2024-08-30T05:55:19","date_gmt":"2024-08-30T05:55:19","guid":{"rendered":"https:\/\/nuevo-renacer.com\/?page_id=4288"},"modified":"2025-01-08T12:32:20","modified_gmt":"2025-01-08T12:32:20","slug":"el-origen-de-la-enfermedad","status":"publish","type":"page","link":"https:\/\/nuevo-renacer.com\/en\/el-origen-de-la-enfermedad\/","title":{"rendered":"The origin of the disease"},"content":{"rendered":"<div class=\"wp-block-uagb-container uagb-block-ad54645c alignfull uagb-is-root-container\"><div class=\"uagb-container-inner-blocks-wrap\">\n<p class=\"has-black-color has-text-color has-link-color has-medium-font-size wp-elements-057847cfc4d33ae63cb92fd098e3d064\"><strong>The origin of the disease<\/strong><\/p>\n<\/div><\/div>\n\n\n\n<div class=\"wp-block-uagb-container uagb-block-58d5b43c alignfull uagb-is-root-container\"><div class=\"uagb-container-inner-blocks-wrap\">\n<figure class=\"wp-block-image size-large is-resized\"><img fetchpriority=\"high\" decoding=\"async\" width=\"1024\" height=\"576\" src=\"https:\/\/nuevo-renacer.com\/wp-content\/uploads\/2024\/08\/sendung-wie-viel-krankheit-ist-gesund-100_v-gseagaleriexl-1024x576.jpg\" alt=\"\" class=\"wp-image-4289\" style=\"width:395px;height:auto\" srcset=\"https:\/\/nuevo-renacer.com\/wp-content\/uploads\/2024\/08\/sendung-wie-viel-krankheit-ist-gesund-100_v-gseagaleriexl-1024x576.jpg 1024w, https:\/\/nuevo-renacer.com\/wp-content\/uploads\/2024\/08\/sendung-wie-viel-krankheit-ist-gesund-100_v-gseagaleriexl-300x169.jpg 300w, https:\/\/nuevo-renacer.com\/wp-content\/uploads\/2024\/08\/sendung-wie-viel-krankheit-ist-gesund-100_v-gseagaleriexl-768x432.jpg 768w, https:\/\/nuevo-renacer.com\/wp-content\/uploads\/2024\/08\/sendung-wie-viel-krankheit-ist-gesund-100_v-gseagaleriexl-1536x864.jpg 1536w, https:\/\/nuevo-renacer.com\/wp-content\/uploads\/2024\/08\/sendung-wie-viel-krankheit-ist-gesund-100_v-gseagaleriexl-18x10.jpg 18w, https:\/\/nuevo-renacer.com\/wp-content\/uploads\/2024\/08\/sendung-wie-viel-krankheit-ist-gesund-100_v-gseagaleriexl.jpg 1600w\" sizes=\"(max-width: 1024px) 100vw, 1024px\" \/><\/figure>\n<\/div><\/div>\n\n\n\n<div class=\"wp-block-uagb-container uagb-block-88e4040a alignfull uagb-is-root-container\"><div class=\"uagb-container-inner-blocks-wrap\">\n<p class=\"has-black-color has-text-color has-link-color has-small-font-size wp-elements-5f9390de20402c698788a55b1a601eac\">In general, in order to determine the origin of the disease we have to take into account many nuances that make it difficult to give a simple and brief answer. It is like an equation with many interacting variables that are difficult to isolate:<\/p>\n\n\n\n<ul class=\"wp-block-list\">\n<li class=\"has-black-color has-text-color has-link-color has-small-font-size wp-elements-f3b4b11f33d6ca357c72090fcfb7280e\">free will, which determines our attitude in the face of adversity;<\/li>\n\n\n\n<li class=\"has-black-color has-text-color has-link-color has-small-font-size wp-elements-7ca4ae88badc8a2fbb85dff93cce72ad\">bio-psycho-psycho-socio-spiritual factors of the present incarnation;<\/li>\n\n\n\n<li class=\"has-black-color has-text-color has-link-color has-small-font-size wp-elements-09c911c07c86a797aa51b51192fe64d0\">bio-psycho-socio-spiritual factors from past incarnations;<\/li>\n\n\n\n<li class=\"has-black-color has-text-color has-link-color has-small-font-size wp-elements-eb7895021985dd0d61fc80f4396b844b\">merits achieved through good works;<\/li>\n\n\n\n<li class=\"has-black-color has-text-color has-link-color has-small-font-size wp-elements-5fcc37a78b302e145d5cd8a1fe960e27\">divine mercy and the mercy of other human beings;<\/li>\n\n\n\n<li class=\"has-black-color has-text-color has-link-color has-small-font-size wp-elements-888aa6c33395f5399799aea4f03cbd00\">the degree of consciousness or spiritual development.<\/li>\n<\/ul>\n\n\n\n<p class=\"has-black-color has-text-color has-link-color has-small-font-size wp-elements-bbf588510b78b1d890c0f3e402f42f47\">Let's look at it through an example, and then perhaps it will be easier to put it into perspective. Any of us can ask ourselves: am I responsible for the organic injury that damages my body? Did I provoke it in any way?<\/p>\n\n\n\n<p class=\"has-black-color has-text-color has-link-color has-small-font-size wp-elements-f418caa5070749d2d1a0147a08fa6190\">The Spiritist Doctrine clearly answers yes, at least in part: mental factors and deliberate actions, which if not found in this incarnation will be found in previous ones, have predisposed my body to degenerative processes that have promoted disease; actions on myself and\/or others that have transgressed the divine or natural laws that govern the physical and moral Universe. For example, the consumption of toxic substances, disproportionate consumption of healthy substances, physical and psychological aggressions to ourselves or others, etc.<\/p>\n\n\n\n<p class=\"has-black-color has-text-color has-link-color has-small-font-size wp-elements-47fb19d111ac4925d270d3d1efd12e13\">As we all know, every effect generates a cause, and deviations have consequences.<\/p>\n\n\n\n<p class=\"has-black-color has-text-color has-link-color has-small-font-size wp-elements-bcb8c340e4dc93b2dc71cde7132237b8\">The innumerable factors involved in each person will require a completely individual approach, as the causes that lead two people to suffer from the same disease can be very different and it is not possible to give the same explanation.<\/p>\n\n\n\n<p class=\"has-black-color has-text-color has-link-color has-small-font-size wp-elements-b040d6e63e4d85960f1729a9e12e57fa\">Any unnatural illness (physical or psychological) can and should be considered an illness of the soul,\u2019 Joana tells us in a work called Plenitud, psychographed by the beloved Divaldo Franco,<\/p>\n\n\n\n<p class=\"has-black-color has-text-color has-link-color has-small-font-size wp-elements-7c4b31404fe3e6201ab661a5816384ed\">\"which still clings to sensations and chooses directions and actions that produce imbalance. In this phase, of immediate interests, a whole tangle of primitive passions drives the being in the direction of enjoyment, without the necessary ethics and feeling of superior choice, and throws it into the main areas of conflict that generate the disharmony of organic defences, which give way to the invasion of microbes and viruses that destroy its immunity. It can be said that [this] suffering is not imposed by God, constituting the choice of every creature\".<\/p>\n\n\n\n<p class=\"has-black-color has-text-color has-link-color has-small-font-size wp-elements-dbcbf206543bdcb288e7ebbf959b3e24\">The mentor continues later in the same work:<\/p>\n\n\n\n<p class=\"has-black-color has-text-color has-link-color has-small-font-size wp-elements-df6aac7e914684a2867ad9c7175e6879\">\u201c[This kind of] disease is the result of an energetic imbalance of the body due to the fragility of the emotional state of the activating Spirit. Viruses, bacteria and other micro-organisms are not responsible for the presence of the disease (...). The moral and mental conduct of men when they cultivate the emotions of irritability, hatred, jealousy, resentment, vice, impregnates the organism and the nervous system with harmful vibrations which block the areas where healthy energy spreads, opening the field for the installation of disease\".<\/p>\n\n\n\n<p class=\"has-black-color has-text-color has-link-color has-small-font-size wp-elements-252df98c4d7e2dd4b65a79c297e86e89\">In short, as Joanna says: \"the root causes of illnesses are in the individual, who must examine himself, know himself in order to free himself from this type of suffering\".<\/p>\n\n\n\n<p class=\"has-black-color has-text-color has-link-color has-small-font-size wp-elements-64a5657ee69e35f4f2b0d4ea5723dc62\">So far we have seen that, to a large extent, we become ill because of deviations in our moral conduct. But let us not forget the natural alterations of the organism in its interaction with the environment.<\/p>\n\n\n\n<p class=\"has-black-color has-text-color has-link-color has-small-font-size wp-elements-ce26cf8c8139ecc079d1787f7f37a400\">We know that there are factors inherent in our material condition which are not entirely our responsibility. Matter degrades naturally, the body which is a wonderful material instrument will suffer a completely natural wear and tear, which will produce imbalances and illnesses no matter how much we take care of ourselves. It is not immortal and eternal, unlike our Spirit. For example, with age, tissues lose elasticity and strength; we lose cells, which die from the wear and tear of the Vital Fluid, compromising the sense organs, the quality and quantity of hair, hormonal, neural, skeletal changes, etc.<\/p>\n\n\n\n<p class=\"has-black-color has-text-color has-link-color has-small-font-size wp-elements-02c2f22fa4268b402d411e043764af98\">In this case, the cause of illnesses resulting from these natural processes is beyond our control. Joanna de Angelis, in Plenitude, explains that illnesses are inevitable in human existence, due to the molecular constitution of the body, to the biological phenomena to which it is subject in its incessant transformations. Only the Pure Spirits do not suffer from this type of illnesses, since they do not need to reincarnate in matter, as Kardec teaches us in the answer to question 226 of The Spirits' Book.<\/p>\n\n\n\n<p class=\"has-black-color has-text-color has-link-color has-small-font-size wp-elements-9af4779b9c1a54c437e1db07aca6331b\">In any case, Joanna de \u00c2ngelis consoles us by answering the question of what is the point of being ill. Illness and suffering are not divine punishments as some mythological traditions would have us believe, giving the role of vengeance to the gods of Olympus:<\/p>\n\n\n\n<p class=\"has-black-color has-text-color has-link-color has-small-font-size wp-elements-35152c3305e3fb1bd1be236023a9e70f\">\"As the chisel acts on the rough stone and cuts it, diseases are chiselling mechanisms for the soul to awaken its potential and shine beyond the organic vessel that imprisons it\".<\/p>\n\n\n\n<p class=\"has-black-color has-text-color has-link-color has-small-font-size wp-elements-99b69a000ef5654944d72e62276a10a1\">In the book The Integral Man - and with this we end - Joanna de Angelis explains that:<\/p>\n\n\n\n<p class=\"has-black-color has-text-color has-link-color has-small-font-size wp-elements-3883935b1ea5884d4542dbc5f9ab09ee\">\"Suffering is part of the mechanism of evolution on Earth. In the plant and animal kingdoms it is found in the embryonic perception of plants, which suffer from environmental aggression and hostility, pollution and degenerative processes. Among animals, from the least expressive to the most biologically advanced, suffering manifests itself in nervous sensitivity, which serves to produce new and more perfect biotypes, in constant adaptation and harmony of the latent psyche in them\".<\/p>\n\n\n\n<p class=\"has-black-color has-text-color has-link-color has-small-font-size wp-elements-258911a88589ce9eb171218ca1ad6668\">In the Human Being, suffering is a motivating source of the struggles of emotional growth and maturation of the personality, which begins to understand existence in a less dreamy way and more in accordance with reality\u2019. That is why our mission, the mission of the person who, like any of us, is going through a difficulty, is to persist in the search for the solution, whatever the cost, in the acquisition of that adjustment with the Divine or Natural Laws, in particular with the Law of Love and Charity. We can fall ten times, a hundred times, a million times! We may make the same mistake over and over again. But we must always get up and keep moving forward. Never give up.<\/p>\n<\/div><\/div>\n\n\n\n<div class=\"wp-block-uagb-container uagb-block-61710b31 alignfull uagb-is-root-container\"><div class=\"uagb-container-inner-blocks-wrap\"><\/div><\/div>\n\n\n\n<div class=\"wp-block-uagb-container uagb-block-7b5be9eb alignfull uagb-is-root-container\"><div class=\"uagb-container-inner-blocks-wrap\"><\/div><\/div>","protected":false},"excerpt":{"rendered":"<p>El origen de la enfermedad En general, para determinar el origen de la enfermedad hemos de tener en cuenta numerosos matices que hacen dif\u00edcil dar una respuesta sencilla y breve. Es como una ecuaci\u00f3n con muchas variables que interact\u00faan entre s\u00ed y que es complejo aislar: Ve\u00e1moslo a trav\u00e9s de un ejemplo y as\u00ed, tal [&hellip;]<\/p>","protected":false},"author":1,"featured_media":4289,"parent":0,"menu_order":0,"comment_status":"closed","ping_status":"closed","template":"","meta":{"_uag_custom_page_level_css":"","site-sidebar-layout":"default","site-content-layout":"","ast-site-content-layout":"default","site-content-style":"default","site-sidebar-style":"default","ast-global-header-display":"","ast-banner-title-visibility":"","ast-main-header-display":"","ast-hfb-above-header-display":"","ast-hfb-below-header-display":"","ast-hfb-mobile-header-display":"","site-post-title":"","ast-breadcrumbs-content":"","ast-featured-img":"","footer-sml-layout":"","theme-transparent-header-meta":"","adv-header-id-meta":"","stick-header-meta":"","header-above-stick-meta":"","header-main-stick-meta":"","header-below-stick-meta":"","astra-migrate-meta-layouts":"set","ast-page-background-enabled":"default","ast-page-background-meta":{"desktop":{"background-color":"var(--ast-global-color-4)","background-image":"","background-repeat":"repeat","background-position":"center center","background-size":"auto","background-attachment":"scroll","background-type":"","background-media":"","overlay-type":"","overlay-color":"","overlay-opacity":"","overlay-gradient":""},"tablet":{"background-color":"","background-image":"","background-repeat":"repeat","background-position":"center center","background-size":"auto","background-attachment":"scroll","background-type":"","background-media":"","overlay-type":"","overlay-color":"","overlay-opacity":"","overlay-gradient":""},"mobile":{"background-color":"","background-image":"","background-repeat":"repeat","background-position":"center center","background-size":"auto","background-attachment":"scroll","background-type":"","background-media":"","overlay-type":"","overlay-color":"","overlay-opacity":"","overlay-gradient":""}},"ast-content-background-meta":{"desktop":{"background-color":"var(--ast-global-color-5)","background-image":"","background-repeat":"repeat","background-position":"center center","background-size":"auto","background-attachment":"scroll","background-type":"","background-media":"","overlay-type":"","overlay-color":"","overlay-opacity":"","overlay-gradient":""},"tablet":{"background-color":"var(--ast-global-color-5)","background-image":"","background-repeat":"repeat","background-position":"center center","background-size":"auto","background-attachment":"scroll","background-type":"","background-media":"","overlay-type":"","overlay-color":"","overlay-opacity":"","overlay-gradient":""},"mobile":{"background-color":"var(--ast-global-color-5)","background-image":"","background-repeat":"repeat","background-position":"center center","background-size":"auto","background-attachment":"scroll","background-type":"","background-media":"","overlay-type":"","overlay-color":"","overlay-opacity":"","overlay-gradient":""}},"footnotes":""},"class_list":["post-4288","page","type-page","status-publish","has-post-thumbnail","hentry"],"yoast_head":"<!-- This site is optimized with the Yoast SEO Premium plugin v24.2 (Yoast SEO v24.6) - https:\/\/yoast.com\/wordpress\/plugins\/seo\/ -->\n<title>El origen de la enfermedad - Uni\u00f3n Esp\u00edrita<\/title>\n<meta name=\"robots\" content=\"index, follow, max-snippet:-1, max-image-preview:large, max-video-preview:-1\" \/>\n<link rel=\"canonical\" href=\"https:\/\/nuevo-renacer.com\/en\/el-origen-de-la-enfermedad\/\" \/>\n<meta property=\"og:locale\" content=\"en_GB\" \/>\n<meta property=\"og:type\" content=\"article\" \/>\n<meta property=\"og:title\" content=\"El origen de la enfermedad\" \/>\n<meta property=\"og:description\" content=\"El origen de la enfermedad En general, para determinar el origen de la enfermedad hemos de tener en cuenta numerosos matices que hacen dif\u00edcil dar una respuesta sencilla y breve. Es como una ecuaci\u00f3n con muchas variables que interact\u00faan entre s\u00ed y que es complejo aislar: Ve\u00e1moslo a trav\u00e9s de un ejemplo y as\u00ed, tal [&hellip;]\" \/>\n<meta property=\"og:url\" content=\"https:\/\/nuevo-renacer.com\/en\/el-origen-de-la-enfermedad\/\" \/>\n<meta property=\"og:site_name\" content=\"Uni\u00f3n Esp\u00edrita\" \/>\n<meta property=\"article:publisher\" content=\"https:\/\/www.facebook.com\/groups\/3431398063740829\" \/>\n<meta property=\"article:modified_time\" content=\"2025-01-08T12:32:20+00:00\" \/>\n<meta property=\"og:image\" content=\"https:\/\/nuevo-renacer.com\/wp-content\/uploads\/2024\/08\/sendung-wie-viel-krankheit-ist-gesund-100_v-gseagaleriexl.jpg\" \/>\n\t<meta property=\"og:image:width\" content=\"1600\" \/>\n\t<meta property=\"og:image:height\" content=\"900\" \/>\n\t<meta property=\"og:image:type\" content=\"image\/jpeg\" \/>\n<meta name=\"twitter:card\" content=\"summary_large_image\" \/>\n<meta name=\"twitter:label1\" content=\"Estimated reading time\" \/>\n\t<meta name=\"twitter:data1\" content=\"5 minutes\" \/>\n<script type=\"application\/ld+json\" class=\"yoast-schema-graph\">{\"@context\":\"https:\/\/schema.org\",\"@graph\":[{\"@type\":\"WebPage\",\"@id\":\"https:\/\/nuevo-renacer.com\/el-origen-de-la-enfermedad\/\",\"url\":\"https:\/\/nuevo-renacer.com\/el-origen-de-la-enfermedad\/\",\"name\":\"El origen de la enfermedad - Uni\u00f3n Esp\u00edrita\",\"isPartOf\":{\"@id\":\"https:\/\/nuevo-renacer.com\/#website\"},\"primaryImageOfPage\":{\"@id\":\"https:\/\/nuevo-renacer.com\/el-origen-de-la-enfermedad\/#primaryimage\"},\"image\":{\"@id\":\"https:\/\/nuevo-renacer.com\/el-origen-de-la-enfermedad\/#primaryimage\"},\"thumbnailUrl\":\"https:\/\/nuevo-renacer.com\/wp-content\/uploads\/2024\/08\/sendung-wie-viel-krankheit-ist-gesund-100_v-gseagaleriexl.jpg\",\"datePublished\":\"2024-08-30T05:55:19+00:00\",\"dateModified\":\"2025-01-08T12:32:20+00:00\",\"breadcrumb\":{\"@id\":\"https:\/\/nuevo-renacer.com\/el-origen-de-la-enfermedad\/#breadcrumb\"},\"inLanguage\":\"en-GB\",\"potentialAction\":[{\"@type\":\"ReadAction\",\"target\":[\"https:\/\/nuevo-renacer.com\/el-origen-de-la-enfermedad\/\"]}]},{\"@type\":\"ImageObject\",\"inLanguage\":\"en-GB\",\"@id\":\"https:\/\/nuevo-renacer.com\/el-origen-de-la-enfermedad\/#primaryimage\",\"url\":\"https:\/\/nuevo-renacer.com\/wp-content\/uploads\/2024\/08\/sendung-wie-viel-krankheit-ist-gesund-100_v-gseagaleriexl.jpg\",\"contentUrl\":\"https:\/\/nuevo-renacer.com\/wp-content\/uploads\/2024\/08\/sendung-wie-viel-krankheit-ist-gesund-100_v-gseagaleriexl.jpg\",\"width\":1600,\"height\":900},{\"@type\":\"BreadcrumbList\",\"@id\":\"https:\/\/nuevo-renacer.com\/el-origen-de-la-enfermedad\/#breadcrumb\",\"itemListElement\":[{\"@type\":\"ListItem\",\"position\":1,\"name\":\"Startseite\",\"item\":\"https:\/\/nuevo-renacer.com\/\"},{\"@type\":\"ListItem\",\"position\":2,\"name\":\"El origen de la enfermedad\"}]},{\"@type\":\"WebSite\",\"@id\":\"https:\/\/nuevo-renacer.com\/#website\",\"url\":\"https:\/\/nuevo-renacer.com\/\",\"name\":\"Uni\u00f3n Esp\u00edrita\",\"description\":\"Nuevo Renacer\",\"publisher\":{\"@id\":\"https:\/\/nuevo-renacer.com\/#organization\"},\"potentialAction\":[{\"@type\":\"SearchAction\",\"target\":{\"@type\":\"EntryPoint\",\"urlTemplate\":\"https:\/\/nuevo-renacer.com\/?s={search_term_string}\"},\"query-input\":{\"@type\":\"PropertyValueSpecification\",\"valueRequired\":true,\"valueName\":\"search_term_string\"}}],\"inLanguage\":\"en-GB\"},{\"@type\":\"Organization\",\"@id\":\"https:\/\/nuevo-renacer.com\/#organization\",\"name\":\"UFEC\",\"url\":\"https:\/\/nuevo-renacer.com\/\",\"logo\":{\"@type\":\"ImageObject\",\"inLanguage\":\"en-GB\",\"@id\":\"https:\/\/nuevo-renacer.com\/#\/schema\/logo\/image\/\",\"url\":\"https:\/\/nuevo-renacer.com\/wp-content\/uploads\/2024\/05\/cropped-LOGO-TERMINADO1-3-3.png\",\"contentUrl\":\"https:\/\/nuevo-renacer.com\/wp-content\/uploads\/2024\/05\/cropped-LOGO-TERMINADO1-3-3.png\",\"width\":512,\"height\":512,\"caption\":\"UFEC\"},\"image\":{\"@id\":\"https:\/\/nuevo-renacer.com\/#\/schema\/logo\/image\/\"},\"sameAs\":[\"https:\/\/www.facebook.com\/groups\/3431398063740829\"]}]}<\/script>\n<!-- \/ Yoast SEO Premium plugin. -->","yoast_head_json":{"title":"El origen de la enfermedad - Uni\u00f3n Esp\u00edrita","robots":{"index":"index","follow":"follow","max-snippet":"max-snippet:-1","max-image-preview":"max-image-preview:large","max-video-preview":"max-video-preview:-1"},"canonical":"https:\/\/nuevo-renacer.com\/en\/el-origen-de-la-enfermedad\/","og_locale":"en_GB","og_type":"article","og_title":"El origen de la enfermedad","og_description":"El origen de la enfermedad En general, para determinar el origen de la enfermedad hemos de tener en cuenta numerosos matices que hacen dif\u00edcil dar una respuesta sencilla y breve. Es como una ecuaci\u00f3n con muchas variables que interact\u00faan entre s\u00ed y que es complejo aislar: Ve\u00e1moslo a trav\u00e9s de un ejemplo y as\u00ed, tal [&hellip;]","og_url":"https:\/\/nuevo-renacer.com\/en\/el-origen-de-la-enfermedad\/","og_site_name":"Uni\u00f3n Esp\u00edrita","article_publisher":"https:\/\/www.facebook.com\/groups\/3431398063740829","article_modified_time":"2025-01-08T12:32:20+00:00","og_image":[{"width":1600,"height":900,"url":"https:\/\/nuevo-renacer.com\/wp-content\/uploads\/2024\/08\/sendung-wie-viel-krankheit-ist-gesund-100_v-gseagaleriexl.jpg","type":"image\/jpeg"}],"twitter_card":"summary_large_image","twitter_misc":{"Estimated reading time":"5 minutes"},"schema":{"@context":"https:\/\/schema.org","@graph":[{"@type":"WebPage","@id":"https:\/\/nuevo-renacer.com\/el-origen-de-la-enfermedad\/","url":"https:\/\/nuevo-renacer.com\/el-origen-de-la-enfermedad\/","name":"El origen de la enfermedad - Uni\u00f3n Esp\u00edrita","isPartOf":{"@id":"https:\/\/nuevo-renacer.com\/#website"},"primaryImageOfPage":{"@id":"https:\/\/nuevo-renacer.com\/el-origen-de-la-enfermedad\/#primaryimage"},"image":{"@id":"https:\/\/nuevo-renacer.com\/el-origen-de-la-enfermedad\/#primaryimage"},"thumbnailUrl":"https:\/\/nuevo-renacer.com\/wp-content\/uploads\/2024\/08\/sendung-wie-viel-krankheit-ist-gesund-100_v-gseagaleriexl.jpg","datePublished":"2024-08-30T05:55:19+00:00","dateModified":"2025-01-08T12:32:20+00:00","breadcrumb":{"@id":"https:\/\/nuevo-renacer.com\/el-origen-de-la-enfermedad\/#breadcrumb"},"inLanguage":"en-GB","potentialAction":[{"@type":"ReadAction","target":["https:\/\/nuevo-renacer.com\/el-origen-de-la-enfermedad\/"]}]},{"@type":"ImageObject","inLanguage":"en-GB","@id":"https:\/\/nuevo-renacer.com\/el-origen-de-la-enfermedad\/#primaryimage","url":"https:\/\/nuevo-renacer.com\/wp-content\/uploads\/2024\/08\/sendung-wie-viel-krankheit-ist-gesund-100_v-gseagaleriexl.jpg","contentUrl":"https:\/\/nuevo-renacer.com\/wp-content\/uploads\/2024\/08\/sendung-wie-viel-krankheit-ist-gesund-100_v-gseagaleriexl.jpg","width":1600,"height":900},{"@type":"BreadcrumbList","@id":"https:\/\/nuevo-renacer.com\/el-origen-de-la-enfermedad\/#breadcrumb","itemListElement":[{"@type":"ListItem","position":1,"name":"Startseite","item":"https:\/\/nuevo-renacer.com\/"},{"@type":"ListItem","position":2,"name":"El origen de la enfermedad"}]},{"@type":"WebSite","@id":"https:\/\/nuevo-renacer.com\/#website","url":"https:\/\/nuevo-renacer.com\/","name":"Uni\u00f3n Esp\u00edrita","description":"Nuevo Renacer","publisher":{"@id":"https:\/\/nuevo-renacer.com\/#organization"},"potentialAction":[{"@type":"SearchAction","target":{"@type":"EntryPoint","urlTemplate":"https:\/\/nuevo-renacer.com\/?s={search_term_string}"},"query-input":{"@type":"PropertyValueSpecification","valueRequired":true,"valueName":"search_term_string"}}],"inLanguage":"en-GB"},{"@type":"Organization","@id":"https:\/\/nuevo-renacer.com\/#organization","name":"UFEC","url":"https:\/\/nuevo-renacer.com\/","logo":{"@type":"ImageObject","inLanguage":"en-GB","@id":"https:\/\/nuevo-renacer.com\/#\/schema\/logo\/image\/","url":"https:\/\/nuevo-renacer.com\/wp-content\/uploads\/2024\/05\/cropped-LOGO-TERMINADO1-3-3.png","contentUrl":"https:\/\/nuevo-renacer.com\/wp-content\/uploads\/2024\/05\/cropped-LOGO-TERMINADO1-3-3.png","width":512,"height":512,"caption":"UFEC"},"image":{"@id":"https:\/\/nuevo-renacer.com\/#\/schema\/logo\/image\/"},"sameAs":["https:\/\/www.facebook.com\/groups\/3431398063740829"]}]}},"uagb_featured_image_src":{"full":["https:\/\/nuevo-renacer.com\/wp-content\/uploads\/2024\/08\/sendung-wie-viel-krankheit-ist-gesund-100_v-gseagaleriexl.jpg",1600,900,false],"thumbnail":["https:\/\/nuevo-renacer.com\/wp-content\/uploads\/2024\/08\/sendung-wie-viel-krankheit-ist-gesund-100_v-gseagaleriexl-150x150.jpg",150,150,true],"medium":["https:\/\/nuevo-renacer.com\/wp-content\/uploads\/2024\/08\/sendung-wie-viel-krankheit-ist-gesund-100_v-gseagaleriexl-300x169.jpg",300,169,true],"medium_large":["https:\/\/nuevo-renacer.com\/wp-content\/uploads\/2024\/08\/sendung-wie-viel-krankheit-ist-gesund-100_v-gseagaleriexl-768x432.jpg",768,432,true],"large":["https:\/\/nuevo-renacer.com\/wp-content\/uploads\/2024\/08\/sendung-wie-viel-krankheit-ist-gesund-100_v-gseagaleriexl-1024x576.jpg",1024,576,true],"1536x1536":["https:\/\/nuevo-renacer.com\/wp-content\/uploads\/2024\/08\/sendung-wie-viel-krankheit-ist-gesund-100_v-gseagaleriexl-1536x864.jpg",1536,864,true],"2048x2048":["https:\/\/nuevo-renacer.com\/wp-content\/uploads\/2024\/08\/sendung-wie-viel-krankheit-ist-gesund-100_v-gseagaleriexl.jpg",1600,900,false],"trp-custom-language-flag":["https:\/\/nuevo-renacer.com\/wp-content\/uploads\/2024\/08\/sendung-wie-viel-krankheit-ist-gesund-100_v-gseagaleriexl-18x10.jpg",18,10,true]},"uagb_author_info":{"display_name":"adbv0","author_link":"https:\/\/nuevo-renacer.com\/en\/author\/adbv0\/"},"uagb_comment_info":0,"uagb_excerpt":"El origen de la enfermedad En general, para determinar el origen de la enfermedad hemos de tener en cuenta numerosos matices que hacen dif\u00edcil dar una respuesta sencilla y breve. Es como una ecuaci\u00f3n con muchas variables que interact\u00faan entre s\u00ed y que es complejo aislar: Ve\u00e1moslo a trav\u00e9s de un ejemplo y as\u00ed, tal&hellip;","jetpack_sharing_enabled":true,"_links":{"self":[{"href":"https:\/\/nuevo-renacer.com\/en\/wp-json\/wp\/v2\/pages\/4288","targetHints":{"allow":["GET"]}}],"collection":[{"href":"https:\/\/nuevo-renacer.com\/en\/wp-json\/wp\/v2\/pages"}],"about":[{"href":"https:\/\/nuevo-renacer.com\/en\/wp-json\/wp\/v2\/types\/page"}],"author":[{"embeddable":true,"href":"https:\/\/nuevo-renacer.com\/en\/wp-json\/wp\/v2\/users\/1"}],"replies":[{"embeddable":true,"href":"https:\/\/nuevo-renacer.com\/en\/wp-json\/wp\/v2\/comments?post=4288"}],"version-history":[{"count":5,"href":"https:\/\/nuevo-renacer.com\/en\/wp-json\/wp\/v2\/pages\/4288\/revisions"}],"predecessor-version":[{"id":6718,"href":"https:\/\/nuevo-renacer.com\/en\/wp-json\/wp\/v2\/pages\/4288\/revisions\/6718"}],"wp:featuredmedia":[{"embeddable":true,"href":"https:\/\/nuevo-renacer.com\/en\/wp-json\/wp\/v2\/media\/4289"}],"wp:attachment":[{"href":"https:\/\/nuevo-renacer.com\/en\/wp-json\/wp\/v2\/media?parent=4288"}],"curies":[{"name":"wp","href":"https:\/\/api.w.org\/{rel}","templated":true}]}}