{"id":4029,"date":"2024-07-18T11:08:50","date_gmt":"2024-07-18T11:08:50","guid":{"rendered":"https:\/\/ufec-mundial.com\/?page_id=4029"},"modified":"2024-07-18T11:08:52","modified_gmt":"2024-07-18T11:08:52","slug":"desajustes-espirituales","status":"publish","type":"page","link":"https:\/\/nuevo-renacer.com\/en\/desajustes-espirituales\/","title":{"rendered":"Spiritual Mismatches"},"content":{"rendered":"<div class=\"wp-block-uagb-container uagb-block-1786cca6 alignfull uagb-is-root-container\"><div class=\"uagb-container-inner-blocks-wrap\">\n<p class=\"has-black-color has-text-color has-link-color has-medium-font-size wp-elements-8a32aa4b463a94a59a93e7c0eeaf3cf6\"><strong>Spiritual Mismatches<\/strong><\/p>\n<\/div><\/div>\n\n\n\n<div class=\"wp-block-uagb-container uagb-block-a1ff78ec alignfull uagb-is-root-container\"><div class=\"uagb-container-inner-blocks-wrap\">\n<figure class=\"wp-block-image size-large is-resized\"><img fetchpriority=\"high\" decoding=\"async\" width=\"1024\" height=\"1024\" src=\"https:\/\/ufec-mundial.com\/wp-content\/uploads\/2024\/07\/9006844-kognitiv-dissonans-platt-stil-illustration-design-gratis-vector-1024x1024.jpg\" alt=\"\" class=\"wp-image-4030\" style=\"width:330px;height:auto\" srcset=\"https:\/\/nuevo-renacer.com\/wp-content\/uploads\/2024\/07\/9006844-kognitiv-dissonans-platt-stil-illustration-design-gratis-vector-1024x1024.jpg 1024w, https:\/\/nuevo-renacer.com\/wp-content\/uploads\/2024\/07\/9006844-kognitiv-dissonans-platt-stil-illustration-design-gratis-vector-150x150.jpg 150w, https:\/\/nuevo-renacer.com\/wp-content\/uploads\/2024\/07\/9006844-kognitiv-dissonans-platt-stil-illustration-design-gratis-vector-300x300.jpg 300w, https:\/\/nuevo-renacer.com\/wp-content\/uploads\/2024\/07\/9006844-kognitiv-dissonans-platt-stil-illustration-design-gratis-vector-768x768.jpg 768w, https:\/\/nuevo-renacer.com\/wp-content\/uploads\/2024\/07\/9006844-kognitiv-dissonans-platt-stil-illustration-design-gratis-vector-1536x1536.jpg 1536w, https:\/\/nuevo-renacer.com\/wp-content\/uploads\/2024\/07\/9006844-kognitiv-dissonans-platt-stil-illustration-design-gratis-vector-12x12.jpg 12w, https:\/\/nuevo-renacer.com\/wp-content\/uploads\/2024\/07\/9006844-kognitiv-dissonans-platt-stil-illustration-design-gratis-vector.jpg 1920w\" sizes=\"(max-width: 1024px) 100vw, 1024px\" \/><\/figure>\n<\/div><\/div>\n\n\n\n<div class=\"wp-block-uagb-container uagb-block-79071ef2 alignfull uagb-is-root-container\"><div class=\"uagb-container-inner-blocks-wrap\">\n<p class=\"has-black-color has-text-color has-link-color has-small-font-size wp-elements-0be3dcbf84a44e299ff9339ee74abfaa\"><strong>It is common for a person with problems, involving depression, anguish, chronic ailments, to be informed in the Spiritualist Centre: \"You are a medium\". Should he develop his mediumship in order to heal?<\/strong><\/p>\n\n\n\n<p class=\"has-black-color has-text-color has-link-color has-small-font-size wp-elements-8b0f8025e72c65e748c9fc4ef8bc8697\">This is what the less informed spiritism leaders say. We cannot confuse spiritual maladjustment with mediumship to develop.<\/p>\n\n\n\n<p class=\"has-black-color has-text-color has-link-color has-small-font-size wp-elements-be18ac972944e30a84f99038ba344624\"><strong>But there are cases where the person lives with spiritual phenomena, seeing and feeling spirits....<\/strong><\/p>\n\n\n\n<p class=\"has-black-color has-text-color has-link-color has-small-font-size wp-elements-1b656040b2df12eecb3d82d04fc8df4c\">If she is tense, ill and nervous, based on her existential problems, she will experience a psychic super-excitement which can lead her to see and feel the spiritual world. It does not mean that she has mediumnity to develop.<\/p>\n\n\n\n<p class=\"has-black-color has-text-color has-link-color has-small-font-size wp-elements-71e1a1ae7b79fdab5b72d3e8c51b128d\"><strong>What should he do?<\/strong><\/p>\n\n\n\n<p class=\"has-black-color has-text-color has-link-color has-small-font-size wp-elements-154097fc8b9c2fa20c4fbc67338eadc3\">To be treated spiritually, seeking a well-oriented Spiritist Centre, where \"fraternal care\" works, and an enlightened companion guides her as to the solutions necessary for her physical and psychological stability.<\/p>\n\n\n\n<p class=\"has-black-color has-text-color has-link-color has-small-font-size wp-elements-b083bdf6e7ef6b9075194a02c7ab0998\"><strong>By speaking of a well-oriented Spiritualist Centre, do you mean that there are others who are not well-oriented?<\/strong><\/p>\n\n\n\n<p class=\"has-black-color has-text-color has-link-color has-small-font-size wp-elements-87443cbee18458bd16b31d03d4af4a97\">Unfortunately, no. The leaders do not always concern themselves with the study of the basic works of the Doctrine, particularly The Book of Mediums, when it comes to mediumship. They do a spiritism \"in the fashion of the house\", distancing themselves from the norms.<\/p>\n\n\n\n<p class=\"has-black-color has-text-color has-link-color has-small-font-size wp-elements-c53290ebba6a49fd6e602fb9f0b7beb5\"><strong>How is a person to know whether his problems are the result of the birth of a developing mediumship or merely the fruit of spiritual maladjustments?<\/strong><\/p>\n\n\n\n<p class=\"has-black-color has-text-color has-link-color has-small-font-size wp-elements-4abf67663703ec7fe50a259e0664947f\">In principle you should not worry about that. Even if you have mediumnity to develop, it is essential that you do the spiritual treatment and overcome your maladjustments. After that you will think about the possibility.<\/p>\n\n\n\n<p class=\"has-black-color has-text-color has-link-color has-small-font-size wp-elements-2a03f3f1fab4adc7bec8e62538996df2\"><strong>But if he were a medium, how would he be able to adjust without attending mediumistic meetings?<\/strong><\/p>\n\n\n\n<p class=\"has-black-color has-text-color has-link-color has-small-font-size wp-elements-f6055890bd08a607eb99a031c93f29c1\">Its balance is not subordinate to such participation. His presence, in principle, is counterproductive. If he were a medium, he would amplify his sensitivity, without knowing how to control it. He will accentuate his own imbalances.<\/p>\n\n\n\n<p class=\"has-black-color has-text-color has-link-color has-small-font-size wp-elements-b9d534781b476a581fef49b449cc2580\"><strong>What does this \"spiritual treatment\" consist of?<\/strong><\/p>\n\n\n\n<p class=\"has-black-color has-text-color has-link-color has-small-font-size wp-elements-a579c8f98ed7156cdc13131114e9b4cc\">Basically, it would be the application of magnetic passes, the routing of his name to mediumistic meetings appropriate to such attendance, the use of fluidised water and the assimilation of doctrinal guidance, involving public meetings and the reading of indicated spiritist books.<\/p>\n\n\n\n<p class=\"has-black-color has-text-color has-link-color has-small-font-size wp-elements-201097b72a4b4be8ba457dceb8cb3df3\"><strong>It is not uncommon for a person to be under medical care. How should this be resolved?<\/strong><\/p>\n\n\n\n<p class=\"has-black-color has-text-color has-link-color has-small-font-size wp-elements-586d5cb7fd227b913818f4c7ed613f6d\">He\/She should be warned that spiritual treatment does not dispense with the assistance of a physician. A psyche exacerbated by spiritual influences or mediumistic imbalances has repercussions on the physical body, and not infrequently gives rise to problems that require specialist attention. Ideally, therefore, both treatments should be combined.<\/p>\n<\/div><\/div>","protected":false},"excerpt":{"rendered":"<p>Desajustes Espirituales Es com\u00fan que la persona con problemas, envolviendo depresi\u00f3n, angustia, dolencias cr\u00f3nicas, sea informada en el Centro Esp\u00edrita: \u201cUsted es m\u00e9dium\u201d. \u00bfDebe desenvolver su mediumnidad para sanar? Es lo que dicen los dirigentes esp\u00edritas menos informados. No podemos confundir desajuste espiritual con mediumnidad para desarrollar. Pero hay casos en que la persona vive [&hellip;]<\/p>","protected":false},"author":1,"featured_media":0,"parent":0,"menu_order":0,"comment_status":"closed","ping_status":"closed","template":"","meta":{"_uag_custom_page_level_css":"","site-sidebar-layout":"default","site-content-layout":"","ast-site-content-layout":"default","site-content-style":"default","site-sidebar-style":"default","ast-global-header-display":"","ast-banner-title-visibility":"","ast-main-header-display":"","ast-hfb-above-header-display":"","ast-hfb-below-header-display":"","ast-hfb-mobile-header-display":"","site-post-title":"","ast-breadcrumbs-content":"","ast-featured-img":"","footer-sml-layout":"","theme-transparent-header-meta":"","adv-header-id-meta":"","stick-header-meta":"","header-above-stick-meta":"","header-main-stick-meta":"","header-below-stick-meta":"","astra-migrate-meta-layouts":"set","ast-page-background-enabled":"default","ast-page-background-meta":{"desktop":{"background-color":"var(--ast-global-color-4)","background-image":"","background-repeat":"repeat","background-position":"center center","background-size":"auto","background-attachment":"scroll","background-type":"","background-media":"","overlay-type":"","overlay-color":"","overlay-opacity":"","overlay-gradient":""},"tablet":{"background-color":"","background-image":"","background-repeat":"repeat","background-position":"center center","background-size":"auto","background-attachment":"scroll","background-type":"","background-media":"","overlay-type":"","overlay-color":"","overlay-opacity":"","overlay-gradient":""},"mobile":{"background-color":"","background-image":"","background-repeat":"repeat","background-position":"center center","background-size":"auto","background-attachment":"scroll","background-type":"","background-media":"","overlay-type":"","overlay-color":"","overlay-opacity":"","overlay-gradient":""}},"ast-content-background-meta":{"desktop":{"background-color":"var(--ast-global-color-5)","background-image":"","background-repeat":"repeat","background-position":"center center","background-size":"auto","background-attachment":"scroll","background-type":"","background-media":"","overlay-type":"","overlay-color":"","overlay-opacity":"","overlay-gradient":""},"tablet":{"background-color":"var(--ast-global-color-5)","background-image":"","background-repeat":"repeat","background-position":"center center","background-size":"auto","background-attachment":"scroll","background-type":"","background-media":"","overlay-type":"","overlay-color":"","overlay-opacity":"","overlay-gradient":""},"mobile":{"background-color":"var(--ast-global-color-5)","background-image":"","background-repeat":"repeat","background-position":"center center","background-size":"auto","background-attachment":"scroll","background-type":"","background-media":"","overlay-type":"","overlay-color":"","overlay-opacity":"","overlay-gradient":""}},"footnotes":""},"class_list":["post-4029","page","type-page","status-publish","hentry"],"yoast_head":"<!-- This site is optimized with the Yoast SEO Premium plugin v24.2 (Yoast SEO v24.6) - https:\/\/yoast.com\/wordpress\/plugins\/seo\/ -->\n<title>Desajustes Espirituales - Uni\u00f3n Esp\u00edrita<\/title>\n<meta name=\"robots\" content=\"index, follow, max-snippet:-1, max-image-preview:large, max-video-preview:-1\" \/>\n<link rel=\"canonical\" href=\"https:\/\/nuevo-renacer.com\/en\/desajustes-espirituales\/\" \/>\n<meta property=\"og:locale\" content=\"en_GB\" \/>\n<meta property=\"og:type\" content=\"article\" \/>\n<meta property=\"og:title\" content=\"Desajustes Espirituales\" \/>\n<meta property=\"og:description\" content=\"Desajustes Espirituales Es com\u00fan que la persona con problemas, envolviendo depresi\u00f3n, angustia, dolencias cr\u00f3nicas, sea informada en el Centro Esp\u00edrita: \u201cUsted es m\u00e9dium\u201d. \u00bfDebe desenvolver su mediumnidad para sanar? Es lo que dicen los dirigentes esp\u00edritas menos informados. No podemos confundir desajuste espiritual con mediumnidad para desarrollar. Pero hay casos en que la persona vive [&hellip;]\" \/>\n<meta property=\"og:url\" content=\"https:\/\/nuevo-renacer.com\/en\/desajustes-espirituales\/\" \/>\n<meta property=\"og:site_name\" content=\"Uni\u00f3n Esp\u00edrita\" \/>\n<meta property=\"article:publisher\" content=\"https:\/\/www.facebook.com\/groups\/3431398063740829\" \/>\n<meta property=\"article:modified_time\" content=\"2024-07-18T11:08:52+00:00\" \/>\n<meta property=\"og:image\" content=\"https:\/\/ufec-mundial.com\/wp-content\/uploads\/2024\/07\/9006844-kognitiv-dissonans-platt-stil-illustration-design-gratis-vector-1024x1024.jpg\" \/>\n<meta name=\"twitter:card\" content=\"summary_large_image\" \/>\n<meta name=\"twitter:label1\" content=\"Estimated reading time\" \/>\n\t<meta name=\"twitter:data1\" content=\"2 minutes\" \/>\n<script type=\"application\/ld+json\" class=\"yoast-schema-graph\">{\"@context\":\"https:\/\/schema.org\",\"@graph\":[{\"@type\":\"WebPage\",\"@id\":\"https:\/\/nuevo-renacer.com\/desajustes-espirituales\/\",\"url\":\"https:\/\/nuevo-renacer.com\/desajustes-espirituales\/\",\"name\":\"Desajustes Espirituales - Uni\u00f3n Esp\u00edrita\",\"isPartOf\":{\"@id\":\"https:\/\/nuevo-renacer.com\/#website\"},\"primaryImageOfPage\":{\"@id\":\"https:\/\/nuevo-renacer.com\/desajustes-espirituales\/#primaryimage\"},\"image\":{\"@id\":\"https:\/\/nuevo-renacer.com\/desajustes-espirituales\/#primaryimage\"},\"thumbnailUrl\":\"https:\/\/ufec-mundial.com\/wp-content\/uploads\/2024\/07\/9006844-kognitiv-dissonans-platt-stil-illustration-design-gratis-vector-1024x1024.jpg\",\"datePublished\":\"2024-07-18T11:08:50+00:00\",\"dateModified\":\"2024-07-18T11:08:52+00:00\",\"breadcrumb\":{\"@id\":\"https:\/\/nuevo-renacer.com\/desajustes-espirituales\/#breadcrumb\"},\"inLanguage\":\"en-GB\",\"potentialAction\":[{\"@type\":\"ReadAction\",\"target\":[\"https:\/\/nuevo-renacer.com\/desajustes-espirituales\/\"]}]},{\"@type\":\"ImageObject\",\"inLanguage\":\"en-GB\",\"@id\":\"https:\/\/nuevo-renacer.com\/desajustes-espirituales\/#primaryimage\",\"url\":\"https:\/\/ufec-mundial.com\/wp-content\/uploads\/2024\/07\/9006844-kognitiv-dissonans-platt-stil-illustration-design-gratis-vector-1024x1024.jpg\",\"contentUrl\":\"https:\/\/ufec-mundial.com\/wp-content\/uploads\/2024\/07\/9006844-kognitiv-dissonans-platt-stil-illustration-design-gratis-vector-1024x1024.jpg\"},{\"@type\":\"BreadcrumbList\",\"@id\":\"https:\/\/nuevo-renacer.com\/desajustes-espirituales\/#breadcrumb\",\"itemListElement\":[{\"@type\":\"ListItem\",\"position\":1,\"name\":\"Startseite\",\"item\":\"https:\/\/nuevo-renacer.com\/\"},{\"@type\":\"ListItem\",\"position\":2,\"name\":\"Desajustes Espirituales\"}]},{\"@type\":\"WebSite\",\"@id\":\"https:\/\/nuevo-renacer.com\/#website\",\"url\":\"https:\/\/nuevo-renacer.com\/\",\"name\":\"Uni\u00f3n Esp\u00edrita\",\"description\":\"Nuevo Renacer\",\"publisher\":{\"@id\":\"https:\/\/nuevo-renacer.com\/#organization\"},\"potentialAction\":[{\"@type\":\"SearchAction\",\"target\":{\"@type\":\"EntryPoint\",\"urlTemplate\":\"https:\/\/nuevo-renacer.com\/?s={search_term_string}\"},\"query-input\":{\"@type\":\"PropertyValueSpecification\",\"valueRequired\":true,\"valueName\":\"search_term_string\"}}],\"inLanguage\":\"en-GB\"},{\"@type\":\"Organization\",\"@id\":\"https:\/\/nuevo-renacer.com\/#organization\",\"name\":\"UFEC\",\"url\":\"https:\/\/nuevo-renacer.com\/\",\"logo\":{\"@type\":\"ImageObject\",\"inLanguage\":\"en-GB\",\"@id\":\"https:\/\/nuevo-renacer.com\/#\/schema\/logo\/image\/\",\"url\":\"https:\/\/nuevo-renacer.com\/wp-content\/uploads\/2024\/05\/cropped-LOGO-TERMINADO1-3-3.png\",\"contentUrl\":\"https:\/\/nuevo-renacer.com\/wp-content\/uploads\/2024\/05\/cropped-LOGO-TERMINADO1-3-3.png\",\"width\":512,\"height\":512,\"caption\":\"UFEC\"},\"image\":{\"@id\":\"https:\/\/nuevo-renacer.com\/#\/schema\/logo\/image\/\"},\"sameAs\":[\"https:\/\/www.facebook.com\/groups\/3431398063740829\"]}]}<\/script>\n<!-- \/ Yoast SEO Premium plugin. -->","yoast_head_json":{"title":"Desajustes Espirituales - Uni\u00f3n Esp\u00edrita","robots":{"index":"index","follow":"follow","max-snippet":"max-snippet:-1","max-image-preview":"max-image-preview:large","max-video-preview":"max-video-preview:-1"},"canonical":"https:\/\/nuevo-renacer.com\/en\/desajustes-espirituales\/","og_locale":"en_GB","og_type":"article","og_title":"Desajustes Espirituales","og_description":"Desajustes Espirituales Es com\u00fan que la persona con problemas, envolviendo depresi\u00f3n, angustia, dolencias cr\u00f3nicas, sea informada en el Centro Esp\u00edrita: \u201cUsted es m\u00e9dium\u201d. \u00bfDebe desenvolver su mediumnidad para sanar? Es lo que dicen los dirigentes esp\u00edritas menos informados. No podemos confundir desajuste espiritual con mediumnidad para desarrollar. Pero hay casos en que la persona vive [&hellip;]","og_url":"https:\/\/nuevo-renacer.com\/en\/desajustes-espirituales\/","og_site_name":"Uni\u00f3n Esp\u00edrita","article_publisher":"https:\/\/www.facebook.com\/groups\/3431398063740829","article_modified_time":"2024-07-18T11:08:52+00:00","og_image":[{"url":"https:\/\/ufec-mundial.com\/wp-content\/uploads\/2024\/07\/9006844-kognitiv-dissonans-platt-stil-illustration-design-gratis-vector-1024x1024.jpg","type":"","width":"","height":""}],"twitter_card":"summary_large_image","twitter_misc":{"Estimated reading time":"2 minutes"},"schema":{"@context":"https:\/\/schema.org","@graph":[{"@type":"WebPage","@id":"https:\/\/nuevo-renacer.com\/desajustes-espirituales\/","url":"https:\/\/nuevo-renacer.com\/desajustes-espirituales\/","name":"Desajustes Espirituales - Uni\u00f3n Esp\u00edrita","isPartOf":{"@id":"https:\/\/nuevo-renacer.com\/#website"},"primaryImageOfPage":{"@id":"https:\/\/nuevo-renacer.com\/desajustes-espirituales\/#primaryimage"},"image":{"@id":"https:\/\/nuevo-renacer.com\/desajustes-espirituales\/#primaryimage"},"thumbnailUrl":"https:\/\/ufec-mundial.com\/wp-content\/uploads\/2024\/07\/9006844-kognitiv-dissonans-platt-stil-illustration-design-gratis-vector-1024x1024.jpg","datePublished":"2024-07-18T11:08:50+00:00","dateModified":"2024-07-18T11:08:52+00:00","breadcrumb":{"@id":"https:\/\/nuevo-renacer.com\/desajustes-espirituales\/#breadcrumb"},"inLanguage":"en-GB","potentialAction":[{"@type":"ReadAction","target":["https:\/\/nuevo-renacer.com\/desajustes-espirituales\/"]}]},{"@type":"ImageObject","inLanguage":"en-GB","@id":"https:\/\/nuevo-renacer.com\/desajustes-espirituales\/#primaryimage","url":"https:\/\/ufec-mundial.com\/wp-content\/uploads\/2024\/07\/9006844-kognitiv-dissonans-platt-stil-illustration-design-gratis-vector-1024x1024.jpg","contentUrl":"https:\/\/ufec-mundial.com\/wp-content\/uploads\/2024\/07\/9006844-kognitiv-dissonans-platt-stil-illustration-design-gratis-vector-1024x1024.jpg"},{"@type":"BreadcrumbList","@id":"https:\/\/nuevo-renacer.com\/desajustes-espirituales\/#breadcrumb","itemListElement":[{"@type":"ListItem","position":1,"name":"Startseite","item":"https:\/\/nuevo-renacer.com\/"},{"@type":"ListItem","position":2,"name":"Desajustes Espirituales"}]},{"@type":"WebSite","@id":"https:\/\/nuevo-renacer.com\/#website","url":"https:\/\/nuevo-renacer.com\/","name":"Uni\u00f3n Esp\u00edrita","description":"Nuevo Renacer","publisher":{"@id":"https:\/\/nuevo-renacer.com\/#organization"},"potentialAction":[{"@type":"SearchAction","target":{"@type":"EntryPoint","urlTemplate":"https:\/\/nuevo-renacer.com\/?s={search_term_string}"},"query-input":{"@type":"PropertyValueSpecification","valueRequired":true,"valueName":"search_term_string"}}],"inLanguage":"en-GB"},{"@type":"Organization","@id":"https:\/\/nuevo-renacer.com\/#organization","name":"UFEC","url":"https:\/\/nuevo-renacer.com\/","logo":{"@type":"ImageObject","inLanguage":"en-GB","@id":"https:\/\/nuevo-renacer.com\/#\/schema\/logo\/image\/","url":"https:\/\/nuevo-renacer.com\/wp-content\/uploads\/2024\/05\/cropped-LOGO-TERMINADO1-3-3.png","contentUrl":"https:\/\/nuevo-renacer.com\/wp-content\/uploads\/2024\/05\/cropped-LOGO-TERMINADO1-3-3.png","width":512,"height":512,"caption":"UFEC"},"image":{"@id":"https:\/\/nuevo-renacer.com\/#\/schema\/logo\/image\/"},"sameAs":["https:\/\/www.facebook.com\/groups\/3431398063740829"]}]}},"uagb_featured_image_src":{"full":false,"thumbnail":false,"medium":false,"medium_large":false,"large":false,"1536x1536":false,"2048x2048":false,"trp-custom-language-flag":false},"uagb_author_info":{"display_name":"adbv0","author_link":"https:\/\/nuevo-renacer.com\/en\/author\/adbv0\/"},"uagb_comment_info":0,"uagb_excerpt":"Desajustes Espirituales Es com\u00fan que la persona con problemas, envolviendo depresi\u00f3n, angustia, dolencias cr\u00f3nicas, sea informada en el Centro Esp\u00edrita: \u201cUsted es m\u00e9dium\u201d. \u00bfDebe desenvolver su mediumnidad para sanar? Es lo que dicen los dirigentes esp\u00edritas menos informados. No podemos confundir desajuste espiritual con mediumnidad para desarrollar. Pero hay casos en que la persona vive&hellip;","jetpack_sharing_enabled":true,"_links":{"self":[{"href":"https:\/\/nuevo-renacer.com\/en\/wp-json\/wp\/v2\/pages\/4029","targetHints":{"allow":["GET"]}}],"collection":[{"href":"https:\/\/nuevo-renacer.com\/en\/wp-json\/wp\/v2\/pages"}],"about":[{"href":"https:\/\/nuevo-renacer.com\/en\/wp-json\/wp\/v2\/types\/page"}],"author":[{"embeddable":true,"href":"https:\/\/nuevo-renacer.com\/en\/wp-json\/wp\/v2\/users\/1"}],"replies":[{"embeddable":true,"href":"https:\/\/nuevo-renacer.com\/en\/wp-json\/wp\/v2\/comments?post=4029"}],"version-history":[{"count":1,"href":"https:\/\/nuevo-renacer.com\/en\/wp-json\/wp\/v2\/pages\/4029\/revisions"}],"predecessor-version":[{"id":4031,"href":"https:\/\/nuevo-renacer.com\/en\/wp-json\/wp\/v2\/pages\/4029\/revisions\/4031"}],"wp:attachment":[{"href":"https:\/\/nuevo-renacer.com\/en\/wp-json\/wp\/v2\/media?parent=4029"}],"curies":[{"name":"wp","href":"https:\/\/api.w.org\/{rel}","templated":true}]}}