{"id":4015,"date":"2024-07-18T10:10:20","date_gmt":"2024-07-18T10:10:20","guid":{"rendered":"https:\/\/ufec-mundial.com\/?page_id=4015"},"modified":"2024-07-18T10:14:22","modified_gmt":"2024-07-18T10:14:22","slug":"casamiento","status":"publish","type":"page","link":"https:\/\/nuevo-renacer.com\/en\/casamiento\/","title":{"rendered":"Marriage"},"content":{"rendered":"<div class=\"wp-block-uagb-container uagb-block-33305a38 alignfull uagb-is-root-container\"><div class=\"uagb-container-inner-blocks-wrap\">\n<p class=\"has-black-color has-text-color has-link-color has-medium-font-size wp-elements-63d2957ef5a5f79559ba5afb53ed3574\"><strong>Marriage<\/strong><\/p>\n<\/div><\/div>\n\n\n\n<div class=\"wp-block-uagb-container uagb-block-03373349 alignfull uagb-is-root-container\"><div class=\"uagb-container-inner-blocks-wrap\">\n<figure class=\"wp-block-image size-full is-resized\"><img fetchpriority=\"high\" decoding=\"async\" width=\"626\" height=\"626\" src=\"https:\/\/ufec-mundial.com\/wp-content\/uploads\/2024\/07\/448154796_7983836344970111_6208603129206741217_n.jpg\" alt=\"\" class=\"wp-image-4016\" style=\"width:321px;height:auto\" srcset=\"https:\/\/nuevo-renacer.com\/wp-content\/uploads\/2024\/07\/448154796_7983836344970111_6208603129206741217_n.jpg 626w, https:\/\/nuevo-renacer.com\/wp-content\/uploads\/2024\/07\/448154796_7983836344970111_6208603129206741217_n-150x150.jpg 150w, https:\/\/nuevo-renacer.com\/wp-content\/uploads\/2024\/07\/448154796_7983836344970111_6208603129206741217_n-300x300.jpg 300w, https:\/\/nuevo-renacer.com\/wp-content\/uploads\/2024\/07\/448154796_7983836344970111_6208603129206741217_n-12x12.jpg 12w\" sizes=\"(max-width: 626px) 100vw, 626px\" \/><\/figure>\n<\/div><\/div>\n\n\n\n<div class=\"wp-block-uagb-container uagb-block-1a4a2a5c alignfull uagb-is-root-container\"><div class=\"uagb-container-inner-blocks-wrap\">\n<p class=\"has-black-color has-text-color has-link-color has-small-font-size wp-elements-c8c24fba372c70e2b2b73f7bab6836e5\"><strong>Is the marriage planned in the Beyond?<\/strong><\/p>\n\n\n\n<p class=\"has-black-color has-text-color has-link-color has-small-font-size wp-elements-ae1c205080a2c4131723546d969fa756\">Generally the marriage union involves a harmonisation involving not only the couple, but also the spirits who will reincarnate as children. Obviously, planning is necessary.<\/p>\n\n\n\n<p class=\"has-black-color has-text-color has-link-color has-small-font-size wp-elements-3ef8fd3c70d465ff4d59c40bb98ee484\">&nbsp;<strong>Is it done by the stakeholders themselves?<\/strong><\/p>\n\n\n\n<p class=\"has-black-color has-text-color has-link-color has-small-font-size wp-elements-fba8716425c627e88775cbed261fcba2\">Ideally, we tend to take more seriously the commitments we make on our own initiative. Not always, however, do reincarnants have sufficient maturity and discernment to do so. The planning is done by spiritual mentors.<\/p>\n\n\n\n<p class=\"has-black-color has-text-color has-link-color has-small-font-size wp-elements-9fc10fcd385a4c58aeac63cb4ad0ef44\"><strong>Is a possible second or subsequent marriage also planned?<\/strong><\/p>\n\n\n\n<p class=\"has-black-color has-text-color has-link-color has-small-font-size wp-elements-d8cceaf11e7da214f5fa60d373928cde\">When partners in married life separate irreversibly, due to insurmountable conflicts, it is only right that they should seek to recompose their affective life by seeking a new experience. If there is seriousness of intention and not merely the exercise of sexual promiscuity, so prevalent today, spiritual mentors can assist them in that purpose by guiding a new union.<\/p>\n\n\n\n<p class=\"has-black-color has-text-color has-link-color has-small-font-size wp-elements-24645ecec5d3350627de903467928a20\">&nbsp;<strong>If a sequence of blunders occurs, will there always be new plans?<\/strong><\/p>\n\n\n\n<p class=\"has-black-color has-text-color has-link-color has-small-font-size wp-elements-393f1ba1cd53524b60abd89110d507e6\">The mentors try to help us by showing us the way, but they are never conniving with our mistakes. A succession of unions indicates an inability to compromise and to live together. It is natural, in such cases, for them to step aside, removing the shields of their protection so that the mentored can learn from their own mistakes.<\/p>\n\n\n\n<p class=\"has-black-color has-text-color has-link-color has-small-font-size wp-elements-3056abd94ea3dda2214a238289f5ec0d\"><strong>Ideally, therefore, should we \"bear\" the spouse in order to deserve the support of spirituality?<\/strong><\/p>\n\n\n\n<p class=\"has-black-color has-text-color has-link-color has-small-font-size wp-elements-93e561adf4d6151613980a13ddd47d9e\">That is, perhaps, the biggest mistake. People \"endure\" the spouse for love of children or respect for religion, forgetting that they are together to harmonize, learning to live together fraternally. That implies changing pronoun, in the conjugal action verb: from the first person of the singular, I can, I want, I do, to the first of the plural: we can, we want, we do. Cultivating individualism in marriage is to condemn it to failure.<\/p>\n\n\n\n<p class=\"has-black-color has-text-color has-link-color has-small-font-size wp-elements-f96ae4d3de7f390a6bc0a18c2a149905\"><strong>Would that be enough to be happy in marriage?<\/strong><\/p>\n\n\n\n<p class=\"has-black-color has-text-color has-link-color has-small-font-size wp-elements-db4fcd0fb4699b2965d9277b33da3dc0\">There is something else. People are waiting for the marriage to be successful in order to be happy, without understanding that they must be happy for the marriage to be successful. A bitter heart, an impertinent character, a vocation for aggressiveness, all these things dwarf existence and make us incapable of living together, particularly in the home.<\/p>\n\n\n\n<p class=\"has-black-color has-text-color has-link-color has-small-font-size wp-elements-a7683fba9c0edba2ac6f1b89b320629f\"><strong>And how to be happy so that the marriage is successful?<\/strong><\/p>\n\n\n\n<p class=\"has-black-color has-text-color has-link-color has-small-font-size wp-elements-1eaaa2b8a54f4fd1f163308b9af260aa\">It is necessary to keep in mind that happiness is not subordinate to the satisfaction of our desires before life, but to the effort to understand what it expects from us. It does not take much to do. Just observe the fundamental lesson of Jesus: to do good to our fellow man that we wish him to do to us. It works admirably when it comes to harmonizing people, particularly at home.<\/p>\n\n\n\n<p class=\"has-black-color has-text-color has-link-color has-small-font-size wp-elements-61a921b50d087c8496a0fdc2553a7bab\">\u00a0<strong>We know that in spirituality we tend to live with the Spirits that marked our affective life, the spouse, parents and children. So, who does the man who has married four or five times?<\/strong><\/p>\n\n\n\n<p class=\"has-black-color has-text-color has-link-color has-small-font-size wp-elements-708e7b3fdc3554f34e0cb91e32dc7199\">With no one. He will probably make a purification stop on the threshold, region of sufferings in the spiritual world, a purgatory where he will have the opportunity to meditate on his frivolity.<\/p>\n<\/div><\/div>","protected":false},"excerpt":{"rendered":"<p>Casamiento \u00bfEl casamiento est\u00e1 planeado en el M\u00e1s All\u00e1? Generalmente la uni\u00f3n matrimonial implica una armonizaci\u00f3n que envuelve tan s\u00f3lo a la pareja, pero tambi\u00e9n los Esp\u00edritus que reencarnar\u00e1n como hijos. Obviamente, es preciso planear. &nbsp;\u00bfLo hacen los propios interesados? Ser\u00eda lo ideal, ya que tendemos a encarar con mayor seriedad los compromisos que asumimos [&hellip;]<\/p>","protected":false},"author":1,"featured_media":4016,"parent":0,"menu_order":0,"comment_status":"closed","ping_status":"closed","template":"","meta":{"_uag_custom_page_level_css":"","site-sidebar-layout":"default","site-content-layout":"","ast-site-content-layout":"default","site-content-style":"default","site-sidebar-style":"default","ast-global-header-display":"","ast-banner-title-visibility":"","ast-main-header-display":"","ast-hfb-above-header-display":"","ast-hfb-below-header-display":"","ast-hfb-mobile-header-display":"","site-post-title":"","ast-breadcrumbs-content":"","ast-featured-img":"","footer-sml-layout":"","theme-transparent-header-meta":"","adv-header-id-meta":"","stick-header-meta":"","header-above-stick-meta":"","header-main-stick-meta":"","header-below-stick-meta":"","astra-migrate-meta-layouts":"set","ast-page-background-enabled":"default","ast-page-background-meta":{"desktop":{"background-color":"var(--ast-global-color-4)","background-image":"","background-repeat":"repeat","background-position":"center center","background-size":"auto","background-attachment":"scroll","background-type":"","background-media":"","overlay-type":"","overlay-color":"","overlay-opacity":"","overlay-gradient":""},"tablet":{"background-color":"","background-image":"","background-repeat":"repeat","background-position":"center center","background-size":"auto","background-attachment":"scroll","background-type":"","background-media":"","overlay-type":"","overlay-color":"","overlay-opacity":"","overlay-gradient":""},"mobile":{"background-color":"","background-image":"","background-repeat":"repeat","background-position":"center center","background-size":"auto","background-attachment":"scroll","background-type":"","background-media":"","overlay-type":"","overlay-color":"","overlay-opacity":"","overlay-gradient":""}},"ast-content-background-meta":{"desktop":{"background-color":"var(--ast-global-color-5)","background-image":"","background-repeat":"repeat","background-position":"center center","background-size":"auto","background-attachment":"scroll","background-type":"","background-media":"","overlay-type":"","overlay-color":"","overlay-opacity":"","overlay-gradient":""},"tablet":{"background-color":"var(--ast-global-color-5)","background-image":"","background-repeat":"repeat","background-position":"center center","background-size":"auto","background-attachment":"scroll","background-type":"","background-media":"","overlay-type":"","overlay-color":"","overlay-opacity":"","overlay-gradient":""},"mobile":{"background-color":"var(--ast-global-color-5)","background-image":"","background-repeat":"repeat","background-position":"center center","background-size":"auto","background-attachment":"scroll","background-type":"","background-media":"","overlay-type":"","overlay-color":"","overlay-opacity":"","overlay-gradient":""}},"footnotes":""},"class_list":["post-4015","page","type-page","status-publish","has-post-thumbnail","hentry"],"yoast_head":"<!-- This site is optimized with the Yoast SEO Premium plugin v24.2 (Yoast SEO v24.6) - https:\/\/yoast.com\/wordpress\/plugins\/seo\/ -->\n<title>Casamiento - Uni\u00f3n Esp\u00edrita<\/title>\n<meta name=\"robots\" content=\"index, follow, max-snippet:-1, max-image-preview:large, max-video-preview:-1\" \/>\n<link rel=\"canonical\" href=\"https:\/\/nuevo-renacer.com\/en\/casamiento\/\" \/>\n<meta property=\"og:locale\" content=\"en_GB\" \/>\n<meta property=\"og:type\" content=\"article\" \/>\n<meta property=\"og:title\" content=\"Casamiento\" \/>\n<meta property=\"og:description\" content=\"Casamiento \u00bfEl casamiento est\u00e1 planeado en el M\u00e1s All\u00e1? Generalmente la uni\u00f3n matrimonial implica una armonizaci\u00f3n que envuelve tan s\u00f3lo a la pareja, pero tambi\u00e9n los Esp\u00edritus que reencarnar\u00e1n como hijos. Obviamente, es preciso planear. &nbsp;\u00bfLo hacen los propios interesados? Ser\u00eda lo ideal, ya que tendemos a encarar con mayor seriedad los compromisos que asumimos [&hellip;]\" \/>\n<meta property=\"og:url\" content=\"https:\/\/nuevo-renacer.com\/en\/casamiento\/\" \/>\n<meta property=\"og:site_name\" content=\"Uni\u00f3n Esp\u00edrita\" \/>\n<meta property=\"article:publisher\" content=\"https:\/\/www.facebook.com\/groups\/3431398063740829\" \/>\n<meta property=\"article:modified_time\" content=\"2024-07-18T10:14:22+00:00\" \/>\n<meta property=\"og:image\" content=\"https:\/\/nuevo-renacer.com\/wp-content\/uploads\/2024\/07\/448154796_7983836344970111_6208603129206741217_n.jpg\" \/>\n\t<meta property=\"og:image:width\" content=\"626\" \/>\n\t<meta property=\"og:image:height\" content=\"626\" \/>\n\t<meta property=\"og:image:type\" content=\"image\/jpeg\" \/>\n<meta name=\"twitter:card\" content=\"summary_large_image\" \/>\n<meta name=\"twitter:label1\" content=\"Estimated reading time\" \/>\n\t<meta name=\"twitter:data1\" content=\"3 minutes\" \/>\n<script type=\"application\/ld+json\" class=\"yoast-schema-graph\">{\"@context\":\"https:\/\/schema.org\",\"@graph\":[{\"@type\":\"WebPage\",\"@id\":\"https:\/\/nuevo-renacer.com\/casamiento\/\",\"url\":\"https:\/\/nuevo-renacer.com\/casamiento\/\",\"name\":\"Casamiento - Uni\u00f3n Esp\u00edrita\",\"isPartOf\":{\"@id\":\"https:\/\/nuevo-renacer.com\/#website\"},\"primaryImageOfPage\":{\"@id\":\"https:\/\/nuevo-renacer.com\/casamiento\/#primaryimage\"},\"image\":{\"@id\":\"https:\/\/nuevo-renacer.com\/casamiento\/#primaryimage\"},\"thumbnailUrl\":\"https:\/\/nuevo-renacer.com\/wp-content\/uploads\/2024\/07\/448154796_7983836344970111_6208603129206741217_n.jpg\",\"datePublished\":\"2024-07-18T10:10:20+00:00\",\"dateModified\":\"2024-07-18T10:14:22+00:00\",\"breadcrumb\":{\"@id\":\"https:\/\/nuevo-renacer.com\/casamiento\/#breadcrumb\"},\"inLanguage\":\"en-GB\",\"potentialAction\":[{\"@type\":\"ReadAction\",\"target\":[\"https:\/\/nuevo-renacer.com\/casamiento\/\"]}]},{\"@type\":\"ImageObject\",\"inLanguage\":\"en-GB\",\"@id\":\"https:\/\/nuevo-renacer.com\/casamiento\/#primaryimage\",\"url\":\"https:\/\/nuevo-renacer.com\/wp-content\/uploads\/2024\/07\/448154796_7983836344970111_6208603129206741217_n.jpg\",\"contentUrl\":\"https:\/\/nuevo-renacer.com\/wp-content\/uploads\/2024\/07\/448154796_7983836344970111_6208603129206741217_n.jpg\",\"width\":626,\"height\":626},{\"@type\":\"BreadcrumbList\",\"@id\":\"https:\/\/nuevo-renacer.com\/casamiento\/#breadcrumb\",\"itemListElement\":[{\"@type\":\"ListItem\",\"position\":1,\"name\":\"Startseite\",\"item\":\"https:\/\/nuevo-renacer.com\/\"},{\"@type\":\"ListItem\",\"position\":2,\"name\":\"Casamiento\"}]},{\"@type\":\"WebSite\",\"@id\":\"https:\/\/nuevo-renacer.com\/#website\",\"url\":\"https:\/\/nuevo-renacer.com\/\",\"name\":\"Uni\u00f3n Esp\u00edrita\",\"description\":\"Nuevo Renacer\",\"publisher\":{\"@id\":\"https:\/\/nuevo-renacer.com\/#organization\"},\"potentialAction\":[{\"@type\":\"SearchAction\",\"target\":{\"@type\":\"EntryPoint\",\"urlTemplate\":\"https:\/\/nuevo-renacer.com\/?s={search_term_string}\"},\"query-input\":{\"@type\":\"PropertyValueSpecification\",\"valueRequired\":true,\"valueName\":\"search_term_string\"}}],\"inLanguage\":\"en-GB\"},{\"@type\":\"Organization\",\"@id\":\"https:\/\/nuevo-renacer.com\/#organization\",\"name\":\"UFEC\",\"url\":\"https:\/\/nuevo-renacer.com\/\",\"logo\":{\"@type\":\"ImageObject\",\"inLanguage\":\"en-GB\",\"@id\":\"https:\/\/nuevo-renacer.com\/#\/schema\/logo\/image\/\",\"url\":\"https:\/\/nuevo-renacer.com\/wp-content\/uploads\/2024\/05\/cropped-LOGO-TERMINADO1-3-3.png\",\"contentUrl\":\"https:\/\/nuevo-renacer.com\/wp-content\/uploads\/2024\/05\/cropped-LOGO-TERMINADO1-3-3.png\",\"width\":512,\"height\":512,\"caption\":\"UFEC\"},\"image\":{\"@id\":\"https:\/\/nuevo-renacer.com\/#\/schema\/logo\/image\/\"},\"sameAs\":[\"https:\/\/www.facebook.com\/groups\/3431398063740829\"]}]}<\/script>\n<!-- \/ Yoast SEO Premium plugin. -->","yoast_head_json":{"title":"Casamiento - Uni\u00f3n Esp\u00edrita","robots":{"index":"index","follow":"follow","max-snippet":"max-snippet:-1","max-image-preview":"max-image-preview:large","max-video-preview":"max-video-preview:-1"},"canonical":"https:\/\/nuevo-renacer.com\/en\/casamiento\/","og_locale":"en_GB","og_type":"article","og_title":"Casamiento","og_description":"Casamiento \u00bfEl casamiento est\u00e1 planeado en el M\u00e1s All\u00e1? Generalmente la uni\u00f3n matrimonial implica una armonizaci\u00f3n que envuelve tan s\u00f3lo a la pareja, pero tambi\u00e9n los Esp\u00edritus que reencarnar\u00e1n como hijos. Obviamente, es preciso planear. &nbsp;\u00bfLo hacen los propios interesados? Ser\u00eda lo ideal, ya que tendemos a encarar con mayor seriedad los compromisos que asumimos [&hellip;]","og_url":"https:\/\/nuevo-renacer.com\/en\/casamiento\/","og_site_name":"Uni\u00f3n Esp\u00edrita","article_publisher":"https:\/\/www.facebook.com\/groups\/3431398063740829","article_modified_time":"2024-07-18T10:14:22+00:00","og_image":[{"width":626,"height":626,"url":"https:\/\/nuevo-renacer.com\/wp-content\/uploads\/2024\/07\/448154796_7983836344970111_6208603129206741217_n.jpg","type":"image\/jpeg"}],"twitter_card":"summary_large_image","twitter_misc":{"Estimated reading time":"3 minutes"},"schema":{"@context":"https:\/\/schema.org","@graph":[{"@type":"WebPage","@id":"https:\/\/nuevo-renacer.com\/casamiento\/","url":"https:\/\/nuevo-renacer.com\/casamiento\/","name":"Casamiento - Uni\u00f3n Esp\u00edrita","isPartOf":{"@id":"https:\/\/nuevo-renacer.com\/#website"},"primaryImageOfPage":{"@id":"https:\/\/nuevo-renacer.com\/casamiento\/#primaryimage"},"image":{"@id":"https:\/\/nuevo-renacer.com\/casamiento\/#primaryimage"},"thumbnailUrl":"https:\/\/nuevo-renacer.com\/wp-content\/uploads\/2024\/07\/448154796_7983836344970111_6208603129206741217_n.jpg","datePublished":"2024-07-18T10:10:20+00:00","dateModified":"2024-07-18T10:14:22+00:00","breadcrumb":{"@id":"https:\/\/nuevo-renacer.com\/casamiento\/#breadcrumb"},"inLanguage":"en-GB","potentialAction":[{"@type":"ReadAction","target":["https:\/\/nuevo-renacer.com\/casamiento\/"]}]},{"@type":"ImageObject","inLanguage":"en-GB","@id":"https:\/\/nuevo-renacer.com\/casamiento\/#primaryimage","url":"https:\/\/nuevo-renacer.com\/wp-content\/uploads\/2024\/07\/448154796_7983836344970111_6208603129206741217_n.jpg","contentUrl":"https:\/\/nuevo-renacer.com\/wp-content\/uploads\/2024\/07\/448154796_7983836344970111_6208603129206741217_n.jpg","width":626,"height":626},{"@type":"BreadcrumbList","@id":"https:\/\/nuevo-renacer.com\/casamiento\/#breadcrumb","itemListElement":[{"@type":"ListItem","position":1,"name":"Startseite","item":"https:\/\/nuevo-renacer.com\/"},{"@type":"ListItem","position":2,"name":"Casamiento"}]},{"@type":"WebSite","@id":"https:\/\/nuevo-renacer.com\/#website","url":"https:\/\/nuevo-renacer.com\/","name":"Uni\u00f3n Esp\u00edrita","description":"Nuevo Renacer","publisher":{"@id":"https:\/\/nuevo-renacer.com\/#organization"},"potentialAction":[{"@type":"SearchAction","target":{"@type":"EntryPoint","urlTemplate":"https:\/\/nuevo-renacer.com\/?s={search_term_string}"},"query-input":{"@type":"PropertyValueSpecification","valueRequired":true,"valueName":"search_term_string"}}],"inLanguage":"en-GB"},{"@type":"Organization","@id":"https:\/\/nuevo-renacer.com\/#organization","name":"UFEC","url":"https:\/\/nuevo-renacer.com\/","logo":{"@type":"ImageObject","inLanguage":"en-GB","@id":"https:\/\/nuevo-renacer.com\/#\/schema\/logo\/image\/","url":"https:\/\/nuevo-renacer.com\/wp-content\/uploads\/2024\/05\/cropped-LOGO-TERMINADO1-3-3.png","contentUrl":"https:\/\/nuevo-renacer.com\/wp-content\/uploads\/2024\/05\/cropped-LOGO-TERMINADO1-3-3.png","width":512,"height":512,"caption":"UFEC"},"image":{"@id":"https:\/\/nuevo-renacer.com\/#\/schema\/logo\/image\/"},"sameAs":["https:\/\/www.facebook.com\/groups\/3431398063740829"]}]}},"uagb_featured_image_src":{"full":["https:\/\/nuevo-renacer.com\/wp-content\/uploads\/2024\/07\/448154796_7983836344970111_6208603129206741217_n.jpg",626,626,false],"thumbnail":["https:\/\/nuevo-renacer.com\/wp-content\/uploads\/2024\/07\/448154796_7983836344970111_6208603129206741217_n-150x150.jpg",150,150,true],"medium":["https:\/\/nuevo-renacer.com\/wp-content\/uploads\/2024\/07\/448154796_7983836344970111_6208603129206741217_n-300x300.jpg",300,300,true],"medium_large":["https:\/\/nuevo-renacer.com\/wp-content\/uploads\/2024\/07\/448154796_7983836344970111_6208603129206741217_n.jpg",626,626,false],"large":["https:\/\/nuevo-renacer.com\/wp-content\/uploads\/2024\/07\/448154796_7983836344970111_6208603129206741217_n.jpg",626,626,false],"1536x1536":["https:\/\/nuevo-renacer.com\/wp-content\/uploads\/2024\/07\/448154796_7983836344970111_6208603129206741217_n.jpg",626,626,false],"2048x2048":["https:\/\/nuevo-renacer.com\/wp-content\/uploads\/2024\/07\/448154796_7983836344970111_6208603129206741217_n.jpg",626,626,false],"trp-custom-language-flag":["https:\/\/nuevo-renacer.com\/wp-content\/uploads\/2024\/07\/448154796_7983836344970111_6208603129206741217_n-12x12.jpg",12,12,true]},"uagb_author_info":{"display_name":"adbv0","author_link":"https:\/\/nuevo-renacer.com\/en\/author\/adbv0\/"},"uagb_comment_info":0,"uagb_excerpt":"Casamiento \u00bfEl casamiento est\u00e1 planeado en el M\u00e1s All\u00e1? Generalmente la uni\u00f3n matrimonial implica una armonizaci\u00f3n que envuelve tan s\u00f3lo a la pareja, pero tambi\u00e9n los Esp\u00edritus que reencarnar\u00e1n como hijos. Obviamente, es preciso planear. &nbsp;\u00bfLo hacen los propios interesados? Ser\u00eda lo ideal, ya que tendemos a encarar con mayor seriedad los compromisos que asumimos&hellip;","jetpack_sharing_enabled":true,"_links":{"self":[{"href":"https:\/\/nuevo-renacer.com\/en\/wp-json\/wp\/v2\/pages\/4015","targetHints":{"allow":["GET"]}}],"collection":[{"href":"https:\/\/nuevo-renacer.com\/en\/wp-json\/wp\/v2\/pages"}],"about":[{"href":"https:\/\/nuevo-renacer.com\/en\/wp-json\/wp\/v2\/types\/page"}],"author":[{"embeddable":true,"href":"https:\/\/nuevo-renacer.com\/en\/wp-json\/wp\/v2\/users\/1"}],"replies":[{"embeddable":true,"href":"https:\/\/nuevo-renacer.com\/en\/wp-json\/wp\/v2\/comments?post=4015"}],"version-history":[{"count":2,"href":"https:\/\/nuevo-renacer.com\/en\/wp-json\/wp\/v2\/pages\/4015\/revisions"}],"predecessor-version":[{"id":4018,"href":"https:\/\/nuevo-renacer.com\/en\/wp-json\/wp\/v2\/pages\/4015\/revisions\/4018"}],"wp:featuredmedia":[{"embeddable":true,"href":"https:\/\/nuevo-renacer.com\/en\/wp-json\/wp\/v2\/media\/4016"}],"wp:attachment":[{"href":"https:\/\/nuevo-renacer.com\/en\/wp-json\/wp\/v2\/media?parent=4015"}],"curies":[{"name":"wp","href":"https:\/\/api.w.org\/{rel}","templated":true}]}}