{"id":3997,"date":"2024-07-18T07:13:10","date_gmt":"2024-07-18T07:13:10","guid":{"rendered":"https:\/\/ufec-mundial.com\/?page_id=3997"},"modified":"2024-07-18T07:13:13","modified_gmt":"2024-07-18T07:13:13","slug":"concepto-de-desarrollo-mediumnico","status":"publish","type":"page","link":"https:\/\/nuevo-renacer.com\/en\/concepto-de-desarrollo-mediumnico\/","title":{"rendered":"Concept of mediumistic development"},"content":{"rendered":"<div class=\"wp-block-uagb-container uagb-block-ed1c44da alignfull uagb-is-root-container\"><div class=\"uagb-container-inner-blocks-wrap\">\n<p class=\"has-black-color has-text-color has-link-color has-medium-font-size wp-elements-01b921edb5438103641b0e683440b8cf\"><strong>Concept of mediumistic development<\/strong><\/p>\n<\/div><\/div>\n\n\n\n<div class=\"wp-block-uagb-container uagb-block-21c55d1a alignfull uagb-is-root-container\"><div class=\"uagb-container-inner-blocks-wrap\">\n<figure class=\"wp-block-image size-full is-resized\"><img fetchpriority=\"high\" decoding=\"async\" width=\"960\" height=\"639\" src=\"https:\/\/ufec-mundial.com\/wp-content\/uploads\/2024\/07\/334621064_760562185790265_4792068025876037108_n.jpg\" alt=\"\" class=\"wp-image-3999\" style=\"width:379px;height:auto\" srcset=\"https:\/\/nuevo-renacer.com\/wp-content\/uploads\/2024\/07\/334621064_760562185790265_4792068025876037108_n.jpg 960w, https:\/\/nuevo-renacer.com\/wp-content\/uploads\/2024\/07\/334621064_760562185790265_4792068025876037108_n-300x200.jpg 300w, https:\/\/nuevo-renacer.com\/wp-content\/uploads\/2024\/07\/334621064_760562185790265_4792068025876037108_n-768x511.jpg 768w, https:\/\/nuevo-renacer.com\/wp-content\/uploads\/2024\/07\/334621064_760562185790265_4792068025876037108_n-18x12.jpg 18w\" sizes=\"(max-width: 960px) 100vw, 960px\" \/><\/figure>\n<\/div><\/div>\n\n\n\n<div class=\"wp-block-uagb-container uagb-block-d860a4b0 alignfull uagb-is-root-container\"><div class=\"uagb-container-inner-blocks-wrap\">\n<p class=\"has-black-color has-text-color has-link-color has-small-font-size wp-elements-64ed4ecb07f826e4a66c86cb7617d6f1\">Development is derived from the verb to develop which is defined as to increase or strengthen something physical, intellectual or moral. It is also defined as making a thing or person go through a series of successive states, so that it grows, increases or progresses. It is understood by this definition that when we speak of mediumistic development we mean to attend to the faculty that is beginning, so that it may produce the superior results for which it is intended.<\/p>\n\n\n\n<p class=\"has-black-color has-text-color has-link-color has-small-font-size wp-elements-d6f4f13f74a11b38b4f16840c458baf8\">In order to fulfil this objective we must speak of mediumistic education. Anyone who feels to any degree the influence of spirits is, by that fact, a medium. Analysing mediumnity, the illustrious Codifier clarified that its expression did not represent the existence of a privilege, but that of a faculty of the Spirit, the development of which depends on the ethical values of the one who possesses it.<\/p>\n<\/div><\/div>","protected":false},"excerpt":{"rendered":"<p>Concepto de desarrollo medi\u00famnico Desarrollo se deriva del verbo desarrollar que se define como aumentar o reforzar algo de orden f\u00edsico, intelectual o moral. Tambien se define como hacer que una cosa o persona pase por una serie de estados sucesivos, de manera que crezca, aumente o progrese. Entendi\u00e9ndose con esta definici\u00f3n, que al hablar [&hellip;]<\/p>","protected":false},"author":1,"featured_media":3999,"parent":0,"menu_order":0,"comment_status":"closed","ping_status":"closed","template":"","meta":{"_uag_custom_page_level_css":"","site-sidebar-layout":"default","site-content-layout":"","ast-site-content-layout":"default","site-content-style":"default","site-sidebar-style":"default","ast-global-header-display":"","ast-banner-title-visibility":"","ast-main-header-display":"","ast-hfb-above-header-display":"","ast-hfb-below-header-display":"","ast-hfb-mobile-header-display":"","site-post-title":"","ast-breadcrumbs-content":"","ast-featured-img":"","footer-sml-layout":"","theme-transparent-header-meta":"","adv-header-id-meta":"","stick-header-meta":"","header-above-stick-meta":"","header-main-stick-meta":"","header-below-stick-meta":"","astra-migrate-meta-layouts":"set","ast-page-background-enabled":"default","ast-page-background-meta":{"desktop":{"background-color":"var(--ast-global-color-4)","background-image":"","background-repeat":"repeat","background-position":"center center","background-size":"auto","background-attachment":"scroll","background-type":"","background-media":"","overlay-type":"","overlay-color":"","overlay-opacity":"","overlay-gradient":""},"tablet":{"background-color":"","background-image":"","background-repeat":"repeat","background-position":"center center","background-size":"auto","background-attachment":"scroll","background-type":"","background-media":"","overlay-type":"","overlay-color":"","overlay-opacity":"","overlay-gradient":""},"mobile":{"background-color":"","background-image":"","background-repeat":"repeat","background-position":"center center","background-size":"auto","background-attachment":"scroll","background-type":"","background-media":"","overlay-type":"","overlay-color":"","overlay-opacity":"","overlay-gradient":""}},"ast-content-background-meta":{"desktop":{"background-color":"var(--ast-global-color-5)","background-image":"","background-repeat":"repeat","background-position":"center center","background-size":"auto","background-attachment":"scroll","background-type":"","background-media":"","overlay-type":"","overlay-color":"","overlay-opacity":"","overlay-gradient":""},"tablet":{"background-color":"var(--ast-global-color-5)","background-image":"","background-repeat":"repeat","background-position":"center center","background-size":"auto","background-attachment":"scroll","background-type":"","background-media":"","overlay-type":"","overlay-color":"","overlay-opacity":"","overlay-gradient":""},"mobile":{"background-color":"var(--ast-global-color-5)","background-image":"","background-repeat":"repeat","background-position":"center center","background-size":"auto","background-attachment":"scroll","background-type":"","background-media":"","overlay-type":"","overlay-color":"","overlay-opacity":"","overlay-gradient":""}},"footnotes":""},"class_list":["post-3997","page","type-page","status-publish","has-post-thumbnail","hentry"],"yoast_head":"<!-- This site is optimized with the Yoast SEO Premium plugin v24.2 (Yoast SEO v24.6) - https:\/\/yoast.com\/wordpress\/plugins\/seo\/ -->\n<title>Concepto de desarrollo medi\u00famnico - Uni\u00f3n Esp\u00edrita<\/title>\n<meta name=\"robots\" content=\"index, follow, max-snippet:-1, max-image-preview:large, max-video-preview:-1\" \/>\n<link rel=\"canonical\" href=\"https:\/\/nuevo-renacer.com\/en\/concepto-de-desarrollo-mediumnico\/\" \/>\n<meta property=\"og:locale\" content=\"en_GB\" \/>\n<meta property=\"og:type\" content=\"article\" \/>\n<meta property=\"og:title\" content=\"Concepto de desarrollo medi\u00famnico\" \/>\n<meta property=\"og:description\" content=\"Concepto de desarrollo medi\u00famnico Desarrollo se deriva del verbo desarrollar que se define como aumentar o reforzar algo de orden f\u00edsico, intelectual o moral. Tambien se define como hacer que una cosa o persona pase por una serie de estados sucesivos, de manera que crezca, aumente o progrese. Entendi\u00e9ndose con esta definici\u00f3n, que al hablar [&hellip;]\" \/>\n<meta property=\"og:url\" content=\"https:\/\/nuevo-renacer.com\/en\/concepto-de-desarrollo-mediumnico\/\" \/>\n<meta property=\"og:site_name\" content=\"Uni\u00f3n Esp\u00edrita\" \/>\n<meta property=\"article:publisher\" content=\"https:\/\/www.facebook.com\/groups\/3431398063740829\" \/>\n<meta property=\"article:modified_time\" content=\"2024-07-18T07:13:13+00:00\" \/>\n<meta property=\"og:image\" content=\"https:\/\/nuevo-renacer.com\/wp-content\/uploads\/2024\/07\/334621064_760562185790265_4792068025876037108_n.jpg\" \/>\n\t<meta property=\"og:image:width\" content=\"960\" \/>\n\t<meta property=\"og:image:height\" content=\"639\" \/>\n\t<meta property=\"og:image:type\" content=\"image\/jpeg\" \/>\n<meta name=\"twitter:card\" content=\"summary_large_image\" \/>\n<meta name=\"twitter:label1\" content=\"Estimated reading time\" \/>\n\t<meta name=\"twitter:data1\" content=\"1 minute\" \/>\n<script type=\"application\/ld+json\" class=\"yoast-schema-graph\">{\"@context\":\"https:\/\/schema.org\",\"@graph\":[{\"@type\":\"WebPage\",\"@id\":\"https:\/\/nuevo-renacer.com\/concepto-de-desarrollo-mediumnico\/\",\"url\":\"https:\/\/nuevo-renacer.com\/concepto-de-desarrollo-mediumnico\/\",\"name\":\"Concepto de desarrollo medi\u00famnico - Uni\u00f3n Esp\u00edrita\",\"isPartOf\":{\"@id\":\"https:\/\/nuevo-renacer.com\/#website\"},\"primaryImageOfPage\":{\"@id\":\"https:\/\/nuevo-renacer.com\/concepto-de-desarrollo-mediumnico\/#primaryimage\"},\"image\":{\"@id\":\"https:\/\/nuevo-renacer.com\/concepto-de-desarrollo-mediumnico\/#primaryimage\"},\"thumbnailUrl\":\"https:\/\/nuevo-renacer.com\/wp-content\/uploads\/2024\/07\/334621064_760562185790265_4792068025876037108_n.jpg\",\"datePublished\":\"2024-07-18T07:13:10+00:00\",\"dateModified\":\"2024-07-18T07:13:13+00:00\",\"breadcrumb\":{\"@id\":\"https:\/\/nuevo-renacer.com\/concepto-de-desarrollo-mediumnico\/#breadcrumb\"},\"inLanguage\":\"en-GB\",\"potentialAction\":[{\"@type\":\"ReadAction\",\"target\":[\"https:\/\/nuevo-renacer.com\/concepto-de-desarrollo-mediumnico\/\"]}]},{\"@type\":\"ImageObject\",\"inLanguage\":\"en-GB\",\"@id\":\"https:\/\/nuevo-renacer.com\/concepto-de-desarrollo-mediumnico\/#primaryimage\",\"url\":\"https:\/\/nuevo-renacer.com\/wp-content\/uploads\/2024\/07\/334621064_760562185790265_4792068025876037108_n.jpg\",\"contentUrl\":\"https:\/\/nuevo-renacer.com\/wp-content\/uploads\/2024\/07\/334621064_760562185790265_4792068025876037108_n.jpg\",\"width\":960,\"height\":639},{\"@type\":\"BreadcrumbList\",\"@id\":\"https:\/\/nuevo-renacer.com\/concepto-de-desarrollo-mediumnico\/#breadcrumb\",\"itemListElement\":[{\"@type\":\"ListItem\",\"position\":1,\"name\":\"Startseite\",\"item\":\"https:\/\/nuevo-renacer.com\/\"},{\"@type\":\"ListItem\",\"position\":2,\"name\":\"Concepto de desarrollo medi\u00famnico\"}]},{\"@type\":\"WebSite\",\"@id\":\"https:\/\/nuevo-renacer.com\/#website\",\"url\":\"https:\/\/nuevo-renacer.com\/\",\"name\":\"Uni\u00f3n Esp\u00edrita\",\"description\":\"Nuevo Renacer\",\"publisher\":{\"@id\":\"https:\/\/nuevo-renacer.com\/#organization\"},\"potentialAction\":[{\"@type\":\"SearchAction\",\"target\":{\"@type\":\"EntryPoint\",\"urlTemplate\":\"https:\/\/nuevo-renacer.com\/?s={search_term_string}\"},\"query-input\":{\"@type\":\"PropertyValueSpecification\",\"valueRequired\":true,\"valueName\":\"search_term_string\"}}],\"inLanguage\":\"en-GB\"},{\"@type\":\"Organization\",\"@id\":\"https:\/\/nuevo-renacer.com\/#organization\",\"name\":\"UFEC\",\"url\":\"https:\/\/nuevo-renacer.com\/\",\"logo\":{\"@type\":\"ImageObject\",\"inLanguage\":\"en-GB\",\"@id\":\"https:\/\/nuevo-renacer.com\/#\/schema\/logo\/image\/\",\"url\":\"https:\/\/nuevo-renacer.com\/wp-content\/uploads\/2024\/05\/cropped-LOGO-TERMINADO1-3-3.png\",\"contentUrl\":\"https:\/\/nuevo-renacer.com\/wp-content\/uploads\/2024\/05\/cropped-LOGO-TERMINADO1-3-3.png\",\"width\":512,\"height\":512,\"caption\":\"UFEC\"},\"image\":{\"@id\":\"https:\/\/nuevo-renacer.com\/#\/schema\/logo\/image\/\"},\"sameAs\":[\"https:\/\/www.facebook.com\/groups\/3431398063740829\"]}]}<\/script>\n<!-- \/ Yoast SEO Premium plugin. -->","yoast_head_json":{"title":"Concepto de desarrollo medi\u00famnico - Uni\u00f3n Esp\u00edrita","robots":{"index":"index","follow":"follow","max-snippet":"max-snippet:-1","max-image-preview":"max-image-preview:large","max-video-preview":"max-video-preview:-1"},"canonical":"https:\/\/nuevo-renacer.com\/en\/concepto-de-desarrollo-mediumnico\/","og_locale":"en_GB","og_type":"article","og_title":"Concepto de desarrollo medi\u00famnico","og_description":"Concepto de desarrollo medi\u00famnico Desarrollo se deriva del verbo desarrollar que se define como aumentar o reforzar algo de orden f\u00edsico, intelectual o moral. Tambien se define como hacer que una cosa o persona pase por una serie de estados sucesivos, de manera que crezca, aumente o progrese. Entendi\u00e9ndose con esta definici\u00f3n, que al hablar [&hellip;]","og_url":"https:\/\/nuevo-renacer.com\/en\/concepto-de-desarrollo-mediumnico\/","og_site_name":"Uni\u00f3n Esp\u00edrita","article_publisher":"https:\/\/www.facebook.com\/groups\/3431398063740829","article_modified_time":"2024-07-18T07:13:13+00:00","og_image":[{"width":960,"height":639,"url":"https:\/\/nuevo-renacer.com\/wp-content\/uploads\/2024\/07\/334621064_760562185790265_4792068025876037108_n.jpg","type":"image\/jpeg"}],"twitter_card":"summary_large_image","twitter_misc":{"Estimated reading time":"1 minute"},"schema":{"@context":"https:\/\/schema.org","@graph":[{"@type":"WebPage","@id":"https:\/\/nuevo-renacer.com\/concepto-de-desarrollo-mediumnico\/","url":"https:\/\/nuevo-renacer.com\/concepto-de-desarrollo-mediumnico\/","name":"Concepto de desarrollo medi\u00famnico - Uni\u00f3n Esp\u00edrita","isPartOf":{"@id":"https:\/\/nuevo-renacer.com\/#website"},"primaryImageOfPage":{"@id":"https:\/\/nuevo-renacer.com\/concepto-de-desarrollo-mediumnico\/#primaryimage"},"image":{"@id":"https:\/\/nuevo-renacer.com\/concepto-de-desarrollo-mediumnico\/#primaryimage"},"thumbnailUrl":"https:\/\/nuevo-renacer.com\/wp-content\/uploads\/2024\/07\/334621064_760562185790265_4792068025876037108_n.jpg","datePublished":"2024-07-18T07:13:10+00:00","dateModified":"2024-07-18T07:13:13+00:00","breadcrumb":{"@id":"https:\/\/nuevo-renacer.com\/concepto-de-desarrollo-mediumnico\/#breadcrumb"},"inLanguage":"en-GB","potentialAction":[{"@type":"ReadAction","target":["https:\/\/nuevo-renacer.com\/concepto-de-desarrollo-mediumnico\/"]}]},{"@type":"ImageObject","inLanguage":"en-GB","@id":"https:\/\/nuevo-renacer.com\/concepto-de-desarrollo-mediumnico\/#primaryimage","url":"https:\/\/nuevo-renacer.com\/wp-content\/uploads\/2024\/07\/334621064_760562185790265_4792068025876037108_n.jpg","contentUrl":"https:\/\/nuevo-renacer.com\/wp-content\/uploads\/2024\/07\/334621064_760562185790265_4792068025876037108_n.jpg","width":960,"height":639},{"@type":"BreadcrumbList","@id":"https:\/\/nuevo-renacer.com\/concepto-de-desarrollo-mediumnico\/#breadcrumb","itemListElement":[{"@type":"ListItem","position":1,"name":"Startseite","item":"https:\/\/nuevo-renacer.com\/"},{"@type":"ListItem","position":2,"name":"Concepto de desarrollo medi\u00famnico"}]},{"@type":"WebSite","@id":"https:\/\/nuevo-renacer.com\/#website","url":"https:\/\/nuevo-renacer.com\/","name":"Uni\u00f3n Esp\u00edrita","description":"Nuevo Renacer","publisher":{"@id":"https:\/\/nuevo-renacer.com\/#organization"},"potentialAction":[{"@type":"SearchAction","target":{"@type":"EntryPoint","urlTemplate":"https:\/\/nuevo-renacer.com\/?s={search_term_string}"},"query-input":{"@type":"PropertyValueSpecification","valueRequired":true,"valueName":"search_term_string"}}],"inLanguage":"en-GB"},{"@type":"Organization","@id":"https:\/\/nuevo-renacer.com\/#organization","name":"UFEC","url":"https:\/\/nuevo-renacer.com\/","logo":{"@type":"ImageObject","inLanguage":"en-GB","@id":"https:\/\/nuevo-renacer.com\/#\/schema\/logo\/image\/","url":"https:\/\/nuevo-renacer.com\/wp-content\/uploads\/2024\/05\/cropped-LOGO-TERMINADO1-3-3.png","contentUrl":"https:\/\/nuevo-renacer.com\/wp-content\/uploads\/2024\/05\/cropped-LOGO-TERMINADO1-3-3.png","width":512,"height":512,"caption":"UFEC"},"image":{"@id":"https:\/\/nuevo-renacer.com\/#\/schema\/logo\/image\/"},"sameAs":["https:\/\/www.facebook.com\/groups\/3431398063740829"]}]}},"uagb_featured_image_src":{"full":["https:\/\/nuevo-renacer.com\/wp-content\/uploads\/2024\/07\/334621064_760562185790265_4792068025876037108_n.jpg",960,639,false],"thumbnail":["https:\/\/nuevo-renacer.com\/wp-content\/uploads\/2024\/07\/334621064_760562185790265_4792068025876037108_n-150x150.jpg",150,150,true],"medium":["https:\/\/nuevo-renacer.com\/wp-content\/uploads\/2024\/07\/334621064_760562185790265_4792068025876037108_n-300x200.jpg",300,200,true],"medium_large":["https:\/\/nuevo-renacer.com\/wp-content\/uploads\/2024\/07\/334621064_760562185790265_4792068025876037108_n-768x511.jpg",768,511,true],"large":["https:\/\/nuevo-renacer.com\/wp-content\/uploads\/2024\/07\/334621064_760562185790265_4792068025876037108_n.jpg",960,639,false],"1536x1536":["https:\/\/nuevo-renacer.com\/wp-content\/uploads\/2024\/07\/334621064_760562185790265_4792068025876037108_n.jpg",960,639,false],"2048x2048":["https:\/\/nuevo-renacer.com\/wp-content\/uploads\/2024\/07\/334621064_760562185790265_4792068025876037108_n.jpg",960,639,false],"trp-custom-language-flag":["https:\/\/nuevo-renacer.com\/wp-content\/uploads\/2024\/07\/334621064_760562185790265_4792068025876037108_n-18x12.jpg",18,12,true]},"uagb_author_info":{"display_name":"adbv0","author_link":"https:\/\/nuevo-renacer.com\/en\/author\/adbv0\/"},"uagb_comment_info":0,"uagb_excerpt":"Concepto de desarrollo medi\u00famnico Desarrollo se deriva del verbo desarrollar que se define como aumentar o reforzar algo de orden f\u00edsico, intelectual o moral. Tambien se define como hacer que una cosa o persona pase por una serie de estados sucesivos, de manera que crezca, aumente o progrese. Entendi\u00e9ndose con esta definici\u00f3n, que al hablar&hellip;","jetpack_sharing_enabled":true,"_links":{"self":[{"href":"https:\/\/nuevo-renacer.com\/en\/wp-json\/wp\/v2\/pages\/3997","targetHints":{"allow":["GET"]}}],"collection":[{"href":"https:\/\/nuevo-renacer.com\/en\/wp-json\/wp\/v2\/pages"}],"about":[{"href":"https:\/\/nuevo-renacer.com\/en\/wp-json\/wp\/v2\/types\/page"}],"author":[{"embeddable":true,"href":"https:\/\/nuevo-renacer.com\/en\/wp-json\/wp\/v2\/users\/1"}],"replies":[{"embeddable":true,"href":"https:\/\/nuevo-renacer.com\/en\/wp-json\/wp\/v2\/comments?post=3997"}],"version-history":[{"count":2,"href":"https:\/\/nuevo-renacer.com\/en\/wp-json\/wp\/v2\/pages\/3997\/revisions"}],"predecessor-version":[{"id":4000,"href":"https:\/\/nuevo-renacer.com\/en\/wp-json\/wp\/v2\/pages\/3997\/revisions\/4000"}],"wp:featuredmedia":[{"embeddable":true,"href":"https:\/\/nuevo-renacer.com\/en\/wp-json\/wp\/v2\/media\/3999"}],"wp:attachment":[{"href":"https:\/\/nuevo-renacer.com\/en\/wp-json\/wp\/v2\/media?parent=3997"}],"curies":[{"name":"wp","href":"https:\/\/api.w.org\/{rel}","templated":true}]}}