{"id":3967,"date":"2024-07-18T05:53:43","date_gmt":"2024-07-18T05:53:43","guid":{"rendered":"https:\/\/ufec-mundial.com\/?page_id=3967"},"modified":"2024-07-18T05:53:45","modified_gmt":"2024-07-18T05:53:45","slug":"falta-de-preparacion-para-la-muerte","status":"publish","type":"page","link":"https:\/\/nuevo-renacer.com\/en\/falta-de-preparacion-para-la-muerte\/","title":{"rendered":"Lack of preparation for death"},"content":{"rendered":"<div class=\"wp-block-uagb-container uagb-block-1a048de8 alignfull uagb-is-root-container\"><div class=\"uagb-container-inner-blocks-wrap\">\n<p class=\"has-black-color has-text-color has-link-color has-medium-font-size wp-elements-4658d4b8257a38ead8ead88fd53b2f3d\"><strong>Lack of preparation for death<\/strong><\/p>\n<\/div><\/div>\n\n\n\n<div class=\"wp-block-uagb-container uagb-block-c34fb6ae alignfull uagb-is-root-container\"><div class=\"uagb-container-inner-blocks-wrap\">\n<figure class=\"wp-block-image size-full is-resized\"><img fetchpriority=\"high\" decoding=\"async\" width=\"645\" height=\"461\" src=\"https:\/\/ufec-mundial.com\/wp-content\/uploads\/2024\/07\/441954558_7893392127347867_772903574704345315_n.jpg\" alt=\"\" class=\"wp-image-3969\" style=\"width:435px;height:auto\" srcset=\"https:\/\/nuevo-renacer.com\/wp-content\/uploads\/2024\/07\/441954558_7893392127347867_772903574704345315_n.jpg 645w, https:\/\/nuevo-renacer.com\/wp-content\/uploads\/2024\/07\/441954558_7893392127347867_772903574704345315_n-300x214.jpg 300w, https:\/\/nuevo-renacer.com\/wp-content\/uploads\/2024\/07\/441954558_7893392127347867_772903574704345315_n-18x12.jpg 18w\" sizes=\"(max-width: 645px) 100vw, 645px\" \/><\/figure>\n<\/div><\/div>\n\n\n\n<div class=\"wp-block-uagb-container uagb-block-f8ce2fde alignfull uagb-is-root-container\"><div class=\"uagb-container-inner-blocks-wrap\">\n<p class=\"has-black-color has-text-color has-link-color has-small-font-size wp-elements-7f1a9360bc140e3ff4b6fea5378ed8dc\">All this happens because religions do not prepare people for this step. They only teach that the sinner who is baptised, converted or dies with confession, anointing, consecration or burial with religious rituals goes straight to heaven.<\/p>\n\n\n\n<p class=\"has-black-color has-text-color has-link-color has-small-font-size wp-elements-c1b6ccc00184115ec27b1e19458a0304\">The man is born and is free to do whatever he wants, even evil. This is where religions come into play, whose task is to lead man to the practice of good and justice and thus prepare him to return better than he came.<\/p>\n\n\n\n<p class=\"has-black-color has-text-color has-link-color has-small-font-size wp-elements-4e6211fa05b79e7f6d2117bdcb2f7c2b\">Since they do not admit reincarnation, most churches teach that the dead must wait in the coffin until the trumpets sound and we are all resurrected for the day of reckoning.<\/p>\n\n\n\n<p class=\"has-black-color has-text-color has-link-color has-small-font-size wp-elements-df3f60d7946415a240997fa33dae61cb\">Since the spirit cannot be stopped, it goes out and does what it wants. That is why countless brothers and sisters have been in this situation for a long time.<\/p>\n\n\n\n<p class=\"has-black-color has-text-color has-link-color has-small-font-size wp-elements-7088df4aff7019f080addcbd8b72513d\">It is the duty of the living to help the departed by their prayers and deeds and to persuade them to repent. Therefore, it is necessary to indoctrinate and evangelise these spirits to recognise the truth that will free them from false teachings and promises.<\/p>\n<\/div><\/div>","protected":false},"excerpt":{"rendered":"<p>Falta de preparaci\u00f3n para la muerte Todo esto sucede porque las religiones no preparan a las personas para este paso. S\u00f3lo ense\u00f1an que el pecador que se bautiza, se convierte o muere con confesi\u00f3n, unci\u00f3n, consagraci\u00f3n o entierro con rituales religiosos va directo al cielo. El hombre nace y es libre de hacer lo que [&hellip;]<\/p>","protected":false},"author":1,"featured_media":3969,"parent":0,"menu_order":0,"comment_status":"closed","ping_status":"closed","template":"","meta":{"_uag_custom_page_level_css":"","site-sidebar-layout":"default","site-content-layout":"","ast-site-content-layout":"default","site-content-style":"default","site-sidebar-style":"default","ast-global-header-display":"","ast-banner-title-visibility":"","ast-main-header-display":"","ast-hfb-above-header-display":"","ast-hfb-below-header-display":"","ast-hfb-mobile-header-display":"","site-post-title":"","ast-breadcrumbs-content":"","ast-featured-img":"","footer-sml-layout":"","theme-transparent-header-meta":"","adv-header-id-meta":"","stick-header-meta":"","header-above-stick-meta":"","header-main-stick-meta":"","header-below-stick-meta":"","astra-migrate-meta-layouts":"set","ast-page-background-enabled":"default","ast-page-background-meta":{"desktop":{"background-color":"var(--ast-global-color-4)","background-image":"","background-repeat":"repeat","background-position":"center center","background-size":"auto","background-attachment":"scroll","background-type":"","background-media":"","overlay-type":"","overlay-color":"","overlay-opacity":"","overlay-gradient":""},"tablet":{"background-color":"","background-image":"","background-repeat":"repeat","background-position":"center center","background-size":"auto","background-attachment":"scroll","background-type":"","background-media":"","overlay-type":"","overlay-color":"","overlay-opacity":"","overlay-gradient":""},"mobile":{"background-color":"","background-image":"","background-repeat":"repeat","background-position":"center center","background-size":"auto","background-attachment":"scroll","background-type":"","background-media":"","overlay-type":"","overlay-color":"","overlay-opacity":"","overlay-gradient":""}},"ast-content-background-meta":{"desktop":{"background-color":"var(--ast-global-color-5)","background-image":"","background-repeat":"repeat","background-position":"center center","background-size":"auto","background-attachment":"scroll","background-type":"","background-media":"","overlay-type":"","overlay-color":"","overlay-opacity":"","overlay-gradient":""},"tablet":{"background-color":"var(--ast-global-color-5)","background-image":"","background-repeat":"repeat","background-position":"center center","background-size":"auto","background-attachment":"scroll","background-type":"","background-media":"","overlay-type":"","overlay-color":"","overlay-opacity":"","overlay-gradient":""},"mobile":{"background-color":"var(--ast-global-color-5)","background-image":"","background-repeat":"repeat","background-position":"center center","background-size":"auto","background-attachment":"scroll","background-type":"","background-media":"","overlay-type":"","overlay-color":"","overlay-opacity":"","overlay-gradient":""}},"footnotes":""},"class_list":["post-3967","page","type-page","status-publish","has-post-thumbnail","hentry"],"yoast_head":"<!-- This site is optimized with the Yoast SEO Premium plugin v24.2 (Yoast SEO v24.6) - https:\/\/yoast.com\/wordpress\/plugins\/seo\/ -->\n<title>Falta de preparaci\u00f3n para la muerte - Uni\u00f3n Esp\u00edrita<\/title>\n<meta name=\"robots\" content=\"index, follow, max-snippet:-1, max-image-preview:large, max-video-preview:-1\" \/>\n<link rel=\"canonical\" href=\"https:\/\/nuevo-renacer.com\/en\/falta-de-preparacion-para-la-muerte\/\" \/>\n<meta property=\"og:locale\" content=\"en_GB\" \/>\n<meta property=\"og:type\" content=\"article\" \/>\n<meta property=\"og:title\" content=\"Falta de preparaci\u00f3n para la muerte\" \/>\n<meta property=\"og:description\" content=\"Falta de preparaci\u00f3n para la muerte Todo esto sucede porque las religiones no preparan a las personas para este paso. S\u00f3lo ense\u00f1an que el pecador que se bautiza, se convierte o muere con confesi\u00f3n, unci\u00f3n, consagraci\u00f3n o entierro con rituales religiosos va directo al cielo. El hombre nace y es libre de hacer lo que [&hellip;]\" \/>\n<meta property=\"og:url\" content=\"https:\/\/nuevo-renacer.com\/en\/falta-de-preparacion-para-la-muerte\/\" \/>\n<meta property=\"og:site_name\" content=\"Uni\u00f3n Esp\u00edrita\" \/>\n<meta property=\"article:publisher\" content=\"https:\/\/www.facebook.com\/groups\/3431398063740829\" \/>\n<meta property=\"article:modified_time\" content=\"2024-07-18T05:53:45+00:00\" \/>\n<meta property=\"og:image\" content=\"https:\/\/nuevo-renacer.com\/wp-content\/uploads\/2024\/07\/441954558_7893392127347867_772903574704345315_n.jpg\" \/>\n\t<meta property=\"og:image:width\" content=\"645\" \/>\n\t<meta property=\"og:image:height\" content=\"461\" \/>\n\t<meta property=\"og:image:type\" content=\"image\/jpeg\" \/>\n<meta name=\"twitter:card\" content=\"summary_large_image\" \/>\n<meta name=\"twitter:label1\" content=\"Estimated reading time\" \/>\n\t<meta name=\"twitter:data1\" content=\"1 minute\" \/>\n<script type=\"application\/ld+json\" class=\"yoast-schema-graph\">{\"@context\":\"https:\/\/schema.org\",\"@graph\":[{\"@type\":\"WebPage\",\"@id\":\"https:\/\/nuevo-renacer.com\/falta-de-preparacion-para-la-muerte\/\",\"url\":\"https:\/\/nuevo-renacer.com\/falta-de-preparacion-para-la-muerte\/\",\"name\":\"Falta de preparaci\u00f3n para la muerte - Uni\u00f3n Esp\u00edrita\",\"isPartOf\":{\"@id\":\"https:\/\/nuevo-renacer.com\/#website\"},\"primaryImageOfPage\":{\"@id\":\"https:\/\/nuevo-renacer.com\/falta-de-preparacion-para-la-muerte\/#primaryimage\"},\"image\":{\"@id\":\"https:\/\/nuevo-renacer.com\/falta-de-preparacion-para-la-muerte\/#primaryimage\"},\"thumbnailUrl\":\"https:\/\/nuevo-renacer.com\/wp-content\/uploads\/2024\/07\/441954558_7893392127347867_772903574704345315_n.jpg\",\"datePublished\":\"2024-07-18T05:53:43+00:00\",\"dateModified\":\"2024-07-18T05:53:45+00:00\",\"breadcrumb\":{\"@id\":\"https:\/\/nuevo-renacer.com\/falta-de-preparacion-para-la-muerte\/#breadcrumb\"},\"inLanguage\":\"en-GB\",\"potentialAction\":[{\"@type\":\"ReadAction\",\"target\":[\"https:\/\/nuevo-renacer.com\/falta-de-preparacion-para-la-muerte\/\"]}]},{\"@type\":\"ImageObject\",\"inLanguage\":\"en-GB\",\"@id\":\"https:\/\/nuevo-renacer.com\/falta-de-preparacion-para-la-muerte\/#primaryimage\",\"url\":\"https:\/\/nuevo-renacer.com\/wp-content\/uploads\/2024\/07\/441954558_7893392127347867_772903574704345315_n.jpg\",\"contentUrl\":\"https:\/\/nuevo-renacer.com\/wp-content\/uploads\/2024\/07\/441954558_7893392127347867_772903574704345315_n.jpg\",\"width\":645,\"height\":461},{\"@type\":\"BreadcrumbList\",\"@id\":\"https:\/\/nuevo-renacer.com\/falta-de-preparacion-para-la-muerte\/#breadcrumb\",\"itemListElement\":[{\"@type\":\"ListItem\",\"position\":1,\"name\":\"Startseite\",\"item\":\"https:\/\/nuevo-renacer.com\/\"},{\"@type\":\"ListItem\",\"position\":2,\"name\":\"Falta de preparaci\u00f3n para la muerte\"}]},{\"@type\":\"WebSite\",\"@id\":\"https:\/\/nuevo-renacer.com\/#website\",\"url\":\"https:\/\/nuevo-renacer.com\/\",\"name\":\"Uni\u00f3n Esp\u00edrita\",\"description\":\"Nuevo Renacer\",\"publisher\":{\"@id\":\"https:\/\/nuevo-renacer.com\/#organization\"},\"potentialAction\":[{\"@type\":\"SearchAction\",\"target\":{\"@type\":\"EntryPoint\",\"urlTemplate\":\"https:\/\/nuevo-renacer.com\/?s={search_term_string}\"},\"query-input\":{\"@type\":\"PropertyValueSpecification\",\"valueRequired\":true,\"valueName\":\"search_term_string\"}}],\"inLanguage\":\"en-GB\"},{\"@type\":\"Organization\",\"@id\":\"https:\/\/nuevo-renacer.com\/#organization\",\"name\":\"UFEC\",\"url\":\"https:\/\/nuevo-renacer.com\/\",\"logo\":{\"@type\":\"ImageObject\",\"inLanguage\":\"en-GB\",\"@id\":\"https:\/\/nuevo-renacer.com\/#\/schema\/logo\/image\/\",\"url\":\"https:\/\/nuevo-renacer.com\/wp-content\/uploads\/2024\/05\/cropped-LOGO-TERMINADO1-3-3.png\",\"contentUrl\":\"https:\/\/nuevo-renacer.com\/wp-content\/uploads\/2024\/05\/cropped-LOGO-TERMINADO1-3-3.png\",\"width\":512,\"height\":512,\"caption\":\"UFEC\"},\"image\":{\"@id\":\"https:\/\/nuevo-renacer.com\/#\/schema\/logo\/image\/\"},\"sameAs\":[\"https:\/\/www.facebook.com\/groups\/3431398063740829\"]}]}<\/script>\n<!-- \/ Yoast SEO Premium plugin. -->","yoast_head_json":{"title":"Falta de preparaci\u00f3n para la muerte - Uni\u00f3n Esp\u00edrita","robots":{"index":"index","follow":"follow","max-snippet":"max-snippet:-1","max-image-preview":"max-image-preview:large","max-video-preview":"max-video-preview:-1"},"canonical":"https:\/\/nuevo-renacer.com\/en\/falta-de-preparacion-para-la-muerte\/","og_locale":"en_GB","og_type":"article","og_title":"Falta de preparaci\u00f3n para la muerte","og_description":"Falta de preparaci\u00f3n para la muerte Todo esto sucede porque las religiones no preparan a las personas para este paso. S\u00f3lo ense\u00f1an que el pecador que se bautiza, se convierte o muere con confesi\u00f3n, unci\u00f3n, consagraci\u00f3n o entierro con rituales religiosos va directo al cielo. El hombre nace y es libre de hacer lo que [&hellip;]","og_url":"https:\/\/nuevo-renacer.com\/en\/falta-de-preparacion-para-la-muerte\/","og_site_name":"Uni\u00f3n Esp\u00edrita","article_publisher":"https:\/\/www.facebook.com\/groups\/3431398063740829","article_modified_time":"2024-07-18T05:53:45+00:00","og_image":[{"width":645,"height":461,"url":"https:\/\/nuevo-renacer.com\/wp-content\/uploads\/2024\/07\/441954558_7893392127347867_772903574704345315_n.jpg","type":"image\/jpeg"}],"twitter_card":"summary_large_image","twitter_misc":{"Estimated reading time":"1 minute"},"schema":{"@context":"https:\/\/schema.org","@graph":[{"@type":"WebPage","@id":"https:\/\/nuevo-renacer.com\/falta-de-preparacion-para-la-muerte\/","url":"https:\/\/nuevo-renacer.com\/falta-de-preparacion-para-la-muerte\/","name":"Falta de preparaci\u00f3n para la muerte - Uni\u00f3n Esp\u00edrita","isPartOf":{"@id":"https:\/\/nuevo-renacer.com\/#website"},"primaryImageOfPage":{"@id":"https:\/\/nuevo-renacer.com\/falta-de-preparacion-para-la-muerte\/#primaryimage"},"image":{"@id":"https:\/\/nuevo-renacer.com\/falta-de-preparacion-para-la-muerte\/#primaryimage"},"thumbnailUrl":"https:\/\/nuevo-renacer.com\/wp-content\/uploads\/2024\/07\/441954558_7893392127347867_772903574704345315_n.jpg","datePublished":"2024-07-18T05:53:43+00:00","dateModified":"2024-07-18T05:53:45+00:00","breadcrumb":{"@id":"https:\/\/nuevo-renacer.com\/falta-de-preparacion-para-la-muerte\/#breadcrumb"},"inLanguage":"en-GB","potentialAction":[{"@type":"ReadAction","target":["https:\/\/nuevo-renacer.com\/falta-de-preparacion-para-la-muerte\/"]}]},{"@type":"ImageObject","inLanguage":"en-GB","@id":"https:\/\/nuevo-renacer.com\/falta-de-preparacion-para-la-muerte\/#primaryimage","url":"https:\/\/nuevo-renacer.com\/wp-content\/uploads\/2024\/07\/441954558_7893392127347867_772903574704345315_n.jpg","contentUrl":"https:\/\/nuevo-renacer.com\/wp-content\/uploads\/2024\/07\/441954558_7893392127347867_772903574704345315_n.jpg","width":645,"height":461},{"@type":"BreadcrumbList","@id":"https:\/\/nuevo-renacer.com\/falta-de-preparacion-para-la-muerte\/#breadcrumb","itemListElement":[{"@type":"ListItem","position":1,"name":"Startseite","item":"https:\/\/nuevo-renacer.com\/"},{"@type":"ListItem","position":2,"name":"Falta de preparaci\u00f3n para la muerte"}]},{"@type":"WebSite","@id":"https:\/\/nuevo-renacer.com\/#website","url":"https:\/\/nuevo-renacer.com\/","name":"Uni\u00f3n Esp\u00edrita","description":"Nuevo Renacer","publisher":{"@id":"https:\/\/nuevo-renacer.com\/#organization"},"potentialAction":[{"@type":"SearchAction","target":{"@type":"EntryPoint","urlTemplate":"https:\/\/nuevo-renacer.com\/?s={search_term_string}"},"query-input":{"@type":"PropertyValueSpecification","valueRequired":true,"valueName":"search_term_string"}}],"inLanguage":"en-GB"},{"@type":"Organization","@id":"https:\/\/nuevo-renacer.com\/#organization","name":"UFEC","url":"https:\/\/nuevo-renacer.com\/","logo":{"@type":"ImageObject","inLanguage":"en-GB","@id":"https:\/\/nuevo-renacer.com\/#\/schema\/logo\/image\/","url":"https:\/\/nuevo-renacer.com\/wp-content\/uploads\/2024\/05\/cropped-LOGO-TERMINADO1-3-3.png","contentUrl":"https:\/\/nuevo-renacer.com\/wp-content\/uploads\/2024\/05\/cropped-LOGO-TERMINADO1-3-3.png","width":512,"height":512,"caption":"UFEC"},"image":{"@id":"https:\/\/nuevo-renacer.com\/#\/schema\/logo\/image\/"},"sameAs":["https:\/\/www.facebook.com\/groups\/3431398063740829"]}]}},"uagb_featured_image_src":{"full":["https:\/\/nuevo-renacer.com\/wp-content\/uploads\/2024\/07\/441954558_7893392127347867_772903574704345315_n.jpg",645,461,false],"thumbnail":["https:\/\/nuevo-renacer.com\/wp-content\/uploads\/2024\/07\/441954558_7893392127347867_772903574704345315_n-150x150.jpg",150,150,true],"medium":["https:\/\/nuevo-renacer.com\/wp-content\/uploads\/2024\/07\/441954558_7893392127347867_772903574704345315_n-300x214.jpg",300,214,true],"medium_large":["https:\/\/nuevo-renacer.com\/wp-content\/uploads\/2024\/07\/441954558_7893392127347867_772903574704345315_n.jpg",645,461,false],"large":["https:\/\/nuevo-renacer.com\/wp-content\/uploads\/2024\/07\/441954558_7893392127347867_772903574704345315_n.jpg",645,461,false],"1536x1536":["https:\/\/nuevo-renacer.com\/wp-content\/uploads\/2024\/07\/441954558_7893392127347867_772903574704345315_n.jpg",645,461,false],"2048x2048":["https:\/\/nuevo-renacer.com\/wp-content\/uploads\/2024\/07\/441954558_7893392127347867_772903574704345315_n.jpg",645,461,false],"trp-custom-language-flag":["https:\/\/nuevo-renacer.com\/wp-content\/uploads\/2024\/07\/441954558_7893392127347867_772903574704345315_n-18x12.jpg",18,12,true]},"uagb_author_info":{"display_name":"adbv0","author_link":"https:\/\/nuevo-renacer.com\/en\/author\/adbv0\/"},"uagb_comment_info":0,"uagb_excerpt":"Falta de preparaci\u00f3n para la muerte Todo esto sucede porque las religiones no preparan a las personas para este paso. S\u00f3lo ense\u00f1an que el pecador que se bautiza, se convierte o muere con confesi\u00f3n, unci\u00f3n, consagraci\u00f3n o entierro con rituales religiosos va directo al cielo. El hombre nace y es libre de hacer lo que&hellip;","jetpack_sharing_enabled":true,"_links":{"self":[{"href":"https:\/\/nuevo-renacer.com\/en\/wp-json\/wp\/v2\/pages\/3967","targetHints":{"allow":["GET"]}}],"collection":[{"href":"https:\/\/nuevo-renacer.com\/en\/wp-json\/wp\/v2\/pages"}],"about":[{"href":"https:\/\/nuevo-renacer.com\/en\/wp-json\/wp\/v2\/types\/page"}],"author":[{"embeddable":true,"href":"https:\/\/nuevo-renacer.com\/en\/wp-json\/wp\/v2\/users\/1"}],"replies":[{"embeddable":true,"href":"https:\/\/nuevo-renacer.com\/en\/wp-json\/wp\/v2\/comments?post=3967"}],"version-history":[{"count":2,"href":"https:\/\/nuevo-renacer.com\/en\/wp-json\/wp\/v2\/pages\/3967\/revisions"}],"predecessor-version":[{"id":3970,"href":"https:\/\/nuevo-renacer.com\/en\/wp-json\/wp\/v2\/pages\/3967\/revisions\/3970"}],"wp:featuredmedia":[{"embeddable":true,"href":"https:\/\/nuevo-renacer.com\/en\/wp-json\/wp\/v2\/media\/3969"}],"wp:attachment":[{"href":"https:\/\/nuevo-renacer.com\/en\/wp-json\/wp\/v2\/media?parent=3967"}],"curies":[{"name":"wp","href":"https:\/\/api.w.org\/{rel}","templated":true}]}}