{"id":3949,"date":"2024-07-17T09:19:50","date_gmt":"2024-07-17T09:19:50","guid":{"rendered":"https:\/\/ufec-mundial.com\/?page_id=3949"},"modified":"2024-07-17T09:19:53","modified_gmt":"2024-07-17T09:19:53","slug":"lazaro-luiz-zamenhof","status":"publish","type":"page","link":"https:\/\/nuevo-renacer.com\/en\/lazaro-luiz-zamenhof\/","title":{"rendered":"L\u00e1zaro Luiz Zamenhof"},"content":{"rendered":"<div class=\"wp-block-uagb-container uagb-block-a34e48a2 alignfull uagb-is-root-container\"><div class=\"uagb-container-inner-blocks-wrap\">\n<p class=\"has-black-color has-text-color has-link-color has-medium-font-size wp-elements-d4e41a2b43a03df6b2bbdb496301b3c0\"><strong>L\u00e1zaro Luiz Zamenhof<\/strong><\/p>\n<\/div><\/div>\n\n\n\n<div class=\"wp-block-uagb-container uagb-block-18a90863 alignfull uagb-is-root-container\"><div class=\"uagb-container-inner-blocks-wrap\">\n<figure class=\"wp-block-image size-full is-resized\"><img fetchpriority=\"high\" decoding=\"async\" width=\"427\" height=\"599\" src=\"https:\/\/ufec-mundial.com\/wp-content\/uploads\/2024\/07\/427px-1908-kl-t-zamenhof.jpg\" alt=\"\" class=\"wp-image-3951\" style=\"width:232px;height:auto\" srcset=\"https:\/\/nuevo-renacer.com\/wp-content\/uploads\/2024\/07\/427px-1908-kl-t-zamenhof.jpg 427w, https:\/\/nuevo-renacer.com\/wp-content\/uploads\/2024\/07\/427px-1908-kl-t-zamenhof-214x300.jpg 214w, https:\/\/nuevo-renacer.com\/wp-content\/uploads\/2024\/07\/427px-1908-kl-t-zamenhof-9x12.jpg 9w\" sizes=\"(max-width: 427px) 100vw, 427px\" \/><\/figure>\n<\/div><\/div>\n\n\n\n<div class=\"wp-block-uagb-container uagb-block-f082a313 alignfull uagb-is-root-container\"><div class=\"uagb-container-inner-blocks-wrap\">\n<p class=\"has-black-color has-text-color has-link-color has-small-font-size wp-elements-06145272d7092ef308f4d2583063442b\">Lazaro Luiz Zamenhof (or Ludwik Lejzer Zamenhof) was born on 15 December 1859 in Bialystok, Poland. He was the son of Rosalia and Mark Zamenhof, a perceptive teacher of geography and modern languages. The story of the boy Lazarus' life, the town where he was born and the historical moment are crucial in triggering some reflections that would culminate in the creation of Esperanto.<\/p>\n\n\n\n<p class=\"has-black-color has-text-color has-link-color has-small-font-size wp-elements-c27f78fbc14348c0728dbec0a3f1463c\">Bialystok, then annexed to the Russian Empire, was a town torn apart by political, religious and linguistic differences; four languages were spoken there: Polish, Yiddish, Russian and German, and the boy Lazarus witnessed arguments and disputes that often ended in tears, blood and even violent deaths. This terrible impression would never fade from his mind, so from childhood he cherished the dream of creating a language through which the inhabitants of his town and the whole world could understand each other.<\/p>\n\n\n\n<p class=\"has-black-color has-text-color has-link-color has-small-font-size wp-elements-f29f72885fe07dda78e287292143872a\">He learned several languages (in addition to the four languages of his hometown): Latin, Hebrew, French, Greek and Italian, among others. In 1878 he wrote \"Lingve Universala\", which was to become the predecessor of Esperanto.<\/p>\n\n\n\n<p class=\"has-black-color has-text-color has-link-color has-small-font-size wp-elements-cd7a783692a22428038306fc45dba0dc\">Zamenhof's family moved to Warsaw and, after finishing school, he was sent to Moscow to study medicine. While he was away, his father, worried about his son's future, burned his manuscripts on the International Language.<\/p>\n\n\n\n<p class=\"has-black-color has-text-color has-link-color has-small-font-size wp-elements-5b513e80da288b85df158ffc73b412ba\">On returning to his father's house and realising what had happened, Lazarus patiently began to reconstruct his entire project. Only after exhaustive experiments and meticulous testing of the grammar and vocabulary, which he had intensively experimented with and tested, did he consider his work ready. He translated into Esperanto great works of world literature, among them the Bible (Old Testament) and Shakespeare's Hamlet. He was then 28 years old.<\/p>\n\n\n\n<p class=\"has-black-color has-text-color has-link-color has-small-font-size wp-elements-4fdbf1e9155b8182157d4a841dc77cc0\">On 26 July 1887, with the financial support of his future father-in-law, Zamenhof launched Esperanto into the world with a small grammar in Russian, \"Lingvo Internacia\", written by \"Doktoro Esperanto\" (a pseudonym which, in the new language, means \"doctor who has hope\"). Eventually, the pseudonym came to be used for the language itself: Esperanto.<\/p>\n\n\n\n<p class=\"has-black-color has-text-color has-link-color has-small-font-size wp-elements-eb0627df64565f55cec5e7eaa910dc61\">Without leaving his profession, as an ophthalmologist, Lazarus worked hard to make the International Language known. It was only after he had finished and published his work that he decided to marry. On 9 August 1887 he married Klara Silbernik, with whom he had three children: Lidia, Adam and Sophia.<\/p>\n\n\n\n<p class=\"has-black-color has-text-color has-link-color has-small-font-size wp-elements-23ef5223ce256e7d1dcd01af811a66e4\">In August 1905, Zamenhof saw his ideal come true at the First Universal Esperanto Congress in Boulogne-sur-Mer, France, where hundreds of people from different countries gathered to communicate in a single language during the six days of the event. The creator of the Language of Fraternity also attended eight other universal congresses, giving speeches at almost all of them, always travelling on his own, with difficulties, but never taking advantage of his prestige.<\/p>\n\n\n\n<p class=\"has-black-color has-text-color has-link-color has-small-font-size wp-elements-3fd8b217f8015c975f51221d262bbdf0\">In 1914, the outbreak of World War I interrupted the spread of Esperanto for a time. Shaken and suffering from heart problems, Zamenhof died three years later, on 14 April 1917, in Warsaw, Poland.<\/p>\n\n\n\n<p class=\"has-black-color has-text-color has-link-color has-small-font-size wp-elements-575b06b6ddfcf2a82c16cb3df5afb42d\">Lazaro Luiz Zamenhof was a man endowed with extraordinary willpower to spread his humanist ideal. He was a true universalist, pacifist and thinker who fought against sectarianism. His life was woven of sacrifices, self-denial and devotion; he was an extremely sympathetic man, who cultivated tolerance and kindness towards all, never missing an opportunity to be charitable. For this, UNESCO recognised him with merit as a \"benefactor of humanity\", a spirit who bequeathed to the human family the ideal instrument for communication between its members and for its progress based on universal brotherhood.<\/p>\n<\/div><\/div>","protected":false},"excerpt":{"rendered":"<p>L\u00e1zaro Luiz Zamenhof L\u00e1zaro Luiz Zamenhof (o Ludwik Lejzer Zamenhof) naci\u00f3 el 15 de diciembre de 1859 en Bialystok, Polonia. Era hijo de Rosal\u00eda y Marcos Zamenhof, un perspicaz profesor de geograf\u00eda y lenguas modernas. La historia de la vida del ni\u00f1o L\u00e1zaro, la ciudad donde naci\u00f3 y el momento hist\u00f3rico son cruciales para desencadenar [&hellip;]<\/p>","protected":false},"author":1,"featured_media":3951,"parent":0,"menu_order":0,"comment_status":"closed","ping_status":"closed","template":"","meta":{"_uag_custom_page_level_css":"","site-sidebar-layout":"default","site-content-layout":"","ast-site-content-layout":"default","site-content-style":"default","site-sidebar-style":"default","ast-global-header-display":"","ast-banner-title-visibility":"","ast-main-header-display":"","ast-hfb-above-header-display":"","ast-hfb-below-header-display":"","ast-hfb-mobile-header-display":"","site-post-title":"","ast-breadcrumbs-content":"","ast-featured-img":"","footer-sml-layout":"","theme-transparent-header-meta":"","adv-header-id-meta":"","stick-header-meta":"","header-above-stick-meta":"","header-main-stick-meta":"","header-below-stick-meta":"","astra-migrate-meta-layouts":"set","ast-page-background-enabled":"default","ast-page-background-meta":{"desktop":{"background-color":"var(--ast-global-color-4)","background-image":"","background-repeat":"repeat","background-position":"center center","background-size":"auto","background-attachment":"scroll","background-type":"","background-media":"","overlay-type":"","overlay-color":"","overlay-opacity":"","overlay-gradient":""},"tablet":{"background-color":"","background-image":"","background-repeat":"repeat","background-position":"center center","background-size":"auto","background-attachment":"scroll","background-type":"","background-media":"","overlay-type":"","overlay-color":"","overlay-opacity":"","overlay-gradient":""},"mobile":{"background-color":"","background-image":"","background-repeat":"repeat","background-position":"center center","background-size":"auto","background-attachment":"scroll","background-type":"","background-media":"","overlay-type":"","overlay-color":"","overlay-opacity":"","overlay-gradient":""}},"ast-content-background-meta":{"desktop":{"background-color":"var(--ast-global-color-5)","background-image":"","background-repeat":"repeat","background-position":"center center","background-size":"auto","background-attachment":"scroll","background-type":"","background-media":"","overlay-type":"","overlay-color":"","overlay-opacity":"","overlay-gradient":""},"tablet":{"background-color":"var(--ast-global-color-5)","background-image":"","background-repeat":"repeat","background-position":"center center","background-size":"auto","background-attachment":"scroll","background-type":"","background-media":"","overlay-type":"","overlay-color":"","overlay-opacity":"","overlay-gradient":""},"mobile":{"background-color":"var(--ast-global-color-5)","background-image":"","background-repeat":"repeat","background-position":"center center","background-size":"auto","background-attachment":"scroll","background-type":"","background-media":"","overlay-type":"","overlay-color":"","overlay-opacity":"","overlay-gradient":""}},"footnotes":""},"class_list":["post-3949","page","type-page","status-publish","has-post-thumbnail","hentry"],"yoast_head":"<!-- This site is optimized with the Yoast SEO Premium plugin v24.2 (Yoast SEO v24.6) - https:\/\/yoast.com\/wordpress\/plugins\/seo\/ -->\n<title>L\u00e1zaro Luiz Zamenhof - Uni\u00f3n Esp\u00edrita<\/title>\n<meta name=\"robots\" content=\"index, follow, max-snippet:-1, max-image-preview:large, max-video-preview:-1\" \/>\n<link rel=\"canonical\" href=\"https:\/\/nuevo-renacer.com\/en\/lazaro-luiz-zamenhof\/\" \/>\n<meta property=\"og:locale\" content=\"en_GB\" \/>\n<meta property=\"og:type\" content=\"article\" \/>\n<meta property=\"og:title\" content=\"L\u00e1zaro Luiz Zamenhof\" \/>\n<meta property=\"og:description\" content=\"L\u00e1zaro Luiz Zamenhof L\u00e1zaro Luiz Zamenhof (o Ludwik Lejzer Zamenhof) naci\u00f3 el 15 de diciembre de 1859 en Bialystok, Polonia. Era hijo de Rosal\u00eda y Marcos Zamenhof, un perspicaz profesor de geograf\u00eda y lenguas modernas. La historia de la vida del ni\u00f1o L\u00e1zaro, la ciudad donde naci\u00f3 y el momento hist\u00f3rico son cruciales para desencadenar [&hellip;]\" \/>\n<meta property=\"og:url\" content=\"https:\/\/nuevo-renacer.com\/en\/lazaro-luiz-zamenhof\/\" \/>\n<meta property=\"og:site_name\" content=\"Uni\u00f3n Esp\u00edrita\" \/>\n<meta property=\"article:publisher\" content=\"https:\/\/www.facebook.com\/groups\/3431398063740829\" \/>\n<meta property=\"article:modified_time\" content=\"2024-07-17T09:19:53+00:00\" \/>\n<meta property=\"og:image\" content=\"https:\/\/nuevo-renacer.com\/wp-content\/uploads\/2024\/07\/427px-1908-kl-t-zamenhof.jpg\" \/>\n\t<meta property=\"og:image:width\" content=\"427\" \/>\n\t<meta property=\"og:image:height\" content=\"599\" \/>\n\t<meta property=\"og:image:type\" content=\"image\/jpeg\" \/>\n<meta name=\"twitter:card\" content=\"summary_large_image\" \/>\n<meta name=\"twitter:label1\" content=\"Estimated reading time\" \/>\n\t<meta name=\"twitter:data1\" content=\"3 minutes\" \/>\n<script type=\"application\/ld+json\" class=\"yoast-schema-graph\">{\"@context\":\"https:\/\/schema.org\",\"@graph\":[{\"@type\":\"WebPage\",\"@id\":\"https:\/\/nuevo-renacer.com\/lazaro-luiz-zamenhof\/\",\"url\":\"https:\/\/nuevo-renacer.com\/lazaro-luiz-zamenhof\/\",\"name\":\"L\u00e1zaro Luiz Zamenhof - Uni\u00f3n Esp\u00edrita\",\"isPartOf\":{\"@id\":\"https:\/\/nuevo-renacer.com\/#website\"},\"primaryImageOfPage\":{\"@id\":\"https:\/\/nuevo-renacer.com\/lazaro-luiz-zamenhof\/#primaryimage\"},\"image\":{\"@id\":\"https:\/\/nuevo-renacer.com\/lazaro-luiz-zamenhof\/#primaryimage\"},\"thumbnailUrl\":\"https:\/\/nuevo-renacer.com\/wp-content\/uploads\/2024\/07\/427px-1908-kl-t-zamenhof.jpg\",\"datePublished\":\"2024-07-17T09:19:50+00:00\",\"dateModified\":\"2024-07-17T09:19:53+00:00\",\"breadcrumb\":{\"@id\":\"https:\/\/nuevo-renacer.com\/lazaro-luiz-zamenhof\/#breadcrumb\"},\"inLanguage\":\"en-GB\",\"potentialAction\":[{\"@type\":\"ReadAction\",\"target\":[\"https:\/\/nuevo-renacer.com\/lazaro-luiz-zamenhof\/\"]}]},{\"@type\":\"ImageObject\",\"inLanguage\":\"en-GB\",\"@id\":\"https:\/\/nuevo-renacer.com\/lazaro-luiz-zamenhof\/#primaryimage\",\"url\":\"https:\/\/nuevo-renacer.com\/wp-content\/uploads\/2024\/07\/427px-1908-kl-t-zamenhof.jpg\",\"contentUrl\":\"https:\/\/nuevo-renacer.com\/wp-content\/uploads\/2024\/07\/427px-1908-kl-t-zamenhof.jpg\",\"width\":427,\"height\":599},{\"@type\":\"BreadcrumbList\",\"@id\":\"https:\/\/nuevo-renacer.com\/lazaro-luiz-zamenhof\/#breadcrumb\",\"itemListElement\":[{\"@type\":\"ListItem\",\"position\":1,\"name\":\"Startseite\",\"item\":\"https:\/\/nuevo-renacer.com\/\"},{\"@type\":\"ListItem\",\"position\":2,\"name\":\"L\u00e1zaro Luiz Zamenhof\"}]},{\"@type\":\"WebSite\",\"@id\":\"https:\/\/nuevo-renacer.com\/#website\",\"url\":\"https:\/\/nuevo-renacer.com\/\",\"name\":\"Uni\u00f3n Esp\u00edrita\",\"description\":\"Nuevo Renacer\",\"publisher\":{\"@id\":\"https:\/\/nuevo-renacer.com\/#organization\"},\"potentialAction\":[{\"@type\":\"SearchAction\",\"target\":{\"@type\":\"EntryPoint\",\"urlTemplate\":\"https:\/\/nuevo-renacer.com\/?s={search_term_string}\"},\"query-input\":{\"@type\":\"PropertyValueSpecification\",\"valueRequired\":true,\"valueName\":\"search_term_string\"}}],\"inLanguage\":\"en-GB\"},{\"@type\":\"Organization\",\"@id\":\"https:\/\/nuevo-renacer.com\/#organization\",\"name\":\"UFEC\",\"url\":\"https:\/\/nuevo-renacer.com\/\",\"logo\":{\"@type\":\"ImageObject\",\"inLanguage\":\"en-GB\",\"@id\":\"https:\/\/nuevo-renacer.com\/#\/schema\/logo\/image\/\",\"url\":\"https:\/\/nuevo-renacer.com\/wp-content\/uploads\/2024\/05\/cropped-LOGO-TERMINADO1-3-3.png\",\"contentUrl\":\"https:\/\/nuevo-renacer.com\/wp-content\/uploads\/2024\/05\/cropped-LOGO-TERMINADO1-3-3.png\",\"width\":512,\"height\":512,\"caption\":\"UFEC\"},\"image\":{\"@id\":\"https:\/\/nuevo-renacer.com\/#\/schema\/logo\/image\/\"},\"sameAs\":[\"https:\/\/www.facebook.com\/groups\/3431398063740829\"]}]}<\/script>\n<!-- \/ Yoast SEO Premium plugin. -->","yoast_head_json":{"title":"L\u00e1zaro Luiz Zamenhof - Uni\u00f3n Esp\u00edrita","robots":{"index":"index","follow":"follow","max-snippet":"max-snippet:-1","max-image-preview":"max-image-preview:large","max-video-preview":"max-video-preview:-1"},"canonical":"https:\/\/nuevo-renacer.com\/en\/lazaro-luiz-zamenhof\/","og_locale":"en_GB","og_type":"article","og_title":"L\u00e1zaro Luiz Zamenhof","og_description":"L\u00e1zaro Luiz Zamenhof L\u00e1zaro Luiz Zamenhof (o Ludwik Lejzer Zamenhof) naci\u00f3 el 15 de diciembre de 1859 en Bialystok, Polonia. Era hijo de Rosal\u00eda y Marcos Zamenhof, un perspicaz profesor de geograf\u00eda y lenguas modernas. La historia de la vida del ni\u00f1o L\u00e1zaro, la ciudad donde naci\u00f3 y el momento hist\u00f3rico son cruciales para desencadenar [&hellip;]","og_url":"https:\/\/nuevo-renacer.com\/en\/lazaro-luiz-zamenhof\/","og_site_name":"Uni\u00f3n Esp\u00edrita","article_publisher":"https:\/\/www.facebook.com\/groups\/3431398063740829","article_modified_time":"2024-07-17T09:19:53+00:00","og_image":[{"width":427,"height":599,"url":"https:\/\/nuevo-renacer.com\/wp-content\/uploads\/2024\/07\/427px-1908-kl-t-zamenhof.jpg","type":"image\/jpeg"}],"twitter_card":"summary_large_image","twitter_misc":{"Estimated reading time":"3 minutes"},"schema":{"@context":"https:\/\/schema.org","@graph":[{"@type":"WebPage","@id":"https:\/\/nuevo-renacer.com\/lazaro-luiz-zamenhof\/","url":"https:\/\/nuevo-renacer.com\/lazaro-luiz-zamenhof\/","name":"L\u00e1zaro Luiz Zamenhof - Uni\u00f3n Esp\u00edrita","isPartOf":{"@id":"https:\/\/nuevo-renacer.com\/#website"},"primaryImageOfPage":{"@id":"https:\/\/nuevo-renacer.com\/lazaro-luiz-zamenhof\/#primaryimage"},"image":{"@id":"https:\/\/nuevo-renacer.com\/lazaro-luiz-zamenhof\/#primaryimage"},"thumbnailUrl":"https:\/\/nuevo-renacer.com\/wp-content\/uploads\/2024\/07\/427px-1908-kl-t-zamenhof.jpg","datePublished":"2024-07-17T09:19:50+00:00","dateModified":"2024-07-17T09:19:53+00:00","breadcrumb":{"@id":"https:\/\/nuevo-renacer.com\/lazaro-luiz-zamenhof\/#breadcrumb"},"inLanguage":"en-GB","potentialAction":[{"@type":"ReadAction","target":["https:\/\/nuevo-renacer.com\/lazaro-luiz-zamenhof\/"]}]},{"@type":"ImageObject","inLanguage":"en-GB","@id":"https:\/\/nuevo-renacer.com\/lazaro-luiz-zamenhof\/#primaryimage","url":"https:\/\/nuevo-renacer.com\/wp-content\/uploads\/2024\/07\/427px-1908-kl-t-zamenhof.jpg","contentUrl":"https:\/\/nuevo-renacer.com\/wp-content\/uploads\/2024\/07\/427px-1908-kl-t-zamenhof.jpg","width":427,"height":599},{"@type":"BreadcrumbList","@id":"https:\/\/nuevo-renacer.com\/lazaro-luiz-zamenhof\/#breadcrumb","itemListElement":[{"@type":"ListItem","position":1,"name":"Startseite","item":"https:\/\/nuevo-renacer.com\/"},{"@type":"ListItem","position":2,"name":"L\u00e1zaro Luiz Zamenhof"}]},{"@type":"WebSite","@id":"https:\/\/nuevo-renacer.com\/#website","url":"https:\/\/nuevo-renacer.com\/","name":"Uni\u00f3n Esp\u00edrita","description":"Nuevo Renacer","publisher":{"@id":"https:\/\/nuevo-renacer.com\/#organization"},"potentialAction":[{"@type":"SearchAction","target":{"@type":"EntryPoint","urlTemplate":"https:\/\/nuevo-renacer.com\/?s={search_term_string}"},"query-input":{"@type":"PropertyValueSpecification","valueRequired":true,"valueName":"search_term_string"}}],"inLanguage":"en-GB"},{"@type":"Organization","@id":"https:\/\/nuevo-renacer.com\/#organization","name":"UFEC","url":"https:\/\/nuevo-renacer.com\/","logo":{"@type":"ImageObject","inLanguage":"en-GB","@id":"https:\/\/nuevo-renacer.com\/#\/schema\/logo\/image\/","url":"https:\/\/nuevo-renacer.com\/wp-content\/uploads\/2024\/05\/cropped-LOGO-TERMINADO1-3-3.png","contentUrl":"https:\/\/nuevo-renacer.com\/wp-content\/uploads\/2024\/05\/cropped-LOGO-TERMINADO1-3-3.png","width":512,"height":512,"caption":"UFEC"},"image":{"@id":"https:\/\/nuevo-renacer.com\/#\/schema\/logo\/image\/"},"sameAs":["https:\/\/www.facebook.com\/groups\/3431398063740829"]}]}},"uagb_featured_image_src":{"full":["https:\/\/nuevo-renacer.com\/wp-content\/uploads\/2024\/07\/427px-1908-kl-t-zamenhof.jpg",427,599,false],"thumbnail":["https:\/\/nuevo-renacer.com\/wp-content\/uploads\/2024\/07\/427px-1908-kl-t-zamenhof-150x150.jpg",150,150,true],"medium":["https:\/\/nuevo-renacer.com\/wp-content\/uploads\/2024\/07\/427px-1908-kl-t-zamenhof-214x300.jpg",214,300,true],"medium_large":["https:\/\/nuevo-renacer.com\/wp-content\/uploads\/2024\/07\/427px-1908-kl-t-zamenhof.jpg",427,599,false],"large":["https:\/\/nuevo-renacer.com\/wp-content\/uploads\/2024\/07\/427px-1908-kl-t-zamenhof.jpg",427,599,false],"1536x1536":["https:\/\/nuevo-renacer.com\/wp-content\/uploads\/2024\/07\/427px-1908-kl-t-zamenhof.jpg",427,599,false],"2048x2048":["https:\/\/nuevo-renacer.com\/wp-content\/uploads\/2024\/07\/427px-1908-kl-t-zamenhof.jpg",427,599,false],"trp-custom-language-flag":["https:\/\/nuevo-renacer.com\/wp-content\/uploads\/2024\/07\/427px-1908-kl-t-zamenhof-9x12.jpg",9,12,true]},"uagb_author_info":{"display_name":"adbv0","author_link":"https:\/\/nuevo-renacer.com\/en\/author\/adbv0\/"},"uagb_comment_info":0,"uagb_excerpt":"L\u00e1zaro Luiz Zamenhof L\u00e1zaro Luiz Zamenhof (o Ludwik Lejzer Zamenhof) naci\u00f3 el 15 de diciembre de 1859 en Bialystok, Polonia. Era hijo de Rosal\u00eda y Marcos Zamenhof, un perspicaz profesor de geograf\u00eda y lenguas modernas. La historia de la vida del ni\u00f1o L\u00e1zaro, la ciudad donde naci\u00f3 y el momento hist\u00f3rico son cruciales para desencadenar&hellip;","jetpack_sharing_enabled":true,"_links":{"self":[{"href":"https:\/\/nuevo-renacer.com\/en\/wp-json\/wp\/v2\/pages\/3949","targetHints":{"allow":["GET"]}}],"collection":[{"href":"https:\/\/nuevo-renacer.com\/en\/wp-json\/wp\/v2\/pages"}],"about":[{"href":"https:\/\/nuevo-renacer.com\/en\/wp-json\/wp\/v2\/types\/page"}],"author":[{"embeddable":true,"href":"https:\/\/nuevo-renacer.com\/en\/wp-json\/wp\/v2\/users\/1"}],"replies":[{"embeddable":true,"href":"https:\/\/nuevo-renacer.com\/en\/wp-json\/wp\/v2\/comments?post=3949"}],"version-history":[{"count":2,"href":"https:\/\/nuevo-renacer.com\/en\/wp-json\/wp\/v2\/pages\/3949\/revisions"}],"predecessor-version":[{"id":3952,"href":"https:\/\/nuevo-renacer.com\/en\/wp-json\/wp\/v2\/pages\/3949\/revisions\/3952"}],"wp:featuredmedia":[{"embeddable":true,"href":"https:\/\/nuevo-renacer.com\/en\/wp-json\/wp\/v2\/media\/3951"}],"wp:attachment":[{"href":"https:\/\/nuevo-renacer.com\/en\/wp-json\/wp\/v2\/media?parent=3949"}],"curies":[{"name":"wp","href":"https:\/\/api.w.org\/{rel}","templated":true}]}}