{"id":3928,"date":"2024-07-17T08:15:01","date_gmt":"2024-07-17T08:15:01","guid":{"rendered":"https:\/\/ufec-mundial.com\/?page_id=3928"},"modified":"2024-07-17T08:15:05","modified_gmt":"2024-07-17T08:15:05","slug":"amelia-rodrigues","status":"publish","type":"page","link":"https:\/\/nuevo-renacer.com\/en\/amelia-rodrigues\/","title":{"rendered":"Am\u00e9lia Rodrigues"},"content":{"rendered":"<div class=\"wp-block-uagb-container uagb-block-a180046c alignfull uagb-is-root-container\"><div class=\"uagb-container-inner-blocks-wrap\">\n<p class=\"has-medium-font-size\"><strong>Am\u00e9lia Rodrigues<\/strong><\/p>\n<\/div><\/div>\n\n\n\n<div class=\"wp-block-uagb-container uagb-block-ff4656c6 alignfull uagb-is-root-container\"><div class=\"uagb-container-inner-blocks-wrap\">\n<figure class=\"wp-block-image size-full is-resized\"><img fetchpriority=\"high\" decoding=\"async\" width=\"500\" height=\"708\" src=\"https:\/\/ufec-mundial.com\/wp-content\/uploads\/2024\/07\/foto_amelia.jpg\" alt=\"\" class=\"wp-image-3930\" style=\"width:253px;height:auto\" srcset=\"https:\/\/nuevo-renacer.com\/wp-content\/uploads\/2024\/07\/foto_amelia.jpg 500w, https:\/\/nuevo-renacer.com\/wp-content\/uploads\/2024\/07\/foto_amelia-212x300.jpg 212w, https:\/\/nuevo-renacer.com\/wp-content\/uploads\/2024\/07\/foto_amelia-8x12.jpg 8w\" sizes=\"(max-width: 500px) 100vw, 500px\" \/><\/figure>\n<\/div><\/div>\n\n\n\n<div class=\"wp-block-uagb-container uagb-block-4b0a6c6a alignfull uagb-is-root-container\"><div class=\"uagb-container-inner-blocks-wrap\">\n<p class=\"has-black-color has-text-color has-link-color has-small-font-size wp-elements-b5fcdfa9c71f33b14813c0db3a8236b6\">Am\u00e9lia Augusta do Sacramento Rodrigues was born on 26 May 1861 in Fazenda Campos, located in the parish of Oliveira dos Campinhos, in the municipality of Santo Amaro da Purifica\u00e7\u00e3o, in the state of Bahia. Daughter of F\u00e9lix Rodrigues and Dona Maria Raquelina Rodrigues, she showed a high spiritual condition from childhood, having begun to write poetry at the age of 12.<\/p>\n\n\n\n<p class=\"has-black-color has-text-color has-link-color has-small-font-size wp-elements-da12c4fcab1d5d83057709500f41f396\">She studied with Canon Alexandrino do Prado and was a student of professors Ant\u00f4nio de Ara\u00fajo Gomes de S\u00e1 and Manuel Rodrigues M. de Almeida. Her vocation for teaching was innate. She enrolled in the school of Professor C\u00e2ndida \u00c1lvares dos Santos and began to teach in Arraial da Lapa.<\/p>\n\n\n\n<p class=\"has-black-color has-text-color has-link-color has-small-font-size wp-elements-6dfafabafa4f18973f99a416d05e7489\">A few years later, he applied for a place at Santo Amaro da Purifica\u00e7\u00e3o. She was successful and taught there for eight consecutive years. In 1891, thanks to her pedagogical ability and her love for the cause of education, she was transferred to Salvador and assigned to the Central School in the Santo Ant\u00f4nio neighbourhood.<\/p>\n\n\n\n<p class=\"has-black-color has-text-color has-link-color has-small-font-size wp-elements-acce882e50dc1ecd23561d145673aaf5\">In 1905, one of her pupils, still a teenager, was selected to teach English using the system of the philosopher Spencer. Am\u00e9lia Rodrigues not only helped him to understand the philosopher's thought, but complemented his learning. She told him: \u2018Young people need moral education, which is the fundamental principle of social discipline; without appealing to the heart, to educate is to form in man the most enduring forces of the social order\u2019.<\/p>\n\n\n\n<p class=\"has-black-color has-text-color has-link-color has-small-font-size wp-elements-ff0861bf0f8cfdc4edff976834c58410\">Am\u00e9lia Rodrigues' thought coincides with that of F\u00e9nelon in The Gospel according to Spiritism: \u201cTo educate is to form good men, not only to instruct them\u201d. A remarkable teacher, she was also an emeritus poetess, as well as an acclaimed writer and playwright, that is to say, a legitimate cultural exponent of Bahia's Letters. Among the plays she wrote are \u00abFausta\u00bb and \u00abLa Natividad\u00bb. She also wrote children's literature, didactic works and novels.<\/p>\n\n\n\n<p class=\"has-black-color has-text-color has-link-color has-small-font-size wp-elements-e1ff88375c7faa9a100d89886f505475\">When he retired, he found it hard to rest. Her ideal of teaching was still alive. When she regained her energy, she returned to teaching even more strongly and founded the Mary Help of Christians Nursery School, which later became the \u2018Action for the Exposed\u2019.<\/p>\n\n\n\n<p class=\"has-black-color has-text-color has-link-color has-small-font-size wp-elements-4fe3ed9fa0b265721c70ab0b074c1b93\">In addition to clearly showing his abolitionist ideology, taking advantage of the time available, he devoted himself to literature and journalism, collaborating in religious publications, among them \u00abO Mensageiro da F\u00e9\u00bb. Then in the magazine A Paladina and, later, in A Voz.<\/p>\n\n\n\n<p class=\"has-black-color has-text-color has-link-color has-small-font-size wp-elements-b85cf98a0b79ed9a0b0fe9e19c8c9f9f\">Am\u00e9lia Rodrigues passed away on 22 August 1926, at the age of 65, in Salvador, leaving her mark of unequalled work in Education, Literature and Social Assistance.<\/p>\n\n\n\n<p class=\"has-black-color has-text-color has-link-color has-small-font-size wp-elements-93c4bbd0d92320c24f51eed143f3b89c\">On the Spiritual Plane, she continued her enlightening and educational work, based on the Gospel of Jesus, the source of inspiration for her works when she was incarnated. He found in Spirituality - the infinite harvest of immortality - further expansion for his spirit, thirsty for knowledge and hungry for love, giving free rein to his noblest desires.<\/p>\n\n\n\n<p class=\"has-black-color has-text-color has-link-color has-small-font-size wp-elements-882663872711125ce1ffbdd8c7ec926b\">He delved deeper into the message of Jesus and is currently a member of the phalanx of Joanna de \u00c2ngelis, mentor of Divaldo Pereira Franco. Through the psychography of the selfless medium, he has contributed pages of untranslatable beauty, dealing with the most varied themes of the Gospel - his favourite subject - from which he draws edifying lessons for those who are tired and overwhelmed, in need of guidance and consolation.<\/p>\n\n\n\n<p class=\"has-black-color has-text-color has-link-color has-small-font-size wp-elements-ba27b46bc42d2c36af0979233543d501\">Through Divaldo's psychography, Am\u00e9lia Rodrigues brought the following works: Until the End of Time; There are Flowers on the Road; Light of the World; The Sower (for children); On the Paths of Jesus; First Fruits of the Kingdom; When Spring Returns; and God's Wheat.<\/p>\n<\/div><\/div>","protected":false},"excerpt":{"rendered":"<p>Am\u00e9lia Rodrigues Am\u00e9lia Augusta do Sacramento Rodrigues naci\u00f3 el 26 de mayo de 1861 en Fazenda Campos, situada en la parroquia de Oliveira dos Campinhos, en el municipio de Santo Amaro da Purifica\u00e7\u00e3o, en el estado de Bah\u00eda. Hija de F\u00e9lix Rodrigues y de do\u00f1a Maria Raquelina Rodrigues, ya desde la infancia mostr\u00f3 una elevada [&hellip;]<\/p>","protected":false},"author":1,"featured_media":3930,"parent":0,"menu_order":0,"comment_status":"closed","ping_status":"closed","template":"","meta":{"_uag_custom_page_level_css":"","site-sidebar-layout":"default","site-content-layout":"","ast-site-content-layout":"default","site-content-style":"default","site-sidebar-style":"default","ast-global-header-display":"","ast-banner-title-visibility":"","ast-main-header-display":"","ast-hfb-above-header-display":"","ast-hfb-below-header-display":"","ast-hfb-mobile-header-display":"","site-post-title":"","ast-breadcrumbs-content":"","ast-featured-img":"","footer-sml-layout":"","theme-transparent-header-meta":"","adv-header-id-meta":"","stick-header-meta":"","header-above-stick-meta":"","header-main-stick-meta":"","header-below-stick-meta":"","astra-migrate-meta-layouts":"set","ast-page-background-enabled":"default","ast-page-background-meta":{"desktop":{"background-color":"var(--ast-global-color-4)","background-image":"","background-repeat":"repeat","background-position":"center center","background-size":"auto","background-attachment":"scroll","background-type":"","background-media":"","overlay-type":"","overlay-color":"","overlay-opacity":"","overlay-gradient":""},"tablet":{"background-color":"","background-image":"","background-repeat":"repeat","background-position":"center center","background-size":"auto","background-attachment":"scroll","background-type":"","background-media":"","overlay-type":"","overlay-color":"","overlay-opacity":"","overlay-gradient":""},"mobile":{"background-color":"","background-image":"","background-repeat":"repeat","background-position":"center center","background-size":"auto","background-attachment":"scroll","background-type":"","background-media":"","overlay-type":"","overlay-color":"","overlay-opacity":"","overlay-gradient":""}},"ast-content-background-meta":{"desktop":{"background-color":"var(--ast-global-color-5)","background-image":"","background-repeat":"repeat","background-position":"center center","background-size":"auto","background-attachment":"scroll","background-type":"","background-media":"","overlay-type":"","overlay-color":"","overlay-opacity":"","overlay-gradient":""},"tablet":{"background-color":"var(--ast-global-color-5)","background-image":"","background-repeat":"repeat","background-position":"center center","background-size":"auto","background-attachment":"scroll","background-type":"","background-media":"","overlay-type":"","overlay-color":"","overlay-opacity":"","overlay-gradient":""},"mobile":{"background-color":"var(--ast-global-color-5)","background-image":"","background-repeat":"repeat","background-position":"center center","background-size":"auto","background-attachment":"scroll","background-type":"","background-media":"","overlay-type":"","overlay-color":"","overlay-opacity":"","overlay-gradient":""}},"footnotes":""},"class_list":["post-3928","page","type-page","status-publish","has-post-thumbnail","hentry"],"yoast_head":"<!-- This site is optimized with the Yoast SEO Premium plugin v24.2 (Yoast SEO v24.6) - https:\/\/yoast.com\/wordpress\/plugins\/seo\/ -->\n<title>Am\u00e9lia Rodrigues - Uni\u00f3n Esp\u00edrita<\/title>\n<meta name=\"robots\" content=\"index, follow, max-snippet:-1, max-image-preview:large, max-video-preview:-1\" \/>\n<link rel=\"canonical\" href=\"https:\/\/nuevo-renacer.com\/en\/amelia-rodrigues\/\" \/>\n<meta property=\"og:locale\" content=\"en_GB\" \/>\n<meta property=\"og:type\" content=\"article\" \/>\n<meta property=\"og:title\" content=\"Am\u00e9lia Rodrigues\" \/>\n<meta property=\"og:description\" content=\"Am\u00e9lia Rodrigues Am\u00e9lia Augusta do Sacramento Rodrigues naci\u00f3 el 26 de mayo de 1861 en Fazenda Campos, situada en la parroquia de Oliveira dos Campinhos, en el municipio de Santo Amaro da Purifica\u00e7\u00e3o, en el estado de Bah\u00eda. Hija de F\u00e9lix Rodrigues y de do\u00f1a Maria Raquelina Rodrigues, ya desde la infancia mostr\u00f3 una elevada [&hellip;]\" \/>\n<meta property=\"og:url\" content=\"https:\/\/nuevo-renacer.com\/en\/amelia-rodrigues\/\" \/>\n<meta property=\"og:site_name\" content=\"Uni\u00f3n Esp\u00edrita\" \/>\n<meta property=\"article:publisher\" content=\"https:\/\/www.facebook.com\/groups\/3431398063740829\" \/>\n<meta property=\"article:modified_time\" content=\"2024-07-17T08:15:05+00:00\" \/>\n<meta property=\"og:image\" content=\"https:\/\/nuevo-renacer.com\/wp-content\/uploads\/2024\/07\/foto_amelia.jpg\" \/>\n\t<meta property=\"og:image:width\" content=\"500\" \/>\n\t<meta property=\"og:image:height\" content=\"708\" \/>\n\t<meta property=\"og:image:type\" content=\"image\/jpeg\" \/>\n<meta name=\"twitter:card\" content=\"summary_large_image\" \/>\n<meta name=\"twitter:label1\" content=\"Estimated reading time\" \/>\n\t<meta name=\"twitter:data1\" content=\"3 minutes\" \/>\n<script type=\"application\/ld+json\" class=\"yoast-schema-graph\">{\"@context\":\"https:\/\/schema.org\",\"@graph\":[{\"@type\":\"WebPage\",\"@id\":\"https:\/\/nuevo-renacer.com\/de\/amelia-rodrigues\/\",\"url\":\"https:\/\/nuevo-renacer.com\/de\/amelia-rodrigues\/\",\"name\":\"Am\u00e9lia Rodrigues - Uni\u00f3n Esp\u00edrita\",\"isPartOf\":{\"@id\":\"https:\/\/nuevo-renacer.com\/#website\"},\"primaryImageOfPage\":{\"@id\":\"https:\/\/nuevo-renacer.com\/de\/amelia-rodrigues\/#primaryimage\"},\"image\":{\"@id\":\"https:\/\/nuevo-renacer.com\/de\/amelia-rodrigues\/#primaryimage\"},\"thumbnailUrl\":\"https:\/\/nuevo-renacer.com\/wp-content\/uploads\/2024\/07\/foto_amelia.jpg\",\"datePublished\":\"2024-07-17T08:15:01+00:00\",\"dateModified\":\"2024-07-17T08:15:05+00:00\",\"breadcrumb\":{\"@id\":\"https:\/\/nuevo-renacer.com\/de\/amelia-rodrigues\/#breadcrumb\"},\"inLanguage\":\"en-GB\",\"potentialAction\":[{\"@type\":\"ReadAction\",\"target\":[\"https:\/\/nuevo-renacer.com\/de\/amelia-rodrigues\/\"]}]},{\"@type\":\"ImageObject\",\"inLanguage\":\"en-GB\",\"@id\":\"https:\/\/nuevo-renacer.com\/de\/amelia-rodrigues\/#primaryimage\",\"url\":\"https:\/\/nuevo-renacer.com\/wp-content\/uploads\/2024\/07\/foto_amelia.jpg\",\"contentUrl\":\"https:\/\/nuevo-renacer.com\/wp-content\/uploads\/2024\/07\/foto_amelia.jpg\",\"width\":500,\"height\":708},{\"@type\":\"BreadcrumbList\",\"@id\":\"https:\/\/nuevo-renacer.com\/de\/amelia-rodrigues\/#breadcrumb\",\"itemListElement\":[{\"@type\":\"ListItem\",\"position\":1,\"name\":\"Startseite\",\"item\":\"https:\/\/nuevo-renacer.com\/\"},{\"@type\":\"ListItem\",\"position\":2,\"name\":\"Am\u00e9lia Rodrigues\"}]},{\"@type\":\"WebSite\",\"@id\":\"https:\/\/nuevo-renacer.com\/#website\",\"url\":\"https:\/\/nuevo-renacer.com\/\",\"name\":\"Uni\u00f3n Esp\u00edrita\",\"description\":\"Nuevo Renacer\",\"publisher\":{\"@id\":\"https:\/\/nuevo-renacer.com\/#organization\"},\"potentialAction\":[{\"@type\":\"SearchAction\",\"target\":{\"@type\":\"EntryPoint\",\"urlTemplate\":\"https:\/\/nuevo-renacer.com\/?s={search_term_string}\"},\"query-input\":{\"@type\":\"PropertyValueSpecification\",\"valueRequired\":true,\"valueName\":\"search_term_string\"}}],\"inLanguage\":\"en-GB\"},{\"@type\":\"Organization\",\"@id\":\"https:\/\/nuevo-renacer.com\/#organization\",\"name\":\"UFEC\",\"url\":\"https:\/\/nuevo-renacer.com\/\",\"logo\":{\"@type\":\"ImageObject\",\"inLanguage\":\"en-GB\",\"@id\":\"https:\/\/nuevo-renacer.com\/#\/schema\/logo\/image\/\",\"url\":\"https:\/\/nuevo-renacer.com\/wp-content\/uploads\/2024\/05\/cropped-LOGO-TERMINADO1-3-3.png\",\"contentUrl\":\"https:\/\/nuevo-renacer.com\/wp-content\/uploads\/2024\/05\/cropped-LOGO-TERMINADO1-3-3.png\",\"width\":512,\"height\":512,\"caption\":\"UFEC\"},\"image\":{\"@id\":\"https:\/\/nuevo-renacer.com\/#\/schema\/logo\/image\/\"},\"sameAs\":[\"https:\/\/www.facebook.com\/groups\/3431398063740829\"]}]}<\/script>\n<!-- \/ Yoast SEO Premium plugin. -->","yoast_head_json":{"title":"Am\u00e9lia Rodrigues - Uni\u00f3n Esp\u00edrita","robots":{"index":"index","follow":"follow","max-snippet":"max-snippet:-1","max-image-preview":"max-image-preview:large","max-video-preview":"max-video-preview:-1"},"canonical":"https:\/\/nuevo-renacer.com\/en\/amelia-rodrigues\/","og_locale":"en_GB","og_type":"article","og_title":"Am\u00e9lia Rodrigues","og_description":"Am\u00e9lia Rodrigues Am\u00e9lia Augusta do Sacramento Rodrigues naci\u00f3 el 26 de mayo de 1861 en Fazenda Campos, situada en la parroquia de Oliveira dos Campinhos, en el municipio de Santo Amaro da Purifica\u00e7\u00e3o, en el estado de Bah\u00eda. Hija de F\u00e9lix Rodrigues y de do\u00f1a Maria Raquelina Rodrigues, ya desde la infancia mostr\u00f3 una elevada [&hellip;]","og_url":"https:\/\/nuevo-renacer.com\/en\/amelia-rodrigues\/","og_site_name":"Uni\u00f3n Esp\u00edrita","article_publisher":"https:\/\/www.facebook.com\/groups\/3431398063740829","article_modified_time":"2024-07-17T08:15:05+00:00","og_image":[{"width":500,"height":708,"url":"https:\/\/nuevo-renacer.com\/wp-content\/uploads\/2024\/07\/foto_amelia.jpg","type":"image\/jpeg"}],"twitter_card":"summary_large_image","twitter_misc":{"Estimated reading time":"3 minutes"},"schema":{"@context":"https:\/\/schema.org","@graph":[{"@type":"WebPage","@id":"https:\/\/nuevo-renacer.com\/de\/amelia-rodrigues\/","url":"https:\/\/nuevo-renacer.com\/de\/amelia-rodrigues\/","name":"Am\u00e9lia Rodrigues - Uni\u00f3n Esp\u00edrita","isPartOf":{"@id":"https:\/\/nuevo-renacer.com\/#website"},"primaryImageOfPage":{"@id":"https:\/\/nuevo-renacer.com\/de\/amelia-rodrigues\/#primaryimage"},"image":{"@id":"https:\/\/nuevo-renacer.com\/de\/amelia-rodrigues\/#primaryimage"},"thumbnailUrl":"https:\/\/nuevo-renacer.com\/wp-content\/uploads\/2024\/07\/foto_amelia.jpg","datePublished":"2024-07-17T08:15:01+00:00","dateModified":"2024-07-17T08:15:05+00:00","breadcrumb":{"@id":"https:\/\/nuevo-renacer.com\/de\/amelia-rodrigues\/#breadcrumb"},"inLanguage":"en-GB","potentialAction":[{"@type":"ReadAction","target":["https:\/\/nuevo-renacer.com\/de\/amelia-rodrigues\/"]}]},{"@type":"ImageObject","inLanguage":"en-GB","@id":"https:\/\/nuevo-renacer.com\/de\/amelia-rodrigues\/#primaryimage","url":"https:\/\/nuevo-renacer.com\/wp-content\/uploads\/2024\/07\/foto_amelia.jpg","contentUrl":"https:\/\/nuevo-renacer.com\/wp-content\/uploads\/2024\/07\/foto_amelia.jpg","width":500,"height":708},{"@type":"BreadcrumbList","@id":"https:\/\/nuevo-renacer.com\/de\/amelia-rodrigues\/#breadcrumb","itemListElement":[{"@type":"ListItem","position":1,"name":"Startseite","item":"https:\/\/nuevo-renacer.com\/"},{"@type":"ListItem","position":2,"name":"Am\u00e9lia Rodrigues"}]},{"@type":"WebSite","@id":"https:\/\/nuevo-renacer.com\/#website","url":"https:\/\/nuevo-renacer.com\/","name":"Uni\u00f3n Esp\u00edrita","description":"Nuevo Renacer","publisher":{"@id":"https:\/\/nuevo-renacer.com\/#organization"},"potentialAction":[{"@type":"SearchAction","target":{"@type":"EntryPoint","urlTemplate":"https:\/\/nuevo-renacer.com\/?s={search_term_string}"},"query-input":{"@type":"PropertyValueSpecification","valueRequired":true,"valueName":"search_term_string"}}],"inLanguage":"en-GB"},{"@type":"Organization","@id":"https:\/\/nuevo-renacer.com\/#organization","name":"UFEC","url":"https:\/\/nuevo-renacer.com\/","logo":{"@type":"ImageObject","inLanguage":"en-GB","@id":"https:\/\/nuevo-renacer.com\/#\/schema\/logo\/image\/","url":"https:\/\/nuevo-renacer.com\/wp-content\/uploads\/2024\/05\/cropped-LOGO-TERMINADO1-3-3.png","contentUrl":"https:\/\/nuevo-renacer.com\/wp-content\/uploads\/2024\/05\/cropped-LOGO-TERMINADO1-3-3.png","width":512,"height":512,"caption":"UFEC"},"image":{"@id":"https:\/\/nuevo-renacer.com\/#\/schema\/logo\/image\/"},"sameAs":["https:\/\/www.facebook.com\/groups\/3431398063740829"]}]}},"uagb_featured_image_src":{"full":["https:\/\/nuevo-renacer.com\/wp-content\/uploads\/2024\/07\/foto_amelia.jpg",500,708,false],"thumbnail":["https:\/\/nuevo-renacer.com\/wp-content\/uploads\/2024\/07\/foto_amelia-150x150.jpg",150,150,true],"medium":["https:\/\/nuevo-renacer.com\/wp-content\/uploads\/2024\/07\/foto_amelia-212x300.jpg",212,300,true],"medium_large":["https:\/\/nuevo-renacer.com\/wp-content\/uploads\/2024\/07\/foto_amelia.jpg",500,708,false],"large":["https:\/\/nuevo-renacer.com\/wp-content\/uploads\/2024\/07\/foto_amelia.jpg",500,708,false],"1536x1536":["https:\/\/nuevo-renacer.com\/wp-content\/uploads\/2024\/07\/foto_amelia.jpg",500,708,false],"2048x2048":["https:\/\/nuevo-renacer.com\/wp-content\/uploads\/2024\/07\/foto_amelia.jpg",500,708,false],"trp-custom-language-flag":["https:\/\/nuevo-renacer.com\/wp-content\/uploads\/2024\/07\/foto_amelia-8x12.jpg",8,12,true]},"uagb_author_info":{"display_name":"adbv0","author_link":"https:\/\/nuevo-renacer.com\/en\/author\/adbv0\/"},"uagb_comment_info":0,"uagb_excerpt":"Am\u00e9lia Rodrigues Am\u00e9lia Augusta do Sacramento Rodrigues naci\u00f3 el 26 de mayo de 1861 en Fazenda Campos, situada en la parroquia de Oliveira dos Campinhos, en el municipio de Santo Amaro da Purifica\u00e7\u00e3o, en el estado de Bah\u00eda. Hija de F\u00e9lix Rodrigues y de do\u00f1a Maria Raquelina Rodrigues, ya desde la infancia mostr\u00f3 una elevada&hellip;","jetpack_sharing_enabled":true,"_links":{"self":[{"href":"https:\/\/nuevo-renacer.com\/en\/wp-json\/wp\/v2\/pages\/3928","targetHints":{"allow":["GET"]}}],"collection":[{"href":"https:\/\/nuevo-renacer.com\/en\/wp-json\/wp\/v2\/pages"}],"about":[{"href":"https:\/\/nuevo-renacer.com\/en\/wp-json\/wp\/v2\/types\/page"}],"author":[{"embeddable":true,"href":"https:\/\/nuevo-renacer.com\/en\/wp-json\/wp\/v2\/users\/1"}],"replies":[{"embeddable":true,"href":"https:\/\/nuevo-renacer.com\/en\/wp-json\/wp\/v2\/comments?post=3928"}],"version-history":[{"count":2,"href":"https:\/\/nuevo-renacer.com\/en\/wp-json\/wp\/v2\/pages\/3928\/revisions"}],"predecessor-version":[{"id":3931,"href":"https:\/\/nuevo-renacer.com\/en\/wp-json\/wp\/v2\/pages\/3928\/revisions\/3931"}],"wp:featuredmedia":[{"embeddable":true,"href":"https:\/\/nuevo-renacer.com\/en\/wp-json\/wp\/v2\/media\/3930"}],"wp:attachment":[{"href":"https:\/\/nuevo-renacer.com\/en\/wp-json\/wp\/v2\/media?parent=3928"}],"curies":[{"name":"wp","href":"https:\/\/api.w.org\/{rel}","templated":true}]}}