{"id":3911,"date":"2024-07-17T07:02:28","date_gmt":"2024-07-17T07:02:28","guid":{"rendered":"https:\/\/ufec-mundial.com\/?page_id=3911"},"modified":"2024-12-18T12:31:56","modified_gmt":"2024-12-18T12:31:56","slug":"a-donde-vamos-cuando-desencarnamos","status":"publish","type":"page","link":"https:\/\/nuevo-renacer.com\/en\/a-donde-vamos-cuando-desencarnamos\/","title":{"rendered":"Where do we go when we discarnate"},"content":{"rendered":"<div class=\"wp-block-uagb-container uagb-block-9046cf55 alignfull uagb-is-root-container\"><div class=\"uagb-container-inner-blocks-wrap\">\n<p class=\"has-black-color has-text-color has-link-color has-medium-font-size wp-elements-4011edede967c1701caaf9364b873c79\"><strong>Where do we go when we discarnate<\/strong><\/p>\n<\/div><\/div>\n\n\n\n<div class=\"wp-block-uagb-container uagb-block-a0ca59ca alignfull uagb-is-root-container\"><div class=\"uagb-container-inner-blocks-wrap\">\n<figure class=\"wp-block-image size-large is-resized\"><img fetchpriority=\"high\" decoding=\"async\" width=\"1024\" height=\"585\" src=\"https:\/\/ufec-mundial.com\/wp-content\/uploads\/2024\/07\/436639405_7740235445996870_1700133049400122048_n-1024x585.jpg\" alt=\"\" class=\"wp-image-3913\" style=\"width:418px;height:auto\" srcset=\"https:\/\/nuevo-renacer.com\/wp-content\/uploads\/2024\/07\/436639405_7740235445996870_1700133049400122048_n-1024x585.jpg 1024w, https:\/\/nuevo-renacer.com\/wp-content\/uploads\/2024\/07\/436639405_7740235445996870_1700133049400122048_n-300x171.jpg 300w, https:\/\/nuevo-renacer.com\/wp-content\/uploads\/2024\/07\/436639405_7740235445996870_1700133049400122048_n-768x439.jpg 768w, https:\/\/nuevo-renacer.com\/wp-content\/uploads\/2024\/07\/436639405_7740235445996870_1700133049400122048_n-1536x878.jpg 1536w, https:\/\/nuevo-renacer.com\/wp-content\/uploads\/2024\/07\/436639405_7740235445996870_1700133049400122048_n-18x10.jpg 18w, https:\/\/nuevo-renacer.com\/wp-content\/uploads\/2024\/07\/436639405_7740235445996870_1700133049400122048_n.jpg 1792w\" sizes=\"(max-width: 1024px) 100vw, 1024px\" \/><\/figure>\n<\/div><\/div>\n\n\n\n<div class=\"wp-block-uagb-container uagb-block-f1aa4c85 alignfull uagb-is-root-container\"><div class=\"uagb-container-inner-blocks-wrap\">\n<p class=\"has-black-color has-text-color has-link-color has-small-font-size wp-elements-3bec60e7e9a3589ed186a4eab103caff\">Firstly, we must realise that we are not an animated biological body, but souls incarnated in a physical body to carry out our spiritual moral development on this reincarnating planet. From this acceptance, we can accept or understand that when we disincarnate, the soul returns to its free state, carrying with it its moral progress, and depending on this moral development, we can then reincarnate in another world more advanced than the present one, or we can continue to reincarnate on this school planet until we evolve.<\/p>\n\n\n\n<p class=\"has-black-color has-text-color has-link-color has-small-font-size wp-elements-dbb63dfa31934ca9657f0b95e6e46a4a\">This begs the question: Do we incarnate and disincarnate people live together in this world? The answer is: Yes, we live together in this world, even though we cannot see or communicate with each other due to the vibrational states of our energies, except in the case of people with mediumistic abilities.<\/p>\n\n\n\n<p class=\"has-black-color has-text-color has-link-color has-small-font-size wp-elements-6ea5c894f21146841264fc8311d17b3d\">This shows that the world's population is very much dominated by disincarnate spirits who exert strong influences on the behaviour of humanity according to the principle of possession. For this reason, each person begins to accept this truth and to work towards ascending to higher categories of spirituality, such as love, unconditional forgiveness, gratitude and finally respect for human dignity, always recognising that we are beings of light, that we came to this earth of light and that it is our destiny to return to it, that it is a better world in which we can live without hurting others and without hurting ourselves with the accumulation of so much karma and its effects on returns to this reincarnating planet.<\/p>\n<\/div><\/div>\n\n\n\n<div class=\"wp-block-uagb-container uagb-block-46a21625 alignfull uagb-is-root-container\"><div class=\"uagb-container-inner-blocks-wrap\"><\/div><\/div>\n\n\n\n<div class=\"wp-block-uagb-container uagb-block-6f09fbee alignfull uagb-is-root-container\"><div class=\"uagb-container-inner-blocks-wrap\"><\/div><\/div>","protected":false},"excerpt":{"rendered":"<p>A d\u00f3nde vamos cuando desencarnamos En primer lugar, debemos darnos cuenta de que no somos un cuerpo biol\u00f3gico animado, sino almas encarnadas en un cuerpo f\u00edsico para llevar a cabo nuestro desarrollo moral espiritual en este planeta reencarnante. A partir de esta aceptaci\u00f3n, podemos aceptar o comprender que cuando desencarnamos, el alma vuelve a su [&hellip;]<\/p>","protected":false},"author":1,"featured_media":3913,"parent":0,"menu_order":0,"comment_status":"closed","ping_status":"closed","template":"","meta":{"_uag_custom_page_level_css":"","site-sidebar-layout":"default","site-content-layout":"","ast-site-content-layout":"default","site-content-style":"default","site-sidebar-style":"default","ast-global-header-display":"","ast-banner-title-visibility":"","ast-main-header-display":"","ast-hfb-above-header-display":"","ast-hfb-below-header-display":"","ast-hfb-mobile-header-display":"","site-post-title":"","ast-breadcrumbs-content":"","ast-featured-img":"","footer-sml-layout":"","theme-transparent-header-meta":"","adv-header-id-meta":"","stick-header-meta":"","header-above-stick-meta":"","header-main-stick-meta":"","header-below-stick-meta":"","astra-migrate-meta-layouts":"set","ast-page-background-enabled":"default","ast-page-background-meta":{"desktop":{"background-color":"var(--ast-global-color-4)","background-image":"","background-repeat":"repeat","background-position":"center center","background-size":"auto","background-attachment":"scroll","background-type":"","background-media":"","overlay-type":"","overlay-color":"","overlay-opacity":"","overlay-gradient":""},"tablet":{"background-color":"","background-image":"","background-repeat":"repeat","background-position":"center center","background-size":"auto","background-attachment":"scroll","background-type":"","background-media":"","overlay-type":"","overlay-color":"","overlay-opacity":"","overlay-gradient":""},"mobile":{"background-color":"","background-image":"","background-repeat":"repeat","background-position":"center center","background-size":"auto","background-attachment":"scroll","background-type":"","background-media":"","overlay-type":"","overlay-color":"","overlay-opacity":"","overlay-gradient":""}},"ast-content-background-meta":{"desktop":{"background-color":"var(--ast-global-color-5)","background-image":"","background-repeat":"repeat","background-position":"center center","background-size":"auto","background-attachment":"scroll","background-type":"","background-media":"","overlay-type":"","overlay-color":"","overlay-opacity":"","overlay-gradient":""},"tablet":{"background-color":"var(--ast-global-color-5)","background-image":"","background-repeat":"repeat","background-position":"center center","background-size":"auto","background-attachment":"scroll","background-type":"","background-media":"","overlay-type":"","overlay-color":"","overlay-opacity":"","overlay-gradient":""},"mobile":{"background-color":"var(--ast-global-color-5)","background-image":"","background-repeat":"repeat","background-position":"center center","background-size":"auto","background-attachment":"scroll","background-type":"","background-media":"","overlay-type":"","overlay-color":"","overlay-opacity":"","overlay-gradient":""}},"footnotes":""},"class_list":["post-3911","page","type-page","status-publish","has-post-thumbnail","hentry"],"yoast_head":"<!-- This site is optimized with the Yoast SEO Premium plugin v24.2 (Yoast SEO v24.6) - https:\/\/yoast.com\/wordpress\/plugins\/seo\/ -->\n<title>A d\u00f3nde vamos cuando desencarnamos - Uni\u00f3n Esp\u00edrita<\/title>\n<meta name=\"robots\" content=\"index, follow, max-snippet:-1, max-image-preview:large, max-video-preview:-1\" \/>\n<link rel=\"canonical\" href=\"https:\/\/nuevo-renacer.com\/en\/a-donde-vamos-cuando-desencarnamos\/\" \/>\n<meta property=\"og:locale\" content=\"en_GB\" \/>\n<meta property=\"og:type\" content=\"article\" \/>\n<meta property=\"og:title\" content=\"A d\u00f3nde vamos cuando desencarnamos\" \/>\n<meta property=\"og:description\" content=\"A d\u00f3nde vamos cuando desencarnamos En primer lugar, debemos darnos cuenta de que no somos un cuerpo biol\u00f3gico animado, sino almas encarnadas en un cuerpo f\u00edsico para llevar a cabo nuestro desarrollo moral espiritual en este planeta reencarnante. A partir de esta aceptaci\u00f3n, podemos aceptar o comprender que cuando desencarnamos, el alma vuelve a su [&hellip;]\" \/>\n<meta property=\"og:url\" content=\"https:\/\/nuevo-renacer.com\/en\/a-donde-vamos-cuando-desencarnamos\/\" \/>\n<meta property=\"og:site_name\" content=\"Uni\u00f3n Esp\u00edrita\" \/>\n<meta property=\"article:publisher\" content=\"https:\/\/www.facebook.com\/groups\/3431398063740829\" \/>\n<meta property=\"article:modified_time\" content=\"2024-12-18T12:31:56+00:00\" \/>\n<meta property=\"og:image\" content=\"https:\/\/nuevo-renacer.com\/wp-content\/uploads\/2024\/07\/436639405_7740235445996870_1700133049400122048_n.jpg\" \/>\n\t<meta property=\"og:image:width\" content=\"1792\" \/>\n\t<meta property=\"og:image:height\" content=\"1024\" \/>\n\t<meta property=\"og:image:type\" content=\"image\/jpeg\" \/>\n<meta name=\"twitter:card\" content=\"summary_large_image\" \/>\n<meta name=\"twitter:label1\" content=\"Estimated reading time\" \/>\n\t<meta name=\"twitter:data1\" content=\"1 minute\" \/>\n<script type=\"application\/ld+json\" class=\"yoast-schema-graph\">{\"@context\":\"https:\/\/schema.org\",\"@graph\":[{\"@type\":\"WebPage\",\"@id\":\"https:\/\/nuevo-renacer.com\/a-donde-vamos-cuando-desencarnamos\/\",\"url\":\"https:\/\/nuevo-renacer.com\/a-donde-vamos-cuando-desencarnamos\/\",\"name\":\"A d\u00f3nde vamos cuando desencarnamos - Uni\u00f3n Esp\u00edrita\",\"isPartOf\":{\"@id\":\"https:\/\/nuevo-renacer.com\/#website\"},\"primaryImageOfPage\":{\"@id\":\"https:\/\/nuevo-renacer.com\/a-donde-vamos-cuando-desencarnamos\/#primaryimage\"},\"image\":{\"@id\":\"https:\/\/nuevo-renacer.com\/a-donde-vamos-cuando-desencarnamos\/#primaryimage\"},\"thumbnailUrl\":\"https:\/\/nuevo-renacer.com\/wp-content\/uploads\/2024\/07\/436639405_7740235445996870_1700133049400122048_n.jpg\",\"datePublished\":\"2024-07-17T07:02:28+00:00\",\"dateModified\":\"2024-12-18T12:31:56+00:00\",\"breadcrumb\":{\"@id\":\"https:\/\/nuevo-renacer.com\/a-donde-vamos-cuando-desencarnamos\/#breadcrumb\"},\"inLanguage\":\"en-GB\",\"potentialAction\":[{\"@type\":\"ReadAction\",\"target\":[\"https:\/\/nuevo-renacer.com\/a-donde-vamos-cuando-desencarnamos\/\"]}]},{\"@type\":\"ImageObject\",\"inLanguage\":\"en-GB\",\"@id\":\"https:\/\/nuevo-renacer.com\/a-donde-vamos-cuando-desencarnamos\/#primaryimage\",\"url\":\"https:\/\/nuevo-renacer.com\/wp-content\/uploads\/2024\/07\/436639405_7740235445996870_1700133049400122048_n.jpg\",\"contentUrl\":\"https:\/\/nuevo-renacer.com\/wp-content\/uploads\/2024\/07\/436639405_7740235445996870_1700133049400122048_n.jpg\",\"width\":1792,\"height\":1024},{\"@type\":\"BreadcrumbList\",\"@id\":\"https:\/\/nuevo-renacer.com\/a-donde-vamos-cuando-desencarnamos\/#breadcrumb\",\"itemListElement\":[{\"@type\":\"ListItem\",\"position\":1,\"name\":\"Startseite\",\"item\":\"https:\/\/nuevo-renacer.com\/\"},{\"@type\":\"ListItem\",\"position\":2,\"name\":\"A d\u00f3nde vamos cuando desencarnamos\"}]},{\"@type\":\"WebSite\",\"@id\":\"https:\/\/nuevo-renacer.com\/#website\",\"url\":\"https:\/\/nuevo-renacer.com\/\",\"name\":\"Uni\u00f3n Esp\u00edrita\",\"description\":\"Nuevo Renacer\",\"publisher\":{\"@id\":\"https:\/\/nuevo-renacer.com\/#organization\"},\"potentialAction\":[{\"@type\":\"SearchAction\",\"target\":{\"@type\":\"EntryPoint\",\"urlTemplate\":\"https:\/\/nuevo-renacer.com\/?s={search_term_string}\"},\"query-input\":{\"@type\":\"PropertyValueSpecification\",\"valueRequired\":true,\"valueName\":\"search_term_string\"}}],\"inLanguage\":\"en-GB\"},{\"@type\":\"Organization\",\"@id\":\"https:\/\/nuevo-renacer.com\/#organization\",\"name\":\"UFEC\",\"url\":\"https:\/\/nuevo-renacer.com\/\",\"logo\":{\"@type\":\"ImageObject\",\"inLanguage\":\"en-GB\",\"@id\":\"https:\/\/nuevo-renacer.com\/#\/schema\/logo\/image\/\",\"url\":\"https:\/\/nuevo-renacer.com\/wp-content\/uploads\/2024\/05\/cropped-LOGO-TERMINADO1-3-3.png\",\"contentUrl\":\"https:\/\/nuevo-renacer.com\/wp-content\/uploads\/2024\/05\/cropped-LOGO-TERMINADO1-3-3.png\",\"width\":512,\"height\":512,\"caption\":\"UFEC\"},\"image\":{\"@id\":\"https:\/\/nuevo-renacer.com\/#\/schema\/logo\/image\/\"},\"sameAs\":[\"https:\/\/www.facebook.com\/groups\/3431398063740829\"]}]}<\/script>\n<!-- \/ Yoast SEO Premium plugin. -->","yoast_head_json":{"title":"A d\u00f3nde vamos cuando desencarnamos - Uni\u00f3n Esp\u00edrita","robots":{"index":"index","follow":"follow","max-snippet":"max-snippet:-1","max-image-preview":"max-image-preview:large","max-video-preview":"max-video-preview:-1"},"canonical":"https:\/\/nuevo-renacer.com\/en\/a-donde-vamos-cuando-desencarnamos\/","og_locale":"en_GB","og_type":"article","og_title":"A d\u00f3nde vamos cuando desencarnamos","og_description":"A d\u00f3nde vamos cuando desencarnamos En primer lugar, debemos darnos cuenta de que no somos un cuerpo biol\u00f3gico animado, sino almas encarnadas en un cuerpo f\u00edsico para llevar a cabo nuestro desarrollo moral espiritual en este planeta reencarnante. A partir de esta aceptaci\u00f3n, podemos aceptar o comprender que cuando desencarnamos, el alma vuelve a su [&hellip;]","og_url":"https:\/\/nuevo-renacer.com\/en\/a-donde-vamos-cuando-desencarnamos\/","og_site_name":"Uni\u00f3n Esp\u00edrita","article_publisher":"https:\/\/www.facebook.com\/groups\/3431398063740829","article_modified_time":"2024-12-18T12:31:56+00:00","og_image":[{"width":1792,"height":1024,"url":"https:\/\/nuevo-renacer.com\/wp-content\/uploads\/2024\/07\/436639405_7740235445996870_1700133049400122048_n.jpg","type":"image\/jpeg"}],"twitter_card":"summary_large_image","twitter_misc":{"Estimated reading time":"1 minute"},"schema":{"@context":"https:\/\/schema.org","@graph":[{"@type":"WebPage","@id":"https:\/\/nuevo-renacer.com\/a-donde-vamos-cuando-desencarnamos\/","url":"https:\/\/nuevo-renacer.com\/a-donde-vamos-cuando-desencarnamos\/","name":"A d\u00f3nde vamos cuando desencarnamos - Uni\u00f3n Esp\u00edrita","isPartOf":{"@id":"https:\/\/nuevo-renacer.com\/#website"},"primaryImageOfPage":{"@id":"https:\/\/nuevo-renacer.com\/a-donde-vamos-cuando-desencarnamos\/#primaryimage"},"image":{"@id":"https:\/\/nuevo-renacer.com\/a-donde-vamos-cuando-desencarnamos\/#primaryimage"},"thumbnailUrl":"https:\/\/nuevo-renacer.com\/wp-content\/uploads\/2024\/07\/436639405_7740235445996870_1700133049400122048_n.jpg","datePublished":"2024-07-17T07:02:28+00:00","dateModified":"2024-12-18T12:31:56+00:00","breadcrumb":{"@id":"https:\/\/nuevo-renacer.com\/a-donde-vamos-cuando-desencarnamos\/#breadcrumb"},"inLanguage":"en-GB","potentialAction":[{"@type":"ReadAction","target":["https:\/\/nuevo-renacer.com\/a-donde-vamos-cuando-desencarnamos\/"]}]},{"@type":"ImageObject","inLanguage":"en-GB","@id":"https:\/\/nuevo-renacer.com\/a-donde-vamos-cuando-desencarnamos\/#primaryimage","url":"https:\/\/nuevo-renacer.com\/wp-content\/uploads\/2024\/07\/436639405_7740235445996870_1700133049400122048_n.jpg","contentUrl":"https:\/\/nuevo-renacer.com\/wp-content\/uploads\/2024\/07\/436639405_7740235445996870_1700133049400122048_n.jpg","width":1792,"height":1024},{"@type":"BreadcrumbList","@id":"https:\/\/nuevo-renacer.com\/a-donde-vamos-cuando-desencarnamos\/#breadcrumb","itemListElement":[{"@type":"ListItem","position":1,"name":"Startseite","item":"https:\/\/nuevo-renacer.com\/"},{"@type":"ListItem","position":2,"name":"A d\u00f3nde vamos cuando desencarnamos"}]},{"@type":"WebSite","@id":"https:\/\/nuevo-renacer.com\/#website","url":"https:\/\/nuevo-renacer.com\/","name":"Uni\u00f3n Esp\u00edrita","description":"Nuevo Renacer","publisher":{"@id":"https:\/\/nuevo-renacer.com\/#organization"},"potentialAction":[{"@type":"SearchAction","target":{"@type":"EntryPoint","urlTemplate":"https:\/\/nuevo-renacer.com\/?s={search_term_string}"},"query-input":{"@type":"PropertyValueSpecification","valueRequired":true,"valueName":"search_term_string"}}],"inLanguage":"en-GB"},{"@type":"Organization","@id":"https:\/\/nuevo-renacer.com\/#organization","name":"UFEC","url":"https:\/\/nuevo-renacer.com\/","logo":{"@type":"ImageObject","inLanguage":"en-GB","@id":"https:\/\/nuevo-renacer.com\/#\/schema\/logo\/image\/","url":"https:\/\/nuevo-renacer.com\/wp-content\/uploads\/2024\/05\/cropped-LOGO-TERMINADO1-3-3.png","contentUrl":"https:\/\/nuevo-renacer.com\/wp-content\/uploads\/2024\/05\/cropped-LOGO-TERMINADO1-3-3.png","width":512,"height":512,"caption":"UFEC"},"image":{"@id":"https:\/\/nuevo-renacer.com\/#\/schema\/logo\/image\/"},"sameAs":["https:\/\/www.facebook.com\/groups\/3431398063740829"]}]}},"uagb_featured_image_src":{"full":["https:\/\/nuevo-renacer.com\/wp-content\/uploads\/2024\/07\/436639405_7740235445996870_1700133049400122048_n.jpg",1792,1024,false],"thumbnail":["https:\/\/nuevo-renacer.com\/wp-content\/uploads\/2024\/07\/436639405_7740235445996870_1700133049400122048_n-150x150.jpg",150,150,true],"medium":["https:\/\/nuevo-renacer.com\/wp-content\/uploads\/2024\/07\/436639405_7740235445996870_1700133049400122048_n-300x171.jpg",300,171,true],"medium_large":["https:\/\/nuevo-renacer.com\/wp-content\/uploads\/2024\/07\/436639405_7740235445996870_1700133049400122048_n-768x439.jpg",768,439,true],"large":["https:\/\/nuevo-renacer.com\/wp-content\/uploads\/2024\/07\/436639405_7740235445996870_1700133049400122048_n-1024x585.jpg",1024,585,true],"1536x1536":["https:\/\/nuevo-renacer.com\/wp-content\/uploads\/2024\/07\/436639405_7740235445996870_1700133049400122048_n-1536x878.jpg",1536,878,true],"2048x2048":["https:\/\/nuevo-renacer.com\/wp-content\/uploads\/2024\/07\/436639405_7740235445996870_1700133049400122048_n.jpg",1792,1024,false],"trp-custom-language-flag":["https:\/\/nuevo-renacer.com\/wp-content\/uploads\/2024\/07\/436639405_7740235445996870_1700133049400122048_n-18x10.jpg",18,10,true]},"uagb_author_info":{"display_name":"adbv0","author_link":"https:\/\/nuevo-renacer.com\/en\/author\/adbv0\/"},"uagb_comment_info":0,"uagb_excerpt":"A d\u00f3nde vamos cuando desencarnamos En primer lugar, debemos darnos cuenta de que no somos un cuerpo biol\u00f3gico animado, sino almas encarnadas en un cuerpo f\u00edsico para llevar a cabo nuestro desarrollo moral espiritual en este planeta reencarnante. A partir de esta aceptaci\u00f3n, podemos aceptar o comprender que cuando desencarnamos, el alma vuelve a su&hellip;","jetpack_sharing_enabled":true,"_links":{"self":[{"href":"https:\/\/nuevo-renacer.com\/en\/wp-json\/wp\/v2\/pages\/3911","targetHints":{"allow":["GET"]}}],"collection":[{"href":"https:\/\/nuevo-renacer.com\/en\/wp-json\/wp\/v2\/pages"}],"about":[{"href":"https:\/\/nuevo-renacer.com\/en\/wp-json\/wp\/v2\/types\/page"}],"author":[{"embeddable":true,"href":"https:\/\/nuevo-renacer.com\/en\/wp-json\/wp\/v2\/users\/1"}],"replies":[{"embeddable":true,"href":"https:\/\/nuevo-renacer.com\/en\/wp-json\/wp\/v2\/comments?post=3911"}],"version-history":[{"count":3,"href":"https:\/\/nuevo-renacer.com\/en\/wp-json\/wp\/v2\/pages\/3911\/revisions"}],"predecessor-version":[{"id":6560,"href":"https:\/\/nuevo-renacer.com\/en\/wp-json\/wp\/v2\/pages\/3911\/revisions\/6560"}],"wp:featuredmedia":[{"embeddable":true,"href":"https:\/\/nuevo-renacer.com\/en\/wp-json\/wp\/v2\/media\/3913"}],"wp:attachment":[{"href":"https:\/\/nuevo-renacer.com\/en\/wp-json\/wp\/v2\/media?parent=3911"}],"curies":[{"name":"wp","href":"https:\/\/api.w.org\/{rel}","templated":true}]}}