{"id":3883,"date":"2024-07-16T13:23:19","date_gmt":"2024-07-16T13:23:19","guid":{"rendered":"https:\/\/ufec-mundial.com\/?page_id=3883"},"modified":"2024-07-16T13:23:22","modified_gmt":"2024-07-16T13:23:22","slug":"no-os-olvideis-del-projimo","status":"publish","type":"page","link":"https:\/\/nuevo-renacer.com\/en\/no-os-olvideis-del-projimo\/","title":{"rendered":"Don't forget your fellow man"},"content":{"rendered":"<div class=\"wp-block-uagb-container uagb-block-ad51c05d alignfull uagb-is-root-container\"><div class=\"uagb-container-inner-blocks-wrap\">\n<p class=\"has-black-color has-text-color has-link-color has-medium-font-size wp-elements-8362b2475011629b231858556d5f84c8\"><strong>Don't forget your fellow man<\/strong><\/p>\n<\/div><\/div>\n\n\n\n<div class=\"wp-block-uagb-container uagb-block-40eeb480 alignfull uagb-is-root-container\"><div class=\"uagb-container-inner-blocks-wrap\">\n<figure class=\"wp-block-image size-full is-resized\"><img fetchpriority=\"high\" decoding=\"async\" width=\"404\" height=\"480\" src=\"https:\/\/ufec-mundial.com\/wp-content\/uploads\/2024\/07\/35b7cc775a2a3683095b0e3fb44deb74.jpg\" alt=\"\" class=\"wp-image-3884\" style=\"width:364px;height:auto\" srcset=\"https:\/\/nuevo-renacer.com\/wp-content\/uploads\/2024\/07\/35b7cc775a2a3683095b0e3fb44deb74.jpg 404w, https:\/\/nuevo-renacer.com\/wp-content\/uploads\/2024\/07\/35b7cc775a2a3683095b0e3fb44deb74-253x300.jpg 253w, https:\/\/nuevo-renacer.com\/wp-content\/uploads\/2024\/07\/35b7cc775a2a3683095b0e3fb44deb74-10x12.jpg 10w\" sizes=\"(max-width: 404px) 100vw, 404px\" \/><\/figure>\n<\/div><\/div>\n\n\n\n<div class=\"wp-block-uagb-container uagb-block-34ecf07c alignfull uagb-is-root-container\"><div class=\"uagb-container-inner-blocks-wrap\">\n<p class=\"has-black-color has-text-color has-link-color has-small-font-size wp-elements-2a355ccfbab24292731459d7b48f4b4b\">Don't be obstinate in selfishness. Selfishness causes suffering, reflected in the physical body, which suffers from the concentration of corrosive elements. Your fellow man, whom Jesus loved so much, needs you as much as you need him. This exchange is the life of all of us, uniting us with the life of God.<\/p>\n\n\n\n<p class=\"has-black-color has-text-color has-link-color has-small-font-size wp-elements-f9f16ba37e96078963e206bb1a04940a\">Don't forget your fellow man in spite of your obligations, for when we don't try to love someone, we invent excuses of every order and we distance ourselves in a thousand ways and through various disguises. Let us remember what the Divine Master said, reducing the ten commandments to only two: to love God above all things and our fellow man as ourselves. And selfishness, in the form of self-love, induces us to forget our fellow man, those who live with us on the great evolutionary journey.<\/p>\n\n\n\n<p class=\"has-black-color has-text-color has-link-color has-small-font-size wp-elements-df26b6926ed09a7e12ffa9d4eeb2ea55\">If you want to know who your fellow man is, observe yourself, for he is your continuation, which extends to infinity. Try to devote yourselves more to your fellowmen, to pay more attention to what they represent, to what they speak, do or write to you, because you can learn a lot from them, through the exchange of experiences.<\/p>\n\n\n\n<p class=\"has-black-color has-text-color has-link-color has-small-font-size wp-elements-4401c5263037883e3ea95852e85f669b\">Let us be faithful to the laws of the Lord, by communing with the laws of love and by being in the atmosphere of charity, that well-being will approach us, as a divine force, in the divine expression of all things. Have you already observed, my brother, how much your fellow man serves you? On every road, you can see his hands helping us to help, helping us to serve, helping us to understand. This fellow man deserves our respect, our esteem and our love. All together we will form the great stream of life that sustains the great hope for a better world.<\/p>\n\n\n\n<p class=\"has-black-color has-text-color has-link-color has-small-font-size wp-elements-83d960fc6bf4e81b6e361c6155d1b3df\">That interest you take too much in your own selves, spending all your time in your own cause, in your own livelihood, in your own care, without thought for others, leads you into the depths of pride and vanity and makes you forget that there are other people living in the same world in which you live. Come out from within yourselves, if only for a few moments, and observe what is going on around you, the difficulties of your fellow travellers, and help them with your possibilities, understanding them with discernment and comforting them with knowledge.<\/p>\n\n\n\n<p class=\"has-black-color has-text-color has-link-color has-small-font-size wp-elements-8d416aeba9364c8a2d15042e667b9365\">You must not selfishly accumulate wisdom. You must not waste your surplus strength, nor must you repress the gift of love and the gentleness you have gained. This store of enlightenment is to be used for the benefit of your fellow man, for the more you give, the more you will have for your own benefit, for the sake of the universal supplement. And he who forgets his fellowmen, atrophies the values of the heart, and becomes sick, for lack of exchange of the divine treasures. Adjust yourselves to the law, and it will adjust itself to you, for the good that you must do.<\/p>\n\n\n\n<p class=\"has-black-color has-text-color has-link-color has-small-font-size wp-elements-22ffb57aa63509881c4d51ab16f1aa2e\">I know that you seek health. For it is where harmony remains, the harmony born of duty done, of the joy of being useful to God's creatures.<\/p>\n\n\n\n<p class=\"has-black-color has-text-color has-link-color has-small-font-size wp-elements-bf619d5bad2d7cd64ed9b2dd043183ee\">Let us work with willing hands and strive to understand our fellow man at all times and God will do the rest that is beyond our reach.<\/p>\n\n\n\n<p class=\"has-black-color has-text-color has-link-color has-small-font-size wp-elements-e27f6129083944b68478da306cfd78bb\">Let us remember our fellow man, as we care for ourselves, while he is on our way and Jesus will be smiling in our hearts.<\/p>\n<\/div><\/div>","protected":false},"excerpt":{"rendered":"<p>No os olvid\u00e9is del pr\u00f3jimo No se\u00e1is obstinados en el ego\u00edsmo. El ego\u00edsmo hace sufrir, con reflejos en el cuerpo f\u00edsico, que padece con la concentraci\u00f3n de elementos corrosivos. El pr\u00f3jimo, que Jes\u00fas tanto amaba, precisa de vosotros, tanto como precis\u00e1is de \u00e9l. Ese intercambio es la vida de todos nosotros, uni\u00e9ndonos con la vida [&hellip;]<\/p>","protected":false},"author":1,"featured_media":3884,"parent":0,"menu_order":0,"comment_status":"closed","ping_status":"closed","template":"","meta":{"_uag_custom_page_level_css":"","site-sidebar-layout":"default","site-content-layout":"","ast-site-content-layout":"default","site-content-style":"default","site-sidebar-style":"default","ast-global-header-display":"","ast-banner-title-visibility":"","ast-main-header-display":"","ast-hfb-above-header-display":"","ast-hfb-below-header-display":"","ast-hfb-mobile-header-display":"","site-post-title":"disabled","ast-breadcrumbs-content":"","ast-featured-img":"","footer-sml-layout":"","theme-transparent-header-meta":"","adv-header-id-meta":"","stick-header-meta":"","header-above-stick-meta":"","header-main-stick-meta":"","header-below-stick-meta":"","astra-migrate-meta-layouts":"set","ast-page-background-enabled":"default","ast-page-background-meta":{"desktop":{"background-color":"var(--ast-global-color-4)","background-image":"","background-repeat":"repeat","background-position":"center center","background-size":"auto","background-attachment":"scroll","background-type":"","background-media":"","overlay-type":"","overlay-color":"","overlay-opacity":"","overlay-gradient":""},"tablet":{"background-color":"","background-image":"","background-repeat":"repeat","background-position":"center center","background-size":"auto","background-attachment":"scroll","background-type":"","background-media":"","overlay-type":"","overlay-color":"","overlay-opacity":"","overlay-gradient":""},"mobile":{"background-color":"","background-image":"","background-repeat":"repeat","background-position":"center center","background-size":"auto","background-attachment":"scroll","background-type":"","background-media":"","overlay-type":"","overlay-color":"","overlay-opacity":"","overlay-gradient":""}},"ast-content-background-meta":{"desktop":{"background-color":"var(--ast-global-color-5)","background-image":"","background-repeat":"repeat","background-position":"center center","background-size":"auto","background-attachment":"scroll","background-type":"","background-media":"","overlay-type":"","overlay-color":"","overlay-opacity":"","overlay-gradient":""},"tablet":{"background-color":"var(--ast-global-color-5)","background-image":"","background-repeat":"repeat","background-position":"center center","background-size":"auto","background-attachment":"scroll","background-type":"","background-media":"","overlay-type":"","overlay-color":"","overlay-opacity":"","overlay-gradient":""},"mobile":{"background-color":"var(--ast-global-color-5)","background-image":"","background-repeat":"repeat","background-position":"center center","background-size":"auto","background-attachment":"scroll","background-type":"","background-media":"","overlay-type":"","overlay-color":"","overlay-opacity":"","overlay-gradient":""}},"footnotes":""},"class_list":["post-3883","page","type-page","status-publish","has-post-thumbnail","hentry"],"yoast_head":"<!-- This site is optimized with the Yoast SEO Premium plugin v24.2 (Yoast SEO v24.6) - https:\/\/yoast.com\/wordpress\/plugins\/seo\/ -->\n<title>No os olvid\u00e9is del pr\u00f3jimo - Uni\u00f3n Esp\u00edrita<\/title>\n<meta name=\"robots\" content=\"index, follow, max-snippet:-1, max-image-preview:large, max-video-preview:-1\" \/>\n<link rel=\"canonical\" href=\"https:\/\/nuevo-renacer.com\/en\/no-os-olvideis-del-projimo\/\" \/>\n<meta property=\"og:locale\" content=\"en_GB\" \/>\n<meta property=\"og:type\" content=\"article\" \/>\n<meta property=\"og:title\" content=\"No os olvid\u00e9is del pr\u00f3jimo\" \/>\n<meta property=\"og:description\" content=\"No os olvid\u00e9is del pr\u00f3jimo No se\u00e1is obstinados en el ego\u00edsmo. El ego\u00edsmo hace sufrir, con reflejos en el cuerpo f\u00edsico, que padece con la concentraci\u00f3n de elementos corrosivos. El pr\u00f3jimo, que Jes\u00fas tanto amaba, precisa de vosotros, tanto como precis\u00e1is de \u00e9l. Ese intercambio es la vida de todos nosotros, uni\u00e9ndonos con la vida [&hellip;]\" \/>\n<meta property=\"og:url\" content=\"https:\/\/nuevo-renacer.com\/en\/no-os-olvideis-del-projimo\/\" \/>\n<meta property=\"og:site_name\" content=\"Uni\u00f3n Esp\u00edrita\" \/>\n<meta property=\"article:publisher\" content=\"https:\/\/www.facebook.com\/groups\/3431398063740829\" \/>\n<meta property=\"article:modified_time\" content=\"2024-07-16T13:23:22+00:00\" \/>\n<meta property=\"og:image\" content=\"https:\/\/nuevo-renacer.com\/wp-content\/uploads\/2024\/07\/35b7cc775a2a3683095b0e3fb44deb74.jpg\" \/>\n\t<meta property=\"og:image:width\" content=\"404\" \/>\n\t<meta property=\"og:image:height\" content=\"480\" \/>\n\t<meta property=\"og:image:type\" content=\"image\/jpeg\" \/>\n<meta name=\"twitter:card\" content=\"summary_large_image\" \/>\n<meta name=\"twitter:label1\" content=\"Estimated reading time\" \/>\n\t<meta name=\"twitter:data1\" content=\"3 minutes\" \/>\n<script type=\"application\/ld+json\" class=\"yoast-schema-graph\">{\"@context\":\"https:\/\/schema.org\",\"@graph\":[{\"@type\":\"WebPage\",\"@id\":\"https:\/\/nuevo-renacer.com\/no-os-olvideis-del-projimo\/\",\"url\":\"https:\/\/nuevo-renacer.com\/no-os-olvideis-del-projimo\/\",\"name\":\"No os olvid\u00e9is del pr\u00f3jimo - Uni\u00f3n Esp\u00edrita\",\"isPartOf\":{\"@id\":\"https:\/\/nuevo-renacer.com\/#website\"},\"primaryImageOfPage\":{\"@id\":\"https:\/\/nuevo-renacer.com\/no-os-olvideis-del-projimo\/#primaryimage\"},\"image\":{\"@id\":\"https:\/\/nuevo-renacer.com\/no-os-olvideis-del-projimo\/#primaryimage\"},\"thumbnailUrl\":\"https:\/\/nuevo-renacer.com\/wp-content\/uploads\/2024\/07\/35b7cc775a2a3683095b0e3fb44deb74.jpg\",\"datePublished\":\"2024-07-16T13:23:19+00:00\",\"dateModified\":\"2024-07-16T13:23:22+00:00\",\"breadcrumb\":{\"@id\":\"https:\/\/nuevo-renacer.com\/no-os-olvideis-del-projimo\/#breadcrumb\"},\"inLanguage\":\"en-GB\",\"potentialAction\":[{\"@type\":\"ReadAction\",\"target\":[\"https:\/\/nuevo-renacer.com\/no-os-olvideis-del-projimo\/\"]}]},{\"@type\":\"ImageObject\",\"inLanguage\":\"en-GB\",\"@id\":\"https:\/\/nuevo-renacer.com\/no-os-olvideis-del-projimo\/#primaryimage\",\"url\":\"https:\/\/nuevo-renacer.com\/wp-content\/uploads\/2024\/07\/35b7cc775a2a3683095b0e3fb44deb74.jpg\",\"contentUrl\":\"https:\/\/nuevo-renacer.com\/wp-content\/uploads\/2024\/07\/35b7cc775a2a3683095b0e3fb44deb74.jpg\",\"width\":404,\"height\":480},{\"@type\":\"BreadcrumbList\",\"@id\":\"https:\/\/nuevo-renacer.com\/no-os-olvideis-del-projimo\/#breadcrumb\",\"itemListElement\":[{\"@type\":\"ListItem\",\"position\":1,\"name\":\"Startseite\",\"item\":\"https:\/\/nuevo-renacer.com\/\"},{\"@type\":\"ListItem\",\"position\":2,\"name\":\"No os olvid\u00e9is del pr\u00f3jimo\"}]},{\"@type\":\"WebSite\",\"@id\":\"https:\/\/nuevo-renacer.com\/#website\",\"url\":\"https:\/\/nuevo-renacer.com\/\",\"name\":\"Uni\u00f3n Esp\u00edrita\",\"description\":\"Nuevo Renacer\",\"publisher\":{\"@id\":\"https:\/\/nuevo-renacer.com\/#organization\"},\"potentialAction\":[{\"@type\":\"SearchAction\",\"target\":{\"@type\":\"EntryPoint\",\"urlTemplate\":\"https:\/\/nuevo-renacer.com\/?s={search_term_string}\"},\"query-input\":{\"@type\":\"PropertyValueSpecification\",\"valueRequired\":true,\"valueName\":\"search_term_string\"}}],\"inLanguage\":\"en-GB\"},{\"@type\":\"Organization\",\"@id\":\"https:\/\/nuevo-renacer.com\/#organization\",\"name\":\"UFEC\",\"url\":\"https:\/\/nuevo-renacer.com\/\",\"logo\":{\"@type\":\"ImageObject\",\"inLanguage\":\"en-GB\",\"@id\":\"https:\/\/nuevo-renacer.com\/#\/schema\/logo\/image\/\",\"url\":\"https:\/\/nuevo-renacer.com\/wp-content\/uploads\/2024\/05\/cropped-LOGO-TERMINADO1-3-3.png\",\"contentUrl\":\"https:\/\/nuevo-renacer.com\/wp-content\/uploads\/2024\/05\/cropped-LOGO-TERMINADO1-3-3.png\",\"width\":512,\"height\":512,\"caption\":\"UFEC\"},\"image\":{\"@id\":\"https:\/\/nuevo-renacer.com\/#\/schema\/logo\/image\/\"},\"sameAs\":[\"https:\/\/www.facebook.com\/groups\/3431398063740829\"]}]}<\/script>\n<!-- \/ Yoast SEO Premium plugin. -->","yoast_head_json":{"title":"No os olvid\u00e9is del pr\u00f3jimo - Uni\u00f3n Esp\u00edrita","robots":{"index":"index","follow":"follow","max-snippet":"max-snippet:-1","max-image-preview":"max-image-preview:large","max-video-preview":"max-video-preview:-1"},"canonical":"https:\/\/nuevo-renacer.com\/en\/no-os-olvideis-del-projimo\/","og_locale":"en_GB","og_type":"article","og_title":"No os olvid\u00e9is del pr\u00f3jimo","og_description":"No os olvid\u00e9is del pr\u00f3jimo No se\u00e1is obstinados en el ego\u00edsmo. El ego\u00edsmo hace sufrir, con reflejos en el cuerpo f\u00edsico, que padece con la concentraci\u00f3n de elementos corrosivos. El pr\u00f3jimo, que Jes\u00fas tanto amaba, precisa de vosotros, tanto como precis\u00e1is de \u00e9l. Ese intercambio es la vida de todos nosotros, uni\u00e9ndonos con la vida [&hellip;]","og_url":"https:\/\/nuevo-renacer.com\/en\/no-os-olvideis-del-projimo\/","og_site_name":"Uni\u00f3n Esp\u00edrita","article_publisher":"https:\/\/www.facebook.com\/groups\/3431398063740829","article_modified_time":"2024-07-16T13:23:22+00:00","og_image":[{"width":404,"height":480,"url":"https:\/\/nuevo-renacer.com\/wp-content\/uploads\/2024\/07\/35b7cc775a2a3683095b0e3fb44deb74.jpg","type":"image\/jpeg"}],"twitter_card":"summary_large_image","twitter_misc":{"Estimated reading time":"3 minutes"},"schema":{"@context":"https:\/\/schema.org","@graph":[{"@type":"WebPage","@id":"https:\/\/nuevo-renacer.com\/no-os-olvideis-del-projimo\/","url":"https:\/\/nuevo-renacer.com\/no-os-olvideis-del-projimo\/","name":"No os olvid\u00e9is del pr\u00f3jimo - Uni\u00f3n Esp\u00edrita","isPartOf":{"@id":"https:\/\/nuevo-renacer.com\/#website"},"primaryImageOfPage":{"@id":"https:\/\/nuevo-renacer.com\/no-os-olvideis-del-projimo\/#primaryimage"},"image":{"@id":"https:\/\/nuevo-renacer.com\/no-os-olvideis-del-projimo\/#primaryimage"},"thumbnailUrl":"https:\/\/nuevo-renacer.com\/wp-content\/uploads\/2024\/07\/35b7cc775a2a3683095b0e3fb44deb74.jpg","datePublished":"2024-07-16T13:23:19+00:00","dateModified":"2024-07-16T13:23:22+00:00","breadcrumb":{"@id":"https:\/\/nuevo-renacer.com\/no-os-olvideis-del-projimo\/#breadcrumb"},"inLanguage":"en-GB","potentialAction":[{"@type":"ReadAction","target":["https:\/\/nuevo-renacer.com\/no-os-olvideis-del-projimo\/"]}]},{"@type":"ImageObject","inLanguage":"en-GB","@id":"https:\/\/nuevo-renacer.com\/no-os-olvideis-del-projimo\/#primaryimage","url":"https:\/\/nuevo-renacer.com\/wp-content\/uploads\/2024\/07\/35b7cc775a2a3683095b0e3fb44deb74.jpg","contentUrl":"https:\/\/nuevo-renacer.com\/wp-content\/uploads\/2024\/07\/35b7cc775a2a3683095b0e3fb44deb74.jpg","width":404,"height":480},{"@type":"BreadcrumbList","@id":"https:\/\/nuevo-renacer.com\/no-os-olvideis-del-projimo\/#breadcrumb","itemListElement":[{"@type":"ListItem","position":1,"name":"Startseite","item":"https:\/\/nuevo-renacer.com\/"},{"@type":"ListItem","position":2,"name":"No os olvid\u00e9is del pr\u00f3jimo"}]},{"@type":"WebSite","@id":"https:\/\/nuevo-renacer.com\/#website","url":"https:\/\/nuevo-renacer.com\/","name":"Uni\u00f3n Esp\u00edrita","description":"Nuevo Renacer","publisher":{"@id":"https:\/\/nuevo-renacer.com\/#organization"},"potentialAction":[{"@type":"SearchAction","target":{"@type":"EntryPoint","urlTemplate":"https:\/\/nuevo-renacer.com\/?s={search_term_string}"},"query-input":{"@type":"PropertyValueSpecification","valueRequired":true,"valueName":"search_term_string"}}],"inLanguage":"en-GB"},{"@type":"Organization","@id":"https:\/\/nuevo-renacer.com\/#organization","name":"UFEC","url":"https:\/\/nuevo-renacer.com\/","logo":{"@type":"ImageObject","inLanguage":"en-GB","@id":"https:\/\/nuevo-renacer.com\/#\/schema\/logo\/image\/","url":"https:\/\/nuevo-renacer.com\/wp-content\/uploads\/2024\/05\/cropped-LOGO-TERMINADO1-3-3.png","contentUrl":"https:\/\/nuevo-renacer.com\/wp-content\/uploads\/2024\/05\/cropped-LOGO-TERMINADO1-3-3.png","width":512,"height":512,"caption":"UFEC"},"image":{"@id":"https:\/\/nuevo-renacer.com\/#\/schema\/logo\/image\/"},"sameAs":["https:\/\/www.facebook.com\/groups\/3431398063740829"]}]}},"uagb_featured_image_src":{"full":["https:\/\/nuevo-renacer.com\/wp-content\/uploads\/2024\/07\/35b7cc775a2a3683095b0e3fb44deb74.jpg",404,480,false],"thumbnail":["https:\/\/nuevo-renacer.com\/wp-content\/uploads\/2024\/07\/35b7cc775a2a3683095b0e3fb44deb74-150x150.jpg",150,150,true],"medium":["https:\/\/nuevo-renacer.com\/wp-content\/uploads\/2024\/07\/35b7cc775a2a3683095b0e3fb44deb74-253x300.jpg",253,300,true],"medium_large":["https:\/\/nuevo-renacer.com\/wp-content\/uploads\/2024\/07\/35b7cc775a2a3683095b0e3fb44deb74.jpg",404,480,false],"large":["https:\/\/nuevo-renacer.com\/wp-content\/uploads\/2024\/07\/35b7cc775a2a3683095b0e3fb44deb74.jpg",404,480,false],"1536x1536":["https:\/\/nuevo-renacer.com\/wp-content\/uploads\/2024\/07\/35b7cc775a2a3683095b0e3fb44deb74.jpg",404,480,false],"2048x2048":["https:\/\/nuevo-renacer.com\/wp-content\/uploads\/2024\/07\/35b7cc775a2a3683095b0e3fb44deb74.jpg",404,480,false],"trp-custom-language-flag":["https:\/\/nuevo-renacer.com\/wp-content\/uploads\/2024\/07\/35b7cc775a2a3683095b0e3fb44deb74-10x12.jpg",10,12,true]},"uagb_author_info":{"display_name":"adbv0","author_link":"https:\/\/nuevo-renacer.com\/en\/author\/adbv0\/"},"uagb_comment_info":0,"uagb_excerpt":"No os olvid\u00e9is del pr\u00f3jimo No se\u00e1is obstinados en el ego\u00edsmo. El ego\u00edsmo hace sufrir, con reflejos en el cuerpo f\u00edsico, que padece con la concentraci\u00f3n de elementos corrosivos. El pr\u00f3jimo, que Jes\u00fas tanto amaba, precisa de vosotros, tanto como precis\u00e1is de \u00e9l. Ese intercambio es la vida de todos nosotros, uni\u00e9ndonos con la vida&hellip;","jetpack_sharing_enabled":true,"_links":{"self":[{"href":"https:\/\/nuevo-renacer.com\/en\/wp-json\/wp\/v2\/pages\/3883","targetHints":{"allow":["GET"]}}],"collection":[{"href":"https:\/\/nuevo-renacer.com\/en\/wp-json\/wp\/v2\/pages"}],"about":[{"href":"https:\/\/nuevo-renacer.com\/en\/wp-json\/wp\/v2\/types\/page"}],"author":[{"embeddable":true,"href":"https:\/\/nuevo-renacer.com\/en\/wp-json\/wp\/v2\/users\/1"}],"replies":[{"embeddable":true,"href":"https:\/\/nuevo-renacer.com\/en\/wp-json\/wp\/v2\/comments?post=3883"}],"version-history":[{"count":1,"href":"https:\/\/nuevo-renacer.com\/en\/wp-json\/wp\/v2\/pages\/3883\/revisions"}],"predecessor-version":[{"id":3885,"href":"https:\/\/nuevo-renacer.com\/en\/wp-json\/wp\/v2\/pages\/3883\/revisions\/3885"}],"wp:featuredmedia":[{"embeddable":true,"href":"https:\/\/nuevo-renacer.com\/en\/wp-json\/wp\/v2\/media\/3884"}],"wp:attachment":[{"href":"https:\/\/nuevo-renacer.com\/en\/wp-json\/wp\/v2\/media?parent=3883"}],"curies":[{"name":"wp","href":"https:\/\/api.w.org\/{rel}","templated":true}]}}