{"id":3872,"date":"2024-07-16T12:40:52","date_gmt":"2024-07-16T12:40:52","guid":{"rendered":"https:\/\/ufec-mundial.com\/?page_id=3872"},"modified":"2024-07-16T12:40:55","modified_gmt":"2024-07-16T12:40:55","slug":"buscar-la-perfeccion","status":"publish","type":"page","link":"https:\/\/nuevo-renacer.com\/en\/buscar-la-perfeccion\/","title":{"rendered":"Seek perfection"},"content":{"rendered":"<div class=\"wp-block-uagb-container uagb-block-99ddfb64 alignfull uagb-is-root-container\"><div class=\"uagb-container-inner-blocks-wrap\">\n<p class=\"has-black-color has-text-color has-link-color has-medium-font-size wp-elements-efd4008642adf64e61fd9c352b8c787e\"><strong>Seek perfection<\/strong><\/p>\n<\/div><\/div>\n\n\n\n<div class=\"wp-block-uagb-container uagb-block-d889a4ed alignfull uagb-is-root-container\"><div class=\"uagb-container-inner-blocks-wrap\">\n<figure class=\"wp-block-image size-full is-resized\"><img fetchpriority=\"high\" decoding=\"async\" width=\"595\" height=\"360\" src=\"https:\/\/ufec-mundial.com\/wp-content\/uploads\/2024\/07\/360_F_588784873_LtvDnU9RqBQnBOW2mgKcph0HBGzzxON0.jpg\" alt=\"\" class=\"wp-image-3873\" style=\"width:407px;height:auto\" srcset=\"https:\/\/nuevo-renacer.com\/wp-content\/uploads\/2024\/07\/360_F_588784873_LtvDnU9RqBQnBOW2mgKcph0HBGzzxON0.jpg 595w, https:\/\/nuevo-renacer.com\/wp-content\/uploads\/2024\/07\/360_F_588784873_LtvDnU9RqBQnBOW2mgKcph0HBGzzxON0-300x182.jpg 300w, https:\/\/nuevo-renacer.com\/wp-content\/uploads\/2024\/07\/360_F_588784873_LtvDnU9RqBQnBOW2mgKcph0HBGzzxON0-18x12.jpg 18w\" sizes=\"(max-width: 595px) 100vw, 595px\" \/><\/figure>\n<\/div><\/div>\n\n\n\n<div class=\"wp-block-uagb-container uagb-block-d1f28f7b alignfull uagb-is-root-container\"><div class=\"uagb-container-inner-blocks-wrap\">\n<p class=\"has-black-color has-text-color has-link-color has-small-font-size wp-elements-045876123eaaaa55f7278458f92b9c08\">Perfection is the beauty that appears in what we do in the interest of doing the best.<\/p>\n\n\n\n<p class=\"has-black-color has-text-color has-link-color has-small-font-size wp-elements-191acc8defc6bb80b59d4b098da0c07a\">We should look for the perfection in all that we do, in all that we speak or write. It begins in a simple act of our life and shines forth in the glory of the soul that has attained the fullness of love. Because of the ill will of our shortcomings, it is of good will that we think of perfection every day, starting from the first accomplishments at home, up to the major decisions we have to make in our daily duties.<\/p>\n\n\n\n<p class=\"has-black-color has-text-color has-link-color has-small-font-size wp-elements-919bfcd46b6ce34971bc8d63a834f145\">The higher spirits take this seriously, seeking endless means to always do their best, because they sense and see reflected in God's creation, everything in perfect order. Divine harmony sings, from the knowledge of the atom to the concert of worlds circulating in the universe. Even if our thoughts arise in our mental world, disordered as they often are, it is our duty to strive to modify the ideas.<\/p>\n\n\n\n<p class=\"has-black-color has-text-color has-link-color has-small-font-size wp-elements-12fda21c68d0fd5579f9cb06bc53ece0\">Thinking of perfection is the first step and working on the maturity of thoughts is the beginning of how beautiful our inner and outer world can be. The great geniuses of humanity left their traces of light in history by loving perfection. They constantly strived to do everything within the order of the universe and it was this that brought them to the admiration and respect of all.<\/p>\n\n\n\n<p class=\"has-black-color has-text-color has-link-color has-small-font-size wp-elements-f4a7cfeb528cdc16ae399f016d2f90ba\">All of us have around us a spiritual atmosphere, whose light, or darkness, depends on us, on what we set out to do, for life. And, if we begin to think about doing everything with care, we create that positive force that surrounds us and helps us in the security of that which we wish to be. Start with the simple grooming in the morning, doing it well, without exaggeration touching you with the finger of fanaticism, then perfection will automatically follow for all that you do.<\/p>\n\n\n\n<p class=\"has-black-color has-text-color has-link-color has-small-font-size wp-elements-15547e84290811e258638131033f1ee7\">You cannot neglect your food, clothing and shelter, without rubbish and waste accompanying you, to disturb your work. Even your gestures may be perfect. All that departs for the Beautiful pleases and rejoices where we walk; and the highest perfection, it is well to remember, is within perfect simplicity. This is why Christ conquered hearts and remained unforgettable in the history of all peoples, and why our admiration for Him grows the more we know Him. He is the mould of true perfection and left us strong encouragement when He said: \"Be perfect as your heavenly Father is perfect\".<\/p>\n\n\n\n<p class=\"has-black-color has-text-color has-link-color has-small-font-size wp-elements-7923a7d354e00b052ea68ea35da2da45\">Begin to analyse things every day, that a greater vision will open up in your feelings and through it you will feel the perfection of God in all that your hands touch. We want to tell you that health is synonymous with perfection. If you want organic and psychic balance, start the search for this great attribute, doing everything well, and you will conquer the palm of our true happiness.<\/p>\n\n\n\n<p class=\"has-black-color has-text-color has-link-color has-small-font-size wp-elements-0404854e5b02a66c719a0b43d556472d\">Work for the things of the earth, not forgetting the heavens. Let us say it again for the sake of clarity: beware of excessive care; obstinacy is an open field for imbalance, and the beauty of that which we seek flees from our hands in that hour.<\/p>\n\n\n\n<p class=\"has-black-color has-text-color has-link-color has-small-font-size wp-elements-253b889ffcf3332c67047b4fe440073f\">If you seek health, it is necessary that you have good sense in the first instance.<\/p>\n<\/div><\/div>","protected":false},"excerpt":{"rendered":"<p>Buscar la perfecci\u00f3n La perfecci\u00f3n es la belleza que aparece en aquello que hacemos con el inter\u00e9s de hacer lo mejor. Debemos buscar la perfecci\u00f3n en todo lo que hacemos, en todo lo que hablamos o escribimos. Ella comienza en un simple acto de nuestra vida y resplandece en la gloria del alma que consigui\u00f3 [&hellip;]<\/p>","protected":false},"author":1,"featured_media":3873,"parent":0,"menu_order":0,"comment_status":"closed","ping_status":"closed","template":"","meta":{"_uag_custom_page_level_css":"","site-sidebar-layout":"default","site-content-layout":"","ast-site-content-layout":"default","site-content-style":"default","site-sidebar-style":"default","ast-global-header-display":"","ast-banner-title-visibility":"","ast-main-header-display":"","ast-hfb-above-header-display":"","ast-hfb-below-header-display":"","ast-hfb-mobile-header-display":"","site-post-title":"disabled","ast-breadcrumbs-content":"","ast-featured-img":"","footer-sml-layout":"","theme-transparent-header-meta":"","adv-header-id-meta":"","stick-header-meta":"","header-above-stick-meta":"","header-main-stick-meta":"","header-below-stick-meta":"","astra-migrate-meta-layouts":"set","ast-page-background-enabled":"default","ast-page-background-meta":{"desktop":{"background-color":"var(--ast-global-color-4)","background-image":"","background-repeat":"repeat","background-position":"center center","background-size":"auto","background-attachment":"scroll","background-type":"","background-media":"","overlay-type":"","overlay-color":"","overlay-opacity":"","overlay-gradient":""},"tablet":{"background-color":"","background-image":"","background-repeat":"repeat","background-position":"center center","background-size":"auto","background-attachment":"scroll","background-type":"","background-media":"","overlay-type":"","overlay-color":"","overlay-opacity":"","overlay-gradient":""},"mobile":{"background-color":"","background-image":"","background-repeat":"repeat","background-position":"center center","background-size":"auto","background-attachment":"scroll","background-type":"","background-media":"","overlay-type":"","overlay-color":"","overlay-opacity":"","overlay-gradient":""}},"ast-content-background-meta":{"desktop":{"background-color":"var(--ast-global-color-5)","background-image":"","background-repeat":"repeat","background-position":"center center","background-size":"auto","background-attachment":"scroll","background-type":"","background-media":"","overlay-type":"","overlay-color":"","overlay-opacity":"","overlay-gradient":""},"tablet":{"background-color":"var(--ast-global-color-5)","background-image":"","background-repeat":"repeat","background-position":"center center","background-size":"auto","background-attachment":"scroll","background-type":"","background-media":"","overlay-type":"","overlay-color":"","overlay-opacity":"","overlay-gradient":""},"mobile":{"background-color":"var(--ast-global-color-5)","background-image":"","background-repeat":"repeat","background-position":"center center","background-size":"auto","background-attachment":"scroll","background-type":"","background-media":"","overlay-type":"","overlay-color":"","overlay-opacity":"","overlay-gradient":""}},"footnotes":""},"class_list":["post-3872","page","type-page","status-publish","has-post-thumbnail","hentry"],"yoast_head":"<!-- This site is optimized with the Yoast SEO Premium plugin v24.2 (Yoast SEO v24.6) - https:\/\/yoast.com\/wordpress\/plugins\/seo\/ -->\n<title>Buscar la perfecci\u00f3n - Uni\u00f3n Esp\u00edrita<\/title>\n<meta name=\"robots\" content=\"index, follow, max-snippet:-1, max-image-preview:large, max-video-preview:-1\" \/>\n<link rel=\"canonical\" href=\"https:\/\/nuevo-renacer.com\/en\/buscar-la-perfeccion\/\" \/>\n<meta property=\"og:locale\" content=\"en_GB\" \/>\n<meta property=\"og:type\" content=\"article\" \/>\n<meta property=\"og:title\" content=\"Buscar la perfecci\u00f3n\" \/>\n<meta property=\"og:description\" content=\"Buscar la perfecci\u00f3n La perfecci\u00f3n es la belleza que aparece en aquello que hacemos con el inter\u00e9s de hacer lo mejor. Debemos buscar la perfecci\u00f3n en todo lo que hacemos, en todo lo que hablamos o escribimos. Ella comienza en un simple acto de nuestra vida y resplandece en la gloria del alma que consigui\u00f3 [&hellip;]\" \/>\n<meta property=\"og:url\" content=\"https:\/\/nuevo-renacer.com\/en\/buscar-la-perfeccion\/\" \/>\n<meta property=\"og:site_name\" content=\"Uni\u00f3n Esp\u00edrita\" \/>\n<meta property=\"article:publisher\" content=\"https:\/\/www.facebook.com\/groups\/3431398063740829\" \/>\n<meta property=\"article:modified_time\" content=\"2024-07-16T12:40:55+00:00\" \/>\n<meta property=\"og:image\" content=\"https:\/\/nuevo-renacer.com\/wp-content\/uploads\/2024\/07\/360_F_588784873_LtvDnU9RqBQnBOW2mgKcph0HBGzzxON0.jpg\" \/>\n\t<meta property=\"og:image:width\" content=\"595\" \/>\n\t<meta property=\"og:image:height\" content=\"360\" \/>\n\t<meta property=\"og:image:type\" content=\"image\/jpeg\" \/>\n<meta name=\"twitter:card\" content=\"summary_large_image\" \/>\n<meta name=\"twitter:label1\" content=\"Estimated reading time\" \/>\n\t<meta name=\"twitter:data1\" content=\"3 minutes\" \/>\n<script type=\"application\/ld+json\" class=\"yoast-schema-graph\">{\"@context\":\"https:\/\/schema.org\",\"@graph\":[{\"@type\":\"WebPage\",\"@id\":\"https:\/\/nuevo-renacer.com\/buscar-la-perfeccion\/\",\"url\":\"https:\/\/nuevo-renacer.com\/buscar-la-perfeccion\/\",\"name\":\"Buscar la perfecci\u00f3n - Uni\u00f3n Esp\u00edrita\",\"isPartOf\":{\"@id\":\"https:\/\/nuevo-renacer.com\/#website\"},\"primaryImageOfPage\":{\"@id\":\"https:\/\/nuevo-renacer.com\/buscar-la-perfeccion\/#primaryimage\"},\"image\":{\"@id\":\"https:\/\/nuevo-renacer.com\/buscar-la-perfeccion\/#primaryimage\"},\"thumbnailUrl\":\"https:\/\/nuevo-renacer.com\/wp-content\/uploads\/2024\/07\/360_F_588784873_LtvDnU9RqBQnBOW2mgKcph0HBGzzxON0.jpg\",\"datePublished\":\"2024-07-16T12:40:52+00:00\",\"dateModified\":\"2024-07-16T12:40:55+00:00\",\"breadcrumb\":{\"@id\":\"https:\/\/nuevo-renacer.com\/buscar-la-perfeccion\/#breadcrumb\"},\"inLanguage\":\"en-GB\",\"potentialAction\":[{\"@type\":\"ReadAction\",\"target\":[\"https:\/\/nuevo-renacer.com\/buscar-la-perfeccion\/\"]}]},{\"@type\":\"ImageObject\",\"inLanguage\":\"en-GB\",\"@id\":\"https:\/\/nuevo-renacer.com\/buscar-la-perfeccion\/#primaryimage\",\"url\":\"https:\/\/nuevo-renacer.com\/wp-content\/uploads\/2024\/07\/360_F_588784873_LtvDnU9RqBQnBOW2mgKcph0HBGzzxON0.jpg\",\"contentUrl\":\"https:\/\/nuevo-renacer.com\/wp-content\/uploads\/2024\/07\/360_F_588784873_LtvDnU9RqBQnBOW2mgKcph0HBGzzxON0.jpg\",\"width\":595,\"height\":360},{\"@type\":\"BreadcrumbList\",\"@id\":\"https:\/\/nuevo-renacer.com\/buscar-la-perfeccion\/#breadcrumb\",\"itemListElement\":[{\"@type\":\"ListItem\",\"position\":1,\"name\":\"Startseite\",\"item\":\"https:\/\/nuevo-renacer.com\/\"},{\"@type\":\"ListItem\",\"position\":2,\"name\":\"Buscar la perfecci\u00f3n\"}]},{\"@type\":\"WebSite\",\"@id\":\"https:\/\/nuevo-renacer.com\/#website\",\"url\":\"https:\/\/nuevo-renacer.com\/\",\"name\":\"Uni\u00f3n Esp\u00edrita\",\"description\":\"Nuevo Renacer\",\"publisher\":{\"@id\":\"https:\/\/nuevo-renacer.com\/#organization\"},\"potentialAction\":[{\"@type\":\"SearchAction\",\"target\":{\"@type\":\"EntryPoint\",\"urlTemplate\":\"https:\/\/nuevo-renacer.com\/?s={search_term_string}\"},\"query-input\":{\"@type\":\"PropertyValueSpecification\",\"valueRequired\":true,\"valueName\":\"search_term_string\"}}],\"inLanguage\":\"en-GB\"},{\"@type\":\"Organization\",\"@id\":\"https:\/\/nuevo-renacer.com\/#organization\",\"name\":\"UFEC\",\"url\":\"https:\/\/nuevo-renacer.com\/\",\"logo\":{\"@type\":\"ImageObject\",\"inLanguage\":\"en-GB\",\"@id\":\"https:\/\/nuevo-renacer.com\/#\/schema\/logo\/image\/\",\"url\":\"https:\/\/nuevo-renacer.com\/wp-content\/uploads\/2024\/05\/cropped-LOGO-TERMINADO1-3-3.png\",\"contentUrl\":\"https:\/\/nuevo-renacer.com\/wp-content\/uploads\/2024\/05\/cropped-LOGO-TERMINADO1-3-3.png\",\"width\":512,\"height\":512,\"caption\":\"UFEC\"},\"image\":{\"@id\":\"https:\/\/nuevo-renacer.com\/#\/schema\/logo\/image\/\"},\"sameAs\":[\"https:\/\/www.facebook.com\/groups\/3431398063740829\"]}]}<\/script>\n<!-- \/ Yoast SEO Premium plugin. -->","yoast_head_json":{"title":"Buscar la perfecci\u00f3n - Uni\u00f3n Esp\u00edrita","robots":{"index":"index","follow":"follow","max-snippet":"max-snippet:-1","max-image-preview":"max-image-preview:large","max-video-preview":"max-video-preview:-1"},"canonical":"https:\/\/nuevo-renacer.com\/en\/buscar-la-perfeccion\/","og_locale":"en_GB","og_type":"article","og_title":"Buscar la perfecci\u00f3n","og_description":"Buscar la perfecci\u00f3n La perfecci\u00f3n es la belleza que aparece en aquello que hacemos con el inter\u00e9s de hacer lo mejor. Debemos buscar la perfecci\u00f3n en todo lo que hacemos, en todo lo que hablamos o escribimos. Ella comienza en un simple acto de nuestra vida y resplandece en la gloria del alma que consigui\u00f3 [&hellip;]","og_url":"https:\/\/nuevo-renacer.com\/en\/buscar-la-perfeccion\/","og_site_name":"Uni\u00f3n Esp\u00edrita","article_publisher":"https:\/\/www.facebook.com\/groups\/3431398063740829","article_modified_time":"2024-07-16T12:40:55+00:00","og_image":[{"width":595,"height":360,"url":"https:\/\/nuevo-renacer.com\/wp-content\/uploads\/2024\/07\/360_F_588784873_LtvDnU9RqBQnBOW2mgKcph0HBGzzxON0.jpg","type":"image\/jpeg"}],"twitter_card":"summary_large_image","twitter_misc":{"Estimated reading time":"3 minutes"},"schema":{"@context":"https:\/\/schema.org","@graph":[{"@type":"WebPage","@id":"https:\/\/nuevo-renacer.com\/buscar-la-perfeccion\/","url":"https:\/\/nuevo-renacer.com\/buscar-la-perfeccion\/","name":"Buscar la perfecci\u00f3n - Uni\u00f3n Esp\u00edrita","isPartOf":{"@id":"https:\/\/nuevo-renacer.com\/#website"},"primaryImageOfPage":{"@id":"https:\/\/nuevo-renacer.com\/buscar-la-perfeccion\/#primaryimage"},"image":{"@id":"https:\/\/nuevo-renacer.com\/buscar-la-perfeccion\/#primaryimage"},"thumbnailUrl":"https:\/\/nuevo-renacer.com\/wp-content\/uploads\/2024\/07\/360_F_588784873_LtvDnU9RqBQnBOW2mgKcph0HBGzzxON0.jpg","datePublished":"2024-07-16T12:40:52+00:00","dateModified":"2024-07-16T12:40:55+00:00","breadcrumb":{"@id":"https:\/\/nuevo-renacer.com\/buscar-la-perfeccion\/#breadcrumb"},"inLanguage":"en-GB","potentialAction":[{"@type":"ReadAction","target":["https:\/\/nuevo-renacer.com\/buscar-la-perfeccion\/"]}]},{"@type":"ImageObject","inLanguage":"en-GB","@id":"https:\/\/nuevo-renacer.com\/buscar-la-perfeccion\/#primaryimage","url":"https:\/\/nuevo-renacer.com\/wp-content\/uploads\/2024\/07\/360_F_588784873_LtvDnU9RqBQnBOW2mgKcph0HBGzzxON0.jpg","contentUrl":"https:\/\/nuevo-renacer.com\/wp-content\/uploads\/2024\/07\/360_F_588784873_LtvDnU9RqBQnBOW2mgKcph0HBGzzxON0.jpg","width":595,"height":360},{"@type":"BreadcrumbList","@id":"https:\/\/nuevo-renacer.com\/buscar-la-perfeccion\/#breadcrumb","itemListElement":[{"@type":"ListItem","position":1,"name":"Startseite","item":"https:\/\/nuevo-renacer.com\/"},{"@type":"ListItem","position":2,"name":"Buscar la perfecci\u00f3n"}]},{"@type":"WebSite","@id":"https:\/\/nuevo-renacer.com\/#website","url":"https:\/\/nuevo-renacer.com\/","name":"Uni\u00f3n Esp\u00edrita","description":"Nuevo Renacer","publisher":{"@id":"https:\/\/nuevo-renacer.com\/#organization"},"potentialAction":[{"@type":"SearchAction","target":{"@type":"EntryPoint","urlTemplate":"https:\/\/nuevo-renacer.com\/?s={search_term_string}"},"query-input":{"@type":"PropertyValueSpecification","valueRequired":true,"valueName":"search_term_string"}}],"inLanguage":"en-GB"},{"@type":"Organization","@id":"https:\/\/nuevo-renacer.com\/#organization","name":"UFEC","url":"https:\/\/nuevo-renacer.com\/","logo":{"@type":"ImageObject","inLanguage":"en-GB","@id":"https:\/\/nuevo-renacer.com\/#\/schema\/logo\/image\/","url":"https:\/\/nuevo-renacer.com\/wp-content\/uploads\/2024\/05\/cropped-LOGO-TERMINADO1-3-3.png","contentUrl":"https:\/\/nuevo-renacer.com\/wp-content\/uploads\/2024\/05\/cropped-LOGO-TERMINADO1-3-3.png","width":512,"height":512,"caption":"UFEC"},"image":{"@id":"https:\/\/nuevo-renacer.com\/#\/schema\/logo\/image\/"},"sameAs":["https:\/\/www.facebook.com\/groups\/3431398063740829"]}]}},"uagb_featured_image_src":{"full":["https:\/\/nuevo-renacer.com\/wp-content\/uploads\/2024\/07\/360_F_588784873_LtvDnU9RqBQnBOW2mgKcph0HBGzzxON0.jpg",595,360,false],"thumbnail":["https:\/\/nuevo-renacer.com\/wp-content\/uploads\/2024\/07\/360_F_588784873_LtvDnU9RqBQnBOW2mgKcph0HBGzzxON0-150x150.jpg",150,150,true],"medium":["https:\/\/nuevo-renacer.com\/wp-content\/uploads\/2024\/07\/360_F_588784873_LtvDnU9RqBQnBOW2mgKcph0HBGzzxON0-300x182.jpg",300,182,true],"medium_large":["https:\/\/nuevo-renacer.com\/wp-content\/uploads\/2024\/07\/360_F_588784873_LtvDnU9RqBQnBOW2mgKcph0HBGzzxON0.jpg",595,360,false],"large":["https:\/\/nuevo-renacer.com\/wp-content\/uploads\/2024\/07\/360_F_588784873_LtvDnU9RqBQnBOW2mgKcph0HBGzzxON0.jpg",595,360,false],"1536x1536":["https:\/\/nuevo-renacer.com\/wp-content\/uploads\/2024\/07\/360_F_588784873_LtvDnU9RqBQnBOW2mgKcph0HBGzzxON0.jpg",595,360,false],"2048x2048":["https:\/\/nuevo-renacer.com\/wp-content\/uploads\/2024\/07\/360_F_588784873_LtvDnU9RqBQnBOW2mgKcph0HBGzzxON0.jpg",595,360,false],"trp-custom-language-flag":["https:\/\/nuevo-renacer.com\/wp-content\/uploads\/2024\/07\/360_F_588784873_LtvDnU9RqBQnBOW2mgKcph0HBGzzxON0-18x12.jpg",18,12,true]},"uagb_author_info":{"display_name":"adbv0","author_link":"https:\/\/nuevo-renacer.com\/en\/author\/adbv0\/"},"uagb_comment_info":0,"uagb_excerpt":"Buscar la perfecci\u00f3n La perfecci\u00f3n es la belleza que aparece en aquello que hacemos con el inter\u00e9s de hacer lo mejor. Debemos buscar la perfecci\u00f3n en todo lo que hacemos, en todo lo que hablamos o escribimos. Ella comienza en un simple acto de nuestra vida y resplandece en la gloria del alma que consigui\u00f3&hellip;","jetpack_sharing_enabled":true,"_links":{"self":[{"href":"https:\/\/nuevo-renacer.com\/en\/wp-json\/wp\/v2\/pages\/3872","targetHints":{"allow":["GET"]}}],"collection":[{"href":"https:\/\/nuevo-renacer.com\/en\/wp-json\/wp\/v2\/pages"}],"about":[{"href":"https:\/\/nuevo-renacer.com\/en\/wp-json\/wp\/v2\/types\/page"}],"author":[{"embeddable":true,"href":"https:\/\/nuevo-renacer.com\/en\/wp-json\/wp\/v2\/users\/1"}],"replies":[{"embeddable":true,"href":"https:\/\/nuevo-renacer.com\/en\/wp-json\/wp\/v2\/comments?post=3872"}],"version-history":[{"count":1,"href":"https:\/\/nuevo-renacer.com\/en\/wp-json\/wp\/v2\/pages\/3872\/revisions"}],"predecessor-version":[{"id":3874,"href":"https:\/\/nuevo-renacer.com\/en\/wp-json\/wp\/v2\/pages\/3872\/revisions\/3874"}],"wp:featuredmedia":[{"embeddable":true,"href":"https:\/\/nuevo-renacer.com\/en\/wp-json\/wp\/v2\/media\/3873"}],"wp:attachment":[{"href":"https:\/\/nuevo-renacer.com\/en\/wp-json\/wp\/v2\/media?parent=3872"}],"curies":[{"name":"wp","href":"https:\/\/api.w.org\/{rel}","templated":true}]}}