{"id":3853,"date":"2024-07-16T11:14:23","date_gmt":"2024-07-16T11:14:23","guid":{"rendered":"https:\/\/ufec-mundial.com\/?page_id=3853"},"modified":"2024-07-16T11:14:25","modified_gmt":"2024-07-16T11:14:25","slug":"psiquiatria-y-espiritismo","status":"publish","type":"page","link":"https:\/\/nuevo-renacer.com\/en\/psiquiatria-y-espiritismo\/","title":{"rendered":"Psychiatry and Spiritism"},"content":{"rendered":"<div class=\"wp-block-uagb-container uagb-block-3ecbc24a alignfull uagb-is-root-container\"><div class=\"uagb-container-inner-blocks-wrap\">\n<p class=\"has-black-color has-text-color has-link-color has-medium-font-size wp-elements-244678b169cdd51dce1c0b216ed3fab4\"><strong>Psychiatry and Spiritism<\/strong><\/p>\n<\/div><\/div>\n\n\n\n<div class=\"wp-block-uagb-container uagb-block-64cd3451 alignfull uagb-is-root-container\"><div class=\"uagb-container-inner-blocks-wrap\">\n<figure class=\"wp-block-image size-full is-resized\"><img fetchpriority=\"high\" decoding=\"async\" width=\"626\" height=\"416\" src=\"https:\/\/ufec-mundial.com\/wp-content\/uploads\/2024\/07\/447968129_7965176216836124_410702528150355634_n.jpg\" alt=\"\" class=\"wp-image-3854\" style=\"width:427px;height:auto\" srcset=\"https:\/\/nuevo-renacer.com\/wp-content\/uploads\/2024\/07\/447968129_7965176216836124_410702528150355634_n.jpg 626w, https:\/\/nuevo-renacer.com\/wp-content\/uploads\/2024\/07\/447968129_7965176216836124_410702528150355634_n-300x199.jpg 300w, https:\/\/nuevo-renacer.com\/wp-content\/uploads\/2024\/07\/447968129_7965176216836124_410702528150355634_n-18x12.jpg 18w\" sizes=\"(max-width: 626px) 100vw, 626px\" \/><\/figure>\n<\/div><\/div>\n\n\n\n<div class=\"wp-block-uagb-container uagb-block-a8062a64 alignfull uagb-is-root-container\"><div class=\"uagb-container-inner-blocks-wrap\">\n<p class=\"has-small-font-size\">Psychiatry is the field of medicine that is most in conflict with spiritism. And it is the field in which spiritists are most active and successful. The reason is obvious. Most psychopaths are simply possessed; and what is beyond routine in psychopaths of psychological, educational, neurological or cerebral origin is equally infested with lower spirits. In this respect there is no doubt for practising spiritists and especially for spiritist psychiatrists. For this reason, the number of spiritist psychiatric clinics in Brazil is large. In the state of S\u00e3o Paulo alone, there are thirty-five such facilities in operation, and several more are planned or under construction.<\/p>\n\n\n\n<p class=\"has-black-color has-text-color has-link-color has-small-font-size wp-elements-642ecbbfe554b816bd176f3b02b290d0\">The medical staff of these centres is not always spiritist, but is generally made up of a majority of non-spiritist doctors. The official authorities put obstacles in the way of non-conventional medical treatment in these centres; but the spiritists face all the difficulties and, moreover, continue to build new hospitals because they feel a great responsibility for this problem, since they are the only ones who really know it in its greatest depth. It is their task to do something for the millions of victims who have received inadequate treatment in whole or in part.<\/p>\n\n\n\n<p class=\"has-black-color has-text-color has-link-color has-small-font-size wp-elements-136305a6626f5d12c5d5aaa719da3622\">These hospitals have formed an association to better fight for their rights and to maintain more frequent and effective relations with each other. This specialised hospital network helped the state government during the Juqueri crisis (Franco da Rocha Hospital in the capital) by participating in the distribution of the excessive number of patients that turned Juqueri into what people called the devil's cauldron.<\/p>\n\n\n\n<p class=\"has-black-color has-text-color has-link-color has-small-font-size wp-elements-6453227cb261d945f9b81d0665deef54\">The Amparo Spiritist Hospital was under construction when a renowned physician and writer published an article in the newspaper Ultima Hora speaking out against the project, claiming that the spiritists were interested in the cause out of conscience because they produced madmen and felt obliged to help them. A spiritist journalist and psychologist replied in the Associated Newspapers that the spiritists were interested in the cause because medicine could not cure the mentally ill. The spiritist principle of charity compelled them to do so. The hospital was built and others soon followed.<\/p>\n\n\n\n<p class=\"has-black-color has-text-color has-link-color has-small-font-size wp-elements-b7baf331084286693441028e5413f88d\">The slander that spiritists make madmen began with the clerical and medical campaigns against the doctrine. Kardec addressed this issue by pointing out the absurdity of this accusation and by recalling that the myth of the devil has produced more madmen in the world over the centuries than one can imagine. He pointed out that medical treatment had always proved inadequate for the simple reason that science refused to recognise the signs of possession.<\/p>\n\n\n\n<p class=\"has-black-color has-text-color has-link-color has-small-font-size wp-elements-1cb48ec403502533d9da9aa1f1768207\">He referred to the predisposition of certain people to madness, which has led to the loss of reason in people all over the world who dedicate themselves to the study of music, mathematics, theology or other cultural subjects. All the more so because, according to the professor, there is a certain degree of madness in all of us, which can be triggered by any kind of excitement. As an example, he cited the cases of individual and collective possession that occur with frightening frequency in religious communities, and claimed that spiritism is the best and most effective prevention against various types of madness.<\/p>\n\n\n\n<p class=\"has-black-color has-text-color has-link-color has-small-font-size wp-elements-d66d94c9761a13b4a01c967b07d3ef48\">It has now been scientifically proven that this degree of madness can be triggered by telepathic arousal, both by incarnated beings and by disincarnated spirits. Some years ago, the psychoanalytic physician Jean Herenwald devoted a book to this question entitled \u2018Telepathy and Interpersonal Relations\u2019, in which he cites impressive cases from his own clinic. American, British, French and Soviet research has provided irrefutable proof of this reality.<\/p>\n\n\n\n<p class=\"has-black-color has-text-color has-link-color has-small-font-size wp-elements-a26993b85b82262686ae0c4bf209d604\">Whately Carrington of Cambridge University has examined the facts in depth. Spiritism is not intended to combat psychiatry or to negate its achievements or those of psychotherapy in general, but it clearly offers new perspectives to this specialised field of treatment to advance scientifically proven aetiological and curative research. It reveals to psychotherapists the hidden face of psychopathological reality, just as astronauts have shown astronomers the hidden face of the moon.<\/p>\n\n\n\n<p class=\"has-black-color has-text-color has-link-color has-small-font-size wp-elements-b5a294ad0cb7a6d7f7ba0772a163deea\">Spiritist treatment methods have proven their effectiveness and continue to do so on a daily basis all over the world. The Spiritism offers psychiatry a comprehensive theoretical and practical contribution which psychiatry cannot reject on the basis of assumptions and prejudices from a long outdated past.<\/p>\n<\/div><\/div>","protected":false},"excerpt":{"rendered":"<p>Psiquiatr\u00eda y Espiritismo La psiquiatr\u00eda es el campo de la medicina que est\u00e1 m\u00e1s en conflicto con el espiritismo. Y es el campo en el que los espiritistas son m\u00e1s activos y tienen m\u00e1s \u00e9xito. La raz\u00f3n es obvia. La mayor\u00eda de los psic\u00f3patas est\u00e1n simplemente pose\u00eddos; y lo que va m\u00e1s all\u00e1 de la [&hellip;]<\/p>","protected":false},"author":1,"featured_media":3854,"parent":0,"menu_order":0,"comment_status":"closed","ping_status":"closed","template":"","meta":{"_uag_custom_page_level_css":"","site-sidebar-layout":"default","site-content-layout":"","ast-site-content-layout":"default","site-content-style":"default","site-sidebar-style":"default","ast-global-header-display":"","ast-banner-title-visibility":"","ast-main-header-display":"","ast-hfb-above-header-display":"","ast-hfb-below-header-display":"","ast-hfb-mobile-header-display":"","site-post-title":"disabled","ast-breadcrumbs-content":"","ast-featured-img":"","footer-sml-layout":"","theme-transparent-header-meta":"","adv-header-id-meta":"","stick-header-meta":"","header-above-stick-meta":"","header-main-stick-meta":"","header-below-stick-meta":"","astra-migrate-meta-layouts":"set","ast-page-background-enabled":"default","ast-page-background-meta":{"desktop":{"background-color":"var(--ast-global-color-4)","background-image":"","background-repeat":"repeat","background-position":"center center","background-size":"auto","background-attachment":"scroll","background-type":"","background-media":"","overlay-type":"","overlay-color":"","overlay-opacity":"","overlay-gradient":""},"tablet":{"background-color":"","background-image":"","background-repeat":"repeat","background-position":"center center","background-size":"auto","background-attachment":"scroll","background-type":"","background-media":"","overlay-type":"","overlay-color":"","overlay-opacity":"","overlay-gradient":""},"mobile":{"background-color":"","background-image":"","background-repeat":"repeat","background-position":"center center","background-size":"auto","background-attachment":"scroll","background-type":"","background-media":"","overlay-type":"","overlay-color":"","overlay-opacity":"","overlay-gradient":""}},"ast-content-background-meta":{"desktop":{"background-color":"var(--ast-global-color-5)","background-image":"","background-repeat":"repeat","background-position":"center center","background-size":"auto","background-attachment":"scroll","background-type":"","background-media":"","overlay-type":"","overlay-color":"","overlay-opacity":"","overlay-gradient":""},"tablet":{"background-color":"var(--ast-global-color-5)","background-image":"","background-repeat":"repeat","background-position":"center center","background-size":"auto","background-attachment":"scroll","background-type":"","background-media":"","overlay-type":"","overlay-color":"","overlay-opacity":"","overlay-gradient":""},"mobile":{"background-color":"var(--ast-global-color-5)","background-image":"","background-repeat":"repeat","background-position":"center center","background-size":"auto","background-attachment":"scroll","background-type":"","background-media":"","overlay-type":"","overlay-color":"","overlay-opacity":"","overlay-gradient":""}},"footnotes":""},"class_list":["post-3853","page","type-page","status-publish","has-post-thumbnail","hentry"],"yoast_head":"<!-- This site is optimized with the Yoast SEO Premium plugin v24.2 (Yoast SEO v24.6) - https:\/\/yoast.com\/wordpress\/plugins\/seo\/ -->\n<title>Psiquiatr\u00eda y Espiritismo - Uni\u00f3n Esp\u00edrita<\/title>\n<meta name=\"robots\" content=\"index, follow, max-snippet:-1, max-image-preview:large, max-video-preview:-1\" \/>\n<link rel=\"canonical\" href=\"https:\/\/nuevo-renacer.com\/en\/psiquiatria-y-espiritismo\/\" \/>\n<meta property=\"og:locale\" content=\"en_GB\" \/>\n<meta property=\"og:type\" content=\"article\" \/>\n<meta property=\"og:title\" content=\"Psiquiatr\u00eda y Espiritismo\" \/>\n<meta property=\"og:description\" content=\"Psiquiatr\u00eda y Espiritismo La psiquiatr\u00eda es el campo de la medicina que est\u00e1 m\u00e1s en conflicto con el espiritismo. Y es el campo en el que los espiritistas son m\u00e1s activos y tienen m\u00e1s \u00e9xito. La raz\u00f3n es obvia. La mayor\u00eda de los psic\u00f3patas est\u00e1n simplemente pose\u00eddos; y lo que va m\u00e1s all\u00e1 de la [&hellip;]\" \/>\n<meta property=\"og:url\" content=\"https:\/\/nuevo-renacer.com\/en\/psiquiatria-y-espiritismo\/\" \/>\n<meta property=\"og:site_name\" content=\"Uni\u00f3n Esp\u00edrita\" \/>\n<meta property=\"article:publisher\" content=\"https:\/\/www.facebook.com\/groups\/3431398063740829\" \/>\n<meta property=\"article:modified_time\" content=\"2024-07-16T11:14:25+00:00\" \/>\n<meta property=\"og:image\" content=\"https:\/\/nuevo-renacer.com\/wp-content\/uploads\/2024\/07\/447968129_7965176216836124_410702528150355634_n.jpg\" \/>\n\t<meta property=\"og:image:width\" content=\"626\" \/>\n\t<meta property=\"og:image:height\" content=\"416\" \/>\n\t<meta property=\"og:image:type\" content=\"image\/jpeg\" \/>\n<meta name=\"twitter:card\" content=\"summary_large_image\" \/>\n<meta name=\"twitter:label1\" content=\"Estimated reading time\" \/>\n\t<meta name=\"twitter:data1\" content=\"4 minutes\" \/>\n<script type=\"application\/ld+json\" class=\"yoast-schema-graph\">{\"@context\":\"https:\/\/schema.org\",\"@graph\":[{\"@type\":\"WebPage\",\"@id\":\"https:\/\/nuevo-renacer.com\/psiquiatria-y-espiritismo\/\",\"url\":\"https:\/\/nuevo-renacer.com\/psiquiatria-y-espiritismo\/\",\"name\":\"Psiquiatr\u00eda y Espiritismo - Uni\u00f3n Esp\u00edrita\",\"isPartOf\":{\"@id\":\"https:\/\/nuevo-renacer.com\/#website\"},\"primaryImageOfPage\":{\"@id\":\"https:\/\/nuevo-renacer.com\/psiquiatria-y-espiritismo\/#primaryimage\"},\"image\":{\"@id\":\"https:\/\/nuevo-renacer.com\/psiquiatria-y-espiritismo\/#primaryimage\"},\"thumbnailUrl\":\"https:\/\/nuevo-renacer.com\/wp-content\/uploads\/2024\/07\/447968129_7965176216836124_410702528150355634_n.jpg\",\"datePublished\":\"2024-07-16T11:14:23+00:00\",\"dateModified\":\"2024-07-16T11:14:25+00:00\",\"breadcrumb\":{\"@id\":\"https:\/\/nuevo-renacer.com\/psiquiatria-y-espiritismo\/#breadcrumb\"},\"inLanguage\":\"en-GB\",\"potentialAction\":[{\"@type\":\"ReadAction\",\"target\":[\"https:\/\/nuevo-renacer.com\/psiquiatria-y-espiritismo\/\"]}]},{\"@type\":\"ImageObject\",\"inLanguage\":\"en-GB\",\"@id\":\"https:\/\/nuevo-renacer.com\/psiquiatria-y-espiritismo\/#primaryimage\",\"url\":\"https:\/\/nuevo-renacer.com\/wp-content\/uploads\/2024\/07\/447968129_7965176216836124_410702528150355634_n.jpg\",\"contentUrl\":\"https:\/\/nuevo-renacer.com\/wp-content\/uploads\/2024\/07\/447968129_7965176216836124_410702528150355634_n.jpg\",\"width\":626,\"height\":416},{\"@type\":\"BreadcrumbList\",\"@id\":\"https:\/\/nuevo-renacer.com\/psiquiatria-y-espiritismo\/#breadcrumb\",\"itemListElement\":[{\"@type\":\"ListItem\",\"position\":1,\"name\":\"Startseite\",\"item\":\"https:\/\/nuevo-renacer.com\/\"},{\"@type\":\"ListItem\",\"position\":2,\"name\":\"Psiquiatr\u00eda y Espiritismo\"}]},{\"@type\":\"WebSite\",\"@id\":\"https:\/\/nuevo-renacer.com\/#website\",\"url\":\"https:\/\/nuevo-renacer.com\/\",\"name\":\"Uni\u00f3n Esp\u00edrita\",\"description\":\"Nuevo Renacer\",\"publisher\":{\"@id\":\"https:\/\/nuevo-renacer.com\/#organization\"},\"potentialAction\":[{\"@type\":\"SearchAction\",\"target\":{\"@type\":\"EntryPoint\",\"urlTemplate\":\"https:\/\/nuevo-renacer.com\/?s={search_term_string}\"},\"query-input\":{\"@type\":\"PropertyValueSpecification\",\"valueRequired\":true,\"valueName\":\"search_term_string\"}}],\"inLanguage\":\"en-GB\"},{\"@type\":\"Organization\",\"@id\":\"https:\/\/nuevo-renacer.com\/#organization\",\"name\":\"UFEC\",\"url\":\"https:\/\/nuevo-renacer.com\/\",\"logo\":{\"@type\":\"ImageObject\",\"inLanguage\":\"en-GB\",\"@id\":\"https:\/\/nuevo-renacer.com\/#\/schema\/logo\/image\/\",\"url\":\"https:\/\/nuevo-renacer.com\/wp-content\/uploads\/2024\/05\/cropped-LOGO-TERMINADO1-3-3.png\",\"contentUrl\":\"https:\/\/nuevo-renacer.com\/wp-content\/uploads\/2024\/05\/cropped-LOGO-TERMINADO1-3-3.png\",\"width\":512,\"height\":512,\"caption\":\"UFEC\"},\"image\":{\"@id\":\"https:\/\/nuevo-renacer.com\/#\/schema\/logo\/image\/\"},\"sameAs\":[\"https:\/\/www.facebook.com\/groups\/3431398063740829\"]}]}<\/script>\n<!-- \/ Yoast SEO Premium plugin. -->","yoast_head_json":{"title":"Psiquiatr\u00eda y Espiritismo - Uni\u00f3n Esp\u00edrita","robots":{"index":"index","follow":"follow","max-snippet":"max-snippet:-1","max-image-preview":"max-image-preview:large","max-video-preview":"max-video-preview:-1"},"canonical":"https:\/\/nuevo-renacer.com\/en\/psiquiatria-y-espiritismo\/","og_locale":"en_GB","og_type":"article","og_title":"Psiquiatr\u00eda y Espiritismo","og_description":"Psiquiatr\u00eda y Espiritismo La psiquiatr\u00eda es el campo de la medicina que est\u00e1 m\u00e1s en conflicto con el espiritismo. Y es el campo en el que los espiritistas son m\u00e1s activos y tienen m\u00e1s \u00e9xito. La raz\u00f3n es obvia. La mayor\u00eda de los psic\u00f3patas est\u00e1n simplemente pose\u00eddos; y lo que va m\u00e1s all\u00e1 de la [&hellip;]","og_url":"https:\/\/nuevo-renacer.com\/en\/psiquiatria-y-espiritismo\/","og_site_name":"Uni\u00f3n Esp\u00edrita","article_publisher":"https:\/\/www.facebook.com\/groups\/3431398063740829","article_modified_time":"2024-07-16T11:14:25+00:00","og_image":[{"width":626,"height":416,"url":"https:\/\/nuevo-renacer.com\/wp-content\/uploads\/2024\/07\/447968129_7965176216836124_410702528150355634_n.jpg","type":"image\/jpeg"}],"twitter_card":"summary_large_image","twitter_misc":{"Estimated reading time":"4 minutes"},"schema":{"@context":"https:\/\/schema.org","@graph":[{"@type":"WebPage","@id":"https:\/\/nuevo-renacer.com\/psiquiatria-y-espiritismo\/","url":"https:\/\/nuevo-renacer.com\/psiquiatria-y-espiritismo\/","name":"Psiquiatr\u00eda y Espiritismo - Uni\u00f3n Esp\u00edrita","isPartOf":{"@id":"https:\/\/nuevo-renacer.com\/#website"},"primaryImageOfPage":{"@id":"https:\/\/nuevo-renacer.com\/psiquiatria-y-espiritismo\/#primaryimage"},"image":{"@id":"https:\/\/nuevo-renacer.com\/psiquiatria-y-espiritismo\/#primaryimage"},"thumbnailUrl":"https:\/\/nuevo-renacer.com\/wp-content\/uploads\/2024\/07\/447968129_7965176216836124_410702528150355634_n.jpg","datePublished":"2024-07-16T11:14:23+00:00","dateModified":"2024-07-16T11:14:25+00:00","breadcrumb":{"@id":"https:\/\/nuevo-renacer.com\/psiquiatria-y-espiritismo\/#breadcrumb"},"inLanguage":"en-GB","potentialAction":[{"@type":"ReadAction","target":["https:\/\/nuevo-renacer.com\/psiquiatria-y-espiritismo\/"]}]},{"@type":"ImageObject","inLanguage":"en-GB","@id":"https:\/\/nuevo-renacer.com\/psiquiatria-y-espiritismo\/#primaryimage","url":"https:\/\/nuevo-renacer.com\/wp-content\/uploads\/2024\/07\/447968129_7965176216836124_410702528150355634_n.jpg","contentUrl":"https:\/\/nuevo-renacer.com\/wp-content\/uploads\/2024\/07\/447968129_7965176216836124_410702528150355634_n.jpg","width":626,"height":416},{"@type":"BreadcrumbList","@id":"https:\/\/nuevo-renacer.com\/psiquiatria-y-espiritismo\/#breadcrumb","itemListElement":[{"@type":"ListItem","position":1,"name":"Startseite","item":"https:\/\/nuevo-renacer.com\/"},{"@type":"ListItem","position":2,"name":"Psiquiatr\u00eda y Espiritismo"}]},{"@type":"WebSite","@id":"https:\/\/nuevo-renacer.com\/#website","url":"https:\/\/nuevo-renacer.com\/","name":"Uni\u00f3n Esp\u00edrita","description":"Nuevo Renacer","publisher":{"@id":"https:\/\/nuevo-renacer.com\/#organization"},"potentialAction":[{"@type":"SearchAction","target":{"@type":"EntryPoint","urlTemplate":"https:\/\/nuevo-renacer.com\/?s={search_term_string}"},"query-input":{"@type":"PropertyValueSpecification","valueRequired":true,"valueName":"search_term_string"}}],"inLanguage":"en-GB"},{"@type":"Organization","@id":"https:\/\/nuevo-renacer.com\/#organization","name":"UFEC","url":"https:\/\/nuevo-renacer.com\/","logo":{"@type":"ImageObject","inLanguage":"en-GB","@id":"https:\/\/nuevo-renacer.com\/#\/schema\/logo\/image\/","url":"https:\/\/nuevo-renacer.com\/wp-content\/uploads\/2024\/05\/cropped-LOGO-TERMINADO1-3-3.png","contentUrl":"https:\/\/nuevo-renacer.com\/wp-content\/uploads\/2024\/05\/cropped-LOGO-TERMINADO1-3-3.png","width":512,"height":512,"caption":"UFEC"},"image":{"@id":"https:\/\/nuevo-renacer.com\/#\/schema\/logo\/image\/"},"sameAs":["https:\/\/www.facebook.com\/groups\/3431398063740829"]}]}},"uagb_featured_image_src":{"full":["https:\/\/nuevo-renacer.com\/wp-content\/uploads\/2024\/07\/447968129_7965176216836124_410702528150355634_n.jpg",626,416,false],"thumbnail":["https:\/\/nuevo-renacer.com\/wp-content\/uploads\/2024\/07\/447968129_7965176216836124_410702528150355634_n-150x150.jpg",150,150,true],"medium":["https:\/\/nuevo-renacer.com\/wp-content\/uploads\/2024\/07\/447968129_7965176216836124_410702528150355634_n-300x199.jpg",300,199,true],"medium_large":["https:\/\/nuevo-renacer.com\/wp-content\/uploads\/2024\/07\/447968129_7965176216836124_410702528150355634_n.jpg",626,416,false],"large":["https:\/\/nuevo-renacer.com\/wp-content\/uploads\/2024\/07\/447968129_7965176216836124_410702528150355634_n.jpg",626,416,false],"1536x1536":["https:\/\/nuevo-renacer.com\/wp-content\/uploads\/2024\/07\/447968129_7965176216836124_410702528150355634_n.jpg",626,416,false],"2048x2048":["https:\/\/nuevo-renacer.com\/wp-content\/uploads\/2024\/07\/447968129_7965176216836124_410702528150355634_n.jpg",626,416,false],"trp-custom-language-flag":["https:\/\/nuevo-renacer.com\/wp-content\/uploads\/2024\/07\/447968129_7965176216836124_410702528150355634_n-18x12.jpg",18,12,true]},"uagb_author_info":{"display_name":"adbv0","author_link":"https:\/\/nuevo-renacer.com\/en\/author\/adbv0\/"},"uagb_comment_info":0,"uagb_excerpt":"Psiquiatr\u00eda y Espiritismo La psiquiatr\u00eda es el campo de la medicina que est\u00e1 m\u00e1s en conflicto con el espiritismo. Y es el campo en el que los espiritistas son m\u00e1s activos y tienen m\u00e1s \u00e9xito. La raz\u00f3n es obvia. La mayor\u00eda de los psic\u00f3patas est\u00e1n simplemente pose\u00eddos; y lo que va m\u00e1s all\u00e1 de la&hellip;","jetpack_sharing_enabled":true,"_links":{"self":[{"href":"https:\/\/nuevo-renacer.com\/en\/wp-json\/wp\/v2\/pages\/3853","targetHints":{"allow":["GET"]}}],"collection":[{"href":"https:\/\/nuevo-renacer.com\/en\/wp-json\/wp\/v2\/pages"}],"about":[{"href":"https:\/\/nuevo-renacer.com\/en\/wp-json\/wp\/v2\/types\/page"}],"author":[{"embeddable":true,"href":"https:\/\/nuevo-renacer.com\/en\/wp-json\/wp\/v2\/users\/1"}],"replies":[{"embeddable":true,"href":"https:\/\/nuevo-renacer.com\/en\/wp-json\/wp\/v2\/comments?post=3853"}],"version-history":[{"count":1,"href":"https:\/\/nuevo-renacer.com\/en\/wp-json\/wp\/v2\/pages\/3853\/revisions"}],"predecessor-version":[{"id":3855,"href":"https:\/\/nuevo-renacer.com\/en\/wp-json\/wp\/v2\/pages\/3853\/revisions\/3855"}],"wp:featuredmedia":[{"embeddable":true,"href":"https:\/\/nuevo-renacer.com\/en\/wp-json\/wp\/v2\/media\/3854"}],"wp:attachment":[{"href":"https:\/\/nuevo-renacer.com\/en\/wp-json\/wp\/v2\/media?parent=3853"}],"curies":[{"name":"wp","href":"https:\/\/api.w.org\/{rel}","templated":true}]}}