{"id":3840,"date":"2024-07-16T09:11:25","date_gmt":"2024-07-16T09:11:25","guid":{"rendered":"https:\/\/ufec-mundial.com\/?page_id=3840"},"modified":"2024-07-16T09:11:27","modified_gmt":"2024-07-16T09:11:27","slug":"atributos-de-la-divinidad","status":"publish","type":"page","link":"https:\/\/nuevo-renacer.com\/en\/atributos-de-la-divinidad\/","title":{"rendered":"Attributes of Divinity"},"content":{"rendered":"<div class=\"wp-block-uagb-container uagb-block-7c80131f alignfull uagb-is-root-container\"><div class=\"uagb-container-inner-blocks-wrap\">\n<p class=\"has-black-color has-text-color has-link-color has-medium-font-size wp-elements-8c1f8b264968ce7d57ba4d4138db81f6\"><strong>Attributes of Divinity<\/strong><\/p>\n<\/div><\/div>\n\n\n\n<div class=\"wp-block-uagb-container uagb-block-6a98fe8a alignfull uagb-is-root-container\"><div class=\"uagb-container-inner-blocks-wrap\">\n<figure class=\"wp-block-image size-full is-resized\"><img fetchpriority=\"high\" decoding=\"async\" width=\"575\" height=\"385\" src=\"https:\/\/ufec-mundial.com\/wp-content\/uploads\/2024\/07\/The_Bible_Denies_the_Divinity_of_Jesus_part_1_of_7_001.jpg\" alt=\"\" class=\"wp-image-3841\" style=\"width:438px;height:auto\" srcset=\"https:\/\/nuevo-renacer.com\/wp-content\/uploads\/2024\/07\/The_Bible_Denies_the_Divinity_of_Jesus_part_1_of_7_001.jpg 575w, https:\/\/nuevo-renacer.com\/wp-content\/uploads\/2024\/07\/The_Bible_Denies_the_Divinity_of_Jesus_part_1_of_7_001-300x201.jpg 300w, https:\/\/nuevo-renacer.com\/wp-content\/uploads\/2024\/07\/The_Bible_Denies_the_Divinity_of_Jesus_part_1_of_7_001-18x12.jpg 18w\" sizes=\"(max-width: 575px) 100vw, 575px\" \/><\/figure>\n<\/div><\/div>\n\n\n\n<div class=\"wp-block-uagb-container uagb-block-fbfd99f8 alignfull uagb-is-root-container\"><div class=\"uagb-container-inner-blocks-wrap\">\n<p class=\"has-black-color has-text-color has-link-color has-small-font-size wp-elements-f200a288ae518604be20012ef0cf1ac8\"><strong>Can man understand the intimate nature of God?<\/strong><\/p>\n\n\n\n<p class=\"has-black-color has-text-color has-link-color has-small-font-size wp-elements-ed0613f969919f9725b74a70c27b13ef\">&nbsp;\"No; it lacks a sense\".<\/p>\n\n\n\n<p class=\"has-black-color has-text-color has-link-color has-small-font-size wp-elements-f12c14795143dd958d1bda6e089097d2\"><strong>Will it ever be given to man to understand the mystery of the Godhead?<\/strong><\/p>\n\n\n\n<p class=\"has-black-color has-text-color has-link-color has-small-font-size wp-elements-cfcb4ca4990c5c92717a6028b4215f2b\">&nbsp;\"When his spirit is no longer obscured by matter and, by its perfection, has approached the Divine, then he will see and understand it\".<\/p>\n\n\n\n<p class=\"has-black-color has-text-color has-link-color has-small-font-size wp-elements-dfbbb8316dedcea72fb5ea1df7bd358f\">Because of the inferiority of his faculties, man is unable to comprehend the inner nature of God. In the infancy of humanity, he often mistakes Him for the creature, whose imperfections he attributes to Him. But as the moral sense develops in him, his thought penetrates more deeply into the depths of things, and he forms an idea of God that is more just and more in accordance with sound reason, though it is always incomplete.<\/p>\n\n\n\n<p class=\"has-black-color has-text-color has-link-color has-small-font-size wp-elements-d78197d99836efc2fee4e9465b41d453\"><strong>If we cannot understand the intimate nature of God, can we have an idea of some of his perfections?<\/strong><\/p>\n\n\n\n<p class=\"has-black-color has-text-color has-link-color has-small-font-size wp-elements-732a6a1e892a5b823f05dbfe83fbffe6\">\"Of some, yes. Man understands them better as he rises above matter; he glimpses them with thought\".<\/p>\n\n\n\n<p class=\"has-black-color has-text-color has-link-color has-small-font-size wp-elements-bc9d6e5fcd57861d43421258a3310e42\"><strong>When we say that God is eternal, infinite, immutable, immaterial, unique, all-powerful, sovereignly just and good, do we not have a complete picture of his attributes?<\/strong><\/p>\n\n\n\n<p class=\"has-black-color has-text-color has-link-color has-small-font-size wp-elements-c822d189375f6205f9b48891b9424968\">\"From your point of view, yes, for you believe yourselves to be all-embracing. Yet know that there are things above the intelligence of the most intelligent of men, for which your language, limited to your ideas and sensations, lacks expression. Reason tells you, indeed, that God must have these perfections in a supreme degree, for if He lacked even one of them, or if He did not possess it to an infinite degree, He would not be superior to all, and therefore would not be God. To be above all things, God must suffer no vicissitude, nor have any of the imperfections which the imagination can conceive\".<\/p>\n\n\n\n<p class=\"has-black-color has-text-color has-link-color has-small-font-size wp-elements-fa955f4d15d292a9f1bd8c68f8f9d9fe\">God is eternal. If He had had a beginning, He would have come out of nothing, or else He would have been created by a previous being. Thus, from degree to degree, we go back to infinity and eternity. It is immutable. If it were subject to change, the laws governing the universe would have no stability. It is immaterial. This means that its nature differs from all that we call matter. Otherwise it would not be immutable, for it would be subject to the transformations of matter. It is unique. If there were many Gods there would be no unity of purpose or unity of power in the ordering of the universe. He is all-powerful. Because He is unique. If He did not have sovereign power, there would be something more powerful than Him or as powerful as Him. He would not have made all things, and those that He had not made would be the work of another God. He is sovereignly just and good. The providential wisdom of the divine laws is revealed in the smallest things as well as in the greatest. That wisdom leaves no room for doubt as to its justice and goodness.<\/p>\n<\/div><\/div>","protected":false},"excerpt":{"rendered":"<p>Atributos de la Divinidad El hombre, \u00bfpuede comprender la naturaleza \u00edntima de Dios? &nbsp;\u201cNo; le falta un sentido.\u201d \u00bfSer\u00e1 alg\u00fan d\u00eda dado al hombre comprender el misterio de la Divinidad? &nbsp;\u201cCuando su esp\u00edritu ya no est\u00e9 oscurecido por la materia y, por su perfecci\u00f3n, se haya acercado a la Divinidad, entonces la ver\u00e1 y la [&hellip;]<\/p>","protected":false},"author":1,"featured_media":3841,"parent":0,"menu_order":0,"comment_status":"closed","ping_status":"closed","template":"","meta":{"_uag_custom_page_level_css":"","site-sidebar-layout":"default","site-content-layout":"","ast-site-content-layout":"default","site-content-style":"default","site-sidebar-style":"default","ast-global-header-display":"","ast-banner-title-visibility":"","ast-main-header-display":"","ast-hfb-above-header-display":"","ast-hfb-below-header-display":"","ast-hfb-mobile-header-display":"","site-post-title":"disabled","ast-breadcrumbs-content":"","ast-featured-img":"","footer-sml-layout":"","theme-transparent-header-meta":"","adv-header-id-meta":"","stick-header-meta":"","header-above-stick-meta":"","header-main-stick-meta":"","header-below-stick-meta":"","astra-migrate-meta-layouts":"set","ast-page-background-enabled":"default","ast-page-background-meta":{"desktop":{"background-color":"var(--ast-global-color-4)","background-image":"","background-repeat":"repeat","background-position":"center center","background-size":"auto","background-attachment":"scroll","background-type":"","background-media":"","overlay-type":"","overlay-color":"","overlay-opacity":"","overlay-gradient":""},"tablet":{"background-color":"","background-image":"","background-repeat":"repeat","background-position":"center center","background-size":"auto","background-attachment":"scroll","background-type":"","background-media":"","overlay-type":"","overlay-color":"","overlay-opacity":"","overlay-gradient":""},"mobile":{"background-color":"","background-image":"","background-repeat":"repeat","background-position":"center center","background-size":"auto","background-attachment":"scroll","background-type":"","background-media":"","overlay-type":"","overlay-color":"","overlay-opacity":"","overlay-gradient":""}},"ast-content-background-meta":{"desktop":{"background-color":"var(--ast-global-color-5)","background-image":"","background-repeat":"repeat","background-position":"center center","background-size":"auto","background-attachment":"scroll","background-type":"","background-media":"","overlay-type":"","overlay-color":"","overlay-opacity":"","overlay-gradient":""},"tablet":{"background-color":"var(--ast-global-color-5)","background-image":"","background-repeat":"repeat","background-position":"center center","background-size":"auto","background-attachment":"scroll","background-type":"","background-media":"","overlay-type":"","overlay-color":"","overlay-opacity":"","overlay-gradient":""},"mobile":{"background-color":"var(--ast-global-color-5)","background-image":"","background-repeat":"repeat","background-position":"center center","background-size":"auto","background-attachment":"scroll","background-type":"","background-media":"","overlay-type":"","overlay-color":"","overlay-opacity":"","overlay-gradient":""}},"footnotes":""},"class_list":["post-3840","page","type-page","status-publish","has-post-thumbnail","hentry"],"yoast_head":"<!-- This site is optimized with the Yoast SEO Premium plugin v24.2 (Yoast SEO v24.6) - https:\/\/yoast.com\/wordpress\/plugins\/seo\/ -->\n<title>Atributos de la Divinidad - Uni\u00f3n Esp\u00edrita<\/title>\n<meta name=\"robots\" content=\"index, follow, max-snippet:-1, max-image-preview:large, max-video-preview:-1\" \/>\n<link rel=\"canonical\" href=\"https:\/\/nuevo-renacer.com\/en\/atributos-de-la-divinidad\/\" \/>\n<meta property=\"og:locale\" content=\"en_GB\" \/>\n<meta property=\"og:type\" content=\"article\" \/>\n<meta property=\"og:title\" content=\"Atributos de la Divinidad\" \/>\n<meta property=\"og:description\" content=\"Atributos de la Divinidad El hombre, \u00bfpuede comprender la naturaleza \u00edntima de Dios? &nbsp;\u201cNo; le falta un sentido.\u201d \u00bfSer\u00e1 alg\u00fan d\u00eda dado al hombre comprender el misterio de la Divinidad? &nbsp;\u201cCuando su esp\u00edritu ya no est\u00e9 oscurecido por la materia y, por su perfecci\u00f3n, se haya acercado a la Divinidad, entonces la ver\u00e1 y la [&hellip;]\" \/>\n<meta property=\"og:url\" content=\"https:\/\/nuevo-renacer.com\/en\/atributos-de-la-divinidad\/\" \/>\n<meta property=\"og:site_name\" content=\"Uni\u00f3n Esp\u00edrita\" \/>\n<meta property=\"article:publisher\" content=\"https:\/\/www.facebook.com\/groups\/3431398063740829\" \/>\n<meta property=\"article:modified_time\" content=\"2024-07-16T09:11:27+00:00\" \/>\n<meta property=\"og:image\" content=\"https:\/\/nuevo-renacer.com\/wp-content\/uploads\/2024\/07\/The_Bible_Denies_the_Divinity_of_Jesus_part_1_of_7_001.jpg\" \/>\n\t<meta property=\"og:image:width\" content=\"575\" \/>\n\t<meta property=\"og:image:height\" content=\"385\" \/>\n\t<meta property=\"og:image:type\" content=\"image\/jpeg\" \/>\n<meta name=\"twitter:card\" content=\"summary_large_image\" \/>\n<meta name=\"twitter:label1\" content=\"Estimated reading time\" \/>\n\t<meta name=\"twitter:data1\" content=\"3 minutes\" \/>\n<script type=\"application\/ld+json\" class=\"yoast-schema-graph\">{\"@context\":\"https:\/\/schema.org\",\"@graph\":[{\"@type\":\"WebPage\",\"@id\":\"https:\/\/nuevo-renacer.com\/de\/atributos-de-la-divinidad\/\",\"url\":\"https:\/\/nuevo-renacer.com\/de\/atributos-de-la-divinidad\/\",\"name\":\"Atributos de la Divinidad - Uni\u00f3n Esp\u00edrita\",\"isPartOf\":{\"@id\":\"https:\/\/nuevo-renacer.com\/#website\"},\"primaryImageOfPage\":{\"@id\":\"https:\/\/nuevo-renacer.com\/de\/atributos-de-la-divinidad\/#primaryimage\"},\"image\":{\"@id\":\"https:\/\/nuevo-renacer.com\/de\/atributos-de-la-divinidad\/#primaryimage\"},\"thumbnailUrl\":\"https:\/\/nuevo-renacer.com\/wp-content\/uploads\/2024\/07\/The_Bible_Denies_the_Divinity_of_Jesus_part_1_of_7_001.jpg\",\"datePublished\":\"2024-07-16T09:11:25+00:00\",\"dateModified\":\"2024-07-16T09:11:27+00:00\",\"breadcrumb\":{\"@id\":\"https:\/\/nuevo-renacer.com\/de\/atributos-de-la-divinidad\/#breadcrumb\"},\"inLanguage\":\"en-GB\",\"potentialAction\":[{\"@type\":\"ReadAction\",\"target\":[\"https:\/\/nuevo-renacer.com\/de\/atributos-de-la-divinidad\/\"]}]},{\"@type\":\"ImageObject\",\"inLanguage\":\"en-GB\",\"@id\":\"https:\/\/nuevo-renacer.com\/de\/atributos-de-la-divinidad\/#primaryimage\",\"url\":\"https:\/\/nuevo-renacer.com\/wp-content\/uploads\/2024\/07\/The_Bible_Denies_the_Divinity_of_Jesus_part_1_of_7_001.jpg\",\"contentUrl\":\"https:\/\/nuevo-renacer.com\/wp-content\/uploads\/2024\/07\/The_Bible_Denies_the_Divinity_of_Jesus_part_1_of_7_001.jpg\",\"width\":575,\"height\":385},{\"@type\":\"BreadcrumbList\",\"@id\":\"https:\/\/nuevo-renacer.com\/de\/atributos-de-la-divinidad\/#breadcrumb\",\"itemListElement\":[{\"@type\":\"ListItem\",\"position\":1,\"name\":\"Startseite\",\"item\":\"https:\/\/nuevo-renacer.com\/\"},{\"@type\":\"ListItem\",\"position\":2,\"name\":\"Atributos de la Divinidad\"}]},{\"@type\":\"WebSite\",\"@id\":\"https:\/\/nuevo-renacer.com\/#website\",\"url\":\"https:\/\/nuevo-renacer.com\/\",\"name\":\"Uni\u00f3n Esp\u00edrita\",\"description\":\"Nuevo Renacer\",\"publisher\":{\"@id\":\"https:\/\/nuevo-renacer.com\/#organization\"},\"potentialAction\":[{\"@type\":\"SearchAction\",\"target\":{\"@type\":\"EntryPoint\",\"urlTemplate\":\"https:\/\/nuevo-renacer.com\/?s={search_term_string}\"},\"query-input\":{\"@type\":\"PropertyValueSpecification\",\"valueRequired\":true,\"valueName\":\"search_term_string\"}}],\"inLanguage\":\"en-GB\"},{\"@type\":\"Organization\",\"@id\":\"https:\/\/nuevo-renacer.com\/#organization\",\"name\":\"UFEC\",\"url\":\"https:\/\/nuevo-renacer.com\/\",\"logo\":{\"@type\":\"ImageObject\",\"inLanguage\":\"en-GB\",\"@id\":\"https:\/\/nuevo-renacer.com\/#\/schema\/logo\/image\/\",\"url\":\"https:\/\/nuevo-renacer.com\/wp-content\/uploads\/2024\/05\/cropped-LOGO-TERMINADO1-3-3.png\",\"contentUrl\":\"https:\/\/nuevo-renacer.com\/wp-content\/uploads\/2024\/05\/cropped-LOGO-TERMINADO1-3-3.png\",\"width\":512,\"height\":512,\"caption\":\"UFEC\"},\"image\":{\"@id\":\"https:\/\/nuevo-renacer.com\/#\/schema\/logo\/image\/\"},\"sameAs\":[\"https:\/\/www.facebook.com\/groups\/3431398063740829\"]}]}<\/script>\n<!-- \/ Yoast SEO Premium plugin. -->","yoast_head_json":{"title":"Atributos de la Divinidad - Uni\u00f3n Esp\u00edrita","robots":{"index":"index","follow":"follow","max-snippet":"max-snippet:-1","max-image-preview":"max-image-preview:large","max-video-preview":"max-video-preview:-1"},"canonical":"https:\/\/nuevo-renacer.com\/en\/atributos-de-la-divinidad\/","og_locale":"en_GB","og_type":"article","og_title":"Atributos de la Divinidad","og_description":"Atributos de la Divinidad El hombre, \u00bfpuede comprender la naturaleza \u00edntima de Dios? &nbsp;\u201cNo; le falta un sentido.\u201d \u00bfSer\u00e1 alg\u00fan d\u00eda dado al hombre comprender el misterio de la Divinidad? &nbsp;\u201cCuando su esp\u00edritu ya no est\u00e9 oscurecido por la materia y, por su perfecci\u00f3n, se haya acercado a la Divinidad, entonces la ver\u00e1 y la [&hellip;]","og_url":"https:\/\/nuevo-renacer.com\/en\/atributos-de-la-divinidad\/","og_site_name":"Uni\u00f3n Esp\u00edrita","article_publisher":"https:\/\/www.facebook.com\/groups\/3431398063740829","article_modified_time":"2024-07-16T09:11:27+00:00","og_image":[{"width":575,"height":385,"url":"https:\/\/nuevo-renacer.com\/wp-content\/uploads\/2024\/07\/The_Bible_Denies_the_Divinity_of_Jesus_part_1_of_7_001.jpg","type":"image\/jpeg"}],"twitter_card":"summary_large_image","twitter_misc":{"Estimated reading time":"3 minutes"},"schema":{"@context":"https:\/\/schema.org","@graph":[{"@type":"WebPage","@id":"https:\/\/nuevo-renacer.com\/de\/atributos-de-la-divinidad\/","url":"https:\/\/nuevo-renacer.com\/de\/atributos-de-la-divinidad\/","name":"Atributos de la Divinidad - Uni\u00f3n Esp\u00edrita","isPartOf":{"@id":"https:\/\/nuevo-renacer.com\/#website"},"primaryImageOfPage":{"@id":"https:\/\/nuevo-renacer.com\/de\/atributos-de-la-divinidad\/#primaryimage"},"image":{"@id":"https:\/\/nuevo-renacer.com\/de\/atributos-de-la-divinidad\/#primaryimage"},"thumbnailUrl":"https:\/\/nuevo-renacer.com\/wp-content\/uploads\/2024\/07\/The_Bible_Denies_the_Divinity_of_Jesus_part_1_of_7_001.jpg","datePublished":"2024-07-16T09:11:25+00:00","dateModified":"2024-07-16T09:11:27+00:00","breadcrumb":{"@id":"https:\/\/nuevo-renacer.com\/de\/atributos-de-la-divinidad\/#breadcrumb"},"inLanguage":"en-GB","potentialAction":[{"@type":"ReadAction","target":["https:\/\/nuevo-renacer.com\/de\/atributos-de-la-divinidad\/"]}]},{"@type":"ImageObject","inLanguage":"en-GB","@id":"https:\/\/nuevo-renacer.com\/de\/atributos-de-la-divinidad\/#primaryimage","url":"https:\/\/nuevo-renacer.com\/wp-content\/uploads\/2024\/07\/The_Bible_Denies_the_Divinity_of_Jesus_part_1_of_7_001.jpg","contentUrl":"https:\/\/nuevo-renacer.com\/wp-content\/uploads\/2024\/07\/The_Bible_Denies_the_Divinity_of_Jesus_part_1_of_7_001.jpg","width":575,"height":385},{"@type":"BreadcrumbList","@id":"https:\/\/nuevo-renacer.com\/de\/atributos-de-la-divinidad\/#breadcrumb","itemListElement":[{"@type":"ListItem","position":1,"name":"Startseite","item":"https:\/\/nuevo-renacer.com\/"},{"@type":"ListItem","position":2,"name":"Atributos de la Divinidad"}]},{"@type":"WebSite","@id":"https:\/\/nuevo-renacer.com\/#website","url":"https:\/\/nuevo-renacer.com\/","name":"Uni\u00f3n Esp\u00edrita","description":"Nuevo Renacer","publisher":{"@id":"https:\/\/nuevo-renacer.com\/#organization"},"potentialAction":[{"@type":"SearchAction","target":{"@type":"EntryPoint","urlTemplate":"https:\/\/nuevo-renacer.com\/?s={search_term_string}"},"query-input":{"@type":"PropertyValueSpecification","valueRequired":true,"valueName":"search_term_string"}}],"inLanguage":"en-GB"},{"@type":"Organization","@id":"https:\/\/nuevo-renacer.com\/#organization","name":"UFEC","url":"https:\/\/nuevo-renacer.com\/","logo":{"@type":"ImageObject","inLanguage":"en-GB","@id":"https:\/\/nuevo-renacer.com\/#\/schema\/logo\/image\/","url":"https:\/\/nuevo-renacer.com\/wp-content\/uploads\/2024\/05\/cropped-LOGO-TERMINADO1-3-3.png","contentUrl":"https:\/\/nuevo-renacer.com\/wp-content\/uploads\/2024\/05\/cropped-LOGO-TERMINADO1-3-3.png","width":512,"height":512,"caption":"UFEC"},"image":{"@id":"https:\/\/nuevo-renacer.com\/#\/schema\/logo\/image\/"},"sameAs":["https:\/\/www.facebook.com\/groups\/3431398063740829"]}]}},"uagb_featured_image_src":{"full":["https:\/\/nuevo-renacer.com\/wp-content\/uploads\/2024\/07\/The_Bible_Denies_the_Divinity_of_Jesus_part_1_of_7_001.jpg",575,385,false],"thumbnail":["https:\/\/nuevo-renacer.com\/wp-content\/uploads\/2024\/07\/The_Bible_Denies_the_Divinity_of_Jesus_part_1_of_7_001-150x150.jpg",150,150,true],"medium":["https:\/\/nuevo-renacer.com\/wp-content\/uploads\/2024\/07\/The_Bible_Denies_the_Divinity_of_Jesus_part_1_of_7_001-300x201.jpg",300,201,true],"medium_large":["https:\/\/nuevo-renacer.com\/wp-content\/uploads\/2024\/07\/The_Bible_Denies_the_Divinity_of_Jesus_part_1_of_7_001.jpg",575,385,false],"large":["https:\/\/nuevo-renacer.com\/wp-content\/uploads\/2024\/07\/The_Bible_Denies_the_Divinity_of_Jesus_part_1_of_7_001.jpg",575,385,false],"1536x1536":["https:\/\/nuevo-renacer.com\/wp-content\/uploads\/2024\/07\/The_Bible_Denies_the_Divinity_of_Jesus_part_1_of_7_001.jpg",575,385,false],"2048x2048":["https:\/\/nuevo-renacer.com\/wp-content\/uploads\/2024\/07\/The_Bible_Denies_the_Divinity_of_Jesus_part_1_of_7_001.jpg",575,385,false],"trp-custom-language-flag":["https:\/\/nuevo-renacer.com\/wp-content\/uploads\/2024\/07\/The_Bible_Denies_the_Divinity_of_Jesus_part_1_of_7_001-18x12.jpg",18,12,true]},"uagb_author_info":{"display_name":"adbv0","author_link":"https:\/\/nuevo-renacer.com\/en\/author\/adbv0\/"},"uagb_comment_info":0,"uagb_excerpt":"Atributos de la Divinidad El hombre, \u00bfpuede comprender la naturaleza \u00edntima de Dios? &nbsp;\u201cNo; le falta un sentido.\u201d \u00bfSer\u00e1 alg\u00fan d\u00eda dado al hombre comprender el misterio de la Divinidad? &nbsp;\u201cCuando su esp\u00edritu ya no est\u00e9 oscurecido por la materia y, por su perfecci\u00f3n, se haya acercado a la Divinidad, entonces la ver\u00e1 y la&hellip;","jetpack_sharing_enabled":true,"_links":{"self":[{"href":"https:\/\/nuevo-renacer.com\/en\/wp-json\/wp\/v2\/pages\/3840","targetHints":{"allow":["GET"]}}],"collection":[{"href":"https:\/\/nuevo-renacer.com\/en\/wp-json\/wp\/v2\/pages"}],"about":[{"href":"https:\/\/nuevo-renacer.com\/en\/wp-json\/wp\/v2\/types\/page"}],"author":[{"embeddable":true,"href":"https:\/\/nuevo-renacer.com\/en\/wp-json\/wp\/v2\/users\/1"}],"replies":[{"embeddable":true,"href":"https:\/\/nuevo-renacer.com\/en\/wp-json\/wp\/v2\/comments?post=3840"}],"version-history":[{"count":1,"href":"https:\/\/nuevo-renacer.com\/en\/wp-json\/wp\/v2\/pages\/3840\/revisions"}],"predecessor-version":[{"id":3842,"href":"https:\/\/nuevo-renacer.com\/en\/wp-json\/wp\/v2\/pages\/3840\/revisions\/3842"}],"wp:featuredmedia":[{"embeddable":true,"href":"https:\/\/nuevo-renacer.com\/en\/wp-json\/wp\/v2\/media\/3841"}],"wp:attachment":[{"href":"https:\/\/nuevo-renacer.com\/en\/wp-json\/wp\/v2\/media?parent=3840"}],"curies":[{"name":"wp","href":"https:\/\/api.w.org\/{rel}","templated":true}]}}