{"id":3833,"date":"2024-07-16T08:55:33","date_gmt":"2024-07-16T08:55:33","guid":{"rendered":"https:\/\/ufec-mundial.com\/?page_id=3833"},"modified":"2024-07-16T08:56:58","modified_gmt":"2024-07-16T08:56:58","slug":"pruebas-de-la-existencia-de-dios","status":"publish","type":"page","link":"https:\/\/nuevo-renacer.com\/en\/pruebas-de-la-existencia-de-dios\/","title":{"rendered":"Evidence for the existence of God"},"content":{"rendered":"<div class=\"wp-block-uagb-container uagb-block-493cf782 alignfull uagb-is-root-container\"><div class=\"uagb-container-inner-blocks-wrap\">\n<p class=\"has-black-color has-text-color has-link-color has-medium-font-size wp-elements-def4daa85e259d13e69fa83db3de70f9\"><strong>Evidence for the existence of God<\/strong><\/p>\n<\/div><\/div>\n\n\n\n<div class=\"wp-block-uagb-container uagb-block-f8285f40 alignfull uagb-is-root-container\"><div class=\"uagb-container-inner-blocks-wrap\">\n<figure class=\"wp-block-image size-full is-resized\"><img fetchpriority=\"high\" decoding=\"async\" width=\"690\" height=\"390\" src=\"https:\/\/ufec-mundial.com\/wp-content\/uploads\/2024\/07\/luz_dios.jpg\" alt=\"\" class=\"wp-image-3834\" style=\"width:419px;height:auto\" srcset=\"https:\/\/nuevo-renacer.com\/wp-content\/uploads\/2024\/07\/luz_dios.jpg 690w, https:\/\/nuevo-renacer.com\/wp-content\/uploads\/2024\/07\/luz_dios-300x170.jpg 300w, https:\/\/nuevo-renacer.com\/wp-content\/uploads\/2024\/07\/luz_dios-18x10.jpg 18w\" sizes=\"(max-width: 690px) 100vw, 690px\" \/><\/figure>\n<\/div><\/div>\n\n\n\n<div class=\"wp-block-uagb-container uagb-block-b20b786f alignfull uagb-is-root-container\"><div class=\"uagb-container-inner-blocks-wrap\">\n<p class=\"has-black-color has-text-color has-link-color has-small-font-size wp-elements-c03411969ea50cf0daa1de8197286251\"><strong>Where can proof of God's existence be found? <\/strong><\/p>\n\n\n\n<p class=\"has-black-color has-text-color has-link-color has-small-font-size wp-elements-69749cbcf8d503557536832438ccf97c\">\"In an axiom which you apply to your sciences: There is no effect without cause. Seek the cause of everything that is not man-made, and your reason will answer you\".<\/p>\n\n\n\n<p class=\"has-black-color has-text-color has-link-color has-small-font-size wp-elements-58381077f364f5a5284d6123a3f3c1d6\">To believe in God it is enough to look at the works of creation. The universe exists. It has a cause. To doubt the existence of God would be to deny that every effect has a cause and to assert that nothingness could have done anything.<\/p>\n\n\n\n<p class=\"has-black-color has-text-color has-link-color has-small-font-size wp-elements-202fdee1d77ace1d72ef5f67ad193661\"><strong>What consequence can be drawn from the intuitive feeling of the existence of God, which all men carry within themselves?<\/strong><\/p>\n\n\n\n<p class=\"has-black-color has-text-color has-link-color has-small-font-size wp-elements-7155acc24b45a0989b0f8b20579f7cd5\">&nbsp;\"That God exists; for where would that feeling come from if it were not based on something? It is also a consequence of the principle that there is no effect without cause\".<\/p>\n\n\n\n<p class=\"has-black-color has-text-color has-link-color has-small-font-size wp-elements-f0536ed195a2ff11cd7afdb7d55c6e91\"><strong>Wouldn't the intimate feeling we have of the existence of God be the result of education and the product of acquired ideas?<\/strong><\/p>\n\n\n\n<p class=\"has-black-color has-text-color has-link-color has-small-font-size wp-elements-30b9e2dd93582df8638a6f21655c354f\">\"If so, why do your savages have that feeling?\"<\/p>\n\n\n\n<p class=\"has-black-color has-text-color has-link-color has-small-font-size wp-elements-385480f3dc13592c0c92e6cd0b95c144\">If the feeling of the existence of a supreme being were only the product of a teaching, it would not be universal and would only exist \u2013 like the notions of the sciences \u2013 in those who had received that teaching.<\/p>\n\n\n\n<p class=\"has-black-color has-text-color has-link-color has-small-font-size wp-elements-0e3743fe1e0e3fe7797df821e5a25a10\"><strong>Could the first cause of the formation of things be found in the intimate properties of matter?<\/strong><\/p>\n\n\n\n<p class=\"has-black-color has-text-color has-link-color has-small-font-size wp-elements-50b1ba9207a32b3b13e91c977b0f49af\">\"But in that case, what would be the cause of these properties? A first cause is always necessary\".<\/p>\n\n\n\n<p class=\"has-black-color has-text-color has-link-color has-small-font-size wp-elements-2e8e8dfb9290bbd88c95da51a81f945a\">To attribute the first formation of things to the intimate properties of matter would be to take the effect for the cause, for these properties are also an effect which must have a cause.<\/p>\n\n\n\n<p class=\"has-black-color has-text-color has-link-color has-small-font-size wp-elements-509449617c2900a35e19ae15ecc63e0b\"><strong>What are we to think of the opinion that attributes the first formation to a fortuitous combination of matter, in other words, to chance?<\/strong><\/p>\n\n\n\n<p class=\"has-black-color has-text-color has-link-color has-small-font-size wp-elements-ca2d317a9a8f6d9bba880f8e7664ebc3\">&nbsp;\"Another absurdity! What man of good sense would consider the acaso to be an intelligent being? Besides, what is the perhaps? Nothing\".<\/p>\n\n\n\n<p class=\"has-black-color has-text-color has-link-color has-small-font-size wp-elements-2c56e4cf5e84b3378082d4849288f093\">The harmony which regulates the energies of the universe reveals definite combinations and aims, and thus reveals an intelligent power. To ascribe the first formation to the akashos would be nonsense, for the akashos is blind and cannot produce the effects of intelligence. An intelligent a-accident would no longer be an a-accident.<\/p>\n\n\n\n<p class=\"has-black-color has-text-color has-link-color has-small-font-size wp-elements-2f61ca9655ff8a1ce66e572923e50d8a\"><strong>Where, in the first cause, do we see a supreme intelligence superior to all intelligences?<\/strong><\/p>\n\n\n\n<p class=\"has-black-color has-text-color has-link-color has-small-font-size wp-elements-c5ead58daa05c1235b25695b4d6ddfb5\">\"You have a proverb that says: By the work you know the author. Well then, look at the work and seek out its author. Pride breeds unbelief. The proud man wants nothing above himself, and therefore calls himself a strong spirit.36 Poor being, whom a breath of God can bring down!\"<\/p>\n\n\n\n<p class=\"has-black-color has-text-color has-link-color has-small-font-size wp-elements-3035205c90abcde355871abf46c9f4e4\">The power of an intelligence is judged by its works. No human being can create what nature produces. Therefore, the first cause is an intelligence superior to mankind. Whatever prodigies are performed by human intelligence, this intelligence also has a cause, and the greater what it performs, the greater will be the first cause. This higher intelligence is the first cause of all things, regardless of the name by which man designates it.<\/p>\n<\/div><\/div>","protected":false},"excerpt":{"rendered":"<p>Pruebas de la existencia de Dios \u00bfD\u00f3nde se puede encontrar la prueba de la existencia de Dios? \u201cEn un axioma que aplic\u00e1is a vuestras ciencias: No hay efecto sin causa. Buscad la causa de todo lo que no es obra del hombre, y vuestra raz\u00f3n os responder\u00e1.\u201d Para creer en Dios basta con pasear la [&hellip;]<\/p>","protected":false},"author":1,"featured_media":3834,"parent":0,"menu_order":0,"comment_status":"closed","ping_status":"closed","template":"","meta":{"_uag_custom_page_level_css":"","site-sidebar-layout":"default","site-content-layout":"","ast-site-content-layout":"default","site-content-style":"default","site-sidebar-style":"default","ast-global-header-display":"","ast-banner-title-visibility":"","ast-main-header-display":"","ast-hfb-above-header-display":"","ast-hfb-below-header-display":"","ast-hfb-mobile-header-display":"","site-post-title":"disabled","ast-breadcrumbs-content":"","ast-featured-img":"","footer-sml-layout":"","theme-transparent-header-meta":"","adv-header-id-meta":"","stick-header-meta":"","header-above-stick-meta":"","header-main-stick-meta":"","header-below-stick-meta":"","astra-migrate-meta-layouts":"set","ast-page-background-enabled":"default","ast-page-background-meta":{"desktop":{"background-color":"var(--ast-global-color-4)","background-image":"","background-repeat":"repeat","background-position":"center center","background-size":"auto","background-attachment":"scroll","background-type":"","background-media":"","overlay-type":"","overlay-color":"","overlay-opacity":"","overlay-gradient":""},"tablet":{"background-color":"","background-image":"","background-repeat":"repeat","background-position":"center center","background-size":"auto","background-attachment":"scroll","background-type":"","background-media":"","overlay-type":"","overlay-color":"","overlay-opacity":"","overlay-gradient":""},"mobile":{"background-color":"","background-image":"","background-repeat":"repeat","background-position":"center center","background-size":"auto","background-attachment":"scroll","background-type":"","background-media":"","overlay-type":"","overlay-color":"","overlay-opacity":"","overlay-gradient":""}},"ast-content-background-meta":{"desktop":{"background-color":"var(--ast-global-color-5)","background-image":"","background-repeat":"repeat","background-position":"center center","background-size":"auto","background-attachment":"scroll","background-type":"","background-media":"","overlay-type":"","overlay-color":"","overlay-opacity":"","overlay-gradient":""},"tablet":{"background-color":"var(--ast-global-color-5)","background-image":"","background-repeat":"repeat","background-position":"center center","background-size":"auto","background-attachment":"scroll","background-type":"","background-media":"","overlay-type":"","overlay-color":"","overlay-opacity":"","overlay-gradient":""},"mobile":{"background-color":"var(--ast-global-color-5)","background-image":"","background-repeat":"repeat","background-position":"center center","background-size":"auto","background-attachment":"scroll","background-type":"","background-media":"","overlay-type":"","overlay-color":"","overlay-opacity":"","overlay-gradient":""}},"footnotes":""},"class_list":["post-3833","page","type-page","status-publish","has-post-thumbnail","hentry"],"yoast_head":"<!-- This site is optimized with the Yoast SEO Premium plugin v24.2 (Yoast SEO v24.6) - https:\/\/yoast.com\/wordpress\/plugins\/seo\/ -->\n<title>Pruebas de la existencia de Dios - Uni\u00f3n Esp\u00edrita<\/title>\n<meta name=\"robots\" content=\"index, follow, max-snippet:-1, max-image-preview:large, max-video-preview:-1\" \/>\n<link rel=\"canonical\" href=\"https:\/\/nuevo-renacer.com\/en\/pruebas-de-la-existencia-de-dios\/\" \/>\n<meta property=\"og:locale\" content=\"en_GB\" \/>\n<meta property=\"og:type\" content=\"article\" \/>\n<meta property=\"og:title\" content=\"Pruebas de la existencia de Dios\" \/>\n<meta property=\"og:description\" content=\"Pruebas de la existencia de Dios \u00bfD\u00f3nde se puede encontrar la prueba de la existencia de Dios? \u201cEn un axioma que aplic\u00e1is a vuestras ciencias: No hay efecto sin causa. Buscad la causa de todo lo que no es obra del hombre, y vuestra raz\u00f3n os responder\u00e1.\u201d Para creer en Dios basta con pasear la [&hellip;]\" \/>\n<meta property=\"og:url\" content=\"https:\/\/nuevo-renacer.com\/en\/pruebas-de-la-existencia-de-dios\/\" \/>\n<meta property=\"og:site_name\" content=\"Uni\u00f3n Esp\u00edrita\" \/>\n<meta property=\"article:publisher\" content=\"https:\/\/www.facebook.com\/groups\/3431398063740829\" \/>\n<meta property=\"article:modified_time\" content=\"2024-07-16T08:56:58+00:00\" \/>\n<meta property=\"og:image\" content=\"https:\/\/nuevo-renacer.com\/wp-content\/uploads\/2024\/07\/luz_dios.jpg\" \/>\n\t<meta property=\"og:image:width\" content=\"690\" \/>\n\t<meta property=\"og:image:height\" content=\"390\" \/>\n\t<meta property=\"og:image:type\" content=\"image\/jpeg\" \/>\n<meta name=\"twitter:card\" content=\"summary_large_image\" \/>\n<meta name=\"twitter:label1\" content=\"Estimated reading time\" \/>\n\t<meta name=\"twitter:data1\" content=\"3 minutes\" \/>\n<script type=\"application\/ld+json\" class=\"yoast-schema-graph\">{\"@context\":\"https:\/\/schema.org\",\"@graph\":[{\"@type\":\"WebPage\",\"@id\":\"https:\/\/nuevo-renacer.com\/pruebas-de-la-existencia-de-dios\/\",\"url\":\"https:\/\/nuevo-renacer.com\/pruebas-de-la-existencia-de-dios\/\",\"name\":\"Pruebas de la existencia de Dios - Uni\u00f3n Esp\u00edrita\",\"isPartOf\":{\"@id\":\"https:\/\/nuevo-renacer.com\/#website\"},\"primaryImageOfPage\":{\"@id\":\"https:\/\/nuevo-renacer.com\/pruebas-de-la-existencia-de-dios\/#primaryimage\"},\"image\":{\"@id\":\"https:\/\/nuevo-renacer.com\/pruebas-de-la-existencia-de-dios\/#primaryimage\"},\"thumbnailUrl\":\"https:\/\/nuevo-renacer.com\/wp-content\/uploads\/2024\/07\/luz_dios.jpg\",\"datePublished\":\"2024-07-16T08:55:33+00:00\",\"dateModified\":\"2024-07-16T08:56:58+00:00\",\"breadcrumb\":{\"@id\":\"https:\/\/nuevo-renacer.com\/pruebas-de-la-existencia-de-dios\/#breadcrumb\"},\"inLanguage\":\"en-GB\",\"potentialAction\":[{\"@type\":\"ReadAction\",\"target\":[\"https:\/\/nuevo-renacer.com\/pruebas-de-la-existencia-de-dios\/\"]}]},{\"@type\":\"ImageObject\",\"inLanguage\":\"en-GB\",\"@id\":\"https:\/\/nuevo-renacer.com\/pruebas-de-la-existencia-de-dios\/#primaryimage\",\"url\":\"https:\/\/nuevo-renacer.com\/wp-content\/uploads\/2024\/07\/luz_dios.jpg\",\"contentUrl\":\"https:\/\/nuevo-renacer.com\/wp-content\/uploads\/2024\/07\/luz_dios.jpg\",\"width\":690,\"height\":390},{\"@type\":\"BreadcrumbList\",\"@id\":\"https:\/\/nuevo-renacer.com\/pruebas-de-la-existencia-de-dios\/#breadcrumb\",\"itemListElement\":[{\"@type\":\"ListItem\",\"position\":1,\"name\":\"Startseite\",\"item\":\"https:\/\/nuevo-renacer.com\/\"},{\"@type\":\"ListItem\",\"position\":2,\"name\":\"Pruebas de la existencia de Dios\"}]},{\"@type\":\"WebSite\",\"@id\":\"https:\/\/nuevo-renacer.com\/#website\",\"url\":\"https:\/\/nuevo-renacer.com\/\",\"name\":\"Uni\u00f3n Esp\u00edrita\",\"description\":\"Nuevo Renacer\",\"publisher\":{\"@id\":\"https:\/\/nuevo-renacer.com\/#organization\"},\"potentialAction\":[{\"@type\":\"SearchAction\",\"target\":{\"@type\":\"EntryPoint\",\"urlTemplate\":\"https:\/\/nuevo-renacer.com\/?s={search_term_string}\"},\"query-input\":{\"@type\":\"PropertyValueSpecification\",\"valueRequired\":true,\"valueName\":\"search_term_string\"}}],\"inLanguage\":\"en-GB\"},{\"@type\":\"Organization\",\"@id\":\"https:\/\/nuevo-renacer.com\/#organization\",\"name\":\"UFEC\",\"url\":\"https:\/\/nuevo-renacer.com\/\",\"logo\":{\"@type\":\"ImageObject\",\"inLanguage\":\"en-GB\",\"@id\":\"https:\/\/nuevo-renacer.com\/#\/schema\/logo\/image\/\",\"url\":\"https:\/\/nuevo-renacer.com\/wp-content\/uploads\/2024\/05\/cropped-LOGO-TERMINADO1-3-3.png\",\"contentUrl\":\"https:\/\/nuevo-renacer.com\/wp-content\/uploads\/2024\/05\/cropped-LOGO-TERMINADO1-3-3.png\",\"width\":512,\"height\":512,\"caption\":\"UFEC\"},\"image\":{\"@id\":\"https:\/\/nuevo-renacer.com\/#\/schema\/logo\/image\/\"},\"sameAs\":[\"https:\/\/www.facebook.com\/groups\/3431398063740829\"]}]}<\/script>\n<!-- \/ Yoast SEO Premium plugin. -->","yoast_head_json":{"title":"Pruebas de la existencia de Dios - Uni\u00f3n Esp\u00edrita","robots":{"index":"index","follow":"follow","max-snippet":"max-snippet:-1","max-image-preview":"max-image-preview:large","max-video-preview":"max-video-preview:-1"},"canonical":"https:\/\/nuevo-renacer.com\/en\/pruebas-de-la-existencia-de-dios\/","og_locale":"en_GB","og_type":"article","og_title":"Pruebas de la existencia de Dios","og_description":"Pruebas de la existencia de Dios \u00bfD\u00f3nde se puede encontrar la prueba de la existencia de Dios? \u201cEn un axioma que aplic\u00e1is a vuestras ciencias: No hay efecto sin causa. Buscad la causa de todo lo que no es obra del hombre, y vuestra raz\u00f3n os responder\u00e1.\u201d Para creer en Dios basta con pasear la [&hellip;]","og_url":"https:\/\/nuevo-renacer.com\/en\/pruebas-de-la-existencia-de-dios\/","og_site_name":"Uni\u00f3n Esp\u00edrita","article_publisher":"https:\/\/www.facebook.com\/groups\/3431398063740829","article_modified_time":"2024-07-16T08:56:58+00:00","og_image":[{"width":690,"height":390,"url":"https:\/\/nuevo-renacer.com\/wp-content\/uploads\/2024\/07\/luz_dios.jpg","type":"image\/jpeg"}],"twitter_card":"summary_large_image","twitter_misc":{"Estimated reading time":"3 minutes"},"schema":{"@context":"https:\/\/schema.org","@graph":[{"@type":"WebPage","@id":"https:\/\/nuevo-renacer.com\/pruebas-de-la-existencia-de-dios\/","url":"https:\/\/nuevo-renacer.com\/pruebas-de-la-existencia-de-dios\/","name":"Pruebas de la existencia de Dios - Uni\u00f3n Esp\u00edrita","isPartOf":{"@id":"https:\/\/nuevo-renacer.com\/#website"},"primaryImageOfPage":{"@id":"https:\/\/nuevo-renacer.com\/pruebas-de-la-existencia-de-dios\/#primaryimage"},"image":{"@id":"https:\/\/nuevo-renacer.com\/pruebas-de-la-existencia-de-dios\/#primaryimage"},"thumbnailUrl":"https:\/\/nuevo-renacer.com\/wp-content\/uploads\/2024\/07\/luz_dios.jpg","datePublished":"2024-07-16T08:55:33+00:00","dateModified":"2024-07-16T08:56:58+00:00","breadcrumb":{"@id":"https:\/\/nuevo-renacer.com\/pruebas-de-la-existencia-de-dios\/#breadcrumb"},"inLanguage":"en-GB","potentialAction":[{"@type":"ReadAction","target":["https:\/\/nuevo-renacer.com\/pruebas-de-la-existencia-de-dios\/"]}]},{"@type":"ImageObject","inLanguage":"en-GB","@id":"https:\/\/nuevo-renacer.com\/pruebas-de-la-existencia-de-dios\/#primaryimage","url":"https:\/\/nuevo-renacer.com\/wp-content\/uploads\/2024\/07\/luz_dios.jpg","contentUrl":"https:\/\/nuevo-renacer.com\/wp-content\/uploads\/2024\/07\/luz_dios.jpg","width":690,"height":390},{"@type":"BreadcrumbList","@id":"https:\/\/nuevo-renacer.com\/pruebas-de-la-existencia-de-dios\/#breadcrumb","itemListElement":[{"@type":"ListItem","position":1,"name":"Startseite","item":"https:\/\/nuevo-renacer.com\/"},{"@type":"ListItem","position":2,"name":"Pruebas de la existencia de Dios"}]},{"@type":"WebSite","@id":"https:\/\/nuevo-renacer.com\/#website","url":"https:\/\/nuevo-renacer.com\/","name":"Uni\u00f3n Esp\u00edrita","description":"Nuevo Renacer","publisher":{"@id":"https:\/\/nuevo-renacer.com\/#organization"},"potentialAction":[{"@type":"SearchAction","target":{"@type":"EntryPoint","urlTemplate":"https:\/\/nuevo-renacer.com\/?s={search_term_string}"},"query-input":{"@type":"PropertyValueSpecification","valueRequired":true,"valueName":"search_term_string"}}],"inLanguage":"en-GB"},{"@type":"Organization","@id":"https:\/\/nuevo-renacer.com\/#organization","name":"UFEC","url":"https:\/\/nuevo-renacer.com\/","logo":{"@type":"ImageObject","inLanguage":"en-GB","@id":"https:\/\/nuevo-renacer.com\/#\/schema\/logo\/image\/","url":"https:\/\/nuevo-renacer.com\/wp-content\/uploads\/2024\/05\/cropped-LOGO-TERMINADO1-3-3.png","contentUrl":"https:\/\/nuevo-renacer.com\/wp-content\/uploads\/2024\/05\/cropped-LOGO-TERMINADO1-3-3.png","width":512,"height":512,"caption":"UFEC"},"image":{"@id":"https:\/\/nuevo-renacer.com\/#\/schema\/logo\/image\/"},"sameAs":["https:\/\/www.facebook.com\/groups\/3431398063740829"]}]}},"uagb_featured_image_src":{"full":["https:\/\/nuevo-renacer.com\/wp-content\/uploads\/2024\/07\/luz_dios.jpg",690,390,false],"thumbnail":["https:\/\/nuevo-renacer.com\/wp-content\/uploads\/2024\/07\/luz_dios-150x150.jpg",150,150,true],"medium":["https:\/\/nuevo-renacer.com\/wp-content\/uploads\/2024\/07\/luz_dios-300x170.jpg",300,170,true],"medium_large":["https:\/\/nuevo-renacer.com\/wp-content\/uploads\/2024\/07\/luz_dios.jpg",690,390,false],"large":["https:\/\/nuevo-renacer.com\/wp-content\/uploads\/2024\/07\/luz_dios.jpg",690,390,false],"1536x1536":["https:\/\/nuevo-renacer.com\/wp-content\/uploads\/2024\/07\/luz_dios.jpg",690,390,false],"2048x2048":["https:\/\/nuevo-renacer.com\/wp-content\/uploads\/2024\/07\/luz_dios.jpg",690,390,false],"trp-custom-language-flag":["https:\/\/nuevo-renacer.com\/wp-content\/uploads\/2024\/07\/luz_dios-18x10.jpg",18,10,true]},"uagb_author_info":{"display_name":"adbv0","author_link":"https:\/\/nuevo-renacer.com\/en\/author\/adbv0\/"},"uagb_comment_info":0,"uagb_excerpt":"Pruebas de la existencia de Dios \u00bfD\u00f3nde se puede encontrar la prueba de la existencia de Dios? \u201cEn un axioma que aplic\u00e1is a vuestras ciencias: No hay efecto sin causa. Buscad la causa de todo lo que no es obra del hombre, y vuestra raz\u00f3n os responder\u00e1.\u201d Para creer en Dios basta con pasear la&hellip;","jetpack_sharing_enabled":true,"_links":{"self":[{"href":"https:\/\/nuevo-renacer.com\/en\/wp-json\/wp\/v2\/pages\/3833","targetHints":{"allow":["GET"]}}],"collection":[{"href":"https:\/\/nuevo-renacer.com\/en\/wp-json\/wp\/v2\/pages"}],"about":[{"href":"https:\/\/nuevo-renacer.com\/en\/wp-json\/wp\/v2\/types\/page"}],"author":[{"embeddable":true,"href":"https:\/\/nuevo-renacer.com\/en\/wp-json\/wp\/v2\/users\/1"}],"replies":[{"embeddable":true,"href":"https:\/\/nuevo-renacer.com\/en\/wp-json\/wp\/v2\/comments?post=3833"}],"version-history":[{"count":3,"href":"https:\/\/nuevo-renacer.com\/en\/wp-json\/wp\/v2\/pages\/3833\/revisions"}],"predecessor-version":[{"id":3837,"href":"https:\/\/nuevo-renacer.com\/en\/wp-json\/wp\/v2\/pages\/3833\/revisions\/3837"}],"wp:featuredmedia":[{"embeddable":true,"href":"https:\/\/nuevo-renacer.com\/en\/wp-json\/wp\/v2\/media\/3834"}],"wp:attachment":[{"href":"https:\/\/nuevo-renacer.com\/en\/wp-json\/wp\/v2\/media?parent=3833"}],"curies":[{"name":"wp","href":"https:\/\/api.w.org\/{rel}","templated":true}]}}