{"id":3786,"date":"2024-07-15T09:43:57","date_gmt":"2024-07-15T09:43:57","guid":{"rendered":"https:\/\/ufec-mundial.com\/?page_id=3786"},"modified":"2024-07-15T09:44:00","modified_gmt":"2024-07-15T09:44:00","slug":"en-que-momento-se-une-el-espiritu-al-nuevo-cuerpo","status":"publish","type":"page","link":"https:\/\/nuevo-renacer.com\/en\/en-que-momento-se-une-el-espiritu-al-nuevo-cuerpo\/","title":{"rendered":"What binds the Spirit to the new body?"},"content":{"rendered":"<div class=\"wp-block-uagb-container uagb-block-62951923 alignfull uagb-is-root-container\"><div class=\"uagb-container-inner-blocks-wrap\">\n<p class=\"has-black-color has-text-color has-link-color has-medium-font-size wp-elements-352d1aea6302a620728107492a3741a9\"><strong>What binds the Spirit to the new body?<\/strong><\/p>\n<\/div><\/div>\n\n\n\n<div class=\"wp-block-uagb-container uagb-block-6c2c9f80 alignfull uagb-is-root-container\"><div class=\"uagb-container-inner-blocks-wrap\">\n<figure class=\"wp-block-image size-full is-resized\"><img fetchpriority=\"high\" decoding=\"async\" width=\"768\" height=\"505\" src=\"https:\/\/ufec-mundial.com\/wp-content\/uploads\/2024\/07\/parto-recien-nacido-2-768x505.jpg.webp\" alt=\"\" class=\"wp-image-3787\" style=\"width:502px;height:auto\" srcset=\"https:\/\/nuevo-renacer.com\/wp-content\/uploads\/2024\/07\/parto-recien-nacido-2-768x505.jpg.webp 768w, https:\/\/nuevo-renacer.com\/wp-content\/uploads\/2024\/07\/parto-recien-nacido-2-768x505.jpg-300x197.webp 300w, https:\/\/nuevo-renacer.com\/wp-content\/uploads\/2024\/07\/parto-recien-nacido-2-768x505.jpg-18x12.webp 18w\" sizes=\"(max-width: 768px) 100vw, 768px\" \/><\/figure>\n<\/div><\/div>\n\n\n\n<div class=\"wp-block-uagb-container uagb-block-8bf0f7ed alignfull uagb-is-root-container\"><div class=\"uagb-container-inner-blocks-wrap\">\n<p class=\"has-black-color has-text-color has-link-color has-small-font-size wp-elements-bc9ed531992edb06897681fc4895ad7c\">At the moment of conception. It is from that very moment that the Spirit becomes fluidically united with the body, and until the child is born this fluidic bond grows ever closer.<\/p>\n\n\n\n<p class=\"has-black-color has-text-color has-link-color has-small-font-size wp-elements-7430826dc4027c2a5980e0c90f9864fd\">It is a definite union from the moment of conception until the cessation of physical life, and no other spirit could inhabit that body. During that interval between conception and birth a disturbance begins to seize the spirit, which would be in the same state as the spirit of an incarnate during sleep, and as the hour of birth approaches his ideas fade away, as does the memory of his past. He enters into a greater confusion than at the moment of death, and, above all, a more prolonged one; at death, the spirit comes out of bondage, at birth he enters into it.<\/p>\n\n\n\n<p class=\"has-black-color has-text-color has-link-color has-small-font-size wp-elements-d3f05e769cedc2715251d88a982568e5\">Causing the interruption of life from the first moment of conception is a great mistake. Depending on the circumstances of each case, with its aggravating and extenuating circumstances, there will be greater or lesser guilt, but those responsible will always have, at the very least, to repair the damage committed, in this or future existences. Induced abortion is a transgression of divine law; those responsible commit a crime by taking the life of the child before it is born, and prevent the soul from facing the trials that are its due. Nor is an abortion justifiable under divine law on account of certain illnesses, physical or mental defects of the child to be born; for behind these difficult situations there are trials and atonements necessary for the spirit and its family environment. An abortion would only be justifiable in those exceptional cases where the life of the mother is in danger, and the Spirits inform us that in the event of a choice between saving one life or the other, the life of the mother must be saved.<\/p>\n<\/div><\/div>","protected":false},"excerpt":{"rendered":"<p>\u00bfEn qu\u00e9 momento se une el Esp\u00edritu al nuevo cuerpo? En el momento de la concepci\u00f3n. Es a partir de ese preciso instante que el Esp\u00edritu se une flu\u00eddicamente al cuerpo, y hasta que el ni\u00f1o nace ese lazo flu\u00eddico se va estrechando cada vez m\u00e1s. Es una uni\u00f3n definitiva desde el momento de la [&hellip;]<\/p>","protected":false},"author":1,"featured_media":3787,"parent":0,"menu_order":0,"comment_status":"closed","ping_status":"closed","template":"","meta":{"_uag_custom_page_level_css":"","site-sidebar-layout":"default","site-content-layout":"","ast-site-content-layout":"default","site-content-style":"default","site-sidebar-style":"default","ast-global-header-display":"","ast-banner-title-visibility":"","ast-main-header-display":"","ast-hfb-above-header-display":"","ast-hfb-below-header-display":"","ast-hfb-mobile-header-display":"","site-post-title":"disabled","ast-breadcrumbs-content":"","ast-featured-img":"","footer-sml-layout":"","theme-transparent-header-meta":"","adv-header-id-meta":"","stick-header-meta":"","header-above-stick-meta":"","header-main-stick-meta":"","header-below-stick-meta":"","astra-migrate-meta-layouts":"set","ast-page-background-enabled":"default","ast-page-background-meta":{"desktop":{"background-color":"var(--ast-global-color-4)","background-image":"","background-repeat":"repeat","background-position":"center center","background-size":"auto","background-attachment":"scroll","background-type":"","background-media":"","overlay-type":"","overlay-color":"","overlay-opacity":"","overlay-gradient":""},"tablet":{"background-color":"","background-image":"","background-repeat":"repeat","background-position":"center center","background-size":"auto","background-attachment":"scroll","background-type":"","background-media":"","overlay-type":"","overlay-color":"","overlay-opacity":"","overlay-gradient":""},"mobile":{"background-color":"","background-image":"","background-repeat":"repeat","background-position":"center center","background-size":"auto","background-attachment":"scroll","background-type":"","background-media":"","overlay-type":"","overlay-color":"","overlay-opacity":"","overlay-gradient":""}},"ast-content-background-meta":{"desktop":{"background-color":"var(--ast-global-color-5)","background-image":"","background-repeat":"repeat","background-position":"center center","background-size":"auto","background-attachment":"scroll","background-type":"","background-media":"","overlay-type":"","overlay-color":"","overlay-opacity":"","overlay-gradient":""},"tablet":{"background-color":"var(--ast-global-color-5)","background-image":"","background-repeat":"repeat","background-position":"center center","background-size":"auto","background-attachment":"scroll","background-type":"","background-media":"","overlay-type":"","overlay-color":"","overlay-opacity":"","overlay-gradient":""},"mobile":{"background-color":"var(--ast-global-color-5)","background-image":"","background-repeat":"repeat","background-position":"center center","background-size":"auto","background-attachment":"scroll","background-type":"","background-media":"","overlay-type":"","overlay-color":"","overlay-opacity":"","overlay-gradient":""}},"footnotes":""},"class_list":["post-3786","page","type-page","status-publish","has-post-thumbnail","hentry"],"yoast_head":"<!-- This site is optimized with the Yoast SEO Premium plugin v24.2 (Yoast SEO v24.6) - https:\/\/yoast.com\/wordpress\/plugins\/seo\/ -->\n<title>\u00bfEn qu\u00e9 momento se une el Esp\u00edritu al nuevo cuerpo? - Uni\u00f3n Esp\u00edrita<\/title>\n<meta name=\"robots\" content=\"index, follow, max-snippet:-1, max-image-preview:large, max-video-preview:-1\" \/>\n<link rel=\"canonical\" href=\"https:\/\/nuevo-renacer.com\/en\/en-que-momento-se-une-el-espiritu-al-nuevo-cuerpo\/\" \/>\n<meta property=\"og:locale\" content=\"en_GB\" \/>\n<meta property=\"og:type\" content=\"article\" \/>\n<meta property=\"og:title\" content=\"\u00bfEn qu\u00e9 momento se une el Esp\u00edritu al nuevo cuerpo?\" \/>\n<meta property=\"og:description\" content=\"\u00bfEn qu\u00e9 momento se une el Esp\u00edritu al nuevo cuerpo? En el momento de la concepci\u00f3n. Es a partir de ese preciso instante que el Esp\u00edritu se une flu\u00eddicamente al cuerpo, y hasta que el ni\u00f1o nace ese lazo flu\u00eddico se va estrechando cada vez m\u00e1s. Es una uni\u00f3n definitiva desde el momento de la [&hellip;]\" \/>\n<meta property=\"og:url\" content=\"https:\/\/nuevo-renacer.com\/en\/en-que-momento-se-une-el-espiritu-al-nuevo-cuerpo\/\" \/>\n<meta property=\"og:site_name\" content=\"Uni\u00f3n Esp\u00edrita\" \/>\n<meta property=\"article:publisher\" content=\"https:\/\/www.facebook.com\/groups\/3431398063740829\" \/>\n<meta property=\"article:modified_time\" content=\"2024-07-15T09:44:00+00:00\" \/>\n<meta property=\"og:image\" content=\"https:\/\/nuevo-renacer.com\/wp-content\/uploads\/2024\/07\/parto-recien-nacido-2-768x505.jpg.webp\" \/>\n\t<meta property=\"og:image:width\" content=\"768\" \/>\n\t<meta property=\"og:image:height\" content=\"505\" \/>\n\t<meta property=\"og:image:type\" content=\"image\/webp\" \/>\n<meta name=\"twitter:card\" content=\"summary_large_image\" \/>\n<meta name=\"twitter:label1\" content=\"Estimated reading time\" \/>\n\t<meta name=\"twitter:data1\" content=\"2 minutes\" \/>\n<script type=\"application\/ld+json\" class=\"yoast-schema-graph\">{\"@context\":\"https:\/\/schema.org\",\"@graph\":[{\"@type\":\"WebPage\",\"@id\":\"https:\/\/nuevo-renacer.com\/en-que-momento-se-une-el-espiritu-al-nuevo-cuerpo\/\",\"url\":\"https:\/\/nuevo-renacer.com\/en-que-momento-se-une-el-espiritu-al-nuevo-cuerpo\/\",\"name\":\"\u00bfEn qu\u00e9 momento se une el Esp\u00edritu al nuevo cuerpo? - Uni\u00f3n Esp\u00edrita\",\"isPartOf\":{\"@id\":\"https:\/\/nuevo-renacer.com\/#website\"},\"primaryImageOfPage\":{\"@id\":\"https:\/\/nuevo-renacer.com\/en-que-momento-se-une-el-espiritu-al-nuevo-cuerpo\/#primaryimage\"},\"image\":{\"@id\":\"https:\/\/nuevo-renacer.com\/en-que-momento-se-une-el-espiritu-al-nuevo-cuerpo\/#primaryimage\"},\"thumbnailUrl\":\"https:\/\/nuevo-renacer.com\/wp-content\/uploads\/2024\/07\/parto-recien-nacido-2-768x505.jpg.webp\",\"datePublished\":\"2024-07-15T09:43:57+00:00\",\"dateModified\":\"2024-07-15T09:44:00+00:00\",\"breadcrumb\":{\"@id\":\"https:\/\/nuevo-renacer.com\/en-que-momento-se-une-el-espiritu-al-nuevo-cuerpo\/#breadcrumb\"},\"inLanguage\":\"en-GB\",\"potentialAction\":[{\"@type\":\"ReadAction\",\"target\":[\"https:\/\/nuevo-renacer.com\/en-que-momento-se-une-el-espiritu-al-nuevo-cuerpo\/\"]}]},{\"@type\":\"ImageObject\",\"inLanguage\":\"en-GB\",\"@id\":\"https:\/\/nuevo-renacer.com\/en-que-momento-se-une-el-espiritu-al-nuevo-cuerpo\/#primaryimage\",\"url\":\"https:\/\/nuevo-renacer.com\/wp-content\/uploads\/2024\/07\/parto-recien-nacido-2-768x505.jpg.webp\",\"contentUrl\":\"https:\/\/nuevo-renacer.com\/wp-content\/uploads\/2024\/07\/parto-recien-nacido-2-768x505.jpg.webp\",\"width\":768,\"height\":505},{\"@type\":\"BreadcrumbList\",\"@id\":\"https:\/\/nuevo-renacer.com\/en-que-momento-se-une-el-espiritu-al-nuevo-cuerpo\/#breadcrumb\",\"itemListElement\":[{\"@type\":\"ListItem\",\"position\":1,\"name\":\"Startseite\",\"item\":\"https:\/\/nuevo-renacer.com\/\"},{\"@type\":\"ListItem\",\"position\":2,\"name\":\"\u00bfEn qu\u00e9 momento se une el Esp\u00edritu al nuevo cuerpo?\"}]},{\"@type\":\"WebSite\",\"@id\":\"https:\/\/nuevo-renacer.com\/#website\",\"url\":\"https:\/\/nuevo-renacer.com\/\",\"name\":\"Uni\u00f3n Esp\u00edrita\",\"description\":\"Nuevo Renacer\",\"publisher\":{\"@id\":\"https:\/\/nuevo-renacer.com\/#organization\"},\"potentialAction\":[{\"@type\":\"SearchAction\",\"target\":{\"@type\":\"EntryPoint\",\"urlTemplate\":\"https:\/\/nuevo-renacer.com\/?s={search_term_string}\"},\"query-input\":{\"@type\":\"PropertyValueSpecification\",\"valueRequired\":true,\"valueName\":\"search_term_string\"}}],\"inLanguage\":\"en-GB\"},{\"@type\":\"Organization\",\"@id\":\"https:\/\/nuevo-renacer.com\/#organization\",\"name\":\"UFEC\",\"url\":\"https:\/\/nuevo-renacer.com\/\",\"logo\":{\"@type\":\"ImageObject\",\"inLanguage\":\"en-GB\",\"@id\":\"https:\/\/nuevo-renacer.com\/#\/schema\/logo\/image\/\",\"url\":\"https:\/\/nuevo-renacer.com\/wp-content\/uploads\/2024\/05\/cropped-LOGO-TERMINADO1-3-3.png\",\"contentUrl\":\"https:\/\/nuevo-renacer.com\/wp-content\/uploads\/2024\/05\/cropped-LOGO-TERMINADO1-3-3.png\",\"width\":512,\"height\":512,\"caption\":\"UFEC\"},\"image\":{\"@id\":\"https:\/\/nuevo-renacer.com\/#\/schema\/logo\/image\/\"},\"sameAs\":[\"https:\/\/www.facebook.com\/groups\/3431398063740829\"]}]}<\/script>\n<!-- \/ Yoast SEO Premium plugin. -->","yoast_head_json":{"title":"\u00bfEn qu\u00e9 momento se une el Esp\u00edritu al nuevo cuerpo? - Uni\u00f3n Esp\u00edrita","robots":{"index":"index","follow":"follow","max-snippet":"max-snippet:-1","max-image-preview":"max-image-preview:large","max-video-preview":"max-video-preview:-1"},"canonical":"https:\/\/nuevo-renacer.com\/en\/en-que-momento-se-une-el-espiritu-al-nuevo-cuerpo\/","og_locale":"en_GB","og_type":"article","og_title":"\u00bfEn qu\u00e9 momento se une el Esp\u00edritu al nuevo cuerpo?","og_description":"\u00bfEn qu\u00e9 momento se une el Esp\u00edritu al nuevo cuerpo? En el momento de la concepci\u00f3n. Es a partir de ese preciso instante que el Esp\u00edritu se une flu\u00eddicamente al cuerpo, y hasta que el ni\u00f1o nace ese lazo flu\u00eddico se va estrechando cada vez m\u00e1s. Es una uni\u00f3n definitiva desde el momento de la [&hellip;]","og_url":"https:\/\/nuevo-renacer.com\/en\/en-que-momento-se-une-el-espiritu-al-nuevo-cuerpo\/","og_site_name":"Uni\u00f3n Esp\u00edrita","article_publisher":"https:\/\/www.facebook.com\/groups\/3431398063740829","article_modified_time":"2024-07-15T09:44:00+00:00","og_image":[{"width":768,"height":505,"url":"https:\/\/nuevo-renacer.com\/wp-content\/uploads\/2024\/07\/parto-recien-nacido-2-768x505.jpg.webp","type":"image\/webp"}],"twitter_card":"summary_large_image","twitter_misc":{"Estimated reading time":"2 minutes"},"schema":{"@context":"https:\/\/schema.org","@graph":[{"@type":"WebPage","@id":"https:\/\/nuevo-renacer.com\/en-que-momento-se-une-el-espiritu-al-nuevo-cuerpo\/","url":"https:\/\/nuevo-renacer.com\/en-que-momento-se-une-el-espiritu-al-nuevo-cuerpo\/","name":"\u00bfEn qu\u00e9 momento se une el Esp\u00edritu al nuevo cuerpo? - Uni\u00f3n Esp\u00edrita","isPartOf":{"@id":"https:\/\/nuevo-renacer.com\/#website"},"primaryImageOfPage":{"@id":"https:\/\/nuevo-renacer.com\/en-que-momento-se-une-el-espiritu-al-nuevo-cuerpo\/#primaryimage"},"image":{"@id":"https:\/\/nuevo-renacer.com\/en-que-momento-se-une-el-espiritu-al-nuevo-cuerpo\/#primaryimage"},"thumbnailUrl":"https:\/\/nuevo-renacer.com\/wp-content\/uploads\/2024\/07\/parto-recien-nacido-2-768x505.jpg.webp","datePublished":"2024-07-15T09:43:57+00:00","dateModified":"2024-07-15T09:44:00+00:00","breadcrumb":{"@id":"https:\/\/nuevo-renacer.com\/en-que-momento-se-une-el-espiritu-al-nuevo-cuerpo\/#breadcrumb"},"inLanguage":"en-GB","potentialAction":[{"@type":"ReadAction","target":["https:\/\/nuevo-renacer.com\/en-que-momento-se-une-el-espiritu-al-nuevo-cuerpo\/"]}]},{"@type":"ImageObject","inLanguage":"en-GB","@id":"https:\/\/nuevo-renacer.com\/en-que-momento-se-une-el-espiritu-al-nuevo-cuerpo\/#primaryimage","url":"https:\/\/nuevo-renacer.com\/wp-content\/uploads\/2024\/07\/parto-recien-nacido-2-768x505.jpg.webp","contentUrl":"https:\/\/nuevo-renacer.com\/wp-content\/uploads\/2024\/07\/parto-recien-nacido-2-768x505.jpg.webp","width":768,"height":505},{"@type":"BreadcrumbList","@id":"https:\/\/nuevo-renacer.com\/en-que-momento-se-une-el-espiritu-al-nuevo-cuerpo\/#breadcrumb","itemListElement":[{"@type":"ListItem","position":1,"name":"Startseite","item":"https:\/\/nuevo-renacer.com\/"},{"@type":"ListItem","position":2,"name":"\u00bfEn qu\u00e9 momento se une el Esp\u00edritu al nuevo cuerpo?"}]},{"@type":"WebSite","@id":"https:\/\/nuevo-renacer.com\/#website","url":"https:\/\/nuevo-renacer.com\/","name":"Uni\u00f3n Esp\u00edrita","description":"Nuevo Renacer","publisher":{"@id":"https:\/\/nuevo-renacer.com\/#organization"},"potentialAction":[{"@type":"SearchAction","target":{"@type":"EntryPoint","urlTemplate":"https:\/\/nuevo-renacer.com\/?s={search_term_string}"},"query-input":{"@type":"PropertyValueSpecification","valueRequired":true,"valueName":"search_term_string"}}],"inLanguage":"en-GB"},{"@type":"Organization","@id":"https:\/\/nuevo-renacer.com\/#organization","name":"UFEC","url":"https:\/\/nuevo-renacer.com\/","logo":{"@type":"ImageObject","inLanguage":"en-GB","@id":"https:\/\/nuevo-renacer.com\/#\/schema\/logo\/image\/","url":"https:\/\/nuevo-renacer.com\/wp-content\/uploads\/2024\/05\/cropped-LOGO-TERMINADO1-3-3.png","contentUrl":"https:\/\/nuevo-renacer.com\/wp-content\/uploads\/2024\/05\/cropped-LOGO-TERMINADO1-3-3.png","width":512,"height":512,"caption":"UFEC"},"image":{"@id":"https:\/\/nuevo-renacer.com\/#\/schema\/logo\/image\/"},"sameAs":["https:\/\/www.facebook.com\/groups\/3431398063740829"]}]}},"uagb_featured_image_src":{"full":["https:\/\/nuevo-renacer.com\/wp-content\/uploads\/2024\/07\/parto-recien-nacido-2-768x505.jpg.webp",768,505,false],"thumbnail":["https:\/\/nuevo-renacer.com\/wp-content\/uploads\/2024\/07\/parto-recien-nacido-2-768x505.jpg-150x150.webp",150,150,true],"medium":["https:\/\/nuevo-renacer.com\/wp-content\/uploads\/2024\/07\/parto-recien-nacido-2-768x505.jpg-300x197.webp",300,197,true],"medium_large":["https:\/\/nuevo-renacer.com\/wp-content\/uploads\/2024\/07\/parto-recien-nacido-2-768x505.jpg.webp",768,505,false],"large":["https:\/\/nuevo-renacer.com\/wp-content\/uploads\/2024\/07\/parto-recien-nacido-2-768x505.jpg.webp",768,505,false],"1536x1536":["https:\/\/nuevo-renacer.com\/wp-content\/uploads\/2024\/07\/parto-recien-nacido-2-768x505.jpg.webp",768,505,false],"2048x2048":["https:\/\/nuevo-renacer.com\/wp-content\/uploads\/2024\/07\/parto-recien-nacido-2-768x505.jpg.webp",768,505,false],"trp-custom-language-flag":["https:\/\/nuevo-renacer.com\/wp-content\/uploads\/2024\/07\/parto-recien-nacido-2-768x505.jpg-18x12.webp",18,12,true]},"uagb_author_info":{"display_name":"adbv0","author_link":"https:\/\/nuevo-renacer.com\/en\/author\/adbv0\/"},"uagb_comment_info":0,"uagb_excerpt":"\u00bfEn qu\u00e9 momento se une el Esp\u00edritu al nuevo cuerpo? En el momento de la concepci\u00f3n. Es a partir de ese preciso instante que el Esp\u00edritu se une flu\u00eddicamente al cuerpo, y hasta que el ni\u00f1o nace ese lazo flu\u00eddico se va estrechando cada vez m\u00e1s. Es una uni\u00f3n definitiva desde el momento de la&hellip;","jetpack_sharing_enabled":true,"_links":{"self":[{"href":"https:\/\/nuevo-renacer.com\/en\/wp-json\/wp\/v2\/pages\/3786","targetHints":{"allow":["GET"]}}],"collection":[{"href":"https:\/\/nuevo-renacer.com\/en\/wp-json\/wp\/v2\/pages"}],"about":[{"href":"https:\/\/nuevo-renacer.com\/en\/wp-json\/wp\/v2\/types\/page"}],"author":[{"embeddable":true,"href":"https:\/\/nuevo-renacer.com\/en\/wp-json\/wp\/v2\/users\/1"}],"replies":[{"embeddable":true,"href":"https:\/\/nuevo-renacer.com\/en\/wp-json\/wp\/v2\/comments?post=3786"}],"version-history":[{"count":1,"href":"https:\/\/nuevo-renacer.com\/en\/wp-json\/wp\/v2\/pages\/3786\/revisions"}],"predecessor-version":[{"id":3788,"href":"https:\/\/nuevo-renacer.com\/en\/wp-json\/wp\/v2\/pages\/3786\/revisions\/3788"}],"wp:featuredmedia":[{"embeddable":true,"href":"https:\/\/nuevo-renacer.com\/en\/wp-json\/wp\/v2\/media\/3787"}],"wp:attachment":[{"href":"https:\/\/nuevo-renacer.com\/en\/wp-json\/wp\/v2\/media?parent=3786"}],"curies":[{"name":"wp","href":"https:\/\/api.w.org\/{rel}","templated":true}]}}