{"id":3763,"date":"2024-07-15T08:38:37","date_gmt":"2024-07-15T08:38:37","guid":{"rendered":"https:\/\/ufec-mundial.com\/?page_id=3763"},"modified":"2024-07-15T08:39:01","modified_gmt":"2024-07-15T08:39:01","slug":"que-finalidad-tiene-la-mediumnidad","status":"publish","type":"page","link":"https:\/\/nuevo-renacer.com\/en\/que-finalidad-tiene-la-mediumnidad\/","title":{"rendered":"What is the purpose of mediumship?"},"content":{"rendered":"<div class=\"wp-block-uagb-container uagb-block-4128485a alignfull uagb-is-root-container\"><div class=\"uagb-container-inner-blocks-wrap\">\n<p class=\"has-black-color has-text-color has-link-color has-medium-font-size wp-elements-0ebf7015040ce9892b2a622b6434542a\"><strong>What is the purpose of mediumship?<\/strong><\/p>\n<\/div><\/div>\n\n\n\n<div class=\"wp-block-uagb-container uagb-block-3ce99bd0 alignfull uagb-is-root-container\"><div class=\"uagb-container-inner-blocks-wrap\">\n<figure class=\"wp-block-image size-large is-resized\"><img fetchpriority=\"high\" decoding=\"async\" width=\"1024\" height=\"691\" src=\"https:\/\/ufec-mundial.com\/wp-content\/uploads\/2024\/07\/mediunidade-espirita-1024x691.jpg\" alt=\"\" class=\"wp-image-3764\" style=\"width:384px;height:auto\" srcset=\"https:\/\/nuevo-renacer.com\/wp-content\/uploads\/2024\/07\/mediunidade-espirita-1024x691.jpg 1024w, https:\/\/nuevo-renacer.com\/wp-content\/uploads\/2024\/07\/mediunidade-espirita-300x202.jpg 300w, https:\/\/nuevo-renacer.com\/wp-content\/uploads\/2024\/07\/mediunidade-espirita-768x518.jpg 768w, https:\/\/nuevo-renacer.com\/wp-content\/uploads\/2024\/07\/mediunidade-espirita-18x12.jpg 18w, https:\/\/nuevo-renacer.com\/wp-content\/uploads\/2024\/07\/mediunidade-espirita.jpg 1273w\" sizes=\"(max-width: 1024px) 100vw, 1024px\" \/><\/figure>\n<\/div><\/div>\n\n\n\n<div class=\"wp-block-uagb-container uagb-block-1b924a30 alignfull uagb-is-root-container\"><div class=\"uagb-container-inner-blocks-wrap\">\n<p class=\"has-black-color has-text-color has-link-color has-small-font-size wp-elements-79d196fc88f28798e362fb9c730fdc97\">To show the possibility of communication with the beings of the spiritual world, to demonstrate to us the proof of immortality. The mere fact that man can communicate with the beings of the spiritual world has incalculable consequences of the greatest gravity; a new world is revealed to us, to which we will all go without exception. The knowledge of this fact cannot fail to bring about, when it becomes generalised, a profound modification in customs, character, habits and beliefs. It is a total revolution in ideas, a revolution all the greater and all the more powerful because it is not confined to one people or to one caste, but reaches simultaneously to all classes, to all nationalities and to all religions.<\/p>\n\n\n\n<p class=\"has-black-color has-text-color has-link-color has-small-font-size wp-elements-403712b1032a2d435c79a7809380cd10\">Although mediumistic phenomena have existed in every century and age, it is only now with the development of science that we can rid them of superstition and ridiculous interpretations. And since we are no longer under the yoke of religion, which for centuries has inquisitorially condemned and persecuted mediumship, it is only a question of time before these facts become more and more evident.<\/p>\n\n\n\n<p class=\"has-black-color has-text-color has-link-color has-small-font-size wp-elements-d88b667c365b5313825833bb056c76b9\">By mediumship we obtain not only the material proof of the existence and individuality of the soul, but we also understand the solidarity which links the living with the dead of this world, and the dead of this world with those of other planets. We know their situation in the spirit-world; we accompany them in their migrations; we witness their joys and sorrows; we know why they are happy or unhappy, and we know what fate is in store for ourselves, according to the good or evil we have done. This communication initiates us into the future life, which we can observe in all its phases, in all its vicissitudes; the future is no longer a vague hope, but a positive fact, a mathematical certainty. From then on, death is no longer frightening for us, because it means liberation, the gateway to true life.<\/p>\n\n\n\n<p class=\"has-black-color has-text-color has-link-color has-small-font-size wp-elements-0c8c898a757e3f8dfeca40c2b95cf192\">Through the study of the situation of spirits, we know that happiness and unhappiness in the spiritual life are inherent in the degree of perfection or imperfection; that each one suffers the direct and natural consequences of his faults, and that these negative consequences cease with repentance and reparation. That perfection depends solely on oneself, and that through free will one can prolong or shorten one's sufferings, just as the sick person suffers from his excesses until he does not put an end to them.<\/p>\n\n\n\n<p class=\"has-black-color has-text-color has-link-color has-small-font-size wp-elements-62c9879c017a8821c555e9a1b8b40faa\">But spirits do not always know more than we do, or do not tell us all that they know, and often refrain from giving us what we can obtain by work; for there are matters which they are not permitted to reveal to us. If they can initiate us into that which concerns the future life, into a great number of matters of which we are ignorant, and which we cannot learn in the field in which we find ourselves. In matters which otherwise we could only hypothesise, or misinterpret, such as heaven and hell. Through mediumship it is the eyewitnesses, the very protagonists of the life beyond the grave, who come to tell us what that life consists of, and only they could do so. Their manifestations have thus served to acquaint us with the invisible world around us, of which we were not even aware; and this knowledge alone would be of the greatest importance, if the spirits could teach us nothing else.<\/p>\n\n\n\n<p class=\"has-black-color has-text-color has-link-color has-small-font-size wp-elements-9cad1734e070439b949d0396564ea542\">Mediumship in its many manifestations and types can also become a tool for helping and doing good. This faculty is a temporary loan to the medium who, if he wants to make good use of it, must understand the need for study and practice in the most suitable conditions, from humility, understanding the great fallibility that every medium has. The best medium is the one who is least often deceived, for all are deceived at some time, even if only as a test and apprenticeship, hence the need for group work, with study and analysis of communications. The good medium is not the one who is concerned with giving more or less communications, but the one who serves as an intermediary of good, whether or not he makes use of mediumnity; and at every moment mediums and non-mediums can do much good without the need to enter into a trance.<\/p>\n<\/div><\/div>","protected":false},"excerpt":{"rendered":"<p>\u00bfQu\u00e9 finalidad tiene la mediumnidad? Mostrar la posibilidad de comunicaci\u00f3n con los seres del mundo espiritual, demostrarnos fehacientemente la prueba de la inmortalidad. El simple hecho de que el ser humano se pueda comunicar con los seres del mundo espiritual trae consecuencias incalculables de la mayor gravedad, se nos revela un mundo nuevo al que [&hellip;]<\/p>","protected":false},"author":1,"featured_media":3764,"parent":0,"menu_order":0,"comment_status":"closed","ping_status":"closed","template":"","meta":{"_uag_custom_page_level_css":"","site-sidebar-layout":"default","site-content-layout":"","ast-site-content-layout":"default","site-content-style":"default","site-sidebar-style":"default","ast-global-header-display":"","ast-banner-title-visibility":"","ast-main-header-display":"","ast-hfb-above-header-display":"","ast-hfb-below-header-display":"","ast-hfb-mobile-header-display":"","site-post-title":"disabled","ast-breadcrumbs-content":"","ast-featured-img":"","footer-sml-layout":"","theme-transparent-header-meta":"","adv-header-id-meta":"","stick-header-meta":"","header-above-stick-meta":"","header-main-stick-meta":"","header-below-stick-meta":"","astra-migrate-meta-layouts":"set","ast-page-background-enabled":"default","ast-page-background-meta":{"desktop":{"background-color":"var(--ast-global-color-4)","background-image":"","background-repeat":"repeat","background-position":"center center","background-size":"auto","background-attachment":"scroll","background-type":"","background-media":"","overlay-type":"","overlay-color":"","overlay-opacity":"","overlay-gradient":""},"tablet":{"background-color":"","background-image":"","background-repeat":"repeat","background-position":"center center","background-size":"auto","background-attachment":"scroll","background-type":"","background-media":"","overlay-type":"","overlay-color":"","overlay-opacity":"","overlay-gradient":""},"mobile":{"background-color":"","background-image":"","background-repeat":"repeat","background-position":"center center","background-size":"auto","background-attachment":"scroll","background-type":"","background-media":"","overlay-type":"","overlay-color":"","overlay-opacity":"","overlay-gradient":""}},"ast-content-background-meta":{"desktop":{"background-color":"var(--ast-global-color-5)","background-image":"","background-repeat":"repeat","background-position":"center center","background-size":"auto","background-attachment":"scroll","background-type":"","background-media":"","overlay-type":"","overlay-color":"","overlay-opacity":"","overlay-gradient":""},"tablet":{"background-color":"var(--ast-global-color-5)","background-image":"","background-repeat":"repeat","background-position":"center center","background-size":"auto","background-attachment":"scroll","background-type":"","background-media":"","overlay-type":"","overlay-color":"","overlay-opacity":"","overlay-gradient":""},"mobile":{"background-color":"var(--ast-global-color-5)","background-image":"","background-repeat":"repeat","background-position":"center center","background-size":"auto","background-attachment":"scroll","background-type":"","background-media":"","overlay-type":"","overlay-color":"","overlay-opacity":"","overlay-gradient":""}},"footnotes":""},"class_list":["post-3763","page","type-page","status-publish","has-post-thumbnail","hentry"],"yoast_head":"<!-- This site is optimized with the Yoast SEO Premium plugin v24.2 (Yoast SEO v24.6) - https:\/\/yoast.com\/wordpress\/plugins\/seo\/ -->\n<title>\u00bfQu\u00e9 finalidad tiene la mediumnidad? - Uni\u00f3n Esp\u00edrita<\/title>\n<meta name=\"robots\" content=\"index, follow, max-snippet:-1, max-image-preview:large, max-video-preview:-1\" \/>\n<link rel=\"canonical\" href=\"https:\/\/nuevo-renacer.com\/en\/que-finalidad-tiene-la-mediumnidad\/\" \/>\n<meta property=\"og:locale\" content=\"en_GB\" \/>\n<meta property=\"og:type\" content=\"article\" \/>\n<meta property=\"og:title\" content=\"\u00bfQu\u00e9 finalidad tiene la mediumnidad?\" \/>\n<meta property=\"og:description\" content=\"\u00bfQu\u00e9 finalidad tiene la mediumnidad? Mostrar la posibilidad de comunicaci\u00f3n con los seres del mundo espiritual, demostrarnos fehacientemente la prueba de la inmortalidad. El simple hecho de que el ser humano se pueda comunicar con los seres del mundo espiritual trae consecuencias incalculables de la mayor gravedad, se nos revela un mundo nuevo al que [&hellip;]\" \/>\n<meta property=\"og:url\" content=\"https:\/\/nuevo-renacer.com\/en\/que-finalidad-tiene-la-mediumnidad\/\" \/>\n<meta property=\"og:site_name\" content=\"Uni\u00f3n Esp\u00edrita\" \/>\n<meta property=\"article:publisher\" content=\"https:\/\/www.facebook.com\/groups\/3431398063740829\" \/>\n<meta property=\"article:modified_time\" content=\"2024-07-15T08:39:01+00:00\" \/>\n<meta property=\"og:image\" content=\"https:\/\/nuevo-renacer.com\/wp-content\/uploads\/2024\/07\/mediunidade-espirita.jpg\" \/>\n\t<meta property=\"og:image:width\" content=\"1273\" \/>\n\t<meta property=\"og:image:height\" content=\"859\" \/>\n\t<meta property=\"og:image:type\" content=\"image\/jpeg\" \/>\n<meta name=\"twitter:card\" content=\"summary_large_image\" \/>\n<meta name=\"twitter:label1\" content=\"Estimated reading time\" \/>\n\t<meta name=\"twitter:data1\" content=\"4 minutes\" \/>\n<script type=\"application\/ld+json\" class=\"yoast-schema-graph\">{\"@context\":\"https:\/\/schema.org\",\"@graph\":[{\"@type\":\"WebPage\",\"@id\":\"https:\/\/nuevo-renacer.com\/que-finalidad-tiene-la-mediumnidad\/\",\"url\":\"https:\/\/nuevo-renacer.com\/que-finalidad-tiene-la-mediumnidad\/\",\"name\":\"\u00bfQu\u00e9 finalidad tiene la mediumnidad? - Uni\u00f3n Esp\u00edrita\",\"isPartOf\":{\"@id\":\"https:\/\/nuevo-renacer.com\/#website\"},\"primaryImageOfPage\":{\"@id\":\"https:\/\/nuevo-renacer.com\/que-finalidad-tiene-la-mediumnidad\/#primaryimage\"},\"image\":{\"@id\":\"https:\/\/nuevo-renacer.com\/que-finalidad-tiene-la-mediumnidad\/#primaryimage\"},\"thumbnailUrl\":\"https:\/\/nuevo-renacer.com\/wp-content\/uploads\/2024\/07\/mediunidade-espirita.jpg\",\"datePublished\":\"2024-07-15T08:38:37+00:00\",\"dateModified\":\"2024-07-15T08:39:01+00:00\",\"breadcrumb\":{\"@id\":\"https:\/\/nuevo-renacer.com\/que-finalidad-tiene-la-mediumnidad\/#breadcrumb\"},\"inLanguage\":\"en-GB\",\"potentialAction\":[{\"@type\":\"ReadAction\",\"target\":[\"https:\/\/nuevo-renacer.com\/que-finalidad-tiene-la-mediumnidad\/\"]}]},{\"@type\":\"ImageObject\",\"inLanguage\":\"en-GB\",\"@id\":\"https:\/\/nuevo-renacer.com\/que-finalidad-tiene-la-mediumnidad\/#primaryimage\",\"url\":\"https:\/\/nuevo-renacer.com\/wp-content\/uploads\/2024\/07\/mediunidade-espirita.jpg\",\"contentUrl\":\"https:\/\/nuevo-renacer.com\/wp-content\/uploads\/2024\/07\/mediunidade-espirita.jpg\",\"width\":1273,\"height\":859},{\"@type\":\"BreadcrumbList\",\"@id\":\"https:\/\/nuevo-renacer.com\/que-finalidad-tiene-la-mediumnidad\/#breadcrumb\",\"itemListElement\":[{\"@type\":\"ListItem\",\"position\":1,\"name\":\"Startseite\",\"item\":\"https:\/\/nuevo-renacer.com\/\"},{\"@type\":\"ListItem\",\"position\":2,\"name\":\"\u00bfQu\u00e9 finalidad tiene la mediumnidad?\"}]},{\"@type\":\"WebSite\",\"@id\":\"https:\/\/nuevo-renacer.com\/#website\",\"url\":\"https:\/\/nuevo-renacer.com\/\",\"name\":\"Uni\u00f3n Esp\u00edrita\",\"description\":\"Nuevo Renacer\",\"publisher\":{\"@id\":\"https:\/\/nuevo-renacer.com\/#organization\"},\"potentialAction\":[{\"@type\":\"SearchAction\",\"target\":{\"@type\":\"EntryPoint\",\"urlTemplate\":\"https:\/\/nuevo-renacer.com\/?s={search_term_string}\"},\"query-input\":{\"@type\":\"PropertyValueSpecification\",\"valueRequired\":true,\"valueName\":\"search_term_string\"}}],\"inLanguage\":\"en-GB\"},{\"@type\":\"Organization\",\"@id\":\"https:\/\/nuevo-renacer.com\/#organization\",\"name\":\"UFEC\",\"url\":\"https:\/\/nuevo-renacer.com\/\",\"logo\":{\"@type\":\"ImageObject\",\"inLanguage\":\"en-GB\",\"@id\":\"https:\/\/nuevo-renacer.com\/#\/schema\/logo\/image\/\",\"url\":\"https:\/\/nuevo-renacer.com\/wp-content\/uploads\/2024\/05\/cropped-LOGO-TERMINADO1-3-3.png\",\"contentUrl\":\"https:\/\/nuevo-renacer.com\/wp-content\/uploads\/2024\/05\/cropped-LOGO-TERMINADO1-3-3.png\",\"width\":512,\"height\":512,\"caption\":\"UFEC\"},\"image\":{\"@id\":\"https:\/\/nuevo-renacer.com\/#\/schema\/logo\/image\/\"},\"sameAs\":[\"https:\/\/www.facebook.com\/groups\/3431398063740829\"]}]}<\/script>\n<!-- \/ Yoast SEO Premium plugin. -->","yoast_head_json":{"title":"\u00bfQu\u00e9 finalidad tiene la mediumnidad? - Uni\u00f3n Esp\u00edrita","robots":{"index":"index","follow":"follow","max-snippet":"max-snippet:-1","max-image-preview":"max-image-preview:large","max-video-preview":"max-video-preview:-1"},"canonical":"https:\/\/nuevo-renacer.com\/en\/que-finalidad-tiene-la-mediumnidad\/","og_locale":"en_GB","og_type":"article","og_title":"\u00bfQu\u00e9 finalidad tiene la mediumnidad?","og_description":"\u00bfQu\u00e9 finalidad tiene la mediumnidad? Mostrar la posibilidad de comunicaci\u00f3n con los seres del mundo espiritual, demostrarnos fehacientemente la prueba de la inmortalidad. El simple hecho de que el ser humano se pueda comunicar con los seres del mundo espiritual trae consecuencias incalculables de la mayor gravedad, se nos revela un mundo nuevo al que [&hellip;]","og_url":"https:\/\/nuevo-renacer.com\/en\/que-finalidad-tiene-la-mediumnidad\/","og_site_name":"Uni\u00f3n Esp\u00edrita","article_publisher":"https:\/\/www.facebook.com\/groups\/3431398063740829","article_modified_time":"2024-07-15T08:39:01+00:00","og_image":[{"width":1273,"height":859,"url":"https:\/\/nuevo-renacer.com\/wp-content\/uploads\/2024\/07\/mediunidade-espirita.jpg","type":"image\/jpeg"}],"twitter_card":"summary_large_image","twitter_misc":{"Estimated reading time":"4 minutes"},"schema":{"@context":"https:\/\/schema.org","@graph":[{"@type":"WebPage","@id":"https:\/\/nuevo-renacer.com\/que-finalidad-tiene-la-mediumnidad\/","url":"https:\/\/nuevo-renacer.com\/que-finalidad-tiene-la-mediumnidad\/","name":"\u00bfQu\u00e9 finalidad tiene la mediumnidad? - Uni\u00f3n Esp\u00edrita","isPartOf":{"@id":"https:\/\/nuevo-renacer.com\/#website"},"primaryImageOfPage":{"@id":"https:\/\/nuevo-renacer.com\/que-finalidad-tiene-la-mediumnidad\/#primaryimage"},"image":{"@id":"https:\/\/nuevo-renacer.com\/que-finalidad-tiene-la-mediumnidad\/#primaryimage"},"thumbnailUrl":"https:\/\/nuevo-renacer.com\/wp-content\/uploads\/2024\/07\/mediunidade-espirita.jpg","datePublished":"2024-07-15T08:38:37+00:00","dateModified":"2024-07-15T08:39:01+00:00","breadcrumb":{"@id":"https:\/\/nuevo-renacer.com\/que-finalidad-tiene-la-mediumnidad\/#breadcrumb"},"inLanguage":"en-GB","potentialAction":[{"@type":"ReadAction","target":["https:\/\/nuevo-renacer.com\/que-finalidad-tiene-la-mediumnidad\/"]}]},{"@type":"ImageObject","inLanguage":"en-GB","@id":"https:\/\/nuevo-renacer.com\/que-finalidad-tiene-la-mediumnidad\/#primaryimage","url":"https:\/\/nuevo-renacer.com\/wp-content\/uploads\/2024\/07\/mediunidade-espirita.jpg","contentUrl":"https:\/\/nuevo-renacer.com\/wp-content\/uploads\/2024\/07\/mediunidade-espirita.jpg","width":1273,"height":859},{"@type":"BreadcrumbList","@id":"https:\/\/nuevo-renacer.com\/que-finalidad-tiene-la-mediumnidad\/#breadcrumb","itemListElement":[{"@type":"ListItem","position":1,"name":"Startseite","item":"https:\/\/nuevo-renacer.com\/"},{"@type":"ListItem","position":2,"name":"\u00bfQu\u00e9 finalidad tiene la mediumnidad?"}]},{"@type":"WebSite","@id":"https:\/\/nuevo-renacer.com\/#website","url":"https:\/\/nuevo-renacer.com\/","name":"Uni\u00f3n Esp\u00edrita","description":"Nuevo Renacer","publisher":{"@id":"https:\/\/nuevo-renacer.com\/#organization"},"potentialAction":[{"@type":"SearchAction","target":{"@type":"EntryPoint","urlTemplate":"https:\/\/nuevo-renacer.com\/?s={search_term_string}"},"query-input":{"@type":"PropertyValueSpecification","valueRequired":true,"valueName":"search_term_string"}}],"inLanguage":"en-GB"},{"@type":"Organization","@id":"https:\/\/nuevo-renacer.com\/#organization","name":"UFEC","url":"https:\/\/nuevo-renacer.com\/","logo":{"@type":"ImageObject","inLanguage":"en-GB","@id":"https:\/\/nuevo-renacer.com\/#\/schema\/logo\/image\/","url":"https:\/\/nuevo-renacer.com\/wp-content\/uploads\/2024\/05\/cropped-LOGO-TERMINADO1-3-3.png","contentUrl":"https:\/\/nuevo-renacer.com\/wp-content\/uploads\/2024\/05\/cropped-LOGO-TERMINADO1-3-3.png","width":512,"height":512,"caption":"UFEC"},"image":{"@id":"https:\/\/nuevo-renacer.com\/#\/schema\/logo\/image\/"},"sameAs":["https:\/\/www.facebook.com\/groups\/3431398063740829"]}]}},"uagb_featured_image_src":{"full":["https:\/\/nuevo-renacer.com\/wp-content\/uploads\/2024\/07\/mediunidade-espirita.jpg",1273,859,false],"thumbnail":["https:\/\/nuevo-renacer.com\/wp-content\/uploads\/2024\/07\/mediunidade-espirita-150x150.jpg",150,150,true],"medium":["https:\/\/nuevo-renacer.com\/wp-content\/uploads\/2024\/07\/mediunidade-espirita-300x202.jpg",300,202,true],"medium_large":["https:\/\/nuevo-renacer.com\/wp-content\/uploads\/2024\/07\/mediunidade-espirita-768x518.jpg",768,518,true],"large":["https:\/\/nuevo-renacer.com\/wp-content\/uploads\/2024\/07\/mediunidade-espirita-1024x691.jpg",1024,691,true],"1536x1536":["https:\/\/nuevo-renacer.com\/wp-content\/uploads\/2024\/07\/mediunidade-espirita.jpg",1273,859,false],"2048x2048":["https:\/\/nuevo-renacer.com\/wp-content\/uploads\/2024\/07\/mediunidade-espirita.jpg",1273,859,false],"trp-custom-language-flag":["https:\/\/nuevo-renacer.com\/wp-content\/uploads\/2024\/07\/mediunidade-espirita-18x12.jpg",18,12,true]},"uagb_author_info":{"display_name":"adbv0","author_link":"https:\/\/nuevo-renacer.com\/en\/author\/adbv0\/"},"uagb_comment_info":0,"uagb_excerpt":"\u00bfQu\u00e9 finalidad tiene la mediumnidad? Mostrar la posibilidad de comunicaci\u00f3n con los seres del mundo espiritual, demostrarnos fehacientemente la prueba de la inmortalidad. El simple hecho de que el ser humano se pueda comunicar con los seres del mundo espiritual trae consecuencias incalculables de la mayor gravedad, se nos revela un mundo nuevo al que&hellip;","jetpack_sharing_enabled":true,"_links":{"self":[{"href":"https:\/\/nuevo-renacer.com\/en\/wp-json\/wp\/v2\/pages\/3763","targetHints":{"allow":["GET"]}}],"collection":[{"href":"https:\/\/nuevo-renacer.com\/en\/wp-json\/wp\/v2\/pages"}],"about":[{"href":"https:\/\/nuevo-renacer.com\/en\/wp-json\/wp\/v2\/types\/page"}],"author":[{"embeddable":true,"href":"https:\/\/nuevo-renacer.com\/en\/wp-json\/wp\/v2\/users\/1"}],"replies":[{"embeddable":true,"href":"https:\/\/nuevo-renacer.com\/en\/wp-json\/wp\/v2\/comments?post=3763"}],"version-history":[{"count":1,"href":"https:\/\/nuevo-renacer.com\/en\/wp-json\/wp\/v2\/pages\/3763\/revisions"}],"predecessor-version":[{"id":3765,"href":"https:\/\/nuevo-renacer.com\/en\/wp-json\/wp\/v2\/pages\/3763\/revisions\/3765"}],"wp:featuredmedia":[{"embeddable":true,"href":"https:\/\/nuevo-renacer.com\/en\/wp-json\/wp\/v2\/media\/3764"}],"wp:attachment":[{"href":"https:\/\/nuevo-renacer.com\/en\/wp-json\/wp\/v2\/media?parent=3763"}],"curies":[{"name":"wp","href":"https:\/\/api.w.org\/{rel}","templated":true}]}}