{"id":3756,"date":"2024-07-15T06:27:23","date_gmt":"2024-07-15T06:27:23","guid":{"rendered":"https:\/\/ufec-mundial.com\/?page_id=3756"},"modified":"2025-10-21T12:56:21","modified_gmt":"2025-10-21T12:56:21","slug":"la-mision-del-espiritismo","status":"publish","type":"page","link":"https:\/\/nuevo-renacer.com\/en\/la-mision-del-espiritismo\/","title":{"rendered":"The Mission of Spiritism"},"content":{"rendered":"<div class=\"wp-block-uagb-container uagb-block-a7795f3e alignfull uagb-is-root-container\"><div class=\"uagb-container-inner-blocks-wrap\">\n<p class=\"has-black-color has-text-color has-link-color has-medium-font-size wp-elements-fd0895642d0e4522e12e435239940f82\"><strong>The Mission of Spiritism<\/strong><\/p>\n<\/div><\/div>\n\n\n\n<div class=\"wp-block-uagb-container uagb-block-dff6aeec alignfull uagb-is-root-container\"><div class=\"uagb-container-inner-blocks-wrap\">\n<figure class=\"wp-block-image size-full is-resized\"><img fetchpriority=\"high\" decoding=\"async\" width=\"1000\" height=\"500\" src=\"https:\/\/nuevo-renacer.com\/wp-content\/uploads\/2024\/07\/1000_F_144195189_OrmBsEtnJ5fyODQgeqEpfmisrwOGasIo.jpg\" alt=\"\" class=\"wp-image-3757\" style=\"width:380px;height:auto\" srcset=\"https:\/\/nuevo-renacer.com\/wp-content\/uploads\/2024\/07\/1000_F_144195189_OrmBsEtnJ5fyODQgeqEpfmisrwOGasIo.jpg 1000w, https:\/\/nuevo-renacer.com\/wp-content\/uploads\/2024\/07\/1000_F_144195189_OrmBsEtnJ5fyODQgeqEpfmisrwOGasIo-300x150.jpg 300w, https:\/\/nuevo-renacer.com\/wp-content\/uploads\/2024\/07\/1000_F_144195189_OrmBsEtnJ5fyODQgeqEpfmisrwOGasIo-768x384.jpg 768w, https:\/\/nuevo-renacer.com\/wp-content\/uploads\/2024\/07\/1000_F_144195189_OrmBsEtnJ5fyODQgeqEpfmisrwOGasIo-18x9.jpg 18w\" sizes=\"(max-width: 1000px) 100vw, 1000px\" \/><\/figure>\n<\/div><\/div>\n\n\n\n<div class=\"wp-block-uagb-container uagb-block-75f2cbc2 alignfull uagb-is-root-container\"><div class=\"uagb-container-inner-blocks-wrap\">\n<p class=\"has-black-color has-text-color has-link-color has-small-font-size wp-elements-017afeb0be65d2ca0fe86fd7446c8779\">The Spiritism does not come to tear down any temple, nor to conquer one by one the faithful of Catholicism; for then it would do the same as the other religions, which dispute over saints and miraculous legends, canonries and prebends, tales and traditions. Ah! No; it is very far from that; for the Spiritualist School is very rationalistic and does not want retrogression; it dreams of progress, of human redemption; it believes that yesterday and tomorrow and the present are all one; and that there is no man whose aspiration is vain.<\/p>\n\n\n\n<p class=\"has-black-color has-text-color has-link-color has-small-font-size wp-elements-677ccdf870bebf369590bf992a5be1a6\">All can ascend and go up to the heavens, the future of man and woman being equal, they believe that to will is to be able, that a firm will, going after truth and cherishing a great desire, makes a pygmy giant longing for his freedom. This is the noble mission of spiritism, to say to man: you yourself must make your own redemption.<\/p>\n\n\n\n<p class=\"has-black-color has-text-color has-link-color has-small-font-size wp-elements-57c1c039753828b092770ca4cf8048e7\">There is no religion that can redeem you; you have to cultivate your own soil, and only by being very good, you will have a good future. It is useless for you to distribute your goods among saints, their heavenly prayers are not enough for goods. Then you must go on conquering the heavens, lavishing your consolations on the unhappy afflicted, and giving to the helpless your compassionate cares.<\/p>\n\n\n\n<p class=\"has-black-color has-text-color has-link-color has-small-font-size wp-elements-87ac4c46aec24203787c7ac5d0d01b6f\">Wouldst thou spend thy wealth in erecting a shrine? Ah!... for it is more necessary that thou shouldst watch for poverty. The hungry people do not pray, they exercise their idleness by seeking in dynamite the horrors of havoc; he who by force is lazy, meditates only on crime. Protect agriculture, raise model farms, and make fruitful the hard soil that the good plough crushes, then, looking upwards through powerful telescopes, ask yourself what you feel there, where your soul rises the highest, whether in a sad cave or before splendid worlds.<\/p>\n\n\n\n<p class=\"has-black-color has-text-color has-link-color has-small-font-size wp-elements-6f7f551c978cf05f595cb9bcff5a2b8c\">Do not distribute your wealth, but make it productive, and you will redeem captives from social infamies. Great evils afflict you, but no religion will give you salvation, nor will atheism; it is only spiritism that will give the solution. To the great social problem, the discontent of all; that one and all, like drunkards in an impure bacchanal, you do evil for evil's sake, you live... without knowing how to live, going down... you want to go up, running away... you want to arrive; what a way of delirium and what a way of suffering!...<\/p>\n\n\n\n<p class=\"has-black-color has-text-color has-link-color has-small-font-size wp-elements-a586c264fca89221e8fdbc43f99a7a7b\">The rich fear the poor, believing that one day the poor will say with fierce irony: do not give me, no, what you have left over, I want your gold and not your copper, that is what I want in my anger, because you have kept me in abandonment for a long time for my evil; if you do not give me what I ask of you, tremble... because I will not forgive you.<\/p>\n\n\n\n<p class=\"has-black-color has-text-color has-link-color has-small-font-size wp-elements-75f589143de9d17e81b2d20b4f16b7b1\">And with what sadness does the poor man see the rich man pass by in his reclining carriage, insulting his poverty... From this unevenness, the storm begins to rise, and humanity lives amidst deceit and perfidy, amidst resentment and envy in horrible darkness. For this evil (which is old), there is no medicine on earth; war is the usual remedy, but this remedy is old.<\/p>\n\n\n\n<p class=\"has-black-color has-text-color has-link-color has-small-font-size wp-elements-2399af92d1fd287fba323efa83c1043b\">More than weapons, you earthlings need good advice; you need to know why your evils overwhelm you with their weight, and how progress wins in social struggles. For Spiritism comes to reveal to you the way to progress and to redeem yourselves. Without any fanaticism coming to disturb the mind, without the faith of the believer robbing reason of its empire, without any miraculous mystery that would threaten his good sense.<\/p>\n\n\n\n<p class=\"has-black-color has-text-color has-link-color has-small-font-size wp-elements-67be3304cb9c6e571ee77e0846305944\">A reasoned study of sound philosophy, a day by day examination of the present and the past. From every accomplished deed the consequence awaits, and thus you may reap the fruits you desire, of which crimes you sow, accounts you will have to settle. Those of you who in holy self-denial go to the point of sacrifice, and turn away from the precipice the dreadful temptation, who in mad obstinacy would by violence seek to find what he cannot find, (because he never sowed good) by serving as his support, how much progress you can make!<\/p>\n\n\n\n<p class=\"has-black-color has-text-color has-link-color has-small-font-size wp-elements-f1cf640f962f2f7676f4bd8fee4349a0\">Like sowing, like reaping, this is life; there is no more; at your step you will find what you did at another date. Did you suspect? Suspicion will follow in your footsteps, Did you slander? For suffering you will suffer slander from another; each one forms the colt on which he lives by dying. It is not a single existence in which the soul wavers, its organism is annihilated, but not its intelligence, which, acquiring experience, is taking incarnations, and to civilisations it is lending its assistance, and working and struggling it is overcoming its passions.<\/p>\n\n\n\n<p class=\"has-black-color has-text-color has-link-color has-small-font-size wp-elements-53d47d82a52634da4c38040556cfaa63\">This is the truth, this is the truth, Redeem oneself! This is Spiritism, Port of humanity! This is the beautiful equality of which all dreamed; but all were delirious, because in their dreams they did not see that those who struggled to live were never equal. Here is the noble mission of Spiritism; to say to man: you yourself will achieve your redemption; no religion, no social change will take away from your evil, not one atom of its weight; your progress is your own work, and universal progress!<\/p>\n\n\n\n<p class=\"has-black-color has-text-color has-link-color has-small-font-size wp-elements-d6d30a24092b9316abe9fff8f5eb81d9\"><em>Amalia Domingo Soler<\/em><\/p>\n<\/div><\/div>","protected":false},"excerpt":{"rendered":"<p>La Misi\u00f3n del Espiritismo No viene el Espiritismo a derribar templo alguno, ni a conquistar uno a uno fieles del catolicismo; que entonces har\u00eda lo mismo que las dem\u00e1s religiones, que se disputan santones y milagrosas leyendas; canonj\u00edas y prebendas; cuentos y tradiciones. \u00a1Ah! No; est\u00e1 muy lejos de eso; porque la Escuela Espiritista, es [&hellip;]<\/p>","protected":false},"author":1,"featured_media":3757,"parent":0,"menu_order":0,"comment_status":"closed","ping_status":"closed","template":"","meta":{"_uag_custom_page_level_css":"","site-sidebar-layout":"default","site-content-layout":"","ast-site-content-layout":"default","site-content-style":"default","site-sidebar-style":"default","ast-global-header-display":"","ast-banner-title-visibility":"","ast-main-header-display":"","ast-hfb-above-header-display":"","ast-hfb-below-header-display":"","ast-hfb-mobile-header-display":"","site-post-title":"disabled","ast-breadcrumbs-content":"","ast-featured-img":"","footer-sml-layout":"","theme-transparent-header-meta":"","adv-header-id-meta":"","stick-header-meta":"","header-above-stick-meta":"","header-main-stick-meta":"","header-below-stick-meta":"","astra-migrate-meta-layouts":"set","ast-page-background-enabled":"default","ast-page-background-meta":{"desktop":{"background-color":"var(--ast-global-color-4)","background-image":"","background-repeat":"repeat","background-position":"center center","background-size":"auto","background-attachment":"scroll","background-type":"","background-media":"","overlay-type":"","overlay-color":"","overlay-opacity":"","overlay-gradient":""},"tablet":{"background-color":"","background-image":"","background-repeat":"repeat","background-position":"center center","background-size":"auto","background-attachment":"scroll","background-type":"","background-media":"","overlay-type":"","overlay-color":"","overlay-opacity":"","overlay-gradient":""},"mobile":{"background-color":"","background-image":"","background-repeat":"repeat","background-position":"center center","background-size":"auto","background-attachment":"scroll","background-type":"","background-media":"","overlay-type":"","overlay-color":"","overlay-opacity":"","overlay-gradient":""}},"ast-content-background-meta":{"desktop":{"background-color":"var(--ast-global-color-5)","background-image":"","background-repeat":"repeat","background-position":"center center","background-size":"auto","background-attachment":"scroll","background-type":"","background-media":"","overlay-type":"","overlay-color":"","overlay-opacity":"","overlay-gradient":""},"tablet":{"background-color":"var(--ast-global-color-5)","background-image":"","background-repeat":"repeat","background-position":"center center","background-size":"auto","background-attachment":"scroll","background-type":"","background-media":"","overlay-type":"","overlay-color":"","overlay-opacity":"","overlay-gradient":""},"mobile":{"background-color":"var(--ast-global-color-5)","background-image":"","background-repeat":"repeat","background-position":"center center","background-size":"auto","background-attachment":"scroll","background-type":"","background-media":"","overlay-type":"","overlay-color":"","overlay-opacity":"","overlay-gradient":""}},"footnotes":""},"class_list":["post-3756","page","type-page","status-publish","has-post-thumbnail","hentry"],"yoast_head":"<!-- This site is optimized with the Yoast SEO Premium plugin v24.2 (Yoast SEO v24.6) - https:\/\/yoast.com\/wordpress\/plugins\/seo\/ -->\n<title>La Misi\u00f3n del Espiritismo - Uni\u00f3n Esp\u00edrita<\/title>\n<meta name=\"robots\" content=\"index, follow, max-snippet:-1, max-image-preview:large, max-video-preview:-1\" \/>\n<link rel=\"canonical\" href=\"https:\/\/nuevo-renacer.com\/en\/la-mision-del-espiritismo\/\" \/>\n<meta property=\"og:locale\" content=\"en_GB\" \/>\n<meta property=\"og:type\" content=\"article\" \/>\n<meta property=\"og:title\" content=\"La Misi\u00f3n del Espiritismo\" \/>\n<meta property=\"og:description\" content=\"La Misi\u00f3n del Espiritismo No viene el Espiritismo a derribar templo alguno, ni a conquistar uno a uno fieles del catolicismo; que entonces har\u00eda lo mismo que las dem\u00e1s religiones, que se disputan santones y milagrosas leyendas; canonj\u00edas y prebendas; cuentos y tradiciones. \u00a1Ah! No; est\u00e1 muy lejos de eso; porque la Escuela Espiritista, es [&hellip;]\" \/>\n<meta property=\"og:url\" content=\"https:\/\/nuevo-renacer.com\/en\/la-mision-del-espiritismo\/\" \/>\n<meta property=\"og:site_name\" content=\"Uni\u00f3n Esp\u00edrita\" \/>\n<meta property=\"article:publisher\" content=\"https:\/\/www.facebook.com\/groups\/3431398063740829\" \/>\n<meta property=\"article:modified_time\" content=\"2025-10-21T12:56:21+00:00\" \/>\n<meta property=\"og:image\" content=\"https:\/\/nuevo-renacer.com\/wp-content\/uploads\/2024\/07\/1000_F_144195189_OrmBsEtnJ5fyODQgeqEpfmisrwOGasIo.jpg\" \/>\n\t<meta property=\"og:image:width\" content=\"1000\" \/>\n\t<meta property=\"og:image:height\" content=\"500\" \/>\n\t<meta property=\"og:image:type\" content=\"image\/jpeg\" \/>\n<meta name=\"twitter:card\" content=\"summary_large_image\" \/>\n<meta name=\"twitter:label1\" content=\"Estimated reading time\" \/>\n\t<meta name=\"twitter:data1\" content=\"6 minutes\" \/>\n<script type=\"application\/ld+json\" class=\"yoast-schema-graph\">{\"@context\":\"https:\/\/schema.org\",\"@graph\":[{\"@type\":\"WebPage\",\"@id\":\"https:\/\/nuevo-renacer.com\/la-mision-del-espiritismo\/\",\"url\":\"https:\/\/nuevo-renacer.com\/la-mision-del-espiritismo\/\",\"name\":\"La Misi\u00f3n del Espiritismo - Uni\u00f3n Esp\u00edrita\",\"isPartOf\":{\"@id\":\"https:\/\/nuevo-renacer.com\/#website\"},\"primaryImageOfPage\":{\"@id\":\"https:\/\/nuevo-renacer.com\/la-mision-del-espiritismo\/#primaryimage\"},\"image\":{\"@id\":\"https:\/\/nuevo-renacer.com\/la-mision-del-espiritismo\/#primaryimage\"},\"thumbnailUrl\":\"https:\/\/nuevo-renacer.com\/wp-content\/uploads\/2024\/07\/1000_F_144195189_OrmBsEtnJ5fyODQgeqEpfmisrwOGasIo.jpg\",\"datePublished\":\"2024-07-15T06:27:23+00:00\",\"dateModified\":\"2025-10-21T12:56:21+00:00\",\"breadcrumb\":{\"@id\":\"https:\/\/nuevo-renacer.com\/la-mision-del-espiritismo\/#breadcrumb\"},\"inLanguage\":\"en-GB\",\"potentialAction\":[{\"@type\":\"ReadAction\",\"target\":[\"https:\/\/nuevo-renacer.com\/la-mision-del-espiritismo\/\"]}]},{\"@type\":\"ImageObject\",\"inLanguage\":\"en-GB\",\"@id\":\"https:\/\/nuevo-renacer.com\/la-mision-del-espiritismo\/#primaryimage\",\"url\":\"https:\/\/nuevo-renacer.com\/wp-content\/uploads\/2024\/07\/1000_F_144195189_OrmBsEtnJ5fyODQgeqEpfmisrwOGasIo.jpg\",\"contentUrl\":\"https:\/\/nuevo-renacer.com\/wp-content\/uploads\/2024\/07\/1000_F_144195189_OrmBsEtnJ5fyODQgeqEpfmisrwOGasIo.jpg\",\"width\":1000,\"height\":500},{\"@type\":\"BreadcrumbList\",\"@id\":\"https:\/\/nuevo-renacer.com\/la-mision-del-espiritismo\/#breadcrumb\",\"itemListElement\":[{\"@type\":\"ListItem\",\"position\":1,\"name\":\"Startseite\",\"item\":\"https:\/\/nuevo-renacer.com\/\"},{\"@type\":\"ListItem\",\"position\":2,\"name\":\"La Misi\u00f3n del Espiritismo\"}]},{\"@type\":\"WebSite\",\"@id\":\"https:\/\/nuevo-renacer.com\/#website\",\"url\":\"https:\/\/nuevo-renacer.com\/\",\"name\":\"Uni\u00f3n Esp\u00edrita\",\"description\":\"Nuevo Renacer\",\"publisher\":{\"@id\":\"https:\/\/nuevo-renacer.com\/#organization\"},\"potentialAction\":[{\"@type\":\"SearchAction\",\"target\":{\"@type\":\"EntryPoint\",\"urlTemplate\":\"https:\/\/nuevo-renacer.com\/?s={search_term_string}\"},\"query-input\":{\"@type\":\"PropertyValueSpecification\",\"valueRequired\":true,\"valueName\":\"search_term_string\"}}],\"inLanguage\":\"en-GB\"},{\"@type\":\"Organization\",\"@id\":\"https:\/\/nuevo-renacer.com\/#organization\",\"name\":\"UFEC\",\"url\":\"https:\/\/nuevo-renacer.com\/\",\"logo\":{\"@type\":\"ImageObject\",\"inLanguage\":\"en-GB\",\"@id\":\"https:\/\/nuevo-renacer.com\/#\/schema\/logo\/image\/\",\"url\":\"https:\/\/nuevo-renacer.com\/wp-content\/uploads\/2024\/05\/cropped-LOGO-TERMINADO1-3-3.png\",\"contentUrl\":\"https:\/\/nuevo-renacer.com\/wp-content\/uploads\/2024\/05\/cropped-LOGO-TERMINADO1-3-3.png\",\"width\":512,\"height\":512,\"caption\":\"UFEC\"},\"image\":{\"@id\":\"https:\/\/nuevo-renacer.com\/#\/schema\/logo\/image\/\"},\"sameAs\":[\"https:\/\/www.facebook.com\/groups\/3431398063740829\"]}]}<\/script>\n<!-- \/ Yoast SEO Premium plugin. -->","yoast_head_json":{"title":"La Misi\u00f3n del Espiritismo - Uni\u00f3n Esp\u00edrita","robots":{"index":"index","follow":"follow","max-snippet":"max-snippet:-1","max-image-preview":"max-image-preview:large","max-video-preview":"max-video-preview:-1"},"canonical":"https:\/\/nuevo-renacer.com\/en\/la-mision-del-espiritismo\/","og_locale":"en_GB","og_type":"article","og_title":"La Misi\u00f3n del Espiritismo","og_description":"La Misi\u00f3n del Espiritismo No viene el Espiritismo a derribar templo alguno, ni a conquistar uno a uno fieles del catolicismo; que entonces har\u00eda lo mismo que las dem\u00e1s religiones, que se disputan santones y milagrosas leyendas; canonj\u00edas y prebendas; cuentos y tradiciones. \u00a1Ah! No; est\u00e1 muy lejos de eso; porque la Escuela Espiritista, es [&hellip;]","og_url":"https:\/\/nuevo-renacer.com\/en\/la-mision-del-espiritismo\/","og_site_name":"Uni\u00f3n Esp\u00edrita","article_publisher":"https:\/\/www.facebook.com\/groups\/3431398063740829","article_modified_time":"2025-10-21T12:56:21+00:00","og_image":[{"width":1000,"height":500,"url":"https:\/\/nuevo-renacer.com\/wp-content\/uploads\/2024\/07\/1000_F_144195189_OrmBsEtnJ5fyODQgeqEpfmisrwOGasIo.jpg","type":"image\/jpeg"}],"twitter_card":"summary_large_image","twitter_misc":{"Estimated reading time":"6 minutes"},"schema":{"@context":"https:\/\/schema.org","@graph":[{"@type":"WebPage","@id":"https:\/\/nuevo-renacer.com\/la-mision-del-espiritismo\/","url":"https:\/\/nuevo-renacer.com\/la-mision-del-espiritismo\/","name":"La Misi\u00f3n del Espiritismo - Uni\u00f3n Esp\u00edrita","isPartOf":{"@id":"https:\/\/nuevo-renacer.com\/#website"},"primaryImageOfPage":{"@id":"https:\/\/nuevo-renacer.com\/la-mision-del-espiritismo\/#primaryimage"},"image":{"@id":"https:\/\/nuevo-renacer.com\/la-mision-del-espiritismo\/#primaryimage"},"thumbnailUrl":"https:\/\/nuevo-renacer.com\/wp-content\/uploads\/2024\/07\/1000_F_144195189_OrmBsEtnJ5fyODQgeqEpfmisrwOGasIo.jpg","datePublished":"2024-07-15T06:27:23+00:00","dateModified":"2025-10-21T12:56:21+00:00","breadcrumb":{"@id":"https:\/\/nuevo-renacer.com\/la-mision-del-espiritismo\/#breadcrumb"},"inLanguage":"en-GB","potentialAction":[{"@type":"ReadAction","target":["https:\/\/nuevo-renacer.com\/la-mision-del-espiritismo\/"]}]},{"@type":"ImageObject","inLanguage":"en-GB","@id":"https:\/\/nuevo-renacer.com\/la-mision-del-espiritismo\/#primaryimage","url":"https:\/\/nuevo-renacer.com\/wp-content\/uploads\/2024\/07\/1000_F_144195189_OrmBsEtnJ5fyODQgeqEpfmisrwOGasIo.jpg","contentUrl":"https:\/\/nuevo-renacer.com\/wp-content\/uploads\/2024\/07\/1000_F_144195189_OrmBsEtnJ5fyODQgeqEpfmisrwOGasIo.jpg","width":1000,"height":500},{"@type":"BreadcrumbList","@id":"https:\/\/nuevo-renacer.com\/la-mision-del-espiritismo\/#breadcrumb","itemListElement":[{"@type":"ListItem","position":1,"name":"Startseite","item":"https:\/\/nuevo-renacer.com\/"},{"@type":"ListItem","position":2,"name":"La Misi\u00f3n del Espiritismo"}]},{"@type":"WebSite","@id":"https:\/\/nuevo-renacer.com\/#website","url":"https:\/\/nuevo-renacer.com\/","name":"Uni\u00f3n Esp\u00edrita","description":"Nuevo Renacer","publisher":{"@id":"https:\/\/nuevo-renacer.com\/#organization"},"potentialAction":[{"@type":"SearchAction","target":{"@type":"EntryPoint","urlTemplate":"https:\/\/nuevo-renacer.com\/?s={search_term_string}"},"query-input":{"@type":"PropertyValueSpecification","valueRequired":true,"valueName":"search_term_string"}}],"inLanguage":"en-GB"},{"@type":"Organization","@id":"https:\/\/nuevo-renacer.com\/#organization","name":"UFEC","url":"https:\/\/nuevo-renacer.com\/","logo":{"@type":"ImageObject","inLanguage":"en-GB","@id":"https:\/\/nuevo-renacer.com\/#\/schema\/logo\/image\/","url":"https:\/\/nuevo-renacer.com\/wp-content\/uploads\/2024\/05\/cropped-LOGO-TERMINADO1-3-3.png","contentUrl":"https:\/\/nuevo-renacer.com\/wp-content\/uploads\/2024\/05\/cropped-LOGO-TERMINADO1-3-3.png","width":512,"height":512,"caption":"UFEC"},"image":{"@id":"https:\/\/nuevo-renacer.com\/#\/schema\/logo\/image\/"},"sameAs":["https:\/\/www.facebook.com\/groups\/3431398063740829"]}]}},"uagb_featured_image_src":{"full":["https:\/\/nuevo-renacer.com\/wp-content\/uploads\/2024\/07\/1000_F_144195189_OrmBsEtnJ5fyODQgeqEpfmisrwOGasIo.jpg",1000,500,false],"thumbnail":["https:\/\/nuevo-renacer.com\/wp-content\/uploads\/2024\/07\/1000_F_144195189_OrmBsEtnJ5fyODQgeqEpfmisrwOGasIo-150x150.jpg",150,150,true],"medium":["https:\/\/nuevo-renacer.com\/wp-content\/uploads\/2024\/07\/1000_F_144195189_OrmBsEtnJ5fyODQgeqEpfmisrwOGasIo-300x150.jpg",300,150,true],"medium_large":["https:\/\/nuevo-renacer.com\/wp-content\/uploads\/2024\/07\/1000_F_144195189_OrmBsEtnJ5fyODQgeqEpfmisrwOGasIo-768x384.jpg",768,384,true],"large":["https:\/\/nuevo-renacer.com\/wp-content\/uploads\/2024\/07\/1000_F_144195189_OrmBsEtnJ5fyODQgeqEpfmisrwOGasIo.jpg",1000,500,false],"1536x1536":["https:\/\/nuevo-renacer.com\/wp-content\/uploads\/2024\/07\/1000_F_144195189_OrmBsEtnJ5fyODQgeqEpfmisrwOGasIo.jpg",1000,500,false],"2048x2048":["https:\/\/nuevo-renacer.com\/wp-content\/uploads\/2024\/07\/1000_F_144195189_OrmBsEtnJ5fyODQgeqEpfmisrwOGasIo.jpg",1000,500,false],"trp-custom-language-flag":["https:\/\/nuevo-renacer.com\/wp-content\/uploads\/2024\/07\/1000_F_144195189_OrmBsEtnJ5fyODQgeqEpfmisrwOGasIo-18x9.jpg",18,9,true]},"uagb_author_info":{"display_name":"adbv0","author_link":"https:\/\/nuevo-renacer.com\/en\/author\/adbv0\/"},"uagb_comment_info":0,"uagb_excerpt":"La Misi\u00f3n del Espiritismo No viene el Espiritismo a derribar templo alguno, ni a conquistar uno a uno fieles del catolicismo; que entonces har\u00eda lo mismo que las dem\u00e1s religiones, que se disputan santones y milagrosas leyendas; canonj\u00edas y prebendas; cuentos y tradiciones. \u00a1Ah! No; est\u00e1 muy lejos de eso; porque la Escuela Espiritista, es&hellip;","jetpack_sharing_enabled":true,"_links":{"self":[{"href":"https:\/\/nuevo-renacer.com\/en\/wp-json\/wp\/v2\/pages\/3756","targetHints":{"allow":["GET"]}}],"collection":[{"href":"https:\/\/nuevo-renacer.com\/en\/wp-json\/wp\/v2\/pages"}],"about":[{"href":"https:\/\/nuevo-renacer.com\/en\/wp-json\/wp\/v2\/types\/page"}],"author":[{"embeddable":true,"href":"https:\/\/nuevo-renacer.com\/en\/wp-json\/wp\/v2\/users\/1"}],"replies":[{"embeddable":true,"href":"https:\/\/nuevo-renacer.com\/en\/wp-json\/wp\/v2\/comments?post=3756"}],"version-history":[{"count":2,"href":"https:\/\/nuevo-renacer.com\/en\/wp-json\/wp\/v2\/pages\/3756\/revisions"}],"predecessor-version":[{"id":8571,"href":"https:\/\/nuevo-renacer.com\/en\/wp-json\/wp\/v2\/pages\/3756\/revisions\/8571"}],"wp:featuredmedia":[{"embeddable":true,"href":"https:\/\/nuevo-renacer.com\/en\/wp-json\/wp\/v2\/media\/3757"}],"wp:attachment":[{"href":"https:\/\/nuevo-renacer.com\/en\/wp-json\/wp\/v2\/media?parent=3756"}],"curies":[{"name":"wp","href":"https:\/\/api.w.org\/{rel}","templated":true}]}}